{"id":11770,"date":"2024-11-18T00:00:59","date_gmt":"2024-11-18T00:00:59","guid":{"rendered":"http:\/\/vevorshop.edigo.lv\/Prece\/vevor-steel-garden-cart-heavy-duty-1400-lbs-capacity-with-removable-mesh-sides-to-convert-into-flatbed-utility-metal-wagon-with-2-in-1-handle-and-15-in-tires-perfect-for-garden-farm-yard\/"},"modified":"2026-02-26T15:51:40","modified_gmt":"2026-02-26T13:51:40","slug":"vevor-steel-garden-cart-heavy-duty-1400-lbs-capacity-with-removable-mesh-sides-to-convert-into-flatbed-utility-metal-wagon-with-2-in-1-handle-and-15-in-tires-perfect-for-garden-farm-yard","status":"publish","type":"product","link":"https:\/\/vevorshop.lv\/en_us\/Prece\/vevor-steel-garden-cart-heavy-duty-1400-lbs-capacity-with-removable-mesh-sides-to-convert-into-flatbed-utility-metal-wagon-with-2-in-1-handle-and-15-in-tires-perfect-for-garden-farm-yard\/","title":{"rendered":"VEVOR Heavy Duty Steel Garden Cart, 635 kg Capacity, Removable Sides, 38.1 cm Tires, Flatbed Utility Wagon with 2-in-1 Handle"},"content":{"rendered":"<div style=\"color: #fff!important; font-size: 16px; height: 24px; line-height: 24px; margin-top: -24px; \" class=\"product_original_name\">VEVOR Steel Garden Cart, Heavy Duty 635 kg Capacity, with Removable Mesh Sides to Convert into Flatbed, Utility Metal Wagon with 2-in-1 Handle and 38.1 cm Tires, Perfect for Garden, Farm, Yard<\/div>\n<div style=\"color: #fff!important; font-size: 16px; height: 24px; line-height: 24px; margin-top: -24px; \" class=\"product_sku\">M4I4KB7C<\/div>\n<div style=\"color: #fff!important; font-size: 16px; height: 24px; line-height: 24px; margin-top: -24px; \" class=\"product_mpn\">ZXHYTC1400LBSXQTLV0<\/div><div id=\"js-DM_at-goodDescRich\"><html><head><style>  @media screen and (max-width: 970px) {    .pcBanner {      display: none;    }    .mBanner {      display: block;    }  }  @media screen and (min-width: 970px) {    .pcBanner {      display: block;    }    .mBanner {      display: none;    }  }<\/style><\/head><body><div class=\"container\" style=\"font-size: 16px; font-family: Arial; line-height: 1.5; margin: 0 auto !important; color: #1c1c1c; padding: 10px\"><div class=\"pcBanner\"><div><img decoding=\"async\" src=\"\/vevor\/vevor\/boutique-banner\/pc\/en-pc@1x.jpg\" style=\"width: 100%;\" \/><\/div><\/div><div class=\"mBanner\"><div><img decoding=\"async\" src=\"\/vevor\/vevor\/boutique-banner\/mobile\/en-m@1x.jpg\" style=\"width: 100%;\" \/><\/div><\/div><div style=\"width: 100%\"><img decoding=\"async\" src=\"\/vevor\/product\/ZXHYTC1400LBSXQTL\/steel-garden-cart-a100-1.4.jpg\" style=\"width: 100%\" alt=\"VEVOR steel garden cart holds gardening supplies next to people tending a lush vegetable garden.\" \/><\/div><div style=\"margin-top: 24px; font-size: 16px; font-weight: 700\"><div>Why is VEVOR trustworthy?<\/div><div><div style=\"font-size: 14px; font-weight: 400; margin: 8px 0; font-style: italic\">Excellent Workmanship Only for You<\/div><\/div><div style=\"font-size: 14px; font-weight: 400\">Are you ready for your new assistant? This steel garden cart is what you have been waiting for! Handle yard or farm work, transporting anything heavy or difficult to carry with ease. Whether you need a cart or a flatbed, VEVOR has you covered. You will get an enchanted garden porter after quick assembly. What are you waiting for? Get ready to go green.<\/div><ul style=\"margin: 0; padding: 0; list-style-position: inside; font-size: 14px; font-weight: 400; margin-top: 16px; list-style: inside\"><li><span>Durable with Super Capacity<\/span><\/li><li><span>Transform into A Flatbed<\/span><\/li><li><span>The King of Terrain<\/span><\/li><li><span>Control Is in Your Hands<\/span><\/li><li><span>Power That Follows You on The Go<\/span><\/li><\/ul><\/div><div style=\"font-weight: 700\"><div style=\"font-family: Roboto; margin: 24px 0 10px 0\">Key Features<\/div><div class=\"itemsContainer\" id=\"flexContainer\" style=\"display: grid; grid-template-columns: repeat(auto-fit, minmax(260px, 1fr))\"><div style=\"flex: 4; display: flex; flex-direction: column; padding: 10px\"><img decoding=\"async\" src=\"\/vevor\/product\/ZXHYTC1400LBSXQTL\/steel-garden-cart-m100-2.jpg\" style=\"width: 100%\" alt=\"VEVOR steel garden cart holding plants, 1400 lbs capacity, uniform load and keep stable features.\" \/><p style=\"font-weight: 700; margin-top: 20px; font-size: 17px\">What You Get<\/p><p style=\"font-size: 14px; font-weight: 400; word-break: break-all; margin-top: 10px\">We provide a rubber pad and a sturdy rope to maximize stability and security when you use the metal wagon cart.<\/p><\/div><div style=\"flex: 4; display: flex; flex-direction: column; padding: 10px\"><img decoding=\"async\" src=\"\/vevor\/product\/ZXHYTC1400LBSXQTL\/steel-garden-cart-m100-3.jpg\" style=\"width: 100%\" alt=\"black VEVOR steel garden cart with yellow handle, sturdy lock catch, and mesh sides.\" \/><p style=\"font-weight: 700; margin-top: 20px; font-size: 17px\">Never Drop A Thing<\/p><p style=\"font-size: 14px; font-weight: 400; word-break: break-all; margin-top: 10px\">Our yard cart uses durable latches to lock the frame and meshes tightly, preventing items from accidentally falling off<\/p><\/div><div style=\"flex: 4; display: flex; flex-direction: column; padding: 10px\"><img decoding=\"async\" src=\"\/vevor\/product\/ZXHYTC1400LBSXQTL\/steel-garden-cart-m100-4.jpg\" style=\"width: 100%\" alt=\"yellow handle of VEVOR steel garden cart with ergonomic grip and direction arrows. text: &quot;soft feeling&quot;.\" \/><p style=\"font-weight: 700; margin-top: 20px; font-size: 17px\">Comfort with Every Pull<\/p><p style=\"font-size: 14px; font-weight: 400; word-break: break-all; margin-top: 10px\">Our garden wagon comes with a comfortable rubber handle. Therefore, you never feel pain when dealing with a heavy load.<\/p><\/div><\/div><\/div><div style=\"margin: 20px 0\"><img decoding=\"async\" src=\"\/vevor\/product\/ZXHYTC1400LBSXQTL\/steel-garden-cart-a100-1.10.jpg\" style=\"width: 100%\" id=\"featureImg1\" alt=\"VEVOR steel garden cart in garden, farm, orchard, and warehouse settings for heavy transporting needs.\" \/><\/div><div><span style=\"font-family:Arial;font-size:14px;\">With this metal wagon, no matter where you are, you will not feel the burden of a heavy load. Meanwhile, VEVOR provides several other garden carts with different load capacities for you to choose from.<\/span><\/div><div style=\"margin-top: 30px; margin-bottom: 33px\"><img decoding=\"async\" src=\"\/vevor\/product\/ZXHYTC1400LBSXQTL\/steel-garden-cart-a100-1.11.jpg\" style=\"width: 100%\" id=\"featureImg2\" alt=\"VEVOR steel garden cart with yellow wheels, iron mesh, 1400 lbs capacity, dimensions, and specifications.\" \/><\/div><\/div><\/body><\/html><\/div>\n<div class=\"DM_at-title\" id=\"js-DM_at-title\"> <div>Product specification<\/div> <i class=\"icon-arrowup_line\"><\/i> <\/div><div class=\"DM_at-goodsDescAttr\" id=\"js-DM_at-goodsDescAttr\"> <div class=\"DM_at-goodsDescAttrInner\"> <dl class=\"goodsDesc_item goodsDesc_item_even\"> <dt>Model<\/dt> <dd> VV-HYTC-1400<\/dd> <\/dl> <dl class=\"goodsDesc_item \"> <dt>Mesh Bed Size (L x W x H)<\/dt> <dd> 44 x 30 x 16.7 in \/ 112 x 75 x 42.5 cm<\/dd> <\/dl> <dl class=\"goodsDesc_item goodsDesc_item_even\"> <dt>Max. Load Capacity<\/dt> <dd> 1400 lbs \/ 635 kg<\/dd> <\/dl> <dl class=\"goodsDesc_item \"> <dt>Frame Material<\/dt> <dd> Steel<\/dd> <\/dl> <dl class=\"goodsDesc_item goodsDesc_item_even\"> <dt>Mesh Material<\/dt> <dd> Iron<\/dd> <\/dl> <dl class=\"goodsDesc_item \"> <dt>Tire Material<\/dt> <dd> Rubber<\/dd> <\/dl> <dl class=\"goodsDesc_item goodsDesc_item_even\"> <dt>Handle Length<\/dt> <dd> 32 in \/ 82 cm<\/dd> <\/dl> <dl class=\"goodsDesc_item \"> <dt>Item Height<\/dt> <dd> 34.6 in \/ 88 cm<\/dd> <\/dl> <dl class=\"goodsDesc_item goodsDesc_item_even\"> <dt>Tire Diameter<\/dt> <dd> 15 in \/ 38 cm<\/dd> <\/dl> <dl class=\"goodsDesc_item \"> <dt>Item Weight<\/dt> <dd> 75 lbs \/ 34 kg<\/dd> <\/dl> <dl class=\"goodsDesc_item goodsDesc_item_even\"> <dt>Pad Thickness<\/dt> <dd> 0.8 in \/ 2 cm<\/dd> <\/dl> <dl class=\"goodsDesc_item \"> <dt>Rope Length<\/dt> <dd> 6.6 ft \/ 2 m<\/dd> <\/dl> <\/div> <\/div>","protected":false},"excerpt":{"rendered":"<ul>\n<li> Durable with Super Capacity: VEVOR&#8217;s multi-functional steel garden cart will become your number 1 assistant for garden planting. It will solve all problems when transporting equipment weighing up to 1400 lbs. The cart has a steel mesh bed that is 44 in long and 30 in wide, carrying large amounts of planting tools with ease. Thanks to its fully-welded powder-coated steel frame and iron mesh frame, the cart withstands all outdoor weather conditions for years to come. <\/li>\n<li> Transform into A Flatbed: Do you still worry about your metal wagon&#8217;s capability to accommodate larger loads? VEVOR&#8217;s uniquely designed side meshes can be removed, making the cart a flatbed, widening the space, and enhancing the practicality. Note: Long-term heavy loading is not recommended. Carry heavy loads and get any job done right for years to come. <\/li>\n<li> The King of Terrain: Our garden cart flatbed is equipped with 15-inch tires, enhancing stability and security during use. The upgraded pneumatic tires feature noise-reduction and shock absorption. These impact-proof tires ensure the garden cart adapts to various road conditions, such as grass, snow, beaches, rock, etc. Get ready to roll over any surface and go where you need to be! <\/li>\n<li> Control Is in Your Hands: To improve the compatibility of your lawn wagons, we provide a 2-in-1 cost-effective handle. You can freely pull the cart with the 180\u00b0 flexible handle. If you detach the handle through the screws, the cart can be attached to lawnmowers, tractors, and trailers for enhanced convenience. <\/li>\n<li> Power That Follows You on The Go: Whether you use this yard wagon to carry planting tools or equipment, load wood, store sundries, or even use it as a cart to transport kids or pets, it will satisfy all your needs. It is perfect for gardens, lawns, yards, beaches, farms, warehouses, etc. Get ready to take your work to the next level and start your gardening tour. <\/li>\n<\/ul>\n","protected":false},"featured_media":260884,"comment_status":"closed","ping_status":"open","template":"","meta":{"om_disable_all_campaigns":false,"_monsterinsights_skip_tracking":false,"_monsterinsights_sitenote_active":false,"_monsterinsights_sitenote_note":"","_monsterinsights_sitenote_category":0,"_uf_show_specific_survey":0,"_uf_disable_surveys":false},"location":[1935,1934],"product_brand":[21],"product_cat":[2593,2370,2592,3219,2365],"product_tag":[],"class_list":{"0":"post-11770","1":"product","2":"type-product","3":"status-publish","4":"has-post-thumbnail","6":"location-supplier_stock_location","7":"location-local_stock_location","8":"product_brand-vevor","9":"product_cat-garden-carts","10":"product_cat-garden-center","11":"product_cat-garden-tools-garden-center","12":"product_cat-manual-steel-garden-cart","13":"product_cat-outdoors","15":"first","16":"outofstock","17":"taxable","18":"shipping-taxable","19":"purchasable","20":"product-type-simple"},"aioseo_notices":[],"jetpack_sharing_enabled":true,"locations":[{"id":1935,"name":"Pieg\u0101d\u0101t\u0101ja noliktav\u0101 (5-7d.d.)","slug":"supplier_stock_location","quantity":"0"},{"id":1934,"name":"R\u012bgas veikal\u0101 (0-2d.d.)","slug":"local_stock_location","quantity":"0"}],"_links":{"self":[{"href":"https:\/\/vevorshop.lv\/en_us\/wp-json\/wp\/v2\/product\/11770","targetHints":{"allow":["GET"]}}],"collection":[{"href":"https:\/\/vevorshop.lv\/en_us\/wp-json\/wp\/v2\/product"}],"about":[{"href":"https:\/\/vevorshop.lv\/en_us\/wp-json\/wp\/v2\/types\/product"}],"replies":[{"embeddable":true,"href":"https:\/\/vevorshop.lv\/en_us\/wp-json\/wp\/v2\/comments?post=11770"}],"wp:featuredmedia":[{"embeddable":true,"href":"https:\/\/vevorshop.lv\/en_us\/wp-json\/wp\/v2\/media\/260884"}],"wp:attachment":[{"href":"https:\/\/vevorshop.lv\/en_us\/wp-json\/wp\/v2\/media?parent=11770"}],"wp:term":[{"taxonomy":"location","embeddable":true,"href":"https:\/\/vevorshop.lv\/en_us\/wp-json\/wp\/v2\/location?post=11770"},{"taxonomy":"product_brand","embeddable":true,"href":"https:\/\/vevorshop.lv\/en_us\/wp-json\/wp\/v2\/product_brand?post=11770"},{"taxonomy":"product_cat","embeddable":true,"href":"https:\/\/vevorshop.lv\/en_us\/wp-json\/wp\/v2\/product_cat?post=11770"},{"taxonomy":"product_tag","embeddable":true,"href":"https:\/\/vevorshop.lv\/en_us\/wp-json\/wp\/v2\/product_tag?post=11770"}],"curies":[{"name":"wp","href":"https:\/\/api.w.org\/{rel}","templated":true}]}}