{"id":20283,"date":"2024-11-18T05:54:40","date_gmt":"2024-11-18T05:54:40","guid":{"rendered":"http:\/\/vevorshop.edigo.lv\/Prece\/vevor-ultrasonic-cleaner-with-digital-timer-heater-professional-ultra-sonic-jewelry-cleaner-stainless-steel-heated-cleaning-machine-for-glasses-watch-rings-small-parts-circuit-board-22l\/"},"modified":"2026-02-27T07:20:04","modified_gmt":"2026-02-27T05:20:04","slug":"vevor-ultrasonic-cleaner-with-digital-timer-heater-professional-ultra-sonic-jewelry-cleaner-stainless-steel-heated-cleaning-machine-for-glasses-watch-rings-small-parts-circuit-board-22l","status":"publish","type":"product","link":"https:\/\/vevorshop.lv\/en_us\/Prece\/vevor-ultrasonic-cleaner-with-digital-timer-heater-professional-ultra-sonic-jewelry-cleaner-stainless-steel-heated-cleaning-machine-for-glasses-watch-rings-small-parts-circuit-board-22l\/","title":{"rendered":"VEVOR 22L Ultrasonic Cleaner with Digital Timer &amp; Heater, Stainless Steel Tank for Jewelry, Glasses, Watches, Circuit Boards"},"content":{"rendered":"<div style=\"color: #fff!important; font-size: 16px; height: 24px; line-height: 24px; margin-top: -24px; \" class=\"product_original_name\">VEVOR Ultrasonic Cleaner with Digital Timer & Heater, Professional Ultra Sonic Jewelry Cleaner, Stainless Steel Heated Cleaning Machine for Glasses Watch Rings Small Parts Circuit Board (22L)<\/div>\n<div style=\"color: #fff!important; font-size: 16px; height: 24px; line-height: 24px; margin-top: -24px; \" class=\"product_sku\">M4I4KN17<\/div>\n<div style=\"color: #fff!important; font-size: 16px; height: 24px; line-height: 24px; margin-top: -24px; \" class=\"product_mpn\">SXCSBQXJ22L0V8PINV2<\/div><div id=\"js-DM_at-goodDescRich\"><html><head><style>  body {    font-family: Arial;    line-height: 1.5;    color: #1c1c1c;    overflow-x: hidden;    margin: 0;    padding: 0;  }  .MsoNormal b {    font-weight: bolder;  }<\/style><style>  .container.small {    width: 970px;    margin: 0 auto;  }  .logo {    margin: 0 auto 0;  }  .logo img {    display: block;    margin: 0 auto;    max-width: 100%;  }  .logo .pc-banner {    display: block;    width: 1200px;    height: 247.4px;    margin: 0 auto;  }  .logo .pc-banner.small {    width: 970px;  }  .logo .pc-banner.small img {    height: auto!important;  }  .logo .m-banner {    display: none;  }  .ytvideo {    position: relative;    height: 546px;    width: 100%;    margin: 0 auto;  }  .ytvideo img {    width: 100%;    margin: 0 auto;  }  .ytvideo .play-btn {    width: 60px;    height: 42px;    position: absolute;    top: 50%;    left: 50%;    transform: translate(-50%, -50%);    background: url(\"data:image\/png;base64,iVBORw0KGgoAAAANSUhEUgAAAGQAAABGCAMAAAANWMFbAAAC+lBMVEUAAADBGB3kLCfBGB3kLCfcJC7BFx3KKSbiKybkLCbWJCPSIiLSIiLPICHAFx3kLCfgKSXNHiDZJiTIGx\/p4eHcjo7LHSDbJyTkLCbjKyfOHyHPIiL28fHJHB\/GGh7EGR7eKCXDGB3RISHlLSbBGB3AFxzGHB7DGB7BGB3hKybkKybAFx3lLCfAFxzDGR3hKibDGB7cJyTmz8\/elJTlwcHjurrUIyLlLSflLSfAFx3DGR7lLSfCFx3hKibhKibhKybjKybkLCblLSfbJSX49vbx7e3NNzjNMTLMJyjVIyLZf3\/ZQ0LaeHjx0tLgoqLkLCfCGB3HGx\/BGB3BFx3PICHCGB7WJCLOHyC\/Fxy\/Fx3lLCfQISHkLSe\/FxzbJiTBFx3FGx\/AGB7BFx3EGR7AGB3HHSDfKiXAFh3TISHYNzbhKibbJyTTIiL57e325+f039\/v2NjUV1fOHiHiqanfmprch4feKSXVIyPOICHmLibFGh\/mLSe\/Fx7XJCPeKSXXJSPNHyHaJyTGGh7lLCbmLCflLSjSIiLkLCbdKSXLHiC\/GB3KHh++Fh3lKyfoLiXcKCPkx8fYb2\/XaGfVXl3aU1LLHiDksbHgKibPICHbJyTfKSXbJyTCGB3KHSDiKybFGh7TIiL\/\/\/\/VIyPRISHIHB\/GGx\/HHB\/DGR7gKibdKCXLHiDZJiTMHiDNHyHYJSTOICHPICHWJCPcKCXXJSPjLCblLCf+\/f3NGR\/uLijzLynPGR\/IGB7WISHaIyLLGh7UAADxLynNAADRLzDbICLQAADIAAD3MCrUHSHXMTDpKSbLAADp5OTij4\/ejo\/VLy\/1LyngJSTcJCPQHx\/OHB7+\/PzaMS\/OLS\/vLijrLSjSAADaNTPwLyjkKSbNJCbYISHPHB\/KGB7WAAD7+vrn3d3aKynTKCjoLCfsKifRGh\/YAADq5+fhjo7QNDXXKCfmJyXt5+fTLzDLLi\/QKivYHRvMGBrQJCXLISPMExXLDxLaEAvkkI\/bOTfaFQ\/SCgpvLcnHAAAAmnRSTlMA+vv7+gT9Bvf9+8z8\/NSv\/Pr5+P7++vnQIBMP\/v38\/Pn348XDiCYf9OjbzcqxXVcx\/fz8+\/rj1r2poo1+fXFqX0orGP7+\/v7+\/fz8+\/r68uzn4trIxsG\/vri3p6GcmZSNbWVYUUZEPQv+\/f39+\/v7+\/v7+vr64tvV1NTTz87FtbSurqeblJKFg4B3bUY+NjL7+\/v7+\/v67t1cDo8JLQAABkRJREFUWMO0kz9rwkAYh0OIeJkum6YugUAhISCdKoj\/P4C7SMdS+gEKIhSKil10LSg4mzXkILdlEpxCpwTiWOLX6BujvQaEQuGeHLnL+\/64J+SIcKGYTYWnntpdLjrVdqvZmNdn0+EE40GtpuuWVS6Xx6N7YDSGpWXpeq02wHgynM7q80az1a52HpddtVcpsi1zFARBrdaxbhp9iUReTGmwA4KAAr7vx3EYejnCMI6hQYEgy0LQi4jUN0wL19vqFcUC9\/1dAKmEEFkWRYkh5oBejnxQJiSJPJ\/uKBp0Thszx9Mw8hMRIQjKsptCfuES9zr5WJY6vSFCIvE9fCMUmEM1A1kSXcYGxgVYsvI1IPKTZciSTI0us\/SMGG04gDzELDoFBwdcFJrF88dqgYMTiL6DILWYyfOWE8\/kIz38olCNlC03FK95+imxp6y4oUSvAnBjHHhKNtotSDqJzVFiK8c2SBqhZtsrTtgrLXwAyduxZHNE26eHUt5rtuM4WSmds3G+sUdWYo1L+XyxButoh5eKUHk5lByO3G1LqqCWVnfrv\/lyPtf\/4ps1cndNGIri8J1TJ0lx6dR\/oPjq1nbRwdp2dCk4CtIOLW3pVKRL6WZfS5vF2KkIQhpwSsjiYIgNCs1gEMGqiIq24NQX9NwoXFy8Ufrl3twTcg4fv8T9\/JBEySduj6Mjm4bMzYV7EEOxKjjoNDud7yY3Dy71Hq2oLmqfbNR723edH9PgMrNL2utoQ3VmaIDkiw\/4w51P06hlZsTZvkRrbVuSIs\/zwSOsycgzStQouoAkWQqioRT5XI7n2Z1wfVhoZmcAJLsoqjqpjbWCgpOAJXBwHK8PzWbNvoUZJND5wCnSkLAkZ1legx6vqQzjoiTahKlGUGLAiIIoABOHaNVw4sexZBym6\/HWlH5h3IC7yRbxtipcWxdTOkORKiNQAEkFf66x5S2oeRbroOlLgg0sSYkR0hRGEqJZ0jTPiQKatESdBckpWigxaapEH0lImHdWu9pUFF2XqMNM2Z4kped7IwEJw2qabwtrQqnpw6HyKkgcadKWsmpywwesDyIhYRpdzXddqegtGIJlXbAIUMOLkGxJUjRIkokwjUaX9d\/kK62ps\/tYUqZLIMkLTyBhsMZ3C5Z\/kDxOSCb\/DOs\/\/J0qcWSX\/2ipe56EgTCA4\/cB7NAYOsni4mZM1MUPAISoEwkDi4lhVBQ1cWQyIcwalw4EpqZN68JUSK7XC0kTlkLYii5uXSC8jT5ncCAS7mjCv0uHp\/3lueHEEAeQ\/\/VgmdN71\/2uCSA1Xr6DO6uI6sW56zqT2tp2PhgiRUAajV8CY2fkcz6WGNKMgLAt7tJAhD4YHMTeRxlALE6+43WqjSWi8ITxyJl8WrwWSNESQZZOqhDDntO3hJLsd5RtSpbJqdv3YrDJH3F7jL1R2O2aQkn2MyCyKYz0GPGIvSAMgBCrCEiJyKbBaYGwLW4uPRr0A0M4Ux5kUI7IBh+hMdiCEWNqhMZGyYMsOgNE58UQuEQeUnSWCMYwL54hkxK6IoqucQZbQ3pc3XtL0lky1dL0zZJJDpWJovFqpWj6JEHnyam2eQp5QRVAVHjWparTOaVwUOx99YS2MvgxIGV0bb+qIg2HX2qkFFJB+XZcbLiuRkuxD9GRroKyveLxdh4d7Orx+hb7qc3uVRuEogCOnyIxm4ubUoPgF4jianDrC+SDQDKEfJb0GUKmjCGPYHGJvVC6X4hw1\/sAfQAdfYyephIaspXe36RwOP+Ljvfx9B6B3i+Nk0DGq+oCbLn6JpBa9nWAveAIHwFAwtVcIJXPMPL8kRu5OAYPMaL1WScTxjiZDqB9LTJSWphow\/pTYKRTLjCBhvi9iBidvKcDasGSm0QQkycYuLBqj6QCELPctqChDWpTRMWkngNNpQ1Pfp1KkiT\/Y0DGffXAweUNfLAfaJFKDwhb6I+bkYRbkERoEeu3Fyjg2opMz2daZCS9jt6Q7txNfB+OZEVF6Zl5web2xunnLQrtrjXseXKaFYziYINeMFZVxS9VxRhOoesYwxPKXm+gWLG9cuFeq93UNNeJNsf1KlwuDok9n02n3TgIJpOxNfL9naIoQwXtfH9kjceTIIi709ncTg6LZbg+biLH1V6u\/7rxBem06VXKn9raAAAAAElFTkSuQmCC\")      no-repeat center center \/ contain;  }  @media screen and (max-width: 960px) and (orientation: portrait) {    .logo {      width: 100%;    }    .logo .pc-banner {      display: none;    }    .logo .m-banner {      display: block;      width: 100%;    }    .logo .m-banner img {      height: auto!important;    }    .ytvideo {      height: 200px;      width: 100%;    }  }<\/style><style>  .video-section {    width: 100%;    margin: 0 auto;  }  .video-section > img {    width: 100%;  }  .video-section iframe,  .video-section video {    width: 100%;    height: 100%;      }  .video-section-img-m,  .video-section-img-pc > img {    width: 100%;    height: auto;  }  .video-section-img-pc.small > img {    width: 970px;  }  .video-desc {    line-height: 1.5;    font-size: 20px;    font-weight: 400;    margin: 20px 0;    text-align: center;    color: #0f1111;    word-break: break-word;  }  @media screen and (max-width: 960px) and (orientation: portrait) {    .video-section {      width: 100%;    }    .video-section-pc,    .video-section-img-pc {      display: none;    }    .video-section-m,    .video-section-img-m {      display: block;    }    .video-desc {      font-size: 15px;    }  }  @media screen and (min-width: 960px) {    .video-section {      width: 100%;      margin: 0 auto;    }    .video-section-pc,    .video-section-img-pc {      display: block;    }    .video-section-m,    .video-section-img-m {      display: none;    }    .video-desc {      font-size: 20px;    }  }<\/style><style>  .section + .section {    margin-top: 35px;  }  .section-title {    text-align: center;    font-weight: bold;    color: #0d1111;    font-family: \"Arial\";    font-size: 32px;    margin: 15px 0;  }  .section-title:empty {    display: none;  }  .section-desc {    text-align: center;    font-weight: normal;    color: #0d1111;    margin-top: 20px;  }  .section-desc:empty {    display: none;  }  .section-img {    width: 1200px;    height: 492px;    margin: 0 auto;    display: block;  }  .section-img.small {    width: 970px;    height: auto;  }  .section-img.small > img {    height: auto;  }  .section-img > img {    width: 100%;    height: 100%;  }  .section-mobile-img {    display: none;    max-width: 100vw;    max-height: 75vw;    height: 450px;    margin: 0 auto;  }  .section-mobile-img > img {    width: 100%;    height: 100%;  }  @media screen and (max-width: 960px) and (orientation: portrait) {    .container {      width: 100%;    }    .container.small {      width: 100%;    }    .section-mobile-img {      display: block;    }    .section-img {      display: none;    }    .section-title {      font-size: 22px;      margin: 10px 0;    }    .section-desc {      margin-top: 10px;    }    .section + .section {      margin-top: 20px;    }  }<\/style><\/head><body><div class=\"container\"><div class=\"logo\"><div class=\"pc-banner\"><div><img decoding=\"async\" src=\"\/vevor\/vevor\/boutique-banner\/pc\/en-pc@1x.jpg\" style=\"width: 100%;\" \/><\/div><\/div><div class=\"m-banner\"><div><img decoding=\"async\" src=\"\/vevor\/vevor\/boutique-banner\/mobile\/en-m@1x.jpg\" style=\"width: 100%;\" \/><\/div><\/div><\/div><div class=\"section-title\">Elevate Your Cleanliness Effect with Superior Performance!<\/div><div class=\"video-section\"><div class=\"video-section-img-pc\"><img decoding=\"async\" src=\"\/vevor\/product\/SXCSBQXJ22L0V8PIN\/ultrasonic-cleaner-a100-1.4.jpg\" alt=\"VEVOR ultrasonic cleaner with digital control, large 22l capacity, adjustable temperature, and quiet operation.\" \/><\/div><div class=\"video-section-img-m\"><img decoding=\"async\" src=\"\/vevor\/product\/SXCSBQXJ22L0V8PIN\/ultrasonic-cleaner-a100-1.4-m.jpg\" alt=\"VEVOR ultrasonic cleaner with digital control, large 22l capacity, adjustable temperature, and quiet operation.\" \/><\/div><div class=\"section-desc\">The high-quality ultrasonic cleaner delivers powerful cleaning with a spacious design. It effortlessly tackles tough dirt, ensuring lasting cleanliness in a single cycle, without complex settings. Whether you're a professional or a home user, it offers professional-grade and convenient cleaning.<\/div><\/div><div class=\"section\"><div class=\"section-title\"><\/div><div class=\"section-img\"><img decoding=\"async\" src=\"\/vevor\/product\/SXCSBQXJ22L0V8PIN\/ultrasonic-cleaner-a100-2.2.jpg\" alt=\"advanced transducer technology of VEVOR ultrasonic cleaner removes stubborn stains from jewelry and glasses.\" \/><\/div><div class=\"section-mobile-img\"><img decoding=\"async\" src=\"\/vevor\/product\/SXCSBQXJ22L0V8PIN\/ultrasonic-cleaner-a100-2.2-m.jpg\" alt=\"advanced transducer technology of VEVOR ultrasonic cleaner removes stubborn stains from jewelry and glasses.\" \/><\/div><div class=\"section-desc\">Our ultrasonic cleaner employs professional cleaning methods to delicately care for various items, preserving their integrity and quality, and ensuring they maintain their shine and brilliance.<\/div><\/div><div class=\"section\"><div class=\"section-title\"><\/div><div class=\"section-img\"><img decoding=\"async\" src=\"\/vevor\/product\/SXCSBQXJ22L0V8PIN\/ultrasonic-cleaner-a100-2.3.jpg\" alt=\"VEVOR ultrasonic cleaner with high-quality 304 stainless steel interior and oil-resistant design, 22l.\" \/><\/div><div class=\"section-mobile-img\"><img decoding=\"async\" src=\"\/vevor\/product\/SXCSBQXJ22L0V8PIN\/ultrasonic-cleaner-a100-2.3-m.jpg\" alt=\"VEVOR ultrasonic cleaner with high-quality 304 stainless steel interior and oil-resistant design, 22l.\" \/><\/div><div class=\"section-desc\">Utilizing advanced transducer technology, the sonic cleaner generates 40kHz ultrasonic waves that create millions of tiny bubbles, effectively reaching surfaces and crevices to thoroughly clean dirt without damaging the appearance or quality of items.<\/div><\/div><div class=\"section\"><div class=\"section-title\"><\/div><div class=\"section-img\"><img decoding=\"async\" src=\"\/vevor\/product\/SXCSBQXJ22L0V8PIN\/ultrasonic-cleaner-a100-2.4.jpg\" alt=\"VEVOR ultrasonic cleaner with precise digital control panel for varied cleaning times and temperatures.\" \/><\/div><div class=\"section-mobile-img\"><img decoding=\"async\" src=\"\/vevor\/product\/SXCSBQXJ22L0V8PIN\/ultrasonic-cleaner-a100-2.4-m.jpg\" alt=\"VEVOR ultrasonic cleaner with precise digital control panel for varied cleaning times and temperatures.\" \/><\/div><div class=\"section-desc\">Constructed with high-quality 304 stainless steel tanks, our ultrasonic jewelry cleaner ensures durability while delivering consistent cleaning results, providing a long-lasting user experience.<\/div><\/div><div class=\"section\"><div class=\"section-title\"><\/div><div class=\"section-img\"><img decoding=\"async\" src=\"\/vevor\/product\/SXCSBQXJ22L0V8PIN\/ultrasonic-cleaner-a100-2.5.jpg\" alt=\"VEVOR ultrasonic cleaner with images of applications in garage, laboratory, home, optical stores, and jewelry shops.\" \/><\/div><div class=\"section-mobile-img\"><img decoding=\"async\" src=\"\/vevor\/product\/SXCSBQXJ22L0V8PIN\/ultrasonic-cleaner-a100-2.5-m.jpg\" alt=\"VEVOR ultrasonic cleaner with images of applications in garage, laboratory, home, optical stores, and jewelry shops.\" \/><\/div><div class=\"section-desc\">The digital control panel offers convenient operation, allowing you to precisely adjust cleaning time and temperature according to the specific requirements of different items, maximizing cleaning effectiveness.<\/div><\/div><div class=\"section\"><div class=\"section-img\"><img decoding=\"async\" src=\"\/vevor\/product\/SXCSBQXJ22L0V8PIN\/ultrasonic-cleaner-a100-1.11.jpg\" alt=\"VEVOR ultrasonic cleaner with stainless steel tank, 22l capacity, 650w heating power, and led display.\" \/><\/div><div class=\"section-mobile-img\"><img decoding=\"async\" src=\"\/vevor\/product\/SXCSBQXJ22L0V8PIN\/ultrasonic-cleaner-a100-1.11-m.jpg\" alt=\"VEVOR ultrasonic cleaner with stainless steel tank, 22l capacity, 650w heating power, and led display.\" \/><\/div><\/div><\/div><\/body><\/html><\/div>\n<div class=\"DM_at-title\" id=\"js-DM_at-title\"> <div>Product specification<\/div> <i class=\"icon-arrowup_line\"><\/i> <\/div><div class=\"DM_at-goodsDescAttr\" id=\"js-DM_at-goodsDescAttr\"> <div class=\"DM_at-goodsDescAttrInner\"> <dl class=\"goodsDesc_item goodsDesc_item_even\"> <dt>Tank Material<\/dt> <dd> Stainless Steel SUS304<\/dd> <\/dl> <dl class=\"goodsDesc_item \"> <dt>Heating Power<\/dt> <dd> 650W<\/dd> <\/dl> <dl class=\"goodsDesc_item goodsDesc_item_even\"> <dt>Ultrasonic Power<\/dt> <dd> 480W<\/dd> <\/dl> <dl class=\"goodsDesc_item \"> <dt>Frequency<\/dt> <dd> 40kHz<\/dd> <\/dl> <dl class=\"goodsDesc_item goodsDesc_item_even\"> <dt>Tank Capacity<\/dt> <dd> 22L<\/dd> <\/dl> <dl class=\"goodsDesc_item \"> <dt>Time Setting<\/dt> <dd> 0-30 min (LED Digital Display)<\/dd> <\/dl> <dl class=\"goodsDesc_item goodsDesc_item_even\"> <dt>Temperature Setting<\/dt> <dd> 0-80\u2103<\/dd> <\/dl> <dl class=\"goodsDesc_item \"> <dt>Transducer Quantity<\/dt> <dd> 8 PCS<\/dd> <\/dl> <dl class=\"goodsDesc_item goodsDesc_item_even\"> <dt>Tank Size (L x W x H)<\/dt> <dd>19.7\" x 11.8\" x 5.9\"\/500x300x150 mm<\/dd> <\/dl> <dl class=\"goodsDesc_item \"> <dt>Product Size (L x W x H)<\/dt> <dd> 20.9\" x 13\" x 10.8\"\/530x330x275 mm<\/dd> <\/dl> <dl class=\"goodsDesc_item goodsDesc_item_even\"> <dt>Product Weight<\/dt> <dd> 22.8 lbs\/10.35 kg<\/dd> <\/dl> <\/div> <\/div>","protected":false},"excerpt":{"rendered":"<ul>\n<li> High-performance Ultrasonic Cleaner: Experience the power of effective cleaning with our ultrasonic cleaner. With a 40kHz ultrasonic frequency and heating function, it effortlessly dissolves grease and grime, restoring your items to their original shine and brilliance. <\/li>\n<li> Advanced Transducer Technology: Our ultrasonic jewelry cleaner features three advanced transducers equipped with sandwich-type piezoelectric transducers. Scientifically designed for enhanced cleaning efficiency and quality, it refreshes your items, whether for everyday use or professional cleaning needs. <\/li>\n<li> Quality You Can Trust: Designed with a premium SUS304 stainless steel tank and basket, the 22L securely holds and cleans various valuable items like jewelry, eyeglasses, and watches. Attention to detail ensures that each item receives a meticulous cleaning. <\/li>\n<li> Digital Control Panel: The digital control panel offers convenient operation, allowing precise control over cleaning time and temperature. Multiple modes cater to different item-specific needs, making the cleaning process hassle-free and enhancing your cleaning efficiency. <\/li>\n<li> Versatile Applications: The VEVOR ultrasonic cleaner machine holds multiple certifications, ensuring reliability and making it suitable for a wide range of applications. From laboratories and carburetors to circuit boards, dental equipment, jewelry, eyeglasses, watches, and cutlery. Trust our product to provide professional-grade cleaning. <\/li>\n<\/ul>\n","protected":false},"featured_media":274058,"comment_status":"closed","ping_status":"open","template":"","meta":{"om_disable_all_campaigns":false,"_monsterinsights_skip_tracking":false,"_monsterinsights_sitenote_active":false,"_monsterinsights_sitenote_note":"","_monsterinsights_sitenote_category":0,"_uf_show_specific_survey":0,"_uf_disable_surveys":false},"location":[1935,1934],"product_brand":[21],"product_cat":[2562,2842,2844,2843],"product_tag":[],"class_list":{"0":"post-20283","1":"product","2":"type-product","3":"status-publish","4":"has-post-thumbnail","6":"location-supplier_stock_location","7":"location-local_stock_location","8":"product_brand-vevor","9":"product_cat-cleaning","10":"product_cat-cleaning-products","11":"product_cat-industrial-ultrasonic-cleaner","12":"product_cat-jewelry-cleaners","14":"first","15":"instock","16":"taxable","17":"shipping-taxable","18":"purchasable","19":"product-type-simple"},"aioseo_notices":[],"jetpack_sharing_enabled":true,"locations":[{"id":1935,"name":"Pieg\u0101d\u0101t\u0101ja noliktav\u0101 (5-7d.d.)","slug":"supplier_stock_location","quantity":"295"},{"id":1934,"name":"R\u012bgas veikal\u0101 (0-2d.d.)","slug":"local_stock_location","quantity":"0"}],"_links":{"self":[{"href":"https:\/\/vevorshop.lv\/en_us\/wp-json\/wp\/v2\/product\/20283","targetHints":{"allow":["GET"]}}],"collection":[{"href":"https:\/\/vevorshop.lv\/en_us\/wp-json\/wp\/v2\/product"}],"about":[{"href":"https:\/\/vevorshop.lv\/en_us\/wp-json\/wp\/v2\/types\/product"}],"replies":[{"embeddable":true,"href":"https:\/\/vevorshop.lv\/en_us\/wp-json\/wp\/v2\/comments?post=20283"}],"wp:featuredmedia":[{"embeddable":true,"href":"https:\/\/vevorshop.lv\/en_us\/wp-json\/wp\/v2\/media\/274058"}],"wp:attachment":[{"href":"https:\/\/vevorshop.lv\/en_us\/wp-json\/wp\/v2\/media?parent=20283"}],"wp:term":[{"taxonomy":"location","embeddable":true,"href":"https:\/\/vevorshop.lv\/en_us\/wp-json\/wp\/v2\/location?post=20283"},{"taxonomy":"product_brand","embeddable":true,"href":"https:\/\/vevorshop.lv\/en_us\/wp-json\/wp\/v2\/product_brand?post=20283"},{"taxonomy":"product_cat","embeddable":true,"href":"https:\/\/vevorshop.lv\/en_us\/wp-json\/wp\/v2\/product_cat?post=20283"},{"taxonomy":"product_tag","embeddable":true,"href":"https:\/\/vevorshop.lv\/en_us\/wp-json\/wp\/v2\/product_tag?post=20283"}],"curies":[{"name":"wp","href":"https:\/\/api.w.org\/{rel}","templated":true}]}}