{"id":21976,"date":"2024-11-18T07:09:39","date_gmt":"2024-11-18T07:09:39","guid":{"rendered":"http:\/\/vevorshop.edigo.lv\/Prece\/vevor-hybrid-solar-inverter-charger-5500w-230v-with-100a-mppt-solar-controller\/"},"modified":"2026-04-06T23:54:45","modified_gmt":"2026-04-06T20:54:45","slug":"vevor-hybrid-solar-inverter-charger-5500w-230v-with-100a-mppt-solar-controller","status":"publish","type":"product","link":"https:\/\/vevorshop.lv\/en_us\/Prece\/vevor-hybrid-solar-inverter-charger-5500w-230v-with-100a-mppt-solar-controller\/","title":{"rendered":"VEVOR 5500W Hybrid Solar Inverter 230V, Off-Grid Pure Sine Wave Charger with 100A MPPT Controller for 48V Battery Systems"},"content":{"rendered":"<div style=\"color: #fff!important; font-size: 16px; height: 24px; line-height: 24px; margin-top: -24px; \" class=\"product_original_name\">VEVOR Hybrid Solar Inverter, 5500W, Pure Sine Wave Off-Grid Inverter Charger, 230V AC All in One Power Inverter with Build-in 100A MPPT Solar Charge Controller, Support Solar Utility Hybrid Charging<\/div>\n<div style=\"color: #fff!important; font-size: 16px; height: 24px; line-height: 24px; margin-top: -24px; \" class=\"product_sku\">M4I4KPAR<\/div>\n<div style=\"color: #fff!important; font-size: 16px; height: 24px; line-height: 24px; margin-top: -24px; \" class=\"product_mpn\">LWGPNKYTJMPPH2A48V2<\/div><div id=\"js-DM_at-goodDescRich\"><html><head><style>  body {    font-family: Arial;    line-height: 1.5;    color: #1c1c1c;    overflow-x: hidden;    margin: 0;    padding: 0;  }  .MsoNormal b {    font-weight: bolder;  }<\/style><style>  .container.small {    width: 970px;    margin: 0 auto;  }  .logo {    margin: 0 auto 0;  }  .logo img {    display: block;    margin: 0 auto;    max-width: 100%;  }  .logo .pc-banner {    display: block;    width: 1200px;    height: 247.4px;    margin: 0 auto;  }  .logo .pc-banner.small {    width: 970px;  }  .logo .pc-banner.small img {    height: auto!important;  }  .logo .m-banner {    display: none;  }  .ytvideo {    position: relative;    height: 546px;    width: 100%;    margin: 0 auto;  }  .ytvideo img {    width: 100%;    margin: 0 auto;  }  .ytvideo .play-btn {    width: 60px;    height: 42px;    position: absolute;    top: 50%;    left: 50%;    transform: translate(-50%, -50%);    background: url(\"data:image\/png;base64,iVBORw0KGgoAAAANSUhEUgAAAGQAAABGCAMAAAANWMFbAAAC+lBMVEUAAADBGB3kLCfBGB3kLCfcJC7BFx3KKSbiKybkLCbWJCPSIiLSIiLPICHAFx3kLCfgKSXNHiDZJiTIGx\/p4eHcjo7LHSDbJyTkLCbjKyfOHyHPIiL28fHJHB\/GGh7EGR7eKCXDGB3RISHlLSbBGB3AFxzGHB7DGB7BGB3hKybkKybAFx3lLCfAFxzDGR3hKibDGB7cJyTmz8\/elJTlwcHjurrUIyLlLSflLSfAFx3DGR7lLSfCFx3hKibhKibhKybjKybkLCblLSfbJSX49vbx7e3NNzjNMTLMJyjVIyLZf3\/ZQ0LaeHjx0tLgoqLkLCfCGB3HGx\/BGB3BFx3PICHCGB7WJCLOHyC\/Fxy\/Fx3lLCfQISHkLSe\/FxzbJiTBFx3FGx\/AGB7BFx3EGR7AGB3HHSDfKiXAFh3TISHYNzbhKibbJyTTIiL57e325+f039\/v2NjUV1fOHiHiqanfmprch4feKSXVIyPOICHmLibFGh\/mLSe\/Fx7XJCPeKSXXJSPNHyHaJyTGGh7lLCbmLCflLSjSIiLkLCbdKSXLHiC\/GB3KHh++Fh3lKyfoLiXcKCPkx8fYb2\/XaGfVXl3aU1LLHiDksbHgKibPICHbJyTfKSXbJyTCGB3KHSDiKybFGh7TIiL\/\/\/\/VIyPRISHIHB\/GGx\/HHB\/DGR7gKibdKCXLHiDZJiTMHiDNHyHYJSTOICHPICHWJCPcKCXXJSPjLCblLCf+\/f3NGR\/uLijzLynPGR\/IGB7WISHaIyLLGh7UAADxLynNAADRLzDbICLQAADIAAD3MCrUHSHXMTDpKSbLAADp5OTij4\/ejo\/VLy\/1LyngJSTcJCPQHx\/OHB7+\/PzaMS\/OLS\/vLijrLSjSAADaNTPwLyjkKSbNJCbYISHPHB\/KGB7WAAD7+vrn3d3aKynTKCjoLCfsKifRGh\/YAADq5+fhjo7QNDXXKCfmJyXt5+fTLzDLLi\/QKivYHRvMGBrQJCXLISPMExXLDxLaEAvkkI\/bOTfaFQ\/SCgpvLcnHAAAAmnRSTlMA+vv7+gT9Bvf9+8z8\/NSv\/Pr5+P7++vnQIBMP\/v38\/Pn348XDiCYf9OjbzcqxXVcx\/fz8+\/rj1r2poo1+fXFqX0orGP7+\/v7+\/fz8+\/r68uzn4trIxsG\/vri3p6GcmZSNbWVYUUZEPQv+\/f39+\/v7+\/v7+vr64tvV1NTTz87FtbSurqeblJKFg4B3bUY+NjL7+\/v7+\/v67t1cDo8JLQAABkRJREFUWMO0kz9rwkAYh0OIeJkum6YugUAhISCdKoj\/P4C7SMdS+gEKIhSKil10LSg4mzXkILdlEpxCpwTiWOLX6BujvQaEQuGeHLnL+\/64J+SIcKGYTYWnntpdLjrVdqvZmNdn0+EE40GtpuuWVS6Xx6N7YDSGpWXpeq02wHgynM7q80az1a52HpddtVcpsi1zFARBrdaxbhp9iUReTGmwA4KAAr7vx3EYejnCMI6hQYEgy0LQi4jUN0wL19vqFcUC9\/1dAKmEEFkWRYkh5oBejnxQJiSJPJ\/uKBp0Thszx9Mw8hMRIQjKsptCfuES9zr5WJY6vSFCIvE9fCMUmEM1A1kSXcYGxgVYsvI1IPKTZciSTI0us\/SMGG04gDzELDoFBwdcFJrF88dqgYMTiL6DILWYyfOWE8\/kIz38olCNlC03FK95+imxp6y4oUSvAnBjHHhKNtotSDqJzVFiK8c2SBqhZtsrTtgrLXwAyduxZHNE26eHUt5rtuM4WSmds3G+sUdWYo1L+XyxButoh5eKUHk5lByO3G1LqqCWVnfrv\/lyPtf\/4ps1cndNGIri8J1TJ0lx6dR\/oPjq1nbRwdp2dCk4CtIOLW3pVKRL6WZfS5vF2KkIQhpwSsjiYIgNCs1gEMGqiIq24NQX9NwoXFy8Ufrl3twTcg4fv8T9\/JBEySduj6Mjm4bMzYV7EEOxKjjoNDud7yY3Dy71Hq2oLmqfbNR723edH9PgMrNL2utoQ3VmaIDkiw\/4w51P06hlZsTZvkRrbVuSIs\/zwSOsycgzStQouoAkWQqioRT5XI7n2Z1wfVhoZmcAJLsoqjqpjbWCgpOAJXBwHK8PzWbNvoUZJND5wCnSkLAkZ1legx6vqQzjoiTahKlGUGLAiIIoABOHaNVw4sexZBym6\/HWlH5h3IC7yRbxtipcWxdTOkORKiNQAEkFf66x5S2oeRbroOlLgg0sSYkR0hRGEqJZ0jTPiQKatESdBckpWigxaapEH0lImHdWu9pUFF2XqMNM2Z4kped7IwEJw2qabwtrQqnpw6HyKkgcadKWsmpywwesDyIhYRpdzXddqegtGIJlXbAIUMOLkGxJUjRIkokwjUaX9d\/kK62ps\/tYUqZLIMkLTyBhsMZ3C5Z\/kDxOSCb\/DOs\/\/J0qcWSX\/2ipe56EgTCA4\/cB7NAYOsni4mZM1MUPAISoEwkDi4lhVBQ1cWQyIcwalw4EpqZN68JUSK7XC0kTlkLYii5uXSC8jT5ncCAS7mjCv0uHp\/3lueHEEAeQ\/\/VgmdN71\/2uCSA1Xr6DO6uI6sW56zqT2tp2PhgiRUAajV8CY2fkcz6WGNKMgLAt7tJAhD4YHMTeRxlALE6+43WqjSWi8ITxyJl8WrwWSNESQZZOqhDDntO3hJLsd5RtSpbJqdv3YrDJH3F7jL1R2O2aQkn2MyCyKYz0GPGIvSAMgBCrCEiJyKbBaYGwLW4uPRr0A0M4Ux5kUI7IBh+hMdiCEWNqhMZGyYMsOgNE58UQuEQeUnSWCMYwL54hkxK6IoqucQZbQ3pc3XtL0lky1dL0zZJJDpWJovFqpWj6JEHnyam2eQp5QRVAVHjWparTOaVwUOx99YS2MvgxIGV0bb+qIg2HX2qkFFJB+XZcbLiuRkuxD9GRroKyveLxdh4d7Orx+hb7qc3uVRuEogCOnyIxm4ubUoPgF4jianDrC+SDQDKEfJb0GUKmjCGPYHGJvVC6X4hw1\/sAfQAdfYyephIaspXe36RwOP+Ljvfx9B6B3i+Nk0DGq+oCbLn6JpBa9nWAveAIHwFAwtVcIJXPMPL8kRu5OAYPMaL1WScTxjiZDqB9LTJSWphow\/pTYKRTLjCBhvi9iBidvKcDasGSm0QQkycYuLBqj6QCELPctqChDWpTRMWkngNNpQ1Pfp1KkiT\/Y0DGffXAweUNfLAfaJFKDwhb6I+bkYRbkERoEeu3Fyjg2opMz2daZCS9jt6Q7txNfB+OZEVF6Zl5web2xunnLQrtrjXseXKaFYziYINeMFZVxS9VxRhOoesYwxPKXm+gWLG9cuFeq93UNNeJNsf1KlwuDok9n02n3TgIJpOxNfL9naIoQwXtfH9kjceTIIi709ncTg6LZbg+biLH1V6u\/7rxBem06VXKn9raAAAAAElFTkSuQmCC\")      no-repeat center center \/ contain;  }  @media screen and (max-width: 960px) and (orientation: portrait) {    .logo {      width: 100%;    }    .logo .pc-banner {      display: none;    }    .logo .m-banner {      display: block;      width: 100%;    }    .logo .m-banner img {      height: auto!important;    }    .ytvideo {      height: 200px;      width: 100%;    }  }<\/style><style>  .video-section {    width: 100%;    margin: 0 auto;  }  .video-section > img {    width: 100%;  }  .video-section iframe,  .video-section video {    width: 100%;    height: 100%;      }  .video-section-img-m,  .video-section-img-pc > img {    width: 100%;    height: auto;  }  .video-section-img-pc.small > img {    width: 970px;  }  .video-desc {    line-height: 1.5;    font-size: 20px;    font-weight: 400;    margin: 20px 0;    text-align: center;    color: #0f1111;    word-break: break-word;  }  @media screen and (max-width: 960px) and (orientation: portrait) {    .video-section {      width: 100%;    }    .video-section-pc,    .video-section-img-pc {      display: none;    }    .video-section-m,    .video-section-img-m {      display: block;    }    .video-desc {      font-size: 15px;    }  }  @media screen and (min-width: 960px) {    .video-section {      width: 100%;      margin: 0 auto;    }    .video-section-pc,    .video-section-img-pc {      display: block;    }    .video-section-m,    .video-section-img-m {      display: none;    }    .video-desc {      font-size: 20px;    }  }<\/style><style>  .section + .section {    margin-top: 35px;  }  .section-title {    text-align: center;    font-weight: bold;    color: #0d1111;    font-family: \"Arial\";    font-size: 32px;    margin: 15px 0;  }  .section-title:empty {    display: none;  }  .section-desc {    text-align: center;    font-weight: normal;    color: #0d1111;    margin-top: 20px;  }  .section-desc:empty {    display: none;  }  .section-img {    width: 1200px;    height: 492px;    margin: 0 auto;    display: block;  }  .section-img.small {    width: 970px;    height: auto;  }  .section-img.small > img {    height: auto;  }  .section-img > img {    width: 100%;    height: 100%;  }  .section-mobile-img {    display: none;    max-width: 100vw;    max-height: 75vw;    height: 450px;    margin: 0 auto;  }  .section-mobile-img > img {    width: 100%;    height: 100%;  }  @media screen and (max-width: 960px) and (orientation: portrait) {    .container {      width: 100%;    }    .container.small {      width: 100%;    }    .section-mobile-img {      display: block;    }    .section-img {      display: none;    }    .section-title {      font-size: 22px;      margin: 10px 0;    }    .section-desc {      margin-top: 10px;    }    .section + .section {      margin-top: 20px;    }  }<\/style><\/head><body><div class=\"container\"><div class=\"logo\"><div class=\"pc-banner\"><div><img decoding=\"async\" src=\"\/vevor\/vevor\/boutique-banner\/pc\/en-pc@1x.jpg\" style=\"width: 100%;\" \/><\/div><\/div><div class=\"m-banner\"><div><img decoding=\"async\" src=\"\/vevor\/vevor\/boutique-banner\/mobile\/en-m@1x.jpg\" style=\"width: 100%;\" \/><\/div><\/div><\/div><div class=\"section-title\">5500W Hybrid Solar Inverter<\/div><div class=\"video-section\"><div class=\"video-section-img-pc\"><img decoding=\"async\" src=\"\/vevor\/product\/LWGPNKYTJMPPH2A48\/solar-inverter-a100-1.4.jpg\" \/><\/div><div class=\"video-section-img-m\"><img decoding=\"async\" src=\"\/vevor\/product\/LWGPNKYTJMPPH2A48\/solar-inverter-a100-1.4-m.jpg\" \/><\/div><div class=\"section-desc\">Our 2-in-1 hybrid solar inverter controller boosts a robust 5500W pure sine wave output, outstanding 11000VA peak performance, and advanced MPPT charging technology, achieving a 96% conversion efficiency. Compatible with lithium-ion, lead-acid, and lithium-iron phosphate batteries.<\/div><\/div><div class=\"section\"><div class=\"section-title\"><\/div><div class=\"section-img\"><img decoding=\"async\" src=\"\/vevor\/product\/LWGPNKYTJMPPH2A48\/solar-inverter-a100-2.2.jpg\" \/><\/div><div class=\"section-mobile-img\"><img decoding=\"async\" src=\"\/vevor\/product\/LWGPNKYTJMPPH2A48\/solar-inverter-a100-2.2-m.jpg\" \/><\/div><div class=\"section-desc\">Our intuitive LCD screen allows you to effortlessly monitor system status and parameters. Easily navigate through different program modes using physical buttons for an enhanced user experience.<\/div><\/div><div class=\"section\"><div class=\"section-title\"><\/div><div class=\"section-img\"><img decoding=\"async\" src=\"\/vevor\/product\/LWGPNKYTJMPPH2A48\/solar-inverter-a100-2.3.jpg\" \/><\/div><div class=\"section-mobile-img\"><img decoding=\"async\" src=\"\/vevor\/product\/LWGPNKYTJMPPH2A48\/solar-inverter-a100-2.3-m.jpg\" \/><\/div><div class=\"section-desc\">Our hybrid inverter charger supports lithium battery activation and communication with lithium battery management systems (BMS) through RS232\/RS485 interfaces. It achieves a smarter, more efficient, and reliable power supply, extending battery life and reducing maintenance costs.<\/div><\/div><div class=\"section\"><div class=\"section-title\"><\/div><div class=\"section-img\"><img decoding=\"async\" src=\"\/vevor\/product\/LWGPNKYTJMPPH2A48\/solar-inverter-a100-2.4.jpg\" \/><\/div><div class=\"section-mobile-img\"><img decoding=\"async\" src=\"\/vevor\/product\/LWGPNKYTJMPPH2A48\/solar-inverter-a100-2.4-m.jpg\" \/><\/div><div class=\"section-desc\">Our hybrid off grid inverter offers you three charging modes: solar charging, utility charging, and hybrid charging. Additionally, it features four output modes: UTL, SOL, SBU, and SUB. As a UPS, it switches to backup power during outages, ensuring uninterrupted operation for your devices.<\/div><\/div><div class=\"section\"><div class=\"section-title\"><\/div><div class=\"section-img\"><img decoding=\"async\" src=\"\/vevor\/product\/LWGPNKYTJMPPH2A48\/solar-inverter-a100-2.5.jpg\" \/><\/div><div class=\"section-mobile-img\"><img decoding=\"async\" src=\"\/vevor\/product\/LWGPNKYTJMPPH2A48\/solar-inverter-a100-2.5-m.jpg\" \/><\/div><div class=\"section-desc\">Whether you're at home, in an RV, or enjoying outdoor camping, our 2-in-1 solar inverter charge controller is designed to meet your power needs. It brings convenience and sustainability to your life, no matter where you are.<\/div><\/div><div class=\"section\"><div class=\"section-img\"><img decoding=\"async\" src=\"\/vevor\/product\/LWGPNKYTJMPPH2A48\/solar-inverter-a100-1.11.jpg\" \/><\/div><div class=\"section-mobile-img\"><img decoding=\"async\" src=\"\/vevor\/product\/LWGPNKYTJMPPH2A48\/solar-inverter-a100-1.11-m.jpg\" \/><\/div><\/div><\/div><\/body><\/html><\/div>\n<div class=\"DM_at-title\" id=\"js-DM_at-title\"> <div>Product specification<\/div> <i class=\"icon-arrowup_line\"><\/i> <\/div><div class=\"DM_at-goodsDescAttr\" id=\"js-DM_at-goodsDescAttr\"> <div class=\"DM_at-goodsDescAttrInner\"> <dl class=\"goodsDesc_item goodsDesc_item_even\"> <dt>Item Model Number<\/dt> <dd> EM5500-48L<\/dd> <\/dl> <dl class=\"goodsDesc_item \"> <dt>Input Voltage<\/dt> <dd> 220\/230V AC<\/dd> <\/dl> <dl class=\"goodsDesc_item goodsDesc_item_even\"> <dt>Output Voltage<\/dt> <dd> AC 230V, 50 Hz<\/dd> <\/dl> <dl class=\"goodsDesc_item \"> <dt>Inverter Response Time<\/dt> <dd> 10 ms (UPS); 20 ms (appliance)<\/dd> <\/dl> <dl class=\"goodsDesc_item goodsDesc_item_even\"> <dt>Output Waveform<\/dt> <dd> Pure Sine Wave<\/dd> <\/dl> <dl class=\"goodsDesc_item \"> <dt>Battery Type<\/dt> <dd> 48V Lead-Acid, Lithium, and LiFePO Batteries<\/dd> <\/dl> <dl class=\"goodsDesc_item goodsDesc_item_even\"> <dt>Rated Power<\/dt> <dd> 5500W \u00b110%<\/dd> <\/dl> <dl class=\"goodsDesc_item \"> <dt>Max. Charging Current<\/dt> <dd> 100A(PV)\/80A(AC)\/100A(PV+AC)<\/dd> <\/dl> <dl class=\"goodsDesc_item goodsDesc_item_even\"> <dt>Max. PV Array MPPT Voltage<\/dt> <dd> 500V DC<\/dd> <\/dl> <dl class=\"goodsDesc_item \"> <dt>Product Dimensions<\/dt> <dd> 17.5 x 12.3 x 4.2 in\/445 x 313 x 107 mm<\/dd> <\/dl> <dl class=\"goodsDesc_item goodsDesc_item_even\"> <dt>Net Weight<\/dt> <dd> 18.4 lbs\/8.35 kg<\/dd> <\/dl> <\/div> <\/div>","protected":false},"excerpt":{"rendered":"<ul>\n<li> 2-in-1 Hybrid Solar Inverter: Seamlessly integrated inverter and controller with 5500W 220V\/230VAC high-rated power, providing pure sine wave output for various applications. It meets high energy consumption requirements and offers an efficient power solution for off-grid solar PV systems. <\/li>\n<li> Efficient MPPT Technology: Equipped with a built-in MPPT solar charge controller, our hybrid inverter charger supports a maximum of 100A battery charging and boosts solar energy conversion efficiency up to 96%. It can handle solar arrays with a maximum of 5500W and a voltage range of 500V DC. <\/li>\n<li> Wide Application: It is suitable for all inductive loads, some motor-type loads, and half-wave loads. Battery management: This inverter is suitable for a 48V battery system and supports lead-acid batteries and water batteries. It is compatible with some lithium batteries or can be used with lithium batteries without establishing communication. At the same time, it has the function of setting the battery charging and discharging shut-off node, equalizing charging, and automatically activating the lithium battery to extend the service life of the battery. <\/li>\n<li> Multiple Protection Functions: Our off grid hybrid solar inverter comes equipped with a range of security features, including over-temperature protection, over-current protection, over-voltage protection, under-voltage protection, short circuit protection, and over-load protection. These safeguards ensure the security of your circuits and power supply. <\/li>\n<li> Intelligent Control: Our hybrid pure sine inverter provides real-time system data and operating status through an LCD display. Additionally, you can easily adjust different charging modes (solar, utility, or hybrid) and discharge modes (UTL mode, SOL mode, SBU mode, and SUB mode) using the built-in buttons. It&#8217;s a versatile power solution for both home and office environments, catering to a wide range of electrical appliances. <\/li>\n<\/ul>\n","protected":false},"featured_media":276603,"comment_status":"closed","ping_status":"open","template":"","meta":{"om_disable_all_campaigns":false,"_monsterinsights_skip_tracking":false,"_monsterinsights_sitenote_active":false,"_monsterinsights_sitenote_note":"","_monsterinsights_sitenote_category":0,"_uf_show_specific_survey":0,"_uf_disable_surveys":false},"location":[1935,1934],"product_brand":[21],"product_cat":[34,3600,931,2810],"product_tag":[],"class_list":{"0":"post-21976","1":"product","2":"type-product","3":"status-publish","4":"has-post-thumbnail","6":"location-supplier_stock_location","7":"location-local_stock_location","8":"product_brand-vevor","9":"product_cat-electrical","10":"product_cat-hybrid-solar-inverter","11":"product_cat-renewable-energy","12":"product_cat-solar-power-accessories","14":"first","15":"instock","16":"taxable","17":"shipping-taxable","18":"purchasable","19":"product-type-simple"},"aioseo_notices":[],"jetpack_sharing_enabled":true,"locations":[{"id":1935,"name":"Pieg\u0101d\u0101t\u0101ja noliktav\u0101 (5-7d.d.)","slug":"supplier_stock_location","quantity":"505"},{"id":1934,"name":"R\u012bgas veikal\u0101 (0-2d.d.)","slug":"local_stock_location","quantity":"0"}],"_links":{"self":[{"href":"https:\/\/vevorshop.lv\/en_us\/wp-json\/wp\/v2\/product\/21976","targetHints":{"allow":["GET"]}}],"collection":[{"href":"https:\/\/vevorshop.lv\/en_us\/wp-json\/wp\/v2\/product"}],"about":[{"href":"https:\/\/vevorshop.lv\/en_us\/wp-json\/wp\/v2\/types\/product"}],"replies":[{"embeddable":true,"href":"https:\/\/vevorshop.lv\/en_us\/wp-json\/wp\/v2\/comments?post=21976"}],"wp:featuredmedia":[{"embeddable":true,"href":"https:\/\/vevorshop.lv\/en_us\/wp-json\/wp\/v2\/media\/276603"}],"wp:attachment":[{"href":"https:\/\/vevorshop.lv\/en_us\/wp-json\/wp\/v2\/media?parent=21976"}],"wp:term":[{"taxonomy":"location","embeddable":true,"href":"https:\/\/vevorshop.lv\/en_us\/wp-json\/wp\/v2\/location?post=21976"},{"taxonomy":"product_brand","embeddable":true,"href":"https:\/\/vevorshop.lv\/en_us\/wp-json\/wp\/v2\/product_brand?post=21976"},{"taxonomy":"product_cat","embeddable":true,"href":"https:\/\/vevorshop.lv\/en_us\/wp-json\/wp\/v2\/product_cat?post=21976"},{"taxonomy":"product_tag","embeddable":true,"href":"https:\/\/vevorshop.lv\/en_us\/wp-json\/wp\/v2\/product_tag?post=21976"}],"curies":[{"name":"wp","href":"https:\/\/api.w.org\/{rel}","templated":true}]}}