{"id":222131,"date":"2025-12-19T00:49:38","date_gmt":"2025-12-18T22:49:38","guid":{"rendered":"https:\/\/vevorshop.lv\/en_us\/Prece\/vevor-womens-heated-fleece-jacket-with-16000mah-power-bank-6-heating-zones-3-heat-levels-winter-outdoor-hoodie-black\/"},"modified":"2026-04-04T20:27:59","modified_gmt":"2026-04-04T17:27:59","slug":"vevor-womens-heated-fleece-jacket-with-16000mah-power-bank-6-heating-zones-3-heat-levels-winter-outdoor-hoodie-black","status":"publish","type":"product","link":"https:\/\/vevorshop.lv\/en_us\/Prece\/vevor-womens-heated-fleece-jacket-with-16000mah-power-bank-6-heating-zones-3-heat-levels-winter-outdoor-hoodie-black\/","title":{"rendered":"VEVOR Women&#039;s Heated Fleece Jacket with 16000mAh Power Bank, 6 Heating Zones, 3 Heat Levels, Black, Ideal for Winter Outdoors"},"content":{"rendered":"<div style=\"color: #fff!important; font-size: 16px; height: 24px; line-height: 24px; margin-top: -24px; \" class=\"product_original_name\">VEVOR Heated Fleece Jacket for Women, Heated Sweatshirt with 7.4V 16000mAh Rechargeable Power Bank Pack, 6 Heating Zones, 3 Temp Levels, 3h\/6h\/10h Warmth, for Winter Outdoor Camping, Black<\/div>\n<div style=\"color: #fff!important; font-size: 16px; height: 24px; line-height: 24px; margin-top: -24px; \" class=\"product_sku\">MJBGR8TI<\/div>\n<div style=\"color: #fff!important; font-size: 16px; height: 24px; line-height: 24px; margin-top: -24px; \" class=\"product_mpn\">JRYLRKSWMNKXNDY8S001V9<\/div><div id=\"js-DM_at-goodDescRich\"><html><head><style>  body {    font-family: Arial;    line-height: 1.5;    color: #1c1c1c;    overflow-x: hidden;    margin: 0;    padding: 0;  }  .MsoNormal b {    font-weight: bolder;  }<\/style><style>  .container.small {    width: 970px;    margin: 0 auto;  }  .logo {    margin: 0 auto 0;  }  .logo img {    display: block;    margin: 0 auto;    max-width: 100%;  }  .logo .pc-banner {    display: block;    width: 1200px;    height: 247.4px;    margin: 0 auto;  }  .logo .pc-banner.small {    width: 970px;  }  .logo .pc-banner.small img {    height: auto!important;  }  .logo .m-banner {    display: none;  }  .ytvideo {    position: relative;    height: 546px;    width: 100%;    margin: 0 auto;  }  .ytvideo img {    width: 100%;    margin: 0 auto;  }  .ytvideo .play-btn {    width: 60px;    height: 42px;    position: absolute;    top: 50%;    left: 50%;    transform: translate(-50%, -50%);    background: url(\"data:image\/png;base64,iVBORw0KGgoAAAANSUhEUgAAAGQAAABGCAMAAAANWMFbAAAC+lBMVEUAAADBGB3kLCfBGB3kLCfcJC7BFx3KKSbiKybkLCbWJCPSIiLSIiLPICHAFx3kLCfgKSXNHiDZJiTIGx\/p4eHcjo7LHSDbJyTkLCbjKyfOHyHPIiL28fHJHB\/GGh7EGR7eKCXDGB3RISHlLSbBGB3AFxzGHB7DGB7BGB3hKybkKybAFx3lLCfAFxzDGR3hKibDGB7cJyTmz8\/elJTlwcHjurrUIyLlLSflLSfAFx3DGR7lLSfCFx3hKibhKibhKybjKybkLCblLSfbJSX49vbx7e3NNzjNMTLMJyjVIyLZf3\/ZQ0LaeHjx0tLgoqLkLCfCGB3HGx\/BGB3BFx3PICHCGB7WJCLOHyC\/Fxy\/Fx3lLCfQISHkLSe\/FxzbJiTBFx3FGx\/AGB7BFx3EGR7AGB3HHSDfKiXAFh3TISHYNzbhKibbJyTTIiL57e325+f039\/v2NjUV1fOHiHiqanfmprch4feKSXVIyPOICHmLibFGh\/mLSe\/Fx7XJCPeKSXXJSPNHyHaJyTGGh7lLCbmLCflLSjSIiLkLCbdKSXLHiC\/GB3KHh++Fh3lKyfoLiXcKCPkx8fYb2\/XaGfVXl3aU1LLHiDksbHgKibPICHbJyTfKSXbJyTCGB3KHSDiKybFGh7TIiL\/\/\/\/VIyPRISHIHB\/GGx\/HHB\/DGR7gKibdKCXLHiDZJiTMHiDNHyHYJSTOICHPICHWJCPcKCXXJSPjLCblLCf+\/f3NGR\/uLijzLynPGR\/IGB7WISHaIyLLGh7UAADxLynNAADRLzDbICLQAADIAAD3MCrUHSHXMTDpKSbLAADp5OTij4\/ejo\/VLy\/1LyngJSTcJCPQHx\/OHB7+\/PzaMS\/OLS\/vLijrLSjSAADaNTPwLyjkKSbNJCbYISHPHB\/KGB7WAAD7+vrn3d3aKynTKCjoLCfsKifRGh\/YAADq5+fhjo7QNDXXKCfmJyXt5+fTLzDLLi\/QKivYHRvMGBrQJCXLISPMExXLDxLaEAvkkI\/bOTfaFQ\/SCgpvLcnHAAAAmnRSTlMA+vv7+gT9Bvf9+8z8\/NSv\/Pr5+P7++vnQIBMP\/v38\/Pn348XDiCYf9OjbzcqxXVcx\/fz8+\/rj1r2poo1+fXFqX0orGP7+\/v7+\/fz8+\/r68uzn4trIxsG\/vri3p6GcmZSNbWVYUUZEPQv+\/f39+\/v7+\/v7+vr64tvV1NTTz87FtbSurqeblJKFg4B3bUY+NjL7+\/v7+\/v67t1cDo8JLQAABkRJREFUWMO0kz9rwkAYh0OIeJkum6YugUAhISCdKoj\/P4C7SMdS+gEKIhSKil10LSg4mzXkILdlEpxCpwTiWOLX6BujvQaEQuGeHLnL+\/64J+SIcKGYTYWnntpdLjrVdqvZmNdn0+EE40GtpuuWVS6Xx6N7YDSGpWXpeq02wHgynM7q80az1a52HpddtVcpsi1zFARBrdaxbhp9iUReTGmwA4KAAr7vx3EYejnCMI6hQYEgy0LQi4jUN0wL19vqFcUC9\/1dAKmEEFkWRYkh5oBejnxQJiSJPJ\/uKBp0Thszx9Mw8hMRIQjKsptCfuES9zr5WJY6vSFCIvE9fCMUmEM1A1kSXcYGxgVYsvI1IPKTZciSTI0us\/SMGG04gDzELDoFBwdcFJrF88dqgYMTiL6DILWYyfOWE8\/kIz38olCNlC03FK95+imxp6y4oUSvAnBjHHhKNtotSDqJzVFiK8c2SBqhZtsrTtgrLXwAyduxZHNE26eHUt5rtuM4WSmds3G+sUdWYo1L+XyxButoh5eKUHk5lByO3G1LqqCWVnfrv\/lyPtf\/4ps1cndNGIri8J1TJ0lx6dR\/oPjq1nbRwdp2dCk4CtIOLW3pVKRL6WZfS5vF2KkIQhpwSsjiYIgNCs1gEMGqiIq24NQX9NwoXFy8Ufrl3twTcg4fv8T9\/JBEySduj6Mjm4bMzYV7EEOxKjjoNDud7yY3Dy71Hq2oLmqfbNR723edH9PgMrNL2utoQ3VmaIDkiw\/4w51P06hlZsTZvkRrbVuSIs\/zwSOsycgzStQouoAkWQqioRT5XI7n2Z1wfVhoZmcAJLsoqjqpjbWCgpOAJXBwHK8PzWbNvoUZJND5wCnSkLAkZ1legx6vqQzjoiTahKlGUGLAiIIoABOHaNVw4sexZBym6\/HWlH5h3IC7yRbxtipcWxdTOkORKiNQAEkFf66x5S2oeRbroOlLgg0sSYkR0hRGEqJZ0jTPiQKatESdBckpWigxaapEH0lImHdWu9pUFF2XqMNM2Z4kped7IwEJw2qabwtrQqnpw6HyKkgcadKWsmpywwesDyIhYRpdzXddqegtGIJlXbAIUMOLkGxJUjRIkokwjUaX9d\/kK62ps\/tYUqZLIMkLTyBhsMZ3C5Z\/kDxOSCb\/DOs\/\/J0qcWSX\/2ipe56EgTCA4\/cB7NAYOsni4mZM1MUPAISoEwkDi4lhVBQ1cWQyIcwalw4EpqZN68JUSK7XC0kTlkLYii5uXSC8jT5ncCAS7mjCv0uHp\/3lueHEEAeQ\/\/VgmdN71\/2uCSA1Xr6DO6uI6sW56zqT2tp2PhgiRUAajV8CY2fkcz6WGNKMgLAt7tJAhD4YHMTeRxlALE6+43WqjSWi8ITxyJl8WrwWSNESQZZOqhDDntO3hJLsd5RtSpbJqdv3YrDJH3F7jL1R2O2aQkn2MyCyKYz0GPGIvSAMgBCrCEiJyKbBaYGwLW4uPRr0A0M4Ux5kUI7IBh+hMdiCEWNqhMZGyYMsOgNE58UQuEQeUnSWCMYwL54hkxK6IoqucQZbQ3pc3XtL0lky1dL0zZJJDpWJovFqpWj6JEHnyam2eQp5QRVAVHjWparTOaVwUOx99YS2MvgxIGV0bb+qIg2HX2qkFFJB+XZcbLiuRkuxD9GRroKyveLxdh4d7Orx+hb7qc3uVRuEogCOnyIxm4ubUoPgF4jianDrC+SDQDKEfJb0GUKmjCGPYHGJvVC6X4hw1\/sAfQAdfYyephIaspXe36RwOP+Ljvfx9B6B3i+Nk0DGq+oCbLn6JpBa9nWAveAIHwFAwtVcIJXPMPL8kRu5OAYPMaL1WScTxjiZDqB9LTJSWphow\/pTYKRTLjCBhvi9iBidvKcDasGSm0QQkycYuLBqj6QCELPctqChDWpTRMWkngNNpQ1Pfp1KkiT\/Y0DGffXAweUNfLAfaJFKDwhb6I+bkYRbkERoEeu3Fyjg2opMz2daZCS9jt6Q7txNfB+OZEVF6Zl5web2xunnLQrtrjXseXKaFYziYINeMFZVxS9VxRhOoesYwxPKXm+gWLG9cuFeq93UNNeJNsf1KlwuDok9n02n3TgIJpOxNfL9naIoQwXtfH9kjceTIIi709ncTg6LZbg+biLH1V6u\/7rxBem06VXKn9raAAAAAElFTkSuQmCC\")      no-repeat center center \/ contain;  }  @media screen and (max-width: 960px) and (orientation: portrait) {    .logo {      width: 100%;    }    .logo .pc-banner {      display: none;    }    .logo .m-banner {      display: block;      width: 100%;    }    .logo .m-banner img {      height: auto!important;    }    .ytvideo {      height: 200px;      width: 100%;    }  }<\/style><style>  .video-section {    width: 100%;    margin: 0 auto;  }  .video-section > img {    width: 100%;  }  .video-section iframe,  .video-section video {    width: 100%;    height: 100%;      }  .video-section-img-m,  .video-section-img-pc > img {    width: 100%;    height: auto;  }  .video-section-img-pc.small > img {    width: 970px;  }  .video-desc {    line-height: 1.5;    font-size: 20px;    font-weight: 400;    margin: 20px 0;    text-align: center;    color: #0f1111;    word-break: break-word;  }  @media screen and (max-width: 960px) and (orientation: portrait) {    .video-section {      width: 100%;    }    .video-section-pc,    .video-section-img-pc {      display: none;    }    .video-section-m,    .video-section-img-m {      display: block;    }    .video-desc {      font-size: 15px;    }  }  @media screen and (min-width: 960px) {    .video-section {      width: 100%;      margin: 0 auto;    }    .video-section-pc,    .video-section-img-pc {      display: block;    }    .video-section-m,    .video-section-img-m {      display: none;    }    .video-desc {      font-size: 20px;    }  }<\/style><style>  .section + .section {    margin-top: 35px;  }  .section-title {    text-align: center;    font-weight: bold;    color: #0d1111;    font-family: \"Arial\";    font-size: 32px;    margin: 15px 0;  }  .section-title:empty {    display: none;  }  .section-desc {    text-align: center;    font-weight: normal;    color: #0d1111;    margin-top: 20px;  }  .section-desc:empty {    display: none;  }  .section-img {    width: 1200px;    height: 492px;    margin: 0 auto;    display: block;  }  .section-img.small {    width: 970px;    height: auto;  }  .section-img.small > img {    height: auto;  }  .section-img > img {    width: 100%;    height: 100%;  }  .section-mobile-img {    display: none;    max-width: 100vw;    max-height: 75vw;    height: 450px;    margin: 0 auto;  }  .section-mobile-img > img {    width: 100%;    height: 100%;  }  @media screen and (max-width: 960px) and (orientation: portrait) {    .container {      width: 100%;    }    .container.small {      width: 100%;    }    .section-mobile-img {      display: block;    }    .section-img {      display: none;    }    .section-title {      font-size: 22px;      margin: 10px 0;    }    .section-desc {      margin-top: 10px;    }    .section + .section {      margin-top: 20px;    }  }<\/style><\/head><body><div class=\"container\"><div class=\"logo\"><div class=\"pc-banner\"><div><img decoding=\"async\" src=\"\/vevor\/vevor\/boutique-banner\/pc\/en-pc@1x.jpg\" style=\"width: 100%;\" \/><\/div><\/div><div class=\"m-banner\"><div><img decoding=\"async\" src=\"\/vevor\/vevor\/boutique-banner\/mobile\/en-m@1x.jpg\" style=\"width: 100%;\" \/><\/div><\/div><\/div><div class=\"section-title\">Heated Sweatshirt for Portable Warmth<\/div><div class=\"video-section\"><div class=\"video-section-img-pc\"><img decoding=\"async\" src=\"\/vevor\/product\/JRYLRKSWMNKXNDY8S001\/heated-sweatshirt-a100-1.4.jpg\" \/><\/div><div class=\"video-section-img-m\"><img decoding=\"async\" src=\"\/vevor\/product\/JRYLRKSWMNKXNDY8S001\/heated-sweatshirt-a100-1.4-m.jpg\" \/><\/div><div class=\"section-desc\">This heated sweatshirt features 6-zone carbon fiber heating for fast, even warmth. It supports three adjustable temperature settings with a 16000 mAh fast-charging power bank. Made of premium fabric, it provides durability and machine-wash convenience for winter wear.<\/div><\/div><div class=\"section\"><div class=\"section-title\"><\/div><div class=\"section-img\"><img decoding=\"async\" src=\"\/vevor\/product\/JRYLRKSWMNKXNDY8S001\/heated-sweatshirt-a100-2.2.jpg\" \/><\/div><div class=\"section-mobile-img\"><img decoding=\"async\" src=\"\/vevor\/product\/JRYLRKSWMNKXNDY8S001\/heated-sweatshirt-a100-2.2-m.jpg\" \/><\/div><div class=\"section-desc\">This heated jacket features fixed heating elements to fit tightly without shifting, ensuring stable temperature performance. Its tangle-resistant and short-circuit-resistant properties ensure reliability and longer life.<\/div><\/div><div class=\"section\"><div class=\"section-title\"><\/div><div class=\"section-img\"><img decoding=\"async\" src=\"\/vevor\/product\/JRYLRKSWMNKXNDY8S001\/heated-sweatshirt-a100-2.3.jpg\" \/><\/div><div class=\"section-mobile-img\"><img decoding=\"async\" src=\"\/vevor\/product\/JRYLRKSWMNKXNDY8S001\/heated-sweatshirt-a100-2.3-m.jpg\" \/><\/div><div class=\"section-desc\">Our heated hoodie features a 16000 mAh fast-charging power bank, providing long-lasting battery life. With 7.4 V\/15 W output, it not only keeps the heated sweatshirt warm but also charges your electronic devices during travel.<\/div><\/div><div class=\"section\"><div class=\"section-title\"><\/div><div class=\"section-img\"><img decoding=\"async\" src=\"\/vevor\/product\/JRYLRKSWMNKXNDY8S001\/heated-sweatshirt-a100-2.4.jpg\" \/><\/div><div class=\"section-mobile-img\"><img decoding=\"async\" src=\"\/vevor\/product\/JRYLRKSWMNKXNDY8S001\/heated-sweatshirt-a100-2.4-m.jpg\" \/><\/div><div class=\"section-desc\">This heater jacket\u2019s washing and care only need three steps: take off the power bank, place the sweatshirt in a laundry bag, and wash directly in the machine. These steps can maintain long-term shape stability and cleanliness.<\/div><\/div><div class=\"section\"><div class=\"section-title\"><\/div><div class=\"section-img\"><img decoding=\"async\" src=\"\/vevor\/product\/JRYLRKSWMNKXNDY8S001\/heated-sweatshirt-a100-2.5.jpg\" \/><\/div><div class=\"section-mobile-img\"><img decoding=\"async\" src=\"\/vevor\/product\/JRYLRKSWMNKXNDY8S001\/heated-sweatshirt-a100-2.5-m.jpg\" \/><\/div><div class=\"section-desc\">Our heated fleece jacket provides a reliable performance to maintain a constant temperature and warmth anytime, anywhere. It is ideal for outdoor work in severe cold, sports, camping, cycling, commuting, and air-conditioned rooms, also for sharing with family or friends.<\/div><\/div><div class=\"section\"><div class=\"section-img\"><img decoding=\"async\" src=\"\/vevor\/product\/JRYLRKSWMNKXNDY8S001\/heated-sweatshirt-a100-1.11.jpg\" \/><\/div><div class=\"section-mobile-img\"><img decoding=\"async\" src=\"\/vevor\/product\/JRYLRKSWMNKXNDY8S001\/heated-sweatshirt-a100-1.11-m.jpg\" \/><\/div><\/div><\/div><\/body><\/html><\/div>\n<div class=\"DM_at-title\" id=\"js-DM_at-title\"> <div>Product specification<\/div> <i class=\"icon-arrowup_line\"><\/i> <\/div><div class=\"DM_at-goodsDescAttr\" id=\"js-DM_at-goodsDescAttr\"> <div class=\"DM_at-goodsDescAttrInner\"> <dl class=\"goodsDesc_item goodsDesc_item_even\"> <dt>Item Model Number<\/dt> <dd> 2530<\/dd> <\/dl> <dl class=\"goodsDesc_item \"> <dt>Input Voltage<\/dt> <dd> 7.4V<\/dd> <\/dl> <dl class=\"goodsDesc_item goodsDesc_item_even\"> <dt>Power<\/dt> <dd> 15W<\/dd> <\/dl> <dl class=\"goodsDesc_item \"> <dt>Clothing Size<\/dt> <dd> XL<\/dd> <\/dl> <dl class=\"goodsDesc_item goodsDesc_item_even\"> <dt>Power Bank Capacity<\/dt> <dd> 16000mAh<\/dd> <\/dl> <dl class=\"goodsDesc_item \"> <dt>Number of Heating Zones<\/dt> <dd> 6<\/dd> <\/dl> <dl class=\"goodsDesc_item goodsDesc_item_even\"> <dt>Heating Zone Locations<\/dt> <dd> Abdomen, Back Panel, Neck, Waist<\/dd> <\/dl> <dl class=\"goodsDesc_item \"> <dt>Heating Time<\/dt> <dd> 3 h\/6 h\/10 h<\/dd> <\/dl> <dl class=\"goodsDesc_item goodsDesc_item_even\"> <dt>3 Temp Settings<\/dt> <dd> 95-104\/113-122\/131-140\u00b0F, 35-40\/45-50\/55-60\u00b0C<\/dd> <\/dl> <dl class=\"goodsDesc_item \"> <dt>Clothing Connection Port<\/dt> <dd> DC<\/dd> <\/dl> <dl class=\"goodsDesc_item goodsDesc_item_even\"> <dt>Main Material<\/dt> <dd> Polar Fleece<\/dd> <\/dl> <dl class=\"goodsDesc_item \"> <dt>Color<\/dt> <dd> Black<\/dd> <\/dl> <dl class=\"goodsDesc_item goodsDesc_item_even\"> <dt><\/dt> <dd>Net Weight 2.54 lbs\/1.15 kg<\/dd> <\/dl> <\/div> <\/div>","protected":false},"excerpt":{"rendered":"<ul>\n<li> Fast Heating: This heated sweatshirt provides six carbon fiber heating zones (2 abdominal, 1 back, 1 neck, 2 waist) for quick, even warmth. Three adjustable heat levels (95-104\/113-122\/131-140\u00b0F) let you choose comfort, efficiently driving away cold <\/li>\n<li> Long-Lasting Warmth: Equipped with a 16000mAh fast-charge power bank, our heated jacket provides 3\/6\/10h of continuous use. A separate battery pocket meets daily warmth needs and ensures continuous and stable heating output even in cold conditions <\/li>\n<li> Comfortable &#038; Hard-Wearing: Our heated hoodie features a lightweight polar fleece fabric, providing thermal insulation performance and softness. Its anti-static finish makes dressing easier, while the smooth YKK zipper ensures lasting use <\/li>\n<li> Fit Without Tightness: Featuring a neutral, loose silhouette design, the heater jacket meets the needs of outer and inner wear. International standard sizes fit small to large-sized users, ensuring a comfortable fit without restraint <\/li>\n<li> Suitable for All Occasions: The heated fleece jacket is designed for cold outdoor work, sports, camping, cycling commuting, holiday use, and air-conditioned rooms. Its reliable performance provides you with continuous and stable warmth anytime, anywhere <\/li>\n<\/ul>\n","protected":false},"featured_media":440501,"comment_status":"open","ping_status":"open","template":"","meta":{"om_disable_all_campaigns":false,"_monsterinsights_skip_tracking":false,"_monsterinsights_sitenote_active":false,"_monsterinsights_sitenote_note":"","_monsterinsights_sitenote_category":0,"_uf_show_specific_survey":0,"_uf_disable_surveys":false},"location":[1935,1934],"product_brand":[],"product_cat":[1613,164,1612],"product_tag":[],"class_list":{"0":"post-222131","1":"product","2":"type-product","3":"status-publish","4":"has-post-thumbnail","6":"location-supplier_stock_location","7":"location-local_stock_location","8":"product_cat-heated-sweatshirts","9":"product_cat-heating-cooling","10":"product_cat-workwear","12":"first","13":"instock","14":"taxable","15":"shipping-taxable","16":"purchasable","17":"product-type-simple"},"aioseo_notices":[],"jetpack_sharing_enabled":true,"locations":[{"id":1935,"name":"Pieg\u0101d\u0101t\u0101ja noliktav\u0101 (5-7d.d.)","slug":"supplier_stock_location","quantity":"12"},{"id":1934,"name":"R\u012bgas veikal\u0101 (0-2d.d.)","slug":"local_stock_location","quantity":"0"}],"_links":{"self":[{"href":"https:\/\/vevorshop.lv\/en_us\/wp-json\/wp\/v2\/product\/222131","targetHints":{"allow":["GET"]}}],"collection":[{"href":"https:\/\/vevorshop.lv\/en_us\/wp-json\/wp\/v2\/product"}],"about":[{"href":"https:\/\/vevorshop.lv\/en_us\/wp-json\/wp\/v2\/types\/product"}],"replies":[{"embeddable":true,"href":"https:\/\/vevorshop.lv\/en_us\/wp-json\/wp\/v2\/comments?post=222131"}],"wp:featuredmedia":[{"embeddable":true,"href":"https:\/\/vevorshop.lv\/en_us\/wp-json\/wp\/v2\/media\/440501"}],"wp:attachment":[{"href":"https:\/\/vevorshop.lv\/en_us\/wp-json\/wp\/v2\/media?parent=222131"}],"wp:term":[{"taxonomy":"location","embeddable":true,"href":"https:\/\/vevorshop.lv\/en_us\/wp-json\/wp\/v2\/location?post=222131"},{"taxonomy":"product_brand","embeddable":true,"href":"https:\/\/vevorshop.lv\/en_us\/wp-json\/wp\/v2\/product_brand?post=222131"},{"taxonomy":"product_cat","embeddable":true,"href":"https:\/\/vevorshop.lv\/en_us\/wp-json\/wp\/v2\/product_cat?post=222131"},{"taxonomy":"product_tag","embeddable":true,"href":"https:\/\/vevorshop.lv\/en_us\/wp-json\/wp\/v2\/product_tag?post=222131"}],"curies":[{"name":"wp","href":"https:\/\/api.w.org\/{rel}","templated":true}]}}