{"id":33309,"date":"2024-11-18T22:56:07","date_gmt":"2024-11-18T22:56:07","guid":{"rendered":"http:\/\/vevorshop.edigo.lv\/Prece\/vevor-gear-puller-set-3-4-6-8-puller-kit-3-jaw-gear-bearing-flywheel-pulley-removal-tool-2-or-3-reversible-jaws-wheel-puller-vertically-and-horizontally-external-and-internal-4-piece\/"},"modified":"2026-04-20T06:48:31","modified_gmt":"2026-04-20T03:48:31","slug":"vevor-gear-puller-set-3-4-6-8-puller-kit-3-jaw-gear-bearing-flywheel-pulley-removal-tool-2-or-3-reversible-jaws-wheel-puller-vertically-and-horizontally-external-and-internal-4-piece","status":"publish","type":"product","link":"https:\/\/vevorshop.lv\/en_us\/Prece\/vevor-gear-puller-set-3-4-6-8-puller-kit-3-jaw-gear-bearing-flywheel-pulley-removal-tool-2-or-3-reversible-jaws-wheel-puller-vertically-and-horizontally-external-and-internal-4-piece\/","title":{"rendered":"VEVOR 4-Piece Gear Puller Set with 76\u2013203 mm Spread, 2\/3 Reversible Jaws, Internal\/External Pulling Tool for Gears, Bearings, Pulleys"},"content":{"rendered":"<div style=\"color: #fff!important; font-size: 16px; height: 24px; line-height: 24px; margin-top: -24px; \" class=\"product_original_name\">VEVOR Gear Puller Set, 76.2 mm 101.6 mm 152.4 mm 203.2 mm Puller Kit, 3 Jaw Gear Bearing Flywheel Pulley Removal Tool, 2 or 3 Reversible Jaws Wheel Puller, Vertically and Horizontally, External and Internal, 4-Piece<\/div>\n<div style=\"color: #fff!important; font-size: 16px; height: 24px; line-height: 24px; margin-top: -24px; \" class=\"product_sku\">M4I4L4ZZ<\/div>\n<div style=\"color: #fff!important; font-size: 16px; height: 24px; line-height: 24px; margin-top: -24px; \" class=\"product_mpn\">ZSLM43468INCHX86GV0<\/div><div id=\"js-DM_at-goodDescRich\"><html><head><style>  body {    font-family: Arial;    line-height: 1.5;    color: #1c1c1c;    overflow-x: hidden;    margin: 0;    padding: 0;  }  .MsoNormal b {    font-weight: bolder;  }<\/style><style>  .container.small {    width: 970px;    margin: 0 auto;  }  .logo {    margin: 0 auto 0;  }  .logo img {    display: block;    margin: 0 auto;    max-width: 100%;  }  .logo .pc-banner {    display: block;    width: 1200px;    height: 247.4px;    margin: 0 auto;  }  .logo .pc-banner.small {    width: 970px;  }  .logo .pc-banner.small img {    height: auto!important;  }  .logo .m-banner {    display: none;  }  .ytvideo {    position: relative;    height: 546px;    width: 100%;    margin: 0 auto;  }  .ytvideo img {    width: 100%;    margin: 0 auto;  }  .ytvideo .play-btn {    width: 60px;    height: 42px;    position: absolute;    top: 50%;    left: 50%;    transform: translate(-50%, -50%);    background: url(\"data:image\/png;base64,iVBORw0KGgoAAAANSUhEUgAAAGQAAABGCAMAAAANWMFbAAAC+lBMVEUAAADBGB3kLCfBGB3kLCfcJC7BFx3KKSbiKybkLCbWJCPSIiLSIiLPICHAFx3kLCfgKSXNHiDZJiTIGx\/p4eHcjo7LHSDbJyTkLCbjKyfOHyHPIiL28fHJHB\/GGh7EGR7eKCXDGB3RISHlLSbBGB3AFxzGHB7DGB7BGB3hKybkKybAFx3lLCfAFxzDGR3hKibDGB7cJyTmz8\/elJTlwcHjurrUIyLlLSflLSfAFx3DGR7lLSfCFx3hKibhKibhKybjKybkLCblLSfbJSX49vbx7e3NNzjNMTLMJyjVIyLZf3\/ZQ0LaeHjx0tLgoqLkLCfCGB3HGx\/BGB3BFx3PICHCGB7WJCLOHyC\/Fxy\/Fx3lLCfQISHkLSe\/FxzbJiTBFx3FGx\/AGB7BFx3EGR7AGB3HHSDfKiXAFh3TISHYNzbhKibbJyTTIiL57e325+f039\/v2NjUV1fOHiHiqanfmprch4feKSXVIyPOICHmLibFGh\/mLSe\/Fx7XJCPeKSXXJSPNHyHaJyTGGh7lLCbmLCflLSjSIiLkLCbdKSXLHiC\/GB3KHh++Fh3lKyfoLiXcKCPkx8fYb2\/XaGfVXl3aU1LLHiDksbHgKibPICHbJyTfKSXbJyTCGB3KHSDiKybFGh7TIiL\/\/\/\/VIyPRISHIHB\/GGx\/HHB\/DGR7gKibdKCXLHiDZJiTMHiDNHyHYJSTOICHPICHWJCPcKCXXJSPjLCblLCf+\/f3NGR\/uLijzLynPGR\/IGB7WISHaIyLLGh7UAADxLynNAADRLzDbICLQAADIAAD3MCrUHSHXMTDpKSbLAADp5OTij4\/ejo\/VLy\/1LyngJSTcJCPQHx\/OHB7+\/PzaMS\/OLS\/vLijrLSjSAADaNTPwLyjkKSbNJCbYISHPHB\/KGB7WAAD7+vrn3d3aKynTKCjoLCfsKifRGh\/YAADq5+fhjo7QNDXXKCfmJyXt5+fTLzDLLi\/QKivYHRvMGBrQJCXLISPMExXLDxLaEAvkkI\/bOTfaFQ\/SCgpvLcnHAAAAmnRSTlMA+vv7+gT9Bvf9+8z8\/NSv\/Pr5+P7++vnQIBMP\/v38\/Pn348XDiCYf9OjbzcqxXVcx\/fz8+\/rj1r2poo1+fXFqX0orGP7+\/v7+\/fz8+\/r68uzn4trIxsG\/vri3p6GcmZSNbWVYUUZEPQv+\/f39+\/v7+\/v7+vr64tvV1NTTz87FtbSurqeblJKFg4B3bUY+NjL7+\/v7+\/v67t1cDo8JLQAABkRJREFUWMO0kz9rwkAYh0OIeJkum6YugUAhISCdKoj\/P4C7SMdS+gEKIhSKil10LSg4mzXkILdlEpxCpwTiWOLX6BujvQaEQuGeHLnL+\/64J+SIcKGYTYWnntpdLjrVdqvZmNdn0+EE40GtpuuWVS6Xx6N7YDSGpWXpeq02wHgynM7q80az1a52HpddtVcpsi1zFARBrdaxbhp9iUReTGmwA4KAAr7vx3EYejnCMI6hQYEgy0LQi4jUN0wL19vqFcUC9\/1dAKmEEFkWRYkh5oBejnxQJiSJPJ\/uKBp0Thszx9Mw8hMRIQjKsptCfuES9zr5WJY6vSFCIvE9fCMUmEM1A1kSXcYGxgVYsvI1IPKTZciSTI0us\/SMGG04gDzELDoFBwdcFJrF88dqgYMTiL6DILWYyfOWE8\/kIz38olCNlC03FK95+imxp6y4oUSvAnBjHHhKNtotSDqJzVFiK8c2SBqhZtsrTtgrLXwAyduxZHNE26eHUt5rtuM4WSmds3G+sUdWYo1L+XyxButoh5eKUHk5lByO3G1LqqCWVnfrv\/lyPtf\/4ps1cndNGIri8J1TJ0lx6dR\/oPjq1nbRwdp2dCk4CtIOLW3pVKRL6WZfS5vF2KkIQhpwSsjiYIgNCs1gEMGqiIq24NQX9NwoXFy8Ufrl3twTcg4fv8T9\/JBEySduj6Mjm4bMzYV7EEOxKjjoNDud7yY3Dy71Hq2oLmqfbNR723edH9PgMrNL2utoQ3VmaIDkiw\/4w51P06hlZsTZvkRrbVuSIs\/zwSOsycgzStQouoAkWQqioRT5XI7n2Z1wfVhoZmcAJLsoqjqpjbWCgpOAJXBwHK8PzWbNvoUZJND5wCnSkLAkZ1legx6vqQzjoiTahKlGUGLAiIIoABOHaNVw4sexZBym6\/HWlH5h3IC7yRbxtipcWxdTOkORKiNQAEkFf66x5S2oeRbroOlLgg0sSYkR0hRGEqJZ0jTPiQKatESdBckpWigxaapEH0lImHdWu9pUFF2XqMNM2Z4kped7IwEJw2qabwtrQqnpw6HyKkgcadKWsmpywwesDyIhYRpdzXddqegtGIJlXbAIUMOLkGxJUjRIkokwjUaX9d\/kK62ps\/tYUqZLIMkLTyBhsMZ3C5Z\/kDxOSCb\/DOs\/\/J0qcWSX\/2ipe56EgTCA4\/cB7NAYOsni4mZM1MUPAISoEwkDi4lhVBQ1cWQyIcwalw4EpqZN68JUSK7XC0kTlkLYii5uXSC8jT5ncCAS7mjCv0uHp\/3lueHEEAeQ\/\/VgmdN71\/2uCSA1Xr6DO6uI6sW56zqT2tp2PhgiRUAajV8CY2fkcz6WGNKMgLAt7tJAhD4YHMTeRxlALE6+43WqjSWi8ITxyJl8WrwWSNESQZZOqhDDntO3hJLsd5RtSpbJqdv3YrDJH3F7jL1R2O2aQkn2MyCyKYz0GPGIvSAMgBCrCEiJyKbBaYGwLW4uPRr0A0M4Ux5kUI7IBh+hMdiCEWNqhMZGyYMsOgNE58UQuEQeUnSWCMYwL54hkxK6IoqucQZbQ3pc3XtL0lky1dL0zZJJDpWJovFqpWj6JEHnyam2eQp5QRVAVHjWparTOaVwUOx99YS2MvgxIGV0bb+qIg2HX2qkFFJB+XZcbLiuRkuxD9GRroKyveLxdh4d7Orx+hb7qc3uVRuEogCOnyIxm4ubUoPgF4jianDrC+SDQDKEfJb0GUKmjCGPYHGJvVC6X4hw1\/sAfQAdfYyephIaspXe36RwOP+Ljvfx9B6B3i+Nk0DGq+oCbLn6JpBa9nWAveAIHwFAwtVcIJXPMPL8kRu5OAYPMaL1WScTxjiZDqB9LTJSWphow\/pTYKRTLjCBhvi9iBidvKcDasGSm0QQkycYuLBqj6QCELPctqChDWpTRMWkngNNpQ1Pfp1KkiT\/Y0DGffXAweUNfLAfaJFKDwhb6I+bkYRbkERoEeu3Fyjg2opMz2daZCS9jt6Q7txNfB+OZEVF6Zl5web2xunnLQrtrjXseXKaFYziYINeMFZVxS9VxRhOoesYwxPKXm+gWLG9cuFeq93UNNeJNsf1KlwuDok9n02n3TgIJpOxNfL9naIoQwXtfH9kjceTIIi709ncTg6LZbg+biLH1V6u\/7rxBem06VXKn9raAAAAAElFTkSuQmCC\")      no-repeat center center \/ contain;  }  @media screen and (max-width: 960px) and (orientation: portrait) {    .logo {      width: 100%;    }    .logo .pc-banner {      display: none;    }    .logo .m-banner {      display: block;      width: 100%;    }    .logo .m-banner img {      height: auto!important;    }    .ytvideo {      height: 200px;      width: 100%;    }  }<\/style><style>  .video-section {    width: 100%;    margin: 0 auto;  }  .video-section > img {    width: 100%;  }  .video-section iframe,  .video-section video {    width: 100%;    height: 100%;      }  .video-section-img-m,  .video-section-img-pc > img {    width: 100%;    height: auto;  }  .video-section-img-pc.small > img {    width: 970px;  }  .video-desc {    line-height: 1.5;    font-size: 20px;    font-weight: 400;    margin: 20px 0;    text-align: center;    color: #0f1111;    word-break: break-word;  }  @media screen and (max-width: 960px) and (orientation: portrait) {    .video-section {      width: 100%;    }    .video-section-pc,    .video-section-img-pc {      display: none;    }    .video-section-m,    .video-section-img-m {      display: block;    }    .video-desc {      font-size: 15px;    }  }  @media screen and (min-width: 960px) {    .video-section {      width: 100%;      margin: 0 auto;    }    .video-section-pc,    .video-section-img-pc {      display: block;    }    .video-section-m,    .video-section-img-m {      display: none;    }    .video-desc {      font-size: 20px;    }  }<\/style><style>  .section + .section {    margin-top: 35px;  }  .section-title {    text-align: center;    font-weight: bold;    color: #0d1111;    font-family: \"Arial\";    font-size: 32px;    margin: 15px 0;  }  .section-title:empty {    display: none;  }  .section-desc {    text-align: center;    font-weight: normal;    color: #0d1111;    margin-top: 20px;  }  .section-desc:empty {    display: none;  }  .section-img {    width: 1200px;    height: 492px;    margin: 0 auto;    display: block;  }  .section-img.small {    width: 970px;    height: auto;  }  .section-img.small > img {    height: auto;  }  .section-img > img {    width: 100%;    height: 100%;  }  .section-mobile-img {    display: none;    max-width: 100vw;    max-height: 75vw;    height: 450px;    margin: 0 auto;  }  .section-mobile-img > img {    width: 100%;    height: 100%;  }  @media screen and (max-width: 960px) and (orientation: portrait) {    .container {      width: 100%;    }    .container.small {      width: 100%;    }    .section-mobile-img {      display: block;    }    .section-img {      display: none;    }    .section-title {      font-size: 22px;      margin: 10px 0;    }    .section-desc {      margin-top: 10px;    }    .section + .section {      margin-top: 20px;    }  }<\/style><\/head><body><div class=\"container\"><div class=\"logo\"><div class=\"pc-banner\"><div><img decoding=\"async\" src=\"\/vevor\/vevor\/boutique-banner\/pc\/en-pc@1x.jpg\" style=\"width: 100%;\" \/><\/div><\/div><div class=\"m-banner\"><div><img decoding=\"async\" src=\"\/vevor\/vevor\/boutique-banner\/mobile\/en-m@1x.jpg\" style=\"width: 100%;\" \/><\/div><\/div><\/div><div class=\"section-title\">Pull with Confidence - 4 pcs Gear Puller Set<\/div><div class=\"video-section\"><div class=\"video-section-img-pc\"><img decoding=\"async\" src=\"\/vevor\/product\/ZSLM43468INCHX86G\/gear-puller-a100-1.4.jpg\" alt=\"VEVOR gear puller set 4-pack with secure fit, heavy-duty steel construction, and adjustable jaws.\" \/><\/div><div class=\"video-section-img-m\"><img decoding=\"async\" src=\"\/vevor\/product\/ZSLM43468INCHX86G\/gear-puller-a100-1.4-m.jpg\" alt=\"VEVOR gear puller set 4-pack with secure fit, heavy-duty steel construction, and adjustable jaws.\" \/><\/div><div class=\"section-desc\">The gear puller set with 4 puller tools (3\u201d, 4\u201d, 6\u201d, 8\u201d). Its flexible jaw conversion allows for quick switching between two-jaw and three-jaw modes, providing increased pulling power and stability. Its reversible jaw design ensures a secure grip on both small and large components.<\/div><\/div><div class=\"section\"><div class=\"section-title\"><\/div><div class=\"section-img\"><img decoding=\"async\" src=\"\/vevor\/product\/ZSLM43468INCHX86G\/gear-puller-a100-2.2.jpg\" alt=\"VEVOR gear puller set with 12 locking nuts for a secure and tight grip, efficient reinforcement.\" \/><\/div><div class=\"section-mobile-img\"><img decoding=\"async\" src=\"\/vevor\/product\/ZSLM43468INCHX86G\/gear-puller-a100-2.2-m.jpg\" alt=\"VEVOR gear puller set with 12 locking nuts for a secure and tight grip, efficient reinforcement.\" \/><\/div><div class=\"section-desc\">We've added 12 locking nuts to reinforce the jaws connection, reducing the risk of detachment during long-term use or conversions. Expect a long-lasting, high-quality product you can rely on.<\/div><\/div><div class=\"section\"><div class=\"section-title\"><\/div><div class=\"section-img\"><img decoding=\"async\" src=\"\/vevor\/product\/ZSLM43468INCHX86G\/gear-puller-a100-2.3.jpg\" alt=\"dual-hole adjustment, reversible jaws, switch between 2 or 3-leg puller for VEVOR gear puller set.\" \/><\/div><div class=\"section-mobile-img\"><img decoding=\"async\" src=\"\/vevor\/product\/ZSLM43468INCHX86G\/gear-puller-a100-2.3-m.jpg\" alt=\"dual-hole adjustment, reversible jaws, switch between 2 or 3-leg puller for VEVOR gear puller set.\" \/><\/div><div class=\"section-desc\">The reversible design improves grip on small parts in tight spaces when installed in reverse. And it effortlessly grasps larger components when installed forward.<\/div><\/div><div class=\"section\"><div class=\"section-title\"><\/div><div class=\"section-img\"><img decoding=\"async\" src=\"\/vevor\/product\/ZSLM43468INCHX86G\/gear-puller-a100-2.4.jpg\" alt=\"versatile VEVOR gear puller set for gear, pulley, bearing, and brake disc removal. four-piece kit.\" \/><\/div><div class=\"section-mobile-img\"><img decoding=\"async\" src=\"\/vevor\/product\/ZSLM43468INCHX86G\/gear-puller-a100-2.4-m.jpg\" alt=\"versatile VEVOR gear puller set for gear, pulley, bearing, and brake disc removal. four-piece kit.\" \/><\/div><div class=\"section-desc\">The professional 4-piece bearing pullers designed to tackle a wide range of disassembly tasks effortlessly. With spread ranging from 3\" to 8\", it\u2019s the ideal companion for mechanics, repair garages, and more.<\/div><\/div><div class=\"section\"><div class=\"section-title\"><\/div><div class=\"section-img\"><img decoding=\"async\" src=\"\/vevor\/product\/ZSLM43468INCHX86G\/gear-puller-a100-2.5.jpg\" alt=\"high hardness VEVOR gear puller set with durable, thick threaded rod, and high-temperature resistance.\" \/><\/div><div class=\"section-mobile-img\"><img decoding=\"async\" src=\"\/vevor\/product\/ZSLM43468INCHX86G\/gear-puller-a100-2.5-m.jpg\" alt=\"high hardness VEVOR gear puller set with durable, thick threaded rod, and high-temperature resistance.\" \/><\/div><div class=\"section-desc\">Crafted with industrial-grade strength, the gear puller features a high-temperature quenched and forged screw rod, and precision processed jaws for superior durability and grip.<\/div><\/div><div class=\"section\"><div class=\"section-img\"><img decoding=\"async\" src=\"\/vevor\/product\/ZSLM43468INCHX86G\/gear-puller-a100-1.11.jpg\" alt=\"VEVOR gear puller set with various jaws, junction plates, threaded rods, bases, and locknuts.\" \/><\/div><div class=\"section-mobile-img\"><img decoding=\"async\" src=\"\/vevor\/product\/ZSLM43468INCHX86G\/gear-puller-a100-1.11-m.jpg\" alt=\"VEVOR gear puller set with various jaws, junction plates, threaded rods, bases, and locknuts.\" \/><\/div><\/div><\/div><\/body><\/html><\/div>\n<div class=\"DM_at-title\" id=\"js-DM_at-title\"> <div>Product specification<\/div> <i class=\"icon-arrowup_line\"><\/i> <\/div><div class=\"DM_at-goodsDescAttr\" id=\"js-DM_at-goodsDescAttr\"> <div class=\"DM_at-goodsDescAttrInner\"> <dl class=\"goodsDesc_item goodsDesc_item_even\"> <dt>Item Model Number<\/dt> <dd> 8625-4<\/dd> <\/dl> <dl class=\"goodsDesc_item \"> <dt>Net Weight<\/dt> <dd> 9.4 lbs\/4.25 kg<\/dd> <\/dl> <dl class=\"goodsDesc_item goodsDesc_item_even\"> <dt><\/dt> <dd>3 inch<\/dd> <\/dl> <dl class=\"goodsDesc_item \"> <dt>Max. Spread<\/dt> <dd> 3 in\/76.2 mm<\/dd> <\/dl> <dl class=\"goodsDesc_item goodsDesc_item_even\"> <dt>Max. Force<\/dt> <dd> 1 Ton<\/dd> <\/dl> <dl class=\"goodsDesc_item \"> <dt><\/dt> <dd>4 inch<\/dd> <\/dl> <dl class=\"goodsDesc_item goodsDesc_item_even\"> <dt>Max. Spread<\/dt> <dd> 4 in\/101.6 mm<\/dd> <\/dl> <dl class=\"goodsDesc_item \"> <dt>Max. Force<\/dt> <dd> 1.5 Ton<\/dd> <\/dl> <dl class=\"goodsDesc_item goodsDesc_item_even\"> <dt><\/dt> <dd>6 inch<\/dd> <\/dl> <dl class=\"goodsDesc_item \"> <dt>Max. Spread<\/dt> <dd> 6 in\/152.4 mm<\/dd> <\/dl> <dl class=\"goodsDesc_item goodsDesc_item_even\"> <dt>Max. Force<\/dt> <dd> 2.7 Ton<\/dd> <\/dl> <dl class=\"goodsDesc_item \"> <dt><\/dt> <dd>8 inch<\/dd> <\/dl> <dl class=\"goodsDesc_item goodsDesc_item_even\"> <dt>Max. Spread<\/dt> <dd> 8 in\/203.2 mm<\/dd> <\/dl> <dl class=\"goodsDesc_item \"> <dt>Max. Force<\/dt> <dd> 4 Ton<\/dd> <\/dl> <\/div> <\/div>","protected":false},"excerpt":{"rendered":"<ul>\n<li> Complete 4-Piece Set: Get the job done right with our professional 4-piece gear puller set. The kit includes 4 pcs gear puller with different Max. Spread (3&#8243;, 4&#8243;, 6&#8243;, and 8&#8243;) to handle a wide range of disassembly work like gears, pulleys, bearings, and flywheels. Perfect for mechanics, repair garages, and more. <\/li>\n<li> Flexible Jaw Conversion: Effortlessly switch between a two-jaw and three-jaw pulley puller for versatile pulling power. Use two jaws for strong pulling force, ideal for small bearings and gears. Three jaws form a stable triangular structure, perfect for securely gripping heavy components during disassembly. <\/li>\n<li> Reversible Jaw Design: Install the jaws in reverse for better grip on small-diameter hollow components in narrow spaces. Install the jaws in the forward direction to effortlessly grasp larger components and adapt to various machine parts. With double hole adjustment, the hook claw range is expanded, making it more adaptable. <\/li>\n<li> Enhanced Durability: Thanks to the addition of 12 locking nuts that strengthen the connection between the jaws and reduce the risk of detachment over time or during conversions. You can expect a reliable, high-quality product that will last. <\/li>\n<li> Industrial Grade Strength: This screw rod has been quenched and forged at high temperatures to make it incredibly durable. The jaws have undergone precision processing to ensure a strong grip. Made from tough industrial grade 45# steel, our gear puller set boasts a rust and corrosion-resistant coating for added longevity. <\/li>\n<\/ul>\n","protected":false},"featured_media":293714,"comment_status":"closed","ping_status":"open","template":"","meta":{"om_disable_all_campaigns":false,"_uf_show_specific_survey":0,"_uf_disable_surveys":false},"location":[1935,1934],"product_brand":[21],"product_cat":[2860,133,2858,2859],"product_tag":[],"class_list":{"0":"post-33309","1":"product","2":"type-product","3":"status-publish","4":"has-post-thumbnail","6":"location-supplier_stock_location","7":"location-local_stock_location","8":"product_brand-vevor","9":"product_cat-auto-repairing-puller","10":"product_cat-automotive","11":"product_cat-mechanics-tools","12":"product_cat-pullers","14":"first","15":"outofstock","16":"taxable","17":"shipping-taxable","18":"purchasable","19":"product-type-simple"},"aioseo_notices":[],"locations":[{"id":1935,"name":"Pieg\u0101d\u0101t\u0101ja noliktav\u0101 (5-7d.d.)","slug":"supplier_stock_location","quantity":"0"},{"id":1934,"name":"R\u012bgas veikal\u0101 (0-2d.d.)","slug":"local_stock_location","quantity":"0"}],"_links":{"self":[{"href":"https:\/\/vevorshop.lv\/en_us\/wp-json\/wp\/v2\/product\/33309","targetHints":{"allow":["GET"]}}],"collection":[{"href":"https:\/\/vevorshop.lv\/en_us\/wp-json\/wp\/v2\/product"}],"about":[{"href":"https:\/\/vevorshop.lv\/en_us\/wp-json\/wp\/v2\/types\/product"}],"replies":[{"embeddable":true,"href":"https:\/\/vevorshop.lv\/en_us\/wp-json\/wp\/v2\/comments?post=33309"}],"wp:featuredmedia":[{"embeddable":true,"href":"https:\/\/vevorshop.lv\/en_us\/wp-json\/wp\/v2\/media\/293714"}],"wp:attachment":[{"href":"https:\/\/vevorshop.lv\/en_us\/wp-json\/wp\/v2\/media?parent=33309"}],"wp:term":[{"taxonomy":"location","embeddable":true,"href":"https:\/\/vevorshop.lv\/en_us\/wp-json\/wp\/v2\/location?post=33309"},{"taxonomy":"product_brand","embeddable":true,"href":"https:\/\/vevorshop.lv\/en_us\/wp-json\/wp\/v2\/product_brand?post=33309"},{"taxonomy":"product_cat","embeddable":true,"href":"https:\/\/vevorshop.lv\/en_us\/wp-json\/wp\/v2\/product_cat?post=33309"},{"taxonomy":"product_tag","embeddable":true,"href":"https:\/\/vevorshop.lv\/en_us\/wp-json\/wp\/v2\/product_tag?post=33309"}],"curies":[{"name":"wp","href":"https:\/\/api.w.org\/{rel}","templated":true}]}}