{"id":34317,"date":"2024-11-18T23:49:20","date_gmt":"2024-11-18T23:49:20","guid":{"rendered":"http:\/\/vevorshop.edigo.lv\/Prece\/vevor-gold-melting-furnace-1350w-electric-digital-smelting-furnace-2102%e2%84%89-1150%e2%84%83-electric-melting-furnace-with-1kg-and-3-kg-graphite-crucibles-for-melting-gold-silver-copper-aluminu\/"},"modified":"2026-04-20T06:37:39","modified_gmt":"2026-04-20T03:37:39","slug":"vevor-gold-melting-furnace-1350w-electric-digital-smelting-furnace-2102%e2%84%89-1150%e2%84%83-electric-melting-furnace-with-1kg-and-3-kg-graphite-crucibles-for-melting-gold-silver-copper-aluminu","status":"publish","type":"product","link":"https:\/\/vevorshop.lv\/en_us\/Prece\/vevor-gold-melting-furnace-1350w-electric-digital-smelting-furnace-2102%e2%84%89-1150%e2%84%83-electric-melting-furnace-with-1kg-and-3-kg-graphite-crucibles-for-melting-gold-silver-copper-aluminu\/","title":{"rendered":"VEVOR 1350W Electric Gold Melting Furnace with Digital Control, 1kg &amp; 3kg Graphite Crucibles, 1150\u2103 for Metal Smelting"},"content":{"rendered":"<div style=\"color: #fff!important; font-size: 16px; height: 24px; line-height: 24px; margin-top: -24px; \" class=\"product_original_name\">VEVOR Gold Melting Furnace, 1350W Electric Digital Smelting Furnace, 2102\u2109\/1150\u2103 Electric Melting Furnace with 1kg and 3 kg Graphite Crucibles for Melting Gold, Silver, Copper, Aluminum<\/div>\n<div style=\"color: #fff!important; font-size: 16px; height: 24px; line-height: 24px; margin-top: -24px; \" class=\"product_sku\">M4I4L6FB<\/div>\n<div style=\"color: #fff!important; font-size: 16px; height: 24px; line-height: 24px; margin-top: -24px; \" class=\"product_mpn\">CGXDRJL3KG1KGTETHV2<\/div><div id=\"js-DM_at-goodDescRich\"><html><head><style>  body {    font-family: Arial;    line-height: 1.5;    color: #1c1c1c;    overflow-x: hidden;    margin: 0;    padding: 0;  }  .MsoNormal b {    font-weight: bolder;  }<\/style><style>  .container.small {    width: 970px;    margin: 0 auto;  }  .logo {    margin: 0 auto 0;  }  .logo img {    display: block;    margin: 0 auto;    max-width: 100%;  }  .logo .pc-banner {    display: block;    width: 1200px;    height: 247.4px;    margin: 0 auto;  }  .logo .pc-banner.small {    width: 970px;  }  .logo .pc-banner.small img {    height: auto!important;  }  .logo .m-banner {    display: none;  }  .ytvideo {    position: relative;    height: 546px;    width: 100%;    margin: 0 auto;  }  .ytvideo img {    width: 100%;    margin: 0 auto;  }  .ytvideo .play-btn {    width: 60px;    height: 42px;    position: absolute;    top: 50%;    left: 50%;    transform: translate(-50%, -50%);    background: url(\"data:image\/png;base64,iVBORw0KGgoAAAANSUhEUgAAAGQAAABGCAMAAAANWMFbAAAC+lBMVEUAAADBGB3kLCfBGB3kLCfcJC7BFx3KKSbiKybkLCbWJCPSIiLSIiLPICHAFx3kLCfgKSXNHiDZJiTIGx\/p4eHcjo7LHSDbJyTkLCbjKyfOHyHPIiL28fHJHB\/GGh7EGR7eKCXDGB3RISHlLSbBGB3AFxzGHB7DGB7BGB3hKybkKybAFx3lLCfAFxzDGR3hKibDGB7cJyTmz8\/elJTlwcHjurrUIyLlLSflLSfAFx3DGR7lLSfCFx3hKibhKibhKybjKybkLCblLSfbJSX49vbx7e3NNzjNMTLMJyjVIyLZf3\/ZQ0LaeHjx0tLgoqLkLCfCGB3HGx\/BGB3BFx3PICHCGB7WJCLOHyC\/Fxy\/Fx3lLCfQISHkLSe\/FxzbJiTBFx3FGx\/AGB7BFx3EGR7AGB3HHSDfKiXAFh3TISHYNzbhKibbJyTTIiL57e325+f039\/v2NjUV1fOHiHiqanfmprch4feKSXVIyPOICHmLibFGh\/mLSe\/Fx7XJCPeKSXXJSPNHyHaJyTGGh7lLCbmLCflLSjSIiLkLCbdKSXLHiC\/GB3KHh++Fh3lKyfoLiXcKCPkx8fYb2\/XaGfVXl3aU1LLHiDksbHgKibPICHbJyTfKSXbJyTCGB3KHSDiKybFGh7TIiL\/\/\/\/VIyPRISHIHB\/GGx\/HHB\/DGR7gKibdKCXLHiDZJiTMHiDNHyHYJSTOICHPICHWJCPcKCXXJSPjLCblLCf+\/f3NGR\/uLijzLynPGR\/IGB7WISHaIyLLGh7UAADxLynNAADRLzDbICLQAADIAAD3MCrUHSHXMTDpKSbLAADp5OTij4\/ejo\/VLy\/1LyngJSTcJCPQHx\/OHB7+\/PzaMS\/OLS\/vLijrLSjSAADaNTPwLyjkKSbNJCbYISHPHB\/KGB7WAAD7+vrn3d3aKynTKCjoLCfsKifRGh\/YAADq5+fhjo7QNDXXKCfmJyXt5+fTLzDLLi\/QKivYHRvMGBrQJCXLISPMExXLDxLaEAvkkI\/bOTfaFQ\/SCgpvLcnHAAAAmnRSTlMA+vv7+gT9Bvf9+8z8\/NSv\/Pr5+P7++vnQIBMP\/v38\/Pn348XDiCYf9OjbzcqxXVcx\/fz8+\/rj1r2poo1+fXFqX0orGP7+\/v7+\/fz8+\/r68uzn4trIxsG\/vri3p6GcmZSNbWVYUUZEPQv+\/f39+\/v7+\/v7+vr64tvV1NTTz87FtbSurqeblJKFg4B3bUY+NjL7+\/v7+\/v67t1cDo8JLQAABkRJREFUWMO0kz9rwkAYh0OIeJkum6YugUAhISCdKoj\/P4C7SMdS+gEKIhSKil10LSg4mzXkILdlEpxCpwTiWOLX6BujvQaEQuGeHLnL+\/64J+SIcKGYTYWnntpdLjrVdqvZmNdn0+EE40GtpuuWVS6Xx6N7YDSGpWXpeq02wHgynM7q80az1a52HpddtVcpsi1zFARBrdaxbhp9iUReTGmwA4KAAr7vx3EYejnCMI6hQYEgy0LQi4jUN0wL19vqFcUC9\/1dAKmEEFkWRYkh5oBejnxQJiSJPJ\/uKBp0Thszx9Mw8hMRIQjKsptCfuES9zr5WJY6vSFCIvE9fCMUmEM1A1kSXcYGxgVYsvI1IPKTZciSTI0us\/SMGG04gDzELDoFBwdcFJrF88dqgYMTiL6DILWYyfOWE8\/kIz38olCNlC03FK95+imxp6y4oUSvAnBjHHhKNtotSDqJzVFiK8c2SBqhZtsrTtgrLXwAyduxZHNE26eHUt5rtuM4WSmds3G+sUdWYo1L+XyxButoh5eKUHk5lByO3G1LqqCWVnfrv\/lyPtf\/4ps1cndNGIri8J1TJ0lx6dR\/oPjq1nbRwdp2dCk4CtIOLW3pVKRL6WZfS5vF2KkIQhpwSsjiYIgNCs1gEMGqiIq24NQX9NwoXFy8Ufrl3twTcg4fv8T9\/JBEySduj6Mjm4bMzYV7EEOxKjjoNDud7yY3Dy71Hq2oLmqfbNR723edH9PgMrNL2utoQ3VmaIDkiw\/4w51P06hlZsTZvkRrbVuSIs\/zwSOsycgzStQouoAkWQqioRT5XI7n2Z1wfVhoZmcAJLsoqjqpjbWCgpOAJXBwHK8PzWbNvoUZJND5wCnSkLAkZ1legx6vqQzjoiTahKlGUGLAiIIoABOHaNVw4sexZBym6\/HWlH5h3IC7yRbxtipcWxdTOkORKiNQAEkFf66x5S2oeRbroOlLgg0sSYkR0hRGEqJZ0jTPiQKatESdBckpWigxaapEH0lImHdWu9pUFF2XqMNM2Z4kped7IwEJw2qabwtrQqnpw6HyKkgcadKWsmpywwesDyIhYRpdzXddqegtGIJlXbAIUMOLkGxJUjRIkokwjUaX9d\/kK62ps\/tYUqZLIMkLTyBhsMZ3C5Z\/kDxOSCb\/DOs\/\/J0qcWSX\/2ipe56EgTCA4\/cB7NAYOsni4mZM1MUPAISoEwkDi4lhVBQ1cWQyIcwalw4EpqZN68JUSK7XC0kTlkLYii5uXSC8jT5ncCAS7mjCv0uHp\/3lueHEEAeQ\/\/VgmdN71\/2uCSA1Xr6DO6uI6sW56zqT2tp2PhgiRUAajV8CY2fkcz6WGNKMgLAt7tJAhD4YHMTeRxlALE6+43WqjSWi8ITxyJl8WrwWSNESQZZOqhDDntO3hJLsd5RtSpbJqdv3YrDJH3F7jL1R2O2aQkn2MyCyKYz0GPGIvSAMgBCrCEiJyKbBaYGwLW4uPRr0A0M4Ux5kUI7IBh+hMdiCEWNqhMZGyYMsOgNE58UQuEQeUnSWCMYwL54hkxK6IoqucQZbQ3pc3XtL0lky1dL0zZJJDpWJovFqpWj6JEHnyam2eQp5QRVAVHjWparTOaVwUOx99YS2MvgxIGV0bb+qIg2HX2qkFFJB+XZcbLiuRkuxD9GRroKyveLxdh4d7Orx+hb7qc3uVRuEogCOnyIxm4ubUoPgF4jianDrC+SDQDKEfJb0GUKmjCGPYHGJvVC6X4hw1\/sAfQAdfYyephIaspXe36RwOP+Ljvfx9B6B3i+Nk0DGq+oCbLn6JpBa9nWAveAIHwFAwtVcIJXPMPL8kRu5OAYPMaL1WScTxjiZDqB9LTJSWphow\/pTYKRTLjCBhvi9iBidvKcDasGSm0QQkycYuLBqj6QCELPctqChDWpTRMWkngNNpQ1Pfp1KkiT\/Y0DGffXAweUNfLAfaJFKDwhb6I+bkYRbkERoEeu3Fyjg2opMz2daZCS9jt6Q7txNfB+OZEVF6Zl5web2xunnLQrtrjXseXKaFYziYINeMFZVxS9VxRhOoesYwxPKXm+gWLG9cuFeq93UNNeJNsf1KlwuDok9n02n3TgIJpOxNfL9naIoQwXtfH9kjceTIIi709ncTg6LZbg+biLH1V6u\/7rxBem06VXKn9raAAAAAElFTkSuQmCC\")      no-repeat center center \/ contain;  }  @media screen and (max-width: 960px) and (orientation: portrait) {    .logo {      width: 100%;    }    .logo .pc-banner {      display: none;    }    .logo .m-banner {      display: block;      width: 100%;    }    .logo .m-banner img {      height: auto!important;    }    .ytvideo {      height: 200px;      width: 100%;    }  }<\/style><style>  .video-section {    width: 100%;    margin: 0 auto;  }  .video-section > img {    width: 100%;  }  .video-section iframe,  .video-section video {    width: 100%;    height: 100%;      }  .video-section-img-m,  .video-section-img-pc > img {    width: 100%;    height: auto;  }  .video-section-img-pc.small > img {    width: 970px;  }  .video-desc {    line-height: 1.5;    font-size: 20px;    font-weight: 400;    margin: 20px 0;    text-align: center;    color: #0f1111;    word-break: break-word;  }  @media screen and (max-width: 960px) and (orientation: portrait) {    .video-section {      width: 100%;    }    .video-section-pc,    .video-section-img-pc {      display: none;    }    .video-section-m,    .video-section-img-m {      display: block;    }    .video-desc {      font-size: 15px;    }  }  @media screen and (min-width: 960px) {    .video-section {      width: 100%;      margin: 0 auto;    }    .video-section-pc,    .video-section-img-pc {      display: block;    }    .video-section-m,    .video-section-img-m {      display: none;    }    .video-desc {      font-size: 20px;    }  }<\/style><style>  .section + .section {    margin-top: 35px;  }  .section-title {    text-align: center;    font-weight: bold;    color: #0d1111;    font-family: \"Arial\";    font-size: 32px;    margin: 15px 0;  }  .section-title:empty {    display: none;  }  .section-desc {    text-align: center;    font-weight: normal;    color: #0d1111;    margin-top: 20px;  }  .section-desc:empty {    display: none;  }  .section-img {    width: 1200px;    height: 492px;    margin: 0 auto;    display: block;  }  .section-img.small {    width: 970px;    height: auto;  }  .section-img.small > img {    height: auto;  }  .section-img > img {    width: 100%;    height: 100%;  }  .section-mobile-img {    display: none;    max-width: 100vw;    max-height: 75vw;    height: 450px;    margin: 0 auto;  }  .section-mobile-img > img {    width: 100%;    height: 100%;  }  @media screen and (max-width: 960px) and (orientation: portrait) {    .container {      width: 100%;    }    .container.small {      width: 100%;    }    .section-mobile-img {      display: block;    }    .section-img {      display: none;    }    .section-title {      font-size: 22px;      margin: 10px 0;    }    .section-desc {      margin-top: 10px;    }    .section + .section {      margin-top: 20px;    }  }<\/style><\/head><body><div class=\"container\"><div class=\"logo\"><div class=\"pc-banner\"><div><img decoding=\"async\" src=\"\/vevor\/vevor\/boutique-banner\/pc\/en-pc@1x.jpg\" style=\"width: 100%;\" \/><\/div><\/div><div class=\"m-banner\"><div><img decoding=\"async\" src=\"\/vevor\/vevor\/boutique-banner\/mobile\/en-m@1x.jpg\" style=\"width: 100%;\" \/><\/div><\/div><\/div><div class=\"section-title\">VEVOR Electric Melting Furnace: Easily Refine and Recast Old Jewelry<\/div><div class=\"video-section\"><div class=\"video-section-img-pc\"><img decoding=\"async\" src=\"\/vevor\/product\/CGXDRJL3KG1KGTETH\/electric-melting-furnace-a100-1.4.jpg\" alt=\"VEVOR gold melting furnace on a workbench with molten metal being poured into a mold.\" \/><\/div><div class=\"video-section-img-m\"><img decoding=\"async\" src=\"\/vevor\/product\/CGXDRJL3KG1KGTETH\/electric-melting-furnace-a100-1.4-m.jpg\" alt=\"VEVOR gold melting furnace on a workbench with molten metal being poured into a mold.\" \/><\/div><div class=\"section-desc\">This electric melting furnace features high-quality graphite crucibles known for their heat and corrosion resistance. The two wide and stable handles and installed heat-resistant mesh for added convenience make it easier to handle without contacting the hot furnace walls.<\/div><\/div><div class=\"section\"><div class=\"section-title\"><\/div><div class=\"section-img\"><img decoding=\"async\" src=\"\/vevor\/product\/CGXDRJL3KG1KGTETH\/electric-melting-furnace-a100-2.2.jpg\" alt=\"VEVOR gold melting furnace with precise temperature control, easy control panel, and digital led display.\" \/><\/div><div class=\"section-mobile-img\"><img decoding=\"async\" src=\"\/vevor\/product\/CGXDRJL3KG1KGTETH\/electric-melting-furnace-a100-2.2-m.jpg\" alt=\"VEVOR gold melting furnace with precise temperature control, easy control panel, and digital led display.\" \/><\/div><div class=\"section-desc\">Designed with a PID digital control system, this metal melting furnace can monitor and adjust the current temperature in real time. With just 4 buttons on the control panel and an easy-to-read digital LED display, our furnace ensures precise temperature control, even for beginners.<\/div><\/div><div class=\"section\"><div class=\"section-title\"><\/div><div class=\"section-img\"><img decoding=\"async\" src=\"\/vevor\/product\/CGXDRJL3KG1KGTETH\/electric-melting-furnace-a100-2.3.jpg\" alt=\"VEVOR gold melting furnace in action, melting metal with 1350w power and 1150\u00b0c max temperature.\" \/><\/div><div class=\"section-mobile-img\"><img decoding=\"async\" src=\"\/vevor\/product\/CGXDRJL3KG1KGTETH\/electric-melting-furnace-a100-2.3-m.jpg\" alt=\"VEVOR gold melting furnace in action, melting metal with 1350w power and 1150\u00b0c max temperature.\" \/><\/div><div class=\"section-desc\">Our 1350W high-power smelting furnace can heat up to 2100\u00b0F, and it takes only 25 minutes to reach the max temp from room temp, maximizing heating efficiency. With optimized heating elements and insulation materials, it melts metals with a melting point below 2100\u00b0F in just 40-55 minutes.<\/div><\/div><div class=\"section\"><div class=\"section-title\"><\/div><div class=\"section-img\"><img decoding=\"async\" src=\"\/vevor\/product\/CGXDRJL3KG1KGTETH\/electric-melting-furnace-a100-2.4.jpg\" alt=\"VEVOR gold melting furnace with wide handle, advanced net cover, and non-slip pads for enhanced safety.\" \/><\/div><div class=\"section-mobile-img\"><img decoding=\"async\" src=\"\/vevor\/product\/CGXDRJL3KG1KGTETH\/electric-melting-furnace-a100-2.4-m.jpg\" alt=\"VEVOR gold melting furnace with wide handle, advanced net cover, and non-slip pads for enhanced safety.\" \/><\/div><div class=\"section-desc\">This gold melting kit incorporates several thoughtful design details: a widened base for added stability, an advanced mesh face shield to prevent burns during operation, wide and stable handles for a secure grip, and bottom anti-slip pads to ensure stability during work.<\/div><\/div><div class=\"section\"><div class=\"section-title\"><\/div><div class=\"section-img\"><img decoding=\"async\" src=\"\/vevor\/product\/CGXDRJL3KG1KGTETH\/electric-melting-furnace-a100-2.5.jpg\" alt=\"VEVOR gold melting furnace for melting gold, silver, copper, and aluminum with wide application uses.\" \/><\/div><div class=\"section-mobile-img\"><img decoding=\"async\" src=\"\/vevor\/product\/CGXDRJL3KG1KGTETH\/electric-melting-furnace-a100-2.5-m.jpg\" alt=\"VEVOR gold melting furnace for melting gold, silver, copper, and aluminum with wide application uses.\" \/><\/div><div class=\"section-desc\">Our electric furnace is widely used for making gold bars, melting precious metals and jewelry, recycling scrap materials, refining jewelry, and casting various metals, including gold, silver, lead, copper, bronze, and aluminum. Note: Always prioritize safety to avoid high-temperature burns.<\/div><\/div><div class=\"section\"><div class=\"section-img\"><img decoding=\"async\" src=\"\/vevor\/product\/CGXDRJL3KG1KGTETH\/electric-melting-furnace-a100-1.11.jpg\" alt=\"VEVOR gold melting furnace with crucible, tongs, insulated gloves, power cord, and user manual.\" \/><\/div><div class=\"section-mobile-img\"><img decoding=\"async\" src=\"\/vevor\/product\/CGXDRJL3KG1KGTETH\/electric-melting-furnace-a100-1.11-m.jpg\" alt=\"VEVOR gold melting furnace with crucible, tongs, insulated gloves, power cord, and user manual.\" \/><\/div><\/div><\/div><\/body><\/html><\/div>\n<div class=\"DM_at-title\" id=\"js-DM_at-title\"> <div>Product specification<\/div> <i class=\"icon-arrowup_line\"><\/i> <\/div><div class=\"DM_at-goodsDescAttr\" id=\"js-DM_at-goodsDescAttr\"> <div class=\"DM_at-goodsDescAttrInner\"> <dl class=\"goodsDesc_item goodsDesc_item_even\"> <dt>Item Model Number<\/dt> <dd> GF1150ND1-3KG(US), GF1150ND2-3KG(EU)<\/dd> <\/dl> <dl class=\"goodsDesc_item \"> <dt>Maximum Power<\/dt> <dd> 1350W<\/dd> <\/dl> <dl class=\"goodsDesc_item goodsDesc_item_even\"> <dt>Maximum Furnace Temperature<\/dt> <dd> 2102\u00b0F\/1150\u00b0C<\/dd> <\/dl> <dl class=\"goodsDesc_item \"> <dt>Time to Reach Max Temp from Room Temp (with Crucible)<\/dt> <dd> 25 minutes<\/dd> <\/dl> <dl class=\"goodsDesc_item goodsDesc_item_even\"> <dt><\/dt> <dd>Furnace Body<\/dd> <\/dl> <dl class=\"goodsDesc_item \"> <dt><\/dt> <dd>Inner Diameter \u03a63.15''\/80mm, Depth 5.91''\/150mm<\/dd> <\/dl> <dl class=\"goodsDesc_item goodsDesc_item_even\"> <dt><\/dt> <dd>Outer Diameter \u03a66.93''\/176mm, Total Height 7.09''\/180mm<\/dd> <\/dl> <dl class=\"goodsDesc_item \"> <dt>Inner Insulation Layer Thickness<\/dt> <dd> 1.57''\/40mm<\/dd> <\/dl> <dl class=\"goodsDesc_item goodsDesc_item_even\"> <dt>Main Materials<\/dt> <dd> Steel + Quartz + Graphite<\/dd> <\/dl> <dl class=\"goodsDesc_item \"> <dt>Product Weight<\/dt> <dd> 21.16 lbs \/ 9.6 kg<\/dd> <\/dl> <dl class=\"goodsDesc_item goodsDesc_item_even\"> <dt>Product Dimensions<\/dt> <dd> 13.39x9.84x14.96inch\/340x250x380 mm<\/dd> <\/dl> <\/div> <\/div>","protected":false},"excerpt":{"rendered":"<ul>\n<li> Durable and Safe: Our melting furnace features premium graphite crucibles for long-lasting durability. The advanced mesh cover for comprehensive protection prevents burns during operation. The operable lid and the non-slip pad ensure secure, stable, and spill-free work. High-temperature gloves provide hand protection during lifting and pouring. Each component includes a wide and stable handle for a firm grip. <\/li>\n<li> Precision Temperature Control: The electric smelting furnace is equipped with an advanced and precise PID digital control system, ensuring accurate monitoring and calibration of the actual temperature. With only 4 buttons on the control panel and an easy-to-read digital LED display, the furnace guarantees precise temperature control, making it user-friendly for beginners. <\/li>\n<li> Rapid Melting: This 1350W high-power metal melting furnace can reach temperatures as high as 1150\u00b0C\/2100\u00b0F, allowing for rapid heating. The optimized structure of heating wires and insulation materials enhances heating efficiency, enabling the melting of metals with a melting point below 1150\u00b0C\/2100\u00b0F in just 40-55 minutes. <\/li>\n<li> Durable Accessories: The upgraded gold melting kit comes with a variety of accessories, including 1x melting furnace main unit, 1x 3kg crucible, 1x 1kg crucible, 1x power cord, 1x insulated gloves, 1x crucible tongs, 1x 5-hole graphite crucible tray, and 1x user manual. These accessories can be flexibly combined for efficient melting. (Note: The graphite crucible is consumable with an average service life of 15 cycles.) <\/li>\n<li> Versatile Applications: This electric furnace is ideal for producing gold bars, melting precious metals and jewelry, recycling scrap materials, refining jewelry, and casting various rapidly melting metals, including gold, silver, lead, copper, bronze, and aluminum. It is suitable not only for professional industries and workshops but also as a valuable tool for home melting. <\/li>\n<\/ul>\n","protected":false},"featured_media":295241,"comment_status":"closed","ping_status":"open","template":"","meta":{"om_disable_all_campaigns":false,"_uf_show_specific_survey":0,"_uf_disable_surveys":false},"location":[1935,1934],"product_brand":[21],"product_cat":[2445,2697,2446,2702,2701],"product_tag":[],"class_list":{"0":"post-34317","1":"product","2":"type-product","3":"status-publish","4":"has-post-thumbnail","6":"location-supplier_stock_location","7":"location-local_stock_location","8":"product_brand-vevor","9":"product_cat-appliances","10":"product_cat-crafting-machines","11":"product_cat-crafts-sewing","12":"product_cat-electric-melting-furnace","13":"product_cat-jewelry-making-kits","15":"first","16":"outofstock","17":"taxable","18":"shipping-taxable","19":"purchasable","20":"product-type-simple"},"aioseo_notices":[],"locations":[{"id":1935,"name":"Pieg\u0101d\u0101t\u0101ja noliktav\u0101 (5-7d.d.)","slug":"supplier_stock_location","quantity":"0"},{"id":1934,"name":"R\u012bgas veikal\u0101 (0-2d.d.)","slug":"local_stock_location","quantity":"0"}],"_links":{"self":[{"href":"https:\/\/vevorshop.lv\/en_us\/wp-json\/wp\/v2\/product\/34317","targetHints":{"allow":["GET"]}}],"collection":[{"href":"https:\/\/vevorshop.lv\/en_us\/wp-json\/wp\/v2\/product"}],"about":[{"href":"https:\/\/vevorshop.lv\/en_us\/wp-json\/wp\/v2\/types\/product"}],"replies":[{"embeddable":true,"href":"https:\/\/vevorshop.lv\/en_us\/wp-json\/wp\/v2\/comments?post=34317"}],"wp:featuredmedia":[{"embeddable":true,"href":"https:\/\/vevorshop.lv\/en_us\/wp-json\/wp\/v2\/media\/295241"}],"wp:attachment":[{"href":"https:\/\/vevorshop.lv\/en_us\/wp-json\/wp\/v2\/media?parent=34317"}],"wp:term":[{"taxonomy":"location","embeddable":true,"href":"https:\/\/vevorshop.lv\/en_us\/wp-json\/wp\/v2\/location?post=34317"},{"taxonomy":"product_brand","embeddable":true,"href":"https:\/\/vevorshop.lv\/en_us\/wp-json\/wp\/v2\/product_brand?post=34317"},{"taxonomy":"product_cat","embeddable":true,"href":"https:\/\/vevorshop.lv\/en_us\/wp-json\/wp\/v2\/product_cat?post=34317"},{"taxonomy":"product_tag","embeddable":true,"href":"https:\/\/vevorshop.lv\/en_us\/wp-json\/wp\/v2\/product_tag?post=34317"}],"curies":[{"name":"wp","href":"https:\/\/api.w.org\/{rel}","templated":true}]}}