{"id":38669,"date":"2024-11-19T03:44:08","date_gmt":"2024-11-19T03:44:08","guid":{"rendered":"http:\/\/vevorshop.edigo.lv\/Prece\/vevor-vinyl-cutter-machine-bluetooth-connectivity-diy-cutting-machine-compatible-with-ios-android-windows-and-mac-massive-designs-included-for-creating-customized-cards-home-decor\/"},"modified":"2026-02-27T20:00:27","modified_gmt":"2026-02-27T18:00:27","slug":"vevor-vinyl-cutter-machine-bluetooth-connectivity-diy-cutting-machine-compatible-with-ios-android-windows-and-mac-massive-designs-included-for-creating-customized-cards-home-decor","status":"publish","type":"product","link":"https:\/\/vevorshop.lv\/en_us\/Prece\/vevor-vinyl-cutter-machine-bluetooth-connectivity-diy-cutting-machine-compatible-with-ios-android-windows-and-mac-massive-designs-included-for-creating-customized-cards-home-decor\/","title":{"rendered":"VEVOR Bluetooth Vinyl Cutter Machine for DIY Projects, Compatible with iOS\/Android\/Windows\/Mac, 100+ Materials, Auto Blade Control"},"content":{"rendered":"<div style=\"color: #fff!important; font-size: 16px; height: 24px; line-height: 24px; margin-top: -24px; \" class=\"product_original_name\">VEVOR Vinyl Cutter Machine, Bluetooth Connectivity DIY Cutting Machine, Compatible with iOS, Android, Windows and Mac, Massive Designs Included, for Creating Customized Cards, Home Decor<\/div>\n<div style=\"color: #fff!important; font-size: 16px; height: 24px; line-height: 24px; margin-top: -24px; \" class=\"product_sku\">M4I4LCCP<\/div>\n<div style=\"color: #fff!important; font-size: 16px; height: 24px; line-height: 24px; margin-top: -24px; \" class=\"product_mpn\">QZDTSKZJLYKZDNA00V2<\/div><div id=\"js-DM_at-goodDescRich\"><html><head><style>  body {    font-family: Arial;    line-height: 1.5;    color: #1c1c1c;    overflow-x: hidden;    margin: 0;    padding: 0;  }  .MsoNormal b {    font-weight: bolder;  }<\/style><style>  .container.small {    width: 970px;    margin: 0 auto;  }  .logo {    margin: 0 auto 0;  }  .logo img {    display: block;    margin: 0 auto;    max-width: 100%;  }  .logo .pc-banner {    display: block;    width: 1200px;    height: 247.4px;    margin: 0 auto;  }  .logo .pc-banner.small {    width: 970px;  }  .logo .pc-banner.small img {    height: auto!important;  }  .logo .m-banner {    display: none;  }  .ytvideo {    position: relative;    height: 546px;    width: 100%;    margin: 0 auto;  }  .ytvideo img {    width: 100%;    margin: 0 auto;  }  .ytvideo .play-btn {    width: 60px;    height: 42px;    position: absolute;    top: 50%;    left: 50%;    transform: translate(-50%, -50%);    background: url(\"data:image\/png;base64,iVBORw0KGgoAAAANSUhEUgAAAGQAAABGCAMAAAANWMFbAAAC+lBMVEUAAADBGB3kLCfBGB3kLCfcJC7BFx3KKSbiKybkLCbWJCPSIiLSIiLPICHAFx3kLCfgKSXNHiDZJiTIGx\/p4eHcjo7LHSDbJyTkLCbjKyfOHyHPIiL28fHJHB\/GGh7EGR7eKCXDGB3RISHlLSbBGB3AFxzGHB7DGB7BGB3hKybkKybAFx3lLCfAFxzDGR3hKibDGB7cJyTmz8\/elJTlwcHjurrUIyLlLSflLSfAFx3DGR7lLSfCFx3hKibhKibhKybjKybkLCblLSfbJSX49vbx7e3NNzjNMTLMJyjVIyLZf3\/ZQ0LaeHjx0tLgoqLkLCfCGB3HGx\/BGB3BFx3PICHCGB7WJCLOHyC\/Fxy\/Fx3lLCfQISHkLSe\/FxzbJiTBFx3FGx\/AGB7BFx3EGR7AGB3HHSDfKiXAFh3TISHYNzbhKibbJyTTIiL57e325+f039\/v2NjUV1fOHiHiqanfmprch4feKSXVIyPOICHmLibFGh\/mLSe\/Fx7XJCPeKSXXJSPNHyHaJyTGGh7lLCbmLCflLSjSIiLkLCbdKSXLHiC\/GB3KHh++Fh3lKyfoLiXcKCPkx8fYb2\/XaGfVXl3aU1LLHiDksbHgKibPICHbJyTfKSXbJyTCGB3KHSDiKybFGh7TIiL\/\/\/\/VIyPRISHIHB\/GGx\/HHB\/DGR7gKibdKCXLHiDZJiTMHiDNHyHYJSTOICHPICHWJCPcKCXXJSPjLCblLCf+\/f3NGR\/uLijzLynPGR\/IGB7WISHaIyLLGh7UAADxLynNAADRLzDbICLQAADIAAD3MCrUHSHXMTDpKSbLAADp5OTij4\/ejo\/VLy\/1LyngJSTcJCPQHx\/OHB7+\/PzaMS\/OLS\/vLijrLSjSAADaNTPwLyjkKSbNJCbYISHPHB\/KGB7WAAD7+vrn3d3aKynTKCjoLCfsKifRGh\/YAADq5+fhjo7QNDXXKCfmJyXt5+fTLzDLLi\/QKivYHRvMGBrQJCXLISPMExXLDxLaEAvkkI\/bOTfaFQ\/SCgpvLcnHAAAAmnRSTlMA+vv7+gT9Bvf9+8z8\/NSv\/Pr5+P7++vnQIBMP\/v38\/Pn348XDiCYf9OjbzcqxXVcx\/fz8+\/rj1r2poo1+fXFqX0orGP7+\/v7+\/fz8+\/r68uzn4trIxsG\/vri3p6GcmZSNbWVYUUZEPQv+\/f39+\/v7+\/v7+vr64tvV1NTTz87FtbSurqeblJKFg4B3bUY+NjL7+\/v7+\/v67t1cDo8JLQAABkRJREFUWMO0kz9rwkAYh0OIeJkum6YugUAhISCdKoj\/P4C7SMdS+gEKIhSKil10LSg4mzXkILdlEpxCpwTiWOLX6BujvQaEQuGeHLnL+\/64J+SIcKGYTYWnntpdLjrVdqvZmNdn0+EE40GtpuuWVS6Xx6N7YDSGpWXpeq02wHgynM7q80az1a52HpddtVcpsi1zFARBrdaxbhp9iUReTGmwA4KAAr7vx3EYejnCMI6hQYEgy0LQi4jUN0wL19vqFcUC9\/1dAKmEEFkWRYkh5oBejnxQJiSJPJ\/uKBp0Thszx9Mw8hMRIQjKsptCfuES9zr5WJY6vSFCIvE9fCMUmEM1A1kSXcYGxgVYsvI1IPKTZciSTI0us\/SMGG04gDzELDoFBwdcFJrF88dqgYMTiL6DILWYyfOWE8\/kIz38olCNlC03FK95+imxp6y4oUSvAnBjHHhKNtotSDqJzVFiK8c2SBqhZtsrTtgrLXwAyduxZHNE26eHUt5rtuM4WSmds3G+sUdWYo1L+XyxButoh5eKUHk5lByO3G1LqqCWVnfrv\/lyPtf\/4ps1cndNGIri8J1TJ0lx6dR\/oPjq1nbRwdp2dCk4CtIOLW3pVKRL6WZfS5vF2KkIQhpwSsjiYIgNCs1gEMGqiIq24NQX9NwoXFy8Ufrl3twTcg4fv8T9\/JBEySduj6Mjm4bMzYV7EEOxKjjoNDud7yY3Dy71Hq2oLmqfbNR723edH9PgMrNL2utoQ3VmaIDkiw\/4w51P06hlZsTZvkRrbVuSIs\/zwSOsycgzStQouoAkWQqioRT5XI7n2Z1wfVhoZmcAJLsoqjqpjbWCgpOAJXBwHK8PzWbNvoUZJND5wCnSkLAkZ1legx6vqQzjoiTahKlGUGLAiIIoABOHaNVw4sexZBym6\/HWlH5h3IC7yRbxtipcWxdTOkORKiNQAEkFf66x5S2oeRbroOlLgg0sSYkR0hRGEqJZ0jTPiQKatESdBckpWigxaapEH0lImHdWu9pUFF2XqMNM2Z4kped7IwEJw2qabwtrQqnpw6HyKkgcadKWsmpywwesDyIhYRpdzXddqegtGIJlXbAIUMOLkGxJUjRIkokwjUaX9d\/kK62ps\/tYUqZLIMkLTyBhsMZ3C5Z\/kDxOSCb\/DOs\/\/J0qcWSX\/2ipe56EgTCA4\/cB7NAYOsni4mZM1MUPAISoEwkDi4lhVBQ1cWQyIcwalw4EpqZN68JUSK7XC0kTlkLYii5uXSC8jT5ncCAS7mjCv0uHp\/3lueHEEAeQ\/\/VgmdN71\/2uCSA1Xr6DO6uI6sW56zqT2tp2PhgiRUAajV8CY2fkcz6WGNKMgLAt7tJAhD4YHMTeRxlALE6+43WqjSWi8ITxyJl8WrwWSNESQZZOqhDDntO3hJLsd5RtSpbJqdv3YrDJH3F7jL1R2O2aQkn2MyCyKYz0GPGIvSAMgBCrCEiJyKbBaYGwLW4uPRr0A0M4Ux5kUI7IBh+hMdiCEWNqhMZGyYMsOgNE58UQuEQeUnSWCMYwL54hkxK6IoqucQZbQ3pc3XtL0lky1dL0zZJJDpWJovFqpWj6JEHnyam2eQp5QRVAVHjWparTOaVwUOx99YS2MvgxIGV0bb+qIg2HX2qkFFJB+XZcbLiuRkuxD9GRroKyveLxdh4d7Orx+hb7qc3uVRuEogCOnyIxm4ubUoPgF4jianDrC+SDQDKEfJb0GUKmjCGPYHGJvVC6X4hw1\/sAfQAdfYyephIaspXe36RwOP+Ljvfx9B6B3i+Nk0DGq+oCbLn6JpBa9nWAveAIHwFAwtVcIJXPMPL8kRu5OAYPMaL1WScTxjiZDqB9LTJSWphow\/pTYKRTLjCBhvi9iBidvKcDasGSm0QQkycYuLBqj6QCELPctqChDWpTRMWkngNNpQ1Pfp1KkiT\/Y0DGffXAweUNfLAfaJFKDwhb6I+bkYRbkERoEeu3Fyjg2opMz2daZCS9jt6Q7txNfB+OZEVF6Zl5web2xunnLQrtrjXseXKaFYziYINeMFZVxS9VxRhOoesYwxPKXm+gWLG9cuFeq93UNNeJNsf1KlwuDok9n02n3TgIJpOxNfL9naIoQwXtfH9kjceTIIi709ncTg6LZbg+biLH1V6u\/7rxBem06VXKn9raAAAAAElFTkSuQmCC\")      no-repeat center center \/ contain;  }  @media screen and (max-width: 960px) and (orientation: portrait) {    .logo {      width: 100%;    }    .logo .pc-banner {      display: none;    }    .logo .m-banner {      display: block;      width: 100%;    }    .logo .m-banner img {      height: auto!important;    }    .ytvideo {      height: 200px;      width: 100%;    }  }<\/style><style>  .video-section {    width: 100%;    margin: 0 auto;  }  .video-section > img {    width: 100%;  }  .video-section iframe,  .video-section video {    width: 100%;    height: 100%;      }  .video-section-img-m,  .video-section-img-pc > img {    width: 100%;    height: auto;  }  .video-section-img-pc.small > img {    width: 970px;  }  .video-desc {    line-height: 1.5;    font-size: 20px;    font-weight: 400;    margin: 20px 0;    text-align: center;    color: #0f1111;    word-break: break-word;  }  @media screen and (max-width: 960px) and (orientation: portrait) {    .video-section {      width: 100%;    }    .video-section-pc,    .video-section-img-pc {      display: none;    }    .video-section-m,    .video-section-img-m {      display: block;    }    .video-desc {      font-size: 15px;    }  }  @media screen and (min-width: 960px) {    .video-section {      width: 100%;      margin: 0 auto;    }    .video-section-pc,    .video-section-img-pc {      display: block;    }    .video-section-m,    .video-section-img-m {      display: none;    }    .video-desc {      font-size: 20px;    }  }<\/style><style>  .section + .section {    margin-top: 35px;  }  .section-title {    text-align: center;    font-weight: bold;    color: #0d1111;    font-family: \"Arial\";    font-size: 32px;    margin: 15px 0;  }  .section-title:empty {    display: none;  }  .section-desc {    text-align: center;    font-weight: normal;    color: #0d1111;    margin-top: 20px;  }  .section-desc:empty {    display: none;  }  .section-img {    width: 1200px;    height: 492px;    margin: 0 auto;    display: block;  }  .section-img.small {    width: 970px;    height: auto;  }  .section-img.small > img {    height: auto;  }  .section-img > img {    width: 100%;    height: 100%;  }  .section-mobile-img {    display: none;    max-width: 100vw;    max-height: 75vw;    height: 450px;    margin: 0 auto;  }  .section-mobile-img > img {    width: 100%;    height: 100%;  }  @media screen and (max-width: 960px) and (orientation: portrait) {    .container {      width: 100%;    }    .container.small {      width: 100%;    }    .section-mobile-img {      display: block;    }    .section-img {      display: none;    }    .section-title {      font-size: 22px;      margin: 10px 0;    }    .section-desc {      margin-top: 10px;    }    .section + .section {      margin-top: 20px;    }  }<\/style><\/head><body><div class=\"container\"><div class=\"logo\"><div class=\"pc-banner\"><div><img decoding=\"async\" src=\"\/vevor\/vevor\/boutique-banner\/pc\/en-pc@1x.jpg\" style=\"width: 100%;\" \/><\/div><\/div><div class=\"m-banner\"><div><img decoding=\"async\" src=\"\/vevor\/vevor\/boutique-banner\/mobile\/en-m@1x.jpg\" style=\"width: 100%;\" \/><\/div><\/div><\/div><div class=\"section-title\">VEVOR Vinyl Cutter Machine with 7000 Free Pictures<\/div><div class=\"video-section\"><div class=\"video-section-img-pc\"><img decoding=\"async\" src=\"\/vevor\/product\/QZDTSKZJLYKZDNA00\/desktop-vinyl-cutter-a100-1.4.jpg\" alt=\"VEVOR vinyl cutter machine on a desk with creative materials, scissors, and a laptop displaying designs.\" \/><\/div><div class=\"video-section-img-m\"><img decoding=\"async\" src=\"\/vevor\/product\/QZDTSKZJLYKZDNA00\/desktop-vinyl-cutter-a100-1.4-m.jpg\" alt=\"VEVOR vinyl cutter machine on a desk with creative materials, scissors, and a laptop displaying designs.\" \/><\/div><div class=\"section-desc\">Explore a vast collection of high-quality images and fonts in the vinyl cutter machine's designs library, all at no extra cost. We'll keep it updated to match your evolving design needs. Plus, you can access these materials offline without worrying about internet speed or connectivity issues.<\/div><\/div><div class=\"section\"><div class=\"section-title\"><\/div><div class=\"section-img\"><img decoding=\"async\" src=\"\/vevor\/product\/QZDTSKZJLYKZDNA00\/desktop-vinyl-cutter-a100-2.2.jpg\" alt=\"VEVOR vinyl cutter machine in use, cutting shapes with design software compatibility.\" \/><\/div><div class=\"section-mobile-img\"><img decoding=\"async\" src=\"\/vevor\/product\/QZDTSKZJLYKZDNA00\/desktop-vinyl-cutter-a100-2.2-m.jpg\" alt=\"VEVOR vinyl cutter machine in use, cutting shapes with design software compatibility.\" \/><\/div><div class=\"section-desc\">Our vinyl cutter plotter seamlessly integrates with mainstream design software like AI and CDR, offering you unparalleled design flexibility. Craft intricate designs effortlessly! Plus, we support image upload and download functions, allowing for personalized modifications.<\/div><\/div><div class=\"section\"><div class=\"section-title\"><\/div><div class=\"section-img\"><img decoding=\"async\" src=\"\/vevor\/product\/QZDTSKZJLYKZDNA00\/desktop-vinyl-cutter-a100-2.3.jpg\" alt=\"VEVOR vinyl cutter machine with tablet placement, vase with flowers, and scissors on a desk.\" \/><\/div><div class=\"section-mobile-img\"><img decoding=\"async\" src=\"\/vevor\/product\/QZDTSKZJLYKZDNA00\/desktop-vinyl-cutter-a100-2.3-m.jpg\" alt=\"VEVOR vinyl cutter machine with tablet placement, vase with flowers, and scissors on a desk.\" \/><\/div><div class=\"section-desc\">Our desktop vinyl plotter automatically adjusts blade pressure and features auto-tracking, ensuring precise cuts every time. Say goodbye to manual adjustments and calibrations! It's a hands-free solution that's beginner-friendly too.<\/div><\/div><div class=\"section\"><div class=\"section-title\"><\/div><div class=\"section-img\"><img decoding=\"async\" src=\"\/vevor\/product\/QZDTSKZJLYKZDNA00\/desktop-vinyl-cutter-a100-2.4.jpg\" alt=\"orange VEVOR vinyl cutter machine with bluetooth connection, supports multiple devices including android and ios.\" \/><\/div><div class=\"section-mobile-img\"><img decoding=\"async\" src=\"\/vevor\/product\/QZDTSKZJLYKZDNA00\/desktop-vinyl-cutter-a100-2.4-m.jpg\" alt=\"orange VEVOR vinyl cutter machine with bluetooth connection, supports multiple devices including android and ios.\" \/><\/div><div class=\"section-desc\">Connect to the plotter cutter with a few clicks through Bluetooth, freeing yourself from the constraints of cords. Perform operations from a distance with ease. It is compatible with Mac, Windows, Android 5.1+, and iOS 11.0+ systems, supporting multiple devices working simultaneously.<\/div><\/div><div class=\"section\"><div class=\"section-title\"><\/div><div class=\"section-img\"><img decoding=\"async\" src=\"\/vevor\/product\/QZDTSKZJLYKZDNA00\/desktop-vinyl-cutter-a100-2.5.jpg\" alt=\"VEVOR vinyl cutter machine showcasing cutting, writing, and line carving functions with creative project examples.\" \/><\/div><div class=\"section-mobile-img\"><img decoding=\"async\" src=\"\/vevor\/product\/QZDTSKZJLYKZDNA00\/desktop-vinyl-cutter-a100-2.5-m.jpg\" alt=\"VEVOR vinyl cutter machine showcasing cutting, writing, and line carving functions with creative project examples.\" \/><\/div><div class=\"section-desc\">Utilize various blades and tools for material cutting, writing, or fold-line creation. Our blades can handle over 100 different materials, including vinyl, cardstock, and heat transfer materials. Perfect for advertising, decoration, crafts, heat transfer assistance, labels, and signage production.<\/div><\/div><div class=\"section\"><div class=\"section-img\"><img decoding=\"async\" src=\"\/vevor\/product\/QZDTSKZJLYKZDNA00\/desktop-vinyl-cutter-a100-1.11.jpg\" alt=\"VEVOR vinyl cutter machine, dimensions, specs, connectivity, and compatibility highlighted.\" \/><\/div><div class=\"section-mobile-img\"><img decoding=\"async\" src=\"\/vevor\/product\/QZDTSKZJLYKZDNA00\/desktop-vinyl-cutter-a100-1.11-m.jpg\" alt=\"VEVOR vinyl cutter machine, dimensions, specs, connectivity, and compatibility highlighted.\" \/><\/div><\/div><\/div><\/body><\/html><\/div>\n<div class=\"DM_at-title\" id=\"js-DM_at-title\"> <div>Product specification<\/div> <i class=\"icon-arrowup_line\"><\/i> <\/div><div class=\"DM_at-goodsDescAttr\" id=\"js-DM_at-goodsDescAttr\"> <div class=\"DM_at-goodsDescAttrInner\"> <dl class=\"goodsDesc_item goodsDesc_item_even\"> <dt>Item Model Number<\/dt> <dd> Smart1<\/dd> <\/dl> <dl class=\"goodsDesc_item \"> <dt>Maximum Cutting Size<\/dt> <dd> 12 in \/ 305 mm<\/dd> <\/dl> <dl class=\"goodsDesc_item goodsDesc_item_even\"> <dt>Connectivity<\/dt> <dd> USB\/U-disk\/Bluetooth 4.2ble<\/dd> <\/dl> <dl class=\"goodsDesc_item \"> <dt>Memory<\/dt> <dd>1M<\/dd> <\/dl> <dl class=\"goodsDesc_item goodsDesc_item_even\"> <dt>Compatible Software System<\/dt> <dd> Mac, Windows , Android 5.1\/iOS 11.0 above<\/dd> <\/dl> <dl class=\"goodsDesc_item \"> <dt>Cutting Accuracy<\/dt> <dd> \u00b10.1mm<\/dd> <\/dl> <dl class=\"goodsDesc_item goodsDesc_item_even\"> <dt>Cutting Speed Range<\/dt> <dd> 10-300mm\/s<\/dd> <\/dl> <dl class=\"goodsDesc_item \"> <dt>Main Blade<\/dt> <dd> Automatically Adjust Blade Pressure\uff0c10-500gf<\/dd> <\/dl> <dl class=\"goodsDesc_item goodsDesc_item_even\"> <dt>Secondary Blade<\/dt> <dd> Automatically Adjust Blade Pressure\uff0c50-500gf<\/dd> <\/dl> <dl class=\"goodsDesc_item \"> <dt>Net Weight (include accessories)<\/dt> <dd> 17 lbs \/ 7.7 kg<\/dd> <\/dl> <dl class=\"goodsDesc_item goodsDesc_item_even\"> <dt>Product Dimensions (LxWxH)<\/dt> <dd> 22.8 \u00d7 7.36 \u00d7 6.61 in \/ 579 \u00d7 187 \u00d7 168 mm<\/dd> <\/dl> <\/div> <\/div>","protected":false},"excerpt":{"rendered":"<ul>\n<li> Rich Designs Library Included: Our vinyl cutter machine comes with a design library, including high-quality images and fonts. This library will be continuously updated to meet your evolving design needs. You can use the software offline without needing an internet connection or network speed limitations. <\/li>\n<li> High Compatibility &#038; Creative Freedom: Our vinyl cutter plotter is compatible with mainstream design software, whether you prefer AI or CDR. It provides you with a wide range of design freedom. Additionally, we support image upload and download features to ensure you can create complex and colorful designs. <\/li>\n<li> Precise Intelligent Control: This vinyl plotter can automatically adjust the pressure of the blade based on material type and thickness. With its automatic tracking feature, you no longer need to adjust and calibrate manually. Every cut is precise, catering to both expert engravers and beginners with ease. <\/li>\n<li> Wireless Bluetooth Connectivity: No longer constrained by cable length or location, you can operate the plotter cutter more freely, even from a distance. It is compatible with Mac, Windows, Android 5.1 above, and iOS 11.0 above systems, allowing multiple device connections for collaborative work. <\/li>\n<li> Effortlessly Cut 100+ Types of Materials: Our vinyl plotter cutter machine is suitable for cutting over 100 different types of materials, such as vinyl, cardstock, and heat transfer materials. Whether you&#8217;re involved in advertising, decoration, crafts, heat transfer assistance, labels, or signage, you&#8217;ll find a suitable solution. <\/li>\n<\/ul>\n","protected":false},"featured_media":301893,"comment_status":"closed","ping_status":"open","template":"","meta":{"om_disable_all_campaigns":false,"_monsterinsights_skip_tracking":false,"_monsterinsights_sitenote_active":false,"_monsterinsights_sitenote_note":"","_monsterinsights_sitenote_category":0,"_uf_show_specific_survey":0,"_uf_disable_surveys":false},"location":[1935,1934],"product_brand":[21],"product_cat":[2445,2922,2697,2446,2808],"product_tag":[],"class_list":{"0":"post-38669","1":"product","2":"type-product","3":"status-publish","4":"has-post-thumbnail","6":"location-supplier_stock_location","7":"location-local_stock_location","8":"product_brand-vevor","9":"product_cat-appliances","10":"product_cat-auto-desktop-cutter-machine","11":"product_cat-crafting-machines","12":"product_cat-crafts-sewing","13":"product_cat-vinyl-cutter-crafting-machines","15":"first","16":"instock","17":"taxable","18":"shipping-taxable","19":"purchasable","20":"product-type-simple"},"aioseo_notices":[],"jetpack_sharing_enabled":true,"locations":[{"id":1935,"name":"Pieg\u0101d\u0101t\u0101ja noliktav\u0101 (5-7d.d.)","slug":"supplier_stock_location","quantity":"289"},{"id":1934,"name":"R\u012bgas veikal\u0101 (0-2d.d.)","slug":"local_stock_location","quantity":"0"}],"_links":{"self":[{"href":"https:\/\/vevorshop.lv\/en_us\/wp-json\/wp\/v2\/product\/38669","targetHints":{"allow":["GET"]}}],"collection":[{"href":"https:\/\/vevorshop.lv\/en_us\/wp-json\/wp\/v2\/product"}],"about":[{"href":"https:\/\/vevorshop.lv\/en_us\/wp-json\/wp\/v2\/types\/product"}],"replies":[{"embeddable":true,"href":"https:\/\/vevorshop.lv\/en_us\/wp-json\/wp\/v2\/comments?post=38669"}],"wp:featuredmedia":[{"embeddable":true,"href":"https:\/\/vevorshop.lv\/en_us\/wp-json\/wp\/v2\/media\/301893"}],"wp:attachment":[{"href":"https:\/\/vevorshop.lv\/en_us\/wp-json\/wp\/v2\/media?parent=38669"}],"wp:term":[{"taxonomy":"location","embeddable":true,"href":"https:\/\/vevorshop.lv\/en_us\/wp-json\/wp\/v2\/location?post=38669"},{"taxonomy":"product_brand","embeddable":true,"href":"https:\/\/vevorshop.lv\/en_us\/wp-json\/wp\/v2\/product_brand?post=38669"},{"taxonomy":"product_cat","embeddable":true,"href":"https:\/\/vevorshop.lv\/en_us\/wp-json\/wp\/v2\/product_cat?post=38669"},{"taxonomy":"product_tag","embeddable":true,"href":"https:\/\/vevorshop.lv\/en_us\/wp-json\/wp\/v2\/product_tag?post=38669"}],"curies":[{"name":"wp","href":"https:\/\/api.w.org\/{rel}","templated":true}]}}