{"id":41028,"date":"2024-11-19T06:01:09","date_gmt":"2024-11-19T06:01:09","guid":{"rendered":"http:\/\/vevorshop.edigo.lv\/Prece\/vevor-dip-bar-500-lbs-capacity-heave-duty-dip-stand-station-with-adjustable-height-fitness-workout-dip-bar-station-stabilizer-parallette-push-up-stand-parallel-bars-for-strength-training-home-gym\/"},"modified":"2026-02-26T16:30:43","modified_gmt":"2026-02-26T14:30:43","slug":"vevor-dip-bar-500-lbs-capacity-heave-duty-dip-stand-station-with-adjustable-height-fitness-workout-dip-bar-station-stabilizer-parallette-push-up-stand-parallel-bars-for-strength-training-home-gym","status":"publish","type":"product","link":"https:\/\/vevorshop.lv\/en_us\/Prece\/vevor-dip-bar-500-lbs-capacity-heave-duty-dip-stand-station-with-adjustable-height-fitness-workout-dip-bar-station-stabilizer-parallette-push-up-stand-parallel-bars-for-strength-training-home-gym\/","title":{"rendered":"VEVOR Adjustable Dip Bar Station, 227\u202fkg Capacity, Heavy-Duty Steel Parallel Bars for Home Gym Strength Training"},"content":{"rendered":"<div style=\"color: #fff!important; font-size: 16px; height: 24px; line-height: 24px; margin-top: -24px; \" class=\"product_original_name\">VEVOR Dip Bar, 500 lbs Capacity, Heave Duty Dip Stand Station with Adjustable Height, Fitness Workout Dip Bar Station Stabilizer Parallette Push Up Stand, Parallel Bars for Strength Training Home Gym<\/div>\n<div style=\"color: #fff!important; font-size: 16px; height: 24px; line-height: 24px; margin-top: -24px; \" class=\"product_sku\">M4I4LFLG<\/div>\n<div style=\"color: #fff!important; font-size: 16px; height: 24px; line-height: 24px; margin-top: -24px; \" class=\"product_mpn\">HXSGDBLJKDJG0ALEFV0<\/div><div id=\"js-DM_at-goodDescRich\"><html><head><style>  body {    font-family: Arial;    line-height: 1.5;    color: #1c1c1c;    overflow-x: hidden;    margin: 0;    padding: 0;  }  .MsoNormal b {    font-weight: bolder;  }<\/style><style>  .container.small {    width: 970px;    margin: 0 auto;  }  .logo {    margin: 0 auto 0;  }  .logo img {    display: block;    margin: 0 auto;    max-width: 100%;  }  .logo .pc-banner {    display: block;    width: 1200px;    height: 247.4px;    margin: 0 auto;  }  .logo .pc-banner.small {    width: 970px;  }  .logo .pc-banner.small img {    height: auto!important;  }  .logo .m-banner {    display: none;  }  .ytvideo {    position: relative;    height: 546px;    width: 100%;    margin: 0 auto;  }  .ytvideo img {    width: 100%;    margin: 0 auto;  }  .ytvideo .play-btn {    width: 60px;    height: 42px;    position: absolute;    top: 50%;    left: 50%;    transform: translate(-50%, -50%);    background: url(\"data:image\/png;base64,iVBORw0KGgoAAAANSUhEUgAAAGQAAABGCAMAAAANWMFbAAAC+lBMVEUAAADBGB3kLCfBGB3kLCfcJC7BFx3KKSbiKybkLCbWJCPSIiLSIiLPICHAFx3kLCfgKSXNHiDZJiTIGx\/p4eHcjo7LHSDbJyTkLCbjKyfOHyHPIiL28fHJHB\/GGh7EGR7eKCXDGB3RISHlLSbBGB3AFxzGHB7DGB7BGB3hKybkKybAFx3lLCfAFxzDGR3hKibDGB7cJyTmz8\/elJTlwcHjurrUIyLlLSflLSfAFx3DGR7lLSfCFx3hKibhKibhKybjKybkLCblLSfbJSX49vbx7e3NNzjNMTLMJyjVIyLZf3\/ZQ0LaeHjx0tLgoqLkLCfCGB3HGx\/BGB3BFx3PICHCGB7WJCLOHyC\/Fxy\/Fx3lLCfQISHkLSe\/FxzbJiTBFx3FGx\/AGB7BFx3EGR7AGB3HHSDfKiXAFh3TISHYNzbhKibbJyTTIiL57e325+f039\/v2NjUV1fOHiHiqanfmprch4feKSXVIyPOICHmLibFGh\/mLSe\/Fx7XJCPeKSXXJSPNHyHaJyTGGh7lLCbmLCflLSjSIiLkLCbdKSXLHiC\/GB3KHh++Fh3lKyfoLiXcKCPkx8fYb2\/XaGfVXl3aU1LLHiDksbHgKibPICHbJyTfKSXbJyTCGB3KHSDiKybFGh7TIiL\/\/\/\/VIyPRISHIHB\/GGx\/HHB\/DGR7gKibdKCXLHiDZJiTMHiDNHyHYJSTOICHPICHWJCPcKCXXJSPjLCblLCf+\/f3NGR\/uLijzLynPGR\/IGB7WISHaIyLLGh7UAADxLynNAADRLzDbICLQAADIAAD3MCrUHSHXMTDpKSbLAADp5OTij4\/ejo\/VLy\/1LyngJSTcJCPQHx\/OHB7+\/PzaMS\/OLS\/vLijrLSjSAADaNTPwLyjkKSbNJCbYISHPHB\/KGB7WAAD7+vrn3d3aKynTKCjoLCfsKifRGh\/YAADq5+fhjo7QNDXXKCfmJyXt5+fTLzDLLi\/QKivYHRvMGBrQJCXLISPMExXLDxLaEAvkkI\/bOTfaFQ\/SCgpvLcnHAAAAmnRSTlMA+vv7+gT9Bvf9+8z8\/NSv\/Pr5+P7++vnQIBMP\/v38\/Pn348XDiCYf9OjbzcqxXVcx\/fz8+\/rj1r2poo1+fXFqX0orGP7+\/v7+\/fz8+\/r68uzn4trIxsG\/vri3p6GcmZSNbWVYUUZEPQv+\/f39+\/v7+\/v7+vr64tvV1NTTz87FtbSurqeblJKFg4B3bUY+NjL7+\/v7+\/v67t1cDo8JLQAABkRJREFUWMO0kz9rwkAYh0OIeJkum6YugUAhISCdKoj\/P4C7SMdS+gEKIhSKil10LSg4mzXkILdlEpxCpwTiWOLX6BujvQaEQuGeHLnL+\/64J+SIcKGYTYWnntpdLjrVdqvZmNdn0+EE40GtpuuWVS6Xx6N7YDSGpWXpeq02wHgynM7q80az1a52HpddtVcpsi1zFARBrdaxbhp9iUReTGmwA4KAAr7vx3EYejnCMI6hQYEgy0LQi4jUN0wL19vqFcUC9\/1dAKmEEFkWRYkh5oBejnxQJiSJPJ\/uKBp0Thszx9Mw8hMRIQjKsptCfuES9zr5WJY6vSFCIvE9fCMUmEM1A1kSXcYGxgVYsvI1IPKTZciSTI0us\/SMGG04gDzELDoFBwdcFJrF88dqgYMTiL6DILWYyfOWE8\/kIz38olCNlC03FK95+imxp6y4oUSvAnBjHHhKNtotSDqJzVFiK8c2SBqhZtsrTtgrLXwAyduxZHNE26eHUt5rtuM4WSmds3G+sUdWYo1L+XyxButoh5eKUHk5lByO3G1LqqCWVnfrv\/lyPtf\/4ps1cndNGIri8J1TJ0lx6dR\/oPjq1nbRwdp2dCk4CtIOLW3pVKRL6WZfS5vF2KkIQhpwSsjiYIgNCs1gEMGqiIq24NQX9NwoXFy8Ufrl3twTcg4fv8T9\/JBEySduj6Mjm4bMzYV7EEOxKjjoNDud7yY3Dy71Hq2oLmqfbNR723edH9PgMrNL2utoQ3VmaIDkiw\/4w51P06hlZsTZvkRrbVuSIs\/zwSOsycgzStQouoAkWQqioRT5XI7n2Z1wfVhoZmcAJLsoqjqpjbWCgpOAJXBwHK8PzWbNvoUZJND5wCnSkLAkZ1legx6vqQzjoiTahKlGUGLAiIIoABOHaNVw4sexZBym6\/HWlH5h3IC7yRbxtipcWxdTOkORKiNQAEkFf66x5S2oeRbroOlLgg0sSYkR0hRGEqJZ0jTPiQKatESdBckpWigxaapEH0lImHdWu9pUFF2XqMNM2Z4kped7IwEJw2qabwtrQqnpw6HyKkgcadKWsmpywwesDyIhYRpdzXddqegtGIJlXbAIUMOLkGxJUjRIkokwjUaX9d\/kK62ps\/tYUqZLIMkLTyBhsMZ3C5Z\/kDxOSCb\/DOs\/\/J0qcWSX\/2ipe56EgTCA4\/cB7NAYOsni4mZM1MUPAISoEwkDi4lhVBQ1cWQyIcwalw4EpqZN68JUSK7XC0kTlkLYii5uXSC8jT5ncCAS7mjCv0uHp\/3lueHEEAeQ\/\/VgmdN71\/2uCSA1Xr6DO6uI6sW56zqT2tp2PhgiRUAajV8CY2fkcz6WGNKMgLAt7tJAhD4YHMTeRxlALE6+43WqjSWi8ITxyJl8WrwWSNESQZZOqhDDntO3hJLsd5RtSpbJqdv3YrDJH3F7jL1R2O2aQkn2MyCyKYz0GPGIvSAMgBCrCEiJyKbBaYGwLW4uPRr0A0M4Ux5kUI7IBh+hMdiCEWNqhMZGyYMsOgNE58UQuEQeUnSWCMYwL54hkxK6IoqucQZbQ3pc3XtL0lky1dL0zZJJDpWJovFqpWj6JEHnyam2eQp5QRVAVHjWparTOaVwUOx99YS2MvgxIGV0bb+qIg2HX2qkFFJB+XZcbLiuRkuxD9GRroKyveLxdh4d7Orx+hb7qc3uVRuEogCOnyIxm4ubUoPgF4jianDrC+SDQDKEfJb0GUKmjCGPYHGJvVC6X4hw1\/sAfQAdfYyephIaspXe36RwOP+Ljvfx9B6B3i+Nk0DGq+oCbLn6JpBa9nWAveAIHwFAwtVcIJXPMPL8kRu5OAYPMaL1WScTxjiZDqB9LTJSWphow\/pTYKRTLjCBhvi9iBidvKcDasGSm0QQkycYuLBqj6QCELPctqChDWpTRMWkngNNpQ1Pfp1KkiT\/Y0DGffXAweUNfLAfaJFKDwhb6I+bkYRbkERoEeu3Fyjg2opMz2daZCS9jt6Q7txNfB+OZEVF6Zl5web2xunnLQrtrjXseXKaFYziYINeMFZVxS9VxRhOoesYwxPKXm+gWLG9cuFeq93UNNeJNsf1KlwuDok9n02n3TgIJpOxNfL9naIoQwXtfH9kjceTIIi709ncTg6LZbg+biLH1V6u\/7rxBem06VXKn9raAAAAAElFTkSuQmCC\")      no-repeat center center \/ contain;  }  @media screen and (max-width: 960px) and (orientation: portrait) {    .logo {      width: 100%;    }    .logo .pc-banner {      display: none;    }    .logo .m-banner {      display: block;      width: 100%;    }    .logo .m-banner img {      height: auto!important;    }    .ytvideo {      height: 200px;      width: 100%;    }  }<\/style><style>  .video-section {    width: 100%;    margin: 0 auto;  }  .video-section > img {    width: 100%;  }  .video-section iframe,  .video-section video {    width: 100%;    height: 100%;      }  .video-section-img-m,  .video-section-img-pc > img {    width: 100%;    height: auto;  }  .video-section-img-pc.small > img {    width: 970px;  }  .video-desc {    line-height: 1.5;    font-size: 20px;    font-weight: 400;    margin: 20px 0;    text-align: center;    color: #0f1111;    word-break: break-word;  }  @media screen and (max-width: 960px) and (orientation: portrait) {    .video-section {      width: 100%;    }    .video-section-pc,    .video-section-img-pc {      display: none;    }    .video-section-m,    .video-section-img-m {      display: block;    }    .video-desc {      font-size: 15px;    }  }  @media screen and (min-width: 960px) {    .video-section {      width: 100%;      margin: 0 auto;    }    .video-section-pc,    .video-section-img-pc {      display: block;    }    .video-section-m,    .video-section-img-m {      display: none;    }    .video-desc {      font-size: 20px;    }  }<\/style><style>  .section + .section {    margin-top: 35px;  }  .section-title {    text-align: center;    font-weight: bold;    color: #0d1111;    font-family: \"Arial\";    font-size: 32px;    margin: 15px 0;  }  .section-title:empty {    display: none;  }  .section-desc {    text-align: center;    font-weight: normal;    color: #0d1111;    margin-top: 20px;  }  .section-desc:empty {    display: none;  }  .section-img {    width: 1200px;    height: 492px;    margin: 0 auto;    display: block;  }  .section-img.small {    width: 970px;    height: auto;  }  .section-img.small > img {    height: auto;  }  .section-img > img {    width: 100%;    height: 100%;  }  .section-mobile-img {    display: none;    max-width: 100vw;    max-height: 75vw;    height: 450px;    margin: 0 auto;  }  .section-mobile-img > img {    width: 100%;    height: 100%;  }  @media screen and (max-width: 960px) and (orientation: portrait) {    .container {      width: 100%;    }    .container.small {      width: 100%;    }    .section-mobile-img {      display: block;    }    .section-img {      display: none;    }    .section-title {      font-size: 22px;      margin: 10px 0;    }    .section-desc {      margin-top: 10px;    }    .section + .section {      margin-top: 20px;    }  }<\/style><\/head><body><div class=\"container\"><div class=\"logo\"><div class=\"pc-banner\"><div><img decoding=\"async\" src=\"\/vevor\/vevor\/boutique-banner\/pc\/en-pc@1x.jpg\" style=\"width: 100%;\" \/><\/div><\/div><div class=\"m-banner\"><div><img decoding=\"async\" src=\"\/vevor\/vevor\/boutique-banner\/mobile\/en-m@1x.jpg\" style=\"width: 100%;\" \/><\/div><\/div><\/div><div class=\"section-title\">VEVOR Dip Bar \u2013 Your Ultimate Fitness Companion<\/div><div class=\"video-section\"><div class=\"video-section-img-pc\"><img decoding=\"async\" src=\"\/vevor\/product\/HXSGDBLJKDJG0ALEF\/dip-bar-a100-1.4.jpg\" alt=\"VEVOR dip bar: sturdy, stable, 24-inch width, easy assembly, multiple exercise options, 500 lbs capacity.\" \/><\/div><div class=\"video-section-img-m\"><img decoding=\"async\" src=\"\/vevor\/product\/HXSGDBLJKDJG0ALEF\/dip-bar-a100-1.4-m.jpg\" alt=\"VEVOR dip bar: sturdy, stable, 24-inch width, easy assembly, multiple exercise options, 500 lbs capacity.\" \/><\/div><div class=\"section-desc\">Our dip bar is your sturdy workout companion, crafted from toughened steel for lasting durability. It's designed to handle intense routines with ease, providing reliable support for every rep \u2013 a must-have for your home gym.<\/div><\/div><div class=\"section\"><div class=\"section-title\"><\/div><div class=\"section-img\"><img decoding=\"async\" src=\"\/vevor\/product\/HXSGDBLJKDJG0ALEF\/dip-bar-a100-2.2.jpg\" alt=\"VEVOR dip bar with 8-level height adjustment, locking knob, and minimal space requirement.\" \/><\/div><div class=\"section-mobile-img\"><img decoding=\"async\" src=\"\/vevor\/product\/HXSGDBLJKDJG0ALEF\/dip-bar-a100-2.2-m.jpg\" alt=\"VEVOR dip bar with 8-level height adjustment, locking knob, and minimal space requirement.\" \/><\/div><div class=\"section-desc\">The dip station adjusts effortlessly, catering to users of all heights for a personalized workout experience. No more awkward positions or knee-touching-the-floor scenarios \u2013 just smooth, customizable workouts.<\/div><\/div><div class=\"section\"><div class=\"section-title\"><\/div><div class=\"section-img\"><img decoding=\"async\" src=\"\/vevor\/product\/HXSGDBLJKDJG0ALEF\/dip-bar-a100-2.3.jpg\" alt=\"VEVOR dip bar with 24-inch width, featuring non-slip push-up handles for better grip.\" \/><\/div><div class=\"section-mobile-img\"><img decoding=\"async\" src=\"\/vevor\/product\/HXSGDBLJKDJG0ALEF\/dip-bar-a100-2.3-m.jpg\" alt=\"VEVOR dip bar with 24-inch width, featuring non-slip push-up handles for better grip.\" \/><\/div><div class=\"section-desc\">Perfectly proportioned at 24 inches wide, our dip bar station fits most users. The dip handles are not just comfortable \u2013 they're designed for optimal grip, evenly distributing pressure to sculpt your chest muscles without straining your wrists.<\/div><\/div><div class=\"section\"><div class=\"section-title\"><\/div><div class=\"section-img\"><img decoding=\"async\" src=\"\/vevor\/product\/HXSGDBLJKDJG0ALEF\/dip-bar-a100-2.4.jpg\" alt=\"VEVOR dip bar with non-slip foam grip handles, secure base, security nuts, and anti-scratch non-slip feet.\" \/><\/div><div class=\"section-mobile-img\"><img decoding=\"async\" src=\"\/vevor\/product\/HXSGDBLJKDJG0ALEF\/dip-bar-a100-2.4-m.jpg\" alt=\"VEVOR dip bar with non-slip foam grip handles, secure base, security nuts, and anti-scratch non-slip feet.\" \/><\/div><div class=\"section-desc\">Enjoy a comfortable grip with our dip stand's ergonomic foam handles, reducing hand fatigue and enhancing your workout experience. The rubber feet ensure stability and floor protection, so you can focus on your reps without worrying about slips or damage.<\/div><\/div><div class=\"section\"><div class=\"section-title\"><\/div><div class=\"section-img\"><img decoding=\"async\" src=\"\/vevor\/product\/HXSGDBLJKDJG0ALEF\/dip-bar-a100-2.5.jpg\" alt=\"exercise anytime anywhere with VEVOR dip bar featuring versatile workouts for home, gym, outdoor, and office.\" \/><\/div><div class=\"section-mobile-img\"><img decoding=\"async\" src=\"\/vevor\/product\/HXSGDBLJKDJG0ALEF\/dip-bar-a100-2.5-m.jpg\" alt=\"exercise anytime anywhere with VEVOR dip bar featuring versatile workouts for home, gym, outdoor, and office.\" \/><\/div><div class=\"section-desc\">Elevate your workouts with our portable dip bar \u2013 it's not just exercise; it's an experience. From full-body burners to muscle-targeting moves, it's your ticket to a fitter, healthier you. Say hello to enjoyable, effective fitness that fits your lifestyle.<\/div><\/div><div class=\"section\"><div class=\"section-img\"><img decoding=\"async\" src=\"\/vevor\/product\/HXSGDBLJKDJG0ALEF\/dip-bar-a100-1.11.jpg\" alt=\"VEVOR dip bar with 500 lbs capacity, dimensions: 51.6&quot; tall, 28&quot; wide, and 29.5&quot; deep.\" \/><\/div><div class=\"section-mobile-img\"><img decoding=\"async\" src=\"\/vevor\/product\/HXSGDBLJKDJG0ALEF\/dip-bar-a100-1.11-m.jpg\" alt=\"VEVOR dip bar with 500 lbs capacity, dimensions: 51.6&quot; tall, 28&quot; wide, and 29.5&quot; deep.\" \/><\/div><\/div><\/div><\/body><\/html><\/div>\n<div class=\"DM_at-title\" id=\"js-DM_at-title\"> <div>Product specification<\/div> <i class=\"icon-arrowup_line\"><\/i> <\/div><div class=\"DM_at-goodsDescAttr\" id=\"js-DM_at-goodsDescAttr\"> <div class=\"DM_at-goodsDescAttrInner\"> <dl class=\"goodsDesc_item goodsDesc_item_even\"> <dt>Item Model Number<\/dt> <dd> VB006<\/dd> <\/dl> <dl class=\"goodsDesc_item \"> <dt>Square Tube & Round Tube Thickness<\/dt> <dd> 0.05\"\/1.2 mm & 0.08\"\/2 mm<\/dd> <\/dl> <dl class=\"goodsDesc_item goodsDesc_item_even\"> <dt>Weight Capacity<\/dt> <dd> 500 lbs\/227 kg<\/dd> <\/dl> <dl class=\"goodsDesc_item \"> <dt>Product Weight<\/dt> <dd> 27.8 lbs\/12.6 kg<\/dd> <\/dl> <dl class=\"goodsDesc_item goodsDesc_item_even\"> <dt>Product Size<\/dt> <dd> 29.5\" x 28\" x 51.6\"\/750 x 710 x 1310 mm<\/dd> <\/dl> <\/div> <\/div>","protected":false},"excerpt":{"rendered":"<ul>\n<li> Sturdy Construction: Our dip bar boasts tough construction, using thickened steel tubes (0.05&#8243;\/1.2 mm thick square tube &#038; 0.08&#8243;\/2 mm thick round tube) for rock-solid reliability. It&#8217;s built to handle up to 500 lbs\/227 kg effortlessly, ensuring a stable and safe workout session every time. With its premium coating, it stays vibrant and durable for the long haul. <\/li>\n<li> Adjustable Height: Say goodbye to complicated setups! This dip station makes assembly a breeze in a few minutes, letting you adjust its height across 8 levels. Whether you&#8217;re tall, short, or in between, finding your perfect workout height (ranging from 40&#8243;\/1025 mm to 52&#8243;\/1310 mm) has never been easier. <\/li>\n<li> Just Right Width: With a comfortable 24-inch width, the dip bar station fits most users like a glove. Equipped with handles at the bottom with non-slip sleeves for better grip and comfort, it&#8217;s a must-have fitness equipment for home gyms. <\/li>\n<li> Comfort &#038; Security Combo: Get ready for a workout experience like no other. Our portable dip bar features foam-padded, non-slip handles that are durable and tear-resistant. Adjusting positions is a cinch, thanks to secure locking nuts. And those non-slip rubber feet keep things quiet and protect your floors \u2013 win-win! <\/li>\n<li> Versatile Workouts: Pump up your routine with our dip stand&#8217;s versatility. From chest stretches, push-ups, leg raises to abdominal exercises, it&#8217;s your all-in-one tool for strength training. And because it&#8217;s portable, you can take it from your home gym to your office break room \u2013 keeping fitness fun and convenient wherever you go! <\/li>\n<\/ul>\n","protected":false},"featured_media":305431,"comment_status":"closed","ping_status":"open","template":"","meta":{"om_disable_all_campaigns":false,"_monsterinsights_skip_tracking":false,"_monsterinsights_sitenote_active":false,"_monsterinsights_sitenote_note":"","_monsterinsights_sitenote_category":0,"_uf_show_specific_survey":0,"_uf_disable_surveys":false},"location":[1935,1934],"product_brand":[21],"product_cat":[2386,2387,4054,2378],"product_tag":[],"class_list":{"0":"post-41028","1":"product","2":"type-product","3":"status-publish","4":"has-post-thumbnail","6":"location-supplier_stock_location","7":"location-local_stock_location","8":"product_brand-vevor","9":"product_cat-exercise-equipment","10":"product_cat-fitness-accessories","11":"product_cat-push-up-stands","12":"product_cat-sports-outdoors","14":"first","15":"outofstock","16":"taxable","17":"shipping-taxable","18":"purchasable","19":"product-type-simple"},"aioseo_notices":[],"jetpack_sharing_enabled":true,"locations":[{"id":1935,"name":"Pieg\u0101d\u0101t\u0101ja noliktav\u0101 (5-7d.d.)","slug":"supplier_stock_location","quantity":"0"},{"id":1934,"name":"R\u012bgas veikal\u0101 (0-2d.d.)","slug":"local_stock_location","quantity":"0"}],"_links":{"self":[{"href":"https:\/\/vevorshop.lv\/en_us\/wp-json\/wp\/v2\/product\/41028","targetHints":{"allow":["GET"]}}],"collection":[{"href":"https:\/\/vevorshop.lv\/en_us\/wp-json\/wp\/v2\/product"}],"about":[{"href":"https:\/\/vevorshop.lv\/en_us\/wp-json\/wp\/v2\/types\/product"}],"replies":[{"embeddable":true,"href":"https:\/\/vevorshop.lv\/en_us\/wp-json\/wp\/v2\/comments?post=41028"}],"wp:featuredmedia":[{"embeddable":true,"href":"https:\/\/vevorshop.lv\/en_us\/wp-json\/wp\/v2\/media\/305431"}],"wp:attachment":[{"href":"https:\/\/vevorshop.lv\/en_us\/wp-json\/wp\/v2\/media?parent=41028"}],"wp:term":[{"taxonomy":"location","embeddable":true,"href":"https:\/\/vevorshop.lv\/en_us\/wp-json\/wp\/v2\/location?post=41028"},{"taxonomy":"product_brand","embeddable":true,"href":"https:\/\/vevorshop.lv\/en_us\/wp-json\/wp\/v2\/product_brand?post=41028"},{"taxonomy":"product_cat","embeddable":true,"href":"https:\/\/vevorshop.lv\/en_us\/wp-json\/wp\/v2\/product_cat?post=41028"},{"taxonomy":"product_tag","embeddable":true,"href":"https:\/\/vevorshop.lv\/en_us\/wp-json\/wp\/v2\/product_tag?post=41028"}],"curies":[{"name":"wp","href":"https:\/\/api.w.org\/{rel}","templated":true}]}}