{"id":42892,"date":"2024-11-19T07:52:04","date_gmt":"2024-11-19T07:52:04","guid":{"rendered":"http:\/\/vevorshop.edigo.lv\/Prece\/vevor-raised-toilet-seat-7-position-height-adjustment-19-3-25-2-350lbs-weight-capacity-with-comfort-padded-aluminum-frame-universal-toilet-seat-riser-for-elderly-handicap-pregnant-medica\/"},"modified":"2026-04-20T05:05:24","modified_gmt":"2026-04-20T02:05:24","slug":"vevor-raised-toilet-seat-7-position-height-adjustment-19-3-25-2-350lbs-weight-capacity-with-comfort-padded-aluminum-frame-universal-toilet-seat-riser-for-elderly-handicap-pregnant-medica","status":"publish","type":"product","link":"https:\/\/vevorshop.lv\/en_us\/Prece\/vevor-raised-toilet-seat-7-position-height-adjustment-19-3-25-2-350lbs-weight-capacity-with-comfort-padded-aluminum-frame-universal-toilet-seat-riser-for-elderly-handicap-pregnant-medica\/","title":{"rendered":"VEVOR Adjustable Raised Toilet Seat with Soft Cushion, 7 Height Levels 490\u2013640mm, 158.7kg Capacity, for Elderly &amp; Disabled"},"content":{"rendered":"<div style=\"color: #fff!important; font-size: 16px; height: 24px; line-height: 24px; margin-top: -24px; \" class=\"product_original_name\">VEVOR Raised Toilet Seat, 7-Position Height Adjustment 490 - 640 mm, 158.7 kg Weight Capacity, with Comfort Padded Aluminum Frame, Universal Toilet Seat Riser, for Elderly, Handicap, Pregnant, Medical<\/div>\n<div style=\"color: #fff!important; font-size: 16px; height: 24px; line-height: 24px; margin-top: -24px; \" class=\"product_sku\">M4I4LI53<\/div>\n<div style=\"color: #fff!important; font-size: 16px; height: 24px; line-height: 24px; margin-top: -24px; \" class=\"product_mpn\">SJLDSJGMTZDLV1SLQV0<\/div><div id=\"js-DM_at-goodDescRich\"><html><head><style>  body {    font-family: Arial;    line-height: 1.5;    color: #1c1c1c;    overflow-x: hidden;    margin: 0;    padding: 0;  }  .MsoNormal b {    font-weight: bolder;  }<\/style><style>  .container.small {    width: 970px;    margin: 0 auto;  }  .logo {    margin: 0 auto 0;  }  .logo img {    display: block;    margin: 0 auto;    max-width: 100%;  }  .logo .pc-banner {    display: block;    width: 1200px;    height: 247.4px;    margin: 0 auto;  }  .logo .pc-banner.small {    width: 970px;  }  .logo .pc-banner.small img {    height: auto!important;  }  .logo .m-banner {    display: none;  }  .ytvideo {    position: relative;    height: 546px;    width: 100%;    margin: 0 auto;  }  .ytvideo img {    width: 100%;    margin: 0 auto;  }  .ytvideo .play-btn {    width: 60px;    height: 42px;    position: absolute;    top: 50%;    left: 50%;    transform: translate(-50%, -50%);    background: url(\"data:image\/png;base64,iVBORw0KGgoAAAANSUhEUgAAAGQAAABGCAMAAAANWMFbAAAC+lBMVEUAAADBGB3kLCfBGB3kLCfcJC7BFx3KKSbiKybkLCbWJCPSIiLSIiLPICHAFx3kLCfgKSXNHiDZJiTIGx\/p4eHcjo7LHSDbJyTkLCbjKyfOHyHPIiL28fHJHB\/GGh7EGR7eKCXDGB3RISHlLSbBGB3AFxzGHB7DGB7BGB3hKybkKybAFx3lLCfAFxzDGR3hKibDGB7cJyTmz8\/elJTlwcHjurrUIyLlLSflLSfAFx3DGR7lLSfCFx3hKibhKibhKybjKybkLCblLSfbJSX49vbx7e3NNzjNMTLMJyjVIyLZf3\/ZQ0LaeHjx0tLgoqLkLCfCGB3HGx\/BGB3BFx3PICHCGB7WJCLOHyC\/Fxy\/Fx3lLCfQISHkLSe\/FxzbJiTBFx3FGx\/AGB7BFx3EGR7AGB3HHSDfKiXAFh3TISHYNzbhKibbJyTTIiL57e325+f039\/v2NjUV1fOHiHiqanfmprch4feKSXVIyPOICHmLibFGh\/mLSe\/Fx7XJCPeKSXXJSPNHyHaJyTGGh7lLCbmLCflLSjSIiLkLCbdKSXLHiC\/GB3KHh++Fh3lKyfoLiXcKCPkx8fYb2\/XaGfVXl3aU1LLHiDksbHgKibPICHbJyTfKSXbJyTCGB3KHSDiKybFGh7TIiL\/\/\/\/VIyPRISHIHB\/GGx\/HHB\/DGR7gKibdKCXLHiDZJiTMHiDNHyHYJSTOICHPICHWJCPcKCXXJSPjLCblLCf+\/f3NGR\/uLijzLynPGR\/IGB7WISHaIyLLGh7UAADxLynNAADRLzDbICLQAADIAAD3MCrUHSHXMTDpKSbLAADp5OTij4\/ejo\/VLy\/1LyngJSTcJCPQHx\/OHB7+\/PzaMS\/OLS\/vLijrLSjSAADaNTPwLyjkKSbNJCbYISHPHB\/KGB7WAAD7+vrn3d3aKynTKCjoLCfsKifRGh\/YAADq5+fhjo7QNDXXKCfmJyXt5+fTLzDLLi\/QKivYHRvMGBrQJCXLISPMExXLDxLaEAvkkI\/bOTfaFQ\/SCgpvLcnHAAAAmnRSTlMA+vv7+gT9Bvf9+8z8\/NSv\/Pr5+P7++vnQIBMP\/v38\/Pn348XDiCYf9OjbzcqxXVcx\/fz8+\/rj1r2poo1+fXFqX0orGP7+\/v7+\/fz8+\/r68uzn4trIxsG\/vri3p6GcmZSNbWVYUUZEPQv+\/f39+\/v7+\/v7+vr64tvV1NTTz87FtbSurqeblJKFg4B3bUY+NjL7+\/v7+\/v67t1cDo8JLQAABkRJREFUWMO0kz9rwkAYh0OIeJkum6YugUAhISCdKoj\/P4C7SMdS+gEKIhSKil10LSg4mzXkILdlEpxCpwTiWOLX6BujvQaEQuGeHLnL+\/64J+SIcKGYTYWnntpdLjrVdqvZmNdn0+EE40GtpuuWVS6Xx6N7YDSGpWXpeq02wHgynM7q80az1a52HpddtVcpsi1zFARBrdaxbhp9iUReTGmwA4KAAr7vx3EYejnCMI6hQYEgy0LQi4jUN0wL19vqFcUC9\/1dAKmEEFkWRYkh5oBejnxQJiSJPJ\/uKBp0Thszx9Mw8hMRIQjKsptCfuES9zr5WJY6vSFCIvE9fCMUmEM1A1kSXcYGxgVYsvI1IPKTZciSTI0us\/SMGG04gDzELDoFBwdcFJrF88dqgYMTiL6DILWYyfOWE8\/kIz38olCNlC03FK95+imxp6y4oUSvAnBjHHhKNtotSDqJzVFiK8c2SBqhZtsrTtgrLXwAyduxZHNE26eHUt5rtuM4WSmds3G+sUdWYo1L+XyxButoh5eKUHk5lByO3G1LqqCWVnfrv\/lyPtf\/4ps1cndNGIri8J1TJ0lx6dR\/oPjq1nbRwdp2dCk4CtIOLW3pVKRL6WZfS5vF2KkIQhpwSsjiYIgNCs1gEMGqiIq24NQX9NwoXFy8Ufrl3twTcg4fv8T9\/JBEySduj6Mjm4bMzYV7EEOxKjjoNDud7yY3Dy71Hq2oLmqfbNR723edH9PgMrNL2utoQ3VmaIDkiw\/4w51P06hlZsTZvkRrbVuSIs\/zwSOsycgzStQouoAkWQqioRT5XI7n2Z1wfVhoZmcAJLsoqjqpjbWCgpOAJXBwHK8PzWbNvoUZJND5wCnSkLAkZ1legx6vqQzjoiTahKlGUGLAiIIoABOHaNVw4sexZBym6\/HWlH5h3IC7yRbxtipcWxdTOkORKiNQAEkFf66x5S2oeRbroOlLgg0sSYkR0hRGEqJZ0jTPiQKatESdBckpWigxaapEH0lImHdWu9pUFF2XqMNM2Z4kped7IwEJw2qabwtrQqnpw6HyKkgcadKWsmpywwesDyIhYRpdzXddqegtGIJlXbAIUMOLkGxJUjRIkokwjUaX9d\/kK62ps\/tYUqZLIMkLTyBhsMZ3C5Z\/kDxOSCb\/DOs\/\/J0qcWSX\/2ipe56EgTCA4\/cB7NAYOsni4mZM1MUPAISoEwkDi4lhVBQ1cWQyIcwalw4EpqZN68JUSK7XC0kTlkLYii5uXSC8jT5ncCAS7mjCv0uHp\/3lueHEEAeQ\/\/VgmdN71\/2uCSA1Xr6DO6uI6sW56zqT2tp2PhgiRUAajV8CY2fkcz6WGNKMgLAt7tJAhD4YHMTeRxlALE6+43WqjSWi8ITxyJl8WrwWSNESQZZOqhDDntO3hJLsd5RtSpbJqdv3YrDJH3F7jL1R2O2aQkn2MyCyKYz0GPGIvSAMgBCrCEiJyKbBaYGwLW4uPRr0A0M4Ux5kUI7IBh+hMdiCEWNqhMZGyYMsOgNE58UQuEQeUnSWCMYwL54hkxK6IoqucQZbQ3pc3XtL0lky1dL0zZJJDpWJovFqpWj6JEHnyam2eQp5QRVAVHjWparTOaVwUOx99YS2MvgxIGV0bb+qIg2HX2qkFFJB+XZcbLiuRkuxD9GRroKyveLxdh4d7Orx+hb7qc3uVRuEogCOnyIxm4ubUoPgF4jianDrC+SDQDKEfJb0GUKmjCGPYHGJvVC6X4hw1\/sAfQAdfYyephIaspXe36RwOP+Ljvfx9B6B3i+Nk0DGq+oCbLn6JpBa9nWAveAIHwFAwtVcIJXPMPL8kRu5OAYPMaL1WScTxjiZDqB9LTJSWphow\/pTYKRTLjCBhvi9iBidvKcDasGSm0QQkycYuLBqj6QCELPctqChDWpTRMWkngNNpQ1Pfp1KkiT\/Y0DGffXAweUNfLAfaJFKDwhb6I+bkYRbkERoEeu3Fyjg2opMz2daZCS9jt6Q7txNfB+OZEVF6Zl5web2xunnLQrtrjXseXKaFYziYINeMFZVxS9VxRhOoesYwxPKXm+gWLG9cuFeq93UNNeJNsf1KlwuDok9n02n3TgIJpOxNfL9naIoQwXtfH9kjceTIIi709ncTg6LZbg+biLH1V6u\/7rxBem06VXKn9raAAAAAElFTkSuQmCC\")      no-repeat center center \/ contain;  }  @media screen and (max-width: 960px) and (orientation: portrait) {    .logo {      width: 100%;    }    .logo .pc-banner {      display: none;    }    .logo .m-banner {      display: block;      width: 100%;    }    .logo .m-banner img {      height: auto!important;    }    .ytvideo {      height: 200px;      width: 100%;    }  }<\/style><style>  .video-section {    width: 100%;    margin: 0 auto;  }  .video-section > img {    width: 100%;  }  .video-section iframe,  .video-section video {    width: 100%;    height: 100%;      }  .video-section-img-m,  .video-section-img-pc > img {    width: 100%;    height: auto;  }  .video-section-img-pc.small > img {    width: 970px;  }  .video-desc {    line-height: 1.5;    font-size: 20px;    font-weight: 400;    margin: 20px 0;    text-align: center;    color: #0f1111;    word-break: break-word;  }  @media screen and (max-width: 960px) and (orientation: portrait) {    .video-section {      width: 100%;    }    .video-section-pc,    .video-section-img-pc {      display: none;    }    .video-section-m,    .video-section-img-m {      display: block;    }    .video-desc {      font-size: 15px;    }  }  @media screen and (min-width: 960px) {    .video-section {      width: 100%;      margin: 0 auto;    }    .video-section-pc,    .video-section-img-pc {      display: block;    }    .video-section-m,    .video-section-img-m {      display: none;    }    .video-desc {      font-size: 20px;    }  }<\/style><style>  .section + .section {    margin-top: 35px;  }  .section-title {    text-align: center;    font-weight: bold;    color: #0d1111;    font-family: \"Arial\";    font-size: 32px;    margin: 15px 0;  }  .section-title:empty {    display: none;  }  .section-desc {    text-align: center;    font-weight: normal;    color: #0d1111;    margin-top: 20px;  }  .section-desc:empty {    display: none;  }  .section-img {    width: 1200px;    height: 492px;    margin: 0 auto;    display: block;  }  .section-img.small {    width: 970px;    height: auto;  }  .section-img.small > img {    height: auto;  }  .section-img > img {    width: 100%;    height: 100%;  }  .section-mobile-img {    display: none;    max-width: 100vw;    max-height: 75vw;    height: 450px;    margin: 0 auto;  }  .section-mobile-img > img {    width: 100%;    height: 100%;  }  @media screen and (max-width: 960px) and (orientation: portrait) {    .container {      width: 100%;    }    .container.small {      width: 100%;    }    .section-mobile-img {      display: block;    }    .section-img {      display: none;    }    .section-title {      font-size: 22px;      margin: 10px 0;    }    .section-desc {      margin-top: 10px;    }    .section + .section {      margin-top: 20px;    }  }<\/style><\/head><body><div class=\"container\"><div class=\"logo\"><div class=\"pc-banner\"><div><img decoding=\"async\" src=\"\/vevor\/vevor\/boutique-banner\/pc\/en-pc@1x.jpg\" style=\"width: 100%;\" \/><\/div><\/div><div class=\"m-banner\"><div><img decoding=\"async\" src=\"\/vevor\/vevor\/boutique-banner\/mobile\/en-m@1x.jpg\" style=\"width: 100%;\" \/><\/div><\/div><\/div><div class=\"section-title\">Height-Adjustable Raised Toilet Stool for Reliable Toilet Care<\/div><div class=\"video-section\"><div class=\"video-section-img-pc\"><img decoding=\"async\" src=\"\/vevor\/product\/SJLDSJGMTZDLV1SLQ\/raised-toilet-seat-a100-1.4.jpg\" alt=\"VEVOR raised toilet seat with stable four-leg support, ideal for pregnant women, elderly, and patients.\" \/><\/div><div class=\"video-section-img-m\"><img decoding=\"async\" src=\"\/vevor\/product\/SJLDSJGMTZDLV1SLQ\/raised-toilet-seat-a100-1.4-m.jpg\" alt=\"VEVOR raised toilet seat with stable four-leg support, ideal for pregnant women, elderly, and patients.\" \/><\/div><div class=\"section-desc\">We've incorporated a spring-loaded hole design in the legs, allowing for customizable height adjustments. It offers a comfortable toileting solution for pregnant women, seniors, injured individuals, and people with disabilities, reducing joint strain.<\/div><\/div><div class=\"section\"><div class=\"section-title\"><\/div><div class=\"section-img\"><img decoding=\"async\" src=\"\/vevor\/product\/SJLDSJGMTZDLV1SLQ\/raised-toilet-seat-a100-2.2.jpg\" alt=\"VEVOR raised toilet seat with aluminum armrest, soft padding, stable frame, and non-slip rubber feet.\" \/><\/div><div class=\"section-mobile-img\"><img decoding=\"async\" src=\"\/vevor\/product\/SJLDSJGMTZDLV1SLQ\/raised-toilet-seat-a100-2.2-m.jpg\" alt=\"VEVOR raised toilet seat with aluminum armrest, soft padding, stable frame, and non-slip rubber feet.\" \/><\/div><div class=\"section-desc\">Crafted primarily from aluminum, the toilet riser is sturdy and durable, supporting weights of up to 350 lbs. Users of different body types and weights can confidently use it, making it especially suitable for those needing additional support.<\/div><\/div><div class=\"section\"><div class=\"section-title\"><\/div><div class=\"section-img\"><img decoding=\"async\" src=\"\/vevor\/product\/SJLDSJGMTZDLV1SLQ\/raised-toilet-seat-a100-2.3.jpg\" alt=\"VEVOR raised toilet seat being assembled without tools, compatible with standard and elongated bowls.\" \/><\/div><div class=\"section-mobile-img\"><img decoding=\"async\" src=\"\/vevor\/product\/SJLDSJGMTZDLV1SLQ\/raised-toilet-seat-a100-2.3-m.jpg\" alt=\"VEVOR raised toilet seat being assembled without tools, compatible with standard and elongated bowls.\" \/><\/div><div class=\"section-desc\">The floor-based raised toilet seat only requires assembly of the legs, making it highly compatible with most standard round and elongated toilets.<\/div><\/div><div class=\"section\"><div class=\"section-title\"><\/div><div class=\"section-img\"><img decoding=\"async\" src=\"\/vevor\/product\/SJLDSJGMTZDLV1SLQ\/raised-toilet-seat-a100-2.4.jpg\" alt=\"comfortable padded VEVOR raised toilet seat with built-in foam, leather surface, and easy wipe-clean.\" \/><\/div><div class=\"section-mobile-img\"><img decoding=\"async\" src=\"\/vevor\/product\/SJLDSJGMTZDLV1SLQ\/raised-toilet-seat-a100-2.4-m.jpg\" alt=\"comfortable padded VEVOR raised toilet seat with built-in foam, leather surface, and easy wipe-clean.\" \/><\/div><div class=\"section-desc\">The specially designed 1.4\" \/ 35mm thick soft cushion with a leather surface ensures long-term comfort during toilet use and is easy to clean.<\/div><\/div><div class=\"section\"><div class=\"section-title\"><\/div><div class=\"section-img\"><img decoding=\"async\" src=\"\/vevor\/product\/SJLDSJGMTZDLV1SLQ\/raised-toilet-seat-a100-2.5.jpg\" alt=\"VEVOR raised toilet seat with storage bag and tissue holder for everyday use. cozy and convenient bathroom aid.\" \/><\/div><div class=\"section-mobile-img\"><img decoding=\"async\" src=\"\/vevor\/product\/SJLDSJGMTZDLV1SLQ\/raised-toilet-seat-a100-2.5-m.jpg\" alt=\"VEVOR raised toilet seat with storage bag and tissue holder for everyday use. cozy and convenient bathroom aid.\" \/><\/div><div class=\"section-desc\">During toilet use, you can conveniently store your phone or magazines in the storage bag, making tissue retrieval easier.<\/div><\/div><div class=\"section\"><div class=\"section-img\"><img decoding=\"async\" src=\"\/vevor\/product\/SJLDSJGMTZDLV1SLQ\/raised-toilet-seat-a100-1.11.jpg\" alt=\"VEVOR raised toilet seat with armrests, support tubes, storage bag, and components. load: 350 lbs.\" \/><\/div><div class=\"section-mobile-img\"><img decoding=\"async\" src=\"\/vevor\/product\/SJLDSJGMTZDLV1SLQ\/raised-toilet-seat-a100-1.11-m.jpg\" alt=\"VEVOR raised toilet seat with armrests, support tubes, storage bag, and components. load: 350 lbs.\" \/><\/div><\/div><\/div><\/body><\/html><\/div>\n<div class=\"DM_at-title\" id=\"js-DM_at-title\"> <div>Product specification<\/div> <i class=\"icon-arrowup_line\"><\/i> <\/div><div class=\"DM_at-goodsDescAttr\" id=\"js-DM_at-goodsDescAttr\"> <div class=\"DM_at-goodsDescAttrInner\"> <dl class=\"goodsDesc_item goodsDesc_item_even\"> <dt>Item Model Number<\/dt> <dd> FBL760598<\/dd> <\/dl> <dl class=\"goodsDesc_item \"> <dt>Load Capacity<\/dt> <dd> 350 lbs \/ 158.7 kg<\/dd> <\/dl> <dl class=\"goodsDesc_item goodsDesc_item_even\"> <dt>Applicable Toilet<\/dt> <dd> Universal<\/dd> <\/dl> <dl class=\"goodsDesc_item \"> <dt>Main Material<\/dt> <dd> Aluminum<\/dd> <\/dl> <dl class=\"goodsDesc_item goodsDesc_item_even\"> <dt>Product Weight<\/dt> <dd> 6.6 lbs \/ 3.01 kg, \u00b1 3%<\/dd> <\/dl> <dl class=\"goodsDesc_item \"> <dt>Product Size<\/dt> <dd> 20.7\" x 25.2\" x 25.8\" - 31.7\" \/ 525 x 640 x 655-805 mm<\/dd> <\/dl> <\/div> <\/div>","protected":false},"excerpt":{"rendered":"<ul>\n<li> 7-Position Adjustable: We&#8217;ve incorporated a spring-loaded hole design in the legs, allowing for customizable height adjustments. It offers a comfortable toileting solution for pregnant women, seniors, injured individuals, and people with disabilities, reducing joint strain. <\/li>\n<li> Sturdy Materials and Construction: Crafted primarily from aluminum, the toilet riser is sturdy and durable, supporting weights of up to 350 lbs. Users of different body types and weights can confidently use it, making it especially suitable for those needing additional support. <\/li>\n<li> Four-Legged Floor Design: The floor-based raised toilet seat only requires assembly of the legs, making it highly compatible with most standard round and elongated toilets. <\/li>\n<li> Soft and Thick Cushion: The specially designed 1.4&#8243; \/ 35mm thick soft cushion with a leather surface ensures long-term comfort during toilet use and is easy to clean. <\/li>\n<li> Convenient Accessories: During toilet use, you can conveniently store your phone or magazines in the storage bag, making tissue retrieval easier. <\/li>\n<\/ul>\n","protected":false},"featured_media":308259,"comment_status":"closed","ping_status":"open","template":"","meta":{"om_disable_all_campaigns":false,"_uf_show_specific_survey":0,"_uf_disable_surveys":false},"location":[1935,1934],"product_brand":[21],"product_cat":[2647,3668,4100],"product_tag":[],"class_list":{"0":"post-42892","1":"product","2":"type-product","3":"status-publish","4":"has-post-thumbnail","6":"location-supplier_stock_location","7":"location-local_stock_location","8":"product_brand-vevor","9":"product_cat-bath","10":"product_cat-bathroom-safety","11":"product_cat-toilet-seat-risers","13":"first","14":"instock","15":"taxable","16":"shipping-taxable","17":"purchasable","18":"product-type-simple"},"aioseo_notices":[],"locations":[{"id":1935,"name":"Pieg\u0101d\u0101t\u0101ja noliktav\u0101 (5-7d.d.)","slug":"supplier_stock_location","quantity":"677"},{"id":1934,"name":"R\u012bgas veikal\u0101 (0-2d.d.)","slug":"local_stock_location","quantity":"0"}],"_links":{"self":[{"href":"https:\/\/vevorshop.lv\/en_us\/wp-json\/wp\/v2\/product\/42892","targetHints":{"allow":["GET"]}}],"collection":[{"href":"https:\/\/vevorshop.lv\/en_us\/wp-json\/wp\/v2\/product"}],"about":[{"href":"https:\/\/vevorshop.lv\/en_us\/wp-json\/wp\/v2\/types\/product"}],"replies":[{"embeddable":true,"href":"https:\/\/vevorshop.lv\/en_us\/wp-json\/wp\/v2\/comments?post=42892"}],"wp:featuredmedia":[{"embeddable":true,"href":"https:\/\/vevorshop.lv\/en_us\/wp-json\/wp\/v2\/media\/308259"}],"wp:attachment":[{"href":"https:\/\/vevorshop.lv\/en_us\/wp-json\/wp\/v2\/media?parent=42892"}],"wp:term":[{"taxonomy":"location","embeddable":true,"href":"https:\/\/vevorshop.lv\/en_us\/wp-json\/wp\/v2\/location?post=42892"},{"taxonomy":"product_brand","embeddable":true,"href":"https:\/\/vevorshop.lv\/en_us\/wp-json\/wp\/v2\/product_brand?post=42892"},{"taxonomy":"product_cat","embeddable":true,"href":"https:\/\/vevorshop.lv\/en_us\/wp-json\/wp\/v2\/product_cat?post=42892"},{"taxonomy":"product_tag","embeddable":true,"href":"https:\/\/vevorshop.lv\/en_us\/wp-json\/wp\/v2\/product_tag?post=42892"}],"curies":[{"name":"wp","href":"https:\/\/api.w.org\/{rel}","templated":true}]}}