{"id":11429,"date":"2024-11-17T23:49:50","date_gmt":"2024-11-17T23:49:50","guid":{"rendered":"http:\/\/vevorshop.edigo.lv\/Prece\/vevor-submersible-water-pump-2200w-60000l-h-w-10-m-cord-and-automatic-tethered-float-switch-portable-stainless-steel-for-dirty-or-clean-drain-floods-empty-garden-ponds-swimming-pools-hot-tubs\/"},"modified":"2026-05-13T14:32:01","modified_gmt":"2026-05-13T11:32:01","slug":"vevor-submersible-water-pump-2200w-60000l-h-w-10-m-cord-and-automatic-tethered-float-switch-portable-stainless-steel-for-dirty-or-clean-drain-floods-empty-garden-ponds-swimming-pools-hot-tubs","status":"publish","type":"product","link":"https:\/\/vevorshop.lv\/et\/Prece\/vevor-sukelveepump-2200-w-60000-l-h-w-10-m-juhe-ja-automaatne-loastatud-ujuk-luliti-kaasaskantav-roostevaba-teras-maardunud-voi-puhta-aravoolu-uleujutuste-tuhjad-aiatiigid-basseinid-kumblustunnid\/","title":{"rendered":"VEVOR 2200W Sukeldatav Veepump, 60000L\/h, 8m juhe, ujukl\u00fcliti, roostevaba teras, tiikidele, basseinidele"},"content":{"rendered":"<div style=\"color: #fff!important; font-size: 16px; height: 24px; line-height: 24px; margin-top: -24px; \" class=\"product_original_name\">VEVOR Sukeldatav veepump, 2200 W 60000L\/H, 8 m juhtmega ja automaatse l\u00f5astatud ujukl\u00fclitiga, kaasaskantav roostevabast terasest m\u00e4\u00e4rdunud v\u00f5i puhtaks, \u00e4ravoolu \u00fcleujutused, t\u00fchjad aiatiigid, basseinid, mullivann<\/div>\n<div style=\"color: #fff!important; font-size: 16px; height: 24px; line-height: 24px; margin-top: -24px; \" class=\"product_sku\">M4I4KAQ7<\/div>\n<div style=\"color: #fff!important; font-size: 16px; height: 24px; line-height: 24px; margin-top: -24px; \" class=\"product_mpn\">WSBBX30HP220VSLN2V2<\/div><div id=\"js-DM_at-goodDescRich\"><html><head><style>  @media screen and (max-width: 970px) {    .pcBanner {      display: none;    }    .mBanner {      display: block;    }  }  @media screen and (min-width: 970px) {    .pcBanner {      display: block;    }    .mBanner {      display: none;    }  }<\/style><\/head><body><div class=\"container\" style=\"font-size: 16px; font-family: Arial; line-height: 1.5; margin: 0 auto !important; color: #1c1c1c; padding: 10px\"><div class=\"pcBanner\"><div><img decoding=\"async\" src=\"\/vevor\/vevor\/boutique-banner\/pc\/en-pc@1x.jpg\" style=\"width: 100%;\" \/><\/div><\/div><div class=\"mBanner\"><div><img decoding=\"async\" src=\"\/vevor\/vevor\/boutique-banner\/mobile\/en-m@1x.jpg\" style=\"width: 100%;\" \/><\/div><\/div><div style=\"width: 100%\"><img decoding=\"async\" src=\"\/vevor\/product\/WSBBX30HP220VSLN2\/sump-pump-a100-1.4.jpg\" style=\"width: 100%\" \/><\/div><div style=\"margin-top: 24px; font-size: 16px; font-weight: 700\"><div>3 HP Sukeldatavad veepump<\/div><div><div style=\"font-size: 14px; font-weight: 400; margin: 8px 0; font-style: italic\">Must-on vahend igale householder!<\/div><\/div><div style=\"font-size: 14px; font-weight: 400\">Kas sa ikka mures drenaa\u017e probleeme? Vaadata VEVOR on sukeldatavad veepump. See on varustatud suure j\u00f5udlusega mootor optimaalne vooluhulk ja t\u00f5sta j\u00f5udlust. Lisatasu materjalide ja tihendamist struktuuri tagada pikaajaline kasutus. Automaatne ujuk-l\u00fcliti on vabad k\u00e4ed. Sobib pumbata vee basseinid, keldrid, tiigid, riverside, ja muud \u00fcleujutatud aladel. \u00c4rge kartke alustada lihtne ja kiire vee \u00e4ravoolu t\u00f6\u00f6d meie s\u00fcvapumba!<\/div><ul style=\"margin: 0; padding: 0; list-style-position: inside; font-size: 14px; font-weight: 400; margin-top: 16px; list-style: inside\"><li><span>2200 W v\u00f5imsus teie pumba jaoks<\/span><\/li><li><span>Loodud kestma<\/span><\/li><li><span>K\u00e4ed-vaba Toiming<\/span><\/li><li><span>M\u00f5eldud Just Teie jaoks<\/span><\/li><li><span>K\u00e4epide Tahes \u00c4ravool \u00dclesanne<\/span><\/li><\/ul><\/div><div style=\"font-weight: 700\"><div style=\"font-family: Roboto; margin: 24px 0 10px 0\">Peamised Omadused<\/div><div class=\"itemsContainer\" id=\"flexContainer\" style=\"display: grid; grid-template-columns: repeat(auto-fit, minmax(260px, 1fr))\"><div style=\"flex: 4; display: flex; flex-direction: column; padding: 10px\"><img decoding=\"async\" src=\"\/vevor\/product\/WSBBX30HP220VSLN2\/sump-pump-m100-2.jpg\" style=\"width: 100%\" \/><p style=\"font-weight: 700; margin-top: 20px; font-size: 17px\">T\u00f5hus Ja Vastupidav Mootor<\/p><p style=\"font-size: 14px; font-weight: 400; word-break: break-all; margin-top: 10px\">3 HP v\u00f5imas vasest mootor teeb meie sukeldatavad veepump s\u00e4ilitada pikaajaline kiire \u00e4ravoolu j\u00f5udlust. See pakub termilise \u00fclekoormuse kaitse ja madala m\u00fcratasemega t\u00f6\u00f6tamise ajal.<\/p><\/div><div style=\"flex: 4; display: flex; flex-direction: column; padding: 10px\"><img decoding=\"async\" src=\"\/vevor\/product\/WSBBX30HP220VSLN2\/sump-pump-m100-3.jpg\" style=\"width: 100%\" \/><p style=\"font-weight: 700; margin-top: 20px; font-size: 17px\">Jookseb Omal<\/p><p style=\"font-size: 14px; font-weight: 400; word-break: break-all; margin-top: 10px\">Oled sa v\u00e4sinud keerates pump otse? Noh, meie \u00f5livann pump kaasas tundlik ujuk-l\u00fcliti v\u00f5imaldab pumba automaatselt sisse\/v\u00e4lja vastavalt vee-taseme.<\/p><\/div><div style=\"flex: 4; display: flex; flex-direction: column; padding: 10px\"><img decoding=\"async\" src=\"\/vevor\/product\/WSBBX30HP220VSLN2\/sump-pump-m100-4.jpg\" style=\"width: 100%\" \/><p style=\"font-weight: 700; margin-top: 20px; font-size: 17px\">Suure Heakskiidu<\/p><p style=\"font-size: 14px; font-weight: 400; word-break: break-all; margin-top: 10px\">Kui s\u00fcvapumba funktsioonid suur 3&#034;\/7.6 cm heakskiidu outlet rohkem vett ning on lihtne \u00fchendada voolik. Seda v\u00f5ib k\u00e4sitleda koos 32-104\u2109 \/ 0-40\u2103 vesi sisaldab tahkete ainete kuni 0,8&#034;\/2 cm.<\/p><\/div><\/div><\/div><div style=\"margin: 20px 0\"><img decoding=\"async\" src=\"\/vevor\/product\/WSBBX30HP220VSLN2\/sump-pump-a100-1.10.jpg\" style=\"width: 100%\" id=\"featureImg1\" \/><\/div><div><\/div><div style=\"margin-top: 30px; margin-bottom: 33px\"><img decoding=\"async\" src=\"\/vevor\/product\/WSBBX30HP220VSLN2\/sump-pump-a100-1.11.jpg\" style=\"width: 100%\" id=\"featureImg2\" \/><\/div><\/div><\/body><\/html><\/div>\n<div class=\"DM_at-title\" id=\"js-DM_at-title\"> <div>Toote spetsifikatsioon<\/div> <i class=\"icon-arrowup_line\"><\/i> <\/div><div class=\"DM_at-goodsDescAttr\" id=\"js-DM_at-goodsDescAttr\"> <div class=\"DM_at-goodsDescAttrInner\"> <dl class=\"goodsDesc_item goodsDesc_item_even\"> <dt>Mudel<\/dt> <dd> WSD55-18-2.2 B(A)<\/dd> <\/dl> <dl class=\"goodsDesc_item\"> <dt>Pinge<\/dt> <dd> 220-240V 50\/60Hz<\/dd> <\/dl> <dl class=\"goodsDesc_item goodsDesc_item_even\"> <dt>V\u00f5imsus<\/dt> <dd> 2200W \/ 3HP<\/dd> <\/dl> <dl class=\"goodsDesc_item\"> <dt>Amps<\/dt> <dd> 10A<\/dd> <\/dl> <dl class=\"goodsDesc_item goodsDesc_item_even\"> <dt>Maks. Lift<\/dt> <dd> 60 ft \/ 18 m<\/dd> <\/dl> <dl class=\"goodsDesc_item\"> <dt>Maks. Voolu<\/dt> <dd> 264 GPM \/ 1000L\/min<\/dd> <\/dl> <dl class=\"goodsDesc_item goodsDesc_item_even\"> <dt>Toitejuhe Pikkus<\/dt> <dd> 8 m<\/dd> <\/dl> <dl class=\"goodsDesc_item\"> <dt>Vee Temperatuur<\/dt> <dd> 32-104\u2109 \/ 0-40\u2103<\/dd> <\/dl> <dl class=\"goodsDesc_item goodsDesc_item_even\"> <dt>Kaitse T\u00fc\u00fcp<\/dt> <dd> Ipx8-ga<\/dd> <\/dl> <\/div> <\/div>","protected":false},"excerpt":{"rendered":"<ul>\n<li> 2200W Oma V\u00f5imu Pump: Meie sukeldatavad veepump saab t\u00f5sta vee vertikaalselt \u00fcles, et k\u00f5rgus on 60 ft \/ 18 m ja liigub vesi kuni 15840 gal\/ 60000 L tunnis. Kui 3HP t\u00f5hus mootor koos termilise \u00fclekoormuse kaitse ja madal m\u00fcratase tagab turvalise ja suurep\u00e4rane j\u00f5udlus. See on ideaalne pumpamiseks puhta ja musta vee. Kasutades oma uus vee pump on su l\u00f6\u00f6klaine! <\/li>\n<li> M\u00f5eldud Viimati: K\u00f5rge kvaliteediga materjalidest on tagatud k\u00f5rge kvaliteediga tulemused. \u00d5livann pump omadused korrosiooni-t\u00f5end malmist alus koos rooste-t\u00f5end, pinna-ja k\u00f5rge kvaliteediga roostevabast terasest, kauakestev veealuse kasutada. See on kaasas ipx8-ga-veekindel hinnang ja on saavutatud CE sertifitseerimine, nii et ei pea muretsema kvaliteedi. <\/li>\n<li> K\u00e4ed-vaba Toiming: sa ei eelistavad istuda mugavalt oma diivanil ja lase oma pumba teha oma t\u00f6\u00f6d? Noh, n\u00fc\u00fcd saab! T\u00e4nu l\u00f5astatud ujuk-l\u00fcliti, meie sqe pump on alustada ja l\u00f5petada t\u00f6\u00f6d automaatselt vastavalt vee-taseme. See on m\u00f5eldud energia-s\u00e4\u00e4stmise ja t\u00f6\u00f6j\u00f5u kokkuhoid kasutada \u00e4ravoolu rakendused. L\u00f5\u00f5gastu ja lase oma pumba v\u00e4ljavoolu oma mured \u00e4ra. <\/li>\n<li> M\u00f5eldud just teile: vee v\u00e4ljalaskeava l\u00e4bim\u00f5\u00f5t on 3\u2033\/7,6 cm suure vooluhulga jaoks. Meie vee \u00e4ravoolupump l\u00e4bib kergesti tahkeid aineid kuni 0,8\u2033\/2 cm l\u00e4bim\u00f5\u00f5duga. See on varustatud 8 m toitejuhtmega, mis on piisavalt pikk probleemideta \u00fchenduse jaoks. Pealegi muudab ergonoomiline k\u00e4epide selle kaasaskantavaks. Kohandage h\u00f5lpsalt iga olukorraga. <\/li>\n<li> K\u00e4epide Tahes \u00c4ravool \u00dclesanne: Kas teil on eemaldada vee \u00fcleujutuse ala, pump vett mullivann\/bassein, v\u00f5i kanalisatsioon vesi aed, tiigid, VEVOR vee tagumik pump on teie asendamatu abimees kuivendamiseks. Saada valmis nautida puhast ja kuiva \u00fcmbrus, kus iganes sa oled! <\/li>\n<\/ul>","protected":false},"featured_media":260347,"comment_status":"closed","ping_status":"open","template":"","meta":{"om_disable_all_campaigns":false,"_uf_show_specific_survey":0,"_uf_disable_surveys":false},"location":[1935,1934],"product_brand":[21],"product_cat":[3209,71,3210],"product_tag":[],"class_list":{"0":"post-11429","1":"product","2":"type-product","3":"status-publish","4":"has-post-thumbnail","6":"location-supplier_stock_location","7":"location-local_stock_location","8":"product_brand-vevor","9":"product_cat-dewatering-pump","10":"product_cat-plumbing","11":"product_cat-sludge-pumps","13":"first","14":"instock","15":"taxable","16":"shipping-taxable","17":"purchasable","18":"product-type-simple"},"aioseo_notices":[],"locations":[{"id":1935,"name":"Pieg\u0101d\u0101t\u0101ja noliktav\u0101 (5-7dd)","slug":"supplier_stock_location","quantity":"150"},{"id":1934,"name":"R\u012bgas veikal\u0101 (0-2d.d.)","slug":"local_stock_location","quantity":"0"}],"_links":{"self":[{"href":"https:\/\/vevorshop.lv\/et\/wp-json\/wp\/v2\/product\/11429","targetHints":{"allow":["GET"]}}],"collection":[{"href":"https:\/\/vevorshop.lv\/et\/wp-json\/wp\/v2\/product"}],"about":[{"href":"https:\/\/vevorshop.lv\/et\/wp-json\/wp\/v2\/types\/product"}],"replies":[{"embeddable":true,"href":"https:\/\/vevorshop.lv\/et\/wp-json\/wp\/v2\/comments?post=11429"}],"wp:featuredmedia":[{"embeddable":true,"href":"https:\/\/vevorshop.lv\/et\/wp-json\/wp\/v2\/media\/260347"}],"wp:attachment":[{"href":"https:\/\/vevorshop.lv\/et\/wp-json\/wp\/v2\/media?parent=11429"}],"wp:term":[{"taxonomy":"location","embeddable":true,"href":"https:\/\/vevorshop.lv\/et\/wp-json\/wp\/v2\/location?post=11429"},{"taxonomy":"product_brand","embeddable":true,"href":"https:\/\/vevorshop.lv\/et\/wp-json\/wp\/v2\/product_brand?post=11429"},{"taxonomy":"product_cat","embeddable":true,"href":"https:\/\/vevorshop.lv\/et\/wp-json\/wp\/v2\/product_cat?post=11429"},{"taxonomy":"product_tag","embeddable":true,"href":"https:\/\/vevorshop.lv\/et\/wp-json\/wp\/v2\/product_tag?post=11429"}],"curies":[{"name":"wp","href":"https:\/\/api.w.org\/{rel}","templated":true}]}}