{"id":11991,"date":"2024-11-18T00:11:12","date_gmt":"2024-11-18T00:11:12","guid":{"rendered":"http:\/\/vevorshop.edigo.lv\/Prece\/vevor-button-maker-machine-75-mm-3-inch-badge-punch-press-kit-children-diy-gifts-pin-maker-button-making-supplies-with-500pcs-button-parts-circle-cutter-magic-book\/"},"modified":"2026-05-08T00:40:53","modified_gmt":"2026-05-07T21:40:53","slug":"vevor-button-maker-machine-75-mm-3-inch-badge-punch-press-kit-children-diy-gifts-pin-maker-button-making-supplies-with-500pcs-button-parts-circle-cutter-magic-book","status":"publish","type":"product","link":"https:\/\/vevorshop.lv\/et\/Prece\/vevor-button-maker-machine-75-mm-3-inch-badge-punch-press-kit-children-diy-gifts-pin-maker-button-making-supplies-with-500pcs-button-parts-circle-cutter-magic-book\/","title":{"rendered":"VEVOR 75 mm m\u00e4rkide valmistamise pressikomplekt koos paberil\u00f5ikuriga, 100 m\u00e4rgiosa ja v\u00f5luraamatuga, DIY rinnam\u00e4rkidele"},"content":{"rendered":"<div style=\"color: #fff!important; font-size: 16px; height: 24px; line-height: 24px; margin-top: -24px; \" class=\"product_original_name\">VEVORi nuppude valmistaja masin, 75 mm (3 tolli) m\u00e4rgi l\u00f6\u00f6gipressi komplekt, laste isetegemise kingituste valmistaja, nuppude valmistamise tarvikud 500 tk nupuosade ja ringil\u00f5ikuri ja v\u00f5luraamatuga<\/div>\n<div style=\"color: #fff!important; font-size: 16px; height: 24px; line-height: 24px; margin-top: -24px; \" class=\"product_sku\">M4I4KBIW<\/div>\n<div style=\"color: #fff!important; font-size: 16px; height: 24px; line-height: 24px; margin-top: -24px; \" class=\"product_mpn\">QJSKXZ75MM1008O99V0<\/div><div id=\"js-DM_at-goodDescRich\"><html><head><style>  @media screen and (max-width: 970px) {    .pcBanner {      display: none;    }    .mBanner {      display: block;    }  }  @media screen and (min-width: 970px) {    .pcBanner {      display: block;    }    .mBanner {      display: none;    }  }<\/style><\/head><body><div class=\"container\" style=\"font-size: 16px; font-family: Arial; line-height: 1.5; margin: 0 auto !important; color: #1c1c1c; padding: 10px\"><div class=\"pcBanner\"><div><img decoding=\"async\" src=\"\/vevor\/vevor\/boutique-banner\/pc\/en-pc@1x.jpg\" style=\"width: 100%;\" \/><\/div><\/div><div class=\"mBanner\"><div><img decoding=\"async\" src=\"\/vevor\/vevor\/boutique-banner\/mobile\/en-m@1x.jpg\" style=\"width: 100%;\" \/><\/div><\/div><div style=\"width: 100%\"><img decoding=\"async\" src=\"\/vevor\/product\/QJSKXZ75MM1008O99\/button-maker-a100-1.4.jpg\" style=\"width: 100%\" alt=\"VEVOR nuppu tegija 75mm (3-tolline) koos perega teha kohandatud nupud lauale. eriline kingitus lastele.\" \/><\/div><div style=\"margin-top: 24px; font-size: 16px; font-weight: 700\"><div>Nupp P\u00e4\u00e4sme Maker Machine<\/div><div><div style=\"font-size: 14px; font-weight: 400; margin: 8px 0; font-style: italic\">Suure T\u00e4psusega Ja Lihtne Paigaldus Ja Rinnapiimasarnane Disain<\/div><\/div><div style=\"font-size: 14px; font-weight: 400\">Kas te olete valmis v\u00f5tma oma nupud j\u00e4rgmisele tasemele? Nuppu m\u00e4rgi tegija kit v\u00f5tab k\u00f5rge-tugevus valmistatud metallist. Masin pakub pikka eluiga ja lihtne kasutada. Seda nuppu tegija masin, saate luua mitut liiki kunsti ja edastada oma pildid arvesse populaarne m\u00e4rgid. Saada valmis tegema isikliku m\u00e4rgid h\u00e4mmastavalt unikaalne ja moodne ornament v\u00f5i kingitus.<\/div><ul style=\"margin: 0; padding: 0; list-style-position: inside; font-size: 14px; font-weight: 400; margin-top: 16px; list-style: inside\"><li><span>Terviklik Komplekt, Valmis Kasutama<\/span><\/li><li><span>Meisterdatud kvaliteetseid Materjale<\/span><\/li><li><span>Lihtne Kasutada<\/span><\/li><li><span>Labor-Saving K\u00e4epide<\/span><\/li><li><span>Eriline Kingitus<\/span><\/li><\/ul><\/div><div style=\"font-weight: 700\"><div style=\"font-family: Roboto; margin: 24px 0 10px 0\">Peamised Omadused<\/div><div class=\"itemsContainer\" id=\"flexContainer\" style=\"display: grid; grid-template-columns: repeat(auto-fit, minmax(260px, 1fr))\"><div style=\"flex: 4; display: flex; flex-direction: column; padding: 10px\"><img decoding=\"async\" src=\"\/vevor\/product\/QJSKXZ75MM1008O99\/button-maker-m100-2.jpg\" style=\"width: 100%\" alt=\"isik, flipping kaudu ainulaadne hr. panda magic raamat p\u00e4\u00e4sme suurus, v\u00f5rreldes panda illustratiivne.\" \/><p style=\"font-weight: 700; margin-top: 20px; font-size: 17px\">Mr. Panda Magic Raamat<\/p><p style=\"font-size: 14px; font-weight: 400; word-break: break-all; margin-top: 10px\">See on v\u00f5luraamat. See on t\u00fchi, kui selle esimest korda avate. Kui see uuesti avatakse, muutub see koomiksiks. Kui see uuesti avatakse, t\u00e4itub koomiks v\u00e4rviga! Sellel on kvaliteetne paber ja erksad v\u00e4rvid. Seda saab kasutada maagilise rekvisiidina ja maaliraamatuna. Lubage oma laste huvi maalimise ja kirjutamise vastu \u00f5itseda.<\/p><\/div><div style=\"flex: 4; display: flex; flex-direction: column; padding: 10px\"><img decoding=\"async\" src=\"\/vevor\/product\/QJSKXZ75MM1008O99\/button-maker-m100-3.jpg\" style=\"width: 100%\" alt=\"VEVOR nuppu tegija koos alumiiniumist materjali pikaajalist kasutamist, tutvustada nuppu loomist.\" \/><p style=\"font-weight: 700; margin-top: 20px; font-size: 17px\">Alumiiniumsulamitest Materjali<\/p><p style=\"font-size: 14px; font-weight: 400; word-break: break-all; margin-top: 10px\">The heavy-duty aluminum alloy material contributes to the button maker machine's durability and utility, featuring a polished finish.<\/p><\/div><div style=\"flex: 4; display: flex; flex-direction: column; padding: 10px\"><img decoding=\"async\" src=\"\/vevor\/product\/QJSKXZ75MM1008O99\/button-maker-m100-4.jpg\" style=\"width: 100%\" alt=\"VEVOR nuppu tegija kasutajas\u00f5bralik k\u00e4epide ja mehaanilised laagri \u00f5mbluseta m\u00e4rgi loomine.\" \/><p style=\"font-weight: 700; margin-top: 20px; font-size: 17px\">H\u00e4sti L\u00e4bim\u00f5eldud Detailid<\/p><p style=\"font-size: 14px; font-weight: 400; word-break: break-all; margin-top: 10px\">Pikk ergonoomiline k\u00e4epide tagab mugavam haare. Mehaaniline laagri tagab sujuva t\u00f6\u00f6tamise kogemus. Selle tulemusena, see v\u00f5ib s\u00e4\u00e4sta rohkem pingutust ja parandada oma efektiivsust.<\/p><\/div><\/div><\/div><div style=\"margin: 20px 0\"><img decoding=\"async\" src=\"\/vevor\/product\/QJSKXZ75MM1008O99\/button-maker-a100-1.10.jpg\" style=\"width: 100%\" id=\"featureImg1\" alt=\"kuidas kasutada VEVOR button maker: samme, et luua nuppu pin minutit.\" \/><\/div><div><\/div><div style=\"margin-top: 30px; margin-bottom: 33px\"><img decoding=\"async\" src=\"\/vevor\/product\/QJSKXZ75MM1008O99\/button-maker-a100-1.11.jpg\" style=\"width: 100%\" id=\"featureImg2\" alt=\"VEVOR nuppu tegija pakkimine nimekirja nuppu, osad, l\u00e4bipaistev filmid, manuaal, ja hr. panda magic raamat.\" \/><\/div><\/div><\/body><\/html><\/div>\n<div class=\"DM_at-title\" id=\"js-DM_at-title\"> <div>Toote spetsifikatsioon<\/div> <i class=\"icon-arrowup_line\"><\/i> <\/div><div class=\"DM_at-goodsDescAttr\" id=\"js-DM_at-goodsDescAttr\"> <div class=\"DM_at-goodsDescAttrInner\"> <dl class=\"goodsDesc_item goodsDesc_item_even\"> <dt>Mudel<\/dt> <dd> JS-75-GD-01<\/dd> <\/dl> <dl class=\"goodsDesc_item\"> <dt>Die L\u00e4bim\u00f5\u00f5t<\/dt> <dd> 3-tolline\/ 75 mm<\/dd> <\/dl> <dl class=\"goodsDesc_item goodsDesc_item_even\"> <dt>Operatsiooni Viis<\/dt> <dd> Manuaal<\/dd> <\/dl> <dl class=\"goodsDesc_item\"> <dt>Materjal<\/dt> <dd> Teras + Alumiinium<\/dd> <\/dl> <dl class=\"goodsDesc_item goodsDesc_item_even\"> <dt>Kaal<\/dt> <dd> 18.7 lbs\/ 8,5 kg<\/dd> <\/dl> <dl class=\"goodsDesc_item\"> <dt>Suurus<\/dt> <dd> 11 x 3.9 x 14.2 tolline\/ 280 x 100 x 360 mm<\/dd> <\/dl> <\/div> <\/div>","protected":false},"excerpt":{"rendered":"<ul>\n<li> Terviklik Komplekt, Valmis Kasutamiseks: 1 x pin-masin, 1 x 75 mm nuppu vormid, 1 x ringi paber-l\u00f5ikajad, 50 x 75 mm Rauast Alumised Osad, 50 x 75 mm ja Plast Alumised Osad, 100 x 75 mm Tina \u00dcles Kaaned, 50 x 75 mm T\u00fchi Paber, 100 x 75 mm L\u00e4bipaistev Filmid, 2 x Kuusnurk Mutriv\u00f5tmed, 2 Pesurid, 1x K\u00e4sitsi. Lisaks saad ainulaadne &#034;Mr. Panda Maagiline Raamat&#034;, kus on palju armas panda mustrid. <\/li>\n<li> Meisterdatud kvaliteetseid Materjale: nupp tegija on valmistatud terasest ja alumiiniumist. See on tugev ja vastupidav puruneb. Tahke alumine plaat ja uuendada raudtee on v\u00f5imalik tagada pikk eluiga ning t\u00f5sta badge-tegemine on efektiivsus. <\/li>\n<li> Lihtne Kasutada: kasutusjuhend omadused \u00fcksikasjalik juhend, mis selgitab, kuidas paigaldada valuvormid ja teha embleemid. Operatsiooni protsess on lihtne. Uskuge meid, te \u00f5ppida seda kiiresti! Heli struktuur teeb oma m\u00e4rgi tegemise reisi turvalisem ja mugavam. Olge valmis, et alustada luua! <\/li>\n<li> Labor-Saving K\u00e4epide: Selle Ergonoomika kujundatud k\u00e4epide-nupp maker machine pakub mugav k\u00e4epide. See v\u00f5ib s\u00e4\u00e4sta rohkem pingutust ja parandada oma efektiivsust. <\/li>\n<li> Eriline Kingitus: pin-maker machine komplekt on suurep\u00e4rane kingitus oma lastele\/ abikaasa\/ ema\/ s\u00f5brad. V\u00f5ite kasutada seda embleemi pin-press machine teha mitmed ilusad m\u00e4rgid. Naudi p\u00fcsivalt salvestamise vaatamisv\u00e4\u00e4rsused, toidu, lemmikloomade, p\u00fchad, t\u00e4htp\u00e4evad jne. See on ka suurep\u00e4rane pin-nupud -, k\u00f6ie-sallid, v\u00f5tmehoidjad, pudel konserviavajad, jne. <\/li>\n<\/ul>","protected":false},"featured_media":261253,"comment_status":"closed","ping_status":"open","template":"","meta":{"om_disable_all_campaigns":false,"_uf_show_specific_survey":0,"_uf_disable_surveys":false},"location":[1935,1934],"product_brand":[21],"product_cat":[2445,2785,2697,2446,2784],"product_tag":[],"class_list":{"0":"post-11991","1":"product","2":"type-product","3":"status-publish","4":"has-post-thumbnail","6":"location-supplier_stock_location","7":"location-local_stock_location","8":"product_brand-vevor","9":"product_cat-appliances","10":"product_cat-button-maker-scrapbooking-stamping","11":"product_cat-crafting-machines","12":"product_cat-crafts-sewing","13":"product_cat-scrapbooking-stamping","15":"first","16":"instock","17":"taxable","18":"shipping-taxable","19":"purchasable","20":"product-type-simple"},"aioseo_notices":[],"locations":[{"id":1935,"name":"Pieg\u0101d\u0101t\u0101ja noliktav\u0101 (5-7dd)","slug":"supplier_stock_location","quantity":"135"},{"id":1934,"name":"R\u012bgas veikal\u0101 (0-2d.d.)","slug":"local_stock_location","quantity":"0"}],"_links":{"self":[{"href":"https:\/\/vevorshop.lv\/et\/wp-json\/wp\/v2\/product\/11991","targetHints":{"allow":["GET"]}}],"collection":[{"href":"https:\/\/vevorshop.lv\/et\/wp-json\/wp\/v2\/product"}],"about":[{"href":"https:\/\/vevorshop.lv\/et\/wp-json\/wp\/v2\/types\/product"}],"replies":[{"embeddable":true,"href":"https:\/\/vevorshop.lv\/et\/wp-json\/wp\/v2\/comments?post=11991"}],"wp:featuredmedia":[{"embeddable":true,"href":"https:\/\/vevorshop.lv\/et\/wp-json\/wp\/v2\/media\/261253"}],"wp:attachment":[{"href":"https:\/\/vevorshop.lv\/et\/wp-json\/wp\/v2\/media?parent=11991"}],"wp:term":[{"taxonomy":"location","embeddable":true,"href":"https:\/\/vevorshop.lv\/et\/wp-json\/wp\/v2\/location?post=11991"},{"taxonomy":"product_brand","embeddable":true,"href":"https:\/\/vevorshop.lv\/et\/wp-json\/wp\/v2\/product_brand?post=11991"},{"taxonomy":"product_cat","embeddable":true,"href":"https:\/\/vevorshop.lv\/et\/wp-json\/wp\/v2\/product_cat?post=11991"},{"taxonomy":"product_tag","embeddable":true,"href":"https:\/\/vevorshop.lv\/et\/wp-json\/wp\/v2\/product_tag?post=11991"}],"curies":[{"name":"wp","href":"https:\/\/api.w.org\/{rel}","templated":true}]}}