{"id":145362,"date":"2025-01-11T12:23:45","date_gmt":"2025-01-11T12:23:45","guid":{"rendered":"https:\/\/vevorshop.lv\/en_us\/Prece\/vevor-portable-table-saw-210-mm-8-27-inch-blade-1200w-4800-rpm-max-rip-capacity-225-mm-8-86-inch-for-jobsite-and-woodworking\/"},"modified":"2026-05-13T06:40:11","modified_gmt":"2026-05-13T03:40:11","slug":"vevor-portable-table-saw-210-mm-8-27-inch-blade-1200w-4800-rpm-max-rip-capacity-225-mm-8-86-inch-for-jobsite-and-woodworking","status":"publish","type":"product","link":"https:\/\/vevorshop.lv\/et\/Prece\/vevor-kaasaskantav-lauasaag-210-mm-8-27-tolli-tera-1200-w-4800-p-min-maksimaalne-rebimisvoime-225-mm-8-86-tolli-tookoha-ja-puidu-tootlemiseks\/","title":{"rendered":"VEVOR 210 mm kaasaskantav lauat\u00f6\u00f6riist, 1200W, 4800 p\/min, 225 mm l\u00f5ikev\u00f5ime, 24T saeketta ja nurgajuhikuga"},"content":{"rendered":"<div style=\"color: #fff!important; font-size: 16px; height: 24px; line-height: 24px; margin-top: -24px; \" class=\"product_original_name\">VEVOR lauasaag t\u00f6\u00f6kohale, 210 mm, 1200 W kaasaskantav kompaktne lauasaag, 225 mm maksimaalne rebenemismaht, 4800 p\/min l\u00f5ikekiirus, 24 hambasaelehega, libiseva kaldteega, isetegemiseks puidut\u00f6\u00f6tlemism\u00f6\u00f6bli valmistamiseks<\/div>\n<div style=\"color: #fff!important; font-size: 16px; height: 24px; line-height: 24px; margin-top: -24px; \" class=\"product_sku\">M5S588K0<\/div>\n<div style=\"color: #fff!important; font-size: 16px; height: 24px; line-height: 24px; margin-top: -24px; \" class=\"product_mpn\">MGTJWZJ825YCYHVHMV2<\/div><div id=\"js-DM_at-goodDescRich\"><html><head><style>  body {    font-family: Arial;    line-height: 1.5;    color: #1c1c1c;    overflow-x: hidden;    margin: 0;    padding: 0;  }  .MsoNormal b {    font-weight: bolder;  }<\/style><style>  .container.small {    width: 970px;    margin: 0 auto;  }  .logo {    margin: 0 auto 0;  }  .logo img {    display: block;    margin: 0 auto;    max-width: 100%;  }  .logo .pc-banner {    display: block;    width: 1200px;    height: 247.4px;    margin: 0 auto;  }  .logo .pc-banner.small {    width: 970px;  }  .logo .pc-banner.small img {    height: auto!important;  }  .logo .m-banner {    display: none;  }  .ytvideo {    position: relative;    height: 546px;    width: 100%;    margin: 0 auto;  }  .ytvideo img {    width: 100%;    margin: 0 auto;  }  .ytvideo .play-btn {    width: 60px;    height: 42px;    position: absolute;    top: 50%;    left: 50%;    transform: translate(-50%, -50%);    background: url(\"data:image\/png;base64,iVBORw0KGgoAAAANSUhEUgAAAGQAAABGCAMAAAANWMFbAAAC+lBMVEUAAADBGB3kLCfBGB3kLCfcJC7BFx3KKSbiKybkLCbWJCPSIiLSIiLPICHAFx3kLCfgKSXNHiDZJiTIGx\/p4eHcjo7LHSDbJyTkLCbjKyfOHyHPIiL28fHJHB\/GGh7EGR7eKCXDGB3RISHlLSbBGB3AFxzGHB7DGB7BGB3hKybkKybAFx3lLCfAFxzDGR3hKibDGB7cJyTmz8\/elJTlwcHjurrUIyLlLSflLSfAFx3DGR7lLSfCFx3hKibhKibhKybjKybkLCblLSfbJSX49vbx7e3NNzjNMTLMJyjVIyLZf3\/ZQ0LaeHjx0tLgoqLkLCfCGB3HGx\/BGB3BFx3PICHCGB7WJCLOHyC\/Fxy\/Fx3lLCfQISHkLSe\/FxzbJiTBFx3FGx\/AGB7BFx3EGR7AGB3HHSDfKiXAFh3TISHYNzbhKibbJyTTIiL57e325+f039\/v2NjUV1fOHiHiqanfmprch4feKSXVIyPOICHmLibFGh\/mLSe\/Fx7XJCPeKSXXJSPNHyHaJyTGGh7lLCbmLCflLSjSIiLkLCbdKSXLHiC\/GB3KHh++Fh3lKyfoLiXcKCPkx8fYb2\/XaGfVXl3aU1LLHiDksbHgKibPICHbJyTfKSXbJyTCGB3KHSDiKybFGh7TIiL\/\/\/\/VIyPRISHIHB\/GGx\/HHB\/DGR7gKibdKCXLHiDZJiTMHiDNHyHYJSTOICHPICHWJCPcKCXXJSPjLCblLCf+\/f3NGR\/uLijzLynPGR\/IGB7WISHaIyLLGh7UAADxLynNAADRLzDbICLQAADIAAD3MCrUHSHXMTDpKSbLAADp5OTij4\/ejo\/VLy\/1LyngJSTcJCPQHx\/OHB7+\/PzaMS\/OLS\/vLijrLSjSAADaNTPwLyjkKSbNJCbYISHPHB\/KGB7WAAD7+vrn3d3aKynTKCjoLCfsKifRGh\/YAADq5+fhjo7QNDXXKCfmJyXt5+fTLzDLLi\/QKivYHRvMGBrQJCXLISPMExXLDxLaEAvkkI\/bOTfaFQ\/SCgpvLcnHAAAAmnRSTlMA+vv7+gT9Bvf9+8z8\/NSv\/Pr5+P7++vnQIBMP\/v38\/Pn348XDiCYf9OjbzcqxXVcx\/fz8+\/rj1r2poo1+fXFqX0orGP7+\/v7+\/fz8+\/r68uzn4trIxsG\/vri3p6GcmZSNbWVYUUZEPQv+\/f39+\/v7+\/v7+vr64tvV1NTTz87FtbSurqeblJKFg4B3bUY+NjL7+\/v7+\/v67t1cDo8JLQAABkRJREFUWMO0kz9rwkAYh0OIeJkum6YugUAhISCdKoj\/P4C7SMdS+gEKIhSKil10LSg4mzXkILdlEpxCpwTiWOLX6BujvQaEQuGeHLnL+\/64J+SIcKGYTYWnntpdLjrVdqvZmNdn0+EE40GtpuuWVS6Xx6N7YDSGpWXpeq02wHgynM7q80az1a52HpddtVcpsi1zFARBrdaxbhp9iUReTGmwA4KAAr7vx3EYejnCMI6hQYEgy0LQi4jUN0wL19vqFcUC9\/1dAKmEEFkWRYkh5oBejnxQJiSJPJ\/uKBp0Thszx9Mw8hMRIQjKsptCfuES9zr5WJY6vSFCIvE9fCMUmEM1A1kSXcYGxgVYsvI1IPKTZciSTI0us\/SMGG04gDzELDoFBwdcFJrF88dqgYMTiL6DILWYyfOWE8\/kIz38olCNlC03FK95+imxp6y4oUSvAnBjHHhKNtotSDqJzVFiK8c2SBqhZtsrTtgrLXwAyduxZHNE26eHUt5rtuM4WSmds3G+sUdWYo1L+XyxButoh5eKUHk5lByO3G1LqqCWVnfrv\/lyPtf\/4ps1cndNGIri8J1TJ0lx6dR\/oPjq1nbRwdp2dCk4CtIOLW3pVKRL6WZfS5vF2KkIQhpwSsjiYIgNCs1gEMGqiIq24NQX9NwoXFy8Ufrl3twTcg4fv8T9\/JBEySduj6Mjm4bMzYV7EEOxKjjoNDud7yY3Dy71Hq2oLmqfbNR723edH9PgMrNL2utoQ3VmaIDkiw\/4w51P06hlZsTZvkRrbVuSIs\/zwSOsycgzStQouoAkWQqioRT5XI7n2Z1wfVhoZmcAJLsoqjqpjbWCgpOAJXBwHK8PzWbNvoUZJND5wCnSkLAkZ1legx6vqQzjoiTahKlGUGLAiIIoABOHaNVw4sexZBym6\/HWlH5h3IC7yRbxtipcWxdTOkORKiNQAEkFf66x5S2oeRbroOlLgg0sSYkR0hRGEqJZ0jTPiQKatESdBckpWigxaapEH0lImHdWu9pUFF2XqMNM2Z4kped7IwEJw2qabwtrQqnpw6HyKkgcadKWsmpywwesDyIhYRpdzXddqegtGIJlXbAIUMOLkGxJUjRIkokwjUaX9d\/kK62ps\/tYUqZLIMkLTyBhsMZ3C5Z\/kDxOSCb\/DOs\/\/J0qcWSX\/2ipe56EgTCA4\/cB7NAYOsni4mZM1MUPAISoEwkDi4lhVBQ1cWQyIcwalw4EpqZN68JUSK7XC0kTlkLYii5uXSC8jT5ncCAS7mjCv0uHp\/3lueHEEAeQ\/\/VgmdN71\/2uCSA1Xr6DO6uI6sW56zqT2tp2PhgiRUAajV8CY2fkcz6WGNKMgLAt7tJAhD4YHMTeRxlALE6+43WqjSWi8ITxyJl8WrwWSNESQZZOqhDDntO3hJLsd5RtSpbJqdv3YrDJH3F7jL1R2O2aQkn2MyCyKYz0GPGIvSAMgBCrCEiJyKbBaYGwLW4uPRr0A0M4Ux5kUI7IBh+hMdiCEWNqhMZGyYMsOgNE58UQuEQeUnSWCMYwL54hkxK6IoqucQZbQ3pc3XtL0lky1dL0zZJJDpWJovFqpWj6JEHnyam2eQp5QRVAVHjWparTOaVwUOx99YS2MvgxIGV0bb+qIg2HX2qkFFJB+XZcbLiuRkuxD9GRroKyveLxdh4d7Orx+hb7qc3uVRuEogCOnyIxm4ubUoPgF4jianDrC+SDQDKEfJb0GUKmjCGPYHGJvVC6X4hw1\/sAfQAdfYyephIaspXe36RwOP+Ljvfx9B6B3i+Nk0DGq+oCbLn6JpBa9nWAveAIHwFAwtVcIJXPMPL8kRu5OAYPMaL1WScTxjiZDqB9LTJSWphow\/pTYKRTLjCBhvi9iBidvKcDasGSm0QQkycYuLBqj6QCELPctqChDWpTRMWkngNNpQ1Pfp1KkiT\/Y0DGffXAweUNfLAfaJFKDwhb6I+bkYRbkERoEeu3Fyjg2opMz2daZCS9jt6Q7txNfB+OZEVF6Zl5web2xunnLQrtrjXseXKaFYziYINeMFZVxS9VxRhOoesYwxPKXm+gWLG9cuFeq93UNNeJNsf1KlwuDok9n02n3TgIJpOxNfL9naIoQwXtfH9kjceTIIi709ncTg6LZbg+biLH1V6u\/7rxBem06VXKn9raAAAAAElFTkSuQmCC\")      no-repeat center center \/ contain;  }  @media screen and (max-width: 960px) and (orientation: portrait) {    .logo {      width: 100%;    }    .logo .pc-banner {      display: none;    }    .logo .m-banner {      display: block;      width: 100%;    }    .logo .m-banner img {      height: auto!important;    }    .ytvideo {      height: 200px;      width: 100%;    }  }<\/style><style>  .video-section {    width: 100%;    margin: 0 auto;  }  .video-section > img {    width: 100%;  }  .video-section iframe,  .video-section video {    width: 100%;    height: 100%;      }  .video-section-img-m,  .video-section-img-pc > img {    width: 100%;    height: auto;  }  .video-section-img-pc.small > img {    width: 970px;  }  .video-desc {    line-height: 1.5;    font-size: 20px;    font-weight: 400;    margin: 20px 0;    text-align: center;    color: #0f1111;    word-break: break-word;  }  @media screen and (max-width: 960px) and (orientation: portrait) {    .video-section {      width: 100%;    }    .video-section-pc,    .video-section-img-pc {      display: none;    }    .video-section-m,    .video-section-img-m {      display: block;    }    .video-desc {      font-size: 15px;    }  }  @media screen and (min-width: 960px) {    .video-section {      width: 100%;      margin: 0 auto;    }    .video-section-pc,    .video-section-img-pc {      display: block;    }    .video-section-m,    .video-section-img-m {      display: none;    }    .video-desc {      font-size: 20px;    }  }<\/style><style>  .section + .section {    margin-top: 35px;  }  .section-title {    text-align: center;    font-weight: bold;    color: #0d1111;    font-family: \"Arial\";    font-size: 32px;    margin: 15px 0;  }  .section-title:empty {    display: none;  }  .section-desc {    text-align: center;    font-weight: normal;    color: #0d1111;    margin-top: 20px;  }  .section-desc:empty {    display: none;  }  .section-img {    width: 1200px;    height: 492px;    margin: 0 auto;    display: block;  }  .section-img.small {    width: 970px;    height: auto;  }  .section-img.small > img {    height: auto;  }  .section-img > img {    width: 100%;    height: 100%;  }  .section-mobile-img {    display: none;    max-width: 100vw;    max-height: 75vw;    height: 450px;    margin: 0 auto;  }  .section-mobile-img > img {    width: 100%;    height: 100%;  }  @media screen and (max-width: 960px) and (orientation: portrait) {    .container {      width: 100%;    }    .container.small {      width: 100%;    }    .section-mobile-img {      display: block;    }    .section-img {      display: none;    }    .section-title {      font-size: 22px;      margin: 10px 0;    }    .section-desc {      margin-top: 10px;    }    .section + .section {      margin-top: 20px;    }  }<\/style><\/head><body><div class=\"container\"><div class=\"logo\"><div class=\"pc-banner\"><div><img decoding=\"async\" src=\"\/vevor\/vevor\/boutique-banner\/pc\/en-pc@1x.jpg\" style=\"width: 100%;\" \/><\/div><\/div><div class=\"m-banner\"><div><img decoding=\"async\" src=\"\/vevor\/vevor\/boutique-banner\/mobile\/en-m@1x.jpg\" style=\"width: 100%;\" \/><\/div><\/div><\/div><div class=\"section-title\">Kaasaskantav Tabelis N\u00e4gin, T\u00f5sta oma puidut\u00f6\u00f6tlemine m\u00e4ngu!<\/div><div class=\"video-section\"><div class=\"video-section-img-pc\"><img decoding=\"async\" src=\"\/vevor\/product\/MGTJWZJ825YCYHVHM\/table-saw-a100-1.4.jpg\" \/><\/div><div class=\"video-section-img-m\"><img decoding=\"async\" src=\"\/vevor\/product\/MGTJWZJ825YCYHVHM\/table-saw-a100-1.4-m.jpg\" \/><\/div><div class=\"section-desc\">Varustatud tugeva 1200 W mootoriga, tagab meie lauasaag 4800 p\/min l\u00f5ikekiiruse, et erinevate puidut\u00fc\u00fcpidega h\u00f5lpsalt hakkama saada. 225 mm Max rebimisv\u00f5imega tegeleb see vaevata suuremate puidut\u00fckkide ja muude materjalidega, mis sobivad ideaalselt nii professionaalsetele puidut\u00f6\u00f6listele kui ka isetegemise entusiastidele.<\/div><\/div><div class=\"section\"><div class=\"section-title\"><\/div><div class=\"section-img\"><img decoding=\"async\" src=\"\/vevor\/product\/MGTJWZJ825YCYHVHM\/table-saw-a100-2.2.jpg\" \/><\/div><div class=\"section-mobile-img\"><img decoding=\"async\" src=\"\/vevor\/product\/MGTJWZJ825YCYHVHM\/table-saw-a100-2.2-m.jpg\" \/><\/div><div class=\"section-desc\">T\u00e4pse l\u00f5ikamise s\u00fcgavus ja kaldenurk kohandamise, v\u00f5ite v\u00e4hendada materjali j\u00e4\u00e4tmeid, maksimeerides puidu kasutamine ja suurendada \u00fcldist t\u00f5husust oma puidut\u00f6\u00f6tlemine.<\/div><\/div><div class=\"section\"><div class=\"section-title\"><\/div><div class=\"section-img\"><img decoding=\"async\" src=\"\/vevor\/product\/MGTJWZJ825YCYHVHM\/table-saw-a100-2.3.jpg\" \/><\/div><div class=\"section-mobile-img\"><img decoding=\"async\" src=\"\/vevor\/product\/MGTJWZJ825YCYHVHM\/table-saw-a100-2.3-m.jpg\" \/><\/div><div class=\"section-desc\">Reguleerige tera asendit ja l\u00f5ikes\u00fcgavust h\u00f5lpsasti sisseehitatud selgete skaalam\u00e4rgistega, tagades, et iga l\u00f5ige on t\u00e4pne ja kohandatud teie vajadustele. See funktsioon suurendab nii l\u00f5ikamise t\u00e4psust kui ka t\u00f5husust.<\/div><\/div><div class=\"section\"><div class=\"section-title\"><\/div><div class=\"section-img\"><img decoding=\"async\" src=\"\/vevor\/product\/MGTJWZJ825YCYHVHM\/table-saw-a100-2.4.jpg\" \/><\/div><div class=\"section-mobile-img\"><img decoding=\"async\" src=\"\/vevor\/product\/MGTJWZJ825YCYHVHM\/table-saw-a100-2.4-m.jpg\" \/><\/div><div class=\"section-desc\">Meie lauasaag t\u00f6\u00f6koha jaoks, mis on loodud 50 mm tolmupordiga, muudab puhta t\u00f6\u00f6keskkonna s\u00e4ilitamise lihtsaks. \u00dchendage tolmuport lihtsalt oma vaakumiga ja see p\u00fc\u00fcab t\u00f5husalt tolmu ja prahti t\u00f6\u00f6tamise ajal.<\/div><\/div><div class=\"section\"><div class=\"section-title\"><\/div><div class=\"section-img\"><img decoding=\"async\" src=\"\/vevor\/product\/MGTJWZJ825YCYHVHM\/table-saw-a100-2.5.jpg\" \/><\/div><div class=\"section-mobile-img\"><img decoding=\"async\" src=\"\/vevor\/product\/MGTJWZJ825YCYHVHM\/table-saw-a100-2.5-m.jpg\" \/><\/div><div class=\"section-desc\">Oma kompaktse disainiga, mis on umbes standardse kohvri suurune, on see t\u00f6\u00f6koha lauasaag kerge ja kaasaskantav, mist\u00f5ttu on seda lihtne auto pagasiruumis hoida. V\u00f5tke see liikvel v\u00e4liprojektide v\u00f5i t\u00f6\u00f6kohtade jaoks ja nautige probleemideta transporti, tegemata j\u00e4releandmisi j\u00f5udluses.<\/div><\/div><div class=\"section\"><div class=\"section-img\"><img decoding=\"async\" src=\"\/vevor\/product\/MGTJWZJ825YCYHVHM\/table-saw-a100-1.11.jpg\" \/><\/div><div class=\"section-mobile-img\"><img decoding=\"async\" src=\"\/vevor\/product\/MGTJWZJ825YCYHVHM\/table-saw-a100-1.11-m.jpg\" \/><\/div><\/div><\/div><\/body><\/html><\/div>\n<div class=\"DM_at-title\" id=\"js-DM_at-title\"> <div>Toote spetsifikatsioon<\/div> <i class=\"icon-arrowup_line\"><\/i> <\/div><div class=\"DM_at-goodsDescAttr\" id=\"js-DM_at-goodsDescAttr\"> <div class=\"DM_at-goodsDescAttrInner\"> <dl class=\"goodsDesc_item goodsDesc_item_even\"> <dt>Punkt Mudeli Number<\/dt> <dd> WTS210F<\/dd> <\/dl> <dl class=\"goodsDesc_item\"> <dt>No-Load Speed<\/dt> <dd> 4800 p \/ MIN<\/dd> <\/dl> <dl class=\"goodsDesc_item goodsDesc_item_even\"> <dt>Max L\u00f5ikamine S\u00fcgavus<\/dt> <dd> 1.77 in\/45 mm (l\u00f5igatud 90\u00b0); 1.38 in\/35 mm (l\u00f5igatud 45\u00b0)<\/dd> <\/dl> <dl class=\"goodsDesc_item\"> <dt>Rip V\u00f5imsus<\/dt> <dd> 5.51 in \/ 140 mm\uff08paremal pool\uff09\/ 8.86 in \/ 225 mm\uff08vasak pool\uff09<\/dd> <\/dl> <dl class=\"goodsDesc_item goodsDesc_item_even\"> <dt>Mitra N\u00e4idik Valik<\/dt> <dd> -30 kuni +30<\/dd> <\/dl> <dl class=\"goodsDesc_item\"> <dt>Dado Laius<\/dt> <dd> &lt;0,49 tolli\/13,5 mm<\/dd> <\/dl> <dl class=\"goodsDesc_item goodsDesc_item_even\"> <dt>Saetera O. D.<\/dt> <dd> 8.27 in\/210 mm<\/dd> <\/dl> <dl class=\"goodsDesc_item\"> <dt>Saetera I. D.<\/dt> <dd> 1.18 in\/30 mm<\/dd> <\/dl> <dl class=\"goodsDesc_item goodsDesc_item_even\"> <dt>Saetera Hamba Paksus<\/dt> <dd> 0.1 in\/2.6 mm<\/dd> <\/dl> <dl class=\"goodsDesc_item\"> <dt>Arv Saetera Hambad<\/dt> <dd> 24<\/dd> <\/dl> <dl class=\"goodsDesc_item goodsDesc_item_even\"> <dt>Toote M\u00f5\u00f5tmed (L x W x H)<\/dt> <dd> 23.23 x 18.11 x 14.57 in\/ 590 x 460 x 370 mm<\/dd> <\/dl> <dl class=\"goodsDesc_item\"> <dt>Neto Kaal<\/dt> <dd> 25.3 lbs\/11.45 kgItem Mudeli Number<\/dd> <\/dl> <dl class=\"goodsDesc_item goodsDesc_item_even\"> <dt>No-Load Speed<\/dt> <dd> 4800 p \/ MIN<\/dd> <\/dl> <dl class=\"goodsDesc_item\"> <dt>Max L\u00f5ikamine S\u00fcgavus<\/dt> <dd> 1.77 in\/45 mm (l\u00f5igatud 90\u00b0); 1.38 in\/35 mm (l\u00f5igatud 45\u00b0)<\/dd> <\/dl> <dl class=\"goodsDesc_item goodsDesc_item_even\"> <dt>Rip V\u00f5imsus<\/dt> <dd> 5.51 in \/ 140 mm\uff08paremal pool\uff09\/ 8.86 in \/ 225 mm\uff08vasak pool\uff09<\/dd> <\/dl> <dl class=\"goodsDesc_item\"> <dt>Mitra N\u00e4idik Valik<\/dt> <dd> -30 kuni +30<\/dd> <\/dl> <dl class=\"goodsDesc_item goodsDesc_item_even\"> <dt>Dado Laius<\/dt> <dd> &lt;0,49 tolli\/13,5 mm<\/dd> <\/dl> <dl class=\"goodsDesc_item\"> <dt>Saetera O. D.<\/dt> <dd> 8.27 in\/210 mm<\/dd> <\/dl> <dl class=\"goodsDesc_item goodsDesc_item_even\"> <dt>Saetera I. D.<\/dt> <dd> 1.18 in\/30 mm<\/dd> <\/dl> <dl class=\"goodsDesc_item\"> <dt>Saetera Hamba Paksus<\/dt> <dd> 0.1 in\/2.6 mm<\/dd> <\/dl> <dl class=\"goodsDesc_item goodsDesc_item_even\"> <dt>Arv Saetera Hambad<\/dt> <dd> 24<\/dd> <\/dl> <dl class=\"goodsDesc_item\"> <dt>Toote M\u00f5\u00f5tmed (L x W x H)<\/dt> <dd> 23.23 x 18.11 x 14.57 in\/ 590 x 460 x 370 mm<\/dd> <\/dl> <dl class=\"goodsDesc_item goodsDesc_item_even\"> <dt>Neto Kaal<\/dt> <dd> 25.3 lbs\/11.45 kg<\/dd> <\/dl> <\/div> <\/div>","protected":false},"excerpt":{"rendered":"<ul>\n<li> Lihtne kaasas Kanda, Valmis Kuskil: kaasaskantav tabelis n\u00e4gin, on uskumatult lihtne transportida, et t\u00f6\u00f6pakkumiste v\u00f5i kus iganes sa seda vajad. See on piisavalt kompaktne, et mahub kenasti auto pagasiruumi. Kui seda ei kasutata, see saab mugavalt salvestada garaa\u017e, tool shed, v\u00f5i mis tahes muu piiratud ruumi, mis s\u00e4\u00e4stab teie v\u00e4\u00e4rtuslikku ruumi. Plus, millel integreeritud tolmu port, saate hoida oma t\u00f6\u00f6laud puhas ja tolmuvaba. <\/li>\n<li> Suurem L\u00f5ikamine V\u00f5imsus: muljetavaldav 225 mm Max rip v\u00f5imsus, see tabel n\u00e4gin vaevata k\u00e4epidemed suur puut\u00fckke. See on ideaalne erinevaid puidut\u00f6\u00f6tlemise projekte, DIY kodu \u00fclesanded ehitusplatsidel ja professionaalse seminare. L\u00f5igatud rohkem materjali korraga, v\u00e4hendades oma l\u00f5ikamise ajal ja suurendada tootlikkust. <\/li>\n<li> T\u00e4psus L\u00f5ikamine, Iga Kord: Saavutada veatut l\u00f5ikab iga kord koos reguleeritava t\u00e4ispikk paralleelne kiviaed, koos m\u00f5\u00f5tmise juhend. Kas sa \u00fcritad rippida k\u00e4rped v\u00f5i crosscuts, see tabel n\u00e4gi jobsite tagab sujuva, usaldusv\u00e4\u00e4rseid tulemuslikkuse. Kergelt tera, et sinu soovitud nurga alla vahemikus -45\u00b0 kuni 45\u00b0 crosscuts, mis h\u00f5lmab k\u00f5iki \u00fchist l\u00f5ikamine nurga all. <\/li>\n<li> Kiire l\u00f5ikes\u00fcgavus: Powered by j\u00f5uline 1200W mootor, see jobsite tabelis n\u00e4gin pakub kiire l\u00f5ikamine at 4800 RPM. L\u00f5ikamine l\u00e4bi erinevate puidu-suurused on imelihtne. 24-hamba tera parandab m\u00e4rkimisv\u00e4\u00e4rselt l\u00f5ikamise efektiivsust, tagades, kiirem, puhtam k\u00e4rped v\u00e4hem pingutust. <\/li>\n<li> Teie Turvalisus on Meie Prioriteet: kaitsev security shield t\u00f5husalt hoiab puiduhake alates pritsimisel. Tera guard tagab tera p\u00fcsib kindlalt paigas, isegi juhul, tera murda. Automaatne \u00fclekoormuskaitse s\u00fcsteemi kaudu tagatakse ka oma masin, tagades pikaajalise toimivuse. <\/li>\n<\/ul>","protected":false},"featured_media":361873,"comment_status":"closed","ping_status":"open","template":"","meta":{"om_disable_all_campaigns":false,"_uf_show_specific_survey":0,"_uf_disable_surveys":false},"location":[1935,1934],"product_brand":[21],"product_cat":[2397,2919,3230,2374,3231],"product_tag":[],"class_list":{"0":"post-145362","1":"product","2":"type-product","3":"status-publish","4":"has-post-thumbnail","6":"location-supplier_stock_location","7":"location-local_stock_location","8":"product_brand-vevor","9":"product_cat-power-tools-tools","10":"product_cat-saws","11":"product_cat-table-saws","12":"product_cat-tools","13":"product_cat-woodworking-table-saws","15":"first","16":"instock","17":"taxable","18":"shipping-taxable","19":"purchasable","20":"product-type-simple"},"aioseo_notices":[],"locations":[{"id":1935,"name":"Pieg\u0101d\u0101t\u0101ja noliktav\u0101 (5-7dd)","slug":"supplier_stock_location","quantity":"371"},{"id":1934,"name":"R\u012bgas veikal\u0101 (0-2d.d.)","slug":"local_stock_location","quantity":"0"}],"_links":{"self":[{"href":"https:\/\/vevorshop.lv\/et\/wp-json\/wp\/v2\/product\/145362","targetHints":{"allow":["GET"]}}],"collection":[{"href":"https:\/\/vevorshop.lv\/et\/wp-json\/wp\/v2\/product"}],"about":[{"href":"https:\/\/vevorshop.lv\/et\/wp-json\/wp\/v2\/types\/product"}],"replies":[{"embeddable":true,"href":"https:\/\/vevorshop.lv\/et\/wp-json\/wp\/v2\/comments?post=145362"}],"wp:featuredmedia":[{"embeddable":true,"href":"https:\/\/vevorshop.lv\/et\/wp-json\/wp\/v2\/media\/361873"}],"wp:attachment":[{"href":"https:\/\/vevorshop.lv\/et\/wp-json\/wp\/v2\/media?parent=145362"}],"wp:term":[{"taxonomy":"location","embeddable":true,"href":"https:\/\/vevorshop.lv\/et\/wp-json\/wp\/v2\/location?post=145362"},{"taxonomy":"product_brand","embeddable":true,"href":"https:\/\/vevorshop.lv\/et\/wp-json\/wp\/v2\/product_brand?post=145362"},{"taxonomy":"product_cat","embeddable":true,"href":"https:\/\/vevorshop.lv\/et\/wp-json\/wp\/v2\/product_cat?post=145362"},{"taxonomy":"product_tag","embeddable":true,"href":"https:\/\/vevorshop.lv\/et\/wp-json\/wp\/v2\/product_tag?post=145362"}],"curies":[{"name":"wp","href":"https:\/\/api.w.org\/{rel}","templated":true}]}}