{"id":147232,"date":"2025-01-21T12:32:06","date_gmt":"2025-01-21T12:32:06","guid":{"rendered":"https:\/\/vevorshop.lv\/en_us\/Prece\/vevor-10-400w-under-seat-car-subwoofer-with-built-in-amplifier-slim-8-4-cm-3-3-design-for-enhanced-bass-compatible-with-car-truck-audio-systems\/"},"modified":"2026-05-15T22:36:57","modified_gmt":"2026-05-15T19:36:57","slug":"vevor-10-400w-under-seat-car-subwoofer-with-built-in-amplifier-slim-8-4-cm-3-3-design-for-enhanced-bass-compatible-with-car-truck-audio-systems","status":"publish","type":"product","link":"https:\/\/vevorshop.lv\/et\/Prece\/vevor-10-400-w-istme-all-auto-bassikolar-sisseehitatud-voimendiga-ohuke-8-4-cm-3-3-disain-taiustatud-bassi-jaoks-mis-uhildub-autoveokite-helisusteemidega\/","title":{"rendered":"VEVOR 25cm 400W \u00d5huke Aktiivne Istmealune Bassik\u00f5lar V\u00f5imendiga, Auto\/SUV\/Veoki\/RV jaoks"},"content":{"rendered":"<div style=\"color: #fff!important; font-size: 16px; height: 24px; line-height: 24px; margin-top: -24px; \" class=\"product_original_name\">VEVOR 10\" 400 W istmealune auto bassik\u00f5lar, \u00f5hukese mootoriga auto bassik\u00f5larid istme all, madala profiiliga heli-all-sisseehitatud v\u00f5imendi, k\u00f5rge\/madala taseme sisend- ja helitugevuse kontroller maasturitele, autole, veoautole, haagissuvilatele<\/div>\n<div style=\"color: #fff!important; font-size: 16px; height: 24px; line-height: 24px; margin-top: -24px; \" class=\"product_sku\">M66FNVJS<\/div>\n<div style=\"color: #fff!important; font-size: 16px; height: 24px; line-height: 24px; margin-top: -24px; \" class=\"product_mpn\">MCXAZQCZYXDYY05MGV9<\/div><div id=\"js-DM_at-goodDescRich\"><html><head><style>  body {    font-family: Arial;    line-height: 1.5;    color: #1c1c1c;    overflow-x: hidden;    margin: 0;    padding: 0;  }  .MsoNormal b {    font-weight: bolder;  }<\/style><style>  .container.small {    width: 970px;    margin: 0 auto;  }  .logo {    margin: 0 auto 0;  }  .logo img {    display: block;    margin: 0 auto;    max-width: 100%;  }  .logo .pc-banner {    display: block;    width: 1200px;    height: 247.4px;    margin: 0 auto;  }  .logo .pc-banner.small {    width: 970px;  }  .logo .pc-banner.small img {    height: auto!important;  }  .logo .m-banner {    display: none;  }  .ytvideo {    position: relative;    height: 546px;    width: 100%;    margin: 0 auto;  }  .ytvideo img {    width: 100%;    margin: 0 auto;  }  .ytvideo .play-btn {    width: 60px;    height: 42px;    position: absolute;    top: 50%;    left: 50%;    transform: translate(-50%, -50%);    background: url(\"data:image\/png;base64,iVBORw0KGgoAAAANSUhEUgAAAGQAAABGCAMAAAANWMFbAAAC+lBMVEUAAADBGB3kLCfBGB3kLCfcJC7BFx3KKSbiKybkLCbWJCPSIiLSIiLPICHAFx3kLCfgKSXNHiDZJiTIGx\/p4eHcjo7LHSDbJyTkLCbjKyfOHyHPIiL28fHJHB\/GGh7EGR7eKCXDGB3RISHlLSbBGB3AFxzGHB7DGB7BGB3hKybkKybAFx3lLCfAFxzDGR3hKibDGB7cJyTmz8\/elJTlwcHjurrUIyLlLSflLSfAFx3DGR7lLSfCFx3hKibhKibhKybjKybkLCblLSfbJSX49vbx7e3NNzjNMTLMJyjVIyLZf3\/ZQ0LaeHjx0tLgoqLkLCfCGB3HGx\/BGB3BFx3PICHCGB7WJCLOHyC\/Fxy\/Fx3lLCfQISHkLSe\/FxzbJiTBFx3FGx\/AGB7BFx3EGR7AGB3HHSDfKiXAFh3TISHYNzbhKibbJyTTIiL57e325+f039\/v2NjUV1fOHiHiqanfmprch4feKSXVIyPOICHmLibFGh\/mLSe\/Fx7XJCPeKSXXJSPNHyHaJyTGGh7lLCbmLCflLSjSIiLkLCbdKSXLHiC\/GB3KHh++Fh3lKyfoLiXcKCPkx8fYb2\/XaGfVXl3aU1LLHiDksbHgKibPICHbJyTfKSXbJyTCGB3KHSDiKybFGh7TIiL\/\/\/\/VIyPRISHIHB\/GGx\/HHB\/DGR7gKibdKCXLHiDZJiTMHiDNHyHYJSTOICHPICHWJCPcKCXXJSPjLCblLCf+\/f3NGR\/uLijzLynPGR\/IGB7WISHaIyLLGh7UAADxLynNAADRLzDbICLQAADIAAD3MCrUHSHXMTDpKSbLAADp5OTij4\/ejo\/VLy\/1LyngJSTcJCPQHx\/OHB7+\/PzaMS\/OLS\/vLijrLSjSAADaNTPwLyjkKSbNJCbYISHPHB\/KGB7WAAD7+vrn3d3aKynTKCjoLCfsKifRGh\/YAADq5+fhjo7QNDXXKCfmJyXt5+fTLzDLLi\/QKivYHRvMGBrQJCXLISPMExXLDxLaEAvkkI\/bOTfaFQ\/SCgpvLcnHAAAAmnRSTlMA+vv7+gT9Bvf9+8z8\/NSv\/Pr5+P7++vnQIBMP\/v38\/Pn348XDiCYf9OjbzcqxXVcx\/fz8+\/rj1r2poo1+fXFqX0orGP7+\/v7+\/fz8+\/r68uzn4trIxsG\/vri3p6GcmZSNbWVYUUZEPQv+\/f39+\/v7+\/v7+vr64tvV1NTTz87FtbSurqeblJKFg4B3bUY+NjL7+\/v7+\/v67t1cDo8JLQAABkRJREFUWMO0kz9rwkAYh0OIeJkum6YugUAhISCdKoj\/P4C7SMdS+gEKIhSKil10LSg4mzXkILdlEpxCpwTiWOLX6BujvQaEQuGeHLnL+\/64J+SIcKGYTYWnntpdLjrVdqvZmNdn0+EE40GtpuuWVS6Xx6N7YDSGpWXpeq02wHgynM7q80az1a52HpddtVcpsi1zFARBrdaxbhp9iUReTGmwA4KAAr7vx3EYejnCMI6hQYEgy0LQi4jUN0wL19vqFcUC9\/1dAKmEEFkWRYkh5oBejnxQJiSJPJ\/uKBp0Thszx9Mw8hMRIQjKsptCfuES9zr5WJY6vSFCIvE9fCMUmEM1A1kSXcYGxgVYsvI1IPKTZciSTI0us\/SMGG04gDzELDoFBwdcFJrF88dqgYMTiL6DILWYyfOWE8\/kIz38olCNlC03FK95+imxp6y4oUSvAnBjHHhKNtotSDqJzVFiK8c2SBqhZtsrTtgrLXwAyduxZHNE26eHUt5rtuM4WSmds3G+sUdWYo1L+XyxButoh5eKUHk5lByO3G1LqqCWVnfrv\/lyPtf\/4ps1cndNGIri8J1TJ0lx6dR\/oPjq1nbRwdp2dCk4CtIOLW3pVKRL6WZfS5vF2KkIQhpwSsjiYIgNCs1gEMGqiIq24NQX9NwoXFy8Ufrl3twTcg4fv8T9\/JBEySduj6Mjm4bMzYV7EEOxKjjoNDud7yY3Dy71Hq2oLmqfbNR723edH9PgMrNL2utoQ3VmaIDkiw\/4w51P06hlZsTZvkRrbVuSIs\/zwSOsycgzStQouoAkWQqioRT5XI7n2Z1wfVhoZmcAJLsoqjqpjbWCgpOAJXBwHK8PzWbNvoUZJND5wCnSkLAkZ1legx6vqQzjoiTahKlGUGLAiIIoABOHaNVw4sexZBym6\/HWlH5h3IC7yRbxtipcWxdTOkORKiNQAEkFf66x5S2oeRbroOlLgg0sSYkR0hRGEqJZ0jTPiQKatESdBckpWigxaapEH0lImHdWu9pUFF2XqMNM2Z4kped7IwEJw2qabwtrQqnpw6HyKkgcadKWsmpywwesDyIhYRpdzXddqegtGIJlXbAIUMOLkGxJUjRIkokwjUaX9d\/kK62ps\/tYUqZLIMkLTyBhsMZ3C5Z\/kDxOSCb\/DOs\/\/J0qcWSX\/2ipe56EgTCA4\/cB7NAYOsni4mZM1MUPAISoEwkDi4lhVBQ1cWQyIcwalw4EpqZN68JUSK7XC0kTlkLYii5uXSC8jT5ncCAS7mjCv0uHp\/3lueHEEAeQ\/\/VgmdN71\/2uCSA1Xr6DO6uI6sW56zqT2tp2PhgiRUAajV8CY2fkcz6WGNKMgLAt7tJAhD4YHMTeRxlALE6+43WqjSWi8ITxyJl8WrwWSNESQZZOqhDDntO3hJLsd5RtSpbJqdv3YrDJH3F7jL1R2O2aQkn2MyCyKYz0GPGIvSAMgBCrCEiJyKbBaYGwLW4uPRr0A0M4Ux5kUI7IBh+hMdiCEWNqhMZGyYMsOgNE58UQuEQeUnSWCMYwL54hkxK6IoqucQZbQ3pc3XtL0lky1dL0zZJJDpWJovFqpWj6JEHnyam2eQp5QRVAVHjWparTOaVwUOx99YS2MvgxIGV0bb+qIg2HX2qkFFJB+XZcbLiuRkuxD9GRroKyveLxdh4d7Orx+hb7qc3uVRuEogCOnyIxm4ubUoPgF4jianDrC+SDQDKEfJb0GUKmjCGPYHGJvVC6X4hw1\/sAfQAdfYyephIaspXe36RwOP+Ljvfx9B6B3i+Nk0DGq+oCbLn6JpBa9nWAveAIHwFAwtVcIJXPMPL8kRu5OAYPMaL1WScTxjiZDqB9LTJSWphow\/pTYKRTLjCBhvi9iBidvKcDasGSm0QQkycYuLBqj6QCELPctqChDWpTRMWkngNNpQ1Pfp1KkiT\/Y0DGffXAweUNfLAfaJFKDwhb6I+bkYRbkERoEeu3Fyjg2opMz2daZCS9jt6Q7txNfB+OZEVF6Zl5web2xunnLQrtrjXseXKaFYziYINeMFZVxS9VxRhOoesYwxPKXm+gWLG9cuFeq93UNNeJNsf1KlwuDok9n02n3TgIJpOxNfL9naIoQwXtfH9kjceTIIi709ncTg6LZbg+biLH1V6u\/7rxBem06VXKn9raAAAAAElFTkSuQmCC\")      no-repeat center center \/ contain;  }  @media screen and (max-width: 960px) and (orientation: portrait) {    .logo {      width: 100%;    }    .logo .pc-banner {      display: none;    }    .logo .m-banner {      display: block;      width: 100%;    }    .logo .m-banner img {      height: auto!important;    }    .ytvideo {      height: 200px;      width: 100%;    }  }<\/style><style>  .video-section {    width: 100%;    margin: 0 auto;  }  .video-section > img {    width: 100%;  }  .video-section iframe,  .video-section video {    width: 100%;    height: 100%;      }  .video-section-img-m,  .video-section-img-pc > img {    width: 100%;    height: auto;  }  .video-section-img-pc.small > img {    width: 970px;  }  .video-desc {    line-height: 1.5;    font-size: 20px;    font-weight: 400;    margin: 20px 0;    text-align: center;    color: #0f1111;    word-break: break-word;  }  @media screen and (max-width: 960px) and (orientation: portrait) {    .video-section {      width: 100%;    }    .video-section-pc,    .video-section-img-pc {      display: none;    }    .video-section-m,    .video-section-img-m {      display: block;    }    .video-desc {      font-size: 15px;    }  }  @media screen and (min-width: 960px) {    .video-section {      width: 100%;      margin: 0 auto;    }    .video-section-pc,    .video-section-img-pc {      display: block;    }    .video-section-m,    .video-section-img-m {      display: none;    }    .video-desc {      font-size: 20px;    }  }<\/style><style>  .section + .section {    margin-top: 35px;  }  .section-title {    text-align: center;    font-weight: bold;    color: #0d1111;    font-family: \"Arial\";    font-size: 32px;    margin: 15px 0;  }  .section-title:empty {    display: none;  }  .section-desc {    text-align: center;    font-weight: normal;    color: #0d1111;    margin-top: 20px;  }  .section-desc:empty {    display: none;  }  .section-img {    width: 1200px;    height: 492px;    margin: 0 auto;    display: block;  }  .section-img.small {    width: 970px;    height: auto;  }  .section-img.small > img {    height: auto;  }  .section-img > img {    width: 100%;    height: 100%;  }  .section-mobile-img {    display: none;    max-width: 100vw;    max-height: 75vw;    height: 450px;    margin: 0 auto;  }  .section-mobile-img > img {    width: 100%;    height: 100%;  }  @media screen and (max-width: 960px) and (orientation: portrait) {    .container {      width: 100%;    }    .container.small {      width: 100%;    }    .section-mobile-img {      display: block;    }    .section-img {      display: none;    }    .section-title {      font-size: 22px;      margin: 10px 0;    }    .section-desc {      margin-top: 10px;    }    .section + .section {      margin-top: 20px;    }  }<\/style><\/head><body><div class=\"container small\"><div class=\"logo\"><div class=\"pc-banner small\"><div><img decoding=\"async\" src=\"\/vevor\/vevor\/boutique-banner\/pc\/en-pc@1x.jpg\" style=\"width: 100%;\" \/><\/div><\/div><div class=\"m-banner\"><div><img decoding=\"async\" src=\"\/vevor\/vevor\/boutique-banner\/mobile\/en-m@1x.jpg\" style=\"width: 100%;\" \/><\/div><\/div><\/div><div class=\"section-title\">Sukeldu V\u00f5imas &amp; S\u00fcgav Bass<\/div><div class=\"video-section\"><div class=\"video-section-img-pc small\"><img decoding=\"async\" src=\"\/vevor\/product\/MCXAZQCZYXDYY05MG\/under-seat-subwoofer-a100-1.4-pt.jpg\" \/><\/div><div class=\"video-section-img-m\"><img decoding=\"async\" src=\"\/vevor\/product\/MCXAZQCZYXDYY05MG\/under-seat-subwoofer-a100-1.4-pt.jpg\" \/><\/div><div class=\"section-desc\">See 10&#034; alusel-kohaline auto subwoofer on must-olla car audio entusiastid, andes v\u00f5imsa bassi ja selge heli, s\u00e4\u00e4stes samas ruumis koos oma slim 3.3&#034; profiili. Varustatud k\u00f5rge\/madala taseme sisend ja maksimaalne v\u00e4ljund 400W, see oluliselt t\u00f5stab teie audio kogemus j\u00e4rgmisele tasandile.<\/div><\/div><div class=\"section\"><div class=\"section-title\"><\/div><div class=\"section-img small\"><img decoding=\"async\" src=\"\/vevor\/product\/MCXAZQCZYXDYY05MG\/under-seat-subwoofer-a100-2.2-pt.jpg\" \/><\/div><div class=\"section-mobile-img\"><img decoding=\"async\" src=\"\/vevor\/product\/MCXAZQCZYXDYY05MG\/under-seat-subwoofer-a100-2.2-pt.jpg\" \/><\/div><div class=\"section-desc\">Isegi suurtes kogustes, heli on selge ja puhas. See subwoofer auto veoauto v\u00e4hendab taustam\u00fcra, mis v\u00f5imaldab teil nautida high-fidelity surround sound igal maantee reis.<\/div><\/div><div class=\"section\"><div class=\"section-title\"><\/div><div class=\"section-img small\"><img decoding=\"async\" src=\"\/vevor\/product\/MCXAZQCZYXDYY05MG\/under-seat-subwoofer-a100-2.3-pt.jpg\" \/><\/div><div class=\"section-mobile-img\"><img decoding=\"async\" src=\"\/vevor\/product\/MCXAZQCZYXDYY05MG\/under-seat-subwoofer-a100-2.3-pt.jpg\" \/><\/div><div class=\"section-desc\">Meie \u00f5huke 10&#034; auto subwoofer on m\u00f5eldud bassi armastajad, pakkudes t\u00e4ielikku valikut audio kogemus 50-150 Hz sagedusega vastus. Kas R&amp;B, hip-hop, EDM, v\u00f5i rock on, subwoofer k\u00f5lar toob kaasa intensiivne r\u00fctm ja tasakaalustamata bass, et sa iga kord.<\/div><\/div><div class=\"section\"><div class=\"section-title\"><\/div><div class=\"section-img small\"><img decoding=\"async\" src=\"\/vevor\/product\/MCXAZQCZYXDYY05MG\/under-seat-subwoofer-a100-2.4-pt.jpg\" \/><\/div><div class=\"section-mobile-img\"><img decoding=\"async\" src=\"\/vevor\/product\/MCXAZQCZYXDYY05MG\/under-seat-subwoofer-a100-2.4-pt.jpg\" \/><\/div><div class=\"section-desc\">\u00dchilduv k\u00f5igi s\u00f5idukit\u00fc\u00fcpide\u2014s\u00f5iduautod, Maasturid, veoautod, ja RVs\u2014see subwoofer sujuvalt sulandub oma audio s\u00fcsteemi kasutades RCA-helikaablit v\u00f5i high-level sisend kaabel, pakkudes laitmatu sobib nii high-end ja lihtsustatud peamised \u00fcksused.<\/div><\/div><div class=\"section\"><div class=\"section-title\"><\/div><div class=\"section-img small\"><img decoding=\"async\" src=\"\/vevor\/product\/MCXAZQCZYXDYY05MG\/under-seat-subwoofer-a100-2.5-pt.jpg\" \/><\/div><div class=\"section-mobile-img\"><img decoding=\"async\" src=\"\/vevor\/product\/MCXAZQCZYXDYY05MG\/under-seat-subwoofer-a100-2.5-pt.jpg\" \/><\/div><div class=\"section-desc\">\u00dcksikasjalik kasutusjuhend ja k\u00f5ik vajalikud kaablid ja riistvara paigaldamine see kompaktne vastavalt istekohale auto subwoofer on imelihtne nii DIY entusiastid ja professionaalsed paigaldajad. Pea meeles, et \u00fchendage negatiivne aku terminali paigaldamise ajal ohutuse.<\/div><\/div><div class=\"section\"><div class=\"section-img small\"><img decoding=\"async\" src=\"\/vevor\/product\/MCXAZQCZYXDYY05MG\/under-seat-subwoofer-a100-1.11-pt.jpg\" \/><\/div><div class=\"section-mobile-img\"><img decoding=\"async\" src=\"\/vevor\/product\/MCXAZQCZYXDYY05MG\/under-seat-subwoofer-a100-1.11-pt.jpg\" \/><\/div><\/div><\/div><\/body><\/html><\/div>\n<div class=\"DM_at-title\" id=\"js-DM_at-title\"> <div>Toote spetsifikatsioon<\/div> <i class=\"icon-arrowup_line\"><\/i> <\/div><div class=\"DM_at-goodsDescAttr\" id=\"js-DM_at-goodsDescAttr\"> <div class=\"DM_at-goodsDescAttrInner\"> <dl class=\"goodsDesc_item goodsDesc_item_even\"> <dt>Punkt Mudeli Number<\/dt> <dd> \u00dc\u00dcL-1013<\/dd> <\/dl> <dl class=\"goodsDesc_item\"> <dt>Pinge<\/dt> <dd> DC 12 V<\/dd> <\/dl> <dl class=\"goodsDesc_item goodsDesc_item_even\"> <dt>Hinnatud RMS V\u00f5imsus<\/dt> <dd> 200 W<\/dd> <\/dl> <dl class=\"goodsDesc_item\"> <dt>Peak RMS V\u00f5imsus<\/dt> <dd> 400 W<\/dd> <\/dl> <dl class=\"goodsDesc_item goodsDesc_item_even\"> <dt>Sagedusalas<\/dt> <dd> 50 - 150 Hz<\/dd> <\/dl> <dl class=\"goodsDesc_item\"> <dt>Signaali-M\u00fcra Suhe<\/dt> <dd> > 90%<\/dd> <\/dl> <dl class=\"goodsDesc_item goodsDesc_item_even\"> <dt>K\u00f5lari Suurus<\/dt> <dd> 10 \/ 254 mm<\/dd> <\/dl> <dl class=\"goodsDesc_item\"> <dt>Kontrolli Re\u017eiim<\/dt> <dd> Juhtmega Kaugjuhtimispult<\/dd> <\/dl> <dl class=\"goodsDesc_item goodsDesc_item_even\"> <dt>Peamised Materjalid<\/dt> <dd> Alumiinium, Magnet<\/dd> <\/dl> <dl class=\"goodsDesc_item\"> <dt>Toote Kaal<\/dt> <dd> 9.9 lbs \/ 4,5 kg<\/dd> <\/dl> <dl class=\"goodsDesc_item goodsDesc_item_even\"> <dt>Toote M\u00f5\u00f5tmed<\/dt> <dd> 13.8 x 10.0 x 3,3 tolli \/ 350 x 255 x 85 mm<\/dd> <\/dl> <\/div> <\/div>","protected":false},"excerpt":{"rendered":"<ul>\n<li> \u00d5huke ja Kompaktne: Meie ultra-slim 3.3-tolline vastavalt istekohale auto subwoofer, millel on sisseehitatud v\u00f5imendi, sobib sujuvalt alla oma auto iste, maksimeerides ruumi, samal ajal suurendades oma auto audios\u00fcsteem. Naudi s\u00fcgav, v\u00f5imas bass ja \u00fcmbritsevale heli kvaliteeti, muutes iga autoga nauditavamaks. <\/li>\n<li> Stabiilne k\u00f5rgkvaliteedilisi: 200W RMS nimiv\u00f5imsus ja 400W RMS tippv\u00f5imsus, meie 10&#034; powered car audio subwoofer pakub moonutuse m\u00e4\u00e4r alla 0,4% ja signaali-m\u00fcra suhe on suurem kui 90%. Ta v\u00e4idab, selge, t\u00e4pne heli, isegi suurtes kogustes, v\u00e4hendab taustam\u00fcra, ning hoiab \u00e4ra k\u00f5lari kahju, luua audiokogemus. <\/li>\n<li> V\u00f5imas bassikogemus: 50-150 Hz lai sageduskarakteristiku vahemik h\u00f5lmab olulist madala sagedusega spektrit, pakkudes tasakaalustatumat ja t\u00e4ielikumat kuulmiskogemust bassist k\u00f5rgeteni. Suletud korpus suurendab muusika s\u00fcgavust ja m\u00f5ju, mis sobib ideaalselt \u017eanritele, mis n\u00f5uavad tugevaid r\u00fctme ja bassituge, nagu R&amp;B, hip-hop, elektrooniline tantsumuusika ja rokk. <\/li>\n<li> V\u00e4ga \u00dchilduva: See vastavalt istekohale auto auto subwoofer pakub mitu signaali sisend v\u00f5imalusi, toetades nii low-level RCA sisendid ja high-level sisendid. See sisaldab ka high-to-low level converter, tagades nende \u00fchilduvuse paljude car audio system, kas on v\u00f5i ei ole peamine-seade on varustatud RCA v\u00e4ljund. <\/li>\n<li> Mitu Kaitse: See powered subwoofer auto auto on varustatud mitme sisseehitatud turvaelemendid, sealhulgas \u00fclekuumenemise, l\u00fchise, - ja s\u00fc\u00fcten\u00f6\u00f6ri kaitse, tagades usaldusv\u00e4\u00e4rse, kauakestva j\u00f5udlust. Ja alumiiniumsulamist kest parandab soojuse hajumist, hoides \u00e4ra \u00fclekuumenemise ja laiendatakse oluliselt subwoofer on eluiga. <\/li>\n<\/ul>","protected":false},"featured_media":365431,"comment_status":"closed","ping_status":"open","template":"","meta":{"om_disable_all_campaigns":false,"_uf_show_specific_survey":0,"_uf_disable_surveys":false},"location":[1935,1934],"product_brand":[21],"product_cat":[133,2525,2524,4821],"product_tag":[],"class_list":{"0":"post-147232","1":"product","2":"type-product","3":"status-publish","4":"has-post-thumbnail","6":"location-supplier_stock_location","7":"location-local_stock_location","8":"product_brand-vevor","9":"product_cat-automotive","10":"product_cat-car-cell-phone-accessories","11":"product_cat-interior-car-accessories","12":"product_cat-under-seat-car-subwoofer","14":"first","15":"instock","16":"taxable","17":"shipping-taxable","18":"purchasable","19":"product-type-simple"},"aioseo_notices":[],"locations":[{"id":1935,"name":"Pieg\u0101d\u0101t\u0101ja noliktav\u0101 (5-7dd)","slug":"supplier_stock_location","quantity":"64"},{"id":1934,"name":"R\u012bgas veikal\u0101 (0-2d.d.)","slug":"local_stock_location","quantity":"0"}],"_links":{"self":[{"href":"https:\/\/vevorshop.lv\/et\/wp-json\/wp\/v2\/product\/147232","targetHints":{"allow":["GET"]}}],"collection":[{"href":"https:\/\/vevorshop.lv\/et\/wp-json\/wp\/v2\/product"}],"about":[{"href":"https:\/\/vevorshop.lv\/et\/wp-json\/wp\/v2\/types\/product"}],"replies":[{"embeddable":true,"href":"https:\/\/vevorshop.lv\/et\/wp-json\/wp\/v2\/comments?post=147232"}],"wp:featuredmedia":[{"embeddable":true,"href":"https:\/\/vevorshop.lv\/et\/wp-json\/wp\/v2\/media\/365431"}],"wp:attachment":[{"href":"https:\/\/vevorshop.lv\/et\/wp-json\/wp\/v2\/media?parent=147232"}],"wp:term":[{"taxonomy":"location","embeddable":true,"href":"https:\/\/vevorshop.lv\/et\/wp-json\/wp\/v2\/location?post=147232"},{"taxonomy":"product_brand","embeddable":true,"href":"https:\/\/vevorshop.lv\/et\/wp-json\/wp\/v2\/product_brand?post=147232"},{"taxonomy":"product_cat","embeddable":true,"href":"https:\/\/vevorshop.lv\/et\/wp-json\/wp\/v2\/product_cat?post=147232"},{"taxonomy":"product_tag","embeddable":true,"href":"https:\/\/vevorshop.lv\/et\/wp-json\/wp\/v2\/product_tag?post=147232"}],"curies":[{"name":"wp","href":"https:\/\/api.w.org\/{rel}","templated":true}]}}