{"id":147248,"date":"2025-01-21T12:32:47","date_gmt":"2025-01-21T12:32:47","guid":{"rendered":"https:\/\/vevorshop.lv\/en_us\/Prece\/vevor-18-9l-5gal-moonshine-still-water-alcohol-distiller-with-thumper-keg-8w-water-pump-stainless-steel-home-brewing-kit\/"},"modified":"2026-04-06T17:51:29","modified_gmt":"2026-04-06T14:51:29","slug":"vevor-18-9l-5gal-moonshine-still-water-alcohol-distiller-with-thumper-keg-8w-water-pump-stainless-steel-home-brewing-kit","status":"publish","type":"product","link":"https:\/\/vevorshop.lv\/et\/Prece\/vevor-18-9-l-5-gal-moonshine-gaseerimata-vee-alkoholi-destilleerija-koos-thumper-vaadi-8-w-veepump-roostevabast-terasest-kodupruulimiskomplekt-2\/","title":{"rendered":"VEVOR 19L roostevabast terasest alkoholi destilleerimiskomplekt topeltkondensaatori ja vaskspiraaliga viskile, br\u00e4ndile"},"content":{"rendered":"<div style=\"color: #fff!important; font-size: 16px; height: 24px; line-height: 24px; margin-top: -24px; \" class=\"product_original_name\">VEVOR Alcohol Still, 5 Gal\/19 L roostevabast terasest vaskpooliga alkoholidestiller kiireks jahutamiseks, kahe kondensaatoriga destilleerimiskomplekt sekundaarse destilleerimisega, veiniviski br\u00e4ndi jaoks, h\u00f5be<\/div>\n<div style=\"color: #fff!important; font-size: 16px; height: 24px; line-height: 24px; margin-top: -24px; \" class=\"product_sku\">M66FO67U<\/div>\n<div style=\"color: #fff!important; font-size: 16px; height: 24px; line-height: 24px; margin-top: -24px; \" class=\"product_mpn\">SLNTZLQYS5JL5CR5ZV2<\/div><div id=\"js-DM_at-goodDescRich\"><html><head><style>  body {    font-family: Arial;    line-height: 1.5;    color: #1c1c1c;    overflow-x: hidden;    margin: 0;    padding: 0;  }  .MsoNormal b {    font-weight: bolder;  }<\/style><style>  .container.small {    width: 970px;    margin: 0 auto;  }  .logo {    margin: 0 auto 0;  }  .logo img {    display: block;    margin: 0 auto;    max-width: 100%;  }  .logo .pc-banner {    display: block;    width: 1200px;    height: 247.4px;    margin: 0 auto;  }  .logo .pc-banner.small {    width: 970px;  }  .logo .pc-banner.small img {    height: auto!important;  }  .logo .m-banner {    display: none;  }  .ytvideo {    position: relative;    height: 546px;    width: 100%;    margin: 0 auto;  }  .ytvideo img {    width: 100%;    margin: 0 auto;  }  .ytvideo .play-btn {    width: 60px;    height: 42px;    position: absolute;    top: 50%;    left: 50%;    transform: translate(-50%, -50%);    background: url(\"data:image\/png;base64,iVBORw0KGgoAAAANSUhEUgAAAGQAAABGCAMAAAANWMFbAAAC+lBMVEUAAADBGB3kLCfBGB3kLCfcJC7BFx3KKSbiKybkLCbWJCPSIiLSIiLPICHAFx3kLCfgKSXNHiDZJiTIGx\/p4eHcjo7LHSDbJyTkLCbjKyfOHyHPIiL28fHJHB\/GGh7EGR7eKCXDGB3RISHlLSbBGB3AFxzGHB7DGB7BGB3hKybkKybAFx3lLCfAFxzDGR3hKibDGB7cJyTmz8\/elJTlwcHjurrUIyLlLSflLSfAFx3DGR7lLSfCFx3hKibhKibhKybjKybkLCblLSfbJSX49vbx7e3NNzjNMTLMJyjVIyLZf3\/ZQ0LaeHjx0tLgoqLkLCfCGB3HGx\/BGB3BFx3PICHCGB7WJCLOHyC\/Fxy\/Fx3lLCfQISHkLSe\/FxzbJiTBFx3FGx\/AGB7BFx3EGR7AGB3HHSDfKiXAFh3TISHYNzbhKibbJyTTIiL57e325+f039\/v2NjUV1fOHiHiqanfmprch4feKSXVIyPOICHmLibFGh\/mLSe\/Fx7XJCPeKSXXJSPNHyHaJyTGGh7lLCbmLCflLSjSIiLkLCbdKSXLHiC\/GB3KHh++Fh3lKyfoLiXcKCPkx8fYb2\/XaGfVXl3aU1LLHiDksbHgKibPICHbJyTfKSXbJyTCGB3KHSDiKybFGh7TIiL\/\/\/\/VIyPRISHIHB\/GGx\/HHB\/DGR7gKibdKCXLHiDZJiTMHiDNHyHYJSTOICHPICHWJCPcKCXXJSPjLCblLCf+\/f3NGR\/uLijzLynPGR\/IGB7WISHaIyLLGh7UAADxLynNAADRLzDbICLQAADIAAD3MCrUHSHXMTDpKSbLAADp5OTij4\/ejo\/VLy\/1LyngJSTcJCPQHx\/OHB7+\/PzaMS\/OLS\/vLijrLSjSAADaNTPwLyjkKSbNJCbYISHPHB\/KGB7WAAD7+vrn3d3aKynTKCjoLCfsKifRGh\/YAADq5+fhjo7QNDXXKCfmJyXt5+fTLzDLLi\/QKivYHRvMGBrQJCXLISPMExXLDxLaEAvkkI\/bOTfaFQ\/SCgpvLcnHAAAAmnRSTlMA+vv7+gT9Bvf9+8z8\/NSv\/Pr5+P7++vnQIBMP\/v38\/Pn348XDiCYf9OjbzcqxXVcx\/fz8+\/rj1r2poo1+fXFqX0orGP7+\/v7+\/fz8+\/r68uzn4trIxsG\/vri3p6GcmZSNbWVYUUZEPQv+\/f39+\/v7+\/v7+vr64tvV1NTTz87FtbSurqeblJKFg4B3bUY+NjL7+\/v7+\/v67t1cDo8JLQAABkRJREFUWMO0kz9rwkAYh0OIeJkum6YugUAhISCdKoj\/P4C7SMdS+gEKIhSKil10LSg4mzXkILdlEpxCpwTiWOLX6BujvQaEQuGeHLnL+\/64J+SIcKGYTYWnntpdLjrVdqvZmNdn0+EE40GtpuuWVS6Xx6N7YDSGpWXpeq02wHgynM7q80az1a52HpddtVcpsi1zFARBrdaxbhp9iUReTGmwA4KAAr7vx3EYejnCMI6hQYEgy0LQi4jUN0wL19vqFcUC9\/1dAKmEEFkWRYkh5oBejnxQJiSJPJ\/uKBp0Thszx9Mw8hMRIQjKsptCfuES9zr5WJY6vSFCIvE9fCMUmEM1A1kSXcYGxgVYsvI1IPKTZciSTI0us\/SMGG04gDzELDoFBwdcFJrF88dqgYMTiL6DILWYyfOWE8\/kIz38olCNlC03FK95+imxp6y4oUSvAnBjHHhKNtotSDqJzVFiK8c2SBqhZtsrTtgrLXwAyduxZHNE26eHUt5rtuM4WSmds3G+sUdWYo1L+XyxButoh5eKUHk5lByO3G1LqqCWVnfrv\/lyPtf\/4ps1cndNGIri8J1TJ0lx6dR\/oPjq1nbRwdp2dCk4CtIOLW3pVKRL6WZfS5vF2KkIQhpwSsjiYIgNCs1gEMGqiIq24NQX9NwoXFy8Ufrl3twTcg4fv8T9\/JBEySduj6Mjm4bMzYV7EEOxKjjoNDud7yY3Dy71Hq2oLmqfbNR723edH9PgMrNL2utoQ3VmaIDkiw\/4w51P06hlZsTZvkRrbVuSIs\/zwSOsycgzStQouoAkWQqioRT5XI7n2Z1wfVhoZmcAJLsoqjqpjbWCgpOAJXBwHK8PzWbNvoUZJND5wCnSkLAkZ1legx6vqQzjoiTahKlGUGLAiIIoABOHaNVw4sexZBym6\/HWlH5h3IC7yRbxtipcWxdTOkORKiNQAEkFf66x5S2oeRbroOlLgg0sSYkR0hRGEqJZ0jTPiQKatESdBckpWigxaapEH0lImHdWu9pUFF2XqMNM2Z4kped7IwEJw2qabwtrQqnpw6HyKkgcadKWsmpywwesDyIhYRpdzXddqegtGIJlXbAIUMOLkGxJUjRIkokwjUaX9d\/kK62ps\/tYUqZLIMkLTyBhsMZ3C5Z\/kDxOSCb\/DOs\/\/J0qcWSX\/2ipe56EgTCA4\/cB7NAYOsni4mZM1MUPAISoEwkDi4lhVBQ1cWQyIcwalw4EpqZN68JUSK7XC0kTlkLYii5uXSC8jT5ncCAS7mjCv0uHp\/3lueHEEAeQ\/\/VgmdN71\/2uCSA1Xr6DO6uI6sW56zqT2tp2PhgiRUAajV8CY2fkcz6WGNKMgLAt7tJAhD4YHMTeRxlALE6+43WqjSWi8ITxyJl8WrwWSNESQZZOqhDDntO3hJLsd5RtSpbJqdv3YrDJH3F7jL1R2O2aQkn2MyCyKYz0GPGIvSAMgBCrCEiJyKbBaYGwLW4uPRr0A0M4Ux5kUI7IBh+hMdiCEWNqhMZGyYMsOgNE58UQuEQeUnSWCMYwL54hkxK6IoqucQZbQ3pc3XtL0lky1dL0zZJJDpWJovFqpWj6JEHnyam2eQp5QRVAVHjWparTOaVwUOx99YS2MvgxIGV0bb+qIg2HX2qkFFJB+XZcbLiuRkuxD9GRroKyveLxdh4d7Orx+hb7qc3uVRuEogCOnyIxm4ubUoPgF4jianDrC+SDQDKEfJb0GUKmjCGPYHGJvVC6X4hw1\/sAfQAdfYyephIaspXe36RwOP+Ljvfx9B6B3i+Nk0DGq+oCbLn6JpBa9nWAveAIHwFAwtVcIJXPMPL8kRu5OAYPMaL1WScTxjiZDqB9LTJSWphow\/pTYKRTLjCBhvi9iBidvKcDasGSm0QQkycYuLBqj6QCELPctqChDWpTRMWkngNNpQ1Pfp1KkiT\/Y0DGffXAweUNfLAfaJFKDwhb6I+bkYRbkERoEeu3Fyjg2opMz2daZCS9jt6Q7txNfB+OZEVF6Zl5web2xunnLQrtrjXseXKaFYziYINeMFZVxS9VxRhOoesYwxPKXm+gWLG9cuFeq93UNNeJNsf1KlwuDok9n02n3TgIJpOxNfL9naIoQwXtfH9kjceTIIi709ncTg6LZbg+biLH1V6u\/7rxBem06VXKn9raAAAAAElFTkSuQmCC\")      no-repeat center center \/ contain;  }  @media screen and (max-width: 960px) and (orientation: portrait) {    .logo {      width: 100%;    }    .logo .pc-banner {      display: none;    }    .logo .m-banner {      display: block;      width: 100%;    }    .logo .m-banner img {      height: auto!important;    }    .ytvideo {      height: 200px;      width: 100%;    }  }<\/style><style>  .video-section {    width: 100%;    margin: 0 auto;  }  .video-section > img {    width: 100%;  }  .video-section iframe,  .video-section video {    width: 100%;    height: 100%;      }  .video-section-img-m,  .video-section-img-pc > img {    width: 100%;    height: auto;  }  .video-section-img-pc.small > img {    width: 970px;  }  .video-desc {    line-height: 1.5;    font-size: 20px;    font-weight: 400;    margin: 20px 0;    text-align: center;    color: #0f1111;    word-break: break-word;  }  @media screen and (max-width: 960px) and (orientation: portrait) {    .video-section {      width: 100%;    }    .video-section-pc,    .video-section-img-pc {      display: none;    }    .video-section-m,    .video-section-img-m {      display: block;    }    .video-desc {      font-size: 15px;    }  }  @media screen and (min-width: 960px) {    .video-section {      width: 100%;      margin: 0 auto;    }    .video-section-pc,    .video-section-img-pc {      display: block;    }    .video-section-m,    .video-section-img-m {      display: none;    }    .video-desc {      font-size: 20px;    }  }<\/style><style>  .section + .section {    margin-top: 35px;  }  .section-title {    text-align: center;    font-weight: bold;    color: #0d1111;    font-family: \"Arial\";    font-size: 32px;    margin: 15px 0;  }  .section-title:empty {    display: none;  }  .section-desc {    text-align: center;    font-weight: normal;    color: #0d1111;    margin-top: 20px;  }  .section-desc:empty {    display: none;  }  .section-img {    width: 1200px;    height: 492px;    margin: 0 auto;    display: block;  }  .section-img.small {    width: 970px;    height: auto;  }  .section-img.small > img {    height: auto;  }  .section-img > img {    width: 100%;    height: 100%;  }  .section-mobile-img {    display: none;    max-width: 100vw;    max-height: 75vw;    height: 450px;    margin: 0 auto;  }  .section-mobile-img > img {    width: 100%;    height: 100%;  }  @media screen and (max-width: 960px) and (orientation: portrait) {    .container {      width: 100%;    }    .container.small {      width: 100%;    }    .section-mobile-img {      display: block;    }    .section-img {      display: none;    }    .section-title {      font-size: 22px;      margin: 10px 0;    }    .section-desc {      margin-top: 10px;    }    .section + .section {      margin-top: 20px;    }  }<\/style><\/head><body><div class=\"container\"><div class=\"logo\"><div class=\"pc-banner\"><div><img decoding=\"async\" src=\"\/vevor\/vevor\/boutique-banner\/pc\/en-pc@1x.jpg\" style=\"width: 100%;\" \/><\/div><\/div><div class=\"m-banner\"><div><img decoding=\"async\" src=\"\/vevor\/vevor\/boutique-banner\/mobile\/en-m@1x.jpg\" style=\"width: 100%;\" \/><\/div><\/div><\/div><div class=\"section-title\">Saate Ajama Rohkem Kui Sa Arvad<\/div><div class=\"video-section\"><div class=\"video-section-img-pc\"><img decoding=\"async\" src=\"\/vevor\/product\/SLNTZLQYS5JL5CR5Z\/alcohol-distiller-a100-1.4.jpg\" \/><\/div><div class=\"video-section-img-m\"><img decoding=\"async\" src=\"\/vevor\/product\/SLNTZLQYS5JL5CR5Z\/alcohol-distiller-a100-1.4-m.jpg\" \/><\/div><div class=\"section-desc\">See destilleerimise komplekt sisaldab k\u00e4\u00e4rimine barrel, a thumper t\u00fcnn, ja jahutus pott, k\u00f5ik valmistatud toidu-grade roostevabast terasest, tagades turvalise kogu pruulimise ja destilleerimise protsesse, teha l\u00f5plik toode tervislik nauding.<\/div><\/div><div class=\"section\"><div class=\"section-title\"><\/div><div class=\"section-img\"><img decoding=\"async\" src=\"\/vevor\/product\/SLNTZLQYS5JL5CR5Z\/alcohol-distiller-a100-2.2.jpg\" \/><\/div><div class=\"section-mobile-img\"><img decoding=\"async\" src=\"\/vevor\/product\/SLNTZLQYS5JL5CR5Z\/alcohol-distiller-a100-2.2-m.jpg\" \/><\/div><div class=\"section-desc\">Heitgaasi armatuuri ja termomeeter aitavad teil stabiliseerida ja kontrolli destillatsiooni protsess. P\u00e4rast k\u00e4\u00e4ritamist, see barrel saab otseselt kasutada k\u00fctteks. N\u00e4pun\u00e4ide: Alkohol muutub auru umbes 173\u00b0F, samal ajal kui vee fermenteeritud tooted muutub auru juures 212\u00b0F.<\/div><\/div><div class=\"section\"><div class=\"section-title\"><\/div><div class=\"section-img\"><img decoding=\"async\" src=\"\/vevor\/product\/SLNTZLQYS5JL5CR5Z\/alcohol-distiller-a100-2.3.jpg\" \/><\/div><div class=\"section-mobile-img\"><img decoding=\"async\" src=\"\/vevor\/product\/SLNTZLQYS5JL5CR5Z\/alcohol-distiller-a100-2.3-m.jpg\" \/><\/div><div class=\"section-desc\">V\u00f5rreldes \u00fche barreli jahutusseadmed, see distiller lisab filtreerimine barrel, mis v\u00f5imaldab teise destilleerimise aurustunud alkoholi, v\u00e4hendavad lisandid ja suurendada maitse vastavalt oma eelistustele.<\/div><\/div><div class=\"section\"><div class=\"section-title\"><\/div><div class=\"section-img\"><img decoding=\"async\" src=\"\/vevor\/product\/SLNTZLQYS5JL5CR5Z\/alcohol-distiller-a100-2.4.jpg\" \/><\/div><div class=\"section-mobile-img\"><img decoding=\"async\" src=\"\/vevor\/product\/SLNTZLQYS5JL5CR5Z\/alcohol-distiller-a100-2.4-m.jpg\" \/><\/div><div class=\"section-desc\">Salvesta oma jahutamise aeg ja veevarude! Kvaliteetne vask rullid sees torud on sile ja kortsudeta, tagades kiire jahutamine, v\u00e4hendades samal ajal j\u00e4\u00e4kide ja j\u00e4relmaitse. See v\u00f5ib olla seotud vee pump kondensaat ringlusse.<\/div><\/div><div class=\"section\"><div class=\"section-title\"><\/div><div class=\"section-img\"><img decoding=\"async\" src=\"\/vevor\/product\/SLNTZLQYS5JL5CR5Z\/alcohol-distiller-a100-2.5.jpg\" \/><\/div><div class=\"section-mobile-img\"><img decoding=\"async\" src=\"\/vevor\/product\/SLNTZLQYS5JL5CR5Z\/alcohol-distiller-a100-2.5-m.jpg\" \/><\/div><div class=\"section-desc\">See lihtne destilleerimisseade on ideaalne algajatele keeta ja viljuvad vein, rumm, viski, viin, destilleeritud vesi, \u00f5lu, etanool, eeterlikud \u00f5lid ja muud destilleerimissaadused kodus, tutvustada oma siiruse ja viimistletud p\u00fchade ajal ja kogunemised.<\/div><\/div><div class=\"section\"><div class=\"section-img\"><img decoding=\"async\" src=\"\/vevor\/product\/SLNTZLQYS5JL5CR5Z\/alcohol-distiller-a100-1.11.jpg\" \/><\/div><div class=\"section-mobile-img\"><img decoding=\"async\" src=\"\/vevor\/product\/SLNTZLQYS5JL5CR5Z\/alcohol-distiller-a100-1.11-m.jpg\" \/><\/div><\/div><\/div><\/body><\/html><\/div>\n<div class=\"DM_at-title\" id=\"js-DM_at-title\"> <div>Toote spetsifikatsioon<\/div> <i class=\"icon-arrowup_line\"><\/i> <\/div><div class=\"DM_at-goodsDescAttr\" id=\"js-DM_at-goodsDescAttr\"> <div class=\"DM_at-goodsDescAttrInner\"> <dl class=\"goodsDesc_item goodsDesc_item_even\"> <dt>Punkt Mudeli Number<\/dt> <dd> DTDB-20L-U<\/dd> <\/dl> <dl class=\"goodsDesc_item\"> <dt>Veepumba V\u00f5imsus<\/dt> <dd> 8 W<\/dd> <\/dl> <dl class=\"goodsDesc_item goodsDesc_item_even\"> <dt>K\u00e4\u00e4rimine Barrel V\u00f5imsus<\/dt> <dd> 5 Gal \/ 19 L<\/dd> <\/dl> <dl class=\"goodsDesc_item\"> <dt>Dual Display Termomeeter Valik<\/dt> <dd> 50\u00b0F\uff5e400\u00b0F \/ 0\u2103\uff5e200\u2103<\/dd> <\/dl> <dl class=\"goodsDesc_item goodsDesc_item_even\"> <dt>Jahuti Toru Materjal<\/dt> <dd> Vask<\/dd> <\/dl> <dl class=\"goodsDesc_item\"> <dt>Peamine Materjal<\/dt> <dd> SUS201 Roostevabast Terasest<\/dd> <\/dl> <dl class=\"goodsDesc_item goodsDesc_item_even\"> <dt>Toote Kaal<\/dt> <dd> 9.0 lbs \/ 4.1 kg<\/dd> <\/dl> <\/div> <\/div>","protected":false},"excerpt":{"rendered":"<ul>\n<li> 5Gal Dual Jahuti Distiller Komplekt: Meil on pakkuda t\u00e4ielik komplekt see maitse-suurendada destilleerija, ideaalne \u00f5lle vilja, veini, viski, br\u00e4ndi, \u0161ampanjat, vodkas, vesi, etanool, eeterlikud \u00f5lid ja muud destilleeritud tooted kodus. Peamised koostisosad, lisada k\u00e4\u00e4rimise barrel, barrel kaas -, jahutus-pott, ja thumper t\u00fcnn. K\u00e4\u00e4ritamise barrel on mitu m\u00f5\u00f5dud: 3Gal, 5Gal, 8Gal, 13.2 Gal, toitlustus ideaalselt pere kogunemised v\u00f5i isikutega koos s\u00f5pradega. <\/li>\n<li> Turvaline K\u00e4\u00e4rimine ja K\u00fcte: k\u00e4\u00e4ritamise barrel on mugav kasutada. A \u00fchesuunaline heitgaasi ventiil vabastab gaasid valmistatud k\u00e4\u00e4ritamise ajal, v\u00e4hendades sisemist survet. Paksenenud roostevabast terasest p\u00f5hi on koosk\u00f5las erinevate k\u00fctte-meetodeid, nagu n\u00e4iteks puidu tule -, gaasi -, pliitide ja gaasi ahjud, ennetada deformatsioone ja kahju. Temperatuuri n\u00e4idik kaanele n\u00e4itab Celsiuse ja Fahrenheiti temperatuuri, h\u00f5lbustades temperatuuri j\u00e4lgimise ajal destillatsioonil. <\/li>\n<li> Teisese Destillatsioonil S\u00fcsteem: Erinevalt regulaarselt viina, a thumper t\u00fcnn on lisatud ees jahutus-pott, pakkudes puhtam ja rikkam maitsed. Kui thumper t\u00fcnn suurendab destillatsioonil puhtus edasi, seadmed ja sadestavat lisandite alkoholi aurude abil teisese destilleerimine, tekitades seel\u00e4bi suure-alkohol, viski v\u00f5i muud kanged alkohoolsed joogid. V\u00f5ite lisada ka erinevate l\u00f5hna koostisosi, et tugevdada keerukust l\u00f5petanud veini. <\/li>\n<li> Kiire ja T\u00f5hus Jahutus: suurep\u00e4rase soojusjuhtivusega, vasest m\u00e4hised on suur kontaktpind kiirendatud jahutus. Sile ja kortsudeta seest torud takistab j\u00e4\u00e4kidest destilleeritud alkoholi -, vee -, ja eeterlikud \u00f5lid, v\u00e4ltides bakterite kasvu ja tagada j\u00e4relmaitse. Vee pumba h\u00f5lbustab jahutusvee ringlus, koos sisselaske ja v\u00e4ljalaske klappide kontrollimine vooluhulgad p\u00f5hjalikku ja t\u00f5husa jahutuse. <\/li>\n<li> Turvaline Tihendus: Silikoon lekkimiskindlates pistikud on lisatud gofreeritud torude muhvid, et v\u00e4ltida lekkeid veeauru, v\u00e4hendades ohtu, p\u00f5letusi ja muid vigastusi. Kasutada mutriv\u00f5ti, pinguta ja \u00fchendused korralikult montaa\u017ei k\u00e4igus. K\u00e4\u00e4ritamise barrel kaane funktsioone nelja fikseeritud tihendi sulgurid koos sisseehitatud tihendid, tagades optimaalse h\u00fcgieeni ja k\u00e4\u00e4rimine tulemusi. <\/li>\n<\/ul>","protected":false},"featured_media":365455,"comment_status":"closed","ping_status":"closed","template":"","meta":{"om_disable_all_campaigns":false,"_monsterinsights_skip_tracking":false,"_monsterinsights_sitenote_active":false,"_monsterinsights_sitenote_note":"","_monsterinsights_sitenote_category":0,"_uf_show_specific_survey":0,"_uf_disable_surveys":false},"location":[1935,1934],"product_brand":[21],"product_cat":[2749,2403,2884,2748],"product_tag":[],"class_list":{"0":"post-147248","1":"product","2":"type-product","3":"status-publish","4":"has-post-thumbnail","6":"location-supplier_stock_location","7":"location-local_stock_location","8":"product_brand-vevor","9":"product_cat-brewing-equipment","10":"product_cat-kitchen","11":"product_cat-split-type-water-alcohol-distiller","12":"product_cat-tableware-bar","14":"first","15":"instock","16":"featured","17":"taxable","18":"shipping-taxable","19":"purchasable","20":"product-type-simple"},"aioseo_notices":[],"jetpack_sharing_enabled":true,"locations":[{"id":1935,"name":"Pieg\u0101d\u0101t\u0101ja noliktav\u0101 (5-7d.d.)","slug":"supplier_stock_location","quantity":"79"},{"id":1934,"name":"R\u012bgas veikal\u0101 (0-2d.d.)","slug":"local_stock_location","quantity":"0"}],"_links":{"self":[{"href":"https:\/\/vevorshop.lv\/et\/wp-json\/wp\/v2\/product\/147248","targetHints":{"allow":["GET"]}}],"collection":[{"href":"https:\/\/vevorshop.lv\/et\/wp-json\/wp\/v2\/product"}],"about":[{"href":"https:\/\/vevorshop.lv\/et\/wp-json\/wp\/v2\/types\/product"}],"replies":[{"embeddable":true,"href":"https:\/\/vevorshop.lv\/et\/wp-json\/wp\/v2\/comments?post=147248"}],"wp:featuredmedia":[{"embeddable":true,"href":"https:\/\/vevorshop.lv\/et\/wp-json\/wp\/v2\/media\/365455"}],"wp:attachment":[{"href":"https:\/\/vevorshop.lv\/et\/wp-json\/wp\/v2\/media?parent=147248"}],"wp:term":[{"taxonomy":"location","embeddable":true,"href":"https:\/\/vevorshop.lv\/et\/wp-json\/wp\/v2\/location?post=147248"},{"taxonomy":"product_brand","embeddable":true,"href":"https:\/\/vevorshop.lv\/et\/wp-json\/wp\/v2\/product_brand?post=147248"},{"taxonomy":"product_cat","embeddable":true,"href":"https:\/\/vevorshop.lv\/et\/wp-json\/wp\/v2\/product_cat?post=147248"},{"taxonomy":"product_tag","embeddable":true,"href":"https:\/\/vevorshop.lv\/et\/wp-json\/wp\/v2\/product_tag?post=147248"}],"curies":[{"name":"wp","href":"https:\/\/api.w.org\/{rel}","templated":true}]}}