{"id":147884,"date":"2025-01-25T06:23:13","date_gmt":"2025-01-25T06:23:13","guid":{"rendered":"https:\/\/vevorshop.lv\/en_us\/Prece\/vevor-5-7l-1-5-gallon-stainless-steel-vacuum-chamber-kit-with-5pa-3-5-cfm-single-stage-pump-for-degassing-and-de-bubbling\/"},"modified":"2026-04-19T20:28:41","modified_gmt":"2026-04-19T17:28:41","slug":"vevor-5-7l-1-5-gallon-stainless-steel-vacuum-chamber-kit-with-5pa-3-5-cfm-single-stage-pump-for-degassing-and-de-bubbling","status":"publish","type":"product","link":"https:\/\/vevorshop.lv\/et\/Prece\/vevor-5-7-l-1-5-gallonine-roostevabast-terasest-vaakumkambri-komplekt-5-pa-3-5-cfm-uheastmelise-pumbaga-degaseerimiseks-ja-mullitamiseks-2\/","title":{"rendered":"VEVOR 5,7L vaakumkamber ja 100L\/min pump \u2013 roostevaba teras, akr\u00fc\u00fclkaan, vaikude, silikooni, epoksiidi vaakumimiseks"},"content":{"rendered":"<div style=\"color: #fff!important; font-size: 16px; height: 24px; line-height: 24px; margin-top: -24px; \" class=\"product_original_name\">VEVOR 5,7 L (1,5 Gallon) vaakumkamber ja 100 L\/min (3,5 CFM) pumbakomplekt, roostevabast terasest kamber, \u00fcheastmeline vaakumpumba gaasistamiskambri komplekt, akr\u00fc\u00fclkaanega, \u00f5li, 1,5 m (4,92 jalga) voolik, vaigu silikoonepoksiidide gaasistamiseks<\/div>\n<div style=\"color: #fff!important; font-size: 16px; height: 24px; line-height: 24px; margin-top: -24px; \" class=\"product_sku\">M6BSKF3Z<\/div>\n<div style=\"color: #fff!important; font-size: 16px; height: 24px; line-height: 24px; margin-top: -24px; \" class=\"product_mpn\">ZKBZKTTZDJ141K08DV2<\/div><div id=\"js-DM_at-goodDescRich\"><html><head><style>  body {    font-family: Arial;    line-height: 1.5;    color: #1c1c1c;    overflow-x: hidden;    margin: 0;    padding: 0;  }  .MsoNormal b {    font-weight: bolder;  }<\/style><style>  .container.small {    width: 970px;    margin: 0 auto;  }  .logo {    margin: 0 auto 0;  }  .logo img {    display: block;    margin: 0 auto;    max-width: 100%;  }  .logo .pc-banner {    display: block;    width: 1200px;    height: 247.4px;    margin: 0 auto;  }  .logo .pc-banner.small {    width: 970px;  }  .logo .pc-banner.small img {    height: auto!important;  }  .logo .m-banner {    display: none;  }  .ytvideo {    position: relative;    height: 546px;    width: 100%;    margin: 0 auto;  }  .ytvideo img {    width: 100%;    margin: 0 auto;  }  .ytvideo .play-btn {    width: 60px;    height: 42px;    position: absolute;    top: 50%;    left: 50%;    transform: translate(-50%, -50%);    background: url(\"data:image\/png;base64,iVBORw0KGgoAAAANSUhEUgAAAGQAAABGCAMAAAANWMFbAAAC+lBMVEUAAADBGB3kLCfBGB3kLCfcJC7BFx3KKSbiKybkLCbWJCPSIiLSIiLPICHAFx3kLCfgKSXNHiDZJiTIGx\/p4eHcjo7LHSDbJyTkLCbjKyfOHyHPIiL28fHJHB\/GGh7EGR7eKCXDGB3RISHlLSbBGB3AFxzGHB7DGB7BGB3hKybkKybAFx3lLCfAFxzDGR3hKibDGB7cJyTmz8\/elJTlwcHjurrUIyLlLSflLSfAFx3DGR7lLSfCFx3hKibhKibhKybjKybkLCblLSfbJSX49vbx7e3NNzjNMTLMJyjVIyLZf3\/ZQ0LaeHjx0tLgoqLkLCfCGB3HGx\/BGB3BFx3PICHCGB7WJCLOHyC\/Fxy\/Fx3lLCfQISHkLSe\/FxzbJiTBFx3FGx\/AGB7BFx3EGR7AGB3HHSDfKiXAFh3TISHYNzbhKibbJyTTIiL57e325+f039\/v2NjUV1fOHiHiqanfmprch4feKSXVIyPOICHmLibFGh\/mLSe\/Fx7XJCPeKSXXJSPNHyHaJyTGGh7lLCbmLCflLSjSIiLkLCbdKSXLHiC\/GB3KHh++Fh3lKyfoLiXcKCPkx8fYb2\/XaGfVXl3aU1LLHiDksbHgKibPICHbJyTfKSXbJyTCGB3KHSDiKybFGh7TIiL\/\/\/\/VIyPRISHIHB\/GGx\/HHB\/DGR7gKibdKCXLHiDZJiTMHiDNHyHYJSTOICHPICHWJCPcKCXXJSPjLCblLCf+\/f3NGR\/uLijzLynPGR\/IGB7WISHaIyLLGh7UAADxLynNAADRLzDbICLQAADIAAD3MCrUHSHXMTDpKSbLAADp5OTij4\/ejo\/VLy\/1LyngJSTcJCPQHx\/OHB7+\/PzaMS\/OLS\/vLijrLSjSAADaNTPwLyjkKSbNJCbYISHPHB\/KGB7WAAD7+vrn3d3aKynTKCjoLCfsKifRGh\/YAADq5+fhjo7QNDXXKCfmJyXt5+fTLzDLLi\/QKivYHRvMGBrQJCXLISPMExXLDxLaEAvkkI\/bOTfaFQ\/SCgpvLcnHAAAAmnRSTlMA+vv7+gT9Bvf9+8z8\/NSv\/Pr5+P7++vnQIBMP\/v38\/Pn348XDiCYf9OjbzcqxXVcx\/fz8+\/rj1r2poo1+fXFqX0orGP7+\/v7+\/fz8+\/r68uzn4trIxsG\/vri3p6GcmZSNbWVYUUZEPQv+\/f39+\/v7+\/v7+vr64tvV1NTTz87FtbSurqeblJKFg4B3bUY+NjL7+\/v7+\/v67t1cDo8JLQAABkRJREFUWMO0kz9rwkAYh0OIeJkum6YugUAhISCdKoj\/P4C7SMdS+gEKIhSKil10LSg4mzXkILdlEpxCpwTiWOLX6BujvQaEQuGeHLnL+\/64J+SIcKGYTYWnntpdLjrVdqvZmNdn0+EE40GtpuuWVS6Xx6N7YDSGpWXpeq02wHgynM7q80az1a52HpddtVcpsi1zFARBrdaxbhp9iUReTGmwA4KAAr7vx3EYejnCMI6hQYEgy0LQi4jUN0wL19vqFcUC9\/1dAKmEEFkWRYkh5oBejnxQJiSJPJ\/uKBp0Thszx9Mw8hMRIQjKsptCfuES9zr5WJY6vSFCIvE9fCMUmEM1A1kSXcYGxgVYsvI1IPKTZciSTI0us\/SMGG04gDzELDoFBwdcFJrF88dqgYMTiL6DILWYyfOWE8\/kIz38olCNlC03FK95+imxp6y4oUSvAnBjHHhKNtotSDqJzVFiK8c2SBqhZtsrTtgrLXwAyduxZHNE26eHUt5rtuM4WSmds3G+sUdWYo1L+XyxButoh5eKUHk5lByO3G1LqqCWVnfrv\/lyPtf\/4ps1cndNGIri8J1TJ0lx6dR\/oPjq1nbRwdp2dCk4CtIOLW3pVKRL6WZfS5vF2KkIQhpwSsjiYIgNCs1gEMGqiIq24NQX9NwoXFy8Ufrl3twTcg4fv8T9\/JBEySduj6Mjm4bMzYV7EEOxKjjoNDud7yY3Dy71Hq2oLmqfbNR723edH9PgMrNL2utoQ3VmaIDkiw\/4w51P06hlZsTZvkRrbVuSIs\/zwSOsycgzStQouoAkWQqioRT5XI7n2Z1wfVhoZmcAJLsoqjqpjbWCgpOAJXBwHK8PzWbNvoUZJND5wCnSkLAkZ1legx6vqQzjoiTahKlGUGLAiIIoABOHaNVw4sexZBym6\/HWlH5h3IC7yRbxtipcWxdTOkORKiNQAEkFf66x5S2oeRbroOlLgg0sSYkR0hRGEqJZ0jTPiQKatESdBckpWigxaapEH0lImHdWu9pUFF2XqMNM2Z4kped7IwEJw2qabwtrQqnpw6HyKkgcadKWsmpywwesDyIhYRpdzXddqegtGIJlXbAIUMOLkGxJUjRIkokwjUaX9d\/kK62ps\/tYUqZLIMkLTyBhsMZ3C5Z\/kDxOSCb\/DOs\/\/J0qcWSX\/2ipe56EgTCA4\/cB7NAYOsni4mZM1MUPAISoEwkDi4lhVBQ1cWQyIcwalw4EpqZN68JUSK7XC0kTlkLYii5uXSC8jT5ncCAS7mjCv0uHp\/3lueHEEAeQ\/\/VgmdN71\/2uCSA1Xr6DO6uI6sW56zqT2tp2PhgiRUAajV8CY2fkcz6WGNKMgLAt7tJAhD4YHMTeRxlALE6+43WqjSWi8ITxyJl8WrwWSNESQZZOqhDDntO3hJLsd5RtSpbJqdv3YrDJH3F7jL1R2O2aQkn2MyCyKYz0GPGIvSAMgBCrCEiJyKbBaYGwLW4uPRr0A0M4Ux5kUI7IBh+hMdiCEWNqhMZGyYMsOgNE58UQuEQeUnSWCMYwL54hkxK6IoqucQZbQ3pc3XtL0lky1dL0zZJJDpWJovFqpWj6JEHnyam2eQp5QRVAVHjWparTOaVwUOx99YS2MvgxIGV0bb+qIg2HX2qkFFJB+XZcbLiuRkuxD9GRroKyveLxdh4d7Orx+hb7qc3uVRuEogCOnyIxm4ubUoPgF4jianDrC+SDQDKEfJb0GUKmjCGPYHGJvVC6X4hw1\/sAfQAdfYyephIaspXe36RwOP+Ljvfx9B6B3i+Nk0DGq+oCbLn6JpBa9nWAveAIHwFAwtVcIJXPMPL8kRu5OAYPMaL1WScTxjiZDqB9LTJSWphow\/pTYKRTLjCBhvi9iBidvKcDasGSm0QQkycYuLBqj6QCELPctqChDWpTRMWkngNNpQ1Pfp1KkiT\/Y0DGffXAweUNfLAfaJFKDwhb6I+bkYRbkERoEeu3Fyjg2opMz2daZCS9jt6Q7txNfB+OZEVF6Zl5web2xunnLQrtrjXseXKaFYziYINeMFZVxS9VxRhOoesYwxPKXm+gWLG9cuFeq93UNNeJNsf1KlwuDok9n02n3TgIJpOxNfL9naIoQwXtfH9kjceTIIi709ncTg6LZbg+biLH1V6u\/7rxBem06VXKn9raAAAAAElFTkSuQmCC\")      no-repeat center center \/ contain;  }  @media screen and (max-width: 960px) and (orientation: portrait) {    .logo {      width: 100%;    }    .logo .pc-banner {      display: none;    }    .logo .m-banner {      display: block;      width: 100%;    }    .logo .m-banner img {      height: auto!important;    }    .ytvideo {      height: 200px;      width: 100%;    }  }<\/style><style>  .video-section {    width: 100%;    margin: 0 auto;  }  .video-section > img {    width: 100%;  }  .video-section iframe,  .video-section video {    width: 100%;    height: 100%;      }  .video-section-img-m,  .video-section-img-pc > img {    width: 100%;    height: auto;  }  .video-section-img-pc.small > img {    width: 970px;  }  .video-desc {    line-height: 1.5;    font-size: 20px;    font-weight: 400;    margin: 20px 0;    text-align: center;    color: #0f1111;    word-break: break-word;  }  @media screen and (max-width: 960px) and (orientation: portrait) {    .video-section {      width: 100%;    }    .video-section-pc,    .video-section-img-pc {      display: none;    }    .video-section-m,    .video-section-img-m {      display: block;    }    .video-desc {      font-size: 15px;    }  }  @media screen and (min-width: 960px) {    .video-section {      width: 100%;      margin: 0 auto;    }    .video-section-pc,    .video-section-img-pc {      display: block;    }    .video-section-m,    .video-section-img-m {      display: none;    }    .video-desc {      font-size: 20px;    }  }<\/style><style>  .section + .section {    margin-top: 35px;  }  .section-title {    text-align: center;    font-weight: bold;    color: #0d1111;    font-family: \"Arial\";    font-size: 32px;    margin: 15px 0;  }  .section-title:empty {    display: none;  }  .section-desc {    text-align: center;    font-weight: normal;    color: #0d1111;    margin-top: 20px;  }  .section-desc:empty {    display: none;  }  .section-img {    width: 1200px;    height: 492px;    margin: 0 auto;    display: block;  }  .section-img.small {    width: 970px;    height: auto;  }  .section-img.small > img {    height: auto;  }  .section-img > img {    width: 100%;    height: 100%;  }  .section-mobile-img {    display: none;    max-width: 100vw;    max-height: 75vw;    height: 450px;    margin: 0 auto;  }  .section-mobile-img > img {    width: 100%;    height: 100%;  }  @media screen and (max-width: 960px) and (orientation: portrait) {    .container {      width: 100%;    }    .container.small {      width: 100%;    }    .section-mobile-img {      display: block;    }    .section-img {      display: none;    }    .section-title {      font-size: 22px;      margin: 10px 0;    }    .section-desc {      margin-top: 10px;    }    .section + .section {      margin-top: 20px;    }  }<\/style><\/head><body><div class=\"container small\"><div class=\"logo\"><div class=\"pc-banner small\"><div><img decoding=\"async\" src=\"\/vevor\/vevor\/boutique-banner\/pc\/en-pc@1x.jpg\" style=\"width: 100%;\" \/><\/div><\/div><div class=\"m-banner\"><div><img decoding=\"async\" src=\"\/vevor\/vevor\/boutique-banner\/mobile\/en-m@1x.jpg\" style=\"width: 100%;\" \/><\/div><\/div><\/div><div class=\"section-title\">1.5 Gallon vaakumkambris 3,5 CFM Pumba Komplekt<\/div><div class=\"video-section\"><div class=\"video-section-img-pc small\"><img decoding=\"async\" src=\"\/vevor\/product\/ZKBZKTTZDJ141K08D\/vacuum-pump-a100-1.4-pt.jpg\" \/><\/div><div class=\"video-section-img-m\"><img decoding=\"async\" src=\"\/vevor\/product\/ZKBZKTTZDJ141K08D\/vacuum-pump-a100-1.4-pt.jpg\" \/><\/div><div class=\"section-desc\">Meie vaakumkambri pumbakomplekt tagab kiire degaseerimise iga kord 4-astmelise puhta vaskmootori ja 5Pa \u00fclima vaakumiga. 1,5-gallonine roostevabast terasest vaakumkamber uhkeldab muljetavaldava r\u00f5hukindlusega, samas kui akr\u00fc\u00fclkaanel on v\u00f5imalik degaseerimisprotsessi h\u00f5lpsalt j\u00e4lgida.<\/div><\/div><div class=\"section\"><div class=\"section-title\"><\/div><div class=\"section-img small\"><img decoding=\"async\" src=\"\/vevor\/product\/ZKBZKTTZDJ141K08D\/vacuum-pump-a100-2.2-pt.jpg\" \/><\/div><div class=\"section-mobile-img\"><img decoding=\"async\" src=\"\/vevor\/product\/ZKBZKTTZDJ141K08D\/vacuum-pump-a100-2.2-pt.jpg\" \/><\/div><div class=\"section-desc\">H\u00fcvasti vaeva, otsides \u00fcksikuid osi. See vaakum koda koos pumba komplekt sisaldab k\u00f5ike, mida vaja lahendada de-vahustamine ja degaseerimine \u00fclesannete kergust. K\u00f5ik vajalikud t\u00f6\u00f6riistad ja tarvikud on mugavalt pakendatud \u00f5mblusteta kogemus.<\/div><\/div><div class=\"section\"><div class=\"section-title\"><\/div><div class=\"section-img small\"><img decoding=\"async\" src=\"\/vevor\/product\/ZKBZKTTZDJ141K08D\/vacuum-pump-a100-2.3-pt.jpg\" \/><\/div><div class=\"section-mobile-img\"><img decoding=\"async\" src=\"\/vevor\/product\/ZKBZKTTZDJ141K08D\/vacuum-pump-a100-2.3-pt.jpg\" \/><\/div><div class=\"section-desc\">Meie t\u00e4iustatud jahutuss\u00fcsteem hoiab vaakum pump t\u00f6\u00f6tab optimaalne temperatuur, j\u00e4rjepideva, k\u00f5rge-j\u00f5udluse \u00e4raveo ilma \u00fclekuumenemise riski v\u00f5i j\u00f5udluse kadu.<\/div><\/div><div class=\"section\"><div class=\"section-title\"><\/div><div class=\"section-img small\"><img decoding=\"async\" src=\"\/vevor\/product\/ZKBZKTTZDJ141K08D\/vacuum-pump-a100-2.4-pt.jpg\" \/><\/div><div class=\"section-mobile-img\"><img decoding=\"async\" src=\"\/vevor\/product\/ZKBZKTTZDJ141K08D\/vacuum-pump-a100-2.4-pt.jpg\" \/><\/div><div class=\"section-desc\">Ehitatud taluma k\u00f5rge r\u00f5hu all, suure v\u00f5imsusega vaakumkambris vaiguga funktsioonid vastupidav roostevabast terasest kere ja akr\u00fc\u00fcli kaas. See tagab \u00f5hukindlas tihendi mis talub t\u00e4ielik vaakum-surve. K\u00f5rge-l\u00e4bipaistev kaas v\u00f5imaldab teil j\u00e4lgida kogu tolmuimejaga protsessi meelerahu.<\/div><\/div><div class=\"section\"><div class=\"section-title\"><\/div><div class=\"section-img small\"><img decoding=\"async\" src=\"\/vevor\/product\/ZKBZKTTZDJ141K08D\/vacuum-pump-a100-2.5-pt.jpg\" \/><\/div><div class=\"section-mobile-img\"><img decoding=\"async\" src=\"\/vevor\/product\/ZKBZKTTZDJ141K08D\/vacuum-pump-a100-2.5-pt.jpg\" \/><\/div><div class=\"section-desc\">Keerulist seadistamist pole vaja. J\u00e4lgige h\u00f5lpsalt oma vaakumi taset silikoon\u00f5li m\u00f5\u00f5teklapi kaudu. \u00dchendage klapp kiiresti keermestatud pistikuga ja \u00fchendage vaakumpump 4,92 jala pikkuse voolikuga. Summutiklapp v\u00e4hendab m\u00fcra ja sisseehitatud filter hoiab tolmu sisenemise eest.<\/div><\/div><div class=\"section\"><div class=\"section-img small\"><img decoding=\"async\" src=\"\/vevor\/product\/ZKBZKTTZDJ141K08D\/vacuum-pump-a100-1.11-pt.jpg\" \/><\/div><div class=\"section-mobile-img\"><img decoding=\"async\" src=\"\/vevor\/product\/ZKBZKTTZDJ141K08D\/vacuum-pump-a100-1.11-pt.jpg\" \/><\/div><\/div><\/div><\/body><\/html><\/div>\n<div class=\"DM_at-title\" id=\"js-DM_at-title\"> <div>Toote spetsifikatsioon<\/div> <i class=\"icon-arrowup_line\"><\/i> <\/div><div class=\"DM_at-goodsDescAttr\" id=\"js-DM_at-goodsDescAttr\"> <div class=\"DM_at-goodsDescAttrInner\"> <dl class=\"goodsDesc_item goodsDesc_item_even\"> <dt>Punkt Mudeli Number<\/dt> <dd> VP125<\/dd> <\/dl> <dl class=\"goodsDesc_item\"> <dt>Vaba \u00d5hku T\u00f6\u00f6maht<\/dt> <dd> 3.5 CFM<\/dd> <\/dl> <dl class=\"goodsDesc_item goodsDesc_item_even\"> <dt>Piirvaakum<\/dt> <dd> 5 Pa Pa Pa Pa Pa<\/dd> <\/dl> <dl class=\"goodsDesc_item\"> <dt>Sisselaske Paigaldamist<\/dt> <dd> 1\/4&#034;SAE<\/dd> <\/dl> <dl class=\"goodsDesc_item goodsDesc_item_even\"> <dt>\u00d5limaht<\/dt> <dd> 0.27 qt.\/260 ml<\/dd> <\/dl> <dl class=\"goodsDesc_item\"> <dt>Vaakum V\u00f5imsus Koda<\/dt> <dd> 1.5 Gallonit\/5.68 Liitrit<\/dd> <\/dl> <dl class=\"goodsDesc_item goodsDesc_item_even\"> <dt>Pumba M\u00f5\u00f5tmed (L x W x H)<\/dt> <dd> 10.83 x 4.72 x 8.86 in \/ 275 x 120 x 225 mm<\/dd> <\/dl> <dl class=\"goodsDesc_item\"> <dt>Neto Kaal<\/dt> <dd> 18.73 lbs \/ 8,5 kg<\/dd> <\/dl> <\/div> <\/div>","protected":false},"excerpt":{"rendered":"<ul>\n<li> T\u00f5hus Degaseerimine J\u00f5udlus: Meie 3.5 CFM vaakum pump on projekteeritud spetsiaalselt degaseerimine ja de-vahustamine rakendusi, et saavutada muljetavaldav 5Pa l\u00f5plik vaakum. Kas te t\u00f6\u00f6tate lab, k\u00e4itlemise toidu pakendil v\u00f5i vaik valu, see pump tagab p\u00f5hjalik \u00f5hu kaevandamine, v\u00e4ltides mullide ja suurendada usaldusv\u00e4\u00e4rsust. (M\u00e4rkus: See vaakum koda koos pumba komplekt ei sobi puit stabiliseerimine.) <\/li>\n<li> Stabiilne ja usaldusv\u00e4\u00e4rne t\u00f6\u00f6: meie HVAC vaakumpump, mida toidab neljaastmeline puhas vaskmootor, tagab pikaajalise v\u00f5imsuse ja suurep\u00e4rase efektiivsuse. Lisaks v\u00e4ldib sisseehitatud jahutusventilaator pikema kasutamise ajal \u00fclekuumenemist, tagades stabiilse ja usaldusv\u00e4\u00e4rse j\u00f5udluse iga t\u00f6\u00f6 jaoks. <\/li>\n<li> 1.5-Gallon vaakumkambris: Meisterdatud kvaliteetne roostevabast terasest, meie vaakumkambris vaiguga on ehitatud taluma k\u00f5rge r\u00f5hu all ilma, deformatsioone v\u00f5i painutamata. T\u00e4ielikult l\u00e4bipaistev akr\u00fc\u00fcl kaas v\u00f5imaldab kergesti j\u00e4lgida degaseerimine protsessi, andes teile t\u00e4ieliku kontrolli oma tulemusi. <\/li>\n<li> Kasutajas\u00f5bralik Disain: Mugavust olid prioriteedid v\u00e4ljat\u00f6\u00f6tamisel see vaakum degaseerimine koda koos pumba komplekt. \u00d5hu vaakum pump funktsioone, ergonoomiline k\u00e4epide, millel on kummist kate turvaline, mugav k\u00e4epide, mist\u00f5ttu on lihtne t\u00f5sta ja man\u00f6\u00f6ver. See sisaldab ka n\u00e4htav \u00f5li vaatamise aken selge m\u00e4rgistus, nii et saate vaevata j\u00e4lgida \u00f5li taset l\u00fchidalt. <\/li>\n<li> K\u00f5ik, mida vajate \u00fches komplektis: selle vaakumkambri ja pumbakomplektiga on kaasas t\u00e4ielikud tarvikud \u00f5mblusteta degaseerimiseks! 1 x \u00fcheastmeline vaakumpump, 1 x 1,5 galloni vaakumkamber, 1 x akr\u00fc\u00fclist vaakumkambri kaas, 1 x vaakumm\u00f5\u00f5turi komplekt, 1 x punane ja sinine k\u00e4sitsi v\u00e4ljal\u00fclitusklapp, 1 x 4,92 jalga vaakumvoolik, 1 x silikoonpadi ja 1 x pudel 0,35 qt. (330 ml) vaakumpumba\u00f5li. <\/li>\n<\/ul>","protected":false},"featured_media":366331,"comment_status":"open","ping_status":"closed","template":"","meta":{"om_disable_all_campaigns":false,"_uf_show_specific_survey":0,"_uf_disable_surveys":false},"location":[1935,1934],"product_brand":[21],"product_cat":[2675,71,2674],"product_tag":[],"class_list":{"0":"post-147884","1":"product","2":"type-product","3":"status-publish","4":"has-post-thumbnail","6":"location-supplier_stock_location","7":"location-local_stock_location","8":"product_brand-vevor","9":"product_cat-air-conditioning-vacuum-pumps","10":"product_cat-plumbing","11":"product_cat-vacuum-pump-plumbing","13":"first","14":"instock","15":"featured","16":"taxable","17":"shipping-taxable","18":"purchasable","19":"product-type-simple"},"aioseo_notices":[],"locations":[{"id":1935,"name":"Pieg\u0101d\u0101t\u0101ja noliktav\u0101 (5-7dd)","slug":"supplier_stock_location","quantity":"253"},{"id":1934,"name":"R\u012bgas veikal\u0101 (0-2d.d.)","slug":"local_stock_location","quantity":"0"}],"_links":{"self":[{"href":"https:\/\/vevorshop.lv\/et\/wp-json\/wp\/v2\/product\/147884","targetHints":{"allow":["GET"]}}],"collection":[{"href":"https:\/\/vevorshop.lv\/et\/wp-json\/wp\/v2\/product"}],"about":[{"href":"https:\/\/vevorshop.lv\/et\/wp-json\/wp\/v2\/types\/product"}],"replies":[{"embeddable":true,"href":"https:\/\/vevorshop.lv\/et\/wp-json\/wp\/v2\/comments?post=147884"}],"wp:featuredmedia":[{"embeddable":true,"href":"https:\/\/vevorshop.lv\/et\/wp-json\/wp\/v2\/media\/366331"}],"wp:attachment":[{"href":"https:\/\/vevorshop.lv\/et\/wp-json\/wp\/v2\/media?parent=147884"}],"wp:term":[{"taxonomy":"location","embeddable":true,"href":"https:\/\/vevorshop.lv\/et\/wp-json\/wp\/v2\/location?post=147884"},{"taxonomy":"product_brand","embeddable":true,"href":"https:\/\/vevorshop.lv\/et\/wp-json\/wp\/v2\/product_brand?post=147884"},{"taxonomy":"product_cat","embeddable":true,"href":"https:\/\/vevorshop.lv\/et\/wp-json\/wp\/v2\/product_cat?post=147884"},{"taxonomy":"product_tag","embeddable":true,"href":"https:\/\/vevorshop.lv\/et\/wp-json\/wp\/v2\/product_tag?post=147884"}],"curies":[{"name":"wp","href":"https:\/\/api.w.org\/{rel}","templated":true}]}}