{"id":149295,"date":"2025-02-11T06:26:48","date_gmt":"2025-02-11T06:26:48","guid":{"rendered":"https:\/\/vevorshop.lv\/en_us\/Prece\/vevor-8t-hydraulic-scissor-hoist-kit-for-3-4m-dump-trailers-trucks\/"},"modified":"2026-05-03T22:47:33","modified_gmt":"2026-05-03T19:47:33","slug":"vevor-8t-hydraulic-scissor-hoist-kit-for-3-4m-dump-trailers-trucks","status":"publish","type":"product","link":"https:\/\/vevorshop.lv\/et\/Prece\/vevor-8-t-hudrauliline-kaartostuki-komplekt-3-4-m-kallurhaagistele-veoautodele\/","title":{"rendered":"VEVOR 8T H\u00fcdrauliline T\u00f5stekomplekt 12V Pumbaga, K\u00e4\u00e4rlift 3\u20134,2m Tipphaagistele ja Veokitele"},"content":{"rendered":"<div style=\"color: #fff!important; font-size: 16px; height: 24px; line-height: 24px; margin-top: -24px; \" class=\"product_original_name\">VEVOR h\u00fcdrauliline kallurt\u00f5stuki komplekt, 17 600 naela\/8 T kallurhaagis H\u00fcdrauliline k\u00e4\u00e4rit\u00f5stuki komplekt Standardkomplekt, h\u00fcdrauliline kallurvoodi komplekt 12 V h\u00fcdraulilise pumbaseadmega Sobib k\u00e4\u00e4rit\u00f5stuki kallurhaagistele Veoautod<\/div>\n<div style=\"color: #fff!important; font-size: 16px; height: 24px; line-height: 24px; margin-top: -24px; \" class=\"product_sku\">M70329ER<\/div>\n<div style=\"color: #fff!important; font-size: 16px; height: 24px; line-height: 24px; margin-top: -24px; \" class=\"product_mpn\">YYZXSJTJDYXYA6AQUV9<\/div><div id=\"js-DM_at-goodDescRich\"><html><head><style>  body {    font-family: Arial;    line-height: 1.5;    color: #1c1c1c;    overflow-x: hidden;    margin: 0;    padding: 0;  }  .MsoNormal b {    font-weight: bolder;  }<\/style><style>  .container.small {    width: 970px;    margin: 0 auto;  }  .logo {    margin: 0 auto 0;  }  .logo img {    display: block;    margin: 0 auto;    max-width: 100%;  }  .logo .pc-banner {    display: block;    width: 1200px;    height: 247.4px;    margin: 0 auto;  }  .logo .pc-banner.small {    width: 970px;  }  .logo .pc-banner.small img {    height: auto!important;  }  .logo .m-banner {    display: none;  }  .ytvideo {    position: relative;    height: 546px;    width: 100%;    margin: 0 auto;  }  .ytvideo img {    width: 100%;    margin: 0 auto;  }  .ytvideo .play-btn {    width: 60px;    height: 42px;    position: absolute;    top: 50%;    left: 50%;    transform: translate(-50%, -50%);    background: url(\"data:image\/png;base64,iVBORw0KGgoAAAANSUhEUgAAAGQAAABGCAMAAAANWMFbAAAC+lBMVEUAAADBGB3kLCfBGB3kLCfcJC7BFx3KKSbiKybkLCbWJCPSIiLSIiLPICHAFx3kLCfgKSXNHiDZJiTIGx\/p4eHcjo7LHSDbJyTkLCbjKyfOHyHPIiL28fHJHB\/GGh7EGR7eKCXDGB3RISHlLSbBGB3AFxzGHB7DGB7BGB3hKybkKybAFx3lLCfAFxzDGR3hKibDGB7cJyTmz8\/elJTlwcHjurrUIyLlLSflLSfAFx3DGR7lLSfCFx3hKibhKibhKybjKybkLCblLSfbJSX49vbx7e3NNzjNMTLMJyjVIyLZf3\/ZQ0LaeHjx0tLgoqLkLCfCGB3HGx\/BGB3BFx3PICHCGB7WJCLOHyC\/Fxy\/Fx3lLCfQISHkLSe\/FxzbJiTBFx3FGx\/AGB7BFx3EGR7AGB3HHSDfKiXAFh3TISHYNzbhKibbJyTTIiL57e325+f039\/v2NjUV1fOHiHiqanfmprch4feKSXVIyPOICHmLibFGh\/mLSe\/Fx7XJCPeKSXXJSPNHyHaJyTGGh7lLCbmLCflLSjSIiLkLCbdKSXLHiC\/GB3KHh++Fh3lKyfoLiXcKCPkx8fYb2\/XaGfVXl3aU1LLHiDksbHgKibPICHbJyTfKSXbJyTCGB3KHSDiKybFGh7TIiL\/\/\/\/VIyPRISHIHB\/GGx\/HHB\/DGR7gKibdKCXLHiDZJiTMHiDNHyHYJSTOICHPICHWJCPcKCXXJSPjLCblLCf+\/f3NGR\/uLijzLynPGR\/IGB7WISHaIyLLGh7UAADxLynNAADRLzDbICLQAADIAAD3MCrUHSHXMTDpKSbLAADp5OTij4\/ejo\/VLy\/1LyngJSTcJCPQHx\/OHB7+\/PzaMS\/OLS\/vLijrLSjSAADaNTPwLyjkKSbNJCbYISHPHB\/KGB7WAAD7+vrn3d3aKynTKCjoLCfsKifRGh\/YAADq5+fhjo7QNDXXKCfmJyXt5+fTLzDLLi\/QKivYHRvMGBrQJCXLISPMExXLDxLaEAvkkI\/bOTfaFQ\/SCgpvLcnHAAAAmnRSTlMA+vv7+gT9Bvf9+8z8\/NSv\/Pr5+P7++vnQIBMP\/v38\/Pn348XDiCYf9OjbzcqxXVcx\/fz8+\/rj1r2poo1+fXFqX0orGP7+\/v7+\/fz8+\/r68uzn4trIxsG\/vri3p6GcmZSNbWVYUUZEPQv+\/f39+\/v7+\/v7+vr64tvV1NTTz87FtbSurqeblJKFg4B3bUY+NjL7+\/v7+\/v67t1cDo8JLQAABkRJREFUWMO0kz9rwkAYh0OIeJkum6YugUAhISCdKoj\/P4C7SMdS+gEKIhSKil10LSg4mzXkILdlEpxCpwTiWOLX6BujvQaEQuGeHLnL+\/64J+SIcKGYTYWnntpdLjrVdqvZmNdn0+EE40GtpuuWVS6Xx6N7YDSGpWXpeq02wHgynM7q80az1a52HpddtVcpsi1zFARBrdaxbhp9iUReTGmwA4KAAr7vx3EYejnCMI6hQYEgy0LQi4jUN0wL19vqFcUC9\/1dAKmEEFkWRYkh5oBejnxQJiSJPJ\/uKBp0Thszx9Mw8hMRIQjKsptCfuES9zr5WJY6vSFCIvE9fCMUmEM1A1kSXcYGxgVYsvI1IPKTZciSTI0us\/SMGG04gDzELDoFBwdcFJrF88dqgYMTiL6DILWYyfOWE8\/kIz38olCNlC03FK95+imxp6y4oUSvAnBjHHhKNtotSDqJzVFiK8c2SBqhZtsrTtgrLXwAyduxZHNE26eHUt5rtuM4WSmds3G+sUdWYo1L+XyxButoh5eKUHk5lByO3G1LqqCWVnfrv\/lyPtf\/4ps1cndNGIri8J1TJ0lx6dR\/oPjq1nbRwdp2dCk4CtIOLW3pVKRL6WZfS5vF2KkIQhpwSsjiYIgNCs1gEMGqiIq24NQX9NwoXFy8Ufrl3twTcg4fv8T9\/JBEySduj6Mjm4bMzYV7EEOxKjjoNDud7yY3Dy71Hq2oLmqfbNR723edH9PgMrNL2utoQ3VmaIDkiw\/4w51P06hlZsTZvkRrbVuSIs\/zwSOsycgzStQouoAkWQqioRT5XI7n2Z1wfVhoZmcAJLsoqjqpjbWCgpOAJXBwHK8PzWbNvoUZJND5wCnSkLAkZ1legx6vqQzjoiTahKlGUGLAiIIoABOHaNVw4sexZBym6\/HWlH5h3IC7yRbxtipcWxdTOkORKiNQAEkFf66x5S2oeRbroOlLgg0sSYkR0hRGEqJZ0jTPiQKatESdBckpWigxaapEH0lImHdWu9pUFF2XqMNM2Z4kped7IwEJw2qabwtrQqnpw6HyKkgcadKWsmpywwesDyIhYRpdzXddqegtGIJlXbAIUMOLkGxJUjRIkokwjUaX9d\/kK62ps\/tYUqZLIMkLTyBhsMZ3C5Z\/kDxOSCb\/DOs\/\/J0qcWSX\/2ipe56EgTCA4\/cB7NAYOsni4mZM1MUPAISoEwkDi4lhVBQ1cWQyIcwalw4EpqZN68JUSK7XC0kTlkLYii5uXSC8jT5ncCAS7mjCv0uHp\/3lueHEEAeQ\/\/VgmdN71\/2uCSA1Xr6DO6uI6sW56zqT2tp2PhgiRUAajV8CY2fkcz6WGNKMgLAt7tJAhD4YHMTeRxlALE6+43WqjSWi8ITxyJl8WrwWSNESQZZOqhDDntO3hJLsd5RtSpbJqdv3YrDJH3F7jL1R2O2aQkn2MyCyKYz0GPGIvSAMgBCrCEiJyKbBaYGwLW4uPRr0A0M4Ux5kUI7IBh+hMdiCEWNqhMZGyYMsOgNE58UQuEQeUnSWCMYwL54hkxK6IoqucQZbQ3pc3XtL0lky1dL0zZJJDpWJovFqpWj6JEHnyam2eQp5QRVAVHjWparTOaVwUOx99YS2MvgxIGV0bb+qIg2HX2qkFFJB+XZcbLiuRkuxD9GRroKyveLxdh4d7Orx+hb7qc3uVRuEogCOnyIxm4ubUoPgF4jianDrC+SDQDKEfJb0GUKmjCGPYHGJvVC6X4hw1\/sAfQAdfYyephIaspXe36RwOP+Ljvfx9B6B3i+Nk0DGq+oCbLn6JpBa9nWAveAIHwFAwtVcIJXPMPL8kRu5OAYPMaL1WScTxjiZDqB9LTJSWphow\/pTYKRTLjCBhvi9iBidvKcDasGSm0QQkycYuLBqj6QCELPctqChDWpTRMWkngNNpQ1Pfp1KkiT\/Y0DGffXAweUNfLAfaJFKDwhb6I+bkYRbkERoEeu3Fyjg2opMz2daZCS9jt6Q7txNfB+OZEVF6Zl5web2xunnLQrtrjXseXKaFYziYINeMFZVxS9VxRhOoesYwxPKXm+gWLG9cuFeq93UNNeJNsf1KlwuDok9n02n3TgIJpOxNfL9naIoQwXtfH9kjceTIIi709ncTg6LZbg+biLH1V6u\/7rxBem06VXKn9raAAAAAElFTkSuQmCC\")      no-repeat center center \/ contain;  }  @media screen and (max-width: 960px) and (orientation: portrait) {    .logo {      width: 100%;    }    .logo .pc-banner {      display: none;    }    .logo .m-banner {      display: block;      width: 100%;    }    .logo .m-banner img {      height: auto!important;    }    .ytvideo {      height: 200px;      width: 100%;    }  }<\/style><style>  .video-section {    width: 100%;    margin: 0 auto;  }  .video-section > img {    width: 100%;  }  .video-section iframe,  .video-section video {    width: 100%;    height: 100%;      }  .video-section-img-m,  .video-section-img-pc > img {    width: 100%;    height: auto;  }  .video-section-img-pc.small > img {    width: 970px;  }  .video-desc {    line-height: 1.5;    font-size: 20px;    font-weight: 400;    margin: 20px 0;    text-align: center;    color: #0f1111;    word-break: break-word;  }  @media screen and (max-width: 960px) and (orientation: portrait) {    .video-section {      width: 100%;    }    .video-section-pc,    .video-section-img-pc {      display: none;    }    .video-section-m,    .video-section-img-m {      display: block;    }    .video-desc {      font-size: 15px;    }  }  @media screen and (min-width: 960px) {    .video-section {      width: 100%;      margin: 0 auto;    }    .video-section-pc,    .video-section-img-pc {      display: block;    }    .video-section-m,    .video-section-img-m {      display: none;    }    .video-desc {      font-size: 20px;    }  }<\/style><style>  .section + .section {    margin-top: 35px;  }  .section-title {    text-align: center;    font-weight: bold;    color: #0d1111;    font-family: \"Arial\";    font-size: 32px;    margin: 15px 0;  }  .section-title:empty {    display: none;  }  .section-desc {    text-align: center;    font-weight: normal;    color: #0d1111;    margin-top: 20px;  }  .section-desc:empty {    display: none;  }  .section-img {    width: 1200px;    height: 492px;    margin: 0 auto;    display: block;  }  .section-img.small {    width: 970px;    height: auto;  }  .section-img.small > img {    height: auto;  }  .section-img > img {    width: 100%;    height: 100%;  }  .section-mobile-img {    display: none;    max-width: 100vw;    max-height: 75vw;    height: 450px;    margin: 0 auto;  }  .section-mobile-img > img {    width: 100%;    height: 100%;  }  @media screen and (max-width: 960px) and (orientation: portrait) {    .container {      width: 100%;    }    .container.small {      width: 100%;    }    .section-mobile-img {      display: block;    }    .section-img {      display: none;    }    .section-title {      font-size: 22px;      margin: 10px 0;    }    .section-desc {      margin-top: 10px;    }    .section + .section {      margin-top: 20px;    }  }<\/style><\/head><body><div class=\"container small\"><div class=\"logo\"><div class=\"pc-banner small\"><div><img decoding=\"async\" src=\"\/vevor\/vevor\/boutique-banner\/pc\/en-pc@1x.jpg\" style=\"width: 100%;\" \/><\/div><\/div><div class=\"m-banner\"><div><img decoding=\"async\" src=\"\/vevor\/vevor\/boutique-banner\/mobile\/en-m@1x.jpg\" style=\"width: 100%;\" \/><\/div><\/div><\/div><div class=\"section-title\">Lihtsalt S\u00e4ilitada v\u00f5i DIY Turvaline Pr\u00fcgila Haagis<\/div><div class=\"video-section\"><video class=\"video-section-pc\" controls poster=\"\/vevor\/product\/YYZXSJTJDYXYA6AQU\/hydraulic-dump-lift-kit-a100-1.4-pt.jpg\"><source src=\"\/vevor\/product\/YYZXSJTJDYXYISBZH\/hydraulic-dump-lift-kit-tvc2.mp4\" type=\"video\/mp4\" \/><\/video><video class=\"video-section-m\" controls poster=\"\/vevor\/product\/YYZXSJTJDYXYA6AQU\/hydraulic-dump-lift-kit-a100-1.4-pt.jpg\"><source src=\"\/vevor\/product\/YYZXSJTJDYXYISBZH\/hydraulic-dump-lift-kit-tvc2.mp4\" type=\"video\/mp4\" \/><\/video><div class=\"section-desc\">Meie h\u00fcdrauliline kallutus, lift kit on m\u00f5eldud 10-14 jalga pr\u00fcgila veokid ja haagised, mis on ideaalne asendamine h\u00fcdrauliline lift suurte k\u00e4\u00e4ride pr\u00fcgila haagiste. See toetab kuni 8 t \/ 17,600 lbs, sealhulgas lasti ja voodi, mis pakub kulut\u00f5husam viis uuendada ja laiendada elu vana haagiste.<\/div><\/div><div class=\"section\"><div class=\"section-title\"><\/div><div class=\"section-img small\"><img decoding=\"async\" src=\"\/vevor\/product\/YYZXSJTJDYXYA6AQU\/hydraulic-dump-lift-kit-a100-2.2-pt.jpg\" \/><\/div><div class=\"section-mobile-img\"><img decoding=\"async\" src=\"\/vevor\/product\/YYZXSJTJDYXYA6AQU\/hydraulic-dump-lift-kit-a100-2.2-pt.jpg\" \/><\/div><div class=\"section-desc\">See h\u00fcdrauliline kallutus voodi komplekt funktsioonid topelt-acting hydraulic pump, mis v\u00f5imaldab nii t\u00f5stmiseks ja langetamiseks tuleb mootor kontrollitud. J\u00f5uallikaks on v\u00f5imas 12V DC mootor, see pakub quick start-up ja kiire \u00f5li v\u00e4ljund, mis v\u00f5imaldab paindlikku k\u00f5rgus kontroll.<\/div><\/div><div class=\"section\"><div class=\"section-title\"><\/div><div class=\"section-img small\"><img decoding=\"async\" src=\"\/vevor\/product\/YYZXSJTJDYXYA6AQU\/hydraulic-dump-lift-kit-a100-2.3-pt.jpg\" \/><\/div><div class=\"section-mobile-img\"><img decoding=\"async\" src=\"\/vevor\/product\/YYZXSJTJDYXYA6AQU\/hydraulic-dump-lift-kit-a100-2.3-pt.jpg\" \/><\/div><div class=\"section-desc\">Ohutuse k\u00e4si veoauto pr\u00fcgila voodi komplekt tuleb alati t\u00f5sta, kui keegi on all selle s\u00f5iduki voodi. Samuti tuleb k\u00e4igus t\u00f5statatud hooldus -, paigaldus-v\u00f5i remondit\u00f6\u00f6de, et v\u00e4ltida juhuslikku alandamine, mis v\u00f5ib p\u00f5hjustada t\u00f5siseid vigastusi, tagades tegevuse turvalisuse.<\/div><\/div><div class=\"section\"><div class=\"section-title\"><\/div><div class=\"section-img small\"><img decoding=\"async\" src=\"\/vevor\/product\/YYZXSJTJDYXYA6AQU\/hydraulic-dump-lift-kit-a100-2.4-pt.jpg\" \/><\/div><div class=\"section-mobile-img\"><img decoding=\"async\" src=\"\/vevor\/product\/YYZXSJTJDYXYA6AQU\/hydraulic-dump-lift-kit-a100-2.4-pt.jpg\" \/><\/div><div class=\"section-desc\">V\u00f5ite kindel olla, kvaliteeti see dump haagise h\u00fcdrauliline k\u00e4\u00e4ride komplekt t\u00f5stuk. Vastupidav plastikust \u00f5li paak on lekkimiskindlates ja kulumiskindel ning seade on varustatud v\u00f5imsa mootoriga. \u00dclitugev struktuuri terasest tagab kit j\u00e4\u00e4b moonutamata koormustel.<\/div><\/div><div class=\"section\"><div class=\"section-title\"><\/div><div class=\"section-img small\"><img decoding=\"async\" src=\"\/vevor\/product\/YYZXSJTJDYXYA6AQU\/hydraulic-dump-lift-kit-a100-2.5-pt.jpg\" \/><\/div><div class=\"section-mobile-img\"><img decoding=\"async\" src=\"\/vevor\/product\/YYZXSJTJDYXYA6AQU\/hydraulic-dump-lift-kit-a100-2.5-pt.jpg\" \/><\/div><div class=\"section-desc\">Paigaldatud taga pr\u00fcgila haagis, see dump voodi komplekt v\u00f5imaldab h\u00f5lpsasti toime tulla mitmesuguseid materjale, nagu n\u00e4iteks ehitus praht, mustus, kruusa, ja mult\u0161i. Selline mitmek\u00fclgsus teeb ta v\u00e4\u00e4rtuslikuks transportimise seadmed ja materjalid, ehitus-ja haljastusprojektid.<\/div><\/div><div class=\"section\"><div class=\"section-img small\"><img decoding=\"async\" src=\"\/vevor\/product\/YYZXSJTJDYXYA6AQU\/hydraulic-dump-lift-kit-a100-1.11-pt.jpg\" \/><\/div><div class=\"section-mobile-img\"><img decoding=\"async\" src=\"\/vevor\/product\/YYZXSJTJDYXYA6AQU\/hydraulic-dump-lift-kit-a100-1.11-pt.jpg\" \/><\/div><\/div><\/div><\/body><\/html><\/div>\n<div class=\"DM_at-title\" id=\"js-DM_at-title\"> <div>Toote spetsifikatsioon<\/div> <i class=\"icon-arrowup_line\"><\/i> <\/div><div class=\"DM_at-goodsDescAttr\" id=\"js-DM_at-goodsDescAttr\"> <div class=\"DM_at-goodsDescAttrInner\"> <dl class=\"goodsDesc_item goodsDesc_item_even\"> <dt>Punkt Mudeli Number<\/dt> <dd> ER-006 (8T)<\/dd> <\/dl> <dl class=\"goodsDesc_item\"> <dt>Kandev\u00f5ime<\/dt> <dd> 8 T \/ 17,600 lbs<\/dd> <\/dl> <dl class=\"goodsDesc_item goodsDesc_item_even\"> <dt>Toide Pinge<\/dt> <dd> DC 12V<\/dd> <\/dl> <dl class=\"goodsDesc_item\"> <dt>Sobiva Haagise Pikkus<\/dt> <dd> 10 - 14 jalga)<\/dd> <\/dl> <dl class=\"goodsDesc_item goodsDesc_item_even\"> <dt>Kasutaja-Kui Toitejuhe V\u00f5imsus<\/dt> <dd> \u2265200 (\u00dche-core Kaabel on 100 mm2)<\/dd> <\/dl> <dl class=\"goodsDesc_item\"> <dt>H\u00fcdrauliline \u00d5li Paagi Maht<\/dt> <dd> 8 QT\/7.6 L<\/dd> <\/dl> <dl class=\"goodsDesc_item goodsDesc_item_even\"> <dt>V\u00f5imsus<\/dt> <dd> 1,6 kW<\/dd> <\/dl> <dl class=\"goodsDesc_item\"> <dt>Tegutsevad H\u00fcdrauliline R\u00f5hk<\/dt> <dd> 16 - 20 MPa<\/dd> <\/dl> <dl class=\"goodsDesc_item goodsDesc_item_even\"> <dt>Vooluhulk<\/dt> <dd> 1.45 GPM<\/dd> <\/dl> <dl class=\"goodsDesc_item\"> <dt>Maksimaalne Vabastage R\u00f5hk<\/dt> <dd> 3200 PSI\/22 MPa<\/dd> <\/dl> <dl class=\"goodsDesc_item goodsDesc_item_even\"> <dt>\u00d5li Paagi Materjal<\/dt> <dd> PP Plastist<\/dd> <\/dl> <dl class=\"goodsDesc_item\"> <dt>Peamine Organ, Pleki Paksus<\/dt> <dd> 0.3&#034;\/8 mm<\/dd> <\/dl> <dl class=\"goodsDesc_item goodsDesc_item_even\"> <dt>Maksimaalne Keha Kaldenurk<\/dt> <dd> 120\u00b0<\/dd> <\/dl> <dl class=\"goodsDesc_item\"> <dt>Soovitatav Dumpingu Nurk<\/dt> <dd> \uff1c45\u00b0<\/dd> <\/dl> <dl class=\"goodsDesc_item goodsDesc_item_even\"> <dt>Peamine Materjal<\/dt> <dd> Teras<\/dd> <\/dl> <dl class=\"goodsDesc_item\"> <dt>Neto Kaal<\/dt> <dd> 335.1 lbs \/ 152 kg<\/dd> <\/dl> <dl class=\"goodsDesc_item goodsDesc_item_even\"> <dt>Toote M\u00f5\u00f5dud<\/dt> <dd> 42.9&#034; x 24.0 x 10.0&#034;\/1090 x 610 x 255 mm<\/dd> <\/dl> <\/div> <\/div>","protected":false},"excerpt":{"rendered":"<ul>\n<li> Raskeveokite T\u00f5ste: See auto dump voodi komplekt on spetsiaalselt projekteeritud h\u00fcdrauliline k\u00e4\u00e4rt\u00f5stukid, sobib 10-14 jalga pr\u00fcgila haagised ja veokid. See toetab kogukaal 8 t\/17,600 lbs, sealhulgas lasti ja voodi. See on ideaalne erinevaid rasketehnika -, t\u00f5ste-rakendused, nagu p\u00f5llumajanduses, transpordi -, ehitus masinate ja s\u00f5idukite vedamine. <\/li>\n<li> T\u00f5hus ja T\u00f5rgeteta: 8 QT\/7.6 L h\u00fcdrauliline pump see dump voodi komplekt funktsioonid topelt-toimega s\u00fcsteem, mis v\u00f5imaldab kaugjuhtimise nii t\u00f5stmiseks ja langetamiseks voodi. See tagab sujuva ja kiire operatsioon, mis v\u00e4hendab t\u00f6\u00f6 ajal ja t\u00f6\u00f6. See on t\u00f5husam kui \u00fche, kes tegutseb pumbad, mis s\u00f5ltuvad kaalust aeglane laskumine. See on lihtsalt powered by 12V s\u00f5iduki allikas. <\/li>\n<li> Turvalisus K\u00f5igepealt: See h\u00fcdrauliline kallutus, lift kit tagab turvalise t\u00f6\u00f6tamise ohutuse arm, mis pakub stabiilset tuge, kui haagis on laadimata, v\u00e4ltides riski juhusliku langetamine ja v\u00e4hendama tegevusriske. <\/li>\n<li> Vastupidav ja Kauakestev: See dump haagise h\u00fcdrauliline k\u00e4\u00e4ride t\u00f5stuk komplekt on valmistatud k\u00f5rge kvaliteediga materjalidest. T\u00f5stmise komponendid kasutada \u00fclitugevast terasest taluma suuri raskusi ja m\u00f5ju, vastupanu deformatsioon ja ilm erosiooni. Plastist \u00f5li paak tagab stabiilsus k\u00f5ikides tingimustes. <\/li>\n<li> Lihtne Hooldada: s\u00e4ilitada piisav t\u00f5ste v\u00f5imu ja v\u00e4hendada rikete, see h\u00fcdrauliline kallutus voodi komplekt on soovitatav teha hooldust iga kuue kuu tagant. See h\u00f5lmab asendades h\u00fcdrauliline \u00f5li ja m\u00e4\u00e4rde\u00f5li lift \u00fchendused. Paigaldamine n\u00f5uab keevitamist ja t\u00f5stmiseks. <\/li>\n<\/ul>","protected":false},"featured_media":368236,"comment_status":"open","ping_status":"open","template":"","meta":{"om_disable_all_campaigns":false,"_uf_show_specific_survey":0,"_uf_disable_surveys":false},"location":[1935,1934],"product_brand":[21],"product_cat":[133,2463,2462,2464],"product_tag":[],"class_list":{"0":"post-149295","1":"product","2":"type-product","3":"status-publish","4":"has-post-thumbnail","6":"location-supplier_stock_location","7":"location-local_stock_location","8":"product_brand-vevor","9":"product_cat-automotive","10":"product_cat-car-lift-accessories","11":"product_cat-shop-equipment","12":"product_cat-tank-hydraulic-pump","14":"first","15":"instock","16":"taxable","17":"shipping-taxable","18":"purchasable","19":"product-type-simple"},"aioseo_notices":[],"locations":[{"id":1935,"name":"Pieg\u0101d\u0101t\u0101ja noliktav\u0101 (5-7dd)","slug":"supplier_stock_location","quantity":"43"},{"id":1934,"name":"R\u012bgas veikal\u0101 (0-2d.d.)","slug":"local_stock_location","quantity":"0"}],"_links":{"self":[{"href":"https:\/\/vevorshop.lv\/et\/wp-json\/wp\/v2\/product\/149295","targetHints":{"allow":["GET"]}}],"collection":[{"href":"https:\/\/vevorshop.lv\/et\/wp-json\/wp\/v2\/product"}],"about":[{"href":"https:\/\/vevorshop.lv\/et\/wp-json\/wp\/v2\/types\/product"}],"replies":[{"embeddable":true,"href":"https:\/\/vevorshop.lv\/et\/wp-json\/wp\/v2\/comments?post=149295"}],"wp:featuredmedia":[{"embeddable":true,"href":"https:\/\/vevorshop.lv\/et\/wp-json\/wp\/v2\/media\/368236"}],"wp:attachment":[{"href":"https:\/\/vevorshop.lv\/et\/wp-json\/wp\/v2\/media?parent=149295"}],"wp:term":[{"taxonomy":"location","embeddable":true,"href":"https:\/\/vevorshop.lv\/et\/wp-json\/wp\/v2\/location?post=149295"},{"taxonomy":"product_brand","embeddable":true,"href":"https:\/\/vevorshop.lv\/et\/wp-json\/wp\/v2\/product_brand?post=149295"},{"taxonomy":"product_cat","embeddable":true,"href":"https:\/\/vevorshop.lv\/et\/wp-json\/wp\/v2\/product_cat?post=149295"},{"taxonomy":"product_tag","embeddable":true,"href":"https:\/\/vevorshop.lv\/et\/wp-json\/wp\/v2\/product_tag?post=149295"}],"curies":[{"name":"wp","href":"https:\/\/api.w.org\/{rel}","templated":true}]}}