{"id":150348,"date":"2025-02-18T00:35:16","date_gmt":"2025-02-18T00:35:16","guid":{"rendered":"https:\/\/vevorshop.lv\/en_us\/Prece\/vevor-160a-4-in-1-mig-welder-gas-gasless-mig-stick-lift-tig-synergic-control-lcd-display\/"},"modified":"2026-04-29T21:46:05","modified_gmt":"2026-04-29T18:46:05","slug":"vevor-160a-4-in-1-mig-welder-gas-gasless-mig-stick-lift-tig-synergic-control-lcd-display","status":"publish","type":"product","link":"https:\/\/vevorshop.lv\/et\/Prece\/vevor-160-a-4-in-1-mig-keevitaja-gaasivaba-mig-pulk-lift-tig-sunergiline-kontroll-lcd-ekraan\/","title":{"rendered":"VEVOR 160A 4-\u00fches MIG keevitusseade LCD-ga, Gaasi\/Ilma gaasita MIG, MMA ja Lift TIG, IGBT inverter, 5kg traatitoega"},"content":{"rendered":"<div style=\"color: #fff!important; font-size: 16px; height: 24px; line-height: 24px; margin-top: -24px; \" class=\"product_original_name\">VEVOR MIG keevitusmasin, 160 A s\u00fcnergiline Mig-keevitusmasin, 4-in-1 gaasi MIG\/flukss\u00fcdamikuga MIG\/Stick\/lift TIG mitmeprotsessiline keevitusmasin IGBT-inverteri tehnoloogia ja LCD-ekraaniga<\/div>\n<div style=\"color: #fff!important; font-size: 16px; height: 24px; line-height: 24px; margin-top: -24px; \" class=\"product_sku\">M79N41YF<\/div>\n<div style=\"color: #fff!important; font-size: 16px; height: 24px; line-height: 24px; margin-top: -24px; \" class=\"product_mpn\">MIGYXHJ4H1165KC80V2<\/div><div id=\"js-DM_at-goodDescRich\"><html><head><style>  body {    font-family: Arial;    line-height: 1.5;    color: #1c1c1c;    overflow-x: hidden;    margin: 0;    padding: 0;  }  .MsoNormal b {    font-weight: bolder;  }<\/style><style>  .container.small {    width: 970px;    margin: 0 auto;  }  .logo {    margin: 0 auto 0;  }  .logo img {    display: block;    margin: 0 auto;    max-width: 100%;  }  .logo .pc-banner {    display: block;    width: 1200px;    height: 247.4px;    margin: 0 auto;  }  .logo .pc-banner.small {    width: 970px;  }  .logo .pc-banner.small img {    height: auto!important;  }  .logo .m-banner {    display: none;  }  .ytvideo {    position: relative;    height: 546px;    width: 100%;    margin: 0 auto;  }  .ytvideo img {    width: 100%;    margin: 0 auto;  }  .ytvideo .play-btn {    width: 60px;    height: 42px;    position: absolute;    top: 50%;    left: 50%;    transform: translate(-50%, -50%);    background: url(\"data:image\/png;base64,iVBORw0KGgoAAAANSUhEUgAAAGQAAABGCAMAAAANWMFbAAAC+lBMVEUAAADBGB3kLCfBGB3kLCfcJC7BFx3KKSbiKybkLCbWJCPSIiLSIiLPICHAFx3kLCfgKSXNHiDZJiTIGx\/p4eHcjo7LHSDbJyTkLCbjKyfOHyHPIiL28fHJHB\/GGh7EGR7eKCXDGB3RISHlLSbBGB3AFxzGHB7DGB7BGB3hKybkKybAFx3lLCfAFxzDGR3hKibDGB7cJyTmz8\/elJTlwcHjurrUIyLlLSflLSfAFx3DGR7lLSfCFx3hKibhKibhKybjKybkLCblLSfbJSX49vbx7e3NNzjNMTLMJyjVIyLZf3\/ZQ0LaeHjx0tLgoqLkLCfCGB3HGx\/BGB3BFx3PICHCGB7WJCLOHyC\/Fxy\/Fx3lLCfQISHkLSe\/FxzbJiTBFx3FGx\/AGB7BFx3EGR7AGB3HHSDfKiXAFh3TISHYNzbhKibbJyTTIiL57e325+f039\/v2NjUV1fOHiHiqanfmprch4feKSXVIyPOICHmLibFGh\/mLSe\/Fx7XJCPeKSXXJSPNHyHaJyTGGh7lLCbmLCflLSjSIiLkLCbdKSXLHiC\/GB3KHh++Fh3lKyfoLiXcKCPkx8fYb2\/XaGfVXl3aU1LLHiDksbHgKibPICHbJyTfKSXbJyTCGB3KHSDiKybFGh7TIiL\/\/\/\/VIyPRISHIHB\/GGx\/HHB\/DGR7gKibdKCXLHiDZJiTMHiDNHyHYJSTOICHPICHWJCPcKCXXJSPjLCblLCf+\/f3NGR\/uLijzLynPGR\/IGB7WISHaIyLLGh7UAADxLynNAADRLzDbICLQAADIAAD3MCrUHSHXMTDpKSbLAADp5OTij4\/ejo\/VLy\/1LyngJSTcJCPQHx\/OHB7+\/PzaMS\/OLS\/vLijrLSjSAADaNTPwLyjkKSbNJCbYISHPHB\/KGB7WAAD7+vrn3d3aKynTKCjoLCfsKifRGh\/YAADq5+fhjo7QNDXXKCfmJyXt5+fTLzDLLi\/QKivYHRvMGBrQJCXLISPMExXLDxLaEAvkkI\/bOTfaFQ\/SCgpvLcnHAAAAmnRSTlMA+vv7+gT9Bvf9+8z8\/NSv\/Pr5+P7++vnQIBMP\/v38\/Pn348XDiCYf9OjbzcqxXVcx\/fz8+\/rj1r2poo1+fXFqX0orGP7+\/v7+\/fz8+\/r68uzn4trIxsG\/vri3p6GcmZSNbWVYUUZEPQv+\/f39+\/v7+\/v7+vr64tvV1NTTz87FtbSurqeblJKFg4B3bUY+NjL7+\/v7+\/v67t1cDo8JLQAABkRJREFUWMO0kz9rwkAYh0OIeJkum6YugUAhISCdKoj\/P4C7SMdS+gEKIhSKil10LSg4mzXkILdlEpxCpwTiWOLX6BujvQaEQuGeHLnL+\/64J+SIcKGYTYWnntpdLjrVdqvZmNdn0+EE40GtpuuWVS6Xx6N7YDSGpWXpeq02wHgynM7q80az1a52HpddtVcpsi1zFARBrdaxbhp9iUReTGmwA4KAAr7vx3EYejnCMI6hQYEgy0LQi4jUN0wL19vqFcUC9\/1dAKmEEFkWRYkh5oBejnxQJiSJPJ\/uKBp0Thszx9Mw8hMRIQjKsptCfuES9zr5WJY6vSFCIvE9fCMUmEM1A1kSXcYGxgVYsvI1IPKTZciSTI0us\/SMGG04gDzELDoFBwdcFJrF88dqgYMTiL6DILWYyfOWE8\/kIz38olCNlC03FK95+imxp6y4oUSvAnBjHHhKNtotSDqJzVFiK8c2SBqhZtsrTtgrLXwAyduxZHNE26eHUt5rtuM4WSmds3G+sUdWYo1L+XyxButoh5eKUHk5lByO3G1LqqCWVnfrv\/lyPtf\/4ps1cndNGIri8J1TJ0lx6dR\/oPjq1nbRwdp2dCk4CtIOLW3pVKRL6WZfS5vF2KkIQhpwSsjiYIgNCs1gEMGqiIq24NQX9NwoXFy8Ufrl3twTcg4fv8T9\/JBEySduj6Mjm4bMzYV7EEOxKjjoNDud7yY3Dy71Hq2oLmqfbNR723edH9PgMrNL2utoQ3VmaIDkiw\/4w51P06hlZsTZvkRrbVuSIs\/zwSOsycgzStQouoAkWQqioRT5XI7n2Z1wfVhoZmcAJLsoqjqpjbWCgpOAJXBwHK8PzWbNvoUZJND5wCnSkLAkZ1legx6vqQzjoiTahKlGUGLAiIIoABOHaNVw4sexZBym6\/HWlH5h3IC7yRbxtipcWxdTOkORKiNQAEkFf66x5S2oeRbroOlLgg0sSYkR0hRGEqJZ0jTPiQKatESdBckpWigxaapEH0lImHdWu9pUFF2XqMNM2Z4kped7IwEJw2qabwtrQqnpw6HyKkgcadKWsmpywwesDyIhYRpdzXddqegtGIJlXbAIUMOLkGxJUjRIkokwjUaX9d\/kK62ps\/tYUqZLIMkLTyBhsMZ3C5Z\/kDxOSCb\/DOs\/\/J0qcWSX\/2ipe56EgTCA4\/cB7NAYOsni4mZM1MUPAISoEwkDi4lhVBQ1cWQyIcwalw4EpqZN68JUSK7XC0kTlkLYii5uXSC8jT5ncCAS7mjCv0uHp\/3lueHEEAeQ\/\/VgmdN71\/2uCSA1Xr6DO6uI6sW56zqT2tp2PhgiRUAajV8CY2fkcz6WGNKMgLAt7tJAhD4YHMTeRxlALE6+43WqjSWi8ITxyJl8WrwWSNESQZZOqhDDntO3hJLsd5RtSpbJqdv3YrDJH3F7jL1R2O2aQkn2MyCyKYz0GPGIvSAMgBCrCEiJyKbBaYGwLW4uPRr0A0M4Ux5kUI7IBh+hMdiCEWNqhMZGyYMsOgNE58UQuEQeUnSWCMYwL54hkxK6IoqucQZbQ3pc3XtL0lky1dL0zZJJDpWJovFqpWj6JEHnyam2eQp5QRVAVHjWparTOaVwUOx99YS2MvgxIGV0bb+qIg2HX2qkFFJB+XZcbLiuRkuxD9GRroKyveLxdh4d7Orx+hb7qc3uVRuEogCOnyIxm4ubUoPgF4jianDrC+SDQDKEfJb0GUKmjCGPYHGJvVC6X4hw1\/sAfQAdfYyephIaspXe36RwOP+Ljvfx9B6B3i+Nk0DGq+oCbLn6JpBa9nWAveAIHwFAwtVcIJXPMPL8kRu5OAYPMaL1WScTxjiZDqB9LTJSWphow\/pTYKRTLjCBhvi9iBidvKcDasGSm0QQkycYuLBqj6QCELPctqChDWpTRMWkngNNpQ1Pfp1KkiT\/Y0DGffXAweUNfLAfaJFKDwhb6I+bkYRbkERoEeu3Fyjg2opMz2daZCS9jt6Q7txNfB+OZEVF6Zl5web2xunnLQrtrjXseXKaFYziYINeMFZVxS9VxRhOoesYwxPKXm+gWLG9cuFeq93UNNeJNsf1KlwuDok9n02n3TgIJpOxNfL9naIoQwXtfH9kjceTIIi709ncTg6LZbg+biLH1V6u\/7rxBem06VXKn9raAAAAAElFTkSuQmCC\")      no-repeat center center \/ contain;  }  @media screen and (max-width: 960px) and (orientation: portrait) {    .logo {      width: 100%;    }    .logo .pc-banner {      display: none;    }    .logo .m-banner {      display: block;      width: 100%;    }    .logo .m-banner img {      height: auto!important;    }    .ytvideo {      height: 200px;      width: 100%;    }  }<\/style><style>  .video-section {    width: 100%;    margin: 0 auto;  }  .video-section > img {    width: 100%;  }  .video-section iframe,  .video-section video {    width: 100%;    height: 100%;      }  .video-section-img-m,  .video-section-img-pc > img {    width: 100%;    height: auto;  }  .video-section-img-pc.small > img {    width: 970px;  }  .video-desc {    line-height: 1.5;    font-size: 20px;    font-weight: 400;    margin: 20px 0;    text-align: center;    color: #0f1111;    word-break: break-word;  }  @media screen and (max-width: 960px) and (orientation: portrait) {    .video-section {      width: 100%;    }    .video-section-pc,    .video-section-img-pc {      display: none;    }    .video-section-m,    .video-section-img-m {      display: block;    }    .video-desc {      font-size: 15px;    }  }  @media screen and (min-width: 960px) {    .video-section {      width: 100%;      margin: 0 auto;    }    .video-section-pc,    .video-section-img-pc {      display: block;    }    .video-section-m,    .video-section-img-m {      display: none;    }    .video-desc {      font-size: 20px;    }  }<\/style><style>  .section + .section {    margin-top: 35px;  }  .section-title {    text-align: center;    font-weight: bold;    color: #0d1111;    font-family: \"Arial\";    font-size: 32px;    margin: 15px 0;  }  .section-title:empty {    display: none;  }  .section-desc {    text-align: center;    font-weight: normal;    color: #0d1111;    margin-top: 20px;  }  .section-desc:empty {    display: none;  }  .section-img {    width: 1200px;    height: 492px;    margin: 0 auto;    display: block;  }  .section-img.small {    width: 970px;    height: auto;  }  .section-img.small > img {    height: auto;  }  .section-img > img {    width: 100%;    height: 100%;  }  .section-mobile-img {    display: none;    max-width: 100vw;    max-height: 75vw;    height: 450px;    margin: 0 auto;  }  .section-mobile-img > img {    width: 100%;    height: 100%;  }  @media screen and (max-width: 960px) and (orientation: portrait) {    .container {      width: 100%;    }    .container.small {      width: 100%;    }    .section-mobile-img {      display: block;    }    .section-img {      display: none;    }    .section-title {      font-size: 22px;      margin: 10px 0;    }    .section-desc {      margin-top: 10px;    }    .section + .section {      margin-top: 20px;    }  }<\/style><\/head><body><div class=\"container small\"><div class=\"logo\"><div class=\"pc-banner small\"><div><img decoding=\"async\" src=\"\/vevor\/vevor\/boutique-banner\/pc\/en-pc@1x.jpg\" style=\"width: 100%;\" \/><\/div><\/div><div class=\"m-banner\"><div><img decoding=\"async\" src=\"\/vevor\/vevor\/boutique-banner\/mobile\/en-m@1x.jpg\" style=\"width: 100%;\" \/><\/div><\/div><\/div><div class=\"section-title\">Keevitada Parem, Kiirem, Nutikam<\/div><div class=\"video-section\"><div class=\"video-section-img-pc small\"><img decoding=\"async\" src=\"\/vevor\/product\/MIGYXHJ4H1165KC80\/mig-welder-a100-1.4-pt.jpg\" \/><\/div><div class=\"video-section-img-m\"><img decoding=\"async\" src=\"\/vevor\/product\/MIGYXHJ4H1165KC80\/mig-welder-a100-1.4-pt.jpg\" \/><\/div><div class=\"section-desc\">See 160A 4-in-1 MIG keevitaja \u00fchendab mitmek\u00fclgsuse, intelligentne kontrolli ja suur j\u00f5udlus. See toetab Lift TIG, gasless MIG -, gaasi-MIG ja MMA keevitus, v\u00f5imsa 160A v\u00e4ljundvool v\u00f5imeline keevitus paksusega kuni 10 mm, pakkudes t\u00f5hus ja mugav keevitus lahendus.<\/div><\/div><div class=\"section\"><div class=\"section-title\"><\/div><div class=\"section-img small\"><img decoding=\"async\" src=\"\/vevor\/product\/MIGYXHJ4H1165KC80\/mig-welder-a100-2.2-pt.jpg\" \/><\/div><div class=\"section-mobile-img\"><img decoding=\"async\" src=\"\/vevor\/product\/MIGYXHJ4H1165KC80\/mig-welder-a100-2.2-pt.jpg\" \/><\/div><div class=\"section-desc\">See keevitaja masin annab tugeva 160A v\u00e4ljundvool, v\u00f5imaldab keevitada materjale kuni 10 mm paks. See on koosk\u00f5las erinevaid materjale, sealhulgas pehme teras, roostevaba teras, malm, lehtmetallist, kandilised torud ning metallist puuri.<\/div><\/div><div class=\"section\"><div class=\"section-title\"><\/div><div class=\"section-img small\"><img decoding=\"async\" src=\"\/vevor\/product\/MIGYXHJ4H1165KC80\/mig-welder-a100-2.3-pt.jpg\" \/><\/div><div class=\"section-mobile-img\"><img decoding=\"async\" src=\"\/vevor\/product\/MIGYXHJ4H1165KC80\/mig-welder-a100-2.3-pt.jpg\" \/><\/div><div class=\"section-desc\">Meie mig keevitaja funktsioone t\u00e4iustatud IGBT inverter saavutada ohutu juhtimine, tagada stabiilne ja usaldusv\u00e4\u00e4rne keevitustulemus. Varustatud mitme kaitse s\u00fcsteemid, see annab p\u00f5hjaliku ohutuse operatsiooni - ideaalne valik keevitus \u00fclesandeid!<\/div><\/div><div class=\"section\"><div class=\"section-title\"><\/div><div class=\"section-img small\"><img decoding=\"async\" src=\"\/vevor\/product\/MIGYXHJ4H1165KC80\/mig-welder-a100-2.4-pt.jpg\" \/><\/div><div class=\"section-mobile-img\"><img decoding=\"async\" src=\"\/vevor\/product\/MIGYXHJ4H1165KC80\/mig-welder-a100-2.4-pt.jpg\" \/><\/div><div class=\"section-desc\">Ka mig keevitus masin on varustatud LCD ekraan, mis annab selge ja intuitiivne juhtpaneel on lihtne ja t\u00e4pne parameetrit kohanduste. See aitab teil kiiresti sisse seada, parandab keevitus t\u00f5husust, ja pakub sujuvamat kasutuskogemust.<\/div><\/div><div class=\"section\"><div class=\"section-title\"><\/div><div class=\"section-img small\"><img decoding=\"async\" src=\"\/vevor\/product\/MIGYXHJ4H1165KC80\/mig-welder-a100-2.5-pt.jpg\" \/><\/div><div class=\"section-mobile-img\"><img decoding=\"async\" src=\"\/vevor\/product\/MIGYXHJ4H1165KC80\/mig-welder-a100-2.5-pt.jpg\" \/><\/div><div class=\"section-desc\">See s\u00fcnergiline mig keevitaja kaasas t\u00e4ielik komplekt tarvikud vastavad teie keevitus vajadustele, muutes oma keevitus \u00fclesandeid, mugavamaks ja t\u00f5husamaks ning ase-teie usaldusv\u00e4\u00e4rne keevitus assistent! (M\u00e4rkus: Lift TIG P\u00f5leti ei kuulu ja tuleb osta eraldi.)<\/div><\/div><div class=\"section\"><div class=\"section-img small\"><img decoding=\"async\" src=\"\/vevor\/product\/MIGYXHJ4H1165KC80\/mig-welder-a100-1.11-pt.jpg\" \/><\/div><div class=\"section-mobile-img\"><img decoding=\"async\" src=\"\/vevor\/product\/MIGYXHJ4H1165KC80\/mig-welder-a100-1.11-pt.jpg\" \/><\/div><\/div><\/div><\/body><\/html><\/div>\n<div class=\"DM_at-title\" id=\"js-DM_at-title\"> <div>Toote spetsifikatsioon<\/div> <i class=\"icon-arrowup_line\"><\/i> <\/div><div class=\"DM_at-goodsDescAttr\" id=\"js-DM_at-goodsDescAttr\"> <div class=\"DM_at-goodsDescAttrInner\"> <dl class=\"goodsDesc_item goodsDesc_item_even\"> <dt>Punkt Mudeli Number<\/dt> <dd> MIG160D<\/dd> <\/dl> <dl class=\"goodsDesc_item\"> <dt>Funktsioonid<\/dt> <dd> Gasless MIG -, Gaasi-MIG, MMA, Lift TIG<\/dd> <\/dl> <dl class=\"goodsDesc_item goodsDesc_item_even\"> <dt>\u00dchilduva Traat T\u00fc\u00fcp<\/dt> <dd> Flux Soonega \/ Gaas Tahke Traat<\/dd> <\/dl> <dl class=\"goodsDesc_item\"> <dt>\u00dchilduva Maksimaalne Traadi Rull<\/dt> <dd> 11 lbs \/ 5 kg<\/dd> <\/dl> <dl class=\"goodsDesc_item goodsDesc_item_even\"> <dt>\u00dchilduva Traadi L\u00e4bim\u00f5\u00f5t<\/dt> <dd> 0.03 tolline \/ 0.8 mm, 0.04-tolline \/ 1 mm<\/dd> <\/dl> <dl class=\"goodsDesc_item\"> <dt>Welding Paksus<\/dt> <dd> Kuni milleks on 0,39 tolli (\u2264 10 mm)<\/dd> <\/dl> <dl class=\"goodsDesc_item goodsDesc_item_even\"> <dt>Sisendi Maht<\/dt> <dd> 4.3 KVA<\/dd> <\/dl> <dl class=\"goodsDesc_item\"> <dt>V\u00e4ljundvool<\/dt> <dd> 160A<\/dd> <\/dl> <dl class=\"goodsDesc_item goodsDesc_item_even\"> <dt>Toote Kaal<\/dt> <dd> 24.3 lbs \/ 11 kg (Kaasa K\u00f5ik Tarvikud)<\/dd> <\/dl> <dl class=\"goodsDesc_item\"> <dt>Toote M\u00f5\u00f5tmed<\/dt> <dd> 15.94 x 6.50 x 11.81 tolline \/ 405 x 165 x 300 mm<\/dd> <\/dl> <\/div> <\/div>","protected":false},"excerpt":{"rendered":"<ul>\n<li> 4-in-1 MIG Keevitaja: See 160Amp 4-in-1 mig keevitaja toetab mitut keevitus \u00fclesandeid \u2013 lift TIG, gasless MIG -, gaasi-MIG ja MMA keevitus. Mitmek\u00fclgne ja t\u00f5hus, ta lihtsalt tegeleb erinevate materjalide ja keevitamise stsenaariumid, pakkudes mugavat ja k\u00f5rgekvaliteediline lahendus teie keevitus \u00fclesandeid. (M\u00e4rkus: Lifti TlG T\u00f5rvik ei kuulu komplekti) <\/li>\n<li> Traadi \u00fchilduvus: meie mig-keevitusmasin \u00fchildub voo s\u00fcdamiku traadi ja gaasi tahke traadiga, mille maksimaalne traadi v\u00f5imsus on 11 naela (5 kg). Sobib 0,03\u2033 (0,8 mm) &amp; 0,04\u2033 (1,0 mm) voo s\u00fcdamiku ja tahke s\u00fcdamiku traadi jaoks, rahuldades erinevate keevitust\u00f6\u00f6de vajadusi. <\/li>\n<li> Intelligentne Kontrollida: mig keevitaja v\u00f5tab t\u00e4iustatud s\u00fcnergiline kontrolli tech, automaatselt ja kohanda praegust ja traadi etteandmise kiirus p\u00f5hineb traadi paksus ja pinge. See pakub nii 2T ja 4T re\u017eiimid, tagades mitmek\u00fclgne operatsiooni, et kohtuda erinevate keevitus vajadustele. <\/li>\n<li> High Performance: pakkudes v\u00f5imas 160A v\u00e4ljundvool, see s\u00fcnergiline keevitus masin toetab keevitus paksusega kuni 10 mm. See on koosk\u00f5las erinevate materjalide, sealhulgas pehme teras, roostevaba teras, malm, lehtmetalli, ruudu torud ja metallist puuri, et saavutada sile ja veatu keevisliited! <\/li>\n<li> HD-LCD Ekraan: mig welding machine funktsioonid suur LCD ekraan selge ja intuitiivne kasutajaliides. See on varustatud \u00fclekuumenemise kaitse, samuti praeguse \u00fclekoormuse kaitse, tagades ohutu t\u00f6\u00f6 ja pikk kasutusiga. Komplektis on vajalikud tarvikud, see on teie usaldusv\u00e4\u00e4rne partner erinevate keevitus \u00fclesandeid. <\/li>\n<\/ul>","protected":false},"featured_media":369772,"comment_status":"open","ping_status":"open","template":"","meta":{"om_disable_all_campaigns":false,"_uf_show_specific_survey":0,"_uf_disable_surveys":false},"location":[1935,1934],"product_brand":[21],"product_cat":[3315,2374,2468,2833],"product_tag":[],"class_list":{"0":"post-150348","1":"product","2":"type-product","3":"status-publish","4":"has-post-thumbnail","6":"location-supplier_stock_location","7":"location-local_stock_location","8":"product_brand-vevor","9":"product_cat-mig-welders","10":"product_cat-tools","11":"product_cat-welding-soldering","12":"product_cat-welding-machines","14":"first","15":"instock","16":"taxable","17":"shipping-taxable","18":"purchasable","19":"product-type-simple"},"aioseo_notices":[],"locations":[{"id":1935,"name":"Pieg\u0101d\u0101t\u0101ja noliktav\u0101 (5-7dd)","slug":"supplier_stock_location","quantity":"4"},{"id":1934,"name":"R\u012bgas veikal\u0101 (0-2d.d.)","slug":"local_stock_location","quantity":"0"}],"_links":{"self":[{"href":"https:\/\/vevorshop.lv\/et\/wp-json\/wp\/v2\/product\/150348","targetHints":{"allow":["GET"]}}],"collection":[{"href":"https:\/\/vevorshop.lv\/et\/wp-json\/wp\/v2\/product"}],"about":[{"href":"https:\/\/vevorshop.lv\/et\/wp-json\/wp\/v2\/types\/product"}],"replies":[{"embeddable":true,"href":"https:\/\/vevorshop.lv\/et\/wp-json\/wp\/v2\/comments?post=150348"}],"wp:featuredmedia":[{"embeddable":true,"href":"https:\/\/vevorshop.lv\/et\/wp-json\/wp\/v2\/media\/369772"}],"wp:attachment":[{"href":"https:\/\/vevorshop.lv\/et\/wp-json\/wp\/v2\/media?parent=150348"}],"wp:term":[{"taxonomy":"location","embeddable":true,"href":"https:\/\/vevorshop.lv\/et\/wp-json\/wp\/v2\/location?post=150348"},{"taxonomy":"product_brand","embeddable":true,"href":"https:\/\/vevorshop.lv\/et\/wp-json\/wp\/v2\/product_brand?post=150348"},{"taxonomy":"product_cat","embeddable":true,"href":"https:\/\/vevorshop.lv\/et\/wp-json\/wp\/v2\/product_cat?post=150348"},{"taxonomy":"product_tag","embeddable":true,"href":"https:\/\/vevorshop.lv\/et\/wp-json\/wp\/v2\/product_tag?post=150348"}],"curies":[{"name":"wp","href":"https:\/\/api.w.org\/{rel}","templated":true}]}}