{"id":154758,"date":"2025-03-11T05:07:19","date_gmt":"2025-03-11T05:07:19","guid":{"rendered":"https:\/\/vevorshop.lv\/en_us\/Prece\/vevor-artificial-wedding-arch-flowers-kit-orange-silk-flowers-drapes-elegant-decoration-for-ceremony-events\/"},"modified":"2026-04-19T18:57:34","modified_gmt":"2026-04-19T15:57:34","slug":"vevor-artificial-wedding-arch-flowers-kit-orange-silk-flowers-drapes-elegant-decoration-for-ceremony-events","status":"publish","type":"product","link":"https:\/\/vevorshop.lv\/et\/Prece\/vevor-artificial-wedding-arch-flowers-kit-orange-silk-flowers-drapes-elegant-decoration-for-ceremony-events\/","title":{"rendered":"VEVOR Kunstlillede ja Kardinatega Pulmakaare Komplekt (5 tk) \u2013 Siidist Lilled ja 10m \u00d5hukesed Kardinad Tseremooniateks ja \u00dcritusteks"},"content":{"rendered":"<div style=\"color: #fff!important; font-size: 16px; height: 24px; line-height: 24px; margin-top: -24px; \" class=\"product_original_name\">VEVOR Artificial Wedding Arch Flowers Kit, Orange Wedding Arch Flowers with Drapes Kit (Pack of 5) - 2 Pcs Floral Arrangement, 3 Pcs Sheer Drapes, for Ceremony Bouquets Reception Backdrop Decoration<\/div>\n<div style=\"color: #fff!important; font-size: 16px; height: 24px; line-height: 24px; margin-top: -24px; \" class=\"product_sku\">M8411INL<\/div>\n<div style=\"color: #fff!important; font-size: 16px; height: 24px; line-height: 24px; margin-top: -24px; \" class=\"product_mpn\">HLGMHTJ5JTCSI16LQV0<\/div><div id=\"js-DM_at-goodDescRich\"><html><head><style>  body {    font-family: Arial;    line-height: 1.5;    color: #1c1c1c;    overflow-x: hidden;    margin: 0;    padding: 0;  }  .MsoNormal b {    font-weight: bolder;  }<\/style><style>  .container.small {    width: 970px;    margin: 0 auto;  }  .logo {    margin: 0 auto 0;  }  .logo img {    display: block;    margin: 0 auto;    max-width: 100%;  }  .logo .pc-banner {    display: block;    width: 1200px;    height: 247.4px;    margin: 0 auto;  }  .logo .pc-banner.small {    width: 970px;  }  .logo .pc-banner.small img {    height: auto!important;  }  .logo .m-banner {    display: none;  }  .ytvideo {    position: relative;    height: 546px;    width: 100%;    margin: 0 auto;  }  .ytvideo img {    width: 100%;    margin: 0 auto;  }  .ytvideo .play-btn {    width: 60px;    height: 42px;    position: absolute;    top: 50%;    left: 50%;    transform: translate(-50%, -50%);    background: url(\"data:image\/png;base64,iVBORw0KGgoAAAANSUhEUgAAAGQAAABGCAMAAAANWMFbAAAC+lBMVEUAAADBGB3kLCfBGB3kLCfcJC7BFx3KKSbiKybkLCbWJCPSIiLSIiLPICHAFx3kLCfgKSXNHiDZJiTIGx\/p4eHcjo7LHSDbJyTkLCbjKyfOHyHPIiL28fHJHB\/GGh7EGR7eKCXDGB3RISHlLSbBGB3AFxzGHB7DGB7BGB3hKybkKybAFx3lLCfAFxzDGR3hKibDGB7cJyTmz8\/elJTlwcHjurrUIyLlLSflLSfAFx3DGR7lLSfCFx3hKibhKibhKybjKybkLCblLSfbJSX49vbx7e3NNzjNMTLMJyjVIyLZf3\/ZQ0LaeHjx0tLgoqLkLCfCGB3HGx\/BGB3BFx3PICHCGB7WJCLOHyC\/Fxy\/Fx3lLCfQISHkLSe\/FxzbJiTBFx3FGx\/AGB7BFx3EGR7AGB3HHSDfKiXAFh3TISHYNzbhKibbJyTTIiL57e325+f039\/v2NjUV1fOHiHiqanfmprch4feKSXVIyPOICHmLibFGh\/mLSe\/Fx7XJCPeKSXXJSPNHyHaJyTGGh7lLCbmLCflLSjSIiLkLCbdKSXLHiC\/GB3KHh++Fh3lKyfoLiXcKCPkx8fYb2\/XaGfVXl3aU1LLHiDksbHgKibPICHbJyTfKSXbJyTCGB3KHSDiKybFGh7TIiL\/\/\/\/VIyPRISHIHB\/GGx\/HHB\/DGR7gKibdKCXLHiDZJiTMHiDNHyHYJSTOICHPICHWJCPcKCXXJSPjLCblLCf+\/f3NGR\/uLijzLynPGR\/IGB7WISHaIyLLGh7UAADxLynNAADRLzDbICLQAADIAAD3MCrUHSHXMTDpKSbLAADp5OTij4\/ejo\/VLy\/1LyngJSTcJCPQHx\/OHB7+\/PzaMS\/OLS\/vLijrLSjSAADaNTPwLyjkKSbNJCbYISHPHB\/KGB7WAAD7+vrn3d3aKynTKCjoLCfsKifRGh\/YAADq5+fhjo7QNDXXKCfmJyXt5+fTLzDLLi\/QKivYHRvMGBrQJCXLISPMExXLDxLaEAvkkI\/bOTfaFQ\/SCgpvLcnHAAAAmnRSTlMA+vv7+gT9Bvf9+8z8\/NSv\/Pr5+P7++vnQIBMP\/v38\/Pn348XDiCYf9OjbzcqxXVcx\/fz8+\/rj1r2poo1+fXFqX0orGP7+\/v7+\/fz8+\/r68uzn4trIxsG\/vri3p6GcmZSNbWVYUUZEPQv+\/f39+\/v7+\/v7+vr64tvV1NTTz87FtbSurqeblJKFg4B3bUY+NjL7+\/v7+\/v67t1cDo8JLQAABkRJREFUWMO0kz9rwkAYh0OIeJkum6YugUAhISCdKoj\/P4C7SMdS+gEKIhSKil10LSg4mzXkILdlEpxCpwTiWOLX6BujvQaEQuGeHLnL+\/64J+SIcKGYTYWnntpdLjrVdqvZmNdn0+EE40GtpuuWVS6Xx6N7YDSGpWXpeq02wHgynM7q80az1a52HpddtVcpsi1zFARBrdaxbhp9iUReTGmwA4KAAr7vx3EYejnCMI6hQYEgy0LQi4jUN0wL19vqFcUC9\/1dAKmEEFkWRYkh5oBejnxQJiSJPJ\/uKBp0Thszx9Mw8hMRIQjKsptCfuES9zr5WJY6vSFCIvE9fCMUmEM1A1kSXcYGxgVYsvI1IPKTZciSTI0us\/SMGG04gDzELDoFBwdcFJrF88dqgYMTiL6DILWYyfOWE8\/kIz38olCNlC03FK95+imxp6y4oUSvAnBjHHhKNtotSDqJzVFiK8c2SBqhZtsrTtgrLXwAyduxZHNE26eHUt5rtuM4WSmds3G+sUdWYo1L+XyxButoh5eKUHk5lByO3G1LqqCWVnfrv\/lyPtf\/4ps1cndNGIri8J1TJ0lx6dR\/oPjq1nbRwdp2dCk4CtIOLW3pVKRL6WZfS5vF2KkIQhpwSsjiYIgNCs1gEMGqiIq24NQX9NwoXFy8Ufrl3twTcg4fv8T9\/JBEySduj6Mjm4bMzYV7EEOxKjjoNDud7yY3Dy71Hq2oLmqfbNR723edH9PgMrNL2utoQ3VmaIDkiw\/4w51P06hlZsTZvkRrbVuSIs\/zwSOsycgzStQouoAkWQqioRT5XI7n2Z1wfVhoZmcAJLsoqjqpjbWCgpOAJXBwHK8PzWbNvoUZJND5wCnSkLAkZ1legx6vqQzjoiTahKlGUGLAiIIoABOHaNVw4sexZBym6\/HWlH5h3IC7yRbxtipcWxdTOkORKiNQAEkFf66x5S2oeRbroOlLgg0sSYkR0hRGEqJZ0jTPiQKatESdBckpWigxaapEH0lImHdWu9pUFF2XqMNM2Z4kped7IwEJw2qabwtrQqnpw6HyKkgcadKWsmpywwesDyIhYRpdzXddqegtGIJlXbAIUMOLkGxJUjRIkokwjUaX9d\/kK62ps\/tYUqZLIMkLTyBhsMZ3C5Z\/kDxOSCb\/DOs\/\/J0qcWSX\/2ipe56EgTCA4\/cB7NAYOsni4mZM1MUPAISoEwkDi4lhVBQ1cWQyIcwalw4EpqZN68JUSK7XC0kTlkLYii5uXSC8jT5ncCAS7mjCv0uHp\/3lueHEEAeQ\/\/VgmdN71\/2uCSA1Xr6DO6uI6sW56zqT2tp2PhgiRUAajV8CY2fkcz6WGNKMgLAt7tJAhD4YHMTeRxlALE6+43WqjSWi8ITxyJl8WrwWSNESQZZOqhDDntO3hJLsd5RtSpbJqdv3YrDJH3F7jL1R2O2aQkn2MyCyKYz0GPGIvSAMgBCrCEiJyKbBaYGwLW4uPRr0A0M4Ux5kUI7IBh+hMdiCEWNqhMZGyYMsOgNE58UQuEQeUnSWCMYwL54hkxK6IoqucQZbQ3pc3XtL0lky1dL0zZJJDpWJovFqpWj6JEHnyam2eQp5QRVAVHjWparTOaVwUOx99YS2MvgxIGV0bb+qIg2HX2qkFFJB+XZcbLiuRkuxD9GRroKyveLxdh4d7Orx+hb7qc3uVRuEogCOnyIxm4ubUoPgF4jianDrC+SDQDKEfJb0GUKmjCGPYHGJvVC6X4hw1\/sAfQAdfYyephIaspXe36RwOP+Ljvfx9B6B3i+Nk0DGq+oCbLn6JpBa9nWAveAIHwFAwtVcIJXPMPL8kRu5OAYPMaL1WScTxjiZDqB9LTJSWphow\/pTYKRTLjCBhvi9iBidvKcDasGSm0QQkycYuLBqj6QCELPctqChDWpTRMWkngNNpQ1Pfp1KkiT\/Y0DGffXAweUNfLAfaJFKDwhb6I+bkYRbkERoEeu3Fyjg2opMz2daZCS9jt6Q7txNfB+OZEVF6Zl5web2xunnLQrtrjXseXKaFYziYINeMFZVxS9VxRhOoesYwxPKXm+gWLG9cuFeq93UNNeJNsf1KlwuDok9n02n3TgIJpOxNfL9naIoQwXtfH9kjceTIIi709ncTg6LZbg+biLH1V6u\/7rxBem06VXKn9raAAAAAElFTkSuQmCC\")      no-repeat center center \/ contain;  }  @media screen and (max-width: 960px) and (orientation: portrait) {    .logo {      width: 100%;    }    .logo .pc-banner {      display: none;    }    .logo .m-banner {      display: block;      width: 100%;    }    .logo .m-banner img {      height: auto!important;    }    .ytvideo {      height: 200px;      width: 100%;    }  }<\/style><style>  .video-section {    width: 100%;    margin: 0 auto;  }  .video-section > img {    width: 100%;  }  .video-section iframe,  .video-section video {    width: 100%;    height: 100%;      }  .video-section-img-m,  .video-section-img-pc > img {    width: 100%;    height: auto;  }  .video-section-img-pc.small > img {    width: 970px;  }  .video-desc {    line-height: 1.5;    font-size: 20px;    font-weight: 400;    margin: 20px 0;    text-align: center;    color: #0f1111;    word-break: break-word;  }  @media screen and (max-width: 960px) and (orientation: portrait) {    .video-section {      width: 100%;    }    .video-section-pc,    .video-section-img-pc {      display: none;    }    .video-section-m,    .video-section-img-m {      display: block;    }    .video-desc {      font-size: 15px;    }  }  @media screen and (min-width: 960px) {    .video-section {      width: 100%;      margin: 0 auto;    }    .video-section-pc,    .video-section-img-pc {      display: block;    }    .video-section-m,    .video-section-img-m {      display: none;    }    .video-desc {      font-size: 20px;    }  }<\/style><style>  .section + .section {    margin-top: 35px;  }  .section-title {    text-align: center;    font-weight: bold;    color: #0d1111;    font-family: \"Arial\";    font-size: 32px;    margin: 15px 0;  }  .section-title:empty {    display: none;  }  .section-desc {    text-align: center;    font-weight: normal;    color: #0d1111;    margin-top: 20px;  }  .section-desc:empty {    display: none;  }  .section-img {    width: 1200px;    height: 492px;    margin: 0 auto;    display: block;  }  .section-img.small {    width: 970px;    height: auto;  }  .section-img.small > img {    height: auto;  }  .section-img > img {    width: 100%;    height: 100%;  }  .section-mobile-img {    display: none;    max-width: 100vw;    max-height: 75vw;    height: 450px;    margin: 0 auto;  }  .section-mobile-img > img {    width: 100%;    height: 100%;  }  @media screen and (max-width: 960px) and (orientation: portrait) {    .container {      width: 100%;    }    .container.small {      width: 100%;    }    .section-mobile-img {      display: block;    }    .section-img {      display: none;    }    .section-title {      font-size: 22px;      margin: 10px 0;    }    .section-desc {      margin-top: 10px;    }    .section + .section {      margin-top: 20px;    }  }<\/style><\/head><body><div class=\"container small\"><div class=\"logo\"><div class=\"pc-banner small\"><div><img decoding=\"async\" src=\"\/vevor\/vevor\/boutique-banner\/pc\/en-pc@1x.jpg\" style=\"width: 100%;\" \/><\/div><\/div><div class=\"m-banner\"><div><img decoding=\"async\" src=\"\/vevor\/vevor\/boutique-banner\/mobile\/en-m@1x.jpg\" style=\"width: 100%;\" \/><\/div><\/div><\/div><div class=\"section-title\">Peen Arch Flower Komplekt<\/div><div class=\"video-section\"><div class=\"video-section-img-pc small\"><img decoding=\"async\" src=\"\/vevor\/product\/HLGMHTJ5JTCSI16LQ\/wedding-arch-flower-kit-a100-1.4-pt.jpg\" \/><\/div><div class=\"video-section-img-m\"><img decoding=\"async\" src=\"\/vevor\/product\/HLGMHTJ5JTCSI16LQ\/wedding-arch-flower-kit-a100-1.4-pt.jpg\" \/><\/div><div class=\"section-desc\">H\u00fcvasti igavus ja tere romantika! See kunstlik pulm arch lilled kit omadused elegantne \u00f5huke linad ja t\u00f5etruu siidist lilled, luues unistav pulmad atmosf\u00e4\u00e4ri. Ideaalne nii sise-ja v\u00e4listingimustes pulmad, pidustused ja \u00fcritused.<\/div><\/div><div class=\"section\"><div class=\"section-title\"><\/div><div class=\"section-img small\"><img decoding=\"async\" src=\"\/vevor\/product\/HLGMHTJ5JTCSI16LQ\/wedding-arch-flower-kit-a100-2.2-pt.jpg\" \/><\/div><div class=\"section-mobile-img\"><img decoding=\"async\" src=\"\/vevor\/product\/HLGMHTJ5JTCSI16LQ\/wedding-arch-flower-kit-a100-2.2-pt.jpg\" \/><\/div><div class=\"section-desc\">See pulm arch lilled ja laotama komplekt sisaldab 2 klastrite kunstlilled, iga \u00f5itega t\u00e4ieliku ja t\u00f5etruu, elav ja fade vastupidav. Nad on uskumatult ilus ja saab kasutada pikaajalise v\u00f5i taaskasutada tulevikus pidustused.<\/div><\/div><div class=\"section\"><div class=\"section-title\"><\/div><div class=\"section-img small\"><img decoding=\"async\" src=\"\/vevor\/product\/HLGMHTJ5JTCSI16LQ\/wedding-arch-flower-kit-a100-2.3-pt.jpg\" \/><\/div><div class=\"section-mobile-img\"><img decoding=\"async\" src=\"\/vevor\/product\/HLGMHTJ5JTCSI16LQ\/wedding-arch-flower-kit-a100-2.3-pt.jpg\" \/><\/div><div class=\"section-desc\">Kui 33ft pikk laotama k\u00e4esoleva kunstlik pulm arch lilled kit saab riputada v\u00f5i draped luua kihid romantikat oma koht. Samuti toimib mitmek\u00fclgne dekoratiivne element, lisades elegantsi mingi seade<\/div><\/div><div class=\"section\"><div class=\"section-title\"><\/div><div class=\"section-img small\"><img decoding=\"async\" src=\"\/vevor\/product\/HLGMHTJ5JTCSI16LQ\/wedding-arch-flower-kit-a100-2.4-pt.jpg\" \/><\/div><div class=\"section-mobile-img\"><img decoding=\"async\" src=\"\/vevor\/product\/HLGMHTJ5JTCSI16LQ\/wedding-arch-flower-kit-a100-2.4-pt.jpg\" \/><\/div><div class=\"section-desc\">Kui linad on viimistletud gold foil sisekujundus, andes kangas \u00f5rn ja l\u00e4ikiv v\u00e4limus. Tegemist on 6 l\u00e4bipaistvat zip rihmad, mist\u00f5ttu on lihtne ja turvaline, lisades, et tema ilu. Lopsakas, realistlik arch lilled, kus eukal\u00fcpti lehed lisa loomulik elegants oma taustaks.<\/div><\/div><div class=\"section\"><div class=\"section-title\"><\/div><div class=\"section-img small\"><img decoding=\"async\" src=\"\/vevor\/product\/HLGMHTJ5JTCSI16LQ\/wedding-arch-flower-kit-a100-2.5-pt.jpg\" \/><\/div><div class=\"section-mobile-img\"><img decoding=\"async\" src=\"\/vevor\/product\/HLGMHTJ5JTCSI16LQ\/wedding-arch-flower-kit-a100-2.5-pt.jpg\" \/><\/div><div class=\"section-desc\">Lihtsalt kuju nurgas lilled ja tie-tagasi, lilled, siis kasutage f\u00f6\u00f6n, et aidata tehislilled kuju v\u00f5tma. Palun v\u00e4ltida moodustamise vihmastes tingimustes parimaid tulemusi. See lill arch kokkulepe on lihtne ja kiire paigaldada, nii, et saate nautida stressivaba setup.<\/div><\/div><div class=\"section\"><div class=\"section-img small\"><img decoding=\"async\" src=\"\/vevor\/product\/HLGMHTJ5JTCSI16LQ\/wedding-arch-flower-kit-a100-1.11-pt.jpg\" \/><\/div><div class=\"section-mobile-img\"><img decoding=\"async\" src=\"\/vevor\/product\/HLGMHTJ5JTCSI16LQ\/wedding-arch-flower-kit-a100-1.11-pt.jpg\" \/><\/div><\/div><\/div><\/body><\/html><\/div>\n<div class=\"DM_at-title\" id=\"js-DM_at-title\"> <div>Toote spetsifikatsioon<\/div> <i class=\"icon-arrowup_line\"><\/i> <\/div><div class=\"DM_at-goodsDescAttr\" id=\"js-DM_at-goodsDescAttr\"> <div class=\"DM_at-goodsDescAttrInner\"> <dl class=\"goodsDesc_item goodsDesc_item_even\"> <dt>Punkt Mudeli Number<\/dt> <dd> XH-HQ07<\/dd> <\/dl> <dl class=\"goodsDesc_item\"> <dt>Komplekt T\u00fc\u00fcp<\/dt> <dd> 5-Osaline Komplekt<\/dd> <\/dl> <dl class=\"goodsDesc_item goodsDesc_item_even\"> <dt>Flower V\u00e4rv<\/dt> <dd> Oran\u017e + Hele Roosa + Valge<\/dd> <\/dl> <dl class=\"goodsDesc_item\"> <dt>Kardina V\u00e4rv<\/dt> <dd> Oran\u017e + Roosa + Valge<\/dd> <\/dl> <dl class=\"goodsDesc_item goodsDesc_item_even\"> <dt>Lille T\u00fc\u00fcp<\/dt> <dd> Dahlia + Pojeng + T\u00f5usis + Nuppu Chrysanthemum + N\u00f5el Chrysanthemum<\/dd> <\/dl> <dl class=\"goodsDesc_item\"> <dt>Nurgas Lille Suurus(Sirgeks)<\/dt> <dd> 68.11 x 17.32 in\/ 1730 x 440 mm<\/dd> <\/dl> <dl class=\"goodsDesc_item goodsDesc_item_even\"> <dt>Nurgas Lille Suurus(Looduslik)<\/dt> <dd> 41.34 x 36.61 in \/ 1050 x 930 mm<\/dd> <\/dl> <dl class=\"goodsDesc_item\"> <dt>Tie-Tagasi Lille Suurus(Looduslik)<\/dt> <dd> 38.18 x 15.74 in \/ 970 x 400 mm<\/dd> <\/dl> <dl class=\"goodsDesc_item goodsDesc_item_even\"> <dt>Linad Suurus<\/dt> <dd> 33 x 2,5 jalga\/ 10000 x 760 mm<\/dd> <\/dl> <dl class=\"goodsDesc_item\"> <dt>Neto Kaal<\/dt> <dd> 5.03 lb \/ 2.28 kg<\/dd> <\/dl> <dl class=\"goodsDesc_item goodsDesc_item_even\"> <dt>Lille Materjal<\/dt> <dd> Siidist Riie<\/dd> <\/dl> <dl class=\"goodsDesc_item\"> <dt>Linad Materjal<\/dt> <dd> Pooll\u00e4bipaistev Kangas<\/dd> <\/dl> <\/div> <\/div>","protected":false},"excerpt":{"rendered":"<ul>\n<li> Mitmek\u00fclgne kaunistus: 33 jala pikkune drape sobib ideaalselt 6 x 7,5 jala kaarega, mis sobib ideaalselt mitmesugusteks dekoratiivseteks eesm\u00e4rkideks, sealhulgas pulmadeks, kihlusteks, t\u00e4htp\u00e4evadeks ja s\u00fcnnip\u00e4evapidudeks. See on ideaalne lillekaare paigutus teie erilise hetke loomiseks. (Ei sisalda puidust kaare alust) <\/li>\n<li> Romantiline Pulm Arch: See k\u00e4sit\u00f6\u00f6na kunstlik pulm arch lilled kit pakub k\u00f5rge kvaliteediga \u00f5ied ja l\u00e4bim\u00f5eldud korra, et romantiline ja elegantne atmosf\u00e4\u00e4r teie pulma. Ideaalne lisades v\u00f5lu, et teie tseremoonia v\u00f5i eriline s\u00fcndmus. <\/li>\n<li> Pooll\u00e4bipaistev Kangas: Meie kunstlik pulm arch lilled komplekt sisaldab premium linad on valmistatud korts-vastupidavast kangast. See on rohkem elegantne variant kui t\u00fcll v\u00f5i nailon. Pestav ja kerge, see loob pehme, taevalik vaadata. <\/li>\n<li> K\u00e4sitsi valmistatud Siidist Lilled: See pulm arch lilled laotama komplekti kuuluvad 2 klastrite realistlik lilled tehtud siidist kangast, mis on t\u00e4ieliku ja t\u00f5etruu. \u00d5ied s\u00e4ilitavad oma kuju ja eluj\u00f5uline v\u00e4rv, muutes need t\u00e4iuslik aastaringseks kasutamiseks igal aastaajal. <\/li>\n<li> Lihtne Paigaldus: J\u00e4rgige lihtsalt kinnita lilled ja eesriided oma arch, toolid, v\u00f5i seina, pingutuseta luua romantiline ja elegantne atmosf\u00e4\u00e4r. See arch lilled pulm tseremoonia komplekt on m\u00f5eldud lihtne setup ja kiire \u00fcmberkujundamine. <\/li>\n<\/ul>","protected":false},"featured_media":375924,"comment_status":"open","ping_status":"open","template":"","meta":{"om_disable_all_campaigns":false,"_uf_show_specific_survey":0,"_uf_disable_surveys":false},"location":[1935,1934],"product_brand":[21],"product_cat":[4960,2638,2637],"product_tag":[],"class_list":{"0":"post-154758","1":"product","2":"type-product","3":"status-publish","4":"has-post-thumbnail","6":"location-supplier_stock_location","7":"location-local_stock_location","8":"product_brand-vevor","9":"product_cat-artificial-garlands","10":"product_cat-artificial-plants","11":"product_cat-home-decor","13":"first","14":"instock","15":"taxable","16":"shipping-taxable","17":"purchasable","18":"product-type-simple"},"aioseo_notices":[],"locations":[{"id":1935,"name":"Pieg\u0101d\u0101t\u0101ja noliktav\u0101 (5-7dd)","slug":"supplier_stock_location","quantity":"282"},{"id":1934,"name":"R\u012bgas veikal\u0101 (0-2d.d.)","slug":"local_stock_location","quantity":"0"}],"_links":{"self":[{"href":"https:\/\/vevorshop.lv\/et\/wp-json\/wp\/v2\/product\/154758","targetHints":{"allow":["GET"]}}],"collection":[{"href":"https:\/\/vevorshop.lv\/et\/wp-json\/wp\/v2\/product"}],"about":[{"href":"https:\/\/vevorshop.lv\/et\/wp-json\/wp\/v2\/types\/product"}],"replies":[{"embeddable":true,"href":"https:\/\/vevorshop.lv\/et\/wp-json\/wp\/v2\/comments?post=154758"}],"wp:featuredmedia":[{"embeddable":true,"href":"https:\/\/vevorshop.lv\/et\/wp-json\/wp\/v2\/media\/375924"}],"wp:attachment":[{"href":"https:\/\/vevorshop.lv\/et\/wp-json\/wp\/v2\/media?parent=154758"}],"wp:term":[{"taxonomy":"location","embeddable":true,"href":"https:\/\/vevorshop.lv\/et\/wp-json\/wp\/v2\/location?post=154758"},{"taxonomy":"product_brand","embeddable":true,"href":"https:\/\/vevorshop.lv\/et\/wp-json\/wp\/v2\/product_brand?post=154758"},{"taxonomy":"product_cat","embeddable":true,"href":"https:\/\/vevorshop.lv\/et\/wp-json\/wp\/v2\/product_cat?post=154758"},{"taxonomy":"product_tag","embeddable":true,"href":"https:\/\/vevorshop.lv\/et\/wp-json\/wp\/v2\/product_tag?post=154758"}],"curies":[{"name":"wp","href":"https:\/\/api.w.org\/{rel}","templated":true}]}}