{"id":15518,"date":"2025-01-27T06:48:03","date_gmt":"2025-01-27T06:48:03","guid":{"rendered":"http:\/\/vevorshop.edigo.lv\/Prece\/vevor-spray-paint-pressure-pot-tank-2l-0-5gal-lightweight-air-paint-pressure-pot-1-8mm-nozzle-spray-paint-gun-3m-hoses-for-home-decoration-architecture-construction-automotive-painting-45psi-max\/"},"modified":"2026-05-13T08:13:10","modified_gmt":"2026-05-13T05:13:10","slug":"vevor-spray-paint-pressure-pot-tank-2l-0-5gal-lightweight-air-paint-pressure-pot-1-8mm-nozzle-spray-paint-gun-3m-hoses-for-home-decoration-architecture-construction-automotive-painting-45psi-max","status":"publish","type":"product","link":"https:\/\/vevorshop.lv\/et\/Prece\/vevor-pihustusvarvi-survepoti-paak-2-l-0-5-gal-kerge-ohuvarvi-survepott-1-8-mm-otsikuga-pihustusvarvipustol-3-m-voolikud-kodukaunistuseks-arhitektuur-ehitus-autovarvimine-45psi-max\/","title":{"rendered":"VEVOR 2L v\u00e4rvipritspoti 1.8mm d\u00fc\u00fcsi, 3m voolikute ja 45PSI r\u00f5huga \u2013 kodu, auto ja ehitust\u00f6\u00f6deks"},"content":{"rendered":"<div style=\"color: #fff!important; font-size: 16px; height: 24px; line-height: 24px; margin-top: -24px; \" class=\"product_original_name\">VEVOR pihustusv\u00e4rvi survepoti paak, 2 L\/0,5 gal kerge \u00f5huv\u00e4rvi survepott, 1,8 mm d\u00fc\u00fcsi pihustusv\u00e4rvip\u00fcstol 3 m voolikud kodukaunistamiseks Arhitektuur Ehitus Autode v\u00e4rvimine, 45PSI Max<\/div>\n<div style=\"color: #fff!important; font-size: 16px; height: 24px; line-height: 24px; margin-top: -24px; \" class=\"product_sku\">M4I4KGJW<\/div>\n<div style=\"color: #fff!important; font-size: 16px; height: 24px; line-height: 24px; margin-top: -24px; \" class=\"product_mpn\">PQTOX2L18MMBQ0RHWV0<\/div><div id=\"js-DM_at-goodDescRich\"><html><head><style>  body {    font-family: Arial;    line-height: 1.5;    color: #1c1c1c;    overflow-x: hidden;    margin: 0;    padding: 0;  }  .MsoNormal b {    font-weight: bolder;  }<\/style><style>  .container.small {    width: 970px;    margin: 0 auto;  }  .logo {    margin: 0 auto 0;  }  .logo img {    display: block;    margin: 0 auto;    max-width: 100%;  }  .logo .pc-banner {    display: block;    width: 1200px;    height: 247.4px;    margin: 0 auto;  }  .logo .pc-banner.small {    width: 970px;  }  .logo .pc-banner.small img {    height: auto!important;  }  .logo .m-banner {    display: none;  }  .ytvideo {    position: relative;    height: 546px;    width: 100%;    margin: 0 auto;  }  .ytvideo img {    width: 100%;    margin: 0 auto;  }  .ytvideo .play-btn {    width: 60px;    height: 42px;    position: absolute;    top: 50%;    left: 50%;    transform: translate(-50%, -50%);    background: url(\"data:image\/png;base64,iVBORw0KGgoAAAANSUhEUgAAAGQAAABGCAMAAAANWMFbAAAC+lBMVEUAAADBGB3kLCfBGB3kLCfcJC7BFx3KKSbiKybkLCbWJCPSIiLSIiLPICHAFx3kLCfgKSXNHiDZJiTIGx\/p4eHcjo7LHSDbJyTkLCbjKyfOHyHPIiL28fHJHB\/GGh7EGR7eKCXDGB3RISHlLSbBGB3AFxzGHB7DGB7BGB3hKybkKybAFx3lLCfAFxzDGR3hKibDGB7cJyTmz8\/elJTlwcHjurrUIyLlLSflLSfAFx3DGR7lLSfCFx3hKibhKibhKybjKybkLCblLSfbJSX49vbx7e3NNzjNMTLMJyjVIyLZf3\/ZQ0LaeHjx0tLgoqLkLCfCGB3HGx\/BGB3BFx3PICHCGB7WJCLOHyC\/Fxy\/Fx3lLCfQISHkLSe\/FxzbJiTBFx3FGx\/AGB7BFx3EGR7AGB3HHSDfKiXAFh3TISHYNzbhKibbJyTTIiL57e325+f039\/v2NjUV1fOHiHiqanfmprch4feKSXVIyPOICHmLibFGh\/mLSe\/Fx7XJCPeKSXXJSPNHyHaJyTGGh7lLCbmLCflLSjSIiLkLCbdKSXLHiC\/GB3KHh++Fh3lKyfoLiXcKCPkx8fYb2\/XaGfVXl3aU1LLHiDksbHgKibPICHbJyTfKSXbJyTCGB3KHSDiKybFGh7TIiL\/\/\/\/VIyPRISHIHB\/GGx\/HHB\/DGR7gKibdKCXLHiDZJiTMHiDNHyHYJSTOICHPICHWJCPcKCXXJSPjLCblLCf+\/f3NGR\/uLijzLynPGR\/IGB7WISHaIyLLGh7UAADxLynNAADRLzDbICLQAADIAAD3MCrUHSHXMTDpKSbLAADp5OTij4\/ejo\/VLy\/1LyngJSTcJCPQHx\/OHB7+\/PzaMS\/OLS\/vLijrLSjSAADaNTPwLyjkKSbNJCbYISHPHB\/KGB7WAAD7+vrn3d3aKynTKCjoLCfsKifRGh\/YAADq5+fhjo7QNDXXKCfmJyXt5+fTLzDLLi\/QKivYHRvMGBrQJCXLISPMExXLDxLaEAvkkI\/bOTfaFQ\/SCgpvLcnHAAAAmnRSTlMA+vv7+gT9Bvf9+8z8\/NSv\/Pr5+P7++vnQIBMP\/v38\/Pn348XDiCYf9OjbzcqxXVcx\/fz8+\/rj1r2poo1+fXFqX0orGP7+\/v7+\/fz8+\/r68uzn4trIxsG\/vri3p6GcmZSNbWVYUUZEPQv+\/f39+\/v7+\/v7+vr64tvV1NTTz87FtbSurqeblJKFg4B3bUY+NjL7+\/v7+\/v67t1cDo8JLQAABkRJREFUWMO0kz9rwkAYh0OIeJkum6YugUAhISCdKoj\/P4C7SMdS+gEKIhSKil10LSg4mzXkILdlEpxCpwTiWOLX6BujvQaEQuGeHLnL+\/64J+SIcKGYTYWnntpdLjrVdqvZmNdn0+EE40GtpuuWVS6Xx6N7YDSGpWXpeq02wHgynM7q80az1a52HpddtVcpsi1zFARBrdaxbhp9iUReTGmwA4KAAr7vx3EYejnCMI6hQYEgy0LQi4jUN0wL19vqFcUC9\/1dAKmEEFkWRYkh5oBejnxQJiSJPJ\/uKBp0Thszx9Mw8hMRIQjKsptCfuES9zr5WJY6vSFCIvE9fCMUmEM1A1kSXcYGxgVYsvI1IPKTZciSTI0us\/SMGG04gDzELDoFBwdcFJrF88dqgYMTiL6DILWYyfOWE8\/kIz38olCNlC03FK95+imxp6y4oUSvAnBjHHhKNtotSDqJzVFiK8c2SBqhZtsrTtgrLXwAyduxZHNE26eHUt5rtuM4WSmds3G+sUdWYo1L+XyxButoh5eKUHk5lByO3G1LqqCWVnfrv\/lyPtf\/4ps1cndNGIri8J1TJ0lx6dR\/oPjq1nbRwdp2dCk4CtIOLW3pVKRL6WZfS5vF2KkIQhpwSsjiYIgNCs1gEMGqiIq24NQX9NwoXFy8Ufrl3twTcg4fv8T9\/JBEySduj6Mjm4bMzYV7EEOxKjjoNDud7yY3Dy71Hq2oLmqfbNR723edH9PgMrNL2utoQ3VmaIDkiw\/4w51P06hlZsTZvkRrbVuSIs\/zwSOsycgzStQouoAkWQqioRT5XI7n2Z1wfVhoZmcAJLsoqjqpjbWCgpOAJXBwHK8PzWbNvoUZJND5wCnSkLAkZ1legx6vqQzjoiTahKlGUGLAiIIoABOHaNVw4sexZBym6\/HWlH5h3IC7yRbxtipcWxdTOkORKiNQAEkFf66x5S2oeRbroOlLgg0sSYkR0hRGEqJZ0jTPiQKatESdBckpWigxaapEH0lImHdWu9pUFF2XqMNM2Z4kped7IwEJw2qabwtrQqnpw6HyKkgcadKWsmpywwesDyIhYRpdzXddqegtGIJlXbAIUMOLkGxJUjRIkokwjUaX9d\/kK62ps\/tYUqZLIMkLTyBhsMZ3C5Z\/kDxOSCb\/DOs\/\/J0qcWSX\/2ipe56EgTCA4\/cB7NAYOsni4mZM1MUPAISoEwkDi4lhVBQ1cWQyIcwalw4EpqZN68JUSK7XC0kTlkLYii5uXSC8jT5ncCAS7mjCv0uHp\/3lueHEEAeQ\/\/VgmdN71\/2uCSA1Xr6DO6uI6sW56zqT2tp2PhgiRUAajV8CY2fkcz6WGNKMgLAt7tJAhD4YHMTeRxlALE6+43WqjSWi8ITxyJl8WrwWSNESQZZOqhDDntO3hJLsd5RtSpbJqdv3YrDJH3F7jL1R2O2aQkn2MyCyKYz0GPGIvSAMgBCrCEiJyKbBaYGwLW4uPRr0A0M4Ux5kUI7IBh+hMdiCEWNqhMZGyYMsOgNE58UQuEQeUnSWCMYwL54hkxK6IoqucQZbQ3pc3XtL0lky1dL0zZJJDpWJovFqpWj6JEHnyam2eQp5QRVAVHjWparTOaVwUOx99YS2MvgxIGV0bb+qIg2HX2qkFFJB+XZcbLiuRkuxD9GRroKyveLxdh4d7Orx+hb7qc3uVRuEogCOnyIxm4ubUoPgF4jianDrC+SDQDKEfJb0GUKmjCGPYHGJvVC6X4hw1\/sAfQAdfYyephIaspXe36RwOP+Ljvfx9B6B3i+Nk0DGq+oCbLn6JpBa9nWAveAIHwFAwtVcIJXPMPL8kRu5OAYPMaL1WScTxjiZDqB9LTJSWphow\/pTYKRTLjCBhvi9iBidvKcDasGSm0QQkycYuLBqj6QCELPctqChDWpTRMWkngNNpQ1Pfp1KkiT\/Y0DGffXAweUNfLAfaJFKDwhb6I+bkYRbkERoEeu3Fyjg2opMz2daZCS9jt6Q7txNfB+OZEVF6Zl5web2xunnLQrtrjXseXKaFYziYINeMFZVxS9VxRhOoesYwxPKXm+gWLG9cuFeq93UNNeJNsf1KlwuDok9n02n3TgIJpOxNfL9naIoQwXtfH9kjceTIIi709ncTg6LZbg+biLH1V6u\/7rxBem06VXKn9raAAAAAElFTkSuQmCC\")      no-repeat center center \/ contain;  }  @media screen and (max-width: 960px) and (orientation: portrait) {    .logo {      width: 100%;    }    .logo .pc-banner {      display: none;    }    .logo .m-banner {      display: block;      width: 100%;    }    .logo .m-banner img {      height: auto!important;    }    .ytvideo {      height: 200px;      width: 100%;    }  }<\/style><style>  .video-section {    width: 100%;    margin: 0 auto;  }  .video-section > img {    width: 100%;  }  .video-section iframe,  .video-section video {    width: 100%;    height: 100%;      }  .video-section-img-m,  .video-section-img-pc > img {    width: 100%;    height: auto;  }  .video-section-img-pc.small > img {    width: 970px;  }  .video-desc {    line-height: 1.5;    font-size: 20px;    font-weight: 400;    margin: 20px 0;    text-align: center;    color: #0f1111;    word-break: break-word;  }  @media screen and (max-width: 960px) and (orientation: portrait) {    .video-section {      width: 100%;    }    .video-section-pc,    .video-section-img-pc {      display: none;    }    .video-section-m,    .video-section-img-m {      display: block;    }    .video-desc {      font-size: 15px;    }  }  @media screen and (min-width: 960px) {    .video-section {      width: 100%;      margin: 0 auto;    }    .video-section-pc,    .video-section-img-pc {      display: block;    }    .video-section-m,    .video-section-img-m {      display: none;    }    .video-desc {      font-size: 20px;    }  }<\/style><style>  .section + .section {    margin-top: 35px;  }  .section-title {    text-align: center;    font-weight: bold;    color: #0d1111;    font-family: \"Arial\";    font-size: 32px;    margin: 15px 0;  }  .section-title:empty {    display: none;  }  .section-desc {    text-align: center;    font-weight: normal;    color: #0d1111;    margin-top: 20px;  }  .section-desc:empty {    display: none;  }  .section-img {    width: 1200px;    height: 492px;    margin: 0 auto;    display: block;  }  .section-img.small {    width: 970px;    height: auto;  }  .section-img.small > img {    height: auto;  }  .section-img > img {    width: 100%;    height: 100%;  }  .section-mobile-img {    display: none;    max-width: 100vw;    max-height: 75vw;    height: 450px;    margin: 0 auto;  }  .section-mobile-img > img {    width: 100%;    height: 100%;  }  @media screen and (max-width: 960px) and (orientation: portrait) {    .container {      width: 100%;    }    .container.small {      width: 100%;    }    .section-mobile-img {      display: block;    }    .section-img {      display: none;    }    .section-title {      font-size: 22px;      margin: 10px 0;    }    .section-desc {      margin-top: 10px;    }    .section + .section {      margin-top: 20px;    }  }<\/style><\/head><body><div class=\"container\"><div class=\"logo\"><div class=\"pc-banner\"><div><img decoding=\"async\" src=\"\/vevor\/vevor\/boutique-banner\/pc\/en-pc@1x.jpg\" style=\"width: 100%;\" \/><\/div><\/div><div class=\"m-banner\"><div><img decoding=\"async\" src=\"\/vevor\/vevor\/boutique-banner\/mobile\/en-m@1x.jpg\" style=\"width: 100%;\" \/><\/div><\/div><\/div><div class=\"section-title\">VEVOR Aitab Teil Lahendada Probleemi Kodu Kaunistamiseks<\/div><div class=\"video-section\"><div class=\"video-section-img-pc\"><img decoding=\"async\" src=\"\/vevor\/product\/PQTOX2L18MMBQ0RHW\/paint-pressure-pot-a100-1.4.jpg\" \/><\/div><div class=\"video-section-img-m\"><img decoding=\"async\" src=\"\/vevor\/product\/PQTOX2L18MMBQ0RHW\/paint-pressure-pot-a100-1.4-m.jpg\" \/><\/div><div class=\"section-desc\">Kui VEVOR spray saab funktsioone 2L kerge maht ja 3m voolikute paigaldamise disain, mis v\u00f5imaldab teil riputada oma talje eest suure k\u00f5rguse maali t\u00f6\u00f6 lihtsalt. 1,8 mm spray relv v\u00f5ib olla koosk\u00f5las k\u00f5ige v\u00e4rvid ja kohaldada kodu kaunistamiseks maali t\u00f6\u00f6tavad ideaalselt.<\/div><\/div><div class=\"section\"><div class=\"section-title\"><\/div><div class=\"section-img\"><img decoding=\"async\" src=\"\/vevor\/product\/PQTOX2L18MMBQ0RHW\/paint-pressure-pot-a100-2.2.jpg\" \/><\/div><div class=\"section-mobile-img\"><img decoding=\"async\" src=\"\/vevor\/product\/PQTOX2L18MMBQ0RHW\/paint-pressure-pot-a100-2.2-m.jpg\" \/><\/div><div class=\"section-desc\">R\u00f5hk poti maht on 2L\/0.5 gal koos sisselaskeava ja v\u00e4ljalaskeava l\u00e4bim\u00f5\u00f5t 1\/4in ja vedeliku v\u00e4ljalaskeava l\u00e4bim\u00f5\u00f5t 3\/8in. See v\u00f5ib mahutada rohkem erinevaid v\u00e4rve. Selle 4.1 lbs maht \u00fchine koos 2 voolikud on lihtne teha, ja alusta v\u00e4rvimist k\u00f5ikjal, kuhu l\u00e4hed!<\/div><\/div><div class=\"section\"><div class=\"section-title\"><\/div><div class=\"section-img\"><img decoding=\"async\" src=\"\/vevor\/product\/PQTOX2L18MMBQ0RHW\/paint-pressure-pot-a100-2.3.jpg\" \/><\/div><div class=\"section-mobile-img\"><img decoding=\"async\" src=\"\/vevor\/product\/PQTOX2L18MMBQ0RHW\/paint-pressure-pot-a100-2.3-m.jpg\" \/><\/div><div class=\"section-desc\">1,8 mm otsik relv sobib lateks v\u00e4rviga, DPX V\u00e4rvikas V\u00e4rvi, Laki, metallik v\u00e4rv, ja muude standard v\u00e4rvid. Pealegi, meie spray gun saab monteerida vastavalt osakeste suurusele.<\/div><\/div><div class=\"section\"><div class=\"section-title\"><\/div><div class=\"section-img\"><img decoding=\"async\" src=\"\/vevor\/product\/PQTOX2L18MMBQ0RHW\/paint-pressure-pot-a100-2.4.jpg\" \/><\/div><div class=\"section-mobile-img\"><img decoding=\"async\" src=\"\/vevor\/product\/PQTOX2L18MMBQ0RHW\/paint-pressure-pot-a100-2.4-m.jpg\" \/><\/div><div class=\"section-desc\">Saate reguleerida surve vahemik 0-45psi abil reguleeritav surve nupp ja turvalisuse ventiil automaatselt vabastab pinget, kui \u00f5hu r\u00f5hk \u00fcletab 0.3 Mpa.<\/div><\/div><div class=\"section\"><div class=\"section-title\"><\/div><div class=\"section-img\"><img decoding=\"async\" src=\"\/vevor\/product\/PQTOX2L18MMBQ0RHW\/paint-pressure-pot-a100-2.5.jpg\" \/><\/div><div class=\"section-mobile-img\"><img decoding=\"async\" src=\"\/vevor\/product\/PQTOX2L18MMBQ0RHW\/paint-pressure-pot-a100-2.5-m.jpg\" \/><\/div><div class=\"section-desc\">Nelja kaane klambrit saab kindlalt tihend mahuti. Pealegi, l\u00f5ng tihendeid saab ka lukustada ja v\u00e4ltida rooste ja korrosiooni eest. Meie v\u00e4rvi tank on m\u00f6\u00f6dunud veepidavus katse nr gaasi lekke.<\/div><\/div><div class=\"section\"><div class=\"section-img\"><img decoding=\"async\" src=\"\/vevor\/product\/PQTOX2L18MMBQ0RHW\/paint-pressure-pot-a100-1.11.jpg\" \/><\/div><div class=\"section-mobile-img\"><img decoding=\"async\" src=\"\/vevor\/product\/PQTOX2L18MMBQ0RHW\/paint-pressure-pot-a100-1.11-m.jpg\" \/><\/div><\/div><\/div><\/body><\/html><\/div>\n<div class=\"DM_at-title\" id=\"js-DM_at-title\"> <div>Toote spetsifikatsioon<\/div> <i class=\"icon-arrowup_line\"><\/i> <\/div><div class=\"DM_at-goodsDescAttr\" id=\"js-DM_at-goodsDescAttr\"> <div class=\"DM_at-goodsDescAttrInner\"> <dl class=\"goodsDesc_item goodsDesc_item_even\"> <dt>Punkt Mudeli Number<\/dt> <dd> JY-SS2L<\/dd> <\/dl> <dl class=\"goodsDesc_item\"> <dt>Toote M\u00f5\u00f5dud (D x H)<\/dt> <dd> 15.2 \u00d7 5 \/ 38.5 x 12.6 cm<\/dd> <\/dl> <dl class=\"goodsDesc_item goodsDesc_item_even\"> <dt>Kopp M\u00f5\u00f5dud (D x H)<\/dt> <dd> \u03a6 4.9 \u00d78.1 in \/ \u03a6 12.5 x 20.5 cm<\/dd> <\/dl> <dl class=\"goodsDesc_item\"> <dt>Paagi Maht<\/dt> <dd> 2 L \/ 0.5 gal<\/dd> <\/dl> <dl class=\"goodsDesc_item goodsDesc_item_even\"> <dt>Neto Kaal<\/dt> <dd> 4.2 naela\/ 1.9 kg<\/dd> <\/dl> <dl class=\"goodsDesc_item\"> <dt>Maksimaalne R\u00f5hk<\/dt> <dd> 45 psi \/ 3.1 baar<\/dd> <\/dl> <dl class=\"goodsDesc_item goodsDesc_item_even\"> <dt>\u00d5hu Sisselaskeava<\/dt> <dd> 1\/4 in \/ 0.64 cm<\/dd> <\/dl> <dl class=\"goodsDesc_item\"> <dt>\u00d5hu V\u00e4ljalaskeava<\/dt> <dd> 3\/8 in \/ 0.95 cm<\/dd> <\/dl> <\/div> <\/div>","protected":false},"excerpt":{"rendered":"<ul>\n<li> Go-k\u00f5ikjal V\u00e4rvi Tank: Tutvustame meie state-of-the-art 2L\/0.5 gal spreid surve pot tank, mille 1\/4&#034; sisselaskeava ja v\u00e4ljalaskeava ja 3\/8&#034; vedeliku v\u00e4ljalaskeava. Net kaal lihtsalt 4.1 naela, sa ei pea maksma extra kaal. Te saate j\u00e4tkata keha ja kompaktne maht on mugav maali laed ja teisi k\u00f5rgeid kohti. <\/li>\n<li> 1,8 mm Spray Relv: See v\u00e4rv tank on varustatud spray gun featuring 1,8 mm pihustid, mist\u00f5ttu see on ideaalne valik k\u00f5igile, kes soovivad, et v\u00e4ltida kiusame osta spray gun. See sobib tavalise v\u00e4rvid nagu lateks, metallik ja muud laialdaselt kasutatavad v\u00e4rvid. Kolm nupud saab reguleerida \u00f5hu -, v\u00e4rvi-voolu, ja spray laius, saavutades isegi f\u00e4nn spray atomization. <\/li>\n<li> Reguleeritav Surve: v\u00e4rv paagi r\u00f5hk on reguleeritav kuni 45psi. Saate kohandada seda t\u00e4pselt surve nupp ja t\u00e4pne manomeeter n\u00e4itab reaalajas surve. Ohutuse ventiil meie surve pot maali vabastab automaatselt surve, kui see \u00fcletab 0.3 Mpa, et tagada turvaline toimimine. <\/li>\n<li> Uuendatud Tihendus: k\u00f5rge v\u00e4rvi surve pot on t\u00e4iendatud k\u00f5rge kvaliteedi -, surve-vastupidav metall materjali ja kummist r\u00f5ngastihend kell kopp suu. See on nelja kaane tihendi klambrid, et korralikult sulgeda ning on varustatud anti-rooste ja anti-lekke l\u00f5ng hermeetik. Ta on l\u00e4binud veepidavus test enne tehasest lahkumist, tagades nr gaasi lekke k\u00fcsimusi. <\/li>\n<li> V\u00e4rvi Mida Sa Tahad: ei taha maksta k\u00f5rgeid tasusid palgata maaler? See epoks\u00fc surve pot on v\u00e4ga sobiv kodu kaunistamiseks v\u00e4rvimis t\u00f6\u00f6d. Isegi algaja saab kiiresti alustada. Ideaalne m\u00f6\u00f6bel, seinad, aiad, terrassid, ja muud maali teosed. <\/li>\n<\/ul>","protected":false},"featured_media":266815,"comment_status":"closed","ping_status":"open","template":"","meta":{"om_disable_all_campaigns":false,"_uf_show_specific_survey":0,"_uf_disable_surveys":false},"location":[1935,1934],"product_brand":[21],"product_cat":[2683,2685,2686,2684,2687,2688],"product_tag":[],"class_list":{"0":"post-15518","1":"product","2":"type-product","3":"status-publish","4":"has-post-thumbnail","6":"location-supplier_stock_location","7":"location-local_stock_location","8":"product_brand-vevor","9":"product_cat-paint","10":"product_cat-paint-applicators","11":"product_cat-paint-sprayers","12":"product_cat-paint-supplies","13":"product_cat-pneumatic-paint-sprayers","14":"product_cat-pressure-paint-pot-pneumatic-paint-sprayers","16":"first","17":"instock","18":"taxable","19":"shipping-taxable","20":"purchasable","21":"product-type-simple"},"aioseo_notices":[],"locations":[{"id":1935,"name":"Pieg\u0101d\u0101t\u0101ja noliktav\u0101 (5-7dd)","slug":"supplier_stock_location","quantity":"328"},{"id":1934,"name":"R\u012bgas veikal\u0101 (0-2d.d.)","slug":"local_stock_location","quantity":"0"}],"_links":{"self":[{"href":"https:\/\/vevorshop.lv\/et\/wp-json\/wp\/v2\/product\/15518","targetHints":{"allow":["GET"]}}],"collection":[{"href":"https:\/\/vevorshop.lv\/et\/wp-json\/wp\/v2\/product"}],"about":[{"href":"https:\/\/vevorshop.lv\/et\/wp-json\/wp\/v2\/types\/product"}],"replies":[{"embeddable":true,"href":"https:\/\/vevorshop.lv\/et\/wp-json\/wp\/v2\/comments?post=15518"}],"wp:featuredmedia":[{"embeddable":true,"href":"https:\/\/vevorshop.lv\/et\/wp-json\/wp\/v2\/media\/266815"}],"wp:attachment":[{"href":"https:\/\/vevorshop.lv\/et\/wp-json\/wp\/v2\/media?parent=15518"}],"wp:term":[{"taxonomy":"location","embeddable":true,"href":"https:\/\/vevorshop.lv\/et\/wp-json\/wp\/v2\/location?post=15518"},{"taxonomy":"product_brand","embeddable":true,"href":"https:\/\/vevorshop.lv\/et\/wp-json\/wp\/v2\/product_brand?post=15518"},{"taxonomy":"product_cat","embeddable":true,"href":"https:\/\/vevorshop.lv\/et\/wp-json\/wp\/v2\/product_cat?post=15518"},{"taxonomy":"product_tag","embeddable":true,"href":"https:\/\/vevorshop.lv\/et\/wp-json\/wp\/v2\/product_tag?post=15518"}],"curies":[{"name":"wp","href":"https:\/\/api.w.org\/{rel}","templated":true}]}}