{"id":155596,"date":"2025-03-15T05:04:24","date_gmt":"2025-03-15T05:04:24","guid":{"rendered":"https:\/\/vevorshop.lv\/en_us\/Prece\/vevor-3-tier-desktop-bookshelf-black-storage-organizer-94x25-4x79-2-cm-for-office-home\/"},"modified":"2026-04-27T13:48:00","modified_gmt":"2026-04-27T10:48:00","slug":"vevor-3-tier-desktop-bookshelf-black-storage-organizer-94x25-4x79-2-cm-for-office-home","status":"publish","type":"product","link":"https:\/\/vevorshop.lv\/et\/Prece\/vevor-3-tier-desktop-bookshelf-black-storage-organizer-94x25-4x79-2-cm-for-office-home\/","title":{"rendered":"VEVOR 3-tasandiline lauaarvuti raamaturiiul kangasahtlitega, 94\u00d725,4\u00d779,2 cm puidust kontorihoidla korraldaja kodu, \u00fchiselamu, must"},"content":{"rendered":"<div style=\"color: #fff!important; font-size: 16px; height: 24px; line-height: 24px; margin-top: -24px; \" class=\"product_original_name\">VEVOR Desktop Bookshelf, 3-Tier Desktop Storage Organizer, 37\" x 10\" x 31.1\" Office Storage Rack Wood Display Shelf, Desktop Bookshelf Hutch with Two Fabric Drawers, for Office, Home & Dorm, Black<\/div>\n<div style=\"color: #fff!important; font-size: 16px; height: 24px; line-height: 24px; margin-top: -24px; \" class=\"product_sku\">M89QRMJW<\/div>\n<div style=\"color: #fff!important; font-size: 16px; height: 24px; line-height: 24px; margin-top: -24px; \" class=\"product_mpn\">ZMSJDNZSJMB3FTXWIV0<\/div><div id=\"js-DM_at-goodDescRich\"><html><head><style>  body {    font-family: Arial;    line-height: 1.5;    color: #1c1c1c;    overflow-x: hidden;    margin: 0;    padding: 0;  }  .MsoNormal b {    font-weight: bolder;  }<\/style><style>  .container.small {    width: 970px;    margin: 0 auto;  }  .logo {    margin: 0 auto 0;  }  .logo img {    display: block;    margin: 0 auto;    max-width: 100%;  }  .logo .pc-banner {    display: block;    width: 1200px;    height: 247.4px;    margin: 0 auto;  }  .logo .pc-banner.small {    width: 970px;  }  .logo .pc-banner.small img {    height: auto!important;  }  .logo .m-banner {    display: none;  }  .ytvideo {    position: relative;    height: 546px;    width: 100%;    margin: 0 auto;  }  .ytvideo img {    width: 100%;    margin: 0 auto;  }  .ytvideo .play-btn {    width: 60px;    height: 42px;    position: absolute;    top: 50%;    left: 50%;    transform: translate(-50%, -50%);    background: url(\"data:image\/png;base64,iVBORw0KGgoAAAANSUhEUgAAAGQAAABGCAMAAAANWMFbAAAC+lBMVEUAAADBGB3kLCfBGB3kLCfcJC7BFx3KKSbiKybkLCbWJCPSIiLSIiLPICHAFx3kLCfgKSXNHiDZJiTIGx\/p4eHcjo7LHSDbJyTkLCbjKyfOHyHPIiL28fHJHB\/GGh7EGR7eKCXDGB3RISHlLSbBGB3AFxzGHB7DGB7BGB3hKybkKybAFx3lLCfAFxzDGR3hKibDGB7cJyTmz8\/elJTlwcHjurrUIyLlLSflLSfAFx3DGR7lLSfCFx3hKibhKibhKybjKybkLCblLSfbJSX49vbx7e3NNzjNMTLMJyjVIyLZf3\/ZQ0LaeHjx0tLgoqLkLCfCGB3HGx\/BGB3BFx3PICHCGB7WJCLOHyC\/Fxy\/Fx3lLCfQISHkLSe\/FxzbJiTBFx3FGx\/AGB7BFx3EGR7AGB3HHSDfKiXAFh3TISHYNzbhKibbJyTTIiL57e325+f039\/v2NjUV1fOHiHiqanfmprch4feKSXVIyPOICHmLibFGh\/mLSe\/Fx7XJCPeKSXXJSPNHyHaJyTGGh7lLCbmLCflLSjSIiLkLCbdKSXLHiC\/GB3KHh++Fh3lKyfoLiXcKCPkx8fYb2\/XaGfVXl3aU1LLHiDksbHgKibPICHbJyTfKSXbJyTCGB3KHSDiKybFGh7TIiL\/\/\/\/VIyPRISHIHB\/GGx\/HHB\/DGR7gKibdKCXLHiDZJiTMHiDNHyHYJSTOICHPICHWJCPcKCXXJSPjLCblLCf+\/f3NGR\/uLijzLynPGR\/IGB7WISHaIyLLGh7UAADxLynNAADRLzDbICLQAADIAAD3MCrUHSHXMTDpKSbLAADp5OTij4\/ejo\/VLy\/1LyngJSTcJCPQHx\/OHB7+\/PzaMS\/OLS\/vLijrLSjSAADaNTPwLyjkKSbNJCbYISHPHB\/KGB7WAAD7+vrn3d3aKynTKCjoLCfsKifRGh\/YAADq5+fhjo7QNDXXKCfmJyXt5+fTLzDLLi\/QKivYHRvMGBrQJCXLISPMExXLDxLaEAvkkI\/bOTfaFQ\/SCgpvLcnHAAAAmnRSTlMA+vv7+gT9Bvf9+8z8\/NSv\/Pr5+P7++vnQIBMP\/v38\/Pn348XDiCYf9OjbzcqxXVcx\/fz8+\/rj1r2poo1+fXFqX0orGP7+\/v7+\/fz8+\/r68uzn4trIxsG\/vri3p6GcmZSNbWVYUUZEPQv+\/f39+\/v7+\/v7+vr64tvV1NTTz87FtbSurqeblJKFg4B3bUY+NjL7+\/v7+\/v67t1cDo8JLQAABkRJREFUWMO0kz9rwkAYh0OIeJkum6YugUAhISCdKoj\/P4C7SMdS+gEKIhSKil10LSg4mzXkILdlEpxCpwTiWOLX6BujvQaEQuGeHLnL+\/64J+SIcKGYTYWnntpdLjrVdqvZmNdn0+EE40GtpuuWVS6Xx6N7YDSGpWXpeq02wHgynM7q80az1a52HpddtVcpsi1zFARBrdaxbhp9iUReTGmwA4KAAr7vx3EYejnCMI6hQYEgy0LQi4jUN0wL19vqFcUC9\/1dAKmEEFkWRYkh5oBejnxQJiSJPJ\/uKBp0Thszx9Mw8hMRIQjKsptCfuES9zr5WJY6vSFCIvE9fCMUmEM1A1kSXcYGxgVYsvI1IPKTZciSTI0us\/SMGG04gDzELDoFBwdcFJrF88dqgYMTiL6DILWYyfOWE8\/kIz38olCNlC03FK95+imxp6y4oUSvAnBjHHhKNtotSDqJzVFiK8c2SBqhZtsrTtgrLXwAyduxZHNE26eHUt5rtuM4WSmds3G+sUdWYo1L+XyxButoh5eKUHk5lByO3G1LqqCWVnfrv\/lyPtf\/4ps1cndNGIri8J1TJ0lx6dR\/oPjq1nbRwdp2dCk4CtIOLW3pVKRL6WZfS5vF2KkIQhpwSsjiYIgNCs1gEMGqiIq24NQX9NwoXFy8Ufrl3twTcg4fv8T9\/JBEySduj6Mjm4bMzYV7EEOxKjjoNDud7yY3Dy71Hq2oLmqfbNR723edH9PgMrNL2utoQ3VmaIDkiw\/4w51P06hlZsTZvkRrbVuSIs\/zwSOsycgzStQouoAkWQqioRT5XI7n2Z1wfVhoZmcAJLsoqjqpjbWCgpOAJXBwHK8PzWbNvoUZJND5wCnSkLAkZ1legx6vqQzjoiTahKlGUGLAiIIoABOHaNVw4sexZBym6\/HWlH5h3IC7yRbxtipcWxdTOkORKiNQAEkFf66x5S2oeRbroOlLgg0sSYkR0hRGEqJZ0jTPiQKatESdBckpWigxaapEH0lImHdWu9pUFF2XqMNM2Z4kped7IwEJw2qabwtrQqnpw6HyKkgcadKWsmpywwesDyIhYRpdzXddqegtGIJlXbAIUMOLkGxJUjRIkokwjUaX9d\/kK62ps\/tYUqZLIMkLTyBhsMZ3C5Z\/kDxOSCb\/DOs\/\/J0qcWSX\/2ipe56EgTCA4\/cB7NAYOsni4mZM1MUPAISoEwkDi4lhVBQ1cWQyIcwalw4EpqZN68JUSK7XC0kTlkLYii5uXSC8jT5ncCAS7mjCv0uHp\/3lueHEEAeQ\/\/VgmdN71\/2uCSA1Xr6DO6uI6sW56zqT2tp2PhgiRUAajV8CY2fkcz6WGNKMgLAt7tJAhD4YHMTeRxlALE6+43WqjSWi8ITxyJl8WrwWSNESQZZOqhDDntO3hJLsd5RtSpbJqdv3YrDJH3F7jL1R2O2aQkn2MyCyKYz0GPGIvSAMgBCrCEiJyKbBaYGwLW4uPRr0A0M4Ux5kUI7IBh+hMdiCEWNqhMZGyYMsOgNE58UQuEQeUnSWCMYwL54hkxK6IoqucQZbQ3pc3XtL0lky1dL0zZJJDpWJovFqpWj6JEHnyam2eQp5QRVAVHjWparTOaVwUOx99YS2MvgxIGV0bb+qIg2HX2qkFFJB+XZcbLiuRkuxD9GRroKyveLxdh4d7Orx+hb7qc3uVRuEogCOnyIxm4ubUoPgF4jianDrC+SDQDKEfJb0GUKmjCGPYHGJvVC6X4hw1\/sAfQAdfYyephIaspXe36RwOP+Ljvfx9B6B3i+Nk0DGq+oCbLn6JpBa9nWAveAIHwFAwtVcIJXPMPL8kRu5OAYPMaL1WScTxjiZDqB9LTJSWphow\/pTYKRTLjCBhvi9iBidvKcDasGSm0QQkycYuLBqj6QCELPctqChDWpTRMWkngNNpQ1Pfp1KkiT\/Y0DGffXAweUNfLAfaJFKDwhb6I+bkYRbkERoEeu3Fyjg2opMz2daZCS9jt6Q7txNfB+OZEVF6Zl5web2xunnLQrtrjXseXKaFYziYINeMFZVxS9VxRhOoesYwxPKXm+gWLG9cuFeq93UNNeJNsf1KlwuDok9n02n3TgIJpOxNfL9naIoQwXtfH9kjceTIIi709ncTg6LZbg+biLH1V6u\/7rxBem06VXKn9raAAAAAElFTkSuQmCC\")      no-repeat center center \/ contain;  }  @media screen and (max-width: 960px) and (orientation: portrait) {    .logo {      width: 100%;    }    .logo .pc-banner {      display: none;    }    .logo .m-banner {      display: block;      width: 100%;    }    .logo .m-banner img {      height: auto!important;    }    .ytvideo {      height: 200px;      width: 100%;    }  }<\/style><style>  .video-section {    width: 100%;    margin: 0 auto;  }  .video-section > img {    width: 100%;  }  .video-section iframe,  .video-section video {    width: 100%;    height: 100%;      }  .video-section-img-m,  .video-section-img-pc > img {    width: 100%;    height: auto;  }  .video-section-img-pc.small > img {    width: 970px;  }  .video-desc {    line-height: 1.5;    font-size: 20px;    font-weight: 400;    margin: 20px 0;    text-align: center;    color: #0f1111;    word-break: break-word;  }  @media screen and (max-width: 960px) and (orientation: portrait) {    .video-section {      width: 100%;    }    .video-section-pc,    .video-section-img-pc {      display: none;    }    .video-section-m,    .video-section-img-m {      display: block;    }    .video-desc {      font-size: 15px;    }  }  @media screen and (min-width: 960px) {    .video-section {      width: 100%;      margin: 0 auto;    }    .video-section-pc,    .video-section-img-pc {      display: block;    }    .video-section-m,    .video-section-img-m {      display: none;    }    .video-desc {      font-size: 20px;    }  }<\/style><style>  .section + .section {    margin-top: 35px;  }  .section-title {    text-align: center;    font-weight: bold;    color: #0d1111;    font-family: \"Arial\";    font-size: 32px;    margin: 15px 0;  }  .section-title:empty {    display: none;  }  .section-desc {    text-align: center;    font-weight: normal;    color: #0d1111;    margin-top: 20px;  }  .section-desc:empty {    display: none;  }  .section-img {    width: 1200px;    height: 492px;    margin: 0 auto;    display: block;  }  .section-img.small {    width: 970px;    height: auto;  }  .section-img.small > img {    height: auto;  }  .section-img > img {    width: 100%;    height: 100%;  }  .section-mobile-img {    display: none;    max-width: 100vw;    max-height: 75vw;    height: 450px;    margin: 0 auto;  }  .section-mobile-img > img {    width: 100%;    height: 100%;  }  @media screen and (max-width: 960px) and (orientation: portrait) {    .container {      width: 100%;    }    .container.small {      width: 100%;    }    .section-mobile-img {      display: block;    }    .section-img {      display: none;    }    .section-title {      font-size: 22px;      margin: 10px 0;    }    .section-desc {      margin-top: 10px;    }    .section + .section {      margin-top: 20px;    }  }<\/style><\/head><body><div class=\"container small\"><div class=\"logo\"><div class=\"pc-banner small\"><div><img decoding=\"async\" src=\"\/vevor\/vevor\/boutique-banner\/pc\/en-pc@1x.jpg\" style=\"width: 100%;\" \/><\/div><\/div><div class=\"m-banner\"><div><img decoding=\"async\" src=\"\/vevor\/vevor\/boutique-banner\/mobile\/en-m@1x.jpg\" style=\"width: 100%;\" \/><\/div><\/div><\/div><div class=\"section-title\">Vastupidav T\u00f6\u00f6laud Raamaturiiul<\/div><div class=\"video-section\"><div class=\"video-section-img-pc small\"><img decoding=\"async\" src=\"\/vevor\/product\/ZMSJDNZSJMB3FTXWI\/desktop-bookshelf-a100-1.4-pt.jpg\" \/><\/div><div class=\"video-section-img-m\"><img decoding=\"async\" src=\"\/vevor\/product\/ZMSJDNZSJMB3FTXWI\/desktop-bookshelf-a100-1.4-pt.jpg\" \/><\/div><div class=\"section-desc\">J\u00e4tke h\u00fcvasti, et segamini ajada meie lauaarvuti raamaturiiuliga. 0,5-tollised paksud riiulid toetavad kuni 100 naela \/45 kg, mis sobib ideaalselt raamatute, fotode, k\u00f5rvaklappide ja kaunistuste jaoks. See suudab korraldada kontorifaile, raamatuid ja palju muud kodus v\u00f5i t\u00f6\u00f6l.<\/div><\/div><div class=\"section\"><div class=\"section-title\"><\/div><div class=\"section-img small\"><img decoding=\"async\" src=\"\/vevor\/product\/ZMSJDNZSJMB3FTXWI\/desktop-bookshelf-a100-2.2-pt.jpg\" \/><\/div><div class=\"section-mobile-img\"><img decoding=\"async\" src=\"\/vevor\/product\/ZMSJDNZSJMB3FTXWI\/desktop-bookshelf-a100-2.2-pt.jpg\" \/><\/div><div class=\"section-desc\">Varustatud mitme kupeed korraldamiseks raamatud, kontoritarbed, ja rohkem, see t\u00f6\u00f6lauale k\u00fc\u00fclikupuur dorm aitab luua korralik workspace ja suurendab tootlikkust.<\/div><\/div><div class=\"section\"><div class=\"section-title\"><\/div><div class=\"section-img small\"><img decoding=\"async\" src=\"\/vevor\/product\/ZMSJDNZSJMB3FTXWI\/desktop-bookshelf-a100-2.3-pt.jpg\" \/><\/div><div class=\"section-mobile-img\"><img decoding=\"async\" src=\"\/vevor\/product\/ZMSJDNZSJMB3FTXWI\/desktop-bookshelf-a100-2.3-pt.jpg\" \/><\/div><div class=\"section-desc\">See lauaraamaturiiul on vastupidav ja vastupidav, valmistatud 0,5-tollisest paksusest puitlaastplaadist, mis on sile, veekindel, kriimustuskindel ja kergesti puhastatav - pakkudes k\u00f5igi teie raamatute jaoks tugevat alust.<\/div><\/div><div class=\"section\"><div class=\"section-title\"><\/div><div class=\"section-img small\"><img decoding=\"async\" src=\"\/vevor\/product\/ZMSJDNZSJMB3FTXWI\/desktop-bookshelf-a100-2.4-pt.jpg\" \/><\/div><div class=\"section-mobile-img\"><img decoding=\"async\" src=\"\/vevor\/product\/ZMSJDNZSJMB3FTXWI\/desktop-bookshelf-a100-2.4-pt.jpg\" \/><\/div><div class=\"section-desc\">Saate kasutusjuhendist \u00fcksikasjaliku kokkupaneku juhend, mis v\u00f5imaldab teil kokku panna see laud k\u00fc\u00fclikupuur kiiresti ja lihtsalt.<\/div><\/div><div class=\"section\"><div class=\"section-title\"><\/div><div class=\"section-img small\"><img decoding=\"async\" src=\"\/vevor\/product\/ZMSJDNZSJMB3FTXWI\/desktop-bookshelf-a100-2.5-pt.jpg\" \/><\/div><div class=\"section-mobile-img\"><img decoding=\"async\" src=\"\/vevor\/product\/ZMSJDNZSJMB3FTXWI\/desktop-bookshelf-a100-2.5-pt.jpg\" \/><\/div><div class=\"section-desc\">See lauaarvuti raamaturiiuli korraldaja sobib ideaalselt paljudesse ruumidesse - alates \u00fchiselamutubadest kuni kodukontoriteni v\u00f5i isegi t\u00f6\u00f6laua korraldajana. Olenemata sellest, kas see on teie \u00f5ppelaual, edevuses v\u00f5i kontorilaual, on see valmis aitama.<\/div><\/div><div class=\"section\"><div class=\"section-img small\"><img decoding=\"async\" src=\"\/vevor\/product\/ZMSJDNZSJMB3FTXWI\/desktop-bookshelf-a100-1.11-pt.jpg\" \/><\/div><div class=\"section-mobile-img\"><img decoding=\"async\" src=\"\/vevor\/product\/ZMSJDNZSJMB3FTXWI\/desktop-bookshelf-a100-1.11-pt.jpg\" \/><\/div><\/div><\/div><\/body><\/html><\/div>\n<div class=\"DM_at-title\" id=\"js-DM_at-title\"> <div>Toote spetsifikatsioon<\/div> <i class=\"icon-arrowup_line\"><\/i> <\/div><div class=\"DM_at-goodsDescAttr\" id=\"js-DM_at-goodsDescAttr\"> <div class=\"DM_at-goodsDescAttrInner\"> <dl class=\"goodsDesc_item goodsDesc_item_even\"> <dt>Punkt Mudeli Number<\/dt> <dd> KLBS-10<\/dd> <\/dl> <dl class=\"goodsDesc_item\"> <dt>Kaal V\u00f5imsus<\/dt> <dd> 100 lbs \/ 45 kg<\/dd> <\/dl> <dl class=\"goodsDesc_item goodsDesc_item_even\"> <dt>Arv Riiulid<\/dt> <dd> 3<\/dd> <\/dl> <dl class=\"goodsDesc_item\"> <dt>V\u00e4rv<\/dt> <dd> Must<\/dd> <\/dl> <dl class=\"goodsDesc_item goodsDesc_item_even\"> <dt>Peamine Materjal<\/dt> <dd> Puitlaastplaat + Melamiin Raamat<\/dd> <\/dl> <dl class=\"goodsDesc_item\"> <dt><\/dt> <dd>Riiuli M\u00f5\u00f5tmed<\/dd> <\/dl> <dl class=\"goodsDesc_item goodsDesc_item_even\"> <dt>Suur Kamber<\/dt> <dd> 12.9&#034; x 12.2&#034; \/ 32.8 x 31 cm<\/dd> <\/dl> <dl class=\"goodsDesc_item\"> <dt>V\u00e4ike Kamber<\/dt> <dd> 9&#034; x 12.2&#034; \/ 22.9 x 31 cm<\/dd> <\/dl> <dl class=\"goodsDesc_item goodsDesc_item_even\"> <dt>V\u00e4ike Kamber<\/dt> <dd> 9.8&#034; x 7.6&#034; \/ 24.9 x 19,3 cm<\/dd> <\/dl> <dl class=\"goodsDesc_item\"> <dt>Kangas Sahtel Sahtel<\/dt> <dd> 9.8&#034; x 4.6&#034; \/ 24.9 x 11.7 cm<\/dd> <\/dl> <dl class=\"goodsDesc_item goodsDesc_item_even\"> <dt>Riiul Juhatuse Paksus<\/dt> <dd> 0.5&#034; \/ 12 mm<\/dd> <\/dl> <dl class=\"goodsDesc_item\"> <dt>Vertikaalne Juhatuse Paksus<\/dt> <dd> 0.6&#034; \/ 15 mm<\/dd> <\/dl> <dl class=\"goodsDesc_item goodsDesc_item_even\"> <dt>Tagasi Paneeli Paksus<\/dt> <dd> 0.1&#034; \/ 3 mm<\/dd> <\/dl> <dl class=\"goodsDesc_item\"> <dt>Toote Suurus<\/dt> <dd> 37.0 x 10.0&#034; x 31.1&#034; \/ 94 x 25.4 x 79.2 cm<\/dd> <\/dl> <dl class=\"goodsDesc_item goodsDesc_item_even\"> <dt>Neto Kaal<\/dt> <dd> 33.6 lbs \/ 15.25 kg<\/dd> <\/dl> <dl class=\"goodsDesc_item\"> <dt><\/dt> <dd>Muud Andmed<\/dd> <\/dl> <dl class=\"goodsDesc_item goodsDesc_item_even\"> <dt><\/dt> <dd>Anti-slip jalad padjad<\/dd> <\/dl> <dl class=\"goodsDesc_item\"> <dt><\/dt> <dd>Anti-tip tarvikud<\/dd> <\/dl> <dl class=\"goodsDesc_item goodsDesc_item_even\"> <dt><\/dt> <dd>Kaks kangast sahtlid<\/dd> <\/dl> <\/div> <\/div>","protected":false},"excerpt":{"rendered":"<ul>\n<li> Suur Mahutavus: See t\u00f6\u00f6laud raamaturiiul pikkus 37,0&#034; x 10.0&#034; x 31.1&#034; \/ 94 x 25.4 x 79.2 cm. H\u00fcvasti t\u00e4is lauad meie desktop raamaturiiul. Spetsiaalselt arvuti kirjutuslauad, see mahub 27-tolline monitor ja funktsioonid kupeed korraldada raamatud, kontoritarbed, ja rohkem, luua korralik t\u00f6\u00f6 keskkond ja suurendada tootlikkust. <\/li>\n<li> Tugev ja Vastupidav: Meie desktop k\u00fc\u00fclikupuur paistab silma kandev\u00f5ime ja stabiilsus. Riiulid on valmistatud 0.5-inch paks puitlaastplaati, saab toetust kuni 100 \u00a3 \/ 45 kg, pakkudes tugevat toetust igasuguseid raamatuid. Sile pind on veekindel, scratch-vastupidavad ja kergesti puhastatavad, mist\u00f5ttu on ideaalne h\u00f5ivatud t\u00f6\u00f6 v\u00f5i \u00f5ppimise keskkonnas. <\/li>\n<li> Lihtne Kokku panna: Saamisel laua raamaturiiul, leiad \u00fcksikasjalikud paigaldusjuhised lisada, mis v\u00f5imaldab teil kokku panna kiirelt ja nautida puhas ja organiseeritud ruumi. M\u00e4rkus: erinevuste T\u00f5ttu valgustuse ja vaatamise seadmed, v\u00f5ib esineda v\u00e4rvi erinevused tegelikust tootest ja fotosid. <\/li>\n<li> Stabiilne ja Turvaline: Oleme lisanud anti-tip seade, nii et v\u00f5ite kindel laua k\u00fc\u00fclikupuur seinale. Veenduge, et installida anti-tip seade enne kasutamist pildi stabiilsus ja turvalisus. H-kujuline struktuur ja mitte-libisemine suu padjad suurendada \u00fcldist stabiilsust, kaotades \u00fcmbermineku oht \u00fcle ja v\u00e4ltida kriimustuste laual. <\/li>\n<li> Mitmek\u00fclgne Kasutamine: See t\u00f6\u00f6lauale raamaturiiul korraldaja on ideaalne erinevaid seaded, nagu kolled\u017ei \u00fchiselamu, kodud ja kontorid. Seda saab kasutada kirjutamise kohta, arvutid, vanities ja office tabelid. Kas te kavatsete faile teie kirjutuslauale v\u00f5i hoida raamatud, ajakirjad ja m\u00e4nguasjad organiseeritud kodus, see raamaturiiul vastab k\u00f5ikidele teie vajadustele. <\/li>\n<\/ul>","protected":false},"featured_media":377111,"comment_status":"open","ping_status":"open","template":"","meta":{"om_disable_all_campaigns":false,"_uf_show_specific_survey":0,"_uf_disable_surveys":false},"location":[1935,1934],"product_brand":[21],"product_cat":[2508,4977,2507,2506],"product_tag":[],"class_list":{"0":"post-155596","1":"product","2":"type-product","3":"status-publish","4":"has-post-thumbnail","6":"location-supplier_stock_location","7":"location-local_stock_location","8":"product_brand-vevor","9":"product_cat-desk-organizers-accessories","10":"product_cat-desktop-off-surface-shelves","11":"product_cat-office-supplies-storage-organization-2","12":"product_cat-storage-organization-2","14":"first","15":"instock","16":"taxable","17":"shipping-taxable","18":"purchasable","19":"product-type-simple"},"aioseo_notices":[],"locations":[{"id":1935,"name":"Pieg\u0101d\u0101t\u0101ja noliktav\u0101 (5-7dd)","slug":"supplier_stock_location","quantity":"14"},{"id":1934,"name":"R\u012bgas veikal\u0101 (0-2d.d.)","slug":"local_stock_location","quantity":"0"}],"_links":{"self":[{"href":"https:\/\/vevorshop.lv\/et\/wp-json\/wp\/v2\/product\/155596","targetHints":{"allow":["GET"]}}],"collection":[{"href":"https:\/\/vevorshop.lv\/et\/wp-json\/wp\/v2\/product"}],"about":[{"href":"https:\/\/vevorshop.lv\/et\/wp-json\/wp\/v2\/types\/product"}],"replies":[{"embeddable":true,"href":"https:\/\/vevorshop.lv\/et\/wp-json\/wp\/v2\/comments?post=155596"}],"wp:featuredmedia":[{"embeddable":true,"href":"https:\/\/vevorshop.lv\/et\/wp-json\/wp\/v2\/media\/377111"}],"wp:attachment":[{"href":"https:\/\/vevorshop.lv\/et\/wp-json\/wp\/v2\/media?parent=155596"}],"wp:term":[{"taxonomy":"location","embeddable":true,"href":"https:\/\/vevorshop.lv\/et\/wp-json\/wp\/v2\/location?post=155596"},{"taxonomy":"product_brand","embeddable":true,"href":"https:\/\/vevorshop.lv\/et\/wp-json\/wp\/v2\/product_brand?post=155596"},{"taxonomy":"product_cat","embeddable":true,"href":"https:\/\/vevorshop.lv\/et\/wp-json\/wp\/v2\/product_cat?post=155596"},{"taxonomy":"product_tag","embeddable":true,"href":"https:\/\/vevorshop.lv\/et\/wp-json\/wp\/v2\/product_tag?post=155596"}],"curies":[{"name":"wp","href":"https:\/\/api.w.org\/{rel}","templated":true}]}}