{"id":15635,"date":"2025-01-27T06:45:42","date_gmt":"2025-01-27T06:45:42","guid":{"rendered":"http:\/\/vevorshop.edigo.lv\/Prece\/vevor-metal-detector-for-adults-kids-10-inch-waterproof-search-coil-with-lcd-display-7-modes-adjustable-41-52-aluminum-stem-dsp-chip-higher-accuracy-gold-detector-10-detection-dep\/"},"modified":"2026-04-19T20:21:36","modified_gmt":"2026-04-19T17:21:36","slug":"vevor-metal-detector-for-adults-kids-10-inch-waterproof-search-coil-with-lcd-display-7-modes-adjustable-41-52-aluminum-stem-dsp-chip-higher-accuracy-gold-detector-10-detection-dep","status":"publish","type":"product","link":"https:\/\/vevorshop.lv\/et\/Prece\/vevor-metallidetektor-taiskasvanutele-lastele-10-tolline-veekindel-otsingumahis-koos-lcd-ekraaniga-7-reziimi-reguleeritav-41-52-alumiiniumist-varre-dsp-kiip-suurema-tapsusega-kulladetektor-10-detektee\/","title":{"rendered":"VEVOR Professionaalne metallidetektor 25,4 cm veekindla otsimiskettaga, LCD-ekraan, 7 re\u017eiimi, reguleeritav vars (104\u2013132 cm), suur t\u00e4psus"},"content":{"rendered":"<div style=\"color: #fff!important; font-size: 16px; height: 24px; line-height: 24px; margin-top: -24px; \" class=\"product_original_name\">VEVOR metallidetektor t\u00e4iskasvanutele ja lastele, 25,4 cm veekindel otsingupool LCD-ekraaniga 7 re\u017eiimi, reguleeritav 104,1 cm - 132,1 cm alumiiniumvarre, DSP kiibi suurema t\u00e4psusega kulladetektor 25,4 cm tuvastamise s\u00fcgavus<\/div>\n<div style=\"color: #fff!important; font-size: 16px; height: 24px; line-height: 24px; margin-top: -24px; \" class=\"product_sku\">M4I4KGQC<\/div>\n<div style=\"color: #fff!important; font-size: 16px; height: 24px; line-height: 24px; margin-top: -24px; \" class=\"product_mpn\">YJSJSTCQ10510KDE7V0<\/div><div id=\"js-DM_at-goodDescRich\"><html><head><style>  body {    font-family: Arial;    line-height: 1.5;    color: #1c1c1c;    overflow-x: hidden;    margin: 0;    padding: 0;  }  .MsoNormal b {    font-weight: bolder;  }<\/style><style>  .container.small {    width: 970px;    margin: 0 auto;  }  .logo {    margin: 0 auto 0;  }  .logo img {    display: block;    margin: 0 auto;    max-width: 100%;  }  .logo .pc-banner {    display: block;    width: 1200px;    height: 247.4px;    margin: 0 auto;  }  .logo .pc-banner.small {    width: 970px;  }  .logo .pc-banner.small img {    height: auto!important;  }  .logo .m-banner {    display: none;  }  .ytvideo {    position: relative;    height: 546px;    width: 100%;    margin: 0 auto;  }  .ytvideo img {    width: 100%;    margin: 0 auto;  }  .ytvideo .play-btn {    width: 60px;    height: 42px;    position: absolute;    top: 50%;    left: 50%;    transform: translate(-50%, -50%);    background: url(\"data:image\/png;base64,iVBORw0KGgoAAAANSUhEUgAAAGQAAABGCAMAAAANWMFbAAAC+lBMVEUAAADBGB3kLCfBGB3kLCfcJC7BFx3KKSbiKybkLCbWJCPSIiLSIiLPICHAFx3kLCfgKSXNHiDZJiTIGx\/p4eHcjo7LHSDbJyTkLCbjKyfOHyHPIiL28fHJHB\/GGh7EGR7eKCXDGB3RISHlLSbBGB3AFxzGHB7DGB7BGB3hKybkKybAFx3lLCfAFxzDGR3hKibDGB7cJyTmz8\/elJTlwcHjurrUIyLlLSflLSfAFx3DGR7lLSfCFx3hKibhKibhKybjKybkLCblLSfbJSX49vbx7e3NNzjNMTLMJyjVIyLZf3\/ZQ0LaeHjx0tLgoqLkLCfCGB3HGx\/BGB3BFx3PICHCGB7WJCLOHyC\/Fxy\/Fx3lLCfQISHkLSe\/FxzbJiTBFx3FGx\/AGB7BFx3EGR7AGB3HHSDfKiXAFh3TISHYNzbhKibbJyTTIiL57e325+f039\/v2NjUV1fOHiHiqanfmprch4feKSXVIyPOICHmLibFGh\/mLSe\/Fx7XJCPeKSXXJSPNHyHaJyTGGh7lLCbmLCflLSjSIiLkLCbdKSXLHiC\/GB3KHh++Fh3lKyfoLiXcKCPkx8fYb2\/XaGfVXl3aU1LLHiDksbHgKibPICHbJyTfKSXbJyTCGB3KHSDiKybFGh7TIiL\/\/\/\/VIyPRISHIHB\/GGx\/HHB\/DGR7gKibdKCXLHiDZJiTMHiDNHyHYJSTOICHPICHWJCPcKCXXJSPjLCblLCf+\/f3NGR\/uLijzLynPGR\/IGB7WISHaIyLLGh7UAADxLynNAADRLzDbICLQAADIAAD3MCrUHSHXMTDpKSbLAADp5OTij4\/ejo\/VLy\/1LyngJSTcJCPQHx\/OHB7+\/PzaMS\/OLS\/vLijrLSjSAADaNTPwLyjkKSbNJCbYISHPHB\/KGB7WAAD7+vrn3d3aKynTKCjoLCfsKifRGh\/YAADq5+fhjo7QNDXXKCfmJyXt5+fTLzDLLi\/QKivYHRvMGBrQJCXLISPMExXLDxLaEAvkkI\/bOTfaFQ\/SCgpvLcnHAAAAmnRSTlMA+vv7+gT9Bvf9+8z8\/NSv\/Pr5+P7++vnQIBMP\/v38\/Pn348XDiCYf9OjbzcqxXVcx\/fz8+\/rj1r2poo1+fXFqX0orGP7+\/v7+\/fz8+\/r68uzn4trIxsG\/vri3p6GcmZSNbWVYUUZEPQv+\/f39+\/v7+\/v7+vr64tvV1NTTz87FtbSurqeblJKFg4B3bUY+NjL7+\/v7+\/v67t1cDo8JLQAABkRJREFUWMO0kz9rwkAYh0OIeJkum6YugUAhISCdKoj\/P4C7SMdS+gEKIhSKil10LSg4mzXkILdlEpxCpwTiWOLX6BujvQaEQuGeHLnL+\/64J+SIcKGYTYWnntpdLjrVdqvZmNdn0+EE40GtpuuWVS6Xx6N7YDSGpWXpeq02wHgynM7q80az1a52HpddtVcpsi1zFARBrdaxbhp9iUReTGmwA4KAAr7vx3EYejnCMI6hQYEgy0LQi4jUN0wL19vqFcUC9\/1dAKmEEFkWRYkh5oBejnxQJiSJPJ\/uKBp0Thszx9Mw8hMRIQjKsptCfuES9zr5WJY6vSFCIvE9fCMUmEM1A1kSXcYGxgVYsvI1IPKTZciSTI0us\/SMGG04gDzELDoFBwdcFJrF88dqgYMTiL6DILWYyfOWE8\/kIz38olCNlC03FK95+imxp6y4oUSvAnBjHHhKNtotSDqJzVFiK8c2SBqhZtsrTtgrLXwAyduxZHNE26eHUt5rtuM4WSmds3G+sUdWYo1L+XyxButoh5eKUHk5lByO3G1LqqCWVnfrv\/lyPtf\/4ps1cndNGIri8J1TJ0lx6dR\/oPjq1nbRwdp2dCk4CtIOLW3pVKRL6WZfS5vF2KkIQhpwSsjiYIgNCs1gEMGqiIq24NQX9NwoXFy8Ufrl3twTcg4fv8T9\/JBEySduj6Mjm4bMzYV7EEOxKjjoNDud7yY3Dy71Hq2oLmqfbNR723edH9PgMrNL2utoQ3VmaIDkiw\/4w51P06hlZsTZvkRrbVuSIs\/zwSOsycgzStQouoAkWQqioRT5XI7n2Z1wfVhoZmcAJLsoqjqpjbWCgpOAJXBwHK8PzWbNvoUZJND5wCnSkLAkZ1legx6vqQzjoiTahKlGUGLAiIIoABOHaNVw4sexZBym6\/HWlH5h3IC7yRbxtipcWxdTOkORKiNQAEkFf66x5S2oeRbroOlLgg0sSYkR0hRGEqJZ0jTPiQKatESdBckpWigxaapEH0lImHdWu9pUFF2XqMNM2Z4kped7IwEJw2qabwtrQqnpw6HyKkgcadKWsmpywwesDyIhYRpdzXddqegtGIJlXbAIUMOLkGxJUjRIkokwjUaX9d\/kK62ps\/tYUqZLIMkLTyBhsMZ3C5Z\/kDxOSCb\/DOs\/\/J0qcWSX\/2ipe56EgTCA4\/cB7NAYOsni4mZM1MUPAISoEwkDi4lhVBQ1cWQyIcwalw4EpqZN68JUSK7XC0kTlkLYii5uXSC8jT5ncCAS7mjCv0uHp\/3lueHEEAeQ\/\/VgmdN71\/2uCSA1Xr6DO6uI6sW56zqT2tp2PhgiRUAajV8CY2fkcz6WGNKMgLAt7tJAhD4YHMTeRxlALE6+43WqjSWi8ITxyJl8WrwWSNESQZZOqhDDntO3hJLsd5RtSpbJqdv3YrDJH3F7jL1R2O2aQkn2MyCyKYz0GPGIvSAMgBCrCEiJyKbBaYGwLW4uPRr0A0M4Ux5kUI7IBh+hMdiCEWNqhMZGyYMsOgNE58UQuEQeUnSWCMYwL54hkxK6IoqucQZbQ3pc3XtL0lky1dL0zZJJDpWJovFqpWj6JEHnyam2eQp5QRVAVHjWparTOaVwUOx99YS2MvgxIGV0bb+qIg2HX2qkFFJB+XZcbLiuRkuxD9GRroKyveLxdh4d7Orx+hb7qc3uVRuEogCOnyIxm4ubUoPgF4jianDrC+SDQDKEfJb0GUKmjCGPYHGJvVC6X4hw1\/sAfQAdfYyephIaspXe36RwOP+Ljvfx9B6B3i+Nk0DGq+oCbLn6JpBa9nWAveAIHwFAwtVcIJXPMPL8kRu5OAYPMaL1WScTxjiZDqB9LTJSWphow\/pTYKRTLjCBhvi9iBidvKcDasGSm0QQkycYuLBqj6QCELPctqChDWpTRMWkngNNpQ1Pfp1KkiT\/Y0DGffXAweUNfLAfaJFKDwhb6I+bkYRbkERoEeu3Fyjg2opMz2daZCS9jt6Q7txNfB+OZEVF6Zl5web2xunnLQrtrjXseXKaFYziYINeMFZVxS9VxRhOoesYwxPKXm+gWLG9cuFeq93UNNeJNsf1KlwuDok9n02n3TgIJpOxNfL9naIoQwXtfH9kjceTIIi709ncTg6LZbg+biLH1V6u\/7rxBem06VXKn9raAAAAAElFTkSuQmCC\")      no-repeat center center \/ contain;  }  @media screen and (max-width: 960px) and (orientation: portrait) {    .logo {      width: 100%;    }    .logo .pc-banner {      display: none;    }    .logo .m-banner {      display: block;      width: 100%;    }    .logo .m-banner img {      height: auto!important;    }    .ytvideo {      height: 200px;      width: 100%;    }  }<\/style><style>  .video-section {    width: 100%;    margin: 0 auto;  }  .video-section > img {    width: 100%;  }  .video-section iframe,  .video-section video {    width: 100%;    height: 100%;      }  .video-section-img-m,  .video-section-img-pc > img {    width: 100%;    height: auto;  }  .video-section-img-pc.small > img {    width: 970px;  }  .video-desc {    line-height: 1.5;    font-size: 20px;    font-weight: 400;    margin: 20px 0;    text-align: center;    color: #0f1111;    word-break: break-word;  }  @media screen and (max-width: 960px) and (orientation: portrait) {    .video-section {      width: 100%;    }    .video-section-pc,    .video-section-img-pc {      display: none;    }    .video-section-m,    .video-section-img-m {      display: block;    }    .video-desc {      font-size: 15px;    }  }  @media screen and (min-width: 960px) {    .video-section {      width: 100%;      margin: 0 auto;    }    .video-section-pc,    .video-section-img-pc {      display: block;    }    .video-section-m,    .video-section-img-m {      display: none;    }    .video-desc {      font-size: 20px;    }  }<\/style><style>  .section + .section {    margin-top: 35px;  }  .section-title {    text-align: center;    font-weight: bold;    color: #0d1111;    font-family: \"Arial\";    font-size: 32px;    margin: 15px 0;  }  .section-title:empty {    display: none;  }  .section-desc {    text-align: center;    font-weight: normal;    color: #0d1111;    margin-top: 20px;  }  .section-desc:empty {    display: none;  }  .section-img {    width: 1200px;    height: 492px;    margin: 0 auto;    display: block;  }  .section-img.small {    width: 970px;    height: auto;  }  .section-img.small > img {    height: auto;  }  .section-img > img {    width: 100%;    height: 100%;  }  .section-mobile-img {    display: none;    max-width: 100vw;    max-height: 75vw;    height: 450px;    margin: 0 auto;  }  .section-mobile-img > img {    width: 100%;    height: 100%;  }  @media screen and (max-width: 960px) and (orientation: portrait) {    .container {      width: 100%;    }    .container.small {      width: 100%;    }    .section-mobile-img {      display: block;    }    .section-img {      display: none;    }    .section-title {      font-size: 22px;      margin: 10px 0;    }    .section-desc {      margin-top: 10px;    }    .section + .section {      margin-top: 20px;    }  }<\/style><\/head><body><div class=\"container\"><div class=\"logo\"><div class=\"pc-banner\"><div><img decoding=\"async\" src=\"\/vevor\/vevor\/boutique-banner\/pc\/en-pc@1x.jpg\" style=\"width: 100%;\" \/><\/div><\/div><div class=\"m-banner\"><div><img decoding=\"async\" src=\"\/vevor\/vevor\/boutique-banner\/mobile\/en-m@1x.jpg\" style=\"width: 100%;\" \/><\/div><\/div><\/div><div class=\"section-title\">10-Tolline Professionaalne metallidetektor T\u00e4iskasvanutele<\/div><div class=\"video-section\"><div class=\"video-section-img-pc\"><img decoding=\"async\" src=\"\/vevor\/product\/YJSJSTCQ10510KDE7\/metal-detector-a100-1.4.jpg\" \/><\/div><div class=\"video-section-img-m\"><img decoding=\"async\" src=\"\/vevor\/product\/YJSJSTCQ10510KDE7\/metal-detector-a100-1.4-m.jpg\" \/><\/div><div class=\"section-desc\">10-tollisel professionaalsel metallidetektoril on seitse tuvastusre\u017eiimi ja suur t\u00e4psus, mis j\u00e4\u00e4dvustavad pisikesi metallist signaale ja tagavad, et te ei j\u00e4ta \u00fchtegi v\u00e4\u00e4rtuslikku aaret kasutamata.<\/div><\/div><div class=\"section\"><div class=\"section-title\"><\/div><div class=\"section-img\"><img decoding=\"async\" src=\"\/vevor\/product\/YJSJSTCQ10510KDE7\/metal-detector-a100-2.2.jpg\" \/><\/div><div class=\"section-mobile-img\"><img decoding=\"async\" src=\"\/vevor\/product\/YJSJSTCQ10510KDE7\/metal-detector-a100-2.2-m.jpg\" \/><\/div><div class=\"section-desc\">Reguleeritav k\u00e4epide 41''-52'' mahutab erineva k\u00f5rgusega kasutajaid ja pakub mugavat kasutuskogemust.<\/div><\/div><div class=\"section\"><div class=\"section-title\"><\/div><div class=\"section-img\"><img decoding=\"async\" src=\"\/vevor\/product\/YJSJSTCQ10510KDE7\/metal-detector-a100-2.3.jpg\" \/><\/div><div class=\"section-mobile-img\"><img decoding=\"async\" src=\"\/vevor\/product\/YJSJSTCQ10510KDE7\/metal-detector-a100-2.3-m.jpg\" \/><\/div><div class=\"section-desc\">Metalli detektor v\u00f5tab vastu 7 re\u017eiimid, k\u00f5igi metallide re\u017eiim, pisikesteks mode, ehted mode, m\u00fcndid mode, praht mode, kaunistused mode, ja custom re\u017eiimis, et rahuldada oma vajadusi erinevate stsenaariumite puhul.<\/div><\/div><div class=\"section\"><div class=\"section-title\"><\/div><div class=\"section-img\"><img decoding=\"async\" src=\"\/vevor\/product\/YJSJSTCQ10510KDE7\/metal-detector-a100-2.4.jpg\" \/><\/div><div class=\"section-mobile-img\"><img decoding=\"async\" src=\"\/vevor\/product\/YJSJSTCQ10510KDE7\/metal-detector-a100-2.4-m.jpg\" \/><\/div><div class=\"section-desc\">IP68 veekindel, kas v\u00e4ljas seiklus v\u00f5i siseruumides otsing, saate nautida avastamise k\u00f5ikjal, igal ajal.<\/div><\/div><div class=\"section\"><div class=\"section-title\"><\/div><div class=\"section-img\"><img decoding=\"async\" src=\"\/vevor\/product\/YJSJSTCQ10510KDE7\/metal-detector-a100-2.5.jpg\" \/><\/div><div class=\"section-mobile-img\"><img decoding=\"async\" src=\"\/vevor\/product\/YJSJSTCQ10510KDE7\/metal-detector-a100-2.5-m.jpg\" \/><\/div><div class=\"section-desc\">Lisada k\u00f5rvaklapid, saab kuulda signaali m\u00fcrarikkas keskkonnas. See h\u00f5lmab ka k\u00e4ekott, kaevet\u00f6\u00f6d kopp, k\u00f5rvaklapi pistik, ja s\u00fc\u00fctepool kaitse, kate.<\/div><\/div><div class=\"section\"><div class=\"section-img\"><img decoding=\"async\" src=\"\/vevor\/product\/YJSJSTCQ10510KDE7\/metal-detector-a100-1.11.jpg\" \/><\/div><div class=\"section-mobile-img\"><img decoding=\"async\" src=\"\/vevor\/product\/YJSJSTCQ10510KDE7\/metal-detector-a100-1.11-m.jpg\" \/><\/div><\/div><\/div><\/body><\/html><\/div>\n<div class=\"DM_at-title\" id=\"js-DM_at-title\"> <div>Toote spetsifikatsioon<\/div> <i class=\"icon-arrowup_line\"><\/i> <\/div><div class=\"DM_at-goodsDescAttr\" id=\"js-DM_at-goodsDescAttr\"> <div class=\"DM_at-goodsDescAttrInner\"> <dl class=\"goodsDesc_item goodsDesc_item_even\"> <dt>Punkt Mudeli Number<\/dt> <dd> TS181A<\/dd> <\/dl> <dl class=\"goodsDesc_item\"> <dt>Pinge<\/dt> <dd> 7.2-9.6 V<\/dd> <\/dl> <dl class=\"goodsDesc_item goodsDesc_item_even\"> <dt>Sagedus<\/dt> <dd> 7.2 kHz<\/dd> <\/dl> <dl class=\"goodsDesc_item\"> <dt>K\u00e4epideme Pikkus<\/dt> <dd> 1056-1326 mm\/41.57-52.2 aastal<\/dd> <\/dl> <dl class=\"goodsDesc_item goodsDesc_item_even\"> <dt>Search Coil<\/dt> <dd> 10<\/dd> <\/dl> <dl class=\"goodsDesc_item\"> <dt>Avastamise S\u00fcgavus<\/dt> <dd> 10<\/dd> <\/dl> <dl class=\"goodsDesc_item goodsDesc_item_even\"> <dt>Search Coil IP Reiting<\/dt> <dd> IP68<\/dd> <\/dl> <dl class=\"goodsDesc_item\"> <dt>M\u00fcra<\/dt> <dd> \u2265 80 dB<\/dd> <\/dl> <dl class=\"goodsDesc_item goodsDesc_item_even\"> <dt>Heli Sagedus<\/dt> <dd> 400-1200 Hz<\/dd> <\/dl> <dl class=\"goodsDesc_item\"> <dt>Tundlikkus<\/dt> <dd> Kuni 25 cm\/9.84 aastal<\/dd> <\/dl> <dl class=\"goodsDesc_item goodsDesc_item_even\"> <dt>T\u00f6\u00f6keskkond<\/dt> <dd> -10\u2103 kuni 50\u2103<\/dd> <\/dl> <dl class=\"goodsDesc_item\"> <dt>Materjal<\/dt> <dd> ABS<\/dd> <\/dl> <dl class=\"goodsDesc_item goodsDesc_item_even\"> <dt>Neto Kaal<\/dt> <dd> 2.35 kg\/5.18 lbs<\/dd> <\/dl> <dl class=\"goodsDesc_item\"> <dt>Toote M\u00f5\u00f5tmed<\/dt> <dd> 254 x 254 x 1326 mm\/10 x 10 x 52.2 aastal<\/dd> <\/dl> <dl class=\"goodsDesc_item goodsDesc_item_even\"> <dt>Pakendi Suurus<\/dt> <dd> 586 x 263 x 100 mm\/23.07 x 10.35 x 3.94 aastal<\/dd> <\/dl> <\/div> <\/div>","protected":false},"excerpt":{"rendered":"<ul>\n<li> \u00dclit\u00e4pse Tuvastamine: metallidetektor t\u00e4iskasvanutele on t\u00e4pselt h\u00e4\u00e4lestatud l\u00fc\u00fca v\u00e4ike metallist signaale, tagades sa ei j\u00e4ta mingeid hinnalisi aardeid. Selge helisignaali ning LCD taustavalgustusega ekraan v\u00f5imaldab teil haarata avastamise olukord jooksul avastamise lihtsalt. <\/li>\n<li> Lihtne teha: professionaalne metallidetektor on varustatud 10-tolline search coil, mis on kerge ja kaasaskantav. Kas v\u00e4ljas seiklus v\u00f5i siseruumides otsing, saate nautida avastamise l\u00f5bus k\u00f5ikjal, igal ajal. Ja 41&#034;-52&#034; reguleeritav k\u00e4epide on v\u00f5imalik kohandada eri k\u00f5rgused kasutaja pakkuda mugav lennukogemus. <\/li>\n<li> Multifunktsionaalne Rakendused: kuld detektorid t\u00e4iskasvanutele professionaalne on seitse re\u017eiimid, k\u00f5igi metallide re\u017eiim, pisikesteks mode, ehted mode, m\u00fcndid mode, praht mode, kaunistused mode, ja custom re\u017eiimis. Kas te otsite metal sihtasutused, l\u00e4bi turvalisuse \u00fclevaatuste, avastada kaotas punkte, v\u00f5i osalevad v\u00e4ljas jahtima kuld ja varandus, meie tooted oleks lihtne oma eesm\u00e4rke saavutada. <\/li>\n<li> Vastupidav ja usaldusv\u00e4\u00e4rne: meie parim t\u00e4iskasvanutele m\u00f5eldud metallidetektor on valmistatud hoolikalt valitud kvaliteetsetest materjalidest, mis taluvad v\u00e4liskeskkonda ja pakuvad teile j\u00e4tkuvalt pikaajalist stabiilset ja usaldusv\u00e4\u00e4rset t\u00f6\u00f6d. Suurenenud anduri t\u00e4psus muudab metalli leidmise t\u00f5husamaks. <\/li>\n<li> K\u00f5ike, mida Vaja: medal detektiiv kaasas juhtmega k\u00f5rvaklapid, mis v\u00f5imaldab teil kuulata signaali m\u00fcrarikastes keskkondades ja kuus patareid pikendada uurimise ajal. See h\u00f5lmab ka k\u00e4ekott, kaevet\u00f6\u00f6d kopp, k\u00f5rvaklapi pistik, ja s\u00fc\u00fctepool kaitse, kate. Valida VEVOR metalli detektor ja hakata oma treasure hunt n\u00fc\u00fcd! <\/li>\n<\/ul>","protected":false},"featured_media":267007,"comment_status":"closed","ping_status":"open","template":"","meta":{"om_disable_all_campaigns":false,"_uf_show_specific_survey":0,"_uf_disable_surveys":false},"location":[1935,1934],"product_brand":[21],"product_cat":[2482,2481,2480,2378],"product_tag":[],"class_list":{"0":"post-15635","1":"product","2":"type-product","3":"status-publish","4":"has-post-thumbnail","6":"location-supplier_stock_location","7":"location-local_stock_location","8":"product_brand-vevor","9":"product_cat-handheld-metal-detector","10":"product_cat-metal-detectors-outdoor-hobbies","11":"product_cat-outdoor-hobbies","12":"product_cat-sports-outdoors","14":"first","15":"instock","16":"taxable","17":"shipping-taxable","18":"purchasable","19":"product-type-simple"},"aioseo_notices":[],"locations":[{"id":1935,"name":"Pieg\u0101d\u0101t\u0101ja noliktav\u0101 (5-7dd)","slug":"supplier_stock_location","quantity":"1929"},{"id":1934,"name":"R\u012bgas veikal\u0101 (0-2d.d.)","slug":"local_stock_location","quantity":"0"}],"_links":{"self":[{"href":"https:\/\/vevorshop.lv\/et\/wp-json\/wp\/v2\/product\/15635","targetHints":{"allow":["GET"]}}],"collection":[{"href":"https:\/\/vevorshop.lv\/et\/wp-json\/wp\/v2\/product"}],"about":[{"href":"https:\/\/vevorshop.lv\/et\/wp-json\/wp\/v2\/types\/product"}],"replies":[{"embeddable":true,"href":"https:\/\/vevorshop.lv\/et\/wp-json\/wp\/v2\/comments?post=15635"}],"wp:featuredmedia":[{"embeddable":true,"href":"https:\/\/vevorshop.lv\/et\/wp-json\/wp\/v2\/media\/267007"}],"wp:attachment":[{"href":"https:\/\/vevorshop.lv\/et\/wp-json\/wp\/v2\/media?parent=15635"}],"wp:term":[{"taxonomy":"location","embeddable":true,"href":"https:\/\/vevorshop.lv\/et\/wp-json\/wp\/v2\/location?post=15635"},{"taxonomy":"product_brand","embeddable":true,"href":"https:\/\/vevorshop.lv\/et\/wp-json\/wp\/v2\/product_brand?post=15635"},{"taxonomy":"product_cat","embeddable":true,"href":"https:\/\/vevorshop.lv\/et\/wp-json\/wp\/v2\/product_cat?post=15635"},{"taxonomy":"product_tag","embeddable":true,"href":"https:\/\/vevorshop.lv\/et\/wp-json\/wp\/v2\/product_tag?post=15635"}],"curies":[{"name":"wp","href":"https:\/\/api.w.org\/{rel}","templated":true}]}}