{"id":159194,"date":"2025-04-02T04:05:02","date_gmt":"2025-04-02T04:05:02","guid":{"rendered":"https:\/\/vevorshop.lv\/en_us\/Prece\/foldable-rolling-craft-cart-storage-table-with-14-vinyl-roll-holders-2-drawers-mdf-steel-1198x360x808mm\/"},"modified":"2026-04-06T14:20:17","modified_gmt":"2026-04-06T11:20:17","slug":"foldable-rolling-craft-cart-storage-table-with-14-vinyl-roll-holders-2-drawers-mdf-steel-1198x360x808mm","status":"publish","type":"product","link":"https:\/\/vevorshop.lv\/et\/Prece\/kokkupandav-valtsimis-kasitookaru-hoiulaud-14-vinuulrullihoidjaga-2-sahtlit-mdf-terasest-1198x360x808mm\/","title":{"rendered":"VEVOR Rulluv k\u00e4sit\u00f6\u00f6laud ja hoiuk\u00e4ru 2 sahtli, 14 vin\u00fc\u00fclrulli hoidjaga, kokkupandav, Cricut ja pressmasinatele sobiv"},"content":{"rendered":"<div style=\"color: #fff!important; font-size: 16px; height: 24px; line-height: 24px; margin-top: -24px; \" class=\"product_original_name\">VEVOR valtsimisk\u00e4ru ja hoiulaud, \u00fchildub kuplimasinatega, kokkupandav kumerlaud kokkupandavate k\u00fclgedega, k\u00e4sit\u00f6\u00f6 valtsimislao korraldaja 14 vin\u00fc\u00fclrullihoidiku ja 2 sahtliga<\/div>\n<div style=\"color: #fff!important; font-size: 16px; height: 24px; line-height: 24px; margin-top: -24px; \" class=\"product_sku\">M8ZEKWI8<\/div>\n<div style=\"color: #fff!important; font-size: 16px; height: 24px; line-height: 24px; margin-top: -24px; \" class=\"product_mpn\">QGJZBSMABFB4OEX99V0<\/div><div id=\"js-DM_at-goodDescRich\"><html><head><style>  body {    font-family: Arial;    line-height: 1.5;    color: #1c1c1c;    overflow-x: hidden;    margin: 0;    padding: 0;  }  .MsoNormal b {    font-weight: bolder;  }<\/style><style>  .container.small {    width: 970px;    margin: 0 auto;  }  .logo {    margin: 0 auto 0;  }  .logo img {    display: block;    margin: 0 auto;    max-width: 100%;  }  .logo .pc-banner {    display: block;    width: 1200px;    height: 247.4px;    margin: 0 auto;  }  .logo .pc-banner.small {    width: 970px;  }  .logo .pc-banner.small img {    height: auto!important;  }  .logo .m-banner {    display: none;  }  .ytvideo {    position: relative;    height: 546px;    width: 100%;    margin: 0 auto;  }  .ytvideo img {    width: 100%;    margin: 0 auto;  }  .ytvideo .play-btn {    width: 60px;    height: 42px;    position: absolute;    top: 50%;    left: 50%;    transform: translate(-50%, -50%);    background: url(\"data:image\/png;base64,iVBORw0KGgoAAAANSUhEUgAAAGQAAABGCAMAAAANWMFbAAAC+lBMVEUAAADBGB3kLCfBGB3kLCfcJC7BFx3KKSbiKybkLCbWJCPSIiLSIiLPICHAFx3kLCfgKSXNHiDZJiTIGx\/p4eHcjo7LHSDbJyTkLCbjKyfOHyHPIiL28fHJHB\/GGh7EGR7eKCXDGB3RISHlLSbBGB3AFxzGHB7DGB7BGB3hKybkKybAFx3lLCfAFxzDGR3hKibDGB7cJyTmz8\/elJTlwcHjurrUIyLlLSflLSfAFx3DGR7lLSfCFx3hKibhKibhKybjKybkLCblLSfbJSX49vbx7e3NNzjNMTLMJyjVIyLZf3\/ZQ0LaeHjx0tLgoqLkLCfCGB3HGx\/BGB3BFx3PICHCGB7WJCLOHyC\/Fxy\/Fx3lLCfQISHkLSe\/FxzbJiTBFx3FGx\/AGB7BFx3EGR7AGB3HHSDfKiXAFh3TISHYNzbhKibbJyTTIiL57e325+f039\/v2NjUV1fOHiHiqanfmprch4feKSXVIyPOICHmLibFGh\/mLSe\/Fx7XJCPeKSXXJSPNHyHaJyTGGh7lLCbmLCflLSjSIiLkLCbdKSXLHiC\/GB3KHh++Fh3lKyfoLiXcKCPkx8fYb2\/XaGfVXl3aU1LLHiDksbHgKibPICHbJyTfKSXbJyTCGB3KHSDiKybFGh7TIiL\/\/\/\/VIyPRISHIHB\/GGx\/HHB\/DGR7gKibdKCXLHiDZJiTMHiDNHyHYJSTOICHPICHWJCPcKCXXJSPjLCblLCf+\/f3NGR\/uLijzLynPGR\/IGB7WISHaIyLLGh7UAADxLynNAADRLzDbICLQAADIAAD3MCrUHSHXMTDpKSbLAADp5OTij4\/ejo\/VLy\/1LyngJSTcJCPQHx\/OHB7+\/PzaMS\/OLS\/vLijrLSjSAADaNTPwLyjkKSbNJCbYISHPHB\/KGB7WAAD7+vrn3d3aKynTKCjoLCfsKifRGh\/YAADq5+fhjo7QNDXXKCfmJyXt5+fTLzDLLi\/QKivYHRvMGBrQJCXLISPMExXLDxLaEAvkkI\/bOTfaFQ\/SCgpvLcnHAAAAmnRSTlMA+vv7+gT9Bvf9+8z8\/NSv\/Pr5+P7++vnQIBMP\/v38\/Pn348XDiCYf9OjbzcqxXVcx\/fz8+\/rj1r2poo1+fXFqX0orGP7+\/v7+\/fz8+\/r68uzn4trIxsG\/vri3p6GcmZSNbWVYUUZEPQv+\/f39+\/v7+\/v7+vr64tvV1NTTz87FtbSurqeblJKFg4B3bUY+NjL7+\/v7+\/v67t1cDo8JLQAABkRJREFUWMO0kz9rwkAYh0OIeJkum6YugUAhISCdKoj\/P4C7SMdS+gEKIhSKil10LSg4mzXkILdlEpxCpwTiWOLX6BujvQaEQuGeHLnL+\/64J+SIcKGYTYWnntpdLjrVdqvZmNdn0+EE40GtpuuWVS6Xx6N7YDSGpWXpeq02wHgynM7q80az1a52HpddtVcpsi1zFARBrdaxbhp9iUReTGmwA4KAAr7vx3EYejnCMI6hQYEgy0LQi4jUN0wL19vqFcUC9\/1dAKmEEFkWRYkh5oBejnxQJiSJPJ\/uKBp0Thszx9Mw8hMRIQjKsptCfuES9zr5WJY6vSFCIvE9fCMUmEM1A1kSXcYGxgVYsvI1IPKTZciSTI0us\/SMGG04gDzELDoFBwdcFJrF88dqgYMTiL6DILWYyfOWE8\/kIz38olCNlC03FK95+imxp6y4oUSvAnBjHHhKNtotSDqJzVFiK8c2SBqhZtsrTtgrLXwAyduxZHNE26eHUt5rtuM4WSmds3G+sUdWYo1L+XyxButoh5eKUHk5lByO3G1LqqCWVnfrv\/lyPtf\/4ps1cndNGIri8J1TJ0lx6dR\/oPjq1nbRwdp2dCk4CtIOLW3pVKRL6WZfS5vF2KkIQhpwSsjiYIgNCs1gEMGqiIq24NQX9NwoXFy8Ufrl3twTcg4fv8T9\/JBEySduj6Mjm4bMzYV7EEOxKjjoNDud7yY3Dy71Hq2oLmqfbNR723edH9PgMrNL2utoQ3VmaIDkiw\/4w51P06hlZsTZvkRrbVuSIs\/zwSOsycgzStQouoAkWQqioRT5XI7n2Z1wfVhoZmcAJLsoqjqpjbWCgpOAJXBwHK8PzWbNvoUZJND5wCnSkLAkZ1legx6vqQzjoiTahKlGUGLAiIIoABOHaNVw4sexZBym6\/HWlH5h3IC7yRbxtipcWxdTOkORKiNQAEkFf66x5S2oeRbroOlLgg0sSYkR0hRGEqJZ0jTPiQKatESdBckpWigxaapEH0lImHdWu9pUFF2XqMNM2Z4kped7IwEJw2qabwtrQqnpw6HyKkgcadKWsmpywwesDyIhYRpdzXddqegtGIJlXbAIUMOLkGxJUjRIkokwjUaX9d\/kK62ps\/tYUqZLIMkLTyBhsMZ3C5Z\/kDxOSCb\/DOs\/\/J0qcWSX\/2ipe56EgTCA4\/cB7NAYOsni4mZM1MUPAISoEwkDi4lhVBQ1cWQyIcwalw4EpqZN68JUSK7XC0kTlkLYii5uXSC8jT5ncCAS7mjCv0uHp\/3lueHEEAeQ\/\/VgmdN71\/2uCSA1Xr6DO6uI6sW56zqT2tp2PhgiRUAajV8CY2fkcz6WGNKMgLAt7tJAhD4YHMTeRxlALE6+43WqjSWi8ITxyJl8WrwWSNESQZZOqhDDntO3hJLsd5RtSpbJqdv3YrDJH3F7jL1R2O2aQkn2MyCyKYz0GPGIvSAMgBCrCEiJyKbBaYGwLW4uPRr0A0M4Ux5kUI7IBh+hMdiCEWNqhMZGyYMsOgNE58UQuEQeUnSWCMYwL54hkxK6IoqucQZbQ3pc3XtL0lky1dL0zZJJDpWJovFqpWj6JEHnyam2eQp5QRVAVHjWparTOaVwUOx99YS2MvgxIGV0bb+qIg2HX2qkFFJB+XZcbLiuRkuxD9GRroKyveLxdh4d7Orx+hb7qc3uVRuEogCOnyIxm4ubUoPgF4jianDrC+SDQDKEfJb0GUKmjCGPYHGJvVC6X4hw1\/sAfQAdfYyephIaspXe36RwOP+Ljvfx9B6B3i+Nk0DGq+oCbLn6JpBa9nWAveAIHwFAwtVcIJXPMPL8kRu5OAYPMaL1WScTxjiZDqB9LTJSWphow\/pTYKRTLjCBhvi9iBidvKcDasGSm0QQkycYuLBqj6QCELPctqChDWpTRMWkngNNpQ1Pfp1KkiT\/Y0DGffXAweUNfLAfaJFKDwhb6I+bkYRbkERoEeu3Fyjg2opMz2daZCS9jt6Q7txNfB+OZEVF6Zl5web2xunnLQrtrjXseXKaFYziYINeMFZVxS9VxRhOoesYwxPKXm+gWLG9cuFeq93UNNeJNsf1KlwuDok9n02n3TgIJpOxNfL9naIoQwXtfH9kjceTIIi709ncTg6LZbg+biLH1V6u\/7rxBem06VXKn9raAAAAAElFTkSuQmCC\")      no-repeat center center \/ contain;  }  @media screen and (max-width: 960px) and (orientation: portrait) {    .logo {      width: 100%;    }    .logo .pc-banner {      display: none;    }    .logo .m-banner {      display: block;      width: 100%;    }    .logo .m-banner img {      height: auto!important;    }    .ytvideo {      height: 200px;      width: 100%;    }  }<\/style><style>  .video-section {    width: 100%;    margin: 0 auto;  }  .video-section > img {    width: 100%;  }  .video-section iframe,  .video-section video {    width: 100%;    height: 100%;      }  .video-section-img-m,  .video-section-img-pc > img {    width: 100%;    height: auto;  }  .video-section-img-pc.small > img {    width: 970px;  }  .video-desc {    line-height: 1.5;    font-size: 20px;    font-weight: 400;    margin: 20px 0;    text-align: center;    color: #0f1111;    word-break: break-word;  }  @media screen and (max-width: 960px) and (orientation: portrait) {    .video-section {      width: 100%;    }    .video-section-pc,    .video-section-img-pc {      display: none;    }    .video-section-m,    .video-section-img-m {      display: block;    }    .video-desc {      font-size: 15px;    }  }  @media screen and (min-width: 960px) {    .video-section {      width: 100%;      margin: 0 auto;    }    .video-section-pc,    .video-section-img-pc {      display: block;    }    .video-section-m,    .video-section-img-m {      display: none;    }    .video-desc {      font-size: 20px;    }  }<\/style><style>  .section + .section {    margin-top: 35px;  }  .section-title {    text-align: center;    font-weight: bold;    color: #0d1111;    font-family: \"Arial\";    font-size: 32px;    margin: 15px 0;  }  .section-title:empty {    display: none;  }  .section-desc {    text-align: center;    font-weight: normal;    color: #0d1111;    margin-top: 20px;  }  .section-desc:empty {    display: none;  }  .section-img {    width: 1200px;    height: 492px;    margin: 0 auto;    display: block;  }  .section-img.small {    width: 970px;    height: auto;  }  .section-img.small > img {    height: auto;  }  .section-img > img {    width: 100%;    height: 100%;  }  .section-mobile-img {    display: none;    max-width: 100vw;    max-height: 75vw;    height: 450px;    margin: 0 auto;  }  .section-mobile-img > img {    width: 100%;    height: 100%;  }  @media screen and (max-width: 960px) and (orientation: portrait) {    .container {      width: 100%;    }    .container.small {      width: 100%;    }    .section-mobile-img {      display: block;    }    .section-img {      display: none;    }    .section-title {      font-size: 22px;      margin: 10px 0;    }    .section-desc {      margin-top: 10px;    }    .section + .section {      margin-top: 20px;    }  }<\/style><\/head><body><div class=\"container small\"><div class=\"logo\"><div class=\"pc-banner small\"><div><img decoding=\"async\" src=\"\/vevor\/vevor\/boutique-banner\/pc\/en-pc@1x.jpg\" style=\"width: 100%;\" \/><\/div><\/div><div class=\"m-banner\"><div><img decoding=\"async\" src=\"\/vevor\/vevor\/boutique-banner\/mobile\/en-m@1x.jpg\" style=\"width: 100%;\" \/><\/div><\/div><\/div><div class=\"section-title\">Rolling K\u00e4sit\u00f6\u00f6 Ostukorvi ja Storage Tabel: Luua Kergust!<\/div><div class=\"video-section\"><div class=\"video-section-img-pc small\"><img decoding=\"async\" src=\"\/vevor\/product\/QGJZBSMABFB4OEX99\/craft-table-a100-1.4-pt.jpg\" \/><\/div><div class=\"video-section-img-m\"><img decoding=\"async\" src=\"\/vevor\/product\/QGJZBSMABFB4OEX99\/craft-table-a100-1.4-pt.jpg\" \/><\/div><div class=\"section-desc\">See rolling k\u00e4sit\u00f6\u00f6 ostukorvi ja storage tabel \u00fchildub k\u00f5igi l\u00f5ikamise masinad. Lisaks, see v\u00f5ib muutuda soojuse vajutage jaama, printer seisma, \u00f5mblemine ostukorvi, kingitus pakkimise tabel, v\u00f5i igap\u00e4evaseks s\u00e4ilitamise kapp vastavalt oma mitmekesise k\u00e4sit\u00f6\u00f6 ja kodus vaja.<\/div><\/div><div class=\"section\"><div class=\"section-title\"><\/div><div class=\"section-img small\"><img decoding=\"async\" src=\"\/vevor\/product\/QGJZBSMABFB4OEX99\/craft-table-a100-2.2-pt.jpg\" \/><\/div><div class=\"section-mobile-img\"><img decoding=\"async\" src=\"\/vevor\/product\/QGJZBSMABFB4OEX99\/craft-table-a100-2.2-pt.jpg\" \/><\/div><div class=\"section-desc\">K\u00e4sit\u00f6\u00f6 tabel organisatsiooni workstation kaasas kaks ruumikas kummutid, et pakkuda mugav ladustamise k\u00f5ik oma olulised k\u00e4sit\u00f6\u00f6 tarvikud, hoides oma t\u00f6\u00f6d pind puhas ja organiseeritud. Sahtlid avatud sujuvalt, v\u00f5imaldades kiiret ja lihtsat juurdep\u00e4\u00e4su oma punkte.<\/div><\/div><div class=\"section\"><div class=\"section-title\"><\/div><div class=\"section-img small\"><img decoding=\"async\" src=\"\/vevor\/product\/QGJZBSMABFB4OEX99\/craft-table-a100-2.3-pt.jpg\" \/><\/div><div class=\"section-mobile-img\"><img decoding=\"async\" src=\"\/vevor\/product\/QGJZBSMABFB4OEX99\/craft-table-a100-2.3-pt.jpg\" \/><\/div><div class=\"section-desc\">Kui vajate meisterdamiseks suurt tasast pinda, avage see organisatsiooni- ja salvestusruumi k\u00e4sit\u00f6\u00f6laud lihtsalt t\u00e4issuuruses, et tagada piisav t\u00f6\u00f6ruum. Kui olete l\u00f5petanud v\u00f5i teil on piiratud ruumi, saate selle h\u00f5lpsasti kompaktseks vormiks tagasi voltida, muutes selle h\u00f5lpsaks salvestamiseks.<\/div><\/div><div class=\"section\"><div class=\"section-title\"><\/div><div class=\"section-img small\"><img decoding=\"async\" src=\"\/vevor\/product\/QGJZBSMABFB4OEX99\/craft-table-a100-2.4-pt.jpg\" \/><\/div><div class=\"section-mobile-img\"><img decoding=\"async\" src=\"\/vevor\/product\/QGJZBSMABFB4OEX99\/craft-table-a100-2.4-pt.jpg\" \/><\/div><div class=\"section-desc\">See l\u00f5ikemasina laud, mille kaalumaht on kuni 110 naela, saab hakkama ka k\u00f5ige raskemate meisterdamisprojektidega. \u00dcksk\u00f5ik, kas kasutate professionaalset k\u00e4sit\u00f6\u00f6masinat, suurt stantsimismasinat v\u00f5i mitut vin\u00fc\u00fcl- ja soojus\u00fclekandematerjalide rulli, annab see stabiilse ja usaldusv\u00e4\u00e4rse toe.<\/div><\/div><div class=\"section\"><div class=\"section-title\"><\/div><div class=\"section-img small\"><img decoding=\"async\" src=\"\/vevor\/product\/QGJZBSMABFB4OEX99\/craft-table-a100-2.5-pt.jpg\" \/><\/div><div class=\"section-mobile-img\"><img decoding=\"async\" src=\"\/vevor\/product\/QGJZBSMABFB4OEX99\/craft-table-a100-2.5-pt.jpg\" \/><\/div><div class=\"section-desc\">See rolling k\u00e4sit\u00f6\u00f6 tabel ladustamiseks annab k\u00f5ik oma t\u00f6\u00f6riistad etten\u00e4htud kohas. Lihtsalt tagastada vahendid nende ladude p\u00e4rast kasutamist, mist\u00f5ttu on neid lihtne leida j\u00e4rgmisel k\u00fclastusel. See mitte ainult ei s\u00e4\u00e4sta aega, vaid ka aitab s\u00e4ilitada selget meelt ja meeldiva meeleolu ajal oma loomingulise protsessi.<\/div><\/div><div class=\"section\"><div class=\"section-img small\"><img decoding=\"async\" src=\"\/vevor\/product\/QGJZBSMABFB4OEX99\/craft-table-a100-1.11-pt.jpg\" \/><\/div><div class=\"section-mobile-img\"><img decoding=\"async\" src=\"\/vevor\/product\/QGJZBSMABFB4OEX99\/craft-table-a100-1.11-pt.jpg\" \/><\/div><\/div><\/div><\/body><\/html><\/div>\n<div class=\"DM_at-title\" id=\"js-DM_at-title\"> <div>Toote spetsifikatsioon<\/div> <i class=\"icon-arrowup_line\"><\/i> <\/div><div class=\"DM_at-goodsDescAttr\" id=\"js-DM_at-goodsDescAttr\"> <div class=\"DM_at-goodsDescAttrInner\"> <dl class=\"goodsDesc_item goodsDesc_item_even\"> <dt>Punkt Mudeli Number<\/dt> <dd> C240406S-01<\/dd> <\/dl> <dl class=\"goodsDesc_item\"> <dt>Konfiguratsioon<\/dt> <dd> Kokkupandav Lauaarvuti + 3-Taseme S\u00e4ilitamine Riiul + 2 L\u00f5uend Sahtlid (Helehall)<\/dd> <\/dl> <dl class=\"goodsDesc_item goodsDesc_item_even\"> <dt>Vin\u00fc\u00fcl Hammas Auk<\/dt> <dd> \u03c61.97 \/ \u03c650 mm<\/dd> <\/dl> <dl class=\"goodsDesc_item\"> <dt>Pool Rippuvad Liimiga Rull<\/dt> <dd> 0<\/dd> <\/dl> <dl class=\"goodsDesc_item goodsDesc_item_even\"> <dt>\u00dcldine Kandev\u00f5ime<\/dt> <dd> 110 lb \/ 50 kg<\/dd> <\/dl> <dl class=\"goodsDesc_item\"> <dt>Kokkupandav Jagu Kandev\u00f5ime<\/dt> <dd> 33 lb \/ 15 kg<\/dd> <\/dl> <dl class=\"goodsDesc_item goodsDesc_item_even\"> <dt>Neto Kaal (Sealhulgas K\u00f5ik Tarvikud)<\/dt> <dd> 35.05 lb \/ 15.9 kg<\/dd> <\/dl> <\/div> <\/div>","protected":false},"excerpt":{"rendered":"<ul>\n<li> All-in-One Storage: Meie rolling k\u00e4sit\u00f6\u00f6 ostukorvi ja storage tabel vastab k\u00f5igile teie ladustamise vajadusi kahe mahukas kummutid, et pakkuda diskreetne ja korralik ladustamine paber-ja muud v\u00e4iksemad tarvikud k\u00e4sit\u00f6\u00f6. Kesk-vin\u00fc\u00fcl rulli hammas mahub kuni 14 rullides vin\u00fc\u00fcl <\/li>\n<li> Tugev ja Vastupidav: Tehtud keskmise tihedusega fiberboard ja k\u00f5rge kvaliteediga terasest, see k\u00e4sit\u00f6\u00f6 tabel organisatsiooni t\u00f6\u00f6jaama saab toetada kuni 110 \u00a3 ja on immuuns\u00fcsteemi deformatsioon ja kahju. See on endiselt stabiilne suurtel koormustel, nagu suur k\u00e4sit\u00f6\u00f6 seadmeid, t\u00f6\u00f6riistu v\u00f5i materjale, ilma wobbling v\u00f5i kallutades <\/li>\n<li> Universaalne \u00dchilduvus: Koos \u00fcldise m\u00f5\u00f5tmed 47.17 x x 14.17 31.81 in \/ 1198 x 360 x 808 mm, selle organisatsiooni ja ladustamine k\u00e4sit\u00f6\u00f6 tabel \u00fchildub k\u00f5igi giljotiinid ja soojuse vajutage masinad. On kokkupandav disain veelgi s\u00e4\u00e4stab ruumi <\/li>\n<li> Lihtne Liigutada: Varustatud nelja kvaliteetsed p\u00f6\u00f6rlevad rattad, see k\u00e4sit\u00f6\u00f6 jooksva ladustamise korraldaja teeb liikuvaid pingutusteta. Kas vaip v\u00f5i k\u00f5vade p\u00f5randate, rattad omakorda sujuvalt ja \u00fchtlaselt, ilma j\u00e4\u00e4dagi v\u00f5i teha m\u00fcra <\/li>\n<li> Lai Rakendus: See rolling k\u00e4sit\u00f6\u00f6 ladustamise ostukorv v\u00f5ib olla ka k\u00e4sit\u00f6\u00f6 tabel, \u00f5mblemine laud, printer seisma, v\u00f5i kingitus pakkimise ostukorvi. See on ideaalne kingitus pere ja s\u00f5prade s\u00fcnnip\u00e4evad, p\u00fchad, J\u00f5ulud, Thanksgiving, ja muudel erijuhtudel <\/li>\n<\/ul>","protected":false},"featured_media":381170,"comment_status":"open","ping_status":"open","template":"","meta":{"om_disable_all_campaigns":false,"_monsterinsights_skip_tracking":false,"_monsterinsights_sitenote_active":false,"_monsterinsights_sitenote_note":"","_monsterinsights_sitenote_category":0,"_uf_show_specific_survey":0,"_uf_disable_surveys":false},"location":[1935,1934],"product_brand":[21],"product_cat":[4987,5040,2506],"product_tag":[],"class_list":{"0":"post-159194","1":"product","2":"type-product","3":"status-publish","4":"has-post-thumbnail","6":"location-supplier_stock_location","7":"location-local_stock_location","8":"product_brand-vevor","9":"product_cat-craft-storage","10":"product_cat-cricut-table","11":"product_cat-storage-organization-2","13":"first","14":"outofstock","15":"taxable","16":"shipping-taxable","17":"purchasable","18":"product-type-simple"},"aioseo_notices":[],"jetpack_sharing_enabled":true,"locations":[{"id":1935,"name":"Pieg\u0101d\u0101t\u0101ja noliktav\u0101 (5-7d.d.)","slug":"supplier_stock_location","quantity":"0"},{"id":1934,"name":"R\u012bgas veikal\u0101 (0-2d.d.)","slug":"local_stock_location","quantity":"0"}],"_links":{"self":[{"href":"https:\/\/vevorshop.lv\/et\/wp-json\/wp\/v2\/product\/159194","targetHints":{"allow":["GET"]}}],"collection":[{"href":"https:\/\/vevorshop.lv\/et\/wp-json\/wp\/v2\/product"}],"about":[{"href":"https:\/\/vevorshop.lv\/et\/wp-json\/wp\/v2\/types\/product"}],"replies":[{"embeddable":true,"href":"https:\/\/vevorshop.lv\/et\/wp-json\/wp\/v2\/comments?post=159194"}],"wp:featuredmedia":[{"embeddable":true,"href":"https:\/\/vevorshop.lv\/et\/wp-json\/wp\/v2\/media\/381170"}],"wp:attachment":[{"href":"https:\/\/vevorshop.lv\/et\/wp-json\/wp\/v2\/media?parent=159194"}],"wp:term":[{"taxonomy":"location","embeddable":true,"href":"https:\/\/vevorshop.lv\/et\/wp-json\/wp\/v2\/location?post=159194"},{"taxonomy":"product_brand","embeddable":true,"href":"https:\/\/vevorshop.lv\/et\/wp-json\/wp\/v2\/product_brand?post=159194"},{"taxonomy":"product_cat","embeddable":true,"href":"https:\/\/vevorshop.lv\/et\/wp-json\/wp\/v2\/product_cat?post=159194"},{"taxonomy":"product_tag","embeddable":true,"href":"https:\/\/vevorshop.lv\/et\/wp-json\/wp\/v2\/product_tag?post=159194"}],"curies":[{"name":"wp","href":"https:\/\/api.w.org\/{rel}","templated":true}]}}