{"id":160568,"date":"2025-04-12T04:05:11","date_gmt":"2025-04-12T04:05:11","guid":{"rendered":"https:\/\/vevorshop.lv\/en_us\/Prece\/vevor-183cm-air-hockey-table-with-led-lights-electronic-scoring-pushers-pucks-indoor-arcade-game-for-4-players\/"},"modified":"2026-04-19T17:54:57","modified_gmt":"2026-04-19T14:54:57","slug":"vevor-183cm-air-hockey-table-with-led-lights-electronic-scoring-pushers-pucks-indoor-arcade-game-for-4-players","status":"publish","type":"product","link":"https:\/\/vevorshop.lv\/et\/Prece\/vevor-183-cm-ohuhokilaud-led-tuledega-elektroonilised-punktitokurid-litrid-siseruumides-arkaadmang-4-mangijale\/","title":{"rendered":"VEVOR 183cm \u00d5huhoki Laud LED Tulede ja Elektroonilise Tulemuste Tahvliga, 2 Litterit ja L\u00fckke \u2013 Siseruumide M\u00e4ng Lastele ja T\u00e4iskasvanutele"},"content":{"rendered":"<div style=\"color: #fff!important; font-size: 16px; height: 24px; line-height: 24px; margin-top: -24px; \" class=\"product_original_name\">VEVOR \u00f5huj\u00f5ul t\u00f6\u00f6tav hokilaud, sisehokilaud lastele ja t\u00e4iskasvanutele, LED-spordihokim\u00e4ng 2 litri, 2 t\u00f5ukuri ja elektroonilise punktis\u00fcsteemiga, arkaadm\u00e4ngude komplekt m\u00e4ngutoa perekodu jaoks<\/div>\n<div style=\"color: #fff!important; font-size: 16px; height: 24px; line-height: 24px; margin-top: -24px; \" class=\"product_sku\">M9DOY52D<\/div>\n<div style=\"color: #fff!important; font-size: 16px; height: 24px; line-height: 24px; margin-top: -24px; \" class=\"product_mpn\">DZJFKQQGQZ80D80L1V2<\/div><div id=\"js-DM_at-goodDescRich\"><html><head><style>  body {    font-family: Arial;    line-height: 1.5;    color: #1c1c1c;    overflow-x: hidden;    margin: 0;    padding: 0;  }  .MsoNormal b {    font-weight: bolder;  }<\/style><style>  .container.small {    width: 970px;    margin: 0 auto;  }  .logo {    margin: 0 auto 0;  }  .logo img {    display: block;    margin: 0 auto;    max-width: 100%;  }  .logo .pc-banner {    display: block;    width: 1200px;    height: 247.4px;    margin: 0 auto;  }  .logo .pc-banner.small {    width: 970px;  }  .logo .pc-banner.small img {    height: auto!important;  }  .logo .m-banner {    display: none;  }  .ytvideo {    position: relative;    height: 546px;    width: 100%;    margin: 0 auto;  }  .ytvideo img {    width: 100%;    margin: 0 auto;  }  .ytvideo .play-btn {    width: 60px;    height: 42px;    position: absolute;    top: 50%;    left: 50%;    transform: translate(-50%, -50%);    background: url(\"data:image\/png;base64,iVBORw0KGgoAAAANSUhEUgAAAGQAAABGCAMAAAANWMFbAAAC+lBMVEUAAADBGB3kLCfBGB3kLCfcJC7BFx3KKSbiKybkLCbWJCPSIiLSIiLPICHAFx3kLCfgKSXNHiDZJiTIGx\/p4eHcjo7LHSDbJyTkLCbjKyfOHyHPIiL28fHJHB\/GGh7EGR7eKCXDGB3RISHlLSbBGB3AFxzGHB7DGB7BGB3hKybkKybAFx3lLCfAFxzDGR3hKibDGB7cJyTmz8\/elJTlwcHjurrUIyLlLSflLSfAFx3DGR7lLSfCFx3hKibhKibhKybjKybkLCblLSfbJSX49vbx7e3NNzjNMTLMJyjVIyLZf3\/ZQ0LaeHjx0tLgoqLkLCfCGB3HGx\/BGB3BFx3PICHCGB7WJCLOHyC\/Fxy\/Fx3lLCfQISHkLSe\/FxzbJiTBFx3FGx\/AGB7BFx3EGR7AGB3HHSDfKiXAFh3TISHYNzbhKibbJyTTIiL57e325+f039\/v2NjUV1fOHiHiqanfmprch4feKSXVIyPOICHmLibFGh\/mLSe\/Fx7XJCPeKSXXJSPNHyHaJyTGGh7lLCbmLCflLSjSIiLkLCbdKSXLHiC\/GB3KHh++Fh3lKyfoLiXcKCPkx8fYb2\/XaGfVXl3aU1LLHiDksbHgKibPICHbJyTfKSXbJyTCGB3KHSDiKybFGh7TIiL\/\/\/\/VIyPRISHIHB\/GGx\/HHB\/DGR7gKibdKCXLHiDZJiTMHiDNHyHYJSTOICHPICHWJCPcKCXXJSPjLCblLCf+\/f3NGR\/uLijzLynPGR\/IGB7WISHaIyLLGh7UAADxLynNAADRLzDbICLQAADIAAD3MCrUHSHXMTDpKSbLAADp5OTij4\/ejo\/VLy\/1LyngJSTcJCPQHx\/OHB7+\/PzaMS\/OLS\/vLijrLSjSAADaNTPwLyjkKSbNJCbYISHPHB\/KGB7WAAD7+vrn3d3aKynTKCjoLCfsKifRGh\/YAADq5+fhjo7QNDXXKCfmJyXt5+fTLzDLLi\/QKivYHRvMGBrQJCXLISPMExXLDxLaEAvkkI\/bOTfaFQ\/SCgpvLcnHAAAAmnRSTlMA+vv7+gT9Bvf9+8z8\/NSv\/Pr5+P7++vnQIBMP\/v38\/Pn348XDiCYf9OjbzcqxXVcx\/fz8+\/rj1r2poo1+fXFqX0orGP7+\/v7+\/fz8+\/r68uzn4trIxsG\/vri3p6GcmZSNbWVYUUZEPQv+\/f39+\/v7+\/v7+vr64tvV1NTTz87FtbSurqeblJKFg4B3bUY+NjL7+\/v7+\/v67t1cDo8JLQAABkRJREFUWMO0kz9rwkAYh0OIeJkum6YugUAhISCdKoj\/P4C7SMdS+gEKIhSKil10LSg4mzXkILdlEpxCpwTiWOLX6BujvQaEQuGeHLnL+\/64J+SIcKGYTYWnntpdLjrVdqvZmNdn0+EE40GtpuuWVS6Xx6N7YDSGpWXpeq02wHgynM7q80az1a52HpddtVcpsi1zFARBrdaxbhp9iUReTGmwA4KAAr7vx3EYejnCMI6hQYEgy0LQi4jUN0wL19vqFcUC9\/1dAKmEEFkWRYkh5oBejnxQJiSJPJ\/uKBp0Thszx9Mw8hMRIQjKsptCfuES9zr5WJY6vSFCIvE9fCMUmEM1A1kSXcYGxgVYsvI1IPKTZciSTI0us\/SMGG04gDzELDoFBwdcFJrF88dqgYMTiL6DILWYyfOWE8\/kIz38olCNlC03FK95+imxp6y4oUSvAnBjHHhKNtotSDqJzVFiK8c2SBqhZtsrTtgrLXwAyduxZHNE26eHUt5rtuM4WSmds3G+sUdWYo1L+XyxButoh5eKUHk5lByO3G1LqqCWVnfrv\/lyPtf\/4ps1cndNGIri8J1TJ0lx6dR\/oPjq1nbRwdp2dCk4CtIOLW3pVKRL6WZfS5vF2KkIQhpwSsjiYIgNCs1gEMGqiIq24NQX9NwoXFy8Ufrl3twTcg4fv8T9\/JBEySduj6Mjm4bMzYV7EEOxKjjoNDud7yY3Dy71Hq2oLmqfbNR723edH9PgMrNL2utoQ3VmaIDkiw\/4w51P06hlZsTZvkRrbVuSIs\/zwSOsycgzStQouoAkWQqioRT5XI7n2Z1wfVhoZmcAJLsoqjqpjbWCgpOAJXBwHK8PzWbNvoUZJND5wCnSkLAkZ1legx6vqQzjoiTahKlGUGLAiIIoABOHaNVw4sexZBym6\/HWlH5h3IC7yRbxtipcWxdTOkORKiNQAEkFf66x5S2oeRbroOlLgg0sSYkR0hRGEqJZ0jTPiQKatESdBckpWigxaapEH0lImHdWu9pUFF2XqMNM2Z4kped7IwEJw2qabwtrQqnpw6HyKkgcadKWsmpywwesDyIhYRpdzXddqegtGIJlXbAIUMOLkGxJUjRIkokwjUaX9d\/kK62ps\/tYUqZLIMkLTyBhsMZ3C5Z\/kDxOSCb\/DOs\/\/J0qcWSX\/2ipe56EgTCA4\/cB7NAYOsni4mZM1MUPAISoEwkDi4lhVBQ1cWQyIcwalw4EpqZN68JUSK7XC0kTlkLYii5uXSC8jT5ncCAS7mjCv0uHp\/3lueHEEAeQ\/\/VgmdN71\/2uCSA1Xr6DO6uI6sW56zqT2tp2PhgiRUAajV8CY2fkcz6WGNKMgLAt7tJAhD4YHMTeRxlALE6+43WqjSWi8ITxyJl8WrwWSNESQZZOqhDDntO3hJLsd5RtSpbJqdv3YrDJH3F7jL1R2O2aQkn2MyCyKYz0GPGIvSAMgBCrCEiJyKbBaYGwLW4uPRr0A0M4Ux5kUI7IBh+hMdiCEWNqhMZGyYMsOgNE58UQuEQeUnSWCMYwL54hkxK6IoqucQZbQ3pc3XtL0lky1dL0zZJJDpWJovFqpWj6JEHnyam2eQp5QRVAVHjWparTOaVwUOx99YS2MvgxIGV0bb+qIg2HX2qkFFJB+XZcbLiuRkuxD9GRroKyveLxdh4d7Orx+hb7qc3uVRuEogCOnyIxm4ubUoPgF4jianDrC+SDQDKEfJb0GUKmjCGPYHGJvVC6X4hw1\/sAfQAdfYyephIaspXe36RwOP+Ljvfx9B6B3i+Nk0DGq+oCbLn6JpBa9nWAveAIHwFAwtVcIJXPMPL8kRu5OAYPMaL1WScTxjiZDqB9LTJSWphow\/pTYKRTLjCBhvi9iBidvKcDasGSm0QQkycYuLBqj6QCELPctqChDWpTRMWkngNNpQ1Pfp1KkiT\/Y0DGffXAweUNfLAfaJFKDwhb6I+bkYRbkERoEeu3Fyjg2opMz2daZCS9jt6Q7txNfB+OZEVF6Zl5web2xunnLQrtrjXseXKaFYziYINeMFZVxS9VxRhOoesYwxPKXm+gWLG9cuFeq93UNNeJNsf1KlwuDok9n02n3TgIJpOxNfL9naIoQwXtfH9kjceTIIi709ncTg6LZbg+biLH1V6u\/7rxBem06VXKn9raAAAAAElFTkSuQmCC\")      no-repeat center center \/ contain;  }  @media screen and (max-width: 960px) and (orientation: portrait) {    .logo {      width: 100%;    }    .logo .pc-banner {      display: none;    }    .logo .m-banner {      display: block;      width: 100%;    }    .logo .m-banner img {      height: auto!important;    }    .ytvideo {      height: 200px;      width: 100%;    }  }<\/style><style>  .video-section {    width: 100%;    margin: 0 auto;  }  .video-section > img {    width: 100%;  }  .video-section iframe,  .video-section video {    width: 100%;    height: 100%;      }  .video-section-img-m,  .video-section-img-pc > img {    width: 100%;    height: auto;  }  .video-section-img-pc.small > img {    width: 970px;  }  .video-desc {    line-height: 1.5;    font-size: 20px;    font-weight: 400;    margin: 20px 0;    text-align: center;    color: #0f1111;    word-break: break-word;  }  @media screen and (max-width: 960px) and (orientation: portrait) {    .video-section {      width: 100%;    }    .video-section-pc,    .video-section-img-pc {      display: none;    }    .video-section-m,    .video-section-img-m {      display: block;    }    .video-desc {      font-size: 15px;    }  }  @media screen and (min-width: 960px) {    .video-section {      width: 100%;      margin: 0 auto;    }    .video-section-pc,    .video-section-img-pc {      display: block;    }    .video-section-m,    .video-section-img-m {      display: none;    }    .video-desc {      font-size: 20px;    }  }<\/style><style>  .section + .section {    margin-top: 35px;  }  .section-title {    text-align: center;    font-weight: bold;    color: #0d1111;    font-family: \"Arial\";    font-size: 32px;    margin: 15px 0;  }  .section-title:empty {    display: none;  }  .section-desc {    text-align: center;    font-weight: normal;    color: #0d1111;    margin-top: 20px;  }  .section-desc:empty {    display: none;  }  .section-img {    width: 1200px;    height: 492px;    margin: 0 auto;    display: block;  }  .section-img.small {    width: 970px;    height: auto;  }  .section-img.small > img {    height: auto;  }  .section-img > img {    width: 100%;    height: 100%;  }  .section-mobile-img {    display: none;    max-width: 100vw;    max-height: 75vw;    height: 450px;    margin: 0 auto;  }  .section-mobile-img > img {    width: 100%;    height: 100%;  }  @media screen and (max-width: 960px) and (orientation: portrait) {    .container {      width: 100%;    }    .container.small {      width: 100%;    }    .section-mobile-img {      display: block;    }    .section-img {      display: none;    }    .section-title {      font-size: 22px;      margin: 10px 0;    }    .section-desc {      margin-top: 10px;    }    .section + .section {      margin-top: 20px;    }  }<\/style><\/head><body><div class=\"container\"><div class=\"logo\"><div class=\"pc-banner\"><div><img decoding=\"async\" src=\"\/vevor\/vevor\/boutique-banner\/pc\/en-pc@1x.jpg\" style=\"width: 100%;\" \/><\/div><\/div><div class=\"m-banner\"><div><img decoding=\"async\" src=\"\/vevor\/vevor\/boutique-banner\/mobile\/en-m@1x.jpg\" style=\"width: 100%;\" \/><\/div><\/div><\/div><div class=\"section-title\">LED \u00f5huj\u00f5ul t\u00f6\u00f6tav hokilaud<\/div><div class=\"video-section\"><video class=\"video-section-pc\" controls poster=\"\/vevor\/product\/DZJFKQQGQZ80D80L1\/hockey-table-a100-1.4.jpg\"><source src=\"\/vevor\/product\/DZJFKQQGQZ80D80L1\/hockey-table-tvc2-w.mp4\" type=\"video\/mp4\" \/><\/video><video class=\"video-section-m\" controls poster=\"\/vevor\/product\/DZJFKQQGQZ80D80L1\/hockey-table-a100-1.4-m.jpg\"><source src=\"\/vevor\/product\/DZJFKQQGQZ80D80L1\/hockey-table-tvc2-w.mp4\" type=\"video\/mp4\" \/><\/video><div class=\"section-desc\">See \u00f5huhokilaud s\u00e4rab oma sisseehitatud LED-valgusribadega eredalt, pakkudes elavat ja kaasahaaravat m\u00e4nguatmosf\u00e4\u00e4ri. 4 m\u00e4ngijaga mat\u0161iks loodud laua s\u00e4ra intensiivistab m\u00e4ngukogemust, eriti kui ruumivalgustid on h\u00e4marad, v\u00f5imendades m\u00e4ngu p\u00f5nevust.<\/div><\/div><div class=\"section\"><div class=\"section-title\"><\/div><div class=\"section-img\"><img decoding=\"async\" src=\"\/vevor\/product\/DZJFKQQGQZ80D80L1\/hockey-table-a100-2.2.jpg\" alt=\"VEVOR \u00f5huhokilaud kriimustuskindla pvc-pinna, mitteformeeritava mdf-plaadi ja 120 v mootoriga.\" \/><\/div><div class=\"section-mobile-img\"><img decoding=\"async\" src=\"\/vevor\/product\/DZJFKQQGQZ80D80L1\/hockey-table-a100-2.2-m.jpg\" alt=\"VEVOR \u00f5huhokilaud kriimustuskindla pvc-pinna, mitteformeeritava mdf-plaadi ja 120 v mootoriga.\" \/><\/div><div class=\"section-desc\">Laua pind on valmistatud sileda, kriimustuskindla PVC viimistlusega. T\u00e4iendatud hingava MDF-plaadiga, mis peab vastu k\u00f5verdumisele, on vastupidavad ja vastupidavad materjalid korrosioonikindlad, tagades l\u00f5putud m\u00e4nguseansid.<\/div><\/div><div class=\"section\"><div class=\"section-title\"><\/div><div class=\"section-img\"><img decoding=\"async\" src=\"\/vevor\/product\/DZJFKQQGQZ80D80L1\/hockey-table-a100-2.3.jpg\" alt=\"VEVOR \u00f5huhokilaud siledate kaitsenurkadega ja reguleeritavate jalatasandajatega tasakaalustatud aluse jaoks.\" \/><\/div><div class=\"section-mobile-img\"><img decoding=\"async\" src=\"\/vevor\/product\/DZJFKQQGQZ80D80L1\/hockey-table-a100-2.3-m.jpg\" alt=\"VEVOR \u00f5huhokilaud siledate kaitsenurkadega ja reguleeritavate jalatasandajatega tasakaalustatud aluse jaoks.\" \/><\/div><div class=\"section-desc\">120V mootoriga juhitav \u00f5huhokilaud tagab katkematu \u00f5huvoolu, tugeva tuuleiiliga autentse m\u00e4ngutunde. Nautige m\u00e4ngus, mis \u00fchendab kiiruse ja p\u00f5nevuse igal sammul.<\/div><\/div><div class=\"section\"><div class=\"section-title\"><\/div><div class=\"section-img\"><img decoding=\"async\" src=\"\/vevor\/product\/DZJFKQQGQZ80D80L1\/hockey-table-a100-2.4.jpg\" alt=\"VEVOR \u00f5huhokilaud elektroonilise skooritegija ja s\u00e4ravate LED-tuledega, et parandada m\u00e4ngukogemust.\" \/><\/div><div class=\"section-mobile-img\"><img decoding=\"async\" src=\"\/vevor\/product\/DZJFKQQGQZ80D80L1\/hockey-table-a100-2.4-m.jpg\" alt=\"VEVOR \u00f5huhokilaud elektroonilise skooritegija ja s\u00e4ravate LED-tuledega, et parandada m\u00e4ngukogemust.\" \/><\/div><div class=\"section-desc\">P\u00fcsige oma m\u00e4ngu peal LED-elektroonilise tulemustabeliga. Iga v\u00e4rav tundub t\u00e4histatud s\u00fcndmusena ja saate m\u00e4ngu edenemist vaevata j\u00e4lgida, ilma et peaksite kunagi fookust kaotama.<\/div><\/div><div class=\"section\"><div class=\"section-title\"><\/div><div class=\"section-img\"><img decoding=\"async\" src=\"\/vevor\/product\/DZJFKQQGQZ80D80L1\/hockey-table-a100-2.5.jpg\" alt=\"vevor-i \u00f5huhokilaua erinevad rakendused: perer\u00f5\u00f5m, t\u00f6\u00f6stressi leevendamine ja kinkimine.\" \/><\/div><div class=\"section-mobile-img\"><img decoding=\"async\" src=\"\/vevor\/product\/DZJFKQQGQZ80D80L1\/hockey-table-a100-2.5-m.jpg\" alt=\"vevor-i \u00f5huhokilaua erinevad rakendused: perer\u00f5\u00f5m, t\u00f6\u00f6stressi leevendamine ja kinkimine.\" \/><\/div><div class=\"section-desc\">Saalihoki m\u00e4ngulaual on reguleeritavad jalad, mis tagavad \u00f5iglase mat\u0161i jaoks \u00fchtlase m\u00e4ngupinna. \u00dcmardatud kaitseservad on integreeritud, v\u00e4ltides v\u00f5imalikke vigastusi nende intensiivsete m\u00e4ngude ajal.<\/div><\/div><div class=\"section\"><div class=\"section-img\"><img decoding=\"async\" src=\"\/vevor\/product\/DZJFKQQGQZ80D80L1\/hockey-table-a100-1.11.jpg\" alt=\"VEVOR \u00f5huhokilaud led skooritegija, mdf lauakonstruktsiooni ja punaste litritega, m\u00f5\u00f5tmed: 72&quot;x40&quot;x32&quot;.\" \/><\/div><div class=\"section-mobile-img\"><img decoding=\"async\" src=\"\/vevor\/product\/DZJFKQQGQZ80D80L1\/hockey-table-a100-1.11-m.jpg\" alt=\"VEVOR \u00f5huhokilaud led skooritegija, mdf lauakonstruktsiooni ja punaste litritega, m\u00f5\u00f5tmed: 72&quot;x40&quot;x32&quot;.\" \/><\/div><\/div><\/div><\/body><\/html><\/div>\n<div class=\"DM_at-title\" id=\"js-DM_at-title\"> <div>Toote spetsifikatsioon<\/div> <i class=\"icon-arrowup_line\"><\/i> <\/div><div class=\"DM_at-goodsDescAttr\" id=\"js-DM_at-goodsDescAttr\"> <div class=\"DM_at-goodsDescAttrInner\"> <dl class=\"goodsDesc_item goodsDesc_item_even\"> <dt>Punkt Mudeli Number<\/dt> <dd> AH627US\/EL<\/dd> <\/dl> <dl class=\"goodsDesc_item\"> <dt>Materjal<\/dt> <dd> MDF Juhatuse<\/dd> <\/dl> <dl class=\"goodsDesc_item goodsDesc_item_even\"> <dt>Neto Kaal<\/dt> <dd> 106 lbs \/ 48 kg<\/dd> <\/dl> <\/div> <\/div>","protected":false},"excerpt":{"rendered":"<ul>\n<li> LED-valgustuse funktsioon: kogege t\u00e4ie\u00f5iguslikku m\u00e4ngu\u00f5hkkonda 72\u2033 \u00f5huj\u00f5ul t\u00f6\u00f6tava hokilauaga, mis on varustatud pimestavate LED-valgusribadega. 4-liikmelise r\u00fchma jaoks ideaalne laua kiirgustuled t\u00f5stavad m\u00e4ngu, kui ruumivalgustid on v\u00e4lja l\u00fclitatud, muutes m\u00e4ngu veelgi p\u00f5nevamaks. <\/li>\n<li> Ehitatud kestma: \u00f5huj\u00f5ul t\u00f6\u00f6taval hokilaual on kriimustuskindel PVC-pind, hingav ja l\u00f5imekindel MDF-plaat. Valmistatud materjalidest, mis on vastupidavad, vastupidavad ja korrosioonikindlad, lubab see katkematuid m\u00e4nguseansse. <\/li>\n<li> V\u00f5imas \u00f5huvool: 120 V mootoriga nautige pidevat \u00f5huvoolu, pakkudes autentset m\u00e4ngukogemust. Mootori tugev v\u00f5imsus tagab teile kiire tempo ja kirgliku m\u00e4ngu t\u00f5elise olemuse. <\/li>\n<li> Elektrooniline punktiarvestus: spordi arkaadm\u00e4ngudega on kaasas LED-elektrooniline tulemustabel, mis muudab iga v\u00e4rava suurejooneliseks tseremooniaks. J\u00e4lgige tegevust pingutuseta, kaotamata elektroonilise punktiarvestuse kasutamise ajal fookust. <\/li>\n<li> L\u00e4bim\u00f5eldud disain: sisaldab reguleeritavaid tasakaalujalgu, mis tagavad, et laud j\u00e4\u00e4b tasaseks, muutes m\u00e4ngud \u00f5iglasemaks. Sujuvad kaitseservad hoiavad \u00e4ra vigastuste tekkimise intensiivsete mat\u0161ide ajal. See siseruumides asuv arkaadm\u00e4ngukomplekt sobib suurep\u00e4raselt perele v\u00f5i s\u00f5pradele nautimiseks. <\/li>\n<\/ul>","protected":false},"featured_media":383065,"comment_status":"open","ping_status":"open","template":"","meta":{"om_disable_all_campaigns":false,"_uf_show_specific_survey":0,"_uf_disable_surveys":false},"location":[1935,1934],"product_brand":[21],"product_cat":[4952,2817,2816,2378],"product_tag":[],"class_list":{"0":"post-160568","1":"product","2":"type-product","3":"status-publish","4":"has-post-thumbnail","6":"location-supplier_stock_location","7":"location-local_stock_location","8":"product_brand-vevor","9":"product_cat-air-hockey-table","10":"product_cat-game-room","11":"product_cat-games-sports-outdoors","12":"product_cat-sports-outdoors","14":"first","15":"instock","16":"taxable","17":"shipping-taxable","18":"purchasable","19":"product-type-simple"},"aioseo_notices":[],"locations":[{"id":1935,"name":"Pieg\u0101d\u0101t\u0101ja noliktav\u0101 (5-7dd)","slug":"supplier_stock_location","quantity":"101"},{"id":1934,"name":"R\u012bgas veikal\u0101 (0-2d.d.)","slug":"local_stock_location","quantity":"0"}],"_links":{"self":[{"href":"https:\/\/vevorshop.lv\/et\/wp-json\/wp\/v2\/product\/160568","targetHints":{"allow":["GET"]}}],"collection":[{"href":"https:\/\/vevorshop.lv\/et\/wp-json\/wp\/v2\/product"}],"about":[{"href":"https:\/\/vevorshop.lv\/et\/wp-json\/wp\/v2\/types\/product"}],"replies":[{"embeddable":true,"href":"https:\/\/vevorshop.lv\/et\/wp-json\/wp\/v2\/comments?post=160568"}],"wp:featuredmedia":[{"embeddable":true,"href":"https:\/\/vevorshop.lv\/et\/wp-json\/wp\/v2\/media\/383065"}],"wp:attachment":[{"href":"https:\/\/vevorshop.lv\/et\/wp-json\/wp\/v2\/media?parent=160568"}],"wp:term":[{"taxonomy":"location","embeddable":true,"href":"https:\/\/vevorshop.lv\/et\/wp-json\/wp\/v2\/location?post=160568"},{"taxonomy":"product_brand","embeddable":true,"href":"https:\/\/vevorshop.lv\/et\/wp-json\/wp\/v2\/product_brand?post=160568"},{"taxonomy":"product_cat","embeddable":true,"href":"https:\/\/vevorshop.lv\/et\/wp-json\/wp\/v2\/product_cat?post=160568"},{"taxonomy":"product_tag","embeddable":true,"href":"https:\/\/vevorshop.lv\/et\/wp-json\/wp\/v2\/product_tag?post=160568"}],"curies":[{"name":"wp","href":"https:\/\/api.w.org\/{rel}","templated":true}]}}