{"id":162166,"date":"2025-05-03T04:04:01","date_gmt":"2025-05-03T04:04:01","guid":{"rendered":"https:\/\/vevorshop.lv\/en_us\/Prece\/vevor-large-cat-exercise-wheel-91-cm-indoor-cat-treadmill-for-active-play-and-fitness\/"},"modified":"2026-05-09T10:13:01","modified_gmt":"2026-05-09T07:13:01","slug":"vevor-large-cat-exercise-wheel-91-cm-indoor-cat-treadmill-for-active-play-and-fitness","status":"publish","type":"product","link":"https:\/\/vevorshop.lv\/et\/Prece\/vevor-suur-kassi-treeningratas-91-cm-siseruumides-kassi-jooksulint-aktiivseks-mangimiseks-ja-fitnessiks\/","title":{"rendered":"VEVOR suur kasside jooksuratas 91 cm \u2013 siseruumide puidust trena\u017e\u00f6\u00f6r eemaldatava vaiba ja m\u00e4nguasjaga, vaikne t\u00f6\u00f6, kuni 6 kg kassidele"},"content":{"rendered":"<div style=\"color: #fff!important; font-size: 16px; height: 24px; line-height: 24px; margin-top: -24px; \" class=\"product_original_name\">VEVOR kassi treeningratas, suur kassi jooksulint sisekassidele, 35,8-tolline kassi jooksuratas koos eemaldatava vaiba ja kassi tiiseriga jooksmiseks\/k\u00f5ndimiseks\/treeninguks, sobib enamikule kassidele<\/div>\n<div style=\"color: #fff!important; font-size: 16px; height: 24px; line-height: 24px; margin-top: -24px; \" class=\"product_sku\">MA7P71HI<\/div>\n<div style=\"color: #fff!important; font-size: 16px; height: 24px; line-height: 24px; margin-top: -24px; \" class=\"product_mpn\">MZMPBJYMSMDBCOLWSV0<\/div><div id=\"js-DM_at-goodDescRich\"><html><head><style>  body {    font-family: Arial;    line-height: 1.5;    color: #1c1c1c;    overflow-x: hidden;    margin: 0;    padding: 0;  }  .MsoNormal b {    font-weight: bolder;  }<\/style><style>  .container.small {    width: 970px;    margin: 0 auto;  }  .logo {    margin: 0 auto 0;  }  .logo img {    display: block;    margin: 0 auto;    max-width: 100%;  }  .logo .pc-banner {    display: block;    width: 1200px;    height: 247.4px;    margin: 0 auto;  }  .logo .pc-banner.small {    width: 970px;  }  .logo .pc-banner.small img {    height: auto!important;  }  .logo .m-banner {    display: none;  }  .ytvideo {    position: relative;    height: 546px;    width: 100%;    margin: 0 auto;  }  .ytvideo img {    width: 100%;    margin: 0 auto;  }  .ytvideo .play-btn {    width: 60px;    height: 42px;    position: absolute;    top: 50%;    left: 50%;    transform: translate(-50%, -50%);    background: url(\"data:image\/png;base64,iVBORw0KGgoAAAANSUhEUgAAAGQAAABGCAMAAAANWMFbAAAC+lBMVEUAAADBGB3kLCfBGB3kLCfcJC7BFx3KKSbiKybkLCbWJCPSIiLSIiLPICHAFx3kLCfgKSXNHiDZJiTIGx\/p4eHcjo7LHSDbJyTkLCbjKyfOHyHPIiL28fHJHB\/GGh7EGR7eKCXDGB3RISHlLSbBGB3AFxzGHB7DGB7BGB3hKybkKybAFx3lLCfAFxzDGR3hKibDGB7cJyTmz8\/elJTlwcHjurrUIyLlLSflLSfAFx3DGR7lLSfCFx3hKibhKibhKybjKybkLCblLSfbJSX49vbx7e3NNzjNMTLMJyjVIyLZf3\/ZQ0LaeHjx0tLgoqLkLCfCGB3HGx\/BGB3BFx3PICHCGB7WJCLOHyC\/Fxy\/Fx3lLCfQISHkLSe\/FxzbJiTBFx3FGx\/AGB7BFx3EGR7AGB3HHSDfKiXAFh3TISHYNzbhKibbJyTTIiL57e325+f039\/v2NjUV1fOHiHiqanfmprch4feKSXVIyPOICHmLibFGh\/mLSe\/Fx7XJCPeKSXXJSPNHyHaJyTGGh7lLCbmLCflLSjSIiLkLCbdKSXLHiC\/GB3KHh++Fh3lKyfoLiXcKCPkx8fYb2\/XaGfVXl3aU1LLHiDksbHgKibPICHbJyTfKSXbJyTCGB3KHSDiKybFGh7TIiL\/\/\/\/VIyPRISHIHB\/GGx\/HHB\/DGR7gKibdKCXLHiDZJiTMHiDNHyHYJSTOICHPICHWJCPcKCXXJSPjLCblLCf+\/f3NGR\/uLijzLynPGR\/IGB7WISHaIyLLGh7UAADxLynNAADRLzDbICLQAADIAAD3MCrUHSHXMTDpKSbLAADp5OTij4\/ejo\/VLy\/1LyngJSTcJCPQHx\/OHB7+\/PzaMS\/OLS\/vLijrLSjSAADaNTPwLyjkKSbNJCbYISHPHB\/KGB7WAAD7+vrn3d3aKynTKCjoLCfsKifRGh\/YAADq5+fhjo7QNDXXKCfmJyXt5+fTLzDLLi\/QKivYHRvMGBrQJCXLISPMExXLDxLaEAvkkI\/bOTfaFQ\/SCgpvLcnHAAAAmnRSTlMA+vv7+gT9Bvf9+8z8\/NSv\/Pr5+P7++vnQIBMP\/v38\/Pn348XDiCYf9OjbzcqxXVcx\/fz8+\/rj1r2poo1+fXFqX0orGP7+\/v7+\/fz8+\/r68uzn4trIxsG\/vri3p6GcmZSNbWVYUUZEPQv+\/f39+\/v7+\/v7+vr64tvV1NTTz87FtbSurqeblJKFg4B3bUY+NjL7+\/v7+\/v67t1cDo8JLQAABkRJREFUWMO0kz9rwkAYh0OIeJkum6YugUAhISCdKoj\/P4C7SMdS+gEKIhSKil10LSg4mzXkILdlEpxCpwTiWOLX6BujvQaEQuGeHLnL+\/64J+SIcKGYTYWnntpdLjrVdqvZmNdn0+EE40GtpuuWVS6Xx6N7YDSGpWXpeq02wHgynM7q80az1a52HpddtVcpsi1zFARBrdaxbhp9iUReTGmwA4KAAr7vx3EYejnCMI6hQYEgy0LQi4jUN0wL19vqFcUC9\/1dAKmEEFkWRYkh5oBejnxQJiSJPJ\/uKBp0Thszx9Mw8hMRIQjKsptCfuES9zr5WJY6vSFCIvE9fCMUmEM1A1kSXcYGxgVYsvI1IPKTZciSTI0us\/SMGG04gDzELDoFBwdcFJrF88dqgYMTiL6DILWYyfOWE8\/kIz38olCNlC03FK95+imxp6y4oUSvAnBjHHhKNtotSDqJzVFiK8c2SBqhZtsrTtgrLXwAyduxZHNE26eHUt5rtuM4WSmds3G+sUdWYo1L+XyxButoh5eKUHk5lByO3G1LqqCWVnfrv\/lyPtf\/4ps1cndNGIri8J1TJ0lx6dR\/oPjq1nbRwdp2dCk4CtIOLW3pVKRL6WZfS5vF2KkIQhpwSsjiYIgNCs1gEMGqiIq24NQX9NwoXFy8Ufrl3twTcg4fv8T9\/JBEySduj6Mjm4bMzYV7EEOxKjjoNDud7yY3Dy71Hq2oLmqfbNR723edH9PgMrNL2utoQ3VmaIDkiw\/4w51P06hlZsTZvkRrbVuSIs\/zwSOsycgzStQouoAkWQqioRT5XI7n2Z1wfVhoZmcAJLsoqjqpjbWCgpOAJXBwHK8PzWbNvoUZJND5wCnSkLAkZ1legx6vqQzjoiTahKlGUGLAiIIoABOHaNVw4sexZBym6\/HWlH5h3IC7yRbxtipcWxdTOkORKiNQAEkFf66x5S2oeRbroOlLgg0sSYkR0hRGEqJZ0jTPiQKatESdBckpWigxaapEH0lImHdWu9pUFF2XqMNM2Z4kped7IwEJw2qabwtrQqnpw6HyKkgcadKWsmpywwesDyIhYRpdzXddqegtGIJlXbAIUMOLkGxJUjRIkokwjUaX9d\/kK62ps\/tYUqZLIMkLTyBhsMZ3C5Z\/kDxOSCb\/DOs\/\/J0qcWSX\/2ipe56EgTCA4\/cB7NAYOsni4mZM1MUPAISoEwkDi4lhVBQ1cWQyIcwalw4EpqZN68JUSK7XC0kTlkLYii5uXSC8jT5ncCAS7mjCv0uHp\/3lueHEEAeQ\/\/VgmdN71\/2uCSA1Xr6DO6uI6sW56zqT2tp2PhgiRUAajV8CY2fkcz6WGNKMgLAt7tJAhD4YHMTeRxlALE6+43WqjSWi8ITxyJl8WrwWSNESQZZOqhDDntO3hJLsd5RtSpbJqdv3YrDJH3F7jL1R2O2aQkn2MyCyKYz0GPGIvSAMgBCrCEiJyKbBaYGwLW4uPRr0A0M4Ux5kUI7IBh+hMdiCEWNqhMZGyYMsOgNE58UQuEQeUnSWCMYwL54hkxK6IoqucQZbQ3pc3XtL0lky1dL0zZJJDpWJovFqpWj6JEHnyam2eQp5QRVAVHjWparTOaVwUOx99YS2MvgxIGV0bb+qIg2HX2qkFFJB+XZcbLiuRkuxD9GRroKyveLxdh4d7Orx+hb7qc3uVRuEogCOnyIxm4ubUoPgF4jianDrC+SDQDKEfJb0GUKmjCGPYHGJvVC6X4hw1\/sAfQAdfYyephIaspXe36RwOP+Ljvfx9B6B3i+Nk0DGq+oCbLn6JpBa9nWAveAIHwFAwtVcIJXPMPL8kRu5OAYPMaL1WScTxjiZDqB9LTJSWphow\/pTYKRTLjCBhvi9iBidvKcDasGSm0QQkycYuLBqj6QCELPctqChDWpTRMWkngNNpQ1Pfp1KkiT\/Y0DGffXAweUNfLAfaJFKDwhb6I+bkYRbkERoEeu3Fyjg2opMz2daZCS9jt6Q7txNfB+OZEVF6Zl5web2xunnLQrtrjXseXKaFYziYINeMFZVxS9VxRhOoesYwxPKXm+gWLG9cuFeq93UNNeJNsf1KlwuDok9n02n3TgIJpOxNfL9naIoQwXtfH9kjceTIIi709ncTg6LZbg+biLH1V6u\/7rxBem06VXKn9raAAAAAElFTkSuQmCC\")      no-repeat center center \/ contain;  }  @media screen and (max-width: 960px) and (orientation: portrait) {    .logo {      width: 100%;    }    .logo .pc-banner {      display: none;    }    .logo .m-banner {      display: block;      width: 100%;    }    .logo .m-banner img {      height: auto!important;    }    .ytvideo {      height: 200px;      width: 100%;    }  }<\/style><style>  .video-section {    width: 100%;    margin: 0 auto;  }  .video-section > img {    width: 100%;  }  .video-section iframe,  .video-section video {    width: 100%;    height: 100%;      }  .video-section-img-m,  .video-section-img-pc > img {    width: 100%;    height: auto;  }  .video-section-img-pc.small > img {    width: 970px;  }  .video-desc {    line-height: 1.5;    font-size: 20px;    font-weight: 400;    margin: 20px 0;    text-align: center;    color: #0f1111;    word-break: break-word;  }  @media screen and (max-width: 960px) and (orientation: portrait) {    .video-section {      width: 100%;    }    .video-section-pc,    .video-section-img-pc {      display: none;    }    .video-section-m,    .video-section-img-m {      display: block;    }    .video-desc {      font-size: 15px;    }  }  @media screen and (min-width: 960px) {    .video-section {      width: 100%;      margin: 0 auto;    }    .video-section-pc,    .video-section-img-pc {      display: block;    }    .video-section-m,    .video-section-img-m {      display: none;    }    .video-desc {      font-size: 20px;    }  }<\/style><style>  .section + .section {    margin-top: 35px;  }  .section-title {    text-align: center;    font-weight: bold;    color: #0d1111;    font-family: \"Arial\";    font-size: 32px;    margin: 15px 0;  }  .section-title:empty {    display: none;  }  .section-desc {    text-align: center;    font-weight: normal;    color: #0d1111;    margin-top: 20px;  }  .section-desc:empty {    display: none;  }  .section-img {    width: 1200px;    height: 492px;    margin: 0 auto;    display: block;  }  .section-img.small {    width: 970px;    height: auto;  }  .section-img.small > img {    height: auto;  }  .section-img > img {    width: 100%;    height: 100%;  }  .section-mobile-img {    display: none;    max-width: 100vw;    max-height: 75vw;    height: 450px;    margin: 0 auto;  }  .section-mobile-img > img {    width: 100%;    height: 100%;  }  @media screen and (max-width: 960px) and (orientation: portrait) {    .container {      width: 100%;    }    .container.small {      width: 100%;    }    .section-mobile-img {      display: block;    }    .section-img {      display: none;    }    .section-title {      font-size: 22px;      margin: 10px 0;    }    .section-desc {      margin-top: 10px;    }    .section + .section {      margin-top: 20px;    }  }<\/style><\/head><body><div class=\"container small\"><div class=\"logo\"><div class=\"pc-banner small\"><div><img decoding=\"async\" src=\"\/vevor\/vevor\/boutique-banner\/pc\/en-pc@1x.jpg\" style=\"width: 100%;\" \/><\/div><\/div><div class=\"m-banner\"><div><img decoding=\"async\" src=\"\/vevor\/vevor\/boutique-banner\/mobile\/en-m@1x.jpg\" style=\"width: 100%;\" \/><\/div><\/div><\/div><div class=\"section-title\">Mugav ja Ohutu Kass Kasutada Ratas<\/div><div class=\"video-section\"><video class=\"video-section-pc\" controls poster=\"\/vevor\/product\/MZMPBJYMSMDBCOLWS\/cat-exercise-wheel-a100-1.4-pt.jpg\"><source src=\"\/vevor\/product\/MZMPBJHSMDB4VD4DS\/cat-exercise-wheel-tvc2.mp4\" type=\"video\/mp4\" \/><\/video><video class=\"video-section-m\" controls poster=\"\/vevor\/product\/MZMPBJYMSMDBCOLWS\/cat-exercise-wheel-a100-1.4-pt.jpg\"><source src=\"\/vevor\/product\/MZMPBJHSMDB4VD4DS\/cat-exercise-wheel-tvc2.mp4\" type=\"video\/mp4\" \/><\/video><div class=\"section-desc\">See kass kasutada ratas on meisterdatud t\u00e4ispuidust, et tagada selle vastupidavus. Koos avar 12.6-tolline lai alus, see annab teie kass stabiilne valdkonnas teostada. Unikaalne 0.2&#034;\/6 mm vahe disain tagab turvalisuse, v\u00f5imaldades oma kasside kaaslane vabalt joosta ratta.<\/div><\/div><div class=\"section\"><div class=\"section-title\"><\/div><div class=\"section-img small\"><img decoding=\"async\" src=\"\/vevor\/product\/MZMPBJYMSMDBCOLWS\/cat-exercise-wheel-a100-2.2-pt.jpg\" \/><\/div><div class=\"section-mobile-img\"><img decoding=\"async\" src=\"\/vevor\/product\/MZMPBJYMSMDBCOLWS\/cat-exercise-wheel-a100-2.2-pt.jpg\" \/><\/div><div class=\"section-desc\">Featuring vaikne ratta ja m\u00fcra v\u00e4hendamise augud, meie kass ratta saab v\u00e4hendada m\u00fcra 10-20%, luua rahulik ja m\u00f5nus kasutada keskkond oma lemmiklooma. See v\u00f5imaldab teil eksisteerivad harmooniliselt koos oma lemmiklooma ja pere.<\/div><\/div><div class=\"section\"><div class=\"section-title\"><\/div><div class=\"section-img small\"><img decoding=\"async\" src=\"\/vevor\/product\/MZMPBJYMSMDBCOLWS\/cat-exercise-wheel-a100-2.3-pt.jpg\" \/><\/div><div class=\"section-mobile-img\"><img decoding=\"async\" src=\"\/vevor\/product\/MZMPBJYMSMDBCOLWS\/cat-exercise-wheel-a100-2.3-pt.jpg\" \/><\/div><div class=\"section-desc\">Avar sisemine l\u00e4bim\u00f5\u00f5t pakub oma karvane kass on piisavalt ruumi, vaba ja mugav liikumine, sobib kassidele k\u00f5ik suurused. Kas suur v\u00f5i v\u00e4ike, v\u00f5ib neid kergesti seda kasutada, joosta ja m\u00e4ngida.<\/div><\/div><div class=\"section\"><div class=\"section-title\"><\/div><div class=\"section-img small\"><img decoding=\"async\" src=\"\/vevor\/product\/MZMPBJYMSMDBCOLWS\/cat-exercise-wheel-a100-2.4-pt.jpg\" \/><\/div><div class=\"section-mobile-img\"><img decoding=\"async\" src=\"\/vevor\/product\/MZMPBJYMSMDBCOLWS\/cat-exercise-wheel-a100-2.4-pt.jpg\" \/><\/div><div class=\"section-desc\">On eemaldatav sisemine matt teeb puhastamine imelihtne. Saab kergesti eemaldada ja puhastada v\u00f5i asendada sisemine matt. Eelinstalleeritud kass t\u00f6\u00f6tab ratta ja laiendamine kruvid teeb paigaldamise lihtsamaks ja turvalisemaks, mis pakub sulle lisatud mugavuse.<\/div><\/div><div class=\"section\"><div class=\"section-title\"><\/div><div class=\"section-img small\"><img decoding=\"async\" src=\"\/vevor\/product\/MZMPBJYMSMDBCOLWS\/cat-exercise-wheel-a100-2.5-pt.jpg\" \/><\/div><div class=\"section-mobile-img\"><img decoding=\"async\" src=\"\/vevor\/product\/MZMPBJYMSMDBCOLWS\/cat-exercise-wheel-a100-2.5-pt.jpg\" \/><\/div><div class=\"section-desc\">See ei ole lihtsalt kass kasutada ratas; see on ka hubane kass voodi. V\u00f5ite panna pehme padjad, tekid, v\u00f5i madratsid ratas, mist\u00f5ttu on mugav kass kodus.<\/div><\/div><div class=\"section\"><div class=\"section-img small\"><img decoding=\"async\" src=\"\/vevor\/product\/MZMPBJYMSMDBCOLWS\/cat-exercise-wheel-a100-1.11-pt.jpg\" \/><\/div><div class=\"section-mobile-img\"><img decoding=\"async\" src=\"\/vevor\/product\/MZMPBJYMSMDBCOLWS\/cat-exercise-wheel-a100-1.11-pt.jpg\" \/><\/div><\/div><\/div><\/body><\/html><\/div>\n<div class=\"DM_at-title\" id=\"js-DM_at-title\"> <div>Toote spetsifikatsioon<\/div> <i class=\"icon-arrowup_line\"><\/i> <\/div><div class=\"DM_at-goodsDescAttr\" id=\"js-DM_at-goodsDescAttr\"> <div class=\"DM_at-goodsDescAttrInner\"> <dl class=\"goodsDesc_item goodsDesc_item_even\"> <dt>Punkt Mudeli Number<\/dt> <dd> GX4.0 M<\/dd> <\/dl> <dl class=\"goodsDesc_item\"> <dt>Materjal<\/dt> <dd> Puidust pardal<\/dd> <\/dl> <dl class=\"goodsDesc_item goodsDesc_item_even\"> <dt>R\u00f6\u00f6bastee Laius<\/dt> <dd> 10.2 in\/260 mm<\/dd> <\/dl> <dl class=\"goodsDesc_item\"> <dt>Raja Pikkus<\/dt> <dd> 100.4 in\/2550 mm<\/dd> <\/dl> <dl class=\"goodsDesc_item goodsDesc_item_even\"> <dt>Alus (W &amp; L)<\/dt> <dd> 12.52 aastal (31.8 cm) x 31.5 aastal (80 cm)<\/dd> <\/dl> <dl class=\"goodsDesc_item\"> <dt>Sobib Kassi Kaal<\/dt> <dd> 7-13 lbs<\/dd> <\/dl> <dl class=\"goodsDesc_item goodsDesc_item_even\"> <dt>Kaal V\u00f5imsus<\/dt> <dd> 130-170 lbs<\/dd> <\/dl> <dl class=\"goodsDesc_item\"> <dt>Kaal<\/dt> <dd> 31.97 lbs (14.5 kg)<\/dd> <\/dl> <dl class=\"goodsDesc_item goodsDesc_item_even\"> <dt>Toote M\u00f5\u00f5dud (L x W x H)<\/dt> <dd> 35.8 x 12.52 x 38.2 aastal (91 x 31.8 x 97 cm)<\/dd> <\/dl> <dl class=\"goodsDesc_item\"> <dt>V\u00e4lisl\u00e4bim\u00f5\u00f5t<\/dt> <dd> 35.8 in\/910 mm<\/dd> <\/dl> <dl class=\"goodsDesc_item goodsDesc_item_even\"> <dt>Sisemine L\u00e4bim\u00f5\u00f5t<\/dt> <dd> 31.5 in\/800 mm<\/dd> <\/dl> <\/div> <\/div>","protected":false},"excerpt":{"rendered":"<ul>\n<li> Ehitatud Viimase ja Turvaline: See puidust kass kasutada ratas on valmistatud t\u00e4ispuidust laud 0,5&#034;\/12 mm paksusest ja ultra-kitsas 0.2&#034; l\u00f5he, et v\u00e4ltida paw vigastusi. Laienenud baasi ja t\u00f6\u00f6tab pala pakkuda on lisatud stabiilsust. See pakub palju tervist eeliseid kasse, n\u00e4iteks leevendada rasvumise riske ja suurendades liigeste paindlikkus, et tagada nende rahulolu. <\/li>\n<li> Vaikne ja M\u00fcra V\u00e4hendamine: on Varustatud integreeritud vaikne ratta ja alt m\u00fcra v\u00e4hendamise, see topelt m\u00fcra v\u00e4hendamise disain loob vaikne ja meeldiv teostamise keskkond oma lemmikloomi, samal ajal parandada ka siseruumide atmosf\u00e4\u00e4ri. <\/li>\n<li> Sobib k\u00f5ikidele kassisuurustele: v\u00e4lisl\u00e4bim\u00f5\u00f5duga 35,8 tolli\/910 mm ja sisel\u00e4bim\u00f5\u00f5duga 31,5 tolli\/800 mm mahutab see kassiratas igas suuruses kasse, toetades kassis\u00f5pru kuni 13 naela. See v\u00f5imaldab teie kassidel vabalt venitada ja ringi liikuda, v\u00f5imaldades neil oma energiat t\u00e4iel m\u00e4\u00e4ral vabastada. <\/li>\n<li> Kasutajas\u00f5bralik Disain: Lihtne paigaldus koos eelinstalleeritud laiendamine kruvid ja ratast, mis s\u00e4\u00e4stab teie v\u00e4\u00e4rtuslikku aega. Lisada aksessuaarid nagu kindad, kruvikeeraja, ja kass teaser lisada ekstra mugavust. See kass jooksulint on imelihtne puhastada-v\u00e4liste kriimustuste eemaldatav ts\u00fcklis matt, kergelt spot-puhastatavad lapiga v\u00f5i k\u00e4snaga. <\/li>\n<li> Mitmek\u00fclgne Kass Ratas: Featuring lukustusmehhanism, et hoida seda paigal, see kass t\u00f6\u00f6tab ratas on kohandatav interaktiivne kass m\u00e4ngida, nagu kass puhkekoht, ja nagu m\u00f6\u00f6bel t\u00f6\u00f6d. Seda on v\u00f5imalik seadistada, et statsionaarse re\u017eiimi kassid t\u00f6\u00f6tab ja ketramine, mis v\u00f5imaldavad neil ronida ja uinaku teha. Kassid v\u00f5ivad ka hullama, j\u00e4litama, ja hoidke end meelelahutust! <\/li>\n<\/ul>","protected":false},"featured_media":386386,"comment_status":"open","ping_status":"open","template":"","meta":{"om_disable_all_campaigns":false,"_uf_show_specific_survey":0,"_uf_disable_surveys":false},"location":[1935,1934],"product_brand":[21],"product_cat":[3507,3625,2365,2366],"product_tag":[],"class_list":{"0":"post-162166","1":"product","2":"type-product","3":"status-publish","4":"has-post-thumbnail","6":"location-supplier_stock_location","7":"location-local_stock_location","8":"product_brand-vevor","9":"product_cat-cat-supplies-pet-supplies-wildlife","10":"product_cat-cat-toys","11":"product_cat-outdoors","12":"product_cat-pet-supplies-wildlife","14":"first","15":"instock","16":"featured","17":"taxable","18":"shipping-taxable","19":"purchasable","20":"product-type-simple"},"aioseo_notices":[],"locations":[{"id":1935,"name":"Pieg\u0101d\u0101t\u0101ja noliktav\u0101 (5-7dd)","slug":"supplier_stock_location","quantity":"553"},{"id":1934,"name":"R\u012bgas veikal\u0101 (0-2d.d.)","slug":"local_stock_location","quantity":"0"}],"_links":{"self":[{"href":"https:\/\/vevorshop.lv\/et\/wp-json\/wp\/v2\/product\/162166","targetHints":{"allow":["GET"]}}],"collection":[{"href":"https:\/\/vevorshop.lv\/et\/wp-json\/wp\/v2\/product"}],"about":[{"href":"https:\/\/vevorshop.lv\/et\/wp-json\/wp\/v2\/types\/product"}],"replies":[{"embeddable":true,"href":"https:\/\/vevorshop.lv\/et\/wp-json\/wp\/v2\/comments?post=162166"}],"wp:featuredmedia":[{"embeddable":true,"href":"https:\/\/vevorshop.lv\/et\/wp-json\/wp\/v2\/media\/386386"}],"wp:attachment":[{"href":"https:\/\/vevorshop.lv\/et\/wp-json\/wp\/v2\/media?parent=162166"}],"wp:term":[{"taxonomy":"location","embeddable":true,"href":"https:\/\/vevorshop.lv\/et\/wp-json\/wp\/v2\/location?post=162166"},{"taxonomy":"product_brand","embeddable":true,"href":"https:\/\/vevorshop.lv\/et\/wp-json\/wp\/v2\/product_brand?post=162166"},{"taxonomy":"product_cat","embeddable":true,"href":"https:\/\/vevorshop.lv\/et\/wp-json\/wp\/v2\/product_cat?post=162166"},{"taxonomy":"product_tag","embeddable":true,"href":"https:\/\/vevorshop.lv\/et\/wp-json\/wp\/v2\/product_tag?post=162166"}],"curies":[{"name":"wp","href":"https:\/\/api.w.org\/{rel}","templated":true}]}}