{"id":162436,"date":"2025-05-10T04:06:37","date_gmt":"2025-05-10T04:06:37","guid":{"rendered":"https:\/\/vevorshop.lv\/en_us\/Prece\/vevor-20v-cordless-electric-grease-gun-80000-psi-high-pressure-lubrication-tool-tool-only\/"},"modified":"2026-04-19T17:08:22","modified_gmt":"2026-04-19T14:08:22","slug":"vevor-20v-cordless-electric-grease-gun-80000-psi-high-pressure-lubrication-tool-tool-only","status":"publish","type":"product","link":"https:\/\/vevorshop.lv\/et\/Prece\/vevor-20-v-juhtmeta-elektriline-maardepustol-80000-psi-korgsurve-maarimistooriista-tooriist-ainult\/","title":{"rendered":"VEVOR juhtmeta elektriline m\u00e4\u00e4rdep\u00fcstol, 8000 PSI, LED-valgus, 90 cm voolik, \u00fchilduv 18V Makita akudega, ainult t\u00f6\u00f6riist"},"content":{"rendered":"<div style=\"color: #fff!important; font-size: 16px; height: 24px; line-height: 24px; margin-top: -24px; \" class=\"product_original_name\">VEVOR juhtmeta m\u00e4\u00e4rdep\u00fcstol, 8000 PSI Max r\u00f5hk, elektriline m\u00e4\u00e4rdep\u00fcstol LED-valgusega ja 35,4-tolline pikk voolik, \u00fchildub 18 V Makita akudega, sobib s\u00f5idukite v\u00f5i masinate m\u00e4\u00e4rimiseks (ainult t\u00f6\u00f6riistaga)<\/div>\n<div style=\"color: #fff!important; font-size: 16px; height: 24px; line-height: 24px; margin-top: -24px; \" class=\"product_sku\">MAHPCZKN<\/div>\n<div style=\"color: #fff!important; font-size: 16px; height: 24px; line-height: 24px; margin-top: -24px; \" class=\"product_mpn\">WSHYQLJDCQDSJT6R9V9<\/div><div id=\"js-DM_at-goodDescRich\"><html><head><style>  body {    font-family: Arial;    line-height: 1.5;    color: #1c1c1c;    overflow-x: hidden;    margin: 0;    padding: 0;  }  .MsoNormal b {    font-weight: bolder;  }<\/style><style>  .container.small {    width: 970px;    margin: 0 auto;  }  .logo {    margin: 0 auto 0;  }  .logo img {    display: block;    margin: 0 auto;    max-width: 100%;  }  .logo .pc-banner {    display: block;    width: 1200px;    height: 247.4px;    margin: 0 auto;  }  .logo .pc-banner.small {    width: 970px;  }  .logo .pc-banner.small img {    height: auto!important;  }  .logo .m-banner {    display: none;  }  .ytvideo {    position: relative;    height: 546px;    width: 100%;    margin: 0 auto;  }  .ytvideo img {    width: 100%;    margin: 0 auto;  }  .ytvideo .play-btn {    width: 60px;    height: 42px;    position: absolute;    top: 50%;    left: 50%;    transform: translate(-50%, -50%);    background: url(\"data:image\/png;base64,iVBORw0KGgoAAAANSUhEUgAAAGQAAABGCAMAAAANWMFbAAAC+lBMVEUAAADBGB3kLCfBGB3kLCfcJC7BFx3KKSbiKybkLCbWJCPSIiLSIiLPICHAFx3kLCfgKSXNHiDZJiTIGx\/p4eHcjo7LHSDbJyTkLCbjKyfOHyHPIiL28fHJHB\/GGh7EGR7eKCXDGB3RISHlLSbBGB3AFxzGHB7DGB7BGB3hKybkKybAFx3lLCfAFxzDGR3hKibDGB7cJyTmz8\/elJTlwcHjurrUIyLlLSflLSfAFx3DGR7lLSfCFx3hKibhKibhKybjKybkLCblLSfbJSX49vbx7e3NNzjNMTLMJyjVIyLZf3\/ZQ0LaeHjx0tLgoqLkLCfCGB3HGx\/BGB3BFx3PICHCGB7WJCLOHyC\/Fxy\/Fx3lLCfQISHkLSe\/FxzbJiTBFx3FGx\/AGB7BFx3EGR7AGB3HHSDfKiXAFh3TISHYNzbhKibbJyTTIiL57e325+f039\/v2NjUV1fOHiHiqanfmprch4feKSXVIyPOICHmLibFGh\/mLSe\/Fx7XJCPeKSXXJSPNHyHaJyTGGh7lLCbmLCflLSjSIiLkLCbdKSXLHiC\/GB3KHh++Fh3lKyfoLiXcKCPkx8fYb2\/XaGfVXl3aU1LLHiDksbHgKibPICHbJyTfKSXbJyTCGB3KHSDiKybFGh7TIiL\/\/\/\/VIyPRISHIHB\/GGx\/HHB\/DGR7gKibdKCXLHiDZJiTMHiDNHyHYJSTOICHPICHWJCPcKCXXJSPjLCblLCf+\/f3NGR\/uLijzLynPGR\/IGB7WISHaIyLLGh7UAADxLynNAADRLzDbICLQAADIAAD3MCrUHSHXMTDpKSbLAADp5OTij4\/ejo\/VLy\/1LyngJSTcJCPQHx\/OHB7+\/PzaMS\/OLS\/vLijrLSjSAADaNTPwLyjkKSbNJCbYISHPHB\/KGB7WAAD7+vrn3d3aKynTKCjoLCfsKifRGh\/YAADq5+fhjo7QNDXXKCfmJyXt5+fTLzDLLi\/QKivYHRvMGBrQJCXLISPMExXLDxLaEAvkkI\/bOTfaFQ\/SCgpvLcnHAAAAmnRSTlMA+vv7+gT9Bvf9+8z8\/NSv\/Pr5+P7++vnQIBMP\/v38\/Pn348XDiCYf9OjbzcqxXVcx\/fz8+\/rj1r2poo1+fXFqX0orGP7+\/v7+\/fz8+\/r68uzn4trIxsG\/vri3p6GcmZSNbWVYUUZEPQv+\/f39+\/v7+\/v7+vr64tvV1NTTz87FtbSurqeblJKFg4B3bUY+NjL7+\/v7+\/v67t1cDo8JLQAABkRJREFUWMO0kz9rwkAYh0OIeJkum6YugUAhISCdKoj\/P4C7SMdS+gEKIhSKil10LSg4mzXkILdlEpxCpwTiWOLX6BujvQaEQuGeHLnL+\/64J+SIcKGYTYWnntpdLjrVdqvZmNdn0+EE40GtpuuWVS6Xx6N7YDSGpWXpeq02wHgynM7q80az1a52HpddtVcpsi1zFARBrdaxbhp9iUReTGmwA4KAAr7vx3EYejnCMI6hQYEgy0LQi4jUN0wL19vqFcUC9\/1dAKmEEFkWRYkh5oBejnxQJiSJPJ\/uKBp0Thszx9Mw8hMRIQjKsptCfuES9zr5WJY6vSFCIvE9fCMUmEM1A1kSXcYGxgVYsvI1IPKTZciSTI0us\/SMGG04gDzELDoFBwdcFJrF88dqgYMTiL6DILWYyfOWE8\/kIz38olCNlC03FK95+imxp6y4oUSvAnBjHHhKNtotSDqJzVFiK8c2SBqhZtsrTtgrLXwAyduxZHNE26eHUt5rtuM4WSmds3G+sUdWYo1L+XyxButoh5eKUHk5lByO3G1LqqCWVnfrv\/lyPtf\/4ps1cndNGIri8J1TJ0lx6dR\/oPjq1nbRwdp2dCk4CtIOLW3pVKRL6WZfS5vF2KkIQhpwSsjiYIgNCs1gEMGqiIq24NQX9NwoXFy8Ufrl3twTcg4fv8T9\/JBEySduj6Mjm4bMzYV7EEOxKjjoNDud7yY3Dy71Hq2oLmqfbNR723edH9PgMrNL2utoQ3VmaIDkiw\/4w51P06hlZsTZvkRrbVuSIs\/zwSOsycgzStQouoAkWQqioRT5XI7n2Z1wfVhoZmcAJLsoqjqpjbWCgpOAJXBwHK8PzWbNvoUZJND5wCnSkLAkZ1legx6vqQzjoiTahKlGUGLAiIIoABOHaNVw4sexZBym6\/HWlH5h3IC7yRbxtipcWxdTOkORKiNQAEkFf66x5S2oeRbroOlLgg0sSYkR0hRGEqJZ0jTPiQKatESdBckpWigxaapEH0lImHdWu9pUFF2XqMNM2Z4kped7IwEJw2qabwtrQqnpw6HyKkgcadKWsmpywwesDyIhYRpdzXddqegtGIJlXbAIUMOLkGxJUjRIkokwjUaX9d\/kK62ps\/tYUqZLIMkLTyBhsMZ3C5Z\/kDxOSCb\/DOs\/\/J0qcWSX\/2ipe56EgTCA4\/cB7NAYOsni4mZM1MUPAISoEwkDi4lhVBQ1cWQyIcwalw4EpqZN68JUSK7XC0kTlkLYii5uXSC8jT5ncCAS7mjCv0uHp\/3lueHEEAeQ\/\/VgmdN71\/2uCSA1Xr6DO6uI6sW56zqT2tp2PhgiRUAajV8CY2fkcz6WGNKMgLAt7tJAhD4YHMTeRxlALE6+43WqjSWi8ITxyJl8WrwWSNESQZZOqhDDntO3hJLsd5RtSpbJqdv3YrDJH3F7jL1R2O2aQkn2MyCyKYz0GPGIvSAMgBCrCEiJyKbBaYGwLW4uPRr0A0M4Ux5kUI7IBh+hMdiCEWNqhMZGyYMsOgNE58UQuEQeUnSWCMYwL54hkxK6IoqucQZbQ3pc3XtL0lky1dL0zZJJDpWJovFqpWj6JEHnyam2eQp5QRVAVHjWparTOaVwUOx99YS2MvgxIGV0bb+qIg2HX2qkFFJB+XZcbLiuRkuxD9GRroKyveLxdh4d7Orx+hb7qc3uVRuEogCOnyIxm4ubUoPgF4jianDrC+SDQDKEfJb0GUKmjCGPYHGJvVC6X4hw1\/sAfQAdfYyephIaspXe36RwOP+Ljvfx9B6B3i+Nk0DGq+oCbLn6JpBa9nWAveAIHwFAwtVcIJXPMPL8kRu5OAYPMaL1WScTxjiZDqB9LTJSWphow\/pTYKRTLjCBhvi9iBidvKcDasGSm0QQkycYuLBqj6QCELPctqChDWpTRMWkngNNpQ1Pfp1KkiT\/Y0DGffXAweUNfLAfaJFKDwhb6I+bkYRbkERoEeu3Fyjg2opMz2daZCS9jt6Q7txNfB+OZEVF6Zl5web2xunnLQrtrjXseXKaFYziYINeMFZVxS9VxRhOoesYwxPKXm+gWLG9cuFeq93UNNeJNsf1KlwuDok9n02n3TgIJpOxNfL9naIoQwXtfH9kjceTIIi709ncTg6LZbg+biLH1V6u\/7rxBem06VXKn9raAAAAAElFTkSuQmCC\")      no-repeat center center \/ contain;  }  @media screen and (max-width: 960px) and (orientation: portrait) {    .logo {      width: 100%;    }    .logo .pc-banner {      display: none;    }    .logo .m-banner {      display: block;      width: 100%;    }    .logo .m-banner img {      height: auto!important;    }    .ytvideo {      height: 200px;      width: 100%;    }  }<\/style><style>  .video-section {    width: 100%;    margin: 0 auto;  }  .video-section > img {    width: 100%;  }  .video-section iframe,  .video-section video {    width: 100%;    height: 100%;      }  .video-section-img-m,  .video-section-img-pc > img {    width: 100%;    height: auto;  }  .video-section-img-pc.small > img {    width: 970px;  }  .video-desc {    line-height: 1.5;    font-size: 20px;    font-weight: 400;    margin: 20px 0;    text-align: center;    color: #0f1111;    word-break: break-word;  }  @media screen and (max-width: 960px) and (orientation: portrait) {    .video-section {      width: 100%;    }    .video-section-pc,    .video-section-img-pc {      display: none;    }    .video-section-m,    .video-section-img-m {      display: block;    }    .video-desc {      font-size: 15px;    }  }  @media screen and (min-width: 960px) {    .video-section {      width: 100%;      margin: 0 auto;    }    .video-section-pc,    .video-section-img-pc {      display: block;    }    .video-section-m,    .video-section-img-m {      display: none;    }    .video-desc {      font-size: 20px;    }  }<\/style><style>  .section + .section {    margin-top: 35px;  }  .section-title {    text-align: center;    font-weight: bold;    color: #0d1111;    font-family: \"Arial\";    font-size: 32px;    margin: 15px 0;  }  .section-title:empty {    display: none;  }  .section-desc {    text-align: center;    font-weight: normal;    color: #0d1111;    margin-top: 20px;  }  .section-desc:empty {    display: none;  }  .section-img {    width: 1200px;    height: 492px;    margin: 0 auto;    display: block;  }  .section-img.small {    width: 970px;    height: auto;  }  .section-img.small > img {    height: auto;  }  .section-img > img {    width: 100%;    height: 100%;  }  .section-mobile-img {    display: none;    max-width: 100vw;    max-height: 75vw;    height: 450px;    margin: 0 auto;  }  .section-mobile-img > img {    width: 100%;    height: 100%;  }  @media screen and (max-width: 960px) and (orientation: portrait) {    .container {      width: 100%;    }    .container.small {      width: 100%;    }    .section-mobile-img {      display: block;    }    .section-img {      display: none;    }    .section-title {      font-size: 22px;      margin: 10px 0;    }    .section-desc {      margin-top: 10px;    }    .section + .section {      margin-top: 20px;    }  }<\/style><\/head><body><div class=\"container\"><div class=\"logo\"><div class=\"pc-banner\"><div><img decoding=\"async\" src=\"\/vevor\/vevor\/boutique-banner\/pc\/en-pc@1x.jpg\" style=\"width: 100%;\" \/><\/div><\/div><div class=\"m-banner\"><div><img decoding=\"async\" src=\"\/vevor\/vevor\/boutique-banner\/mobile\/en-m@1x.jpg\" style=\"width: 100%;\" \/><\/div><\/div><\/div><div class=\"section-title\">Vaevatu k\u00f5rgsurve \u00d5litamine<\/div><div class=\"video-section\"><div class=\"video-section-img-pc\"><img decoding=\"async\" src=\"\/vevor\/product\/WSHYQLJDCQDSJT6R9\/cordless-grease-gun-a100-1.4.jpg\" \/><\/div><div class=\"video-section-img-m\"><img decoding=\"async\" src=\"\/vevor\/product\/WSHYQLJDCQDSJT6R9\/cordless-grease-gun-a100-1.4-m.jpg\" \/><\/div><div class=\"section-desc\">Kraavi k\u00e4sitsi pumpamiseks! See automaatne rasva p\u00fcss laseb l\u00e4bi 50oz minutis, andes oma masinad armastust, mida nad v\u00e4\u00e4rivad. Paindliku ja j\u00e4iga vooliku v\u00f5imalusi t\u00e4henda sile, jama-tasuta m\u00e4\u00e4rimine. V\u00e4hem vaeva, rohkem t\u00f5husus\u2014lihtsalt p\u00e4\u00e4stikule ja mine!<\/div><\/div><div class=\"section\"><div class=\"section-title\"><\/div><div class=\"section-img\"><img decoding=\"async\" src=\"\/vevor\/product\/WSHYQLJDCQDSJT6R9\/cordless-grease-gun-a100-2.2.jpg\" \/><\/div><div class=\"section-mobile-img\"><img decoding=\"async\" src=\"\/vevor\/product\/WSHYQLJDCQDSJT6R9\/cordless-grease-gun-a100-2.2-m.jpg\" \/><\/div><div class=\"section-desc\">Koos 8000 PSI r\u00f5hu ja k\u00f5rge-voolukiirus, seda grease gun teeb m\u00e4\u00e4rimine on imelihtne. Vaja t\u00e4psusega? Muutuva kiirusega vallandada v\u00f5imaldab teil kontrollida m\u00e4\u00e4rde-v\u00e4ljund, mis on ideaalne \u00f5rna masinad ja v\u00e4hendades j\u00e4\u00e4tmete kohta.<\/div><\/div><div class=\"section\"><div class=\"section-title\"><\/div><div class=\"section-img\"><img decoding=\"async\" src=\"\/vevor\/product\/WSHYQLJDCQDSJT6R9\/cordless-grease-gun-a100-2.3.jpg\" \/><\/div><div class=\"section-mobile-img\"><img decoding=\"async\" src=\"\/vevor\/product\/WSHYQLJDCQDSJT6R9\/cordless-grease-gun-a100-2.3-m.jpg\" \/><\/div><div class=\"section-desc\">Enam r\u00e4pane lekib! Tugevdatud terasest vooliku meie juhtmeta grease gun seisab kuni \u00e4\u00e4rmise surve, tagades turvalise rasva \u00fcleandmise iga kord. V\u00e4hem seisakuid, v\u00e4iksemad hoolduskulud ja kauem kestev masin\u2014mis ei ole armastus?<\/div><\/div><div class=\"section\"><div class=\"section-title\"><\/div><div class=\"section-img\"><img decoding=\"async\" src=\"\/vevor\/product\/WSHYQLJDCQDSJT6R9\/cordless-grease-gun-a100-2.4.jpg\" \/><\/div><div class=\"section-mobile-img\"><img decoding=\"async\" src=\"\/vevor\/product\/WSHYQLJDCQDSJT6R9\/cordless-grease-gun-a100-2.4-m.jpg\" \/><\/div><div class=\"section-desc\">Mine traadita jaoks t\u00e4ielik vabadus! Sisseehitatud LED-valgus elektriline grease gun hoiab asju, hele, tume t\u00f6\u00f6tsoonid. Pehme kummist k\u00e4epide tagab, mugav k\u00e4sitsemine, samas kompaktne hoiustamine juhul muudab transpordi ja ladustamise pingutusteta.<\/div><\/div><div class=\"section\"><div class=\"section-title\"><\/div><div class=\"section-img\"><img decoding=\"async\" src=\"\/vevor\/product\/WSHYQLJDCQDSJT6R9\/cordless-grease-gun-a100-2.5.jpg\" \/><\/div><div class=\"section-mobile-img\"><img decoding=\"async\" src=\"\/vevor\/product\/WSHYQLJDCQDSJT6R9\/cordless-grease-gun-a100-2.5-m.jpg\" \/><\/div><div class=\"section-desc\">Alates tootmisettev\u00f5tted heavy-duty kaevandamine platvormidele ja ladu t\u00f5stukid, see aku grease gun hoiab masinad t\u00f6\u00f6tavad sujuvalt. Kui ta vajab rasva, see relv sai see kaetud\u2014kiire, lihtne ja t\u00e4pne!<\/div><\/div><div class=\"section\"><div class=\"section-img\"><img decoding=\"async\" src=\"\/vevor\/product\/WSHYQLJDCQDSJT6R9\/cordless-grease-gun-a100-1.11.jpg\" \/><\/div><div class=\"section-mobile-img\"><img decoding=\"async\" src=\"\/vevor\/product\/WSHYQLJDCQDSJT6R9\/cordless-grease-gun-a100-1.11-m.jpg\" \/><\/div><\/div><\/div><\/body><\/html><\/div>\n<div class=\"DM_at-title\" id=\"js-DM_at-title\"> <div>Toote spetsifikatsioon<\/div> <i class=\"icon-arrowup_line\"><\/i> <\/div><div class=\"DM_at-goodsDescAttr\" id=\"js-DM_at-goodsDescAttr\"> <div class=\"DM_at-goodsDescAttrInner\"> <dl class=\"goodsDesc_item goodsDesc_item_even\"> <dt>Punkt Mudeli Number<\/dt> <dd> LD-8207<\/dd> <\/dl> <dl class=\"goodsDesc_item\"> <dt>Toote T\u00fc\u00fcp<\/dt> <dd> T\u00fchi Tool<\/dd> <\/dl> <dl class=\"goodsDesc_item goodsDesc_item_even\"> <dt>Aku Lisada<\/dt> <dd> Nr<\/dd> <\/dl> <dl class=\"goodsDesc_item\"> <dt>Max T\u00f6\u00f6r\u00f5hk<\/dt> <dd> 8000 PSI \/ 55 MPa<\/dd> <\/dl> <dl class=\"goodsDesc_item goodsDesc_item_even\"> <dt>Max Rasva V\u00e4ljund<\/dt> <dd> 5 oz\/min \/ 140 g\/min<\/dd> <\/dl> <dl class=\"goodsDesc_item\"> <dt>M\u00e4\u00e4re Claris V\u00f5imsus<\/dt> <dd> 14 oz \/ 400 g<\/dd> <\/dl> <dl class=\"goodsDesc_item goodsDesc_item_even\"> <dt>Pumbapea Materjal<\/dt> <dd> Die-Valatud Alumiiniumist<\/dd> <\/dl> <dl class=\"goodsDesc_item\"> <dt>M\u00e4\u00e4re Toru Materjal<\/dt> <dd> S\u00fcsinikusisaldusega Teras<\/dd> <\/dl> <dl class=\"goodsDesc_item goodsDesc_item_even\"> <dt>Peamine Korpuse Materjal<\/dt> <dd> PA6<\/dd> <\/dl> <dl class=\"goodsDesc_item\"> <dt>Neto Kaal<\/dt> <dd> 9.06 lb \u00b13% \/ 4.11 kg \u00b13% (Sisaldab k\u00f5ik tarvikud)<\/dd> <\/dl> <dl class=\"goodsDesc_item goodsDesc_item_even\"> <dt>Toote M\u00f5\u00f5tmed<\/dt> <dd> 14.96 x 9.27 x 2.95 in \/ 380 x 210 x 75 mm (T\u00e4ielikult Monteeritud)<\/dd> <\/dl> <\/div> <\/div>","protected":false},"excerpt":{"rendered":"<ul>\n<li> Kiire \u00d5litamine: enam k\u00e4sitsi pumpamiseks! See automaatne grease gun pakub 50oz minutis juures 8000 PSI, mis teeb m\u00e4\u00e4rimise kiire ja lihtne. Muutuva kiirusega vallandada annab t\u00e4pset kontrolli, et sa kohaldata lihtsalt \u00f5ige summa\u2014nr j\u00e4\u00e4tmete, ei jama <\/li>\n<li> Lekkevaba &amp; Vastupidav: Ehitatud kestma! Meie juhtmeta rasvap\u00fcstoli terasest tugevdatud voolik talub k\u00f5rget r\u00f5hku, samas kui tihedalt suletud keermed hoiavad rasva lekkimise eest. \u00d5hu v\u00e4ljalaskeklapp tasakaalustab survet, tagades sujuva, \u00fchtlase vooluhulga ja null tilguti, nullpinge <\/li>\n<li> Pingutusteta &amp; Mugav: Tugijalad hoiavad rasvap\u00fcstoli stabiilsena k\u00e4ed-vabad kasutamiseks, samas kui LED-valgus tagab selge n\u00e4htavuse pimedates piirkondades. Kui see on tehtud, pakkige see kenasti kandekotti, muutes ladustamise ja transportige imelihtne <\/li>\n<li> Dual \u00d5litamine Valikuid: Valida j\u00e4igad k\u00fctusetorud ja painduvad voolikud maksimaalne mitmek\u00fclgsus. J\u00e4ik voolik meie aku grease gun tagab \u00fchtlase, t\u00e4pselt \u00f5litamine avatud ruumid, kuigi paindlik voolik j\u00f5uab tihe, ebamugav laigud\u2014ideaalne katvus igal ajal! M\u00c4RKUS: See toode sisaldab ainult t\u00fchi masin ja on koosk\u00f5las Makita 18V akud <\/li>\n<li> Sobib T\u00f6\u00f6stuslikuks Kasutamiseks: Alates tehase masinad talu t\u00f6\u00f6riistad, see elektriline grease gun hoiab teie seadmed t\u00f6\u00f6tavad t\u00f5rgeteta. V\u00e4hendab kulumist v\u00e4ltida avariide ja suurendada t\u00f5husust, sest teie masinad v\u00e4\u00e4rivad parimat hoolitsust <\/li>\n<\/ul>","protected":false},"featured_media":388666,"comment_status":"open","ping_status":"open","template":"","meta":{"om_disable_all_campaigns":false,"_uf_show_specific_survey":0,"_uf_disable_surveys":false},"location":[1935,1934],"product_brand":[21],"product_cat":[133,3622,3621,3620,2462],"product_tag":[],"class_list":{"0":"post-162436","1":"product","2":"type-product","3":"status-publish","4":"has-post-thumbnail","6":"location-supplier_stock_location","7":"location-local_stock_location","8":"product_brand-vevor","9":"product_cat-automotive","10":"product_cat-cordless-grease-gun","11":"product_cat-grease-guns","12":"product_cat-lubrication-tools","13":"product_cat-shop-equipment","15":"first","16":"outofstock","17":"taxable","18":"shipping-taxable","19":"purchasable","20":"product-type-simple"},"aioseo_notices":[],"locations":[{"id":1935,"name":"Pieg\u0101d\u0101t\u0101ja noliktav\u0101 (5-7dd)","slug":"supplier_stock_location","quantity":"0"},{"id":1934,"name":"R\u012bgas veikal\u0101 (0-2d.d.)","slug":"local_stock_location","quantity":"0"}],"_links":{"self":[{"href":"https:\/\/vevorshop.lv\/et\/wp-json\/wp\/v2\/product\/162436","targetHints":{"allow":["GET"]}}],"collection":[{"href":"https:\/\/vevorshop.lv\/et\/wp-json\/wp\/v2\/product"}],"about":[{"href":"https:\/\/vevorshop.lv\/et\/wp-json\/wp\/v2\/types\/product"}],"replies":[{"embeddable":true,"href":"https:\/\/vevorshop.lv\/et\/wp-json\/wp\/v2\/comments?post=162436"}],"wp:featuredmedia":[{"embeddable":true,"href":"https:\/\/vevorshop.lv\/et\/wp-json\/wp\/v2\/media\/388666"}],"wp:attachment":[{"href":"https:\/\/vevorshop.lv\/et\/wp-json\/wp\/v2\/media?parent=162436"}],"wp:term":[{"taxonomy":"location","embeddable":true,"href":"https:\/\/vevorshop.lv\/et\/wp-json\/wp\/v2\/location?post=162436"},{"taxonomy":"product_brand","embeddable":true,"href":"https:\/\/vevorshop.lv\/et\/wp-json\/wp\/v2\/product_brand?post=162436"},{"taxonomy":"product_cat","embeddable":true,"href":"https:\/\/vevorshop.lv\/et\/wp-json\/wp\/v2\/product_cat?post=162436"},{"taxonomy":"product_tag","embeddable":true,"href":"https:\/\/vevorshop.lv\/et\/wp-json\/wp\/v2\/product_tag?post=162436"}],"curies":[{"name":"wp","href":"https:\/\/api.w.org\/{rel}","templated":true}]}}