{"id":162578,"date":"2025-05-15T07:34:46","date_gmt":"2025-05-15T07:34:46","guid":{"rendered":"https:\/\/vevorshop.lv\/en_us\/Prece\/vevor-benchtop-woodworking-bandsaw-340mm-1100w-1-5hp-variable-speed-440-846-rpm\/"},"modified":"2026-05-06T13:15:31","modified_gmt":"2026-05-06T10:15:31","slug":"vevor-benchtop-woodworking-bandsaw-340mm-1100w-1-5hp-variable-speed-440-846-rpm","status":"publish","type":"product","link":"https:\/\/vevorshop.lv\/et\/Prece\/vevor-lauapuidutootlemise-lintsaag-340-mm-1100-w-1-5-hj-muutuv-kiirus-440-846-p-min\/","title":{"rendered":"VEVOR 340 mm pingile paigaldatav lintsaag alusega, 1100W, muudetav kiirus 440\u2013846 p\/min, kallutatav laud, valgus, puidule ja metallile"},"content":{"rendered":"<div style=\"color: #fff!important; font-size: 16px; height: 24px; line-height: 24px; margin-top: -24px; \" class=\"product_original_name\">VEVOR lintsaag, 340 mm\/13,39 tolli, pingisae koos alusega, 440-846 p\/min pidevalt eluj\u00f5uline kiirus, 1100 W 1,5 hj, 220 V, optimeeritud t\u00f6\u00f6valgusti ja mitram\u00f5\u00f5tur, puidut\u00f6\u00f6tlemiseks alumiiniumist puidust metallist vask<\/div>\n<div style=\"color: #fff!important; font-size: 16px; height: 24px; line-height: 24px; margin-top: -24px; \" class=\"product_sku\">MAP209XC<\/div>\n<div style=\"color: #fff!important; font-size: 16px; height: 24px; line-height: 24px; margin-top: -24px; \" class=\"product_mpn\">MCQGDJ14YCDZDG7P0V2<\/div><div id=\"js-DM_at-goodDescRich\"><html><head><style>  body {    font-family: Arial;    line-height: 1.5;    color: #1c1c1c;    overflow-x: hidden;    margin: 0;    padding: 0;  }  .MsoNormal b {    font-weight: bolder;  }<\/style><style>  .container.small {    width: 970px;    margin: 0 auto;  }  .logo {    margin: 0 auto 0;  }  .logo img {    display: block;    margin: 0 auto;    max-width: 100%;  }  .logo .pc-banner {    display: block;    width: 1200px;    height: 247.4px;    margin: 0 auto;  }  .logo .pc-banner.small {    width: 970px;  }  .logo .pc-banner.small img {    height: auto!important;  }  .logo .m-banner {    display: none;  }  .ytvideo {    position: relative;    height: 546px;    width: 100%;    margin: 0 auto;  }  .ytvideo img {    width: 100%;    margin: 0 auto;  }  .ytvideo .play-btn {    width: 60px;    height: 42px;    position: absolute;    top: 50%;    left: 50%;    transform: translate(-50%, -50%);    background: url(\"data:image\/png;base64,iVBORw0KGgoAAAANSUhEUgAAAGQAAABGCAMAAAANWMFbAAAC+lBMVEUAAADBGB3kLCfBGB3kLCfcJC7BFx3KKSbiKybkLCbWJCPSIiLSIiLPICHAFx3kLCfgKSXNHiDZJiTIGx\/p4eHcjo7LHSDbJyTkLCbjKyfOHyHPIiL28fHJHB\/GGh7EGR7eKCXDGB3RISHlLSbBGB3AFxzGHB7DGB7BGB3hKybkKybAFx3lLCfAFxzDGR3hKibDGB7cJyTmz8\/elJTlwcHjurrUIyLlLSflLSfAFx3DGR7lLSfCFx3hKibhKibhKybjKybkLCblLSfbJSX49vbx7e3NNzjNMTLMJyjVIyLZf3\/ZQ0LaeHjx0tLgoqLkLCfCGB3HGx\/BGB3BFx3PICHCGB7WJCLOHyC\/Fxy\/Fx3lLCfQISHkLSe\/FxzbJiTBFx3FGx\/AGB7BFx3EGR7AGB3HHSDfKiXAFh3TISHYNzbhKibbJyTTIiL57e325+f039\/v2NjUV1fOHiHiqanfmprch4feKSXVIyPOICHmLibFGh\/mLSe\/Fx7XJCPeKSXXJSPNHyHaJyTGGh7lLCbmLCflLSjSIiLkLCbdKSXLHiC\/GB3KHh++Fh3lKyfoLiXcKCPkx8fYb2\/XaGfVXl3aU1LLHiDksbHgKibPICHbJyTfKSXbJyTCGB3KHSDiKybFGh7TIiL\/\/\/\/VIyPRISHIHB\/GGx\/HHB\/DGR7gKibdKCXLHiDZJiTMHiDNHyHYJSTOICHPICHWJCPcKCXXJSPjLCblLCf+\/f3NGR\/uLijzLynPGR\/IGB7WISHaIyLLGh7UAADxLynNAADRLzDbICLQAADIAAD3MCrUHSHXMTDpKSbLAADp5OTij4\/ejo\/VLy\/1LyngJSTcJCPQHx\/OHB7+\/PzaMS\/OLS\/vLijrLSjSAADaNTPwLyjkKSbNJCbYISHPHB\/KGB7WAAD7+vrn3d3aKynTKCjoLCfsKifRGh\/YAADq5+fhjo7QNDXXKCfmJyXt5+fTLzDLLi\/QKivYHRvMGBrQJCXLISPMExXLDxLaEAvkkI\/bOTfaFQ\/SCgpvLcnHAAAAmnRSTlMA+vv7+gT9Bvf9+8z8\/NSv\/Pr5+P7++vnQIBMP\/v38\/Pn348XDiCYf9OjbzcqxXVcx\/fz8+\/rj1r2poo1+fXFqX0orGP7+\/v7+\/fz8+\/r68uzn4trIxsG\/vri3p6GcmZSNbWVYUUZEPQv+\/f39+\/v7+\/v7+vr64tvV1NTTz87FtbSurqeblJKFg4B3bUY+NjL7+\/v7+\/v67t1cDo8JLQAABkRJREFUWMO0kz9rwkAYh0OIeJkum6YugUAhISCdKoj\/P4C7SMdS+gEKIhSKil10LSg4mzXkILdlEpxCpwTiWOLX6BujvQaEQuGeHLnL+\/64J+SIcKGYTYWnntpdLjrVdqvZmNdn0+EE40GtpuuWVS6Xx6N7YDSGpWXpeq02wHgynM7q80az1a52HpddtVcpsi1zFARBrdaxbhp9iUReTGmwA4KAAr7vx3EYejnCMI6hQYEgy0LQi4jUN0wL19vqFcUC9\/1dAKmEEFkWRYkh5oBejnxQJiSJPJ\/uKBp0Thszx9Mw8hMRIQjKsptCfuES9zr5WJY6vSFCIvE9fCMUmEM1A1kSXcYGxgVYsvI1IPKTZciSTI0us\/SMGG04gDzELDoFBwdcFJrF88dqgYMTiL6DILWYyfOWE8\/kIz38olCNlC03FK95+imxp6y4oUSvAnBjHHhKNtotSDqJzVFiK8c2SBqhZtsrTtgrLXwAyduxZHNE26eHUt5rtuM4WSmds3G+sUdWYo1L+XyxButoh5eKUHk5lByO3G1LqqCWVnfrv\/lyPtf\/4ps1cndNGIri8J1TJ0lx6dR\/oPjq1nbRwdp2dCk4CtIOLW3pVKRL6WZfS5vF2KkIQhpwSsjiYIgNCs1gEMGqiIq24NQX9NwoXFy8Ufrl3twTcg4fv8T9\/JBEySduj6Mjm4bMzYV7EEOxKjjoNDud7yY3Dy71Hq2oLmqfbNR723edH9PgMrNL2utoQ3VmaIDkiw\/4w51P06hlZsTZvkRrbVuSIs\/zwSOsycgzStQouoAkWQqioRT5XI7n2Z1wfVhoZmcAJLsoqjqpjbWCgpOAJXBwHK8PzWbNvoUZJND5wCnSkLAkZ1legx6vqQzjoiTahKlGUGLAiIIoABOHaNVw4sexZBym6\/HWlH5h3IC7yRbxtipcWxdTOkORKiNQAEkFf66x5S2oeRbroOlLgg0sSYkR0hRGEqJZ0jTPiQKatESdBckpWigxaapEH0lImHdWu9pUFF2XqMNM2Z4kped7IwEJw2qabwtrQqnpw6HyKkgcadKWsmpywwesDyIhYRpdzXddqegtGIJlXbAIUMOLkGxJUjRIkokwjUaX9d\/kK62ps\/tYUqZLIMkLTyBhsMZ3C5Z\/kDxOSCb\/DOs\/\/J0qcWSX\/2ipe56EgTCA4\/cB7NAYOsni4mZM1MUPAISoEwkDi4lhVBQ1cWQyIcwalw4EpqZN68JUSK7XC0kTlkLYii5uXSC8jT5ncCAS7mjCv0uHp\/3lueHEEAeQ\/\/VgmdN71\/2uCSA1Xr6DO6uI6sW56zqT2tp2PhgiRUAajV8CY2fkcz6WGNKMgLAt7tJAhD4YHMTeRxlALE6+43WqjSWi8ITxyJl8WrwWSNESQZZOqhDDntO3hJLsd5RtSpbJqdv3YrDJH3F7jL1R2O2aQkn2MyCyKYz0GPGIvSAMgBCrCEiJyKbBaYGwLW4uPRr0A0M4Ux5kUI7IBh+hMdiCEWNqhMZGyYMsOgNE58UQuEQeUnSWCMYwL54hkxK6IoqucQZbQ3pc3XtL0lky1dL0zZJJDpWJovFqpWj6JEHnyam2eQp5QRVAVHjWparTOaVwUOx99YS2MvgxIGV0bb+qIg2HX2qkFFJB+XZcbLiuRkuxD9GRroKyveLxdh4d7Orx+hb7qc3uVRuEogCOnyIxm4ubUoPgF4jianDrC+SDQDKEfJb0GUKmjCGPYHGJvVC6X4hw1\/sAfQAdfYyephIaspXe36RwOP+Ljvfx9B6B3i+Nk0DGq+oCbLn6JpBa9nWAveAIHwFAwtVcIJXPMPL8kRu5OAYPMaL1WScTxjiZDqB9LTJSWphow\/pTYKRTLjCBhvi9iBidvKcDasGSm0QQkycYuLBqj6QCELPctqChDWpTRMWkngNNpQ1Pfp1KkiT\/Y0DGffXAweUNfLAfaJFKDwhb6I+bkYRbkERoEeu3Fyjg2opMz2daZCS9jt6Q7txNfB+OZEVF6Zl5web2xunnLQrtrjXseXKaFYziYINeMFZVxS9VxRhOoesYwxPKXm+gWLG9cuFeq93UNNeJNsf1KlwuDok9n02n3TgIJpOxNfL9naIoQwXtfH9kjceTIIi709ncTg6LZbg+biLH1V6u\/7rxBem06VXKn9raAAAAAElFTkSuQmCC\")      no-repeat center center \/ contain;  }  @media screen and (max-width: 960px) and (orientation: portrait) {    .logo {      width: 100%;    }    .logo .pc-banner {      display: none;    }    .logo .m-banner {      display: block;      width: 100%;    }    .logo .m-banner img {      height: auto!important;    }    .ytvideo {      height: 200px;      width: 100%;    }  }<\/style><style>  .video-section {    width: 100%;    margin: 0 auto;  }  .video-section > img {    width: 100%;  }  .video-section iframe,  .video-section video {    width: 100%;    height: 100%;      }  .video-section-img-m,  .video-section-img-pc > img {    width: 100%;    height: auto;  }  .video-section-img-pc.small > img {    width: 970px;  }  .video-desc {    line-height: 1.5;    font-size: 20px;    font-weight: 400;    margin: 20px 0;    text-align: center;    color: #0f1111;    word-break: break-word;  }  @media screen and (max-width: 960px) and (orientation: portrait) {    .video-section {      width: 100%;    }    .video-section-pc,    .video-section-img-pc {      display: none;    }    .video-section-m,    .video-section-img-m {      display: block;    }    .video-desc {      font-size: 15px;    }  }  @media screen and (min-width: 960px) {    .video-section {      width: 100%;      margin: 0 auto;    }    .video-section-pc,    .video-section-img-pc {      display: block;    }    .video-section-m,    .video-section-img-m {      display: none;    }    .video-desc {      font-size: 20px;    }  }<\/style><style>  .section + .section {    margin-top: 35px;  }  .section-title {    text-align: center;    font-weight: bold;    color: #0d1111;    font-family: \"Arial\";    font-size: 32px;    margin: 15px 0;  }  .section-title:empty {    display: none;  }  .section-desc {    text-align: center;    font-weight: normal;    color: #0d1111;    margin-top: 20px;  }  .section-desc:empty {    display: none;  }  .section-img {    width: 1200px;    height: 492px;    margin: 0 auto;    display: block;  }  .section-img.small {    width: 970px;    height: auto;  }  .section-img.small > img {    height: auto;  }  .section-img > img {    width: 100%;    height: 100%;  }  .section-mobile-img {    display: none;    max-width: 100vw;    max-height: 75vw;    height: 450px;    margin: 0 auto;  }  .section-mobile-img > img {    width: 100%;    height: 100%;  }  @media screen and (max-width: 960px) and (orientation: portrait) {    .container {      width: 100%;    }    .container.small {      width: 100%;    }    .section-mobile-img {      display: block;    }    .section-img {      display: none;    }    .section-title {      font-size: 22px;      margin: 10px 0;    }    .section-desc {      margin-top: 10px;    }    .section + .section {      margin-top: 20px;    }  }<\/style><\/head><body><div class=\"container\"><div class=\"logo\"><div class=\"pc-banner\"><div><img decoding=\"async\" src=\"\/vevor\/vevor\/boutique-banner\/pc\/en-pc@1x.jpg\" style=\"width: 100%;\" \/><\/div><\/div><div class=\"m-banner\"><div><img decoding=\"async\" src=\"\/vevor\/vevor\/boutique-banner\/mobile\/en-m@1x.jpg\" style=\"width: 100%;\" \/><\/div><\/div><\/div><div class=\"section-title\">Puidut\u00f6\u00f6tlemine Bandsaw, L\u00f5igata l\u00e4bi k\u00f5ik projekti ei aja<\/div><div class=\"video-section\"><div class=\"video-section-img-pc\"><img decoding=\"async\" src=\"\/vevor\/product\/MCQGDJ14YCDZDG7P0\/band-saw-a100-1.4.jpg\" \/><\/div><div class=\"video-section-img-m\"><img decoding=\"async\" src=\"\/vevor\/product\/MCQGDJ14YCDZDG7P0\/band-saw-a100-1.4-m.jpg\" \/><\/div><div class=\"section-desc\">Meie lauaplaadiga lintsael on 13-tolline (330 mm) l\u00f5ikek\u00f5rgus, 13,39-tolline (340 mm) l\u00f5ikelaius ja 1-1\/2 HP 1100 W mootor suure l\u00f5ikej\u00f5udluse tagamiseks. 440-846 p\/min pidevalt eluj\u00f5uline kiirus ja optimeeritud t\u00f6\u00f6valgusasend meelerahu tagamiseks.<\/div><\/div><div class=\"section\"><div class=\"section-title\"><\/div><div class=\"section-img\"><img decoding=\"async\" src=\"\/vevor\/product\/MCQGDJ14YCDZDG7P0\/band-saw-a100-2.2.jpg\" \/><\/div><div class=\"section-mobile-img\"><img decoding=\"async\" src=\"\/vevor\/product\/MCQGDJ14YCDZDG7P0\/band-saw-a100-2.2-m.jpg\" \/><\/div><div class=\"section-desc\">Maksimaalne l\u00f5ikamine k\u00f5rgus 13 (330 mm) ja maksimaalne l\u00f5ikes\u00fcgavus laius 13.39 aastal (340 mm), saab l\u00f5igata suured puit vastavad teie t\u00f6\u00f6tlemise n\u00f5uded meie benchtop b\u00e4nd n\u00e4gi.<\/div><\/div><div class=\"section\"><div class=\"section-title\"><\/div><div class=\"section-img\"><img decoding=\"async\" src=\"\/vevor\/product\/MCQGDJ14YCDZDG7P0\/band-saw-a100-2.3.jpg\" \/><\/div><div class=\"section-mobile-img\"><img decoding=\"async\" src=\"\/vevor\/product\/MCQGDJ14YCDZDG7P0\/band-saw-a100-2.3-m.jpg\" \/><\/div><div class=\"section-desc\">Maksimaalne tera kiirus 2887.5 ft\/min (880 m\/min), mille m\u00f5\u00f5tmed 109.45 aastal (2780 mm) pikkus, 13.39 aastal (340 mm) laius, ja 0.0197 aastal (0,5 mm) paksus. Valmistatud GS70Y materjal, mille k\u00f5vadus HRC 45-48, puit bandsaw pakub sile, t\u00f5husat l\u00f5ikust.<\/div><\/div><div class=\"section\"><div class=\"section-title\"><\/div><div class=\"section-img\"><img decoding=\"async\" src=\"\/vevor\/product\/MCQGDJ14YCDZDG7P0\/band-saw-a100-2.4.jpg\" \/><\/div><div class=\"section-mobile-img\"><img decoding=\"async\" src=\"\/vevor\/product\/MCQGDJ14YCDZDG7P0\/band-saw-a100-2.4-m.jpg\" \/><\/div><div class=\"section-desc\">Hoia oma workspace puhastada tolmu kogumise sadama. Lihtsalt \u00fchendage see vaakum, ja sa oled k\u00f5ik seatud pildista tolmu ja s\u00e4ilitada puhas keskkond.<\/div><\/div><div class=\"section\"><div class=\"section-title\"><\/div><div class=\"section-img\"><img decoding=\"async\" src=\"\/vevor\/product\/MCQGDJ14YCDZDG7P0\/band-saw-a100-2.5.jpg\" \/><\/div><div class=\"section-mobile-img\"><img decoding=\"async\" src=\"\/vevor\/product\/MCQGDJ14YCDZDG7P0\/band-saw-a100-2.5-m.jpg\" \/><\/div><div class=\"section-desc\">Ideaalne DIY entusiastid, puusepa, remodelers, ja rohkem. See bandsaw tooriku jaoks saab l\u00f5igata l\u00e4bi lehtpuu, okaspuu, vasest torud, alumiiniumist toru, plast -, ja muid materjale, mist\u00f5ttu on go-vahend k\u00f5igi oma l\u00f5ikamise vajadusi.<\/div><\/div><div class=\"section\"><div class=\"section-img\"><img decoding=\"async\" src=\"\/vevor\/product\/MCQGDJ14YCDZDG7P0\/band-saw-a100-1.11.jpg\" \/><\/div><div class=\"section-mobile-img\"><img decoding=\"async\" src=\"\/vevor\/product\/MCQGDJ14YCDZDG7P0\/band-saw-a100-1.11-m.jpg\" \/><\/div><\/div><\/div><\/body><\/html><\/div>\n<div class=\"DM_at-title\" id=\"js-DM_at-title\"> <div>Toote spetsifikatsioon<\/div> <i class=\"icon-arrowup_line\"><\/i> <\/div><div class=\"DM_at-goodsDescAttr\" id=\"js-DM_at-goodsDescAttr\"> <div class=\"DM_at-goodsDescAttrInner\"> <dl class=\"goodsDesc_item goodsDesc_item_even\"> <dt>Punkt Mudeli Number<\/dt> <dd> HBS350<\/dd> <\/dl> <dl class=\"goodsDesc_item\"> <dt>V\u00f5imsus<\/dt> <dd> 1100W, 1-1\/2HP<\/dd> <\/dl> <dl class=\"goodsDesc_item goodsDesc_item_even\"> <dt>Maks. K\u00f5ri Laius<\/dt> <dd> 13.39 in \/ 340 mm<\/dd> <\/dl> <dl class=\"goodsDesc_item\"> <dt>Maks. Niiduk\u00f5rguse<\/dt> <dd> 13 \/ 330 mm<\/dd> <\/dl> <dl class=\"goodsDesc_item goodsDesc_item_even\"> <dt>Sawblade Pikkus<\/dt> <dd> 109.45 in \/ 2780 mm<\/dd> <\/dl> <dl class=\"goodsDesc_item\"> <dt>Sawtable Suurus<\/dt> <dd> 15.55 x 21.46 in \/ 395 x 545 mm<\/dd> <\/dl> <dl class=\"goodsDesc_item goodsDesc_item_even\"> <dt>No-load Speed<\/dt> <dd> 440-846 p \/ MIN<\/dd> <\/dl> <dl class=\"goodsDesc_item\"> <dt>Maks.Sawblade Kiirus<\/dt> <dd> 880 m\/min<\/dd> <\/dl> <dl class=\"goodsDesc_item goodsDesc_item_even\"> <dt>Toote M\u00f5\u00f5tmed<\/dt> <dd> 32.28 x 20.87 x 71.46 in \/ 820 x 530 x 1815 mm<\/dd> <\/dl> <\/div> <\/div>","protected":false},"excerpt":{"rendered":"<ul>\n<li> Suurep\u00e4rane l\u00f5ikev\u00f5ime: maksimaalse l\u00f5ikek\u00f5rgusega 13 tolli (330 mm) l\u00f5ikab puidut\u00f6\u00f6tlemislintsae kergesti puitu, metalli, vaske, alumiiniumi, plasti ja palju muud. Max. Kurgu laius: 13,39 tolli (340 mm), Sawblade pikkus: 109,45 tolli (2780 mm), Max. Sawblade kiirus: 2887,5 jalga\/min (880 m\/min) <\/li>\n<li> Pidevalt eluj\u00f5uline kiirus: lauaplaadi lintsaag on varustatud pidevalt eluj\u00f5ulise kiiruse reguleerimise funktsiooniga ning sellel on maksimaalne kiirus 846 p\/min ja minimaalne kiirus 440 p\/min, mida kasutajad saavad vastavalt erinevatele vajadustele pingutuseta reguleerida <\/li>\n<li> Suure j\u00f5udlusega mootor: meie lauaplaadi lintsaag on ehitatud 1-1\/2HP 1100 W v\u00f5imsa ergastusmootoriga, r\u00e4niterasest paksus: 3,62 tolli (92 mm), r\u00e4niterasest v\u00e4lisl\u00e4bim\u00f5\u00f5t:\u03c65,02 tolli (127,5 mm). \u00dclekuumenemiskaitsega, et tagada sujuv ja meelerahu t\u00f6\u00f6 <\/li>\n<li> Mitme nurgaga l\u00f5ikamine: puidust lintsaag on ehitatud 0-45\u00b0 kaldelauaga ja 15,55 x 21,46 tolli \/395 x 545 mm saetava suurusega, mis on valmistatud Q235 terasest, mis tagab suure tugevuse ja suurema vastupidavuse. Kalde saab h\u00f5lpsasti l\u00f5igata, kallutades lauda 45\u00b0 paremale <\/li>\n<li> Optimeeritud valgusasend: meie puidut\u00f6\u00f6tlemiseks m\u00f5eldud lintsae t\u00f6\u00f6valgusasend on rohkem koosk\u00f5las teie igap\u00e4evase kasutusvajadusega ja on paindlik t\u00f6\u00f6tamiseks. Saate reguleerida asendit vastavalt konkreetse t\u00f6\u00f6 asukohale, valgustades k\u00f5ik t\u00f6\u00f6piirkonnad ilma tumeda k\u00fcljeta <\/li>\n<\/ul>","protected":false},"featured_media":389746,"comment_status":"open","ping_status":"open","template":"","meta":{"om_disable_all_campaigns":false,"_uf_show_specific_survey":0,"_uf_disable_surveys":false},"location":[1935,1934],"product_brand":[21],"product_cat":[2920,2397,2919,2374,4461],"product_tag":[],"class_list":{"0":"post-162578","1":"product","2":"type-product","3":"status-publish","4":"has-post-thumbnail","6":"location-supplier_stock_location","7":"location-local_stock_location","8":"product_brand-vevor","9":"product_cat-band-saws","10":"product_cat-power-tools-tools","11":"product_cat-saws","12":"product_cat-tools","13":"product_cat-woodworking-bandsaw","15":"first","16":"instock","17":"taxable","18":"shipping-taxable","19":"purchasable","20":"product-type-simple"},"aioseo_notices":[],"locations":[{"id":1935,"name":"Pieg\u0101d\u0101t\u0101ja noliktav\u0101 (5-7dd)","slug":"supplier_stock_location","quantity":"9"},{"id":1934,"name":"R\u012bgas veikal\u0101 (0-2d.d.)","slug":"local_stock_location","quantity":"0"}],"_links":{"self":[{"href":"https:\/\/vevorshop.lv\/et\/wp-json\/wp\/v2\/product\/162578","targetHints":{"allow":["GET"]}}],"collection":[{"href":"https:\/\/vevorshop.lv\/et\/wp-json\/wp\/v2\/product"}],"about":[{"href":"https:\/\/vevorshop.lv\/et\/wp-json\/wp\/v2\/types\/product"}],"replies":[{"embeddable":true,"href":"https:\/\/vevorshop.lv\/et\/wp-json\/wp\/v2\/comments?post=162578"}],"wp:featuredmedia":[{"embeddable":true,"href":"https:\/\/vevorshop.lv\/et\/wp-json\/wp\/v2\/media\/389746"}],"wp:attachment":[{"href":"https:\/\/vevorshop.lv\/et\/wp-json\/wp\/v2\/media?parent=162578"}],"wp:term":[{"taxonomy":"location","embeddable":true,"href":"https:\/\/vevorshop.lv\/et\/wp-json\/wp\/v2\/location?post=162578"},{"taxonomy":"product_brand","embeddable":true,"href":"https:\/\/vevorshop.lv\/et\/wp-json\/wp\/v2\/product_brand?post=162578"},{"taxonomy":"product_cat","embeddable":true,"href":"https:\/\/vevorshop.lv\/et\/wp-json\/wp\/v2\/product_cat?post=162578"},{"taxonomy":"product_tag","embeddable":true,"href":"https:\/\/vevorshop.lv\/et\/wp-json\/wp\/v2\/product_tag?post=162578"}],"curies":[{"name":"wp","href":"https:\/\/api.w.org\/{rel}","templated":true}]}}