{"id":16707,"date":"2024-11-18T03:14:01","date_gmt":"2024-11-18T03:14:01","guid":{"rendered":"http:\/\/vevorshop.edigo.lv\/Prece\/vevor-scissor-jack-2-5-ton-5512-lbs-scissor-car-jack-3-7-17-1-lifting-range-scissor-lift-jack-with-ratcheting-handle-and-l-wrench-portable-tire-jack-for-cars-trucks-sedans-mpvs\/"},"modified":"2026-04-22T14:03:16","modified_gmt":"2026-04-22T11:03:16","slug":"vevor-scissor-jack-2-5-ton-5512-lbs-scissor-car-jack-3-7-17-1-lifting-range-scissor-lift-jack-with-ratcheting-handle-and-l-wrench-portable-tire-jack-for-cars-trucks-sedans-mpvs","status":"publish","type":"product","link":"https:\/\/vevorshop.lv\/et\/Prece\/vevor-kaaride-tungraud-2-5-ton-5512-lbs-kaaridega-auto-tungraud-3-7-17-1-tostevahemik-kaaridega-toste-tungraud-pork-kaepidemega-ja-l-mutrivotmega-kaasaskantav-rehvi-tungraud-soiduautodele-veoautod-sed\/","title":{"rendered":"VEVOR 2,5 t k\u00e4\u00e4ride autotungraud, 95\u2013435 mm t\u00f5stek\u00f5rgus, koos v\u00e4ntv\u00f5tme ja L-v\u00f5tmega \u2013 kaasaskantav tungraud autodele ja maasturitele"},"content":{"rendered":"<div style=\"color: #fff!important; font-size: 16px; height: 24px; line-height: 24px; margin-top: -24px; \" class=\"product_original_name\">VEVOR K\u00e4\u00e4rtungraud, 2,5 Ton\/2500 kg K\u00e4\u00e4riauto Tungraud, 9,4 cm-43,4 cm T\u00f5stevahemiku K\u00e4\u00e4rt\u00f5stuk koos p\u00f5rkek\u00e4epideme ja L-mutriv\u00f5tmega, Kaasaskantav rehvitungraud autodele Veoautod Sedaanid MPV-d<\/div>\n<div style=\"color: #fff!important; font-size: 16px; height: 24px; line-height: 24px; margin-top: -24px; \" class=\"product_sku\">M4I4KI91<\/div>\n<div style=\"color: #fff!important; font-size: 16px; height: 24px; line-height: 24px; margin-top: -24px; \" class=\"product_mpn\">JSQJDJB155112Z9S3V0<\/div><div id=\"js-DM_at-goodDescRich\"><html><head><style>  body {    font-family: Arial;    line-height: 1.5;    color: #1c1c1c;    overflow-x: hidden;    margin: 0;    padding: 0;  }  .MsoNormal b {    font-weight: bolder;  }<\/style><style>  .container.small {    width: 970px;    margin: 0 auto;  }  .logo {    margin: 0 auto 0;  }  .logo img {    display: block;    margin: 0 auto;    max-width: 100%;  }  .logo .pc-banner {    display: block;    width: 1200px;    height: 247.4px;    margin: 0 auto;  }  .logo .pc-banner.small {    width: 970px;  }  .logo .pc-banner.small img {    height: auto!important;  }  .logo .m-banner {    display: none;  }  .ytvideo {    position: relative;    height: 546px;    width: 100%;    margin: 0 auto;  }  .ytvideo img {    width: 100%;    margin: 0 auto;  }  .ytvideo .play-btn {    width: 60px;    height: 42px;    position: absolute;    top: 50%;    left: 50%;    transform: translate(-50%, -50%);    background: url(\"data:image\/png;base64,iVBORw0KGgoAAAANSUhEUgAAAGQAAABGCAMAAAANWMFbAAAC+lBMVEUAAADBGB3kLCfBGB3kLCfcJC7BFx3KKSbiKybkLCbWJCPSIiLSIiLPICHAFx3kLCfgKSXNHiDZJiTIGx\/p4eHcjo7LHSDbJyTkLCbjKyfOHyHPIiL28fHJHB\/GGh7EGR7eKCXDGB3RISHlLSbBGB3AFxzGHB7DGB7BGB3hKybkKybAFx3lLCfAFxzDGR3hKibDGB7cJyTmz8\/elJTlwcHjurrUIyLlLSflLSfAFx3DGR7lLSfCFx3hKibhKibhKybjKybkLCblLSfbJSX49vbx7e3NNzjNMTLMJyjVIyLZf3\/ZQ0LaeHjx0tLgoqLkLCfCGB3HGx\/BGB3BFx3PICHCGB7WJCLOHyC\/Fxy\/Fx3lLCfQISHkLSe\/FxzbJiTBFx3FGx\/AGB7BFx3EGR7AGB3HHSDfKiXAFh3TISHYNzbhKibbJyTTIiL57e325+f039\/v2NjUV1fOHiHiqanfmprch4feKSXVIyPOICHmLibFGh\/mLSe\/Fx7XJCPeKSXXJSPNHyHaJyTGGh7lLCbmLCflLSjSIiLkLCbdKSXLHiC\/GB3KHh++Fh3lKyfoLiXcKCPkx8fYb2\/XaGfVXl3aU1LLHiDksbHgKibPICHbJyTfKSXbJyTCGB3KHSDiKybFGh7TIiL\/\/\/\/VIyPRISHIHB\/GGx\/HHB\/DGR7gKibdKCXLHiDZJiTMHiDNHyHYJSTOICHPICHWJCPcKCXXJSPjLCblLCf+\/f3NGR\/uLijzLynPGR\/IGB7WISHaIyLLGh7UAADxLynNAADRLzDbICLQAADIAAD3MCrUHSHXMTDpKSbLAADp5OTij4\/ejo\/VLy\/1LyngJSTcJCPQHx\/OHB7+\/PzaMS\/OLS\/vLijrLSjSAADaNTPwLyjkKSbNJCbYISHPHB\/KGB7WAAD7+vrn3d3aKynTKCjoLCfsKifRGh\/YAADq5+fhjo7QNDXXKCfmJyXt5+fTLzDLLi\/QKivYHRvMGBrQJCXLISPMExXLDxLaEAvkkI\/bOTfaFQ\/SCgpvLcnHAAAAmnRSTlMA+vv7+gT9Bvf9+8z8\/NSv\/Pr5+P7++vnQIBMP\/v38\/Pn348XDiCYf9OjbzcqxXVcx\/fz8+\/rj1r2poo1+fXFqX0orGP7+\/v7+\/fz8+\/r68uzn4trIxsG\/vri3p6GcmZSNbWVYUUZEPQv+\/f39+\/v7+\/v7+vr64tvV1NTTz87FtbSurqeblJKFg4B3bUY+NjL7+\/v7+\/v67t1cDo8JLQAABkRJREFUWMO0kz9rwkAYh0OIeJkum6YugUAhISCdKoj\/P4C7SMdS+gEKIhSKil10LSg4mzXkILdlEpxCpwTiWOLX6BujvQaEQuGeHLnL+\/64J+SIcKGYTYWnntpdLjrVdqvZmNdn0+EE40GtpuuWVS6Xx6N7YDSGpWXpeq02wHgynM7q80az1a52HpddtVcpsi1zFARBrdaxbhp9iUReTGmwA4KAAr7vx3EYejnCMI6hQYEgy0LQi4jUN0wL19vqFcUC9\/1dAKmEEFkWRYkh5oBejnxQJiSJPJ\/uKBp0Thszx9Mw8hMRIQjKsptCfuES9zr5WJY6vSFCIvE9fCMUmEM1A1kSXcYGxgVYsvI1IPKTZciSTI0us\/SMGG04gDzELDoFBwdcFJrF88dqgYMTiL6DILWYyfOWE8\/kIz38olCNlC03FK95+imxp6y4oUSvAnBjHHhKNtotSDqJzVFiK8c2SBqhZtsrTtgrLXwAyduxZHNE26eHUt5rtuM4WSmds3G+sUdWYo1L+XyxButoh5eKUHk5lByO3G1LqqCWVnfrv\/lyPtf\/4ps1cndNGIri8J1TJ0lx6dR\/oPjq1nbRwdp2dCk4CtIOLW3pVKRL6WZfS5vF2KkIQhpwSsjiYIgNCs1gEMGqiIq24NQX9NwoXFy8Ufrl3twTcg4fv8T9\/JBEySduj6Mjm4bMzYV7EEOxKjjoNDud7yY3Dy71Hq2oLmqfbNR723edH9PgMrNL2utoQ3VmaIDkiw\/4w51P06hlZsTZvkRrbVuSIs\/zwSOsycgzStQouoAkWQqioRT5XI7n2Z1wfVhoZmcAJLsoqjqpjbWCgpOAJXBwHK8PzWbNvoUZJND5wCnSkLAkZ1legx6vqQzjoiTahKlGUGLAiIIoABOHaNVw4sexZBym6\/HWlH5h3IC7yRbxtipcWxdTOkORKiNQAEkFf66x5S2oeRbroOlLgg0sSYkR0hRGEqJZ0jTPiQKatESdBckpWigxaapEH0lImHdWu9pUFF2XqMNM2Z4kped7IwEJw2qabwtrQqnpw6HyKkgcadKWsmpywwesDyIhYRpdzXddqegtGIJlXbAIUMOLkGxJUjRIkokwjUaX9d\/kK62ps\/tYUqZLIMkLTyBhsMZ3C5Z\/kDxOSCb\/DOs\/\/J0qcWSX\/2ipe56EgTCA4\/cB7NAYOsni4mZM1MUPAISoEwkDi4lhVBQ1cWQyIcwalw4EpqZN68JUSK7XC0kTlkLYii5uXSC8jT5ncCAS7mjCv0uHp\/3lueHEEAeQ\/\/VgmdN71\/2uCSA1Xr6DO6uI6sW56zqT2tp2PhgiRUAajV8CY2fkcz6WGNKMgLAt7tJAhD4YHMTeRxlALE6+43WqjSWi8ITxyJl8WrwWSNESQZZOqhDDntO3hJLsd5RtSpbJqdv3YrDJH3F7jL1R2O2aQkn2MyCyKYz0GPGIvSAMgBCrCEiJyKbBaYGwLW4uPRr0A0M4Ux5kUI7IBh+hMdiCEWNqhMZGyYMsOgNE58UQuEQeUnSWCMYwL54hkxK6IoqucQZbQ3pc3XtL0lky1dL0zZJJDpWJovFqpWj6JEHnyam2eQp5QRVAVHjWparTOaVwUOx99YS2MvgxIGV0bb+qIg2HX2qkFFJB+XZcbLiuRkuxD9GRroKyveLxdh4d7Orx+hb7qc3uVRuEogCOnyIxm4ubUoPgF4jianDrC+SDQDKEfJb0GUKmjCGPYHGJvVC6X4hw1\/sAfQAdfYyephIaspXe36RwOP+Ljvfx9B6B3i+Nk0DGq+oCbLn6JpBa9nWAveAIHwFAwtVcIJXPMPL8kRu5OAYPMaL1WScTxjiZDqB9LTJSWphow\/pTYKRTLjCBhvi9iBidvKcDasGSm0QQkycYuLBqj6QCELPctqChDWpTRMWkngNNpQ1Pfp1KkiT\/Y0DGffXAweUNfLAfaJFKDwhb6I+bkYRbkERoEeu3Fyjg2opMz2daZCS9jt6Q7txNfB+OZEVF6Zl5web2xunnLQrtrjXseXKaFYziYINeMFZVxS9VxRhOoesYwxPKXm+gWLG9cuFeq93UNNeJNsf1KlwuDok9n02n3TgIJpOxNfL9naIoQwXtfH9kjceTIIi709ncTg6LZbg+biLH1V6u\/7rxBem06VXKn9raAAAAAElFTkSuQmCC\")      no-repeat center center \/ contain;  }  @media screen and (max-width: 960px) and (orientation: portrait) {    .logo {      width: 100%;    }    .logo .pc-banner {      display: none;    }    .logo .m-banner {      display: block;      width: 100%;    }    .logo .m-banner img {      height: auto!important;    }    .ytvideo {      height: 200px;      width: 100%;    }  }<\/style><style>  .video-section {    width: 100%;    margin: 0 auto;  }  .video-section > img {    width: 100%;  }  .video-section iframe,  .video-section video {    width: 100%;    height: 100%;      }  .video-section-img-m,  .video-section-img-pc > img {    width: 100%;    height: auto;  }  .video-section-img-pc.small > img {    width: 970px;  }  .video-desc {    line-height: 1.5;    font-size: 20px;    font-weight: 400;    margin: 20px 0;    text-align: center;    color: #0f1111;    word-break: break-word;  }  @media screen and (max-width: 960px) and (orientation: portrait) {    .video-section {      width: 100%;    }    .video-section-pc,    .video-section-img-pc {      display: none;    }    .video-section-m,    .video-section-img-m {      display: block;    }    .video-desc {      font-size: 15px;    }  }  @media screen and (min-width: 960px) {    .video-section {      width: 100%;      margin: 0 auto;    }    .video-section-pc,    .video-section-img-pc {      display: block;    }    .video-section-m,    .video-section-img-m {      display: none;    }    .video-desc {      font-size: 20px;    }  }<\/style><style>  .section + .section {    margin-top: 35px;  }  .section-title {    text-align: center;    font-weight: bold;    color: #0d1111;    font-family: \"Arial\";    font-size: 32px;    margin: 15px 0;  }  .section-title:empty {    display: none;  }  .section-desc {    text-align: center;    font-weight: normal;    color: #0d1111;    margin-top: 20px;  }  .section-desc:empty {    display: none;  }  .section-img {    width: 1200px;    height: 492px;    margin: 0 auto;    display: block;  }  .section-img.small {    width: 970px;    height: auto;  }  .section-img.small > img {    height: auto;  }  .section-img > img {    width: 100%;    height: 100%;  }  .section-mobile-img {    display: none;    max-width: 100vw;    max-height: 75vw;    height: 450px;    margin: 0 auto;  }  .section-mobile-img > img {    width: 100%;    height: 100%;  }  @media screen and (max-width: 960px) and (orientation: portrait) {    .container {      width: 100%;    }    .container.small {      width: 100%;    }    .section-mobile-img {      display: block;    }    .section-img {      display: none;    }    .section-title {      font-size: 22px;      margin: 10px 0;    }    .section-desc {      margin-top: 10px;    }    .section + .section {      margin-top: 20px;    }  }<\/style><\/head><body><div class=\"container\"><div class=\"logo\"><div class=\"pc-banner\"><div><img decoding=\"async\" src=\"\/vevor\/vevor\/boutique-banner\/pc\/en-pc@1x.jpg\" style=\"width: 100%;\" \/><\/div><\/div><div class=\"m-banner\"><div><img decoding=\"async\" src=\"\/vevor\/vevor\/boutique-banner\/mobile\/en-m@1x.jpg\" style=\"width: 100%;\" \/><\/div><\/div><\/div><div class=\"section-title\">Saavutada Uusi K\u00f5rgusi koos K\u00e4\u00e4ride Jack V\u00f5iks!<\/div><div class=\"video-section\"><div class=\"video-section-img-pc\"><img decoding=\"async\" src=\"\/vevor\/product\/JSQJDJB155112Z9S3\/scissor-jack-a100-1.4.jpg\" alt=\"VEVOR k\u00e4\u00e4ride jack t\u00f5ste auto rehvi muutmine kit k\u00e4siraamat tekstuuriga pind.\" \/><\/div><div class=\"video-section-img-m\"><img decoding=\"async\" src=\"\/vevor\/product\/JSQJDJB155112Z9S3\/scissor-jack-a100-1.4-m.jpg\" alt=\"VEVOR k\u00e4\u00e4ride jack t\u00f5ste auto rehvi muutmine kit k\u00e4siraamat tekstuuriga pind.\" \/><\/div><div class=\"section-desc\">VEVOR k\u00e4\u00e4ride jack usaldusv\u00e4\u00e4rne, mitmek\u00fclgne ja vastupidav rehv muutmine vahend, mis vaevata vastab teie vajadustele. H\u00fcvasti rehvi seotud mured ja kogemused mugavuse ja meelerahu, omavad hea kvaliteediga k\u00e4\u00e4ride jack.<\/div><\/div><div class=\"section\"><div class=\"section-title\"><\/div><div class=\"section-img\"><img decoding=\"async\" src=\"\/vevor\/product\/JSQJDJB155112Z9S3\/scissor-jack-a100-2.2.jpg\" alt=\"VEVOR k\u00e4\u00e4ride jack t\u00f5ste auto max k\u00f5rgus 17.1&#034;\/435mm ja max v\u00f5imsus on 2,5 t\/5512lbs.\" \/><\/div><div class=\"section-mobile-img\"><img decoding=\"async\" src=\"\/vevor\/product\/JSQJDJB155112Z9S3\/scissor-jack-a100-2.2-m.jpg\" alt=\"VEVOR k\u00e4\u00e4ride jack t\u00f5ste auto max k\u00f5rgus 17.1&#034;\/435mm ja max v\u00f5imsus on 2,5 t\/5512lbs.\" \/><\/div><div class=\"section-desc\">Maksimaalne Kandev\u00f5ime: 2.5 T\/5512 lbs; T\u00f5ste-Vahemik: 3.7&#034;-17.1&#034;\/95-435 mm. Nende k\u00e4\u00e4ride jack sobib paljude v\u00e4ikeste ja keskmise suurusega s\u00f5idukid nagu Sedaanid, Coupes, Maasturid, ja Hatchbacks.<\/div><\/div><div class=\"section\"><div class=\"section-title\"><\/div><div class=\"section-img\"><img decoding=\"async\" src=\"\/vevor\/product\/JSQJDJB155112Z9S3\/scissor-jack-a100-2.3.jpg\" alt=\"VEVOR k\u00e4\u00e4ride jack t\u00f5ste auto ratchet mutriv\u00f5ti ja sobitamine rehvi kruvid, kasutades l-kujuline mutriv\u00f5ti.\" \/><\/div><div class=\"section-mobile-img\"><img decoding=\"async\" src=\"\/vevor\/product\/JSQJDJB155112Z9S3\/scissor-jack-a100-2.3-m.jpg\" alt=\"VEVOR k\u00e4\u00e4ride jack t\u00f5ste auto ratchet mutriv\u00f5ti ja sobitamine rehvi kruvid, kasutades l-kujuline mutriv\u00f5ti.\" \/><\/div><div class=\"section-desc\">Nende k\u00e4\u00e4ride auto jack kaasas laiendatud ratchet mutriv\u00f5ti, mis v\u00f5imaldab h\u00f5lpsat kontrolli t\u00f5stmise protsessi \u00fche k\u00e4ega. Ja kaks varrukad ja L-kujuline mutriv\u00f5ti eemaldamist rehvi kruvid, mis tagab lihtsa rehvi demonteerimist.<\/div><\/div><div class=\"section\"><div class=\"section-title\"><\/div><div class=\"section-img\"><img decoding=\"async\" src=\"\/vevor\/product\/JSQJDJB155112Z9S3\/scissor-jack-a100-2.4.jpg\" alt=\"VEVOR k\u00e4\u00e4ride jack: vastupidav terasest alus, mis on viidud vastavusse \u0161assii, toetab s\u00f5iduk ilma loksutades.\" \/><\/div><div class=\"section-mobile-img\"><img decoding=\"async\" src=\"\/vevor\/product\/JSQJDJB155112Z9S3\/scissor-jack-a100-2.4-m.jpg\" alt=\"VEVOR k\u00e4\u00e4ride jack: vastupidav terasest alus, mis on viidud vastavusse \u0161assii, toetab s\u00f5iduk ilma loksutades.\" \/><\/div><div class=\"section-desc\">Valmistatud k\u00f5rge-tugevus terasest ja featuring paksenenud tahke kruvi varda ja baasi, see scissor lift jack annab turvalisema tugipunkt ja talub k\u00f5rge surve raskeveokitele.<\/div><\/div><div class=\"section\"><div class=\"section-title\"><\/div><div class=\"section-img\"><img decoding=\"async\" src=\"\/vevor\/product\/JSQJDJB155112Z9S3\/scissor-jack-a100-2.5.jpg\" alt=\"samme, et muuta rehvid, kasutades VEVOR k\u00e4\u00e4ride jack: ploki rooli, keera kruvi, lift, auto, reguleerida k\u00f5rgust.\" \/><\/div><div class=\"section-mobile-img\"><img decoding=\"async\" src=\"\/vevor\/product\/JSQJDJB155112Z9S3\/scissor-jack-a100-2.5-m.jpg\" alt=\"samme, et muuta rehvid, kasutades VEVOR k\u00e4\u00e4ride jack: ploki rooli, keera kruvi, lift, auto, reguleerida k\u00f5rgust.\" \/><\/div><div class=\"section-desc\">Lihtsalt j\u00e4rgige \u00fclaltoodud juhiseid, ning te saate kontrollida k\u00e4\u00e4ride jack kergesti. Palun parkige oma s\u00f5iduk tasasele ja tahke pind ja leida jack \u00f5ige t\u00f5ste-punkti.<\/div><\/div><div class=\"section\"><div class=\"section-img\"><img decoding=\"async\" src=\"\/vevor\/product\/JSQJDJB155112Z9S3\/scissor-jack-a100-1.11.jpg\" alt=\"VEVOR k\u00e4\u00e4ride jack sj25 specs massi, m\u00f5\u00f5tmeid ja t\u00f5ste vahemik andmed kuvatakse.\" \/><\/div><div class=\"section-mobile-img\"><img decoding=\"async\" src=\"\/vevor\/product\/JSQJDJB155112Z9S3\/scissor-jack-a100-1.11-m.jpg\" alt=\"VEVOR k\u00e4\u00e4ride jack sj25 specs massi, m\u00f5\u00f5tmeid ja t\u00f5ste vahemik andmed kuvatakse.\" \/><\/div><\/div><\/div><\/body><\/html><\/div>\n<div class=\"DM_at-title\" id=\"js-DM_at-title\"> <div>Toote spetsifikatsioon<\/div> <i class=\"icon-arrowup_line\"><\/i> <\/div><div class=\"DM_at-goodsDescAttr\" id=\"js-DM_at-goodsDescAttr\"> <div class=\"DM_at-goodsDescAttrInner\"> <dl class=\"goodsDesc_item goodsDesc_item_even\"> <dt>Punkt Mudeli Number<\/dt> <dd> SJ25<\/dd> <\/dl> <dl class=\"goodsDesc_item\"> <dt>Maks. V\u00f5imsus<\/dt> <dd> 2.5 T\/5512 lbs<\/dd> <\/dl> <dl class=\"goodsDesc_item goodsDesc_item_even\"> <dt>T\u00f5ste-Vahemik<\/dt> <dd> 3.7-17.1 tolli\/95-435 mm<\/dd> <\/dl> <dl class=\"goodsDesc_item\"> <dt>Toote Suurus<\/dt> <dd> 18.7 x 3.7 x 3.7 tolline\/475 x 95 x 95 mm<\/dd> <\/dl> <dl class=\"goodsDesc_item goodsDesc_item_even\"> <dt>Neto Kaal<\/dt> <dd> 9.3 lbs\/4.2 kg<\/dd> <\/dl> <\/div> <\/div>","protected":false},"excerpt":{"rendered":"<ul>\n<li> 2,5 tonni mahutavus ja mitmek\u00fclgsus: k\u00e4\u00e4ridega tungraua maksimaalne kandev\u00f5ime on 2,5 T (5512 naela), mist\u00f5ttu sobib see paljudele v\u00e4ikestele ja keskmise suurusega s\u00f5idukitele. Olenemata sellest, kas teil on sedaan, kupee, maastur, luukp\u00e4ra v\u00f5i palju muud, pakub meie k\u00e4\u00e4ridega auto tungraud erakordset mitmek\u00fclgsust ja silmapaistvat kandev\u00f5imet k\u00f5igi teie rehvimuutvate vajaduste jaoks. <\/li>\n<li> Laiendatud T\u00f5ste-Vahemik: t\u00f5stek\u00f5rgusega 3,7&#034;, et 17.1&#034;(95 \u2013 435 mm), scissor lift jack pakub laiemat valikut j\u00f5uda madalal \u0161assii sedaanid v\u00f5i t\u00f5sta suure-keha Maasturid vaevata. T\u00e4iesti t\u00f5ste rehvid maapinda teeb hooldust\u00f6\u00f6d mugavamaks ja k\u00e4ttesaadavamaks. <\/li>\n<li> T\u00e4ielik Rehvi Asendamise Komplekt: Saada komplekt rehvi asendamise vahendid oma ostu. Auto pesa komplekt sisaldab 2,5 Tonni k\u00e4\u00e4ride jack, ratchet mutriv\u00f5ti jack kontrolli, kaks varrukad, L-kujuline mutriv\u00f5ti jaoks probleemivaba rehvi kruvi eemaldamise, samuti kinnas ja ladustamise kott. All-inclusive komplekt sobib ideaalselt teie trunk v\u00f5i garaa\u017ei, valmis tegelema iga avarii rehvi asendamine t\u00f6\u00f6d. <\/li>\n<li> Sujuv ja T\u00f5hus Toimimine: Meie k\u00e4\u00e4ride jack auto on varustatud laiendatud ratchet mutriv\u00f5ti, mis v\u00f5imaldab teil kontrollida t\u00f5stmise operatsiooni \u00fcksi ja sundimatult. Lisaks auto jack on lisatud kaks varrukad, mis vastavad k\u00f5ige rehvi kruvid, tagades kiire rehvi demonteerimist. <\/li>\n<li> T\u00e4iustatud Stabiilsus ja Vastupidavus: Meisterdatud k\u00f5rge-tugevus k\u00fclmvaltsitud terasest ja featuring tugevdatud tahke kruvi varda ja raam, meie raskeveokite k\u00e4\u00e4ride pistik tagab kindla aluse, isegi surve all raskeveokitele. Selle pind on kaetud anti-rooste spray vormimise tehnoloogia, anda erakorralist korrosioonikindlus ja pikaajalise vastupidavuse. <\/li>\n<\/ul>","protected":false},"featured_media":268641,"comment_status":"closed","ping_status":"open","template":"","meta":{"om_disable_all_campaigns":false,"_uf_show_specific_survey":0,"_uf_disable_surveys":false},"location":[1935,1934],"product_brand":[21],"product_cat":[133,2580,3376,2462],"product_tag":[],"class_list":{"0":"post-16707","1":"product","2":"type-product","3":"status-publish","4":"has-post-thumbnail","6":"location-supplier_stock_location","7":"location-local_stock_location","8":"product_brand-vevor","9":"product_cat-automotive","10":"product_cat-car-jacks","11":"product_cat-scissor-jacks-car-jacks","12":"product_cat-shop-equipment","14":"first","15":"instock","16":"taxable","17":"shipping-taxable","18":"purchasable","19":"product-type-simple"},"aioseo_notices":[],"locations":[{"id":1935,"name":"Pieg\u0101d\u0101t\u0101ja noliktav\u0101 (5-7dd)","slug":"supplier_stock_location","quantity":"1098"},{"id":1934,"name":"R\u012bgas veikal\u0101 (0-2d.d.)","slug":"local_stock_location","quantity":"0"}],"_links":{"self":[{"href":"https:\/\/vevorshop.lv\/et\/wp-json\/wp\/v2\/product\/16707","targetHints":{"allow":["GET"]}}],"collection":[{"href":"https:\/\/vevorshop.lv\/et\/wp-json\/wp\/v2\/product"}],"about":[{"href":"https:\/\/vevorshop.lv\/et\/wp-json\/wp\/v2\/types\/product"}],"replies":[{"embeddable":true,"href":"https:\/\/vevorshop.lv\/et\/wp-json\/wp\/v2\/comments?post=16707"}],"wp:featuredmedia":[{"embeddable":true,"href":"https:\/\/vevorshop.lv\/et\/wp-json\/wp\/v2\/media\/268641"}],"wp:attachment":[{"href":"https:\/\/vevorshop.lv\/et\/wp-json\/wp\/v2\/media?parent=16707"}],"wp:term":[{"taxonomy":"location","embeddable":true,"href":"https:\/\/vevorshop.lv\/et\/wp-json\/wp\/v2\/location?post=16707"},{"taxonomy":"product_brand","embeddable":true,"href":"https:\/\/vevorshop.lv\/et\/wp-json\/wp\/v2\/product_brand?post=16707"},{"taxonomy":"product_cat","embeddable":true,"href":"https:\/\/vevorshop.lv\/et\/wp-json\/wp\/v2\/product_cat?post=16707"},{"taxonomy":"product_tag","embeddable":true,"href":"https:\/\/vevorshop.lv\/et\/wp-json\/wp\/v2\/product_tag?post=16707"}],"curies":[{"name":"wp","href":"https:\/\/api.w.org\/{rel}","templated":true}]}}