{"id":16844,"date":"2024-11-18T03:19:58","date_gmt":"2024-11-18T03:19:58","guid":{"rendered":"http:\/\/vevorshop.edigo.lv\/Prece\/vevor-diesel-air-heater-all-in-one-12v-5kw-lcd-remote-control-for-car-rv-indoors-2\/"},"modified":"2026-04-22T14:01:23","modified_gmt":"2026-04-22T11:01:23","slug":"vevor-diesel-air-heater-all-in-one-12v-5kw-lcd-remote-control-for-car-rv-indoors-2","status":"publish","type":"product","link":"https:\/\/vevorshop.lv\/et\/Prece\/vevor-diisel-ohu-kutteseade-koik-uhes-12-v-5-kw-lcd-kaugjuhtimispult-auto-rv-siseruumides-2-2\/","title":{"rendered":"VEVOR 12V 5kW Kaasaskantav Diiselsoojendi LCD ja Puldiga, 5L Paak, Kiire K\u00fcte Haagissuvilale, Paadile, 15\u201320m\u00b2"},"content":{"rendered":"<div style=\"color: #fff!important; font-size: 16px; height: 24px; line-height: 24px; margin-top: -24px; \" class=\"product_original_name\">VEVOR diisel\u00f5huk\u00fctteseade, 12 V 5 KW k\u00f5ik-\u00fchele diiselk\u00fctteseade kaugjuhtimispuldi ja LCD-ekraaniga, 5 L k\u00fctusepaagi kaasaskantav diiselparkla k\u00fctteseade, kiirk\u00fcte haagissuvila matkaauto paadile<\/div>\n<div style=\"color: #fff!important; font-size: 16px; height: 24px; line-height: 24px; margin-top: -24px; \" class=\"product_sku\">M4I4KIF1<\/div>\n<div style=\"color: #fff!important; font-size: 16px; height: 24px; line-height: 24px; margin-top: -24px; \" class=\"product_mpn\">ZCJRQWS12V5KWB628V9<\/div><div id=\"js-DM_at-goodDescRich\"><html><head><style>  body {    font-family: Arial;    line-height: 1.5;    color: #1c1c1c;    overflow-x: hidden;    margin: 0;    padding: 0;  }  .MsoNormal b {    font-weight: bolder;  }<\/style><style>  .container.small {    width: 970px;    margin: 0 auto;  }  .logo {    margin: 0 auto 0;  }  .logo img {    display: block;    margin: 0 auto;    max-width: 100%;  }  .logo .pc-banner {    display: block;    width: 1200px;    height: 247.4px;    margin: 0 auto;  }  .logo .pc-banner.small {    width: 970px;  }  .logo .pc-banner.small img {    height: auto!important;  }  .logo .m-banner {    display: none;  }  .ytvideo {    position: relative;    height: 546px;    width: 100%;    margin: 0 auto;  }  .ytvideo img {    width: 100%;    margin: 0 auto;  }  .ytvideo .play-btn {    width: 60px;    height: 42px;    position: absolute;    top: 50%;    left: 50%;    transform: translate(-50%, -50%);    background: url(\"data:image\/png;base64,iVBORw0KGgoAAAANSUhEUgAAAGQAAABGCAMAAAANWMFbAAAC+lBMVEUAAADBGB3kLCfBGB3kLCfcJC7BFx3KKSbiKybkLCbWJCPSIiLSIiLPICHAFx3kLCfgKSXNHiDZJiTIGx\/p4eHcjo7LHSDbJyTkLCbjKyfOHyHPIiL28fHJHB\/GGh7EGR7eKCXDGB3RISHlLSbBGB3AFxzGHB7DGB7BGB3hKybkKybAFx3lLCfAFxzDGR3hKibDGB7cJyTmz8\/elJTlwcHjurrUIyLlLSflLSfAFx3DGR7lLSfCFx3hKibhKibhKybjKybkLCblLSfbJSX49vbx7e3NNzjNMTLMJyjVIyLZf3\/ZQ0LaeHjx0tLgoqLkLCfCGB3HGx\/BGB3BFx3PICHCGB7WJCLOHyC\/Fxy\/Fx3lLCfQISHkLSe\/FxzbJiTBFx3FGx\/AGB7BFx3EGR7AGB3HHSDfKiXAFh3TISHYNzbhKibbJyTTIiL57e325+f039\/v2NjUV1fOHiHiqanfmprch4feKSXVIyPOICHmLibFGh\/mLSe\/Fx7XJCPeKSXXJSPNHyHaJyTGGh7lLCbmLCflLSjSIiLkLCbdKSXLHiC\/GB3KHh++Fh3lKyfoLiXcKCPkx8fYb2\/XaGfVXl3aU1LLHiDksbHgKibPICHbJyTfKSXbJyTCGB3KHSDiKybFGh7TIiL\/\/\/\/VIyPRISHIHB\/GGx\/HHB\/DGR7gKibdKCXLHiDZJiTMHiDNHyHYJSTOICHPICHWJCPcKCXXJSPjLCblLCf+\/f3NGR\/uLijzLynPGR\/IGB7WISHaIyLLGh7UAADxLynNAADRLzDbICLQAADIAAD3MCrUHSHXMTDpKSbLAADp5OTij4\/ejo\/VLy\/1LyngJSTcJCPQHx\/OHB7+\/PzaMS\/OLS\/vLijrLSjSAADaNTPwLyjkKSbNJCbYISHPHB\/KGB7WAAD7+vrn3d3aKynTKCjoLCfsKifRGh\/YAADq5+fhjo7QNDXXKCfmJyXt5+fTLzDLLi\/QKivYHRvMGBrQJCXLISPMExXLDxLaEAvkkI\/bOTfaFQ\/SCgpvLcnHAAAAmnRSTlMA+vv7+gT9Bvf9+8z8\/NSv\/Pr5+P7++vnQIBMP\/v38\/Pn348XDiCYf9OjbzcqxXVcx\/fz8+\/rj1r2poo1+fXFqX0orGP7+\/v7+\/fz8+\/r68uzn4trIxsG\/vri3p6GcmZSNbWVYUUZEPQv+\/f39+\/v7+\/v7+vr64tvV1NTTz87FtbSurqeblJKFg4B3bUY+NjL7+\/v7+\/v67t1cDo8JLQAABkRJREFUWMO0kz9rwkAYh0OIeJkum6YugUAhISCdKoj\/P4C7SMdS+gEKIhSKil10LSg4mzXkILdlEpxCpwTiWOLX6BujvQaEQuGeHLnL+\/64J+SIcKGYTYWnntpdLjrVdqvZmNdn0+EE40GtpuuWVS6Xx6N7YDSGpWXpeq02wHgynM7q80az1a52HpddtVcpsi1zFARBrdaxbhp9iUReTGmwA4KAAr7vx3EYejnCMI6hQYEgy0LQi4jUN0wL19vqFcUC9\/1dAKmEEFkWRYkh5oBejnxQJiSJPJ\/uKBp0Thszx9Mw8hMRIQjKsptCfuES9zr5WJY6vSFCIvE9fCMUmEM1A1kSXcYGxgVYsvI1IPKTZciSTI0us\/SMGG04gDzELDoFBwdcFJrF88dqgYMTiL6DILWYyfOWE8\/kIz38olCNlC03FK95+imxp6y4oUSvAnBjHHhKNtotSDqJzVFiK8c2SBqhZtsrTtgrLXwAyduxZHNE26eHUt5rtuM4WSmds3G+sUdWYo1L+XyxButoh5eKUHk5lByO3G1LqqCWVnfrv\/lyPtf\/4ps1cndNGIri8J1TJ0lx6dR\/oPjq1nbRwdp2dCk4CtIOLW3pVKRL6WZfS5vF2KkIQhpwSsjiYIgNCs1gEMGqiIq24NQX9NwoXFy8Ufrl3twTcg4fv8T9\/JBEySduj6Mjm4bMzYV7EEOxKjjoNDud7yY3Dy71Hq2oLmqfbNR723edH9PgMrNL2utoQ3VmaIDkiw\/4w51P06hlZsTZvkRrbVuSIs\/zwSOsycgzStQouoAkWQqioRT5XI7n2Z1wfVhoZmcAJLsoqjqpjbWCgpOAJXBwHK8PzWbNvoUZJND5wCnSkLAkZ1legx6vqQzjoiTahKlGUGLAiIIoABOHaNVw4sexZBym6\/HWlH5h3IC7yRbxtipcWxdTOkORKiNQAEkFf66x5S2oeRbroOlLgg0sSYkR0hRGEqJZ0jTPiQKatESdBckpWigxaapEH0lImHdWu9pUFF2XqMNM2Z4kped7IwEJw2qabwtrQqnpw6HyKkgcadKWsmpywwesDyIhYRpdzXddqegtGIJlXbAIUMOLkGxJUjRIkokwjUaX9d\/kK62ps\/tYUqZLIMkLTyBhsMZ3C5Z\/kDxOSCb\/DOs\/\/J0qcWSX\/2ipe56EgTCA4\/cB7NAYOsni4mZM1MUPAISoEwkDi4lhVBQ1cWQyIcwalw4EpqZN68JUSK7XC0kTlkLYii5uXSC8jT5ncCAS7mjCv0uHp\/3lueHEEAeQ\/\/VgmdN71\/2uCSA1Xr6DO6uI6sW56zqT2tp2PhgiRUAajV8CY2fkcz6WGNKMgLAt7tJAhD4YHMTeRxlALE6+43WqjSWi8ITxyJl8WrwWSNESQZZOqhDDntO3hJLsd5RtSpbJqdv3YrDJH3F7jL1R2O2aQkn2MyCyKYz0GPGIvSAMgBCrCEiJyKbBaYGwLW4uPRr0A0M4Ux5kUI7IBh+hMdiCEWNqhMZGyYMsOgNE58UQuEQeUnSWCMYwL54hkxK6IoqucQZbQ3pc3XtL0lky1dL0zZJJDpWJovFqpWj6JEHnyam2eQp5QRVAVHjWparTOaVwUOx99YS2MvgxIGV0bb+qIg2HX2qkFFJB+XZcbLiuRkuxD9GRroKyveLxdh4d7Orx+hb7qc3uVRuEogCOnyIxm4ubUoPgF4jianDrC+SDQDKEfJb0GUKmjCGPYHGJvVC6X4hw1\/sAfQAdfYyephIaspXe36RwOP+Ljvfx9B6B3i+Nk0DGq+oCbLn6JpBa9nWAveAIHwFAwtVcIJXPMPL8kRu5OAYPMaL1WScTxjiZDqB9LTJSWphow\/pTYKRTLjCBhvi9iBidvKcDasGSm0QQkycYuLBqj6QCELPctqChDWpTRMWkngNNpQ1Pfp1KkiT\/Y0DGffXAweUNfLAfaJFKDwhb6I+bkYRbkERoEeu3Fyjg2opMz2daZCS9jt6Q7txNfB+OZEVF6Zl5web2xunnLQrtrjXseXKaFYziYINeMFZVxS9VxRhOoesYwxPKXm+gWLG9cuFeq93UNNeJNsf1KlwuDok9n02n3TgIJpOxNfL9naIoQwXtfH9kjceTIIi709ncTg6LZbg+biLH1V6u\/7rxBem06VXKn9raAAAAAElFTkSuQmCC\")      no-repeat center center \/ contain;  }  @media screen and (max-width: 960px) and (orientation: portrait) {    .logo {      width: 100%;    }    .logo .pc-banner {      display: none;    }    .logo .m-banner {      display: block;      width: 100%;    }    .logo .m-banner img {      height: auto!important;    }    .ytvideo {      height: 200px;      width: 100%;    }  }<\/style><style>  .video-section {    width: 100%;    margin: 0 auto;  }  .video-section > img {    width: 100%;  }  .video-section iframe,  .video-section video {    width: 100%;    height: 100%;      }  .video-section-img-m,  .video-section-img-pc > img {    width: 100%;    height: auto;  }  .video-section-img-pc.small > img {    width: 970px;  }  .video-desc {    line-height: 1.5;    font-size: 20px;    font-weight: 400;    margin: 20px 0;    text-align: center;    color: #0f1111;    word-break: break-word;  }  @media screen and (max-width: 960px) and (orientation: portrait) {    .video-section {      width: 100%;    }    .video-section-pc,    .video-section-img-pc {      display: none;    }    .video-section-m,    .video-section-img-m {      display: block;    }    .video-desc {      font-size: 15px;    }  }  @media screen and (min-width: 960px) {    .video-section {      width: 100%;      margin: 0 auto;    }    .video-section-pc,    .video-section-img-pc {      display: block;    }    .video-section-m,    .video-section-img-m {      display: none;    }    .video-desc {      font-size: 20px;    }  }<\/style><style>  .section + .section {    margin-top: 35px;  }  .section-title {    text-align: center;    font-weight: bold;    color: #0d1111;    font-family: \"Arial\";    font-size: 32px;    margin: 15px 0;  }  .section-title:empty {    display: none;  }  .section-desc {    text-align: center;    font-weight: normal;    color: #0d1111;    margin-top: 20px;  }  .section-desc:empty {    display: none;  }  .section-img {    width: 1200px;    height: 492px;    margin: 0 auto;    display: block;  }  .section-img.small {    width: 970px;    height: auto;  }  .section-img.small > img {    height: auto;  }  .section-img > img {    width: 100%;    height: 100%;  }  .section-mobile-img {    display: none;    max-width: 100vw;    max-height: 75vw;    height: 450px;    margin: 0 auto;  }  .section-mobile-img > img {    width: 100%;    height: 100%;  }  @media screen and (max-width: 960px) and (orientation: portrait) {    .container {      width: 100%;    }    .container.small {      width: 100%;    }    .section-mobile-img {      display: block;    }    .section-img {      display: none;    }    .section-title {      font-size: 22px;      margin: 10px 0;    }    .section-desc {      margin-top: 10px;    }    .section + .section {      margin-top: 20px;    }  }<\/style><\/head><body><div class=\"container\"><div class=\"logo\"><div class=\"pc-banner\"><div><img decoding=\"async\" src=\"\/vevor\/vevor\/boutique-banner\/pc\/en-pc@1x.jpg\" style=\"width: 100%;\" \/><\/div><\/div><div class=\"m-banner\"><div><img decoding=\"async\" src=\"\/vevor\/vevor\/boutique-banner\/mobile\/en-m@1x.jpg\" style=\"width: 100%;\" \/><\/div><\/div><\/div><div class=\"section-title\">Soojas ja hubases \u00fcksk\u00f5ik, kus sa oled<\/div><div class=\"video-section\"><video class=\"video-section-pc\" controls poster=\"\/vevor\/product\/ZCJRQWS12V5KWB628\/diesel-heater-a100-1.4.jpg\"><source src=\"\/vevor\/product\/ZCJRQWS12V5KWB628\/diesel-heater-tvc2.mp4\" type=\"video\/mp4\" \/><\/video><video class=\"video-section-m\" controls poster=\"\/vevor\/product\/ZCJRQWS12V5KWB628\/diesel-heater-a100-1.4-m.jpg\"><source src=\"\/vevor\/product\/ZCJRQWS12V5KWB628\/diesel-heater-tvc2.mp4\" type=\"video\/mp4\" \/><\/video><div class=\"section-desc\">\u00c4rge enam taluge k\u00fclmakraadides s\u00f5itmise ebamugavust. VEVOR diiselk\u00fctteseade on ideaalne lahendus teie autole, haagissuvilale, veoautole ja muule. See tagab kiiresti p\u00fcsiva sooja \u00f5huvoolu voolu, k\u00f5rvaldades teie s\u00f5iduki k\u00fclma atmosf\u00e4\u00e4ri ja pakkudes hubast teekonda.<\/div><\/div><div class=\"section\"><div class=\"section-title\"><\/div><div class=\"section-img\"><img decoding=\"async\" src=\"\/vevor\/product\/ZCJRQWS12V5KWB628\/diesel-heater-a100-2.2.jpg\" \/><\/div><div class=\"section-mobile-img\"><img decoding=\"async\" src=\"\/vevor\/product\/ZCJRQWS12V5KWB628\/diesel-heater-a100-2.2-m.jpg\" \/><\/div><div class=\"section-desc\">Uuendada oma k\u00fctte kogemusi meie t\u00f5hus lahendus, mis on kavandatud soojuse 161-215ft2\/15-20m2 valdkondades kiiresti. Nautida stabiilne k\u00fctusega varustamine ja madal m\u00fcratase, luua soe ja rahulik keskkond oma mugavuse.<\/div><\/div><div class=\"section\"><div class=\"section-title\"><\/div><div class=\"section-img\"><img decoding=\"async\" src=\"\/vevor\/product\/ZCJRQWS12V5KWB628\/diesel-heater-a100-2.3.jpg\" \/><\/div><div class=\"section-mobile-img\"><img decoding=\"async\" src=\"\/vevor\/product\/ZCJRQWS12V5KWB628\/diesel-heater-a100-2.3-m.jpg\" \/><\/div><div class=\"section-desc\">Meie diisel k\u00fctteseade on 32 jalga kaugjuhtimispult, mis v\u00f5imaldab teil kohandada seadeid ja nautida soojust kauguselt. V\u00f5tta kontrolli oma mugavuse j\u00e4tmata oma koht. Ja LCD ekraan tagab selge ja intuitiivne vaadata oma mugav tegevus.<\/div><\/div><div class=\"section\"><div class=\"section-title\"><\/div><div class=\"section-img\"><img decoding=\"async\" src=\"\/vevor\/product\/ZCJRQWS12V5KWB628\/diesel-heater-a100-2.4.jpg\" \/><\/div><div class=\"section-mobile-img\"><img decoding=\"async\" src=\"\/vevor\/product\/ZCJRQWS12V5KWB628\/diesel-heater-a100-2.4-m.jpg\" \/><\/div><div class=\"section-desc\">H\u00fcvasti l\u00e4rmakas k\u00fcttes\u00fcsteemide ja tere vaikne mugavalt meie madal-m\u00fcra diisel \u00f5hu k\u00fctteseade. Nautida rahulikku k\u00fctte-mis tahes olukorras ja omaks v\u00f5tta t\u00e4iuslik harmoonia soojust ja rahu, t\u00e4na!<\/div><\/div><div class=\"section\"><div class=\"section-title\"><\/div><div class=\"section-img\"><img decoding=\"async\" src=\"\/vevor\/product\/ZCJRQWS12V5KWB628\/diesel-heater-a100-2.5.jpg\" \/><\/div><div class=\"section-mobile-img\"><img decoding=\"async\" src=\"\/vevor\/product\/ZCJRQWS12V5KWB628\/diesel-heater-a100-2.5-m.jpg\" \/><\/div><div class=\"section-desc\">Meie diisel-\u00f5hksoojendi on oma kompaktse ja paigaldusvaba disainiga loodud saatma teid telkimisreisidel, seiklustel ja erinevatel reisidel. V\u00f5ite seda kasutada ka autodes, veoautodes, laevades ja ekskavaatorites.<\/div><\/div><div class=\"section\"><div class=\"section-img\"><img decoding=\"async\" src=\"\/vevor\/product\/ZCJRQWS12V5KWB628\/diesel-heater-a100-1.11.jpg\" alt=\"VEVOR diisel air heater komponendid, mudeli xmz-w-d2, mille m\u00f5\u00f5tmed ja kirjeldused kuvata.\" \/><\/div><div class=\"section-mobile-img\"><img decoding=\"async\" src=\"\/vevor\/product\/ZCJRQWS12V5KWB628\/diesel-heater-a100-1.11-m.jpg\" alt=\"VEVOR diisel air heater komponendid, mudeli xmz-w-d2, mille m\u00f5\u00f5tmed ja kirjeldused kuvata.\" \/><\/div><\/div><\/div><\/body><\/html><\/div>\n<div class=\"DM_at-title\" id=\"js-DM_at-title\"> <div>Toote spetsifikatsioon<\/div> <i class=\"icon-arrowup_line\"><\/i> <\/div><div class=\"DM_at-goodsDescAttr\" id=\"js-DM_at-goodsDescAttr\"> <div class=\"DM_at-goodsDescAttrInner\"> <dl class=\"goodsDesc_item goodsDesc_item_even\"> <dt>Punkt Mudeli Number<\/dt> <dd> XMZ-D1<\/dd> <\/dl> <dl class=\"goodsDesc_item\"> <dt>Tegutsevad Tarbimine<\/dt> <dd> 12V\/3A<\/dd> <\/dl> <dl class=\"goodsDesc_item goodsDesc_item_even\"> <dt>K\u00fcte V\u00f5imsus<\/dt> <dd> 5 KW<\/dd> <\/dl> <dl class=\"goodsDesc_item\"> <dt>K\u00fctusekulu<\/dt> <dd> 0.16-0.52 L\/H<\/dd> <\/dl> <dl class=\"goodsDesc_item goodsDesc_item_even\"> <dt>K\u00fctusepaagi Maht<\/dt> <dd> 5 L\/1.3 Gal<\/dd> <\/dl> <dl class=\"goodsDesc_item\"> <dt>Kontrolli Meetod<\/dt> <dd> LCD+Kaugjuhtimispult<\/dd> <\/dl> <dl class=\"goodsDesc_item goodsDesc_item_even\"> <dt>Reguleeritav Temperatuuri Vahemik<\/dt> <dd> 46\u2109-96.8\u2109\/8\u2103-36\u2103<\/dd> <\/dl> <dl class=\"goodsDesc_item\"> <dt>T\u00f6\u00f6temperatuur<\/dt> <dd> -104\u2109-104\u2109\/-40\u2103-40\u2103<\/dd> <\/dl> <dl class=\"goodsDesc_item goodsDesc_item_even\"> <dt>Kohaldatav K\u00f5rgus<\/dt> <dd> Alla 3000 m\/9843 jalga<\/dd> <\/dl> <dl class=\"goodsDesc_item\"> <dt>BTU<\/dt> <dd> 161-215ft2\/15-20m2<\/dd> <\/dl> <dl class=\"goodsDesc_item goodsDesc_item_even\"> <dt>Neto Kaal<\/dt> <dd> 19.7 lbs\/8.95 kg<\/dd> <\/dl> <dl class=\"goodsDesc_item\"> <dt>\u00d5hu V\u00e4ljalase Toru Sisemine L\u00e4bim\u00f5\u00f5t<\/dt> <dd> 3\/usub 76,5 mm<\/dd> <\/dl> <dl class=\"goodsDesc_item goodsDesc_item_even\"> <dt>Toote Suurus<\/dt> <dd> 15.7 x 9.8 x 12.2 tolline\/400\u00d7250\u00d7310 mm<\/dd> <\/dl> <\/div> <\/div>","protected":false},"excerpt":{"rendered":"<ul>\n<li> Lihtne paigaldusvaba lahendus: nautige t\u00f5husat k\u00fctmist meie diiselk\u00fctteseadmega \u00fches, mis ei vaja paigaldamist, mist\u00f5ttu sobib see suurep\u00e4raselt v\u00e4lisseiklusteks, nagu telkimine. K\u00fcttekeha v\u00f5imsus: 5 KW; Nimipinge: 12 V. Kohaldatav vahemik: 161-215 jalga\u00b2\/15-20m\u00b2. Vaid 10 minuti jooksul tagab meie uuenduslik liivapritsiga alumiiniumist soojusvaheti kiire ja t\u00f5husa soojus\u00fclekande, tagades mugava temperatuuri teie s\u00f5iduki v\u00f5i paadi sees. <\/li>\n<li> Madal energiatarbimine ja suur v\u00e4ljund: s\u00e4\u00e4stke k\u00fctusekuludelt vevor diiselk\u00fctteseadme t\u00e4pse madala m\u00fcratasemega k\u00fctusepumbaga, tarbides umbes 1 gallon \u00f6\u00f6 kohta ja v\u00e4hendades k\u00fctusekulu vahemikku 0,16 L-0,52 L\/h. 5 l\/1,3 gal suure v\u00f5imsusega k\u00fctusepaagiga diislik\u00fctus \u00f5huk\u00fctteseade suudab pakkuda pidevat soojust kuni 10 tundi, maksimeerides k\u00fctuses\u00e4\u00e4stlikkust ja minimeerides energia raiskamist. <\/li>\n<li> Intelligent Dual Control: V\u00f5tta kontrolli oma k\u00fctte kogemusi meie 32 jalga pikad vahemaad kaugjuhtimispuldi ja LCD. Eelsoojendama oma s\u00f5idukist v\u00e4ljaspool, hoida salongi sooja, eelsoojendama mootor ja v\u00e4ltida aknas k\u00fclmutamine. Ja suur LCD v\u00f5imaldab saada selge \u00fclevaate oma k\u00fctteseadme staatus. Temperatuuri saab reguleerida vahemikus 46 \u00b0F-96.8 \u00b0F\/8 \u00b0C-36 \u00b0C, toitlustus vastavalt oma erivajadustele. <\/li>\n<li> Hoia Sooja Kuskil: Meie diisel k\u00fctteseade 8kw sobib merepinnast allpool 9843 jalad\/3000 m ja toimib sujuvalt \u00fcmbritsevad temperatuurid ulatuvad -104 \u00b0F kuni 104 \u00b0F\/-40 \u00b0C kuni 40 \u00b0C. Kas merepinnast k\u00f5rgel v\u00f5i madalal temperatuuril valdkondades, see kaasaskantav diisel k\u00fctteseadme saab esitada pidevalt soojust iganes sa minna. <\/li>\n<li> Turvaline ja t\u00f6\u00f6kindel: meie diisel\u00f5huk\u00fctteseadmel on k\u00f5rge turvalisusega s\u00fcsteem, mis v\u00f5imaldab muretut kasutamist erinevates keskkondades, nagu autod, haagissuvilad ja laevad. See tagab pideva temperatuuri reguleerimise, ajastusfunktsiooni, k\u00f5needastuse, eelsoojenduse ja \u00fclekuumenemise kaitse temperatuuril \u2265518\u00b0F\/270 \u00b0C, tagades ohutu ja mugava kogemuse kogu \u00f6\u00f6 jooksul. <\/li>\n<\/ul>","protected":false},"featured_media":268845,"comment_status":"closed","ping_status":"open","template":"","meta":{"om_disable_all_campaigns":false,"_monsterinsights_skip_tracking":false,"_monsterinsights_sitenote_active":false,"_monsterinsights_sitenote_note":"","_monsterinsights_sitenote_category":0,"_uf_show_specific_survey":0,"_uf_disable_surveys":false},"location":[1935,1934],"product_brand":[21],"product_cat":[3062,3061,2986,2527,3060],"product_tag":[],"class_list":{"0":"post-16844","1":"product","2":"type-product","3":"status-publish","4":"has-post-thumbnail","6":"location-supplier_stock_location","7":"location-local_stock_location","8":"product_brand-vevor","9":"product_cat-diesel-heater-gas-heaters","10":"product_cat-gas-heaters","11":"product_cat-heaters","12":"product_cat-heating-venting-cooling","13":"product_cat-space-heaters","15":"first","16":"instock","17":"featured","18":"taxable","19":"shipping-taxable","20":"purchasable","21":"product-type-simple"},"aioseo_notices":[],"jetpack_sharing_enabled":true,"locations":[{"id":1935,"name":"Pieg\u0101d\u0101t\u0101ja noliktav\u0101 (5-7dd)","slug":"supplier_stock_location","quantity":"559"},{"id":1934,"name":"R\u012bgas veikal\u0101 (0-2d.d.)","slug":"local_stock_location","quantity":"0"}],"_links":{"self":[{"href":"https:\/\/vevorshop.lv\/et\/wp-json\/wp\/v2\/product\/16844","targetHints":{"allow":["GET"]}}],"collection":[{"href":"https:\/\/vevorshop.lv\/et\/wp-json\/wp\/v2\/product"}],"about":[{"href":"https:\/\/vevorshop.lv\/et\/wp-json\/wp\/v2\/types\/product"}],"replies":[{"embeddable":true,"href":"https:\/\/vevorshop.lv\/et\/wp-json\/wp\/v2\/comments?post=16844"}],"wp:featuredmedia":[{"embeddable":true,"href":"https:\/\/vevorshop.lv\/et\/wp-json\/wp\/v2\/media\/268845"}],"wp:attachment":[{"href":"https:\/\/vevorshop.lv\/et\/wp-json\/wp\/v2\/media?parent=16844"}],"wp:term":[{"taxonomy":"location","embeddable":true,"href":"https:\/\/vevorshop.lv\/et\/wp-json\/wp\/v2\/location?post=16844"},{"taxonomy":"product_brand","embeddable":true,"href":"https:\/\/vevorshop.lv\/et\/wp-json\/wp\/v2\/product_brand?post=16844"},{"taxonomy":"product_cat","embeddable":true,"href":"https:\/\/vevorshop.lv\/et\/wp-json\/wp\/v2\/product_cat?post=16844"},{"taxonomy":"product_tag","embeddable":true,"href":"https:\/\/vevorshop.lv\/et\/wp-json\/wp\/v2\/product_tag?post=16844"}],"curies":[{"name":"wp","href":"https:\/\/api.w.org\/{rel}","templated":true}]}}