{"id":17034,"date":"2024-11-18T03:25:31","date_gmt":"2024-11-18T03:25:31","guid":{"rendered":"http:\/\/vevorshop.edigo.lv\/Prece\/vevor-mobile-standing-desk-28-5-44-2-gas-spring-height-adjustable-sit-stand-desk-360-swivel-wheels-2-lockable-portable-rolling-laptop-table-computer-cart-for-home-office-school-44lbs-lo\/"},"modified":"2026-02-26T15:58:47","modified_gmt":"2026-02-26T13:58:47","slug":"vevor-mobile-standing-desk-28-5-44-2-gas-spring-height-adjustable-sit-stand-desk-360-swivel-wheels-2-lockable-portable-rolling-laptop-table-computer-cart-for-home-office-school-44lbs-lo","status":"publish","type":"product","link":"https:\/\/vevorshop.lv\/et\/Prece\/vevor-mobiilne-seisulaud-28-5-44-2-gaasivedru-korgus-reguleeritav-istumislaud-360-poorlevad-rattad-2-lukustatav-kaasaskantav-veerev-sulearvutilaud-arvutikaru-kodukontori-koolile-44-naela-lo\/","title":{"rendered":"VEVOR Liigutatav Seisulaud, K\u00f5rgus Reguleeritav 72.4\u2013112.3 cm, Lukustatavad Rattad, 20 kg Kandev\u00f5ime, Koju ja Kontorisse"},"content":{"rendered":"<div style=\"color: #fff!important; font-size: 16px; height: 24px; line-height: 24px; margin-top: -24px; \" class=\"product_original_name\">VEVOR Mobile Standing Desk, 28,5 \"-44,2\" gaasi-vedru k\u00f5rgusega reguleeritav istumislaud, 360\u00b0 p\u00f6\u00f6rdrattad (2 lukustatavat) kaasaskantav veerev s\u00fclearvuti lauaarvuti k\u00e4ru siseministeeriumi kooli jaoks, 44 naela laadimine<\/div>\n<div style=\"color: #fff!important; font-size: 16px; height: 24px; line-height: 24px; margin-top: -24px; \" class=\"product_sku\">M4I4KIP7<\/div>\n<div style=\"color: #fff!important; font-size: 16px; height: 24px; line-height: 24px; margin-top: -24px; \" class=\"product_mpn\">DCDGSJBGZ29XOCYRPV0<\/div><div id=\"js-DM_at-goodDescRich\"><html><head><style>  body {    font-family: Arial;    line-height: 1.5;    color: #1c1c1c;    overflow-x: hidden;    margin: 0;    padding: 0;  }  .MsoNormal b {    font-weight: bolder;  }<\/style><style>  .container.small {    width: 970px;    margin: 0 auto;  }  .logo {    margin: 0 auto 0;  }  .logo img {    display: block;    margin: 0 auto;    max-width: 100%;  }  .logo .pc-banner {    display: block;    width: 1200px;    height: 247.4px;    margin: 0 auto;  }  .logo .pc-banner.small {    width: 970px;  }  .logo .pc-banner.small img {    height: auto!important;  }  .logo .m-banner {    display: none;  }  .ytvideo {    position: relative;    height: 546px;    width: 100%;    margin: 0 auto;  }  .ytvideo img {    width: 100%;    margin: 0 auto;  }  .ytvideo .play-btn {    width: 60px;    height: 42px;    position: absolute;    top: 50%;    left: 50%;    transform: translate(-50%, -50%);    background: url(\"data:image\/png;base64,iVBORw0KGgoAAAANSUhEUgAAAGQAAABGCAMAAAANWMFbAAAC+lBMVEUAAADBGB3kLCfBGB3kLCfcJC7BFx3KKSbiKybkLCbWJCPSIiLSIiLPICHAFx3kLCfgKSXNHiDZJiTIGx\/p4eHcjo7LHSDbJyTkLCbjKyfOHyHPIiL28fHJHB\/GGh7EGR7eKCXDGB3RISHlLSbBGB3AFxzGHB7DGB7BGB3hKybkKybAFx3lLCfAFxzDGR3hKibDGB7cJyTmz8\/elJTlwcHjurrUIyLlLSflLSfAFx3DGR7lLSfCFx3hKibhKibhKybjKybkLCblLSfbJSX49vbx7e3NNzjNMTLMJyjVIyLZf3\/ZQ0LaeHjx0tLgoqLkLCfCGB3HGx\/BGB3BFx3PICHCGB7WJCLOHyC\/Fxy\/Fx3lLCfQISHkLSe\/FxzbJiTBFx3FGx\/AGB7BFx3EGR7AGB3HHSDfKiXAFh3TISHYNzbhKibbJyTTIiL57e325+f039\/v2NjUV1fOHiHiqanfmprch4feKSXVIyPOICHmLibFGh\/mLSe\/Fx7XJCPeKSXXJSPNHyHaJyTGGh7lLCbmLCflLSjSIiLkLCbdKSXLHiC\/GB3KHh++Fh3lKyfoLiXcKCPkx8fYb2\/XaGfVXl3aU1LLHiDksbHgKibPICHbJyTfKSXbJyTCGB3KHSDiKybFGh7TIiL\/\/\/\/VIyPRISHIHB\/GGx\/HHB\/DGR7gKibdKCXLHiDZJiTMHiDNHyHYJSTOICHPICHWJCPcKCXXJSPjLCblLCf+\/f3NGR\/uLijzLynPGR\/IGB7WISHaIyLLGh7UAADxLynNAADRLzDbICLQAADIAAD3MCrUHSHXMTDpKSbLAADp5OTij4\/ejo\/VLy\/1LyngJSTcJCPQHx\/OHB7+\/PzaMS\/OLS\/vLijrLSjSAADaNTPwLyjkKSbNJCbYISHPHB\/KGB7WAAD7+vrn3d3aKynTKCjoLCfsKifRGh\/YAADq5+fhjo7QNDXXKCfmJyXt5+fTLzDLLi\/QKivYHRvMGBrQJCXLISPMExXLDxLaEAvkkI\/bOTfaFQ\/SCgpvLcnHAAAAmnRSTlMA+vv7+gT9Bvf9+8z8\/NSv\/Pr5+P7++vnQIBMP\/v38\/Pn348XDiCYf9OjbzcqxXVcx\/fz8+\/rj1r2poo1+fXFqX0orGP7+\/v7+\/fz8+\/r68uzn4trIxsG\/vri3p6GcmZSNbWVYUUZEPQv+\/f39+\/v7+\/v7+vr64tvV1NTTz87FtbSurqeblJKFg4B3bUY+NjL7+\/v7+\/v67t1cDo8JLQAABkRJREFUWMO0kz9rwkAYh0OIeJkum6YugUAhISCdKoj\/P4C7SMdS+gEKIhSKil10LSg4mzXkILdlEpxCpwTiWOLX6BujvQaEQuGeHLnL+\/64J+SIcKGYTYWnntpdLjrVdqvZmNdn0+EE40GtpuuWVS6Xx6N7YDSGpWXpeq02wHgynM7q80az1a52HpddtVcpsi1zFARBrdaxbhp9iUReTGmwA4KAAr7vx3EYejnCMI6hQYEgy0LQi4jUN0wL19vqFcUC9\/1dAKmEEFkWRYkh5oBejnxQJiSJPJ\/uKBp0Thszx9Mw8hMRIQjKsptCfuES9zr5WJY6vSFCIvE9fCMUmEM1A1kSXcYGxgVYsvI1IPKTZciSTI0us\/SMGG04gDzELDoFBwdcFJrF88dqgYMTiL6DILWYyfOWE8\/kIz38olCNlC03FK95+imxp6y4oUSvAnBjHHhKNtotSDqJzVFiK8c2SBqhZtsrTtgrLXwAyduxZHNE26eHUt5rtuM4WSmds3G+sUdWYo1L+XyxButoh5eKUHk5lByO3G1LqqCWVnfrv\/lyPtf\/4ps1cndNGIri8J1TJ0lx6dR\/oPjq1nbRwdp2dCk4CtIOLW3pVKRL6WZfS5vF2KkIQhpwSsjiYIgNCs1gEMGqiIq24NQX9NwoXFy8Ufrl3twTcg4fv8T9\/JBEySduj6Mjm4bMzYV7EEOxKjjoNDud7yY3Dy71Hq2oLmqfbNR723edH9PgMrNL2utoQ3VmaIDkiw\/4w51P06hlZsTZvkRrbVuSIs\/zwSOsycgzStQouoAkWQqioRT5XI7n2Z1wfVhoZmcAJLsoqjqpjbWCgpOAJXBwHK8PzWbNvoUZJND5wCnSkLAkZ1legx6vqQzjoiTahKlGUGLAiIIoABOHaNVw4sexZBym6\/HWlH5h3IC7yRbxtipcWxdTOkORKiNQAEkFf66x5S2oeRbroOlLgg0sSYkR0hRGEqJZ0jTPiQKatESdBckpWigxaapEH0lImHdWu9pUFF2XqMNM2Z4kped7IwEJw2qabwtrQqnpw6HyKkgcadKWsmpywwesDyIhYRpdzXddqegtGIJlXbAIUMOLkGxJUjRIkokwjUaX9d\/kK62ps\/tYUqZLIMkLTyBhsMZ3C5Z\/kDxOSCb\/DOs\/\/J0qcWSX\/2ipe56EgTCA4\/cB7NAYOsni4mZM1MUPAISoEwkDi4lhVBQ1cWQyIcwalw4EpqZN68JUSK7XC0kTlkLYii5uXSC8jT5ncCAS7mjCv0uHp\/3lueHEEAeQ\/\/VgmdN71\/2uCSA1Xr6DO6uI6sW56zqT2tp2PhgiRUAajV8CY2fkcz6WGNKMgLAt7tJAhD4YHMTeRxlALE6+43WqjSWi8ITxyJl8WrwWSNESQZZOqhDDntO3hJLsd5RtSpbJqdv3YrDJH3F7jL1R2O2aQkn2MyCyKYz0GPGIvSAMgBCrCEiJyKbBaYGwLW4uPRr0A0M4Ux5kUI7IBh+hMdiCEWNqhMZGyYMsOgNE58UQuEQeUnSWCMYwL54hkxK6IoqucQZbQ3pc3XtL0lky1dL0zZJJDpWJovFqpWj6JEHnyam2eQp5QRVAVHjWparTOaVwUOx99YS2MvgxIGV0bb+qIg2HX2qkFFJB+XZcbLiuRkuxD9GRroKyveLxdh4d7Orx+hb7qc3uVRuEogCOnyIxm4ubUoPgF4jianDrC+SDQDKEfJb0GUKmjCGPYHGJvVC6X4hw1\/sAfQAdfYyephIaspXe36RwOP+Ljvfx9B6B3i+Nk0DGq+oCbLn6JpBa9nWAveAIHwFAwtVcIJXPMPL8kRu5OAYPMaL1WScTxjiZDqB9LTJSWphow\/pTYKRTLjCBhvi9iBidvKcDasGSm0QQkycYuLBqj6QCELPctqChDWpTRMWkngNNpQ1Pfp1KkiT\/Y0DGffXAweUNfLAfaJFKDwhb6I+bkYRbkERoEeu3Fyjg2opMz2daZCS9jt6Q7txNfB+OZEVF6Zl5web2xunnLQrtrjXseXKaFYziYINeMFZVxS9VxRhOoesYwxPKXm+gWLG9cuFeq93UNNeJNsf1KlwuDok9n02n3TgIJpOxNfL9naIoQwXtfH9kjceTIIi709ncTg6LZbg+biLH1V6u\/7rxBem06VXKn9raAAAAAElFTkSuQmCC\")      no-repeat center center \/ contain;  }  @media screen and (max-width: 960px) and (orientation: portrait) {    .logo {      width: 100%;    }    .logo .pc-banner {      display: none;    }    .logo .m-banner {      display: block;      width: 100%;    }    .logo .m-banner img {      height: auto!important;    }    .ytvideo {      height: 200px;      width: 100%;    }  }<\/style><style>  .video-section {    width: 100%;    margin: 0 auto;  }  .video-section > img {    width: 100%;  }  .video-section iframe,  .video-section video {    width: 100%;    height: 100%;      }  .video-section-img-m,  .video-section-img-pc > img {    width: 100%;    height: auto;  }  .video-section-img-pc.small > img {    width: 970px;  }  .video-desc {    line-height: 1.5;    font-size: 20px;    font-weight: 400;    margin: 20px 0;    text-align: center;    color: #0f1111;    word-break: break-word;  }  @media screen and (max-width: 960px) and (orientation: portrait) {    .video-section {      width: 100%;    }    .video-section-pc,    .video-section-img-pc {      display: none;    }    .video-section-m,    .video-section-img-m {      display: block;    }    .video-desc {      font-size: 15px;    }  }  @media screen and (min-width: 960px) {    .video-section {      width: 100%;      margin: 0 auto;    }    .video-section-pc,    .video-section-img-pc {      display: block;    }    .video-section-m,    .video-section-img-m {      display: none;    }    .video-desc {      font-size: 20px;    }  }<\/style><style>  .section + .section {    margin-top: 35px;  }  .section-title {    text-align: center;    font-weight: bold;    color: #0d1111;    font-family: \"Arial\";    font-size: 32px;    margin: 15px 0;  }  .section-title:empty {    display: none;  }  .section-desc {    text-align: center;    font-weight: normal;    color: #0d1111;    margin-top: 20px;  }  .section-desc:empty {    display: none;  }  .section-img {    width: 1200px;    height: 492px;    margin: 0 auto;    display: block;  }  .section-img.small {    width: 970px;    height: auto;  }  .section-img.small > img {    height: auto;  }  .section-img > img {    width: 100%;    height: 100%;  }  .section-mobile-img {    display: none;    max-width: 100vw;    max-height: 75vw;    height: 450px;    margin: 0 auto;  }  .section-mobile-img > img {    width: 100%;    height: 100%;  }  @media screen and (max-width: 960px) and (orientation: portrait) {    .container {      width: 100%;    }    .container.small {      width: 100%;    }    .section-mobile-img {      display: block;    }    .section-img {      display: none;    }    .section-title {      font-size: 22px;      margin: 10px 0;    }    .section-desc {      margin-top: 10px;    }    .section + .section {      margin-top: 20px;    }  }<\/style><\/head><body><div class=\"container\"><div class=\"logo\"><div class=\"pc-banner\"><div><img decoding=\"async\" src=\"\/vevor\/vevor\/boutique-banner\/pc\/en-pc@1x.jpg\" style=\"width: 100%;\" \/><\/div><\/div><div class=\"m-banner\"><div><img decoding=\"async\" src=\"\/vevor\/vevor\/boutique-banner\/mobile\/en-m@1x.jpg\" style=\"width: 100%;\" \/><\/div><\/div><\/div><div class=\"section-title\">Leidke oma t\u00e4iuslik t\u00f6\u00f6asend, seljavalu pole enam!<\/div><div class=\"video-section\"><div class=\"video-section-img-pc\"><img decoding=\"async\" src=\"\/vevor\/product\/DCDGSJBGZ29XOCYRP\/mobile-standing-desk-a100-1.4.jpg\" alt=\"VEVOR mobiilne seisev kirjutuslaud s\u00fclearvuti ja kohvikruusiga diivani k\u00f5rval, mis n\u00e4itab reguleeritavat k\u00f5rgust.\" \/><\/div><div class=\"video-section-img-m\"><img decoding=\"async\" src=\"\/vevor\/product\/DCDGSJBGZ29XOCYRP\/mobile-standing-desk-a100-1.4-m.jpg\" alt=\"VEVOR mobiilne seisev kirjutuslaud s\u00fclearvuti ja kohvikruusiga diivani k\u00f5rval, mis n\u00e4itab reguleeritavat k\u00f5rgust.\" \/><\/div><div class=\"section-desc\">Kogege tervislikumat, mugavat ja t\u00f5husat t\u00f6\u00f6ruumi meie reguleeritava k\u00f5rgusega 28,5-44,2-tollise istumislauaga! 44 LBS suur kandev\u00f5ime ja avar t\u00f6\u00f6laud mahutavad stabiilselt erinevaid kontoritarbeid, samas kui 4 360\u00b0 p\u00f6\u00f6rlemisrattad (2 piduritega) v\u00f5imaldavad seda turvaliselt k\u00f5ikjal liigutada.<\/div><\/div><div class=\"section\"><div class=\"section-title\"><\/div><div class=\"section-img\"><img decoding=\"async\" src=\"\/vevor\/product\/DCDGSJBGZ29XOCYRP\/mobile-standing-desk-a100-2.2.jpg\" alt=\"VEVOR mobiilne seisulaud reguleeritava k\u00f5rgusega 28,5 &quot;kuni 44,2&quot; parema kehahoiaku ja mugavuse tagamiseks.\" \/><\/div><div class=\"section-mobile-img\"><img decoding=\"async\" src=\"\/vevor\/product\/DCDGSJBGZ29XOCYRP\/mobile-standing-desk-a100-2.2-m.jpg\" alt=\"VEVOR mobiilne seisulaud reguleeritava k\u00f5rgusega 28,5 &quot;kuni 44,2&quot; parema kehahoiaku ja mugavuse tagamiseks.\" \/><\/div><div class=\"section-desc\">Pneumaatilise gaasivedru s\u00fcsteemiga v\u00f5imaldab VEVOR kaasaskantav s\u00fclearvuti seisulaud 28,5 \"kuni 44,2\" pingutuseta k\u00f5rguse reguleerimist. Lihtsalt kangi vajutades saate valida soovitud k\u00f5rguse ja sujuvalt vahetada istumis- ja seismisasendi vahel, s\u00e4ilitades parima t\u00f6\u00f6asendi.<\/div><\/div><div class=\"section\"><div class=\"section-title\"><\/div><div class=\"section-img\"><img decoding=\"async\" src=\"\/vevor\/product\/DCDGSJBGZ29XOCYRP\/mobile-standing-desk-a100-2.3.jpg\" alt=\"VEVOR mobiilne seisulaud 44 naela laadimisega, 29,1 &quot;x18,9&quot; t\u00f6\u00f6laud, 15 mm puitlaastplaat, 1,5 mm toru.\" \/><\/div><div class=\"section-mobile-img\"><img decoding=\"async\" src=\"\/vevor\/product\/DCDGSJBGZ29XOCYRP\/mobile-standing-desk-a100-2.3-m.jpg\" alt=\"VEVOR mobiilne seisulaud 44 naela laadimisega, 29,1 &quot;x18,9&quot; t\u00f6\u00f6laud, 15 mm puitlaastplaat, 1,5 mm toru.\" \/><\/div><div class=\"section-desc\">See 29,1 x 18,9 tolli mahutav avar t\u00f6\u00f6laud ja tugev 44 naela kandev\u00f5ime pakub piisavalt ruumi k\u00f5igi teie t\u00f6\u00f6vajaduste rahuldamiseks. See mahutab h\u00f5lpsasti mitmesuguseid seadmeid, sealhulgas arvuteid, s\u00fclearvuteid ja kaustu, v\u00f5imaldades teil t\u00f6\u00f6tada ilma ruumipiiranguteta.<\/div><\/div><div class=\"section\"><div class=\"section-title\"><\/div><div class=\"section-img\"><img decoding=\"async\" src=\"\/vevor\/product\/DCDGSJBGZ29XOCYRP\/mobile-standing-desk-a100-2.4.jpg\" alt=\"kompaktne ja kaasaskantav lukustusratastega VEVOR mobiilne seisulaud, mis sobib ideaalselt kasutamiseks kodukontoris ja voodi k\u00f5rval.\" \/><\/div><div class=\"section-mobile-img\"><img decoding=\"async\" src=\"\/vevor\/product\/DCDGSJBGZ29XOCYRP\/mobile-standing-desk-a100-2.4-m.jpg\" alt=\"kompaktne ja kaasaskantav lukustusratastega VEVOR mobiilne seisulaud, mis sobib ideaalselt kasutamiseks kodukontoris ja voodi k\u00f5rval.\" \/><\/div><div class=\"section-desc\">Kompaktne kontorit\u00f6\u00f6jaam v\u00f5tab v\u00e4ga v\u00e4he ruumi, mist\u00f5ttu sobib see ideaalselt v\u00e4ikestesse kontoritesse, kodukontoritesse v\u00f5i mis tahes piiratud alale. 4 x 360\u00b0 p\u00f6\u00f6rlemisrattad (2 lukustatavat) v\u00f5imaldavad vaevatut ja turvalist liikuvust teie mis tahes eelistatud asukohta.<\/div><\/div><div class=\"section\"><div class=\"section-title\"><\/div><div class=\"section-img\"><img decoding=\"async\" src=\"\/vevor\/product\/DCDGSJBGZ29XOCYRP\/mobile-standing-desk-a100-2.5.jpg\" alt=\"4-astmeline paigaldusjuhend VEVOR mobiilsele seisulauale koos kaasasolevate tarvikutega.\" \/><\/div><div class=\"section-mobile-img\"><img decoding=\"async\" src=\"\/vevor\/product\/DCDGSJBGZ29XOCYRP\/mobile-standing-desk-a100-2.5-m.jpg\" alt=\"4-astmeline paigaldusjuhend VEVOR mobiilsele seisulauale koos kaasasolevate tarvikutega.\" \/><\/div><div class=\"section-desc\">Lihtsalt j\u00e4rgige selgeid juhiseid ja pange seadistamise l\u00f5puleviimiseks kokku m\u00f5ned p\u00f5hikomponendid, ilma et peaksite vajama spetsiaalseid t\u00f6\u00f6riistu. Olenemata sellest, kas olete esmakordne m\u00f6\u00f6bli kokkupanija v\u00f5i kogenud isetegemise entusiast, saate selle h\u00f5lpsalt paigaldada ja kiiresti kasutama hakata.<\/div><\/div><div class=\"section\"><div class=\"section-img\"><img decoding=\"async\" src=\"\/vevor\/product\/DCDGSJBGZ29XOCYRP\/mobile-standing-desk-a100-1.11.jpg\" alt=\"VEVOR mobiilne seisulaud mahutavusega 44 naela, lauaplaat, reguleeritav k\u00f5rgus 28,5-44,2 tolli.\" \/><\/div><div class=\"section-mobile-img\"><img decoding=\"async\" src=\"\/vevor\/product\/DCDGSJBGZ29XOCYRP\/mobile-standing-desk-a100-1.11-m.jpg\" alt=\"VEVOR mobiilne seisulaud mahutavusega 44 naela, lauaplaat, reguleeritav k\u00f5rgus 28,5-44,2 tolli.\" \/><\/div><\/div><\/div><\/body><\/html><\/div>\n<div class=\"DM_at-title\" id=\"js-DM_at-title\"> <div>Toote spetsifikatsioon<\/div> <i class=\"icon-arrowup_line\"><\/i> <\/div><div class=\"DM_at-goodsDescAttr\" id=\"js-DM_at-goodsDescAttr\"> <div class=\"DM_at-goodsDescAttrInner\"> <dl class=\"goodsDesc_item goodsDesc_item_even\"> <dt>Punkt Mudeli Number<\/dt> <dd> GT-SY50-4<\/dd> <\/dl> <dl class=\"goodsDesc_item\"> <dt>Kokku Kandev\u00f5ime<\/dt> <dd> 44 NAELA\/20 kg<\/dd> <\/dl> <dl class=\"goodsDesc_item goodsDesc_item_even\"> <dt>Pooluse t\u00fc\u00fcp<\/dt> <dd> C-kujuline \u00fchepoolus<\/dd> <\/dl> <dl class=\"goodsDesc_item\"> <dt>Toote M\u00f5\u00f5tmed<\/dt> <dd> 29,1 x 18,9 x 28,5-44,2 tolli<\/dd> <\/dl> <dl class=\"goodsDesc_item goodsDesc_item_even\"> <dt>K\u00f5rguse Reguleerimine Vahemikus<\/dt> <dd> 28,5-44,2 tolli \/723-1122 mm<\/dd> <\/dl> <dl class=\"goodsDesc_item\"> <dt>Laua Materjal<\/dt> <dd> PB (artiklitahvel)<\/dd> <\/dl> <dl class=\"goodsDesc_item goodsDesc_item_even\"> <dt>Laua Jalad Materjal<\/dt> <dd> Q235 S\u00fcsinikusisaldusega Teras<\/dd> <\/dl> <\/div> <\/div>","protected":false},"excerpt":{"rendered":"<ul>\n<li> Istu v\u00f5i seisa, otsustad: pneumaatilise gaasivedrude s\u00fcsteemi abil saab VEVORi istumis-seisakulauda h\u00f5lpsasti reguleerida vahemikus 28,5\u2033 kuni 44,2\u2033. Lihtsalt vajutage kangi ja saate seda kohandada vastavalt oma eelistatud k\u00f5rgusele ja liikuda istumisest kuni seismiseni oma soovi j\u00e4rgi. Saavutage optimaalne t\u00f6\u00f6asend, v\u00e4hendage seljavalu ja edendage tervislikumat eluviisi. <\/li>\n<li> 44LBS suur laadimisv\u00f5imsus: valmistatud kvaliteetsest 15 mm paksendatud puitlaastplaadist, suudab meie mobiilne seisev t\u00f6\u00f6laud stabiilselt hakkama saada kuni 44 naela kaaluga. X-kujuline terasest p\u00f5hjaalus \u00fchendab 60 mm l\u00e4bim\u00f5\u00f5duga postid ja 2 mm paksendatud terasraami, see mahutab kindlalt teie kontoritarbed, meelelahutusseadmed ja koolitusmaterjalid ilma igasuguse raputamiseta, stabiilsem ja tahkem kui teised. <\/li>\n<li> Liikuge koos teiega k\u00f5ikjal: 4 x 360\u00b0 p\u00f6\u00f6rlemisratast (2 lukustatavat) pakuvad suurep\u00e4rast liikuvust, v\u00f5imaldades veereva s\u00fclearvuti t\u00f6\u00f6laua teisaldada mis tahes soovitud asukohta. 2 ratastel on usaldusv\u00e4\u00e4rsed pidurid ja kiire seiskamisfunktsioon, mis v\u00f5imaldab teil t\u00f6\u00f6laua vabalt lukustada ja paigal stabiilsena hoida. See ratastel seisev t\u00f6\u00f6laud sobib suurep\u00e4raselt koju, kontoritesse, kunsti- ja muusikastuudiotesse, raamatukogudesse ja meditsiiniseadmetesse. <\/li>\n<li> Avar t\u00f6\u00f6lauaruum: 29,1\u2033 x 18,9\u2033 \u00fclisuur t\u00f6\u00f6lauaruum pakub piisavalt ruumi k\u00f5ikidele teie t\u00f6\u00f6vajadustele. Mahutage vaevata mitu seadet, nagu arvutid, s\u00fclearvutid ja kaustad, ning toetage teid vabalt t\u00f6\u00f6tama ilma ruumipiiranguteta. Olenemata sellest, kas tegelete dokumentide, kirjutamise, lugemise, kirjutamise, maalimise ja muuga, on see mobiilne istumisstendi t\u00f6\u00f6jaam teid katnud. <\/li>\n<li> Kompaktne ja ruumi s\u00e4\u00e4stmine: meie kompaktne s\u00fclearvuti seisulaud v\u00f5tab v\u00e4hem ruumi, mist\u00f5ttu sobib see erinevatesse v\u00e4ikestesse kohtadesse. Koos kaasaegse stiili ja funktsionaalse kasulikkusega on see mobiilne seisulaud atraktiivne m\u00f6\u00f6bel s\u00fclearvutilauana, suupistek\u00e4ru ja kirjutuslauana diivani v\u00f5i voodi k\u00f5rval. <\/li>\n<\/ul>","protected":false},"featured_media":269145,"comment_status":"closed","ping_status":"open","template":"","meta":{"om_disable_all_campaigns":false,"_monsterinsights_skip_tracking":false,"_monsterinsights_sitenote_active":false,"_monsterinsights_sitenote_note":"","_monsterinsights_sitenote_category":0,"_uf_show_specific_survey":0,"_uf_disable_surveys":false},"location":[1935,1934],"product_brand":[21],"product_cat":[3313,2532,2530,2531,3389],"product_tag":[],"class_list":{"0":"post-17034","1":"product","2":"type-product","3":"status-publish","4":"has-post-thumbnail","6":"location-supplier_stock_location","7":"location-local_stock_location","8":"product_brand-vevor","9":"product_cat-computer-desks","10":"product_cat-desks","11":"product_cat-furniture-2","12":"product_cat-home-office-furniture","13":"product_cat-office-workbench","15":"first","16":"outofstock","17":"taxable","18":"shipping-taxable","19":"purchasable","20":"product-type-simple"},"aioseo_notices":[],"jetpack_sharing_enabled":true,"locations":[{"id":1935,"name":"Pieg\u0101d\u0101t\u0101ja noliktav\u0101 (5-7d.d.)","slug":"supplier_stock_location","quantity":"0"},{"id":1934,"name":"R\u012bgas veikal\u0101 (0-2d.d.)","slug":"local_stock_location","quantity":"0"}],"_links":{"self":[{"href":"https:\/\/vevorshop.lv\/et\/wp-json\/wp\/v2\/product\/17034","targetHints":{"allow":["GET"]}}],"collection":[{"href":"https:\/\/vevorshop.lv\/et\/wp-json\/wp\/v2\/product"}],"about":[{"href":"https:\/\/vevorshop.lv\/et\/wp-json\/wp\/v2\/types\/product"}],"replies":[{"embeddable":true,"href":"https:\/\/vevorshop.lv\/et\/wp-json\/wp\/v2\/comments?post=17034"}],"wp:featuredmedia":[{"embeddable":true,"href":"https:\/\/vevorshop.lv\/et\/wp-json\/wp\/v2\/media\/269145"}],"wp:attachment":[{"href":"https:\/\/vevorshop.lv\/et\/wp-json\/wp\/v2\/media?parent=17034"}],"wp:term":[{"taxonomy":"location","embeddable":true,"href":"https:\/\/vevorshop.lv\/et\/wp-json\/wp\/v2\/location?post=17034"},{"taxonomy":"product_brand","embeddable":true,"href":"https:\/\/vevorshop.lv\/et\/wp-json\/wp\/v2\/product_brand?post=17034"},{"taxonomy":"product_cat","embeddable":true,"href":"https:\/\/vevorshop.lv\/et\/wp-json\/wp\/v2\/product_cat?post=17034"},{"taxonomy":"product_tag","embeddable":true,"href":"https:\/\/vevorshop.lv\/et\/wp-json\/wp\/v2\/product_tag?post=17034"}],"curies":[{"name":"wp","href":"https:\/\/api.w.org\/{rel}","templated":true}]}}