{"id":171714,"date":"2025-06-05T07:33:35","date_gmt":"2025-06-05T07:33:35","guid":{"rendered":"https:\/\/vevorshop.lv\/en_us\/Prece\/adjustable-table-arch-stand-with-clamps-71-249-cm-metal-balloon-frame-for-party-decorations-fits-4-8-ft-tables\/"},"modified":"2026-05-06T12:41:56","modified_gmt":"2026-05-06T09:41:56","slug":"adjustable-table-arch-stand-with-clamps-71-249-cm-metal-balloon-frame-for-party-decorations-fits-4-8-ft-tables","status":"publish","type":"product","link":"https:\/\/vevorshop.lv\/et\/Prece\/reguleeritav-lauakaare-alus-klambritega-71-249-cm-metallist-ohupalliraam-peokaunistuste-jaoks-sobib-4-8-jalga-laudadele\/","title":{"rendered":"VEVOR reguleeritav metallist laua kaarestatiiv rotangiga, 33\u2013106 cm k\u00f5rge, 71\u2013249 cm pikk, kuldne raam pidudeks ja \u00fcritusteks"},"content":{"rendered":"<div style=\"color: #fff!important; font-size: 16px; height: 24px; line-height: 24px; margin-top: -24px; \" class=\"product_original_name\">VEVOR \u00fcle klambritega lauavarda alus, 13 \"-42\" pikk ja 28 \"-98\" pikkus reguleeritav, metallist lauakaare alus rotangiga, laua\u00f5hupalli kaare raam pulmade s\u00fcnnip\u00e4evaks, kuldne<\/div>\n<div style=\"color: #fff!important; font-size: 16px; height: 24px; line-height: 24px; margin-top: -24px; \" class=\"product_sku\">MBJ1VWZF<\/div>\n<div style=\"color: #fff!important; font-size: 16px; height: 24px; line-height: 24px; margin-top: -24px; \" class=\"product_mpn\">ZSGJ1JJSDTT04WY3T001V0<\/div><div id=\"js-DM_at-goodDescRich\"><html><head><style>  body {    font-family: Arial;    line-height: 1.5;    color: #1c1c1c;    overflow-x: hidden;    margin: 0;    padding: 0;  }  .MsoNormal b {    font-weight: bolder;  }<\/style><style>  .container.small {    width: 970px;    margin: 0 auto;  }  .logo {    margin: 0 auto 0;  }  .logo img {    display: block;    margin: 0 auto;    max-width: 100%;  }  .logo .pc-banner {    display: block;    width: 1200px;    height: 247.4px;    margin: 0 auto;  }  .logo .pc-banner.small {    width: 970px;  }  .logo .pc-banner.small img {    height: auto!important;  }  .logo .m-banner {    display: none;  }  .ytvideo {    position: relative;    height: 546px;    width: 100%;    margin: 0 auto;  }  .ytvideo img {    width: 100%;    margin: 0 auto;  }  .ytvideo .play-btn {    width: 60px;    height: 42px;    position: absolute;    top: 50%;    left: 50%;    transform: translate(-50%, -50%);    background: url(\"data:image\/png;base64,iVBORw0KGgoAAAANSUhEUgAAAGQAAABGCAMAAAANWMFbAAAC+lBMVEUAAADBGB3kLCfBGB3kLCfcJC7BFx3KKSbiKybkLCbWJCPSIiLSIiLPICHAFx3kLCfgKSXNHiDZJiTIGx\/p4eHcjo7LHSDbJyTkLCbjKyfOHyHPIiL28fHJHB\/GGh7EGR7eKCXDGB3RISHlLSbBGB3AFxzGHB7DGB7BGB3hKybkKybAFx3lLCfAFxzDGR3hKibDGB7cJyTmz8\/elJTlwcHjurrUIyLlLSflLSfAFx3DGR7lLSfCFx3hKibhKibhKybjKybkLCblLSfbJSX49vbx7e3NNzjNMTLMJyjVIyLZf3\/ZQ0LaeHjx0tLgoqLkLCfCGB3HGx\/BGB3BFx3PICHCGB7WJCLOHyC\/Fxy\/Fx3lLCfQISHkLSe\/FxzbJiTBFx3FGx\/AGB7BFx3EGR7AGB3HHSDfKiXAFh3TISHYNzbhKibbJyTTIiL57e325+f039\/v2NjUV1fOHiHiqanfmprch4feKSXVIyPOICHmLibFGh\/mLSe\/Fx7XJCPeKSXXJSPNHyHaJyTGGh7lLCbmLCflLSjSIiLkLCbdKSXLHiC\/GB3KHh++Fh3lKyfoLiXcKCPkx8fYb2\/XaGfVXl3aU1LLHiDksbHgKibPICHbJyTfKSXbJyTCGB3KHSDiKybFGh7TIiL\/\/\/\/VIyPRISHIHB\/GGx\/HHB\/DGR7gKibdKCXLHiDZJiTMHiDNHyHYJSTOICHPICHWJCPcKCXXJSPjLCblLCf+\/f3NGR\/uLijzLynPGR\/IGB7WISHaIyLLGh7UAADxLynNAADRLzDbICLQAADIAAD3MCrUHSHXMTDpKSbLAADp5OTij4\/ejo\/VLy\/1LyngJSTcJCPQHx\/OHB7+\/PzaMS\/OLS\/vLijrLSjSAADaNTPwLyjkKSbNJCbYISHPHB\/KGB7WAAD7+vrn3d3aKynTKCjoLCfsKifRGh\/YAADq5+fhjo7QNDXXKCfmJyXt5+fTLzDLLi\/QKivYHRvMGBrQJCXLISPMExXLDxLaEAvkkI\/bOTfaFQ\/SCgpvLcnHAAAAmnRSTlMA+vv7+gT9Bvf9+8z8\/NSv\/Pr5+P7++vnQIBMP\/v38\/Pn348XDiCYf9OjbzcqxXVcx\/fz8+\/rj1r2poo1+fXFqX0orGP7+\/v7+\/fz8+\/r68uzn4trIxsG\/vri3p6GcmZSNbWVYUUZEPQv+\/f39+\/v7+\/v7+vr64tvV1NTTz87FtbSurqeblJKFg4B3bUY+NjL7+\/v7+\/v67t1cDo8JLQAABkRJREFUWMO0kz9rwkAYh0OIeJkum6YugUAhISCdKoj\/P4C7SMdS+gEKIhSKil10LSg4mzXkILdlEpxCpwTiWOLX6BujvQaEQuGeHLnL+\/64J+SIcKGYTYWnntpdLjrVdqvZmNdn0+EE40GtpuuWVS6Xx6N7YDSGpWXpeq02wHgynM7q80az1a52HpddtVcpsi1zFARBrdaxbhp9iUReTGmwA4KAAr7vx3EYejnCMI6hQYEgy0LQi4jUN0wL19vqFcUC9\/1dAKmEEFkWRYkh5oBejnxQJiSJPJ\/uKBp0Thszx9Mw8hMRIQjKsptCfuES9zr5WJY6vSFCIvE9fCMUmEM1A1kSXcYGxgVYsvI1IPKTZciSTI0us\/SMGG04gDzELDoFBwdcFJrF88dqgYMTiL6DILWYyfOWE8\/kIz38olCNlC03FK95+imxp6y4oUSvAnBjHHhKNtotSDqJzVFiK8c2SBqhZtsrTtgrLXwAyduxZHNE26eHUt5rtuM4WSmds3G+sUdWYo1L+XyxButoh5eKUHk5lByO3G1LqqCWVnfrv\/lyPtf\/4ps1cndNGIri8J1TJ0lx6dR\/oPjq1nbRwdp2dCk4CtIOLW3pVKRL6WZfS5vF2KkIQhpwSsjiYIgNCs1gEMGqiIq24NQX9NwoXFy8Ufrl3twTcg4fv8T9\/JBEySduj6Mjm4bMzYV7EEOxKjjoNDud7yY3Dy71Hq2oLmqfbNR723edH9PgMrNL2utoQ3VmaIDkiw\/4w51P06hlZsTZvkRrbVuSIs\/zwSOsycgzStQouoAkWQqioRT5XI7n2Z1wfVhoZmcAJLsoqjqpjbWCgpOAJXBwHK8PzWbNvoUZJND5wCnSkLAkZ1legx6vqQzjoiTahKlGUGLAiIIoABOHaNVw4sexZBym6\/HWlH5h3IC7yRbxtipcWxdTOkORKiNQAEkFf66x5S2oeRbroOlLgg0sSYkR0hRGEqJZ0jTPiQKatESdBckpWigxaapEH0lImHdWu9pUFF2XqMNM2Z4kped7IwEJw2qabwtrQqnpw6HyKkgcadKWsmpywwesDyIhYRpdzXddqegtGIJlXbAIUMOLkGxJUjRIkokwjUaX9d\/kK62ps\/tYUqZLIMkLTyBhsMZ3C5Z\/kDxOSCb\/DOs\/\/J0qcWSX\/2ipe56EgTCA4\/cB7NAYOsni4mZM1MUPAISoEwkDi4lhVBQ1cWQyIcwalw4EpqZN68JUSK7XC0kTlkLYii5uXSC8jT5ncCAS7mjCv0uHp\/3lueHEEAeQ\/\/VgmdN71\/2uCSA1Xr6DO6uI6sW56zqT2tp2PhgiRUAajV8CY2fkcz6WGNKMgLAt7tJAhD4YHMTeRxlALE6+43WqjSWi8ITxyJl8WrwWSNESQZZOqhDDntO3hJLsd5RtSpbJqdv3YrDJH3F7jL1R2O2aQkn2MyCyKYz0GPGIvSAMgBCrCEiJyKbBaYGwLW4uPRr0A0M4Ux5kUI7IBh+hMdiCEWNqhMZGyYMsOgNE58UQuEQeUnSWCMYwL54hkxK6IoqucQZbQ3pc3XtL0lky1dL0zZJJDpWJovFqpWj6JEHnyam2eQp5QRVAVHjWparTOaVwUOx99YS2MvgxIGV0bb+qIg2HX2qkFFJB+XZcbLiuRkuxD9GRroKyveLxdh4d7Orx+hb7qc3uVRuEogCOnyIxm4ubUoPgF4jianDrC+SDQDKEfJb0GUKmjCGPYHGJvVC6X4hw1\/sAfQAdfYyephIaspXe36RwOP+Ljvfx9B6B3i+Nk0DGq+oCbLn6JpBa9nWAveAIHwFAwtVcIJXPMPL8kRu5OAYPMaL1WScTxjiZDqB9LTJSWphow\/pTYKRTLjCBhvi9iBidvKcDasGSm0QQkycYuLBqj6QCELPctqChDWpTRMWkngNNpQ1Pfp1KkiT\/Y0DGffXAweUNfLAfaJFKDwhb6I+bkYRbkERoEeu3Fyjg2opMz2daZCS9jt6Q7txNfB+OZEVF6Zl5web2xunnLQrtrjXseXKaFYziYINeMFZVxS9VxRhOoesYwxPKXm+gWLG9cuFeq93UNNeJNsf1KlwuDok9n02n3TgIJpOxNfL9naIoQwXtfH9kjceTIIi709ncTg6LZbg+biLH1V6u\/7rxBem06VXKn9raAAAAAElFTkSuQmCC\")      no-repeat center center \/ contain;  }  @media screen and (max-width: 960px) and (orientation: portrait) {    .logo {      width: 100%;    }    .logo .pc-banner {      display: none;    }    .logo .m-banner {      display: block;      width: 100%;    }    .logo .m-banner img {      height: auto!important;    }    .ytvideo {      height: 200px;      width: 100%;    }  }<\/style><style>  .video-section {    width: 100%;    margin: 0 auto;  }  .video-section > img {    width: 100%;  }  .video-section iframe,  .video-section video {    width: 100%;    height: 100%;      }  .video-section-img-m,  .video-section-img-pc > img {    width: 100%;    height: auto;  }  .video-section-img-pc.small > img {    width: 970px;  }  .video-desc {    line-height: 1.5;    font-size: 20px;    font-weight: 400;    margin: 20px 0;    text-align: center;    color: #0f1111;    word-break: break-word;  }  @media screen and (max-width: 960px) and (orientation: portrait) {    .video-section {      width: 100%;    }    .video-section-pc,    .video-section-img-pc {      display: none;    }    .video-section-m,    .video-section-img-m {      display: block;    }    .video-desc {      font-size: 15px;    }  }  @media screen and (min-width: 960px) {    .video-section {      width: 100%;      margin: 0 auto;    }    .video-section-pc,    .video-section-img-pc {      display: block;    }    .video-section-m,    .video-section-img-m {      display: none;    }    .video-desc {      font-size: 20px;    }  }<\/style><style>  .section + .section {    margin-top: 35px;  }  .section-title {    text-align: center;    font-weight: bold;    color: #0d1111;    font-family: \"Arial\";    font-size: 32px;    margin: 15px 0;  }  .section-title:empty {    display: none;  }  .section-desc {    text-align: center;    font-weight: normal;    color: #0d1111;    margin-top: 20px;  }  .section-desc:empty {    display: none;  }  .section-img {    width: 1200px;    height: 492px;    margin: 0 auto;    display: block;  }  .section-img.small {    width: 970px;    height: auto;  }  .section-img.small > img {    height: auto;  }  .section-img > img {    width: 100%;    height: 100%;  }  .section-mobile-img {    display: none;    max-width: 100vw;    max-height: 75vw;    height: 450px;    margin: 0 auto;  }  .section-mobile-img > img {    width: 100%;    height: 100%;  }  @media screen and (max-width: 960px) and (orientation: portrait) {    .container {      width: 100%;    }    .container.small {      width: 100%;    }    .section-mobile-img {      display: block;    }    .section-img {      display: none;    }    .section-title {      font-size: 22px;      margin: 10px 0;    }    .section-desc {      margin-top: 10px;    }    .section + .section {      margin-top: 20px;    }  }<\/style><\/head><body><div class=\"container\"><div class=\"logo\"><div class=\"pc-banner\"><div><img decoding=\"async\" src=\"\/vevor\/vevor\/boutique-banner\/pc\/en-pc@1x.jpg\" style=\"width: 100%;\" \/><\/div><\/div><div class=\"m-banner\"><div><img decoding=\"async\" src=\"\/vevor\/vevor\/boutique-banner\/mobile\/en-m@1x.jpg\" style=\"width: 100%;\" \/><\/div><\/div><\/div><div class=\"section-title\">\u00dcle Laua Rod Seista U<\/div><div class=\"video-section\"><div class=\"video-section-img-pc\"><img decoding=\"async\" src=\"\/vevor\/product\/ZSGJ1JJSDTT04WY3T001\/over-the-table-rod-stand-a100-1.4.jpg\" \/><\/div><div class=\"video-section-img-m\"><img decoding=\"async\" src=\"\/vevor\/product\/ZSGJ1JJSDTT04WY3T001\/over-the-table-rod-stand-a100-1.4-m.jpg\" \/><\/div><div class=\"section-desc\">See vastupidav tabel rod seista toetab kaunistused kuni 10-20 naela (4,5 kg - 9.1 kg) ilma \u00fcmberminemise. Kolm reguleeritava k\u00f5rgusega, see sobib erinevate suuruste tabel ja sobib pulmad, s\u00fcnnip\u00e4evad ja muud s\u00fcndmused. T\u00e4ielik tarvikud ja ladustamise kott on lihtne ladustada -, transpordi -, ja kaitse.<\/div><\/div><div class=\"section\"><div class=\"section-title\"><\/div><div class=\"section-img\"><img decoding=\"async\" src=\"\/vevor\/product\/ZSGJ1JJSDTT04WY3T001\/over-the-table-rod-stand-a100-2.2.jpg\" \/><\/div><div class=\"section-mobile-img\"><img decoding=\"async\" src=\"\/vevor\/product\/ZSGJ1JJSDTT04WY3T001\/over-the-table-rod-stand-a100-2.2-m.jpg\" \/><\/div><div class=\"section-desc\">Koos kaitsvad padjad m\u00f5lemas otsas, see terasest laua-arch seista resistid, mis on kriimustusi. On valmistatud 3-tolline paks terasest, see on surve-vastupidav ja reguleeritav (20-70 cm). Selle pulber-kaetud l\u00f5peta resistid, mis on rooste, segamine sujuvalt tume m\u00f6\u00f6bel.<\/div><\/div><div class=\"section\"><div class=\"section-title\"><\/div><div class=\"section-img\"><img decoding=\"async\" src=\"\/vevor\/product\/ZSGJ1JJSDTT04WY3T001\/over-the-table-rod-stand-a100-2.3.jpg\" \/><\/div><div class=\"section-mobile-img\"><img decoding=\"async\" src=\"\/vevor\/product\/ZSGJ1JJSDTT04WY3T001\/over-the-table-rod-stand-a100-2.3-m.jpg\" \/><\/div><div class=\"section-desc\">Nr keerulisem seadistuse! Lisada kaitsvad padjad, turvalised kinnitusklambrid, \u00fchendage vardad, ja kohandada pikkus 4 lihtsat sammu. Installatsioon 10 minutit. Vaadata 1-minutilise juhendaja video jaoks lihtne montaa\u017e, isegi algajatele!<\/div><\/div><div class=\"section\"><div class=\"section-title\"><\/div><div class=\"section-img\"><img decoding=\"async\" src=\"\/vevor\/product\/ZSGJ1JJSDTT04WY3T001\/over-the-table-rod-stand-a100-2.4.jpg\" \/><\/div><div class=\"section-mobile-img\"><img decoding=\"async\" src=\"\/vevor\/product\/ZSGJ1JJSDTT04WY3T001\/over-the-table-rod-stand-a100-2.4-m.jpg\" \/><\/div><div class=\"section-desc\">Hang tuled, toetada \u00f5hupallid, v\u00f5i seadistada v\u00e4ljas v\u00f5rade kiire seadistuse. Ideaalne pulmad, peod ja p\u00fchad. Siseruumides v\u00f5i v\u00e4ljas, see varras loob suurep\u00e4rased \u00f5hkkond igal juhul.<\/div><\/div><div class=\"section\"><div class=\"section-title\"><\/div><div class=\"section-img\"><img decoding=\"async\" src=\"\/vevor\/product\/ZSGJ1JJSDTT04WY3T001\/over-the-table-rod-stand-a100-2.5.jpg\" \/><\/div><div class=\"section-mobile-img\"><img decoding=\"async\" src=\"\/vevor\/product\/ZSGJ1JJSDTT04WY3T001\/over-the-table-rod-stand-a100-2.5-m.jpg\" \/><\/div><div class=\"section-desc\">Mures kaotamas osad? Paks ladustamise kott hoiab k\u00f5ik organiseeritud ja kaitseb teie tarvikud transiidi ajal, pikendada nende eluiga. (SKU4 t\u00e4iendavaid Sisaldab 11.81 ft\/3.6 m rotangist ja star kett tarvikud, no extra ostud on vajalik.)<\/div><\/div><div class=\"section\"><div class=\"section-img\"><img decoding=\"async\" src=\"\/vevor\/product\/ZSGJ1JJSDTT04WY3T001\/over-the-table-rod-stand-a100-1.11.jpg\" \/><\/div><div class=\"section-mobile-img\"><img decoding=\"async\" src=\"\/vevor\/product\/ZSGJ1JJSDTT04WY3T001\/over-the-table-rod-stand-a100-1.11-m.jpg\" \/><\/div><\/div><\/div><\/body><\/html><\/div>\n<div class=\"DM_at-title\" id=\"js-DM_at-title\"> <div>Toote spetsifikatsioon<\/div> <i class=\"icon-arrowup_line\"><\/i> <\/div><div class=\"DM_at-goodsDescAttr\" id=\"js-DM_at-goodsDescAttr\"> <div class=\"DM_at-goodsDescAttrInner\"> <dl class=\"goodsDesc_item goodsDesc_item_even\"> <dt>Punkt Mudeli Number<\/dt> <dd> ZS25006<\/dd> <\/dl> <dl class=\"goodsDesc_item\"> <dt>Reguleeritav K\u00f5rgus<\/dt> <dd> 13 tolli - 42 tolli \/ 330 mm - 1066.8 mm<\/dd> <\/dl> <dl class=\"goodsDesc_item goodsDesc_item_even\"> <dt>Reguleeritav Pikkus<\/dt> <dd> 28 cm - 98 cm \/ 711.2 mm - 2489.2 mm<\/dd> <\/dl> <dl class=\"goodsDesc_item\"> <dt>Toru T\u00fc\u00fcp<\/dt> <dd> Ruut Toru<\/dd> <\/dl> <dl class=\"goodsDesc_item goodsDesc_item_even\"> <dt>V\u00e4rv<\/dt> <dd> Kuld<\/dd> <\/dl> <dl class=\"goodsDesc_item\"> <dt>Tube Tehnilised Andmed<\/dt> <dd> 0.63 x 0.63 cm \/ 16 x 16 mm<\/dd> <\/dl> <dl class=\"goodsDesc_item goodsDesc_item_even\"> <dt>Varda Kandev\u00f5ime<\/dt> <dd> 10 lbs - 20 \u00a3 \/ 4.5 kg - 9,1 kg<\/dd> <\/dl> <dl class=\"goodsDesc_item\"> <dt>U-Laua Paksus<\/dt> <dd> 3.03 tolli \/ 77 mm<\/dd> <\/dl> <dl class=\"goodsDesc_item goodsDesc_item_even\"> <dt>Toote M\u00f5\u00f5tmed (L x W x H)<\/dt> <dd> 41.73 x 98.03 tolli \/ 1060 x 2490 mm<\/dd> <\/dl> <dl class=\"goodsDesc_item\"> <dt>Toote Kaal<\/dt> <dd> 4.85 lbs \/ 2.2 kg<\/dd> <\/dl> <\/div> <\/div>","protected":false},"excerpt":{"rendered":"<ul>\n<li> Tugev Kaalu-Laager Disain: Ehitatud ruudu metallist torud ja 3.03 in \/ 77 mm C-klambrid, see \u00fcle laua rod seista pakub 10-20 naela (4,5 kg \u2013 9.1 kg) kandev\u00f5ime, mist\u00f5ttu on vastupidavam ja stabiilsem kui tavaline \u00f5huke ring torud. Rooste-vastupidavad, pulberv\u00e4rviga kaetud pind talub \u00f5ues ilm. <\/li>\n<li> Reguleeritav Multi-Suurus Disain: tabel \u00f5hupalli arch raami pakub 3 reguleeritava k\u00f5rgusega (13, 28, 42), mille pikkus on vahel 28 (711.2 mm) 98 (2489.2 mm), paigaldamise 4FT, 6FT, ja 8FT tabelid. Klambri saab turvaliselt hoida tabelid kuni 3 cm paks, pakkudes t\u00e4pset toetust erinevate tegevuste. <\/li>\n<li> Lihtne Paigaldus: tabel arch raami kandiliste torude sisesta struktuuri ja k\u00e4sitsi pingutada kruvi disain pakuvad lihtne, stabiilne setup ilma wobbling, tagades fool-proof koost. See on t\u00f5husam kui traditsiooniline keermestatud \u00fchendused ja mutriv\u00f5ti rajatised. <\/li>\n<li> Mitmek\u00fclgne Kasutamine ja Paindlik Seadistus: Kaasaskantav ja lihtne liikuda, see tabel arch alus on ideaalne kasutamiseks nii sise-kui ka v\u00e4litingimustes. Ideaalne pulmad, pidustused, s\u00fcnnip\u00e4evi, uusaasta, Halloween, Thanksgiving, J\u00f5ulud, candy einelad, ja skaalajaotused, mis vastab k\u00f5igile teie teenetem\u00e4rgi vajadustele. <\/li>\n<li> Ladustamise Kott Kerge Transport: tabletop rod kaadris ruudu torud (2 L-torud, 1 ruut toru, 8 K-toru torud, 2 C-kujuline torud), 3M kummist padjad, \u00fcmmargused padjad, on Allen mutriv\u00f5ti, k\u00e4sitsi pingutada kruvid, dekoratiivsed rotangist, star kett tarvikud ja ladustamise kott, tagades mugava hoidmise ja vedamise. Kaitsta oma stand kriimustuste ja hoida seda nagu uus kasutamiseks tulevikus. <\/li>\n<\/ul>","protected":false},"featured_media":393704,"comment_status":"open","ping_status":"open","template":"","meta":{"om_disable_all_campaigns":false,"_uf_show_specific_survey":0,"_uf_disable_surveys":false},"location":[1935,1934],"product_brand":[21],"product_cat":[2429,2370,2427,2365,5181,2428],"product_tag":[],"class_list":{"0":"post-171714","1":"product","2":"type-product","3":"status-publish","4":"has-post-thumbnail","6":"location-supplier_stock_location","7":"location-local_stock_location","8":"product_brand-vevor","9":"product_cat-arbors","10":"product_cat-garden-center","11":"product_cat-outdoor-decor","12":"product_cat-outdoors","13":"product_cat-over-the-table-rod-stand","14":"product_cat-trellises","16":"first","17":"instock","18":"taxable","19":"shipping-taxable","20":"purchasable","21":"product-type-simple"},"aioseo_notices":[],"locations":[{"id":1935,"name":"Pieg\u0101d\u0101t\u0101ja noliktav\u0101 (5-7dd)","slug":"supplier_stock_location","quantity":"9"},{"id":1934,"name":"R\u012bgas veikal\u0101 (0-2d.d.)","slug":"local_stock_location","quantity":"0"}],"_links":{"self":[{"href":"https:\/\/vevorshop.lv\/et\/wp-json\/wp\/v2\/product\/171714","targetHints":{"allow":["GET"]}}],"collection":[{"href":"https:\/\/vevorshop.lv\/et\/wp-json\/wp\/v2\/product"}],"about":[{"href":"https:\/\/vevorshop.lv\/et\/wp-json\/wp\/v2\/types\/product"}],"replies":[{"embeddable":true,"href":"https:\/\/vevorshop.lv\/et\/wp-json\/wp\/v2\/comments?post=171714"}],"wp:featuredmedia":[{"embeddable":true,"href":"https:\/\/vevorshop.lv\/et\/wp-json\/wp\/v2\/media\/393704"}],"wp:attachment":[{"href":"https:\/\/vevorshop.lv\/et\/wp-json\/wp\/v2\/media?parent=171714"}],"wp:term":[{"taxonomy":"location","embeddable":true,"href":"https:\/\/vevorshop.lv\/et\/wp-json\/wp\/v2\/location?post=171714"},{"taxonomy":"product_brand","embeddable":true,"href":"https:\/\/vevorshop.lv\/et\/wp-json\/wp\/v2\/product_brand?post=171714"},{"taxonomy":"product_cat","embeddable":true,"href":"https:\/\/vevorshop.lv\/et\/wp-json\/wp\/v2\/product_cat?post=171714"},{"taxonomy":"product_tag","embeddable":true,"href":"https:\/\/vevorshop.lv\/et\/wp-json\/wp\/v2\/product_tag?post=171714"}],"curies":[{"name":"wp","href":"https:\/\/api.w.org\/{rel}","templated":true}]}}