{"id":17213,"date":"2024-11-18T03:31:51","date_gmt":"2024-11-18T03:31:51","guid":{"rendered":"http:\/\/vevorshop.edigo.lv\/Prece\/vevor-manual-meat-grinder-304-stainless-steel-hand-meat-grinder-with-suction-cup-steel-table-clamp-meat-mincer-sausage-maker-2-cutting-plates-sausage-tube-grinding-head-for-beef-pepper-coo\/"},"modified":"2026-04-22T13:56:54","modified_gmt":"2026-04-22T10:56:54","slug":"vevor-manual-meat-grinder-304-stainless-steel-hand-meat-grinder-with-suction-cup-steel-table-clamp-meat-mincer-sausage-maker-2-cutting-plates-sausage-tube-grinding-head-for-beef-pepper-coo","status":"publish","type":"product","link":"https:\/\/vevorshop.lv\/et\/Prece\/vevor-manuaalne-lihaveski-304-roostevabast-terasest-kasitsi-lihaveski-iminapaga-terasest-lauaklambriga-lihahakklihamasina-vorstivalmistaja-2-loikeplaati-vorstitoru-lihvimispea-veiseliha-piprale-coo\/","title":{"rendered":"VEVOR K\u00e4sitsi liha hakklihamasin, 304 roostevaba teras, iminapa ja klambriga, 2 l\u00f5ikeketta, vorsti ja k\u00fcpsise otsikud"},"content":{"rendered":"<div style=\"color: #fff!important; font-size: 16px; height: 24px; line-height: 24px; margin-top: -24px; \" class=\"product_original_name\">VEVOR Manual Lihaveski, 304 roostevabast terasest k\u00e4sitsi lihaveski imemistopsi + terasest lauaklambriga, lihamincer vorstivalmistaja ja 2 l\u00f5ikeplaati, vorstitoru, veise piprak\u00fcpsiste lihvimispea<\/div>\n<div style=\"color: #fff!important; font-size: 16px; height: 24px; line-height: 24px; margin-top: -24px; \" class=\"product_sku\">M4I4KIX3<\/div>\n<div style=\"color: #fff!important; font-size: 16px; height: 24px; line-height: 24px; margin-top: -24px; \" class=\"product_mpn\">BXGSDJRJYS305W7U7V0<\/div><div id=\"js-DM_at-goodDescRich\"><html><head><style>  body {    font-family: Arial;    line-height: 1.5;    color: #1c1c1c;    overflow-x: hidden;    margin: 0;    padding: 0;  }  .MsoNormal b {    font-weight: bolder;  }<\/style><style>  .container.small {    width: 970px;    margin: 0 auto;  }  .logo {    margin: 0 auto 0;  }  .logo img {    display: block;    margin: 0 auto;    max-width: 100%;  }  .logo .pc-banner {    display: block;    width: 1200px;    height: 247.4px;    margin: 0 auto;  }  .logo .pc-banner.small {    width: 970px;  }  .logo .pc-banner.small img {    height: auto!important;  }  .logo .m-banner {    display: none;  }  .ytvideo {    position: relative;    height: 546px;    width: 100%;    margin: 0 auto;  }  .ytvideo img {    width: 100%;    margin: 0 auto;  }  .ytvideo .play-btn {    width: 60px;    height: 42px;    position: absolute;    top: 50%;    left: 50%;    transform: translate(-50%, -50%);    background: url(\"data:image\/png;base64,iVBORw0KGgoAAAANSUhEUgAAAGQAAABGCAMAAAANWMFbAAAC+lBMVEUAAADBGB3kLCfBGB3kLCfcJC7BFx3KKSbiKybkLCbWJCPSIiLSIiLPICHAFx3kLCfgKSXNHiDZJiTIGx\/p4eHcjo7LHSDbJyTkLCbjKyfOHyHPIiL28fHJHB\/GGh7EGR7eKCXDGB3RISHlLSbBGB3AFxzGHB7DGB7BGB3hKybkKybAFx3lLCfAFxzDGR3hKibDGB7cJyTmz8\/elJTlwcHjurrUIyLlLSflLSfAFx3DGR7lLSfCFx3hKibhKibhKybjKybkLCblLSfbJSX49vbx7e3NNzjNMTLMJyjVIyLZf3\/ZQ0LaeHjx0tLgoqLkLCfCGB3HGx\/BGB3BFx3PICHCGB7WJCLOHyC\/Fxy\/Fx3lLCfQISHkLSe\/FxzbJiTBFx3FGx\/AGB7BFx3EGR7AGB3HHSDfKiXAFh3TISHYNzbhKibbJyTTIiL57e325+f039\/v2NjUV1fOHiHiqanfmprch4feKSXVIyPOICHmLibFGh\/mLSe\/Fx7XJCPeKSXXJSPNHyHaJyTGGh7lLCbmLCflLSjSIiLkLCbdKSXLHiC\/GB3KHh++Fh3lKyfoLiXcKCPkx8fYb2\/XaGfVXl3aU1LLHiDksbHgKibPICHbJyTfKSXbJyTCGB3KHSDiKybFGh7TIiL\/\/\/\/VIyPRISHIHB\/GGx\/HHB\/DGR7gKibdKCXLHiDZJiTMHiDNHyHYJSTOICHPICHWJCPcKCXXJSPjLCblLCf+\/f3NGR\/uLijzLynPGR\/IGB7WISHaIyLLGh7UAADxLynNAADRLzDbICLQAADIAAD3MCrUHSHXMTDpKSbLAADp5OTij4\/ejo\/VLy\/1LyngJSTcJCPQHx\/OHB7+\/PzaMS\/OLS\/vLijrLSjSAADaNTPwLyjkKSbNJCbYISHPHB\/KGB7WAAD7+vrn3d3aKynTKCjoLCfsKifRGh\/YAADq5+fhjo7QNDXXKCfmJyXt5+fTLzDLLi\/QKivYHRvMGBrQJCXLISPMExXLDxLaEAvkkI\/bOTfaFQ\/SCgpvLcnHAAAAmnRSTlMA+vv7+gT9Bvf9+8z8\/NSv\/Pr5+P7++vnQIBMP\/v38\/Pn348XDiCYf9OjbzcqxXVcx\/fz8+\/rj1r2poo1+fXFqX0orGP7+\/v7+\/fz8+\/r68uzn4trIxsG\/vri3p6GcmZSNbWVYUUZEPQv+\/f39+\/v7+\/v7+vr64tvV1NTTz87FtbSurqeblJKFg4B3bUY+NjL7+\/v7+\/v67t1cDo8JLQAABkRJREFUWMO0kz9rwkAYh0OIeJkum6YugUAhISCdKoj\/P4C7SMdS+gEKIhSKil10LSg4mzXkILdlEpxCpwTiWOLX6BujvQaEQuGeHLnL+\/64J+SIcKGYTYWnntpdLjrVdqvZmNdn0+EE40GtpuuWVS6Xx6N7YDSGpWXpeq02wHgynM7q80az1a52HpddtVcpsi1zFARBrdaxbhp9iUReTGmwA4KAAr7vx3EYejnCMI6hQYEgy0LQi4jUN0wL19vqFcUC9\/1dAKmEEFkWRYkh5oBejnxQJiSJPJ\/uKBp0Thszx9Mw8hMRIQjKsptCfuES9zr5WJY6vSFCIvE9fCMUmEM1A1kSXcYGxgVYsvI1IPKTZciSTI0us\/SMGG04gDzELDoFBwdcFJrF88dqgYMTiL6DILWYyfOWE8\/kIz38olCNlC03FK95+imxp6y4oUSvAnBjHHhKNtotSDqJzVFiK8c2SBqhZtsrTtgrLXwAyduxZHNE26eHUt5rtuM4WSmds3G+sUdWYo1L+XyxButoh5eKUHk5lByO3G1LqqCWVnfrv\/lyPtf\/4ps1cndNGIri8J1TJ0lx6dR\/oPjq1nbRwdp2dCk4CtIOLW3pVKRL6WZfS5vF2KkIQhpwSsjiYIgNCs1gEMGqiIq24NQX9NwoXFy8Ufrl3twTcg4fv8T9\/JBEySduj6Mjm4bMzYV7EEOxKjjoNDud7yY3Dy71Hq2oLmqfbNR723edH9PgMrNL2utoQ3VmaIDkiw\/4w51P06hlZsTZvkRrbVuSIs\/zwSOsycgzStQouoAkWQqioRT5XI7n2Z1wfVhoZmcAJLsoqjqpjbWCgpOAJXBwHK8PzWbNvoUZJND5wCnSkLAkZ1legx6vqQzjoiTahKlGUGLAiIIoABOHaNVw4sexZBym6\/HWlH5h3IC7yRbxtipcWxdTOkORKiNQAEkFf66x5S2oeRbroOlLgg0sSYkR0hRGEqJZ0jTPiQKatESdBckpWigxaapEH0lImHdWu9pUFF2XqMNM2Z4kped7IwEJw2qabwtrQqnpw6HyKkgcadKWsmpywwesDyIhYRpdzXddqegtGIJlXbAIUMOLkGxJUjRIkokwjUaX9d\/kK62ps\/tYUqZLIMkLTyBhsMZ3C5Z\/kDxOSCb\/DOs\/\/J0qcWSX\/2ipe56EgTCA4\/cB7NAYOsni4mZM1MUPAISoEwkDi4lhVBQ1cWQyIcwalw4EpqZN68JUSK7XC0kTlkLYii5uXSC8jT5ncCAS7mjCv0uHp\/3lueHEEAeQ\/\/VgmdN71\/2uCSA1Xr6DO6uI6sW56zqT2tp2PhgiRUAajV8CY2fkcz6WGNKMgLAt7tJAhD4YHMTeRxlALE6+43WqjSWi8ITxyJl8WrwWSNESQZZOqhDDntO3hJLsd5RtSpbJqdv3YrDJH3F7jL1R2O2aQkn2MyCyKYz0GPGIvSAMgBCrCEiJyKbBaYGwLW4uPRr0A0M4Ux5kUI7IBh+hMdiCEWNqhMZGyYMsOgNE58UQuEQeUnSWCMYwL54hkxK6IoqucQZbQ3pc3XtL0lky1dL0zZJJDpWJovFqpWj6JEHnyam2eQp5QRVAVHjWparTOaVwUOx99YS2MvgxIGV0bb+qIg2HX2qkFFJB+XZcbLiuRkuxD9GRroKyveLxdh4d7Orx+hb7qc3uVRuEogCOnyIxm4ubUoPgF4jianDrC+SDQDKEfJb0GUKmjCGPYHGJvVC6X4hw1\/sAfQAdfYyephIaspXe36RwOP+Ljvfx9B6B3i+Nk0DGq+oCbLn6JpBa9nWAveAIHwFAwtVcIJXPMPL8kRu5OAYPMaL1WScTxjiZDqB9LTJSWphow\/pTYKRTLjCBhvi9iBidvKcDasGSm0QQkycYuLBqj6QCELPctqChDWpTRMWkngNNpQ1Pfp1KkiT\/Y0DGffXAweUNfLAfaJFKDwhb6I+bkYRbkERoEeu3Fyjg2opMz2daZCS9jt6Q7txNfB+OZEVF6Zl5web2xunnLQrtrjXseXKaFYziYINeMFZVxS9VxRhOoesYwxPKXm+gWLG9cuFeq93UNNeJNsf1KlwuDok9n02n3TgIJpOxNfL9naIoQwXtfH9kjceTIIi709ncTg6LZbg+biLH1V6u\/7rxBem06VXKn9raAAAAAElFTkSuQmCC\")      no-repeat center center \/ contain;  }  @media screen and (max-width: 960px) and (orientation: portrait) {    .logo {      width: 100%;    }    .logo .pc-banner {      display: none;    }    .logo .m-banner {      display: block;      width: 100%;    }    .logo .m-banner img {      height: auto!important;    }    .ytvideo {      height: 200px;      width: 100%;    }  }<\/style><style>  .video-section {    width: 100%;    margin: 0 auto;  }  .video-section > img {    width: 100%;  }  .video-section iframe,  .video-section video {    width: 100%;    height: 100%;      }  .video-section-img-m,  .video-section-img-pc > img {    width: 100%;    height: auto;  }  .video-section-img-pc.small > img {    width: 970px;  }  .video-desc {    line-height: 1.5;    font-size: 20px;    font-weight: 400;    margin: 20px 0;    text-align: center;    color: #0f1111;    word-break: break-word;  }  @media screen and (max-width: 960px) and (orientation: portrait) {    .video-section {      width: 100%;    }    .video-section-pc,    .video-section-img-pc {      display: none;    }    .video-section-m,    .video-section-img-m {      display: block;    }    .video-desc {      font-size: 15px;    }  }  @media screen and (min-width: 960px) {    .video-section {      width: 100%;      margin: 0 auto;    }    .video-section-pc,    .video-section-img-pc {      display: block;    }    .video-section-m,    .video-section-img-m {      display: none;    }    .video-desc {      font-size: 20px;    }  }<\/style><style>  .section + .section {    margin-top: 35px;  }  .section-title {    text-align: center;    font-weight: bold;    color: #0d1111;    font-family: \"Arial\";    font-size: 32px;    margin: 15px 0;  }  .section-title:empty {    display: none;  }  .section-desc {    text-align: center;    font-weight: normal;    color: #0d1111;    margin-top: 20px;  }  .section-desc:empty {    display: none;  }  .section-img {    width: 1200px;    height: 492px;    margin: 0 auto;    display: block;  }  .section-img.small {    width: 970px;    height: auto;  }  .section-img.small > img {    height: auto;  }  .section-img > img {    width: 100%;    height: 100%;  }  .section-mobile-img {    display: none;    max-width: 100vw;    max-height: 75vw;    height: 450px;    margin: 0 auto;  }  .section-mobile-img > img {    width: 100%;    height: 100%;  }  @media screen and (max-width: 960px) and (orientation: portrait) {    .container {      width: 100%;    }    .container.small {      width: 100%;    }    .section-mobile-img {      display: block;    }    .section-img {      display: none;    }    .section-title {      font-size: 22px;      margin: 10px 0;    }    .section-desc {      margin-top: 10px;    }    .section + .section {      margin-top: 20px;    }  }<\/style><\/head><body><div class=\"container\"><div class=\"logo\"><div class=\"pc-banner\"><div><img decoding=\"async\" src=\"\/vevor\/vevor\/boutique-banner\/pc\/en-pc@1x.jpg\" style=\"width: 100%;\" \/><\/div><\/div><div class=\"m-banner\"><div><img decoding=\"async\" src=\"\/vevor\/vevor\/boutique-banner\/mobile\/en-m@1x.jpg\" style=\"width: 100%;\" \/><\/div><\/div><\/div><div class=\"section-title\">Lihvima Liha ja Igal ajal, Tervema ja V\u00e4rskema!<\/div><div class=\"video-section\"><div class=\"video-section-img-pc\"><img decoding=\"async\" src=\"\/vevor\/product\/BXGSDJRJYS305W7U7\/manual-meat-grinder-a100-1.4.jpg\" alt=\"VEVOR k\u00e4sitsi hakklihamasin on k\u00f6\u00f6k, kus on n\u00e4ha lihvimise k\u00e4igus. ikoonid liha -, k\u00f6\u00f6givilja -, vorsti.\" \/><\/div><div class=\"video-section-img-m\"><img decoding=\"async\" src=\"\/vevor\/product\/BXGSDJRJYS305W7U7\/manual-meat-grinder-a100-1.4-m.jpg\" alt=\"VEVOR k\u00e4sitsi hakklihamasin on k\u00f6\u00f6k, kus on n\u00e4ha lihvimise k\u00e4igus. ikoonid liha -, k\u00f6\u00f6givilja -, vorsti.\" \/><\/div><div class=\"section-desc\">VEVOR 304 roostevabast terasest, k\u00e4sitsi hakklihamasin on mitmek\u00fclgne ja praktiline k\u00f6\u00f6k vahend, mis annab mugavuse omatehtud h\u00f5rgutisi. See \u00fchendab iminapp ja terasest laua klamber fikseerimine, tagades nii stabiilsust ja usaldusv\u00e4\u00e4rsust. Suurendada oma keetmine l\u00f5putu l\u00f5bu ja loovust!<\/div><\/div><div class=\"section\"><div class=\"section-title\"><\/div><div class=\"section-img\"><img decoding=\"async\" src=\"\/vevor\/product\/BXGSDJRJYS305W7U7\/manual-meat-grinder-a100-2.2.jpg\" alt=\"VEVOR k\u00e4sitsi hakklihamasin koos laienenud kaare-kujuline sisselaskeava juures, nonslip kummist padi, ja ergonomical hakkama.\" \/><\/div><div class=\"section-mobile-img\"><img decoding=\"async\" src=\"\/vevor\/product\/BXGSDJRJYS305W7U7\/manual-meat-grinder-a100-2.2-m.jpg\" alt=\"VEVOR k\u00e4sitsi hakklihamasin koos laienenud kaare-kujuline sisselaskeava juures, nonslip kummist padi, ja ergonomical hakkama.\" \/><\/div><div class=\"section-desc\">K\u00e4si veski on alt tugev iminapp ja laua klamber, et tagada, et masin ei ole raputada, pakkudes tugev stabiilsus ajal toiduainete t\u00f6\u00f6tlemine. 0.79&#034;-1.97&#034;ava vahemik mahutab tabletops k\u00f5ige paksused.<\/div><\/div><div class=\"section\"><div class=\"section-title\"><\/div><div class=\"section-img\"><img decoding=\"async\" src=\"\/vevor\/product\/BXGSDJRJYS305W7U7\/manual-meat-grinder-a100-2.3.jpg\" alt=\"VEVOR k\u00e4sitsi hakklihamasin kaasaegne k\u00f6\u00f6k t\u00f6\u00f6tlemise jahvatatud liha koos 8mm ja 5mm seaded.\" \/><\/div><div class=\"section-mobile-img\"><img decoding=\"async\" src=\"\/vevor\/product\/BXGSDJRJYS305W7U7\/manual-meat-grinder-a100-2.3-m.jpg\" alt=\"VEVOR k\u00e4sitsi hakklihamasin kaasaegne k\u00f6\u00f6k t\u00f6\u00f6tlemise jahvatatud liha koos 8mm ja 5mm seaded.\" \/><\/div><div class=\"section-desc\">Meie hakklihamasin omadused terav tera ja kolmem\u00f5\u00f5tmeline spiraalne struktuur, mis v\u00f5imaldab t\u00e4pset l\u00f5ikamist \u00f5rn ja habras lihast. Koos dded reverse funktsioon, v\u00f5ite k\u00fclmutada v\u00e4rske liha karastatud riik enne jahvatamist t\u00f5rgeteta liha t\u00f6\u00f6tlemine ilma ummistumist.<\/div><\/div><div class=\"section\"><div class=\"section-title\"><\/div><div class=\"section-img\"><img decoding=\"async\" src=\"\/vevor\/product\/BXGSDJRJYS305W7U7\/manual-meat-grinder-a100-2.4.jpg\" alt=\"puhastamist ja kokkupanemist osad VEVOR k\u00e4sitsi hakklihamasin on kraanikauss.\" \/><\/div><div class=\"section-mobile-img\"><img decoding=\"async\" src=\"\/vevor\/product\/BXGSDJRJYS305W7U7\/manual-meat-grinder-a100-2.4-m.jpg\" alt=\"puhastamist ja kokkupanemist osad VEVOR k\u00e4sitsi hakklihamasin on kraanikauss.\" \/><\/div><div class=\"section-desc\">See 304 roostevabast terasest k\u00e4siajamiga hakklihamasin on eemaldatav ja lihtne puhastada p\u00e4rast kasutamist. Kokku panna, lihtsalt j\u00e4rgige jada seotud pea-mutter, perforeeritud plaadi, risti tera, kruvi, puuri pea, kruvi, puuri, v\u00f5lli \u00fcmbris, masin asutus, organ, u -, ja k\u00e4idelda.<\/div><\/div><div class=\"section\"><div class=\"section-title\"><\/div><div class=\"section-img\"><img decoding=\"async\" src=\"\/vevor\/product\/BXGSDJRJYS305W7U7\/manual-meat-grinder-a100-2.5.jpg\" alt=\"VEVOR k\u00e4sitsi hakklihamasin k\u00f6\u00f6k counter lihvimine erinevate liha ja k\u00f6\u00f6giviljad.\" \/><\/div><div class=\"section-mobile-img\"><img decoding=\"async\" src=\"\/vevor\/product\/BXGSDJRJYS305W7U7\/manual-meat-grinder-a100-2.5-m.jpg\" alt=\"VEVOR k\u00e4sitsi hakklihamasin k\u00f6\u00f6k counter lihvimine erinevate liha ja k\u00f6\u00f6giviljad.\" \/><\/div><div class=\"section-desc\">Tasuta tarvikute, sealhulgas, 5mm ja 8mm plaatide l\u00f5ikamine, lihvimine pea -, k\u00fcpsise-attachment -, vorsti t\u00e4idis toru, ja rohkem, mis v\u00f5imaldavad teil hallata mitmesuguseid koostisosi lihtsalt. Vaevata lihvima eri liiki liha ja madala niiskuse k\u00f6\u00f6giviljad, samas ka maitsvat vorsti ja k\u00fcpsiseid.<\/div><\/div><div class=\"section\"><div class=\"section-img\"><img decoding=\"async\" src=\"\/vevor\/product\/BXGSDJRJYS305W7U7\/manual-meat-grinder-a100-1.11.jpg\" alt=\"VEVOR k\u00e4sitsi hakklihamasin s#8, roostevabast terasest, mis sisaldab l\u00f5ikamine plaatide, vorst toru, ja puhastushari.\" \/><\/div><div class=\"section-mobile-img\"><img decoding=\"async\" src=\"\/vevor\/product\/BXGSDJRJYS305W7U7\/manual-meat-grinder-a100-1.11-m.jpg\" alt=\"VEVOR k\u00e4sitsi hakklihamasin s#8, roostevabast terasest, mis sisaldab l\u00f5ikamine plaatide, vorst toru, ja puhastushari.\" \/><\/div><\/div><\/div><\/body><\/html><\/div>\n<div class=\"DM_at-title\" id=\"js-DM_at-title\"> <div>Toote spetsifikatsioon<\/div> <i class=\"icon-arrowup_line\"><\/i> <\/div><div class=\"DM_at-goodsDescAttr\" id=\"js-DM_at-goodsDescAttr\"> <div class=\"DM_at-goodsDescAttrInner\"> <dl class=\"goodsDesc_item goodsDesc_item_even\"> <dt>Punkt Mudeli Number<\/dt> <dd> S#8<\/dd> <\/dl> <dl class=\"goodsDesc_item\"> <dt>Kaliiber<\/dt> <dd> #8<\/dd> <\/dl> <dl class=\"goodsDesc_item goodsDesc_item_even\"> <dt>Kindlaksm\u00e4\u00e4ramise Meetod<\/dt> <dd> Iminapa + Tabel Terasest Klambri Fikseerimiseks<\/dd> <\/dl> <dl class=\"goodsDesc_item\"> <dt>Peamine Materjal<\/dt> <dd> Roostevaba Teras<\/dd> <\/dl> <dl class=\"goodsDesc_item goodsDesc_item_even\"> <dt>Toote Kaal<\/dt> <dd> 8.16 lbs \/ 3.7 kg<\/dd> <\/dl> <dl class=\"goodsDesc_item\"> <dt>Toote M\u00f5\u00f5tmed<\/dt> <dd> 13.8x9.8x5.5 \/ 35x25x14cm<\/dd> <\/dl> <\/div> <\/div>","protected":false},"excerpt":{"rendered":"<ul>\n<li> \u00dcks hakklihamasin, L\u00f5putu Kasutab: VEVOR multifunktsionaalne k\u00e4sitsi hakklihamasin v\u00f5imaldab lihtsat k\u00f6\u00f6giviljad ja liha peenestamiseks teha lihapallid, k\u00fcpsised, vorstid, ja rohkem. Kaasas ka 5mm ja 8mm l\u00f5ikamine plaatide, 1 l\u00f5ikamine risti tera, 1 roostevabast terasest vorst toru, 1 k\u00fcpsis, manus, 1 lihvimine pea-ja liha t\u00f5ukur varras, toitlustus erinevatele vajadustele eri kulinaarse loomingut. <\/li>\n<li> Dual Turvaline Esituse Meetodid: See k\u00e4siajamiga hakklihamasin sisaldab kaks usaldusv\u00e4\u00e4rne esituse meetodid: alumine tugev iminapp ja 304 roostevabast terasest laua klamber. Dual turvaline salvestuste teeb masin on endiselt stabiilne ja kindlalt kohal, kaotades k\u00f5iki probleeme, mis raputades v\u00f5i kukkumise ajal kasutada. Ava vahemik terasest klamber on 0.79&#034;-1.97&#034; (20-50 mm), k\u00e4ib enamik tabletops k\u00f5ige paksused. <\/li>\n<li> Mitmek\u00fclgne Koostisainete T\u00f6\u00f6tlemiseks: Meie k\u00e4si v\u00e4nt hakklihamasin saab lihvima erinevate liha koostisosi, n\u00e4iteks veiseliha, sealiha, kala, ja kana riiul, ja see v\u00f5ib ka lihvima k\u00f6\u00f6giviljad, madala niiskuse nagu seened ja paprika. #8 kaliiber simuleerib manuaalne protsess liha hakkimist, mis oluliselt s\u00e4ilitab algse maitse, mis hoiab liha, v\u00e4rsked ja 100% lukud tekstuuri ja toitumise liha. <\/li>\n<li> Toidu-Klassi 304 Roostevabast Terasest: K\u00f5ik osad meie raskeveokite liha hakklihamasina on tehtud toidu-grade roostevabast terasest \u00fches t\u00fckis valamise, hea rooste vastupidavus, korrosioonikindlus ja lihtne puhastus. Trahvi peegel poleerimisel muudab keha ja sisemised osad on veel t\u00e4iuslik. Sa ei pea muretsema, metallist h\u00f6\u00f6vli alla kukkuda ja p\u00f5hjustada j\u00e4\u00e4tmete kallis koostisosad. <\/li>\n<li> Lihtne Paigaldus ja Puhastamine: k\u00e4sitsi vorst tegija saab kergesti lahti, mis v\u00f5imaldab kiiret ja p\u00f5hjalikku puhastamist iga osa meie tingimusel, puhastushari. Lihtsalt j\u00e4rgige j\u00e4rjestikune \u00fchendamine, ja sul on masin kasutamiseks valmis. Ergonoomiline k\u00e4epide v\u00e4hendab k\u00e4te v\u00e4simust ja suurendab lihvimine tootlikkust. <\/li>\n<\/ul>","protected":false},"featured_media":269421,"comment_status":"closed","ping_status":"open","template":"","meta":{"om_disable_all_campaigns":false,"_uf_show_specific_survey":0,"_uf_disable_surveys":false},"location":[1935,1934],"product_brand":[21],"product_cat":[2445,3190,2559,2693,2449],"product_tag":[],"class_list":{"0":"post-17213","1":"product","2":"type-product","3":"status-publish","4":"has-post-thumbnail","6":"location-supplier_stock_location","7":"location-local_stock_location","8":"product_brand-vevor","9":"product_cat-appliances","10":"product_cat-manual-meat-grinder","11":"product_cat-meat-poultry-tools","12":"product_cat-meat-grinders","13":"product_cat-small-kitchen-appliances","15":"first","16":"instock","17":"taxable","18":"shipping-taxable","19":"purchasable","20":"product-type-simple"},"aioseo_notices":[],"locations":[{"id":1935,"name":"Pieg\u0101d\u0101t\u0101ja noliktav\u0101 (5-7dd)","slug":"supplier_stock_location","quantity":"457"},{"id":1934,"name":"R\u012bgas veikal\u0101 (0-2d.d.)","slug":"local_stock_location","quantity":"0"}],"_links":{"self":[{"href":"https:\/\/vevorshop.lv\/et\/wp-json\/wp\/v2\/product\/17213","targetHints":{"allow":["GET"]}}],"collection":[{"href":"https:\/\/vevorshop.lv\/et\/wp-json\/wp\/v2\/product"}],"about":[{"href":"https:\/\/vevorshop.lv\/et\/wp-json\/wp\/v2\/types\/product"}],"replies":[{"embeddable":true,"href":"https:\/\/vevorshop.lv\/et\/wp-json\/wp\/v2\/comments?post=17213"}],"wp:featuredmedia":[{"embeddable":true,"href":"https:\/\/vevorshop.lv\/et\/wp-json\/wp\/v2\/media\/269421"}],"wp:attachment":[{"href":"https:\/\/vevorshop.lv\/et\/wp-json\/wp\/v2\/media?parent=17213"}],"wp:term":[{"taxonomy":"location","embeddable":true,"href":"https:\/\/vevorshop.lv\/et\/wp-json\/wp\/v2\/location?post=17213"},{"taxonomy":"product_brand","embeddable":true,"href":"https:\/\/vevorshop.lv\/et\/wp-json\/wp\/v2\/product_brand?post=17213"},{"taxonomy":"product_cat","embeddable":true,"href":"https:\/\/vevorshop.lv\/et\/wp-json\/wp\/v2\/product_cat?post=17213"},{"taxonomy":"product_tag","embeddable":true,"href":"https:\/\/vevorshop.lv\/et\/wp-json\/wp\/v2\/product_tag?post=17213"}],"curies":[{"name":"wp","href":"https:\/\/api.w.org\/{rel}","templated":true}]}}