{"id":17221,"date":"2024-11-18T03:31:51","date_gmt":"2024-11-18T03:31:51","guid":{"rendered":"http:\/\/vevorshop.edigo.lv\/Prece\/vevor-clothes-rack-heavy-duty-clothing-garment-rack-with-hanging-rod-and-bottom-storage-area-clothing-rack-for-bedroom-guest-room\/"},"modified":"2026-05-06T12:20:39","modified_gmt":"2026-05-06T09:20:39","slug":"vevor-clothes-rack-heavy-duty-clothing-garment-rack-with-hanging-rod-and-bottom-storage-area-clothing-rack-for-bedroom-guest-room","status":"publish","type":"product","link":"https:\/\/vevorshop.lv\/et\/Prece\/vevor-riiete-nagi-raskeveokite-roivaste-riiete-nagi-koos-rippvarda-ja-alumise-panipaigaga-riiete-nagi-magamistoa-kulalistetuppa\/","title":{"rendered":"VEVOR tugev riidestange riputusvarras ja alumise riiuliga, terasest r\u00f5ivastang magamis- v\u00f5i k\u00fclalistuppa"},"content":{"rendered":"<div class=\"product_original_name\" style=\"color: #fff!important; font-size: 16px; height: 24px; line-height: 24px; margin-top: -24px;\">VEVOR Clothes Rack, Heavy Duty Clothing Garment Rack with Hanging Rod and Bottom Storage Area, Clothing Rack for Bedroom Guest Room<\/div>\r\n<div class=\"product_sku\" style=\"color: #fff!important; font-size: 16px; height: 24px; line-height: 24px; margin-top: -24px;\">M4I4KIXK<\/div>\r\n<div class=\"product_mpn\" style=\"color: #fff!important; font-size: 16px; height: 24px; line-height: 24px; margin-top: -24px;\">JYKCYJ3848111P4UWV0<\/div>\r\n<div id=\"js-DM_at-goodDescRich\">\r\n\r\n&nbsp;\r\n\r\n<style>  body {    font-family: Arial;    line-height: 1.5;    color: #1c1c1c;    overflow-x: hidden;    margin: 0;    padding: 0;  }  .MsoNormal b {    font-weight: bolder;  }<\/style> <style>  .container.small {    width: 970px;    margin: 0 auto;  }  .logo {    margin: 0 auto 0;  }  .logo img {    display: block;    margin: 0 auto;    max-width: 100%;  }  .logo .pc-banner {    display: block;    width: 1200px;    height: 247.4px;    margin: 0 auto;  }  .logo .pc-banner.small {    width: 970px;  }  .logo .pc-banner.small img {    height: auto!important;  }  .logo .m-banner {    display: none;  }  .ytvideo {    position: relative;    height: 546px;    width: 100%;    margin: 0 auto;  }  .ytvideo img {    width: 100%;    margin: 0 auto;  }  .ytvideo .play-btn {    width: 60px;    height: 42px;    position: absolute;    top: 50%;    left: 50%;    transform: translate(-50%, -50%);    background: url(\"data:image\/png;base64,iVBORw0KGgoAAAANSUhEUgAAAGQAAABGCAMAAAANWMFbAAAC+lBMVEUAAADBGB3kLCfBGB3kLCfcJC7BFx3KKSbiKybkLCbWJCPSIiLSIiLPICHAFx3kLCfgKSXNHiDZJiTIGx\/p4eHcjo7LHSDbJyTkLCbjKyfOHyHPIiL28fHJHB\/GGh7EGR7eKCXDGB3RISHlLSbBGB3AFxzGHB7DGB7BGB3hKybkKybAFx3lLCfAFxzDGR3hKibDGB7cJyTmz8\/elJTlwcHjurrUIyLlLSflLSfAFx3DGR7lLSfCFx3hKibhKibhKybjKybkLCblLSfbJSX49vbx7e3NNzjNMTLMJyjVIyLZf3\/ZQ0LaeHjx0tLgoqLkLCfCGB3HGx\/BGB3BFx3PICHCGB7WJCLOHyC\/Fxy\/Fx3lLCfQISHkLSe\/FxzbJiTBFx3FGx\/AGB7BFx3EGR7AGB3HHSDfKiXAFh3TISHYNzbhKibbJyTTIiL57e325+f039\/v2NjUV1fOHiHiqanfmprch4feKSXVIyPOICHmLibFGh\/mLSe\/Fx7XJCPeKSXXJSPNHyHaJyTGGh7lLCbmLCflLSjSIiLkLCbdKSXLHiC\/GB3KHh++Fh3lKyfoLiXcKCPkx8fYb2\/XaGfVXl3aU1LLHiDksbHgKibPICHbJyTfKSXbJyTCGB3KHSDiKybFGh7TIiL\/\/\/\/VIyPRISHIHB\/GGx\/HHB\/DGR7gKibdKCXLHiDZJiTMHiDNHyHYJSTOICHPICHWJCPcKCXXJSPjLCblLCf+\/f3NGR\/uLijzLynPGR\/IGB7WISHaIyLLGh7UAADxLynNAADRLzDbICLQAADIAAD3MCrUHSHXMTDpKSbLAADp5OTij4\/ejo\/VLy\/1LyngJSTcJCPQHx\/OHB7+\/PzaMS\/OLS\/vLijrLSjSAADaNTPwLyjkKSbNJCbYISHPHB\/KGB7WAAD7+vrn3d3aKynTKCjoLCfsKifRGh\/YAADq5+fhjo7QNDXXKCfmJyXt5+fTLzDLLi\/QKivYHRvMGBrQJCXLISPMExXLDxLaEAvkkI\/bOTfaFQ\/SCgpvLcnHAAAAmnRSTlMA+vv7+gT9Bvf9+8z8\/NSv\/Pr5+P7++vnQIBMP\/v38\/Pn348XDiCYf9OjbzcqxXVcx\/fz8+\/rj1r2poo1+fXFqX0orGP7+\/v7+\/fz8+\/r68uzn4trIxsG\/vri3p6GcmZSNbWVYUUZEPQv+\/f39+\/v7+\/v7+vr64tvV1NTTz87FtbSurqeblJKFg4B3bUY+NjL7+\/v7+\/v67t1cDo8JLQAABkRJREFUWMO0kz9rwkAYh0OIeJkum6YugUAhISCdKoj\/P4C7SMdS+gEKIhSKil10LSg4mzXkILdlEpxCpwTiWOLX6BujvQaEQuGeHLnL+\/64J+SIcKGYTYWnntpdLjrVdqvZmNdn0+EE40GtpuuWVS6Xx6N7YDSGpWXpeq02wHgynM7q80az1a52HpddtVcpsi1zFARBrdaxbhp9iUReTGmwA4KAAr7vx3EYejnCMI6hQYEgy0LQi4jUN0wL19vqFcUC9\/1dAKmEEFkWRYkh5oBejnxQJiSJPJ\/uKBp0Thszx9Mw8hMRIQjKsptCfuES9zr5WJY6vSFCIvE9fCMUmEM1A1kSXcYGxgVYsvI1IPKTZciSTI0us\/SMGG04gDzELDoFBwdcFJrF88dqgYMTiL6DILWYyfOWE8\/kIz38olCNlC03FK95+imxp6y4oUSvAnBjHHhKNtotSDqJzVFiK8c2SBqhZtsrTtgrLXwAyduxZHNE26eHUt5rtuM4WSmds3G+sUdWYo1L+XyxButoh5eKUHk5lByO3G1LqqCWVnfrv\/lyPtf\/4ps1cndNGIri8J1TJ0lx6dR\/oPjq1nbRwdp2dCk4CtIOLW3pVKRL6WZfS5vF2KkIQhpwSsjiYIgNCs1gEMGqiIq24NQX9NwoXFy8Ufrl3twTcg4fv8T9\/JBEySduj6Mjm4bMzYV7EEOxKjjoNDud7yY3Dy71Hq2oLmqfbNR723edH9PgMrNL2utoQ3VmaIDkiw\/4w51P06hlZsTZvkRrbVuSIs\/zwSOsycgzStQouoAkWQqioRT5XI7n2Z1wfVhoZmcAJLsoqjqpjbWCgpOAJXBwHK8PzWbNvoUZJND5wCnSkLAkZ1legx6vqQzjoiTahKlGUGLAiIIoABOHaNVw4sexZBym6\/HWlH5h3IC7yRbxtipcWxdTOkORKiNQAEkFf66x5S2oeRbroOlLgg0sSYkR0hRGEqJZ0jTPiQKatESdBckpWigxaapEH0lImHdWu9pUFF2XqMNM2Z4kped7IwEJw2qabwtrQqnpw6HyKkgcadKWsmpywwesDyIhYRpdzXddqegtGIJlXbAIUMOLkGxJUjRIkokwjUaX9d\/kK62ps\/tYUqZLIMkLTyBhsMZ3C5Z\/kDxOSCb\/DOs\/\/J0qcWSX\/2ipe56EgTCA4\/cB7NAYOsni4mZM1MUPAISoEwkDi4lhVBQ1cWQyIcwalw4EpqZN68JUSK7XC0kTlkLYii5uXSC8jT5ncCAS7mjCv0uHp\/3lueHEEAeQ\/\/VgmdN71\/2uCSA1Xr6DO6uI6sW56zqT2tp2PhgiRUAajV8CY2fkcz6WGNKMgLAt7tJAhD4YHMTeRxlALE6+43WqjSWi8ITxyJl8WrwWSNESQZZOqhDDntO3hJLsd5RtSpbJqdv3YrDJH3F7jL1R2O2aQkn2MyCyKYz0GPGIvSAMgBCrCEiJyKbBaYGwLW4uPRr0A0M4Ux5kUI7IBh+hMdiCEWNqhMZGyYMsOgNE58UQuEQeUnSWCMYwL54hkxK6IoqucQZbQ3pc3XtL0lky1dL0zZJJDpWJovFqpWj6JEHnyam2eQp5QRVAVHjWparTOaVwUOx99YS2MvgxIGV0bb+qIg2HX2qkFFJB+XZcbLiuRkuxD9GRroKyveLxdh4d7Orx+hb7qc3uVRuEogCOnyIxm4ubUoPgF4jianDrC+SDQDKEfJb0GUKmjCGPYHGJvVC6X4hw1\/sAfQAdfYyephIaspXe36RwOP+Ljvfx9B6B3i+Nk0DGq+oCbLn6JpBa9nWAveAIHwFAwtVcIJXPMPL8kRu5OAYPMaL1WScTxjiZDqB9LTJSWphow\/pTYKRTLjCBhvi9iBidvKcDasGSm0QQkycYuLBqj6QCELPctqChDWpTRMWkngNNpQ1Pfp1KkiT\/Y0DGffXAweUNfLAfaJFKDwhb6I+bkYRbkERoEeu3Fyjg2opMz2daZCS9jt6Q7txNfB+OZEVF6Zl5web2xunnLQrtrjXseXKaFYziYINeMFZVxS9VxRhOoesYwxPKXm+gWLG9cuFeq93UNNeJNsf1KlwuDok9n02n3TgIJpOxNfL9naIoQwXtfH9kjceTIIi709ncTg6LZbg+biLH1V6u\/7rxBem06VXKn9raAAAAAElFTkSuQmCC\")      no-repeat center center \/ contain;  }  @media screen and (max-width: 960px) and (orientation: portrait) {    .logo {      width: 100%;    }    .logo .pc-banner {      display: none;    }    .logo .m-banner {      display: block;      width: 100%;    }    .logo .m-banner img {      height: auto!important;    }    .ytvideo {      height: 200px;      width: 100%;    }  }<\/style> <style>  .video-section {    width: 100%;    margin: 0 auto;  }  .video-section > img {    width: 100%;  }  .video-section iframe,  .video-section video {    width: 100%;    height: 100%;      }  .video-section-img-m,  .video-section-img-pc > img {    width: 100%;    height: auto;  }  .video-section-img-pc.small > img {    width: 970px;  }  .video-desc {    line-height: 1.5;    font-size: 20px;    font-weight: 400;    margin: 20px 0;    text-align: center;    color: #0f1111;    word-break: break-word;  }  @media screen and (max-width: 960px) and (orientation: portrait) {    .video-section {      width: 100%;    }    .video-section-pc,    .video-section-img-pc {      display: none;    }    .video-section-m,    .video-section-img-m {      display: block;    }    .video-desc {      font-size: 15px;    }  }  @media screen and (min-width: 960px) {    .video-section {      width: 100%;      margin: 0 auto;    }    .video-section-pc,    .video-section-img-pc {      display: block;    }    .video-section-m,    .video-section-img-m {      display: none;    }    .video-desc {      font-size: 20px;    }  }<\/style> <style>  .section + .section {    margin-top: 35px;  }  .section-title {    text-align: center;    font-weight: bold;    color: #0d1111;    font-family: \"Arial\";    font-size: 32px;    margin: 15px 0;  }  .section-title:empty {    display: none;  }  .section-desc {    text-align: center;    font-weight: normal;    color: #0d1111;    margin-top: 20px;  }  .section-desc:empty {    display: none;  }  .section-img {    width: 1200px;    height: 492px;    margin: 0 auto;    display: block;  }  .section-img.small {    width: 970px;    height: auto;  }  .section-img.small > img {    height: auto;  }  .section-img > img {    width: 100%;    height: 100%;  }  .section-mobile-img {    display: none;    max-width: 100vw;    max-height: 75vw;    height: 450px;    margin: 0 auto;  }  .section-mobile-img > img {    width: 100%;    height: 100%;  }  @media screen and (max-width: 960px) and (orientation: portrait) {    .container {      width: 100%;    }    .container.small {      width: 100%;    }    .section-mobile-img {      display: block;    }    .section-img {      display: none;    }    .section-title {      font-size: 22px;      margin: 10px 0;    }    .section-desc {      margin-top: 10px;    }    .section + .section {      margin-top: 20px;    }  }<\/style>&nbsp;\r\n<div class=\"container\">\r\n<div class=\"logo\">\r\n<div class=\"pc-banner\">\r\n<div><img decoding=\"async\" style=\"width: 100%;\" src=\"\/vevor\/vevor\/boutique-banner\/pc\/en-pc@1x.jpg\" \/><\/div>\r\n<\/div>\r\n<div class=\"m-banner\">\r\n<div><img decoding=\"async\" style=\"width: 100%;\" src=\"\/vevor\/vevor\/boutique-banner\/mobile\/en-m@1x.jpg\" \/><\/div>\r\n<\/div>\r\n<\/div>\r\n<div class=\"section-title\">T\u00f5hus Riiete Hoiustamine: leida T\u00e4iuslik R\u00f5ivas Rack<\/div>\r\n<div class=\"video-section\">\r\n<div class=\"video-section-img-pc\"><img decoding=\"async\" src=\"\/vevor\/product\/JYKCYJ3848111P4UW\/garment-rack-a100-1.4.jpg\" alt=\"VEVOR riided hammas koos rippuvate r\u00f5ivaste, karbid, ja hoidmine konteinerid, ere, organiseeritud tuba.\" \/><\/div>\r\n<div class=\"video-section-img-m\"><img decoding=\"async\" src=\"\/vevor\/product\/JYKCYJ3848111P4UW\/garment-rack-a100-1.4-m.jpg\" alt=\"VEVOR riided hammas koos rippuvate r\u00f5ivaste, karbid, ja hoidmine konteinerid, ere, organiseeritud tuba.\" \/><\/div>\r\n<div class=\"section-desc\">Oled sa v\u00e4sinud riided kuhjuvad? Avar disain VEVOR riided hammas aitab v\u00e4hendada segadusega oma eluruumidesse. Selle asemel, et j\u00e4tta riided toolid, voodid, v\u00f5i muud pinnad, saab riputada neid korralikult sisse hammas, hoida oma tuba korras ja tasuta inetu segadusega.<\/div>\r\n<\/div>\r\n<div class=\"section\">\r\n<div class=\"section-title\"><\/div>\r\n<div class=\"section-img\"><img decoding=\"async\" src=\"\/vevor\/product\/JYKCYJ3848111P4UW\/garment-rack-a100-2.2.jpg\" alt=\"VEVOR riided hammas koos rippuvad riided, kirjaalused, ja taim k\u00f5rval akna valgusk\u00fcllane tuba.\" \/><\/div>\r\n<div class=\"section-mobile-img\"><img decoding=\"async\" src=\"\/vevor\/product\/JYKCYJ3848111P4UW\/garment-rack-a100-2.2-m.jpg\" alt=\"VEVOR riided hammas koos rippuvad riided, kirjaalused, ja taim k\u00f5rval akna valgusk\u00fcllane tuba.\" \/><\/div>\r\n<div class=\"section-desc\">The clothing garment rack stands out with its impressive capacity, providing you with an expansive storage solution that can effortlessly accommodate a week's worth of clothes for your family.<\/div>\r\n<\/div>\r\n<div class=\"section\">\r\n<div class=\"section-title\"><\/div>\r\n<div class=\"section-img\"><img decoding=\"async\" src=\"\/vevor\/product\/JYKCYJ3848111P4UW\/garment-rack-a100-2.3.jpg\" alt=\"VEVOR riided hammas, mille alumised riiulid, kirjaalused, ja rippuvad riided stiilne tuba seade.\" \/><\/div>\r\n<div class=\"section-mobile-img\"><img decoding=\"async\" src=\"\/vevor\/product\/JYKCYJ3848111P4UW\/garment-rack-a100-2.3-m.jpg\" alt=\"VEVOR riided hammas, mille alumised riiulid, kirjaalused, ja rippuvad riided stiilne tuba seade.\" \/><\/div>\r\n<div class=\"section-desc\">P\u00f5hja riided hammas on v\u00e4ike kinga rack, mis v\u00f5imaldab teil mugavalt poest kingad v\u00f5i ladustamise kastid. See t\u00e4iendav hoiustamine mitte ainult annab teile rohkem ruumi, vaid ka suurendab stabiilsust r\u00f5ivas hammas.<\/div>\r\n<\/div>\r\n<div class=\"section\">\r\n<div class=\"section-title\"><\/div>\r\n<div class=\"section-img\"><img decoding=\"async\" src=\"\/vevor\/product\/JYKCYJ3848111P4UW\/garment-rack-a100-2.4.jpg\" alt=\"VEVOR riided hammas koos rippuvad riided ja ladustamise kastid, kus on vastupidav 1&#034; paks postid.\" \/><\/div>\r\n<div class=\"section-mobile-img\"><img decoding=\"async\" src=\"\/vevor\/product\/JYKCYJ3848111P4UW\/garment-rack-a100-2.4-m.jpg\" alt=\"VEVOR riided hammas koos rippuvad riided ja ladustamise kastid, kus on vastupidav 1&#034; paks postid.\" \/><\/div>\r\n<div class=\"section-desc\">Koos paksenenud 1-tolline (25.5 mm) teras l\u00e4bim\u00f5\u00f5t, raskeveokite r\u00f5ivas hammas sundimatult toetab oma riided kogumine, andes erakordse tugevuse ja stabiilsuse. V\u00f5ite kindel olla, et teie riided on korralikult hoitud ja h\u00e4sti toetatud selle kohta rack.<\/div>\r\n<\/div>\r\n<div class=\"section\">\r\n<div class=\"section-title\"><\/div>\r\n<div class=\"section-img\"><img decoding=\"async\" src=\"\/vevor\/product\/JYKCYJ3848111P4UW\/garment-rack-a100-2.5.jpg\" alt=\"VEVOR riided hammas koos rippuvate r\u00f5ivaste, kirjaalused, stabiilse kaare struktuuri, ja anti-slip padjad.\" \/><\/div>\r\n<div class=\"section-mobile-img\"><img decoding=\"async\" src=\"\/vevor\/product\/JYKCYJ3848111P4UW\/garment-rack-a100-2.5-m.jpg\" alt=\"VEVOR riided hammas koos rippuvate r\u00f5ivaste, kirjaalused, stabiilse kaare struktuuri, ja anti-slip padjad.\" \/><\/div>\r\n<div class=\"section-desc\">U-kujuline alus, r\u00f5iva hammas tagab tugevuse ja stabiilsuse. Lisaks, nelja plastikust anti-slip padjad on paigaldatud jalad stend, mis takistavad selle libisemist ja kaitseb teie p\u00f5randa kriimustuste.<\/div>\r\n<\/div>\r\n<div class=\"section\">\r\n<div class=\"section-img\"><img decoding=\"async\" src=\"\/vevor\/product\/JYKCYJ3848111P4UW\/garment-rack-a100-1.11.jpg\" alt=\"VEVOR riided hammas s\u00fcsiniku teras q235, 39.8 lai, 59.4 k\u00f5rgus, 6.39 lbs kaal.\" \/><\/div>\r\n<div class=\"section-mobile-img\"><img decoding=\"async\" src=\"\/vevor\/product\/JYKCYJ3848111P4UW\/garment-rack-a100-1.11-m.jpg\" alt=\"VEVOR riided hammas s\u00fcsiniku teras q235, 39.8 lai, 59.4 k\u00f5rgus, 6.39 lbs kaal.\" \/><\/div>\r\n<\/div>\r\n<\/div>\r\n&nbsp;\r\n\r\n<\/div>\r\n<div id=\"js-DM_at-title\" class=\"DM_at-title\">\r\n<div>Toote spetsifikatsioon<\/div>\r\n&nbsp;\r\n\r\n<\/div>\r\n<div id=\"js-DM_at-goodsDescAttr\" class=\"DM_at-goodsDescAttr\">\r\n<div class=\"DM_at-goodsDescAttrInner\">\r\n<dl class=\"goodsDesc_item goodsDesc_item_even\">\r\n \t<dt>Punkt Mudeli Number<\/dt>\r\n \t<dd>YD00016<\/dd>\r\n<\/dl>\r\n<dl class=\"goodsDesc_item\">\r\n \t<dt>Peamine Materjal Carbon steel<\/dt>\r\n \t<dd>Q235+Pulberv\u00e4rvimine<\/dd>\r\n<\/dl>\r\n<dl class=\"goodsDesc_item goodsDesc_item_even\">\r\n \t<dt>Terase Paksus<\/dt>\r\n \t<dd>0.6 mm\/0.7 mm<\/dd>\r\n<\/dl>\r\n<dl class=\"goodsDesc_item\">\r\n \t<dt>Toru L\u00e4bim\u00f5\u00f5t<\/dt>\r\n \t<dd>1&#034;\/25.4 mm<\/dd>\r\n<\/dl>\r\n<dl class=\"goodsDesc_item goodsDesc_item_even\">\r\n \t<dt>Toote Kaal<\/dt>\r\n \t<dd>6.39 lbs\/2.9 kg<\/dd>\r\n<\/dl>\r\n<\/div>\r\n<\/div>","protected":false},"excerpt":{"rendered":"<ul>\n<li>Nautige Rohkem Ruumi: mis rippus rod ja t\u00e4iendava alt ladustamise riiul, riided selga hammas pakub rohkelt ladustamise isegi v\u00e4ikestes ruumides. See on ideaalne v\u00e4ljapanek riided, kingad, karbid ja tarvikud.<\/li>\n<li>Tugev ja Vastupidav: Meisterdatud raskeveokite s\u00fcsinikterasest, pulberv\u00e4rvimine ja paksenenud teras l\u00e4bim\u00f5\u00f5t 1 toll (25.5 mm), see raskeveokite riided hammas tagab erakordse tugevuse ja stabiilsuse. See v\u00f5ib vaevata imenud oma riiete kogumise, turvaliselt hoida ja toetada oma r\u00f5ivad.<\/li>\n<li>Stabiilne U-Kujuline Alus: Eesm\u00e4rk on stabiilse U-kujuline alus, riided hammas endiselt kindel ja v\u00e4nderdama-tasuta. Neli plastikust anti-slip klotsid on ka paigaldatud jala libisemist ja kaitsta oma p\u00f5randa kriimustuste.<\/li>\n<li>T\u00e4iuslik Riided Organisatsiooni: Euroopa VEVOR riided hammas annab praktilise lahenduse korraldamiseks ja v\u00e4ljapanek riietus esemed. Ta hoiab oma igap\u00e4eva r\u00f5ivad v\u00f5i hooajalise varustus k\u00e4eulatuses, mis v\u00f5imaldab lihtsat juurdep\u00e4\u00e4su ja t\u00f5hus organisatsioon.<\/li>\n<li>Mitmek\u00fclgne Kasutamine: Meie riided hammas ei ole piiratud, magamistuba v\u00f5i kapp. Seda saab kasutada erinevaid seadeid, nagu pesuruumid, entryways, v\u00f5i isegi kui ajutine riided ladustamine tubades v\u00f5i s\u00fcndmuste ajal. Selline mitmek\u00fclgsus v\u00f5imaldab teil kohandada ja kasutada r\u00f5ivas hammas kus sa seda k\u00f5ige rohkem vajavad.<\/li>\n<\/ul>","protected":false},"featured_media":269433,"comment_status":"closed","ping_status":"closed","template":"","meta":{"om_disable_all_campaigns":false,"_uf_show_specific_survey":0,"_uf_disable_surveys":false},"location":[1935,1934],"product_brand":[21],"product_cat":[3398,3399,2506],"product_tag":[1948],"class_list":{"0":"post-17221","1":"product","2":"type-product","3":"status-publish","4":"has-post-thumbnail","6":"location-supplier_stock_location","7":"location-local_stock_location","8":"product_brand-vevor","9":"product_cat-closet-organizers","10":"product_cat-clothes-racks","11":"product_cat-storage-organization-2","12":"product_tag-local-stock","14":"first","15":"instock","16":"featured","17":"taxable","18":"shipping-taxable","19":"purchasable","20":"product-type-simple"},"aioseo_notices":[],"locations":[{"id":1935,"name":"Pieg\u0101d\u0101t\u0101ja noliktav\u0101 (5-7dd)","slug":"supplier_stock_location","quantity":"120"},{"id":1934,"name":"R\u012bgas veikal\u0101 (0-2d.d.)","slug":"local_stock_location","quantity":"1"}],"_links":{"self":[{"href":"https:\/\/vevorshop.lv\/et\/wp-json\/wp\/v2\/product\/17221","targetHints":{"allow":["GET"]}}],"collection":[{"href":"https:\/\/vevorshop.lv\/et\/wp-json\/wp\/v2\/product"}],"about":[{"href":"https:\/\/vevorshop.lv\/et\/wp-json\/wp\/v2\/types\/product"}],"replies":[{"embeddable":true,"href":"https:\/\/vevorshop.lv\/et\/wp-json\/wp\/v2\/comments?post=17221"}],"wp:featuredmedia":[{"embeddable":true,"href":"https:\/\/vevorshop.lv\/et\/wp-json\/wp\/v2\/media\/269433"}],"wp:attachment":[{"href":"https:\/\/vevorshop.lv\/et\/wp-json\/wp\/v2\/media?parent=17221"}],"wp:term":[{"taxonomy":"location","embeddable":true,"href":"https:\/\/vevorshop.lv\/et\/wp-json\/wp\/v2\/location?post=17221"},{"taxonomy":"product_brand","embeddable":true,"href":"https:\/\/vevorshop.lv\/et\/wp-json\/wp\/v2\/product_brand?post=17221"},{"taxonomy":"product_cat","embeddable":true,"href":"https:\/\/vevorshop.lv\/et\/wp-json\/wp\/v2\/product_cat?post=17221"},{"taxonomy":"product_tag","embeddable":true,"href":"https:\/\/vevorshop.lv\/et\/wp-json\/wp\/v2\/product_tag?post=17221"}],"curies":[{"name":"wp","href":"https:\/\/api.w.org\/{rel}","templated":true}]}}