{"id":17370,"date":"2024-11-18T03:38:40","date_gmt":"2024-11-18T03:38:40","guid":{"rendered":"http:\/\/vevorshop.edigo.lv\/Prece\/vevor-air-jack-3-ton-6600-lbs-triple-bag-air-jack-air-bag-jack-lift-up-to-450-mm-3-5s-fast-lifting-pneumatic-jack-with-side-handles-for-cars-garages-repair-beige\/"},"modified":"2026-04-22T13:55:18","modified_gmt":"2026-04-22T10:55:18","slug":"vevor-air-jack-3-ton-6600-lbs-triple-bag-air-jack-air-bag-jack-lift-up-to-450-mm-3-5s-fast-lifting-pneumatic-jack-with-side-handles-for-cars-garages-repair-beige","status":"publish","type":"product","link":"https:\/\/vevorshop.lv\/et\/Prece\/vevor-ohk-tungraua-3-ton-6600-lbs-kolmekordne-kott-ohk-tungraua-turvapadi-tungraua-toste-kuni-450-mm-3-5-s-kiire-tostmine-pneumaatiline-tungraud-kulgkaepidemetega-autodele-garaazid-remont-beez\/","title":{"rendered":"VEVOR 3 Tonni Kolmekordne \u00d5hukelk, 140\u2013450 mm T\u00f5ste, 5s Kiirt\u00f5ste, K\u00e4epidemetega, Autodele, Valge"},"content":{"rendered":"<div style=\"color: #fff!important; font-size: 16px; height: 24px; line-height: 24px; margin-top: -24px; \" class=\"product_original_name\">VEVOR \u00f5hutukk, 3 tonni\/6600 naela kolmekordse kotiga \u00f5hutukk, turvapadja tungraua t\u00f5ste kuni 450 mm, 3-5 S kiiresti t\u00f5stetav pneumaatiline tungraud, k\u00fclgk\u00e4epidemetega autodele, garaa\u017eidele, remondile (valge)<\/div>\n<div style=\"color: #fff!important; font-size: 16px; height: 24px; line-height: 24px; margin-top: -24px; \" class=\"product_sku\">M4I4KJ51<\/div>\n<div style=\"color: #fff!important; font-size: 16px; height: 24px; line-height: 24px; margin-top: -24px; \" class=\"product_mpn\">QNQJDSTSFX3T6NR3WV0<\/div><div id=\"js-DM_at-goodDescRich\"><html><head><style>  body {    font-family: Arial;    line-height: 1.5;    color: #1c1c1c;    overflow-x: hidden;    margin: 0;    padding: 0;  }  .MsoNormal b {    font-weight: bolder;  }<\/style><style>  .container.small {    width: 970px;    margin: 0 auto;  }  .logo {    margin: 0 auto 0;  }  .logo img {    display: block;    margin: 0 auto;    max-width: 100%;  }  .logo .pc-banner {    display: block;    width: 1200px;    height: 247.4px;    margin: 0 auto;  }  .logo .pc-banner.small {    width: 970px;  }  .logo .pc-banner.small img {    height: auto!important;  }  .logo .m-banner {    display: none;  }  .ytvideo {    position: relative;    height: 546px;    width: 100%;    margin: 0 auto;  }  .ytvideo img {    width: 100%;    margin: 0 auto;  }  .ytvideo .play-btn {    width: 60px;    height: 42px;    position: absolute;    top: 50%;    left: 50%;    transform: translate(-50%, -50%);    background: url(\"data:image\/png;base64,iVBORw0KGgoAAAANSUhEUgAAAGQAAABGCAMAAAANWMFbAAAC+lBMVEUAAADBGB3kLCfBGB3kLCfcJC7BFx3KKSbiKybkLCbWJCPSIiLSIiLPICHAFx3kLCfgKSXNHiDZJiTIGx\/p4eHcjo7LHSDbJyTkLCbjKyfOHyHPIiL28fHJHB\/GGh7EGR7eKCXDGB3RISHlLSbBGB3AFxzGHB7DGB7BGB3hKybkKybAFx3lLCfAFxzDGR3hKibDGB7cJyTmz8\/elJTlwcHjurrUIyLlLSflLSfAFx3DGR7lLSfCFx3hKibhKibhKybjKybkLCblLSfbJSX49vbx7e3NNzjNMTLMJyjVIyLZf3\/ZQ0LaeHjx0tLgoqLkLCfCGB3HGx\/BGB3BFx3PICHCGB7WJCLOHyC\/Fxy\/Fx3lLCfQISHkLSe\/FxzbJiTBFx3FGx\/AGB7BFx3EGR7AGB3HHSDfKiXAFh3TISHYNzbhKibbJyTTIiL57e325+f039\/v2NjUV1fOHiHiqanfmprch4feKSXVIyPOICHmLibFGh\/mLSe\/Fx7XJCPeKSXXJSPNHyHaJyTGGh7lLCbmLCflLSjSIiLkLCbdKSXLHiC\/GB3KHh++Fh3lKyfoLiXcKCPkx8fYb2\/XaGfVXl3aU1LLHiDksbHgKibPICHbJyTfKSXbJyTCGB3KHSDiKybFGh7TIiL\/\/\/\/VIyPRISHIHB\/GGx\/HHB\/DGR7gKibdKCXLHiDZJiTMHiDNHyHYJSTOICHPICHWJCPcKCXXJSPjLCblLCf+\/f3NGR\/uLijzLynPGR\/IGB7WISHaIyLLGh7UAADxLynNAADRLzDbICLQAADIAAD3MCrUHSHXMTDpKSbLAADp5OTij4\/ejo\/VLy\/1LyngJSTcJCPQHx\/OHB7+\/PzaMS\/OLS\/vLijrLSjSAADaNTPwLyjkKSbNJCbYISHPHB\/KGB7WAAD7+vrn3d3aKynTKCjoLCfsKifRGh\/YAADq5+fhjo7QNDXXKCfmJyXt5+fTLzDLLi\/QKivYHRvMGBrQJCXLISPMExXLDxLaEAvkkI\/bOTfaFQ\/SCgpvLcnHAAAAmnRSTlMA+vv7+gT9Bvf9+8z8\/NSv\/Pr5+P7++vnQIBMP\/v38\/Pn348XDiCYf9OjbzcqxXVcx\/fz8+\/rj1r2poo1+fXFqX0orGP7+\/v7+\/fz8+\/r68uzn4trIxsG\/vri3p6GcmZSNbWVYUUZEPQv+\/f39+\/v7+\/v7+vr64tvV1NTTz87FtbSurqeblJKFg4B3bUY+NjL7+\/v7+\/v67t1cDo8JLQAABkRJREFUWMO0kz9rwkAYh0OIeJkum6YugUAhISCdKoj\/P4C7SMdS+gEKIhSKil10LSg4mzXkILdlEpxCpwTiWOLX6BujvQaEQuGeHLnL+\/64J+SIcKGYTYWnntpdLjrVdqvZmNdn0+EE40GtpuuWVS6Xx6N7YDSGpWXpeq02wHgynM7q80az1a52HpddtVcpsi1zFARBrdaxbhp9iUReTGmwA4KAAr7vx3EYejnCMI6hQYEgy0LQi4jUN0wL19vqFcUC9\/1dAKmEEFkWRYkh5oBejnxQJiSJPJ\/uKBp0Thszx9Mw8hMRIQjKsptCfuES9zr5WJY6vSFCIvE9fCMUmEM1A1kSXcYGxgVYsvI1IPKTZciSTI0us\/SMGG04gDzELDoFBwdcFJrF88dqgYMTiL6DILWYyfOWE8\/kIz38olCNlC03FK95+imxp6y4oUSvAnBjHHhKNtotSDqJzVFiK8c2SBqhZtsrTtgrLXwAyduxZHNE26eHUt5rtuM4WSmds3G+sUdWYo1L+XyxButoh5eKUHk5lByO3G1LqqCWVnfrv\/lyPtf\/4ps1cndNGIri8J1TJ0lx6dR\/oPjq1nbRwdp2dCk4CtIOLW3pVKRL6WZfS5vF2KkIQhpwSsjiYIgNCs1gEMGqiIq24NQX9NwoXFy8Ufrl3twTcg4fv8T9\/JBEySduj6Mjm4bMzYV7EEOxKjjoNDud7yY3Dy71Hq2oLmqfbNR723edH9PgMrNL2utoQ3VmaIDkiw\/4w51P06hlZsTZvkRrbVuSIs\/zwSOsycgzStQouoAkWQqioRT5XI7n2Z1wfVhoZmcAJLsoqjqpjbWCgpOAJXBwHK8PzWbNvoUZJND5wCnSkLAkZ1legx6vqQzjoiTahKlGUGLAiIIoABOHaNVw4sexZBym6\/HWlH5h3IC7yRbxtipcWxdTOkORKiNQAEkFf66x5S2oeRbroOlLgg0sSYkR0hRGEqJZ0jTPiQKatESdBckpWigxaapEH0lImHdWu9pUFF2XqMNM2Z4kped7IwEJw2qabwtrQqnpw6HyKkgcadKWsmpywwesDyIhYRpdzXddqegtGIJlXbAIUMOLkGxJUjRIkokwjUaX9d\/kK62ps\/tYUqZLIMkLTyBhsMZ3C5Z\/kDxOSCb\/DOs\/\/J0qcWSX\/2ipe56EgTCA4\/cB7NAYOsni4mZM1MUPAISoEwkDi4lhVBQ1cWQyIcwalw4EpqZN68JUSK7XC0kTlkLYii5uXSC8jT5ncCAS7mjCv0uHp\/3lueHEEAeQ\/\/VgmdN71\/2uCSA1Xr6DO6uI6sW56zqT2tp2PhgiRUAajV8CY2fkcz6WGNKMgLAt7tJAhD4YHMTeRxlALE6+43WqjSWi8ITxyJl8WrwWSNESQZZOqhDDntO3hJLsd5RtSpbJqdv3YrDJH3F7jL1R2O2aQkn2MyCyKYz0GPGIvSAMgBCrCEiJyKbBaYGwLW4uPRr0A0M4Ux5kUI7IBh+hMdiCEWNqhMZGyYMsOgNE58UQuEQeUnSWCMYwL54hkxK6IoqucQZbQ3pc3XtL0lky1dL0zZJJDpWJovFqpWj6JEHnyam2eQp5QRVAVHjWparTOaVwUOx99YS2MvgxIGV0bb+qIg2HX2qkFFJB+XZcbLiuRkuxD9GRroKyveLxdh4d7Orx+hb7qc3uVRuEogCOnyIxm4ubUoPgF4jianDrC+SDQDKEfJb0GUKmjCGPYHGJvVC6X4hw1\/sAfQAdfYyephIaspXe36RwOP+Ljvfx9B6B3i+Nk0DGq+oCbLn6JpBa9nWAveAIHwFAwtVcIJXPMPL8kRu5OAYPMaL1WScTxjiZDqB9LTJSWphow\/pTYKRTLjCBhvi9iBidvKcDasGSm0QQkycYuLBqj6QCELPctqChDWpTRMWkngNNpQ1Pfp1KkiT\/Y0DGffXAweUNfLAfaJFKDwhb6I+bkYRbkERoEeu3Fyjg2opMz2daZCS9jt6Q7txNfB+OZEVF6Zl5web2xunnLQrtrjXseXKaFYziYINeMFZVxS9VxRhOoesYwxPKXm+gWLG9cuFeq93UNNeJNsf1KlwuDok9n02n3TgIJpOxNfL9naIoQwXtfH9kjceTIIi709ncTg6LZbg+biLH1V6u\/7rxBem06VXKn9raAAAAAElFTkSuQmCC\")      no-repeat center center \/ contain;  }  @media screen and (max-width: 960px) and (orientation: portrait) {    .logo {      width: 100%;    }    .logo .pc-banner {      display: none;    }    .logo .m-banner {      display: block;      width: 100%;    }    .logo .m-banner img {      height: auto!important;    }    .ytvideo {      height: 200px;      width: 100%;    }  }<\/style><style>  .video-section {    width: 100%;    margin: 0 auto;  }  .video-section > img {    width: 100%;  }  .video-section iframe,  .video-section video {    width: 100%;    height: 100%;      }  .video-section-img-m,  .video-section-img-pc > img {    width: 100%;    height: auto;  }  .video-section-img-pc.small > img {    width: 970px;  }  .video-desc {    line-height: 1.5;    font-size: 20px;    font-weight: 400;    margin: 20px 0;    text-align: center;    color: #0f1111;    word-break: break-word;  }  @media screen and (max-width: 960px) and (orientation: portrait) {    .video-section {      width: 100%;    }    .video-section-pc,    .video-section-img-pc {      display: none;    }    .video-section-m,    .video-section-img-m {      display: block;    }    .video-desc {      font-size: 15px;    }  }  @media screen and (min-width: 960px) {    .video-section {      width: 100%;      margin: 0 auto;    }    .video-section-pc,    .video-section-img-pc {      display: block;    }    .video-section-m,    .video-section-img-m {      display: none;    }    .video-desc {      font-size: 20px;    }  }<\/style><style>  .section + .section {    margin-top: 35px;  }  .section-title {    text-align: center;    font-weight: bold;    color: #0d1111;    font-family: \"Arial\";    font-size: 32px;    margin: 15px 0;  }  .section-title:empty {    display: none;  }  .section-desc {    text-align: center;    font-weight: normal;    color: #0d1111;    margin-top: 20px;  }  .section-desc:empty {    display: none;  }  .section-img {    width: 1200px;    height: 492px;    margin: 0 auto;    display: block;  }  .section-img.small {    width: 970px;    height: auto;  }  .section-img.small > img {    height: auto;  }  .section-img > img {    width: 100%;    height: 100%;  }  .section-mobile-img {    display: none;    max-width: 100vw;    max-height: 75vw;    height: 450px;    margin: 0 auto;  }  .section-mobile-img > img {    width: 100%;    height: 100%;  }  @media screen and (max-width: 960px) and (orientation: portrait) {    .container {      width: 100%;    }    .container.small {      width: 100%;    }    .section-mobile-img {      display: block;    }    .section-img {      display: none;    }    .section-title {      font-size: 22px;      margin: 10px 0;    }    .section-desc {      margin-top: 10px;    }    .section + .section {      margin-top: 20px;    }  }<\/style><\/head><body><div class=\"container\"><div class=\"logo\"><div class=\"pc-banner\"><div><img decoding=\"async\" src=\"\/vevor\/vevor\/boutique-banner\/pc\/en-pc@1x.jpg\" style=\"width: 100%;\" \/><\/div><\/div><div class=\"m-banner\"><div><img decoding=\"async\" src=\"\/vevor\/vevor\/boutique-banner\/mobile\/en-m@1x.jpg\" style=\"width: 100%;\" \/><\/div><\/div><\/div><div class=\"section-title\">VEVOR turvapadja Pistik sujuv ning t\u00f5hus s\u00f5iduk tugi<\/div><div class=\"video-section\"><div class=\"video-section-img-pc\"><img decoding=\"async\" src=\"\/vevor\/product\/QNQJDSTSFX3T6NR3W\/air-jack-a100-1.4.jpg\" \/><\/div><div class=\"video-section-img-m\"><img decoding=\"async\" src=\"\/vevor\/product\/QNQJDSTSFX3T6NR3W\/air-jack-a100-1.4-m.jpg\" \/><\/div><div class=\"section-desc\">Tema muljetavaldav 3-tonnise mahutavusega, seda jack saab hakkama mitmesuguste kodumasinate ja kaubanduslike mudelid, pere autod, Maasturid. Tema mitmek\u00fclgne t\u00f5stmise ulatus 5,5-17.7 tolli kohandub erinevate s\u00f5idukite k\u00f5rgused, mist\u00f5ttu remondi-ja hooldust\u00f6\u00f6d imelihtne.<\/div><\/div><div class=\"section\"><div class=\"section-title\"><\/div><div class=\"section-img\"><img decoding=\"async\" src=\"\/vevor\/product\/QNQJDSTSFX3T6NR3W\/air-jack-a100-2.2.jpg\" \/><\/div><div class=\"section-mobile-img\"><img decoding=\"async\" src=\"\/vevor\/product\/QNQJDSTSFX3T6NR3W\/air-jack-a100-2.2-m.jpg\" \/><\/div><div class=\"section-desc\">Meie turvapadja pistik omadused helde t\u00f5ste k\u00f5rgus vahemikus 5,5-17.7 tolli. See lai valik tagab see, et saab rahulikult kohaneda hooldus peab s\u00f5idukitel, erinevad k\u00f5rgused. Kogemus mugavuse kergesti juurdep\u00e4\u00e4su mis tahes s\u00f5iduki remondi-ja hooldust\u00f6\u00f6d.<\/div><\/div><div class=\"section\"><div class=\"section-title\"><\/div><div class=\"section-img\"><img decoding=\"async\" src=\"\/vevor\/product\/QNQJDSTSFX3T6NR3W\/air-jack-a100-2.3.jpg\" \/><\/div><div class=\"section-mobile-img\"><img decoding=\"async\" src=\"\/vevor\/product\/QNQJDSTSFX3T6NR3W\/air-jack-a100-2.3-m.jpg\" \/><\/div><div class=\"section-desc\">Meie 3 kotiga \u00f5hkpistik on varustatud sisemiselt optimeeritud t\u00f5steosadega, asendades traditsioonilised 5 terastoru 6 terastoruga. See teaduslik disain suurendab stabiilsust ja tagab sujuva t\u00f5stekogemuse. Isegi raskete s\u00f5idukitega tegelemisel v\u00f5ite usaldada, et meie tungraud ei j\u00e4\u00e4 kinni.<\/div><\/div><div class=\"section\"><div class=\"section-title\"><\/div><div class=\"section-img\"><img decoding=\"async\" src=\"\/vevor\/product\/QNQJDSTSFX3T6NR3W\/air-jack-a100-2.4.jpg\" \/><\/div><div class=\"section-mobile-img\"><img decoding=\"async\" src=\"\/vevor\/product\/QNQJDSTSFX3T6NR3W\/air-jack-a100-2.4-m.jpg\" \/><\/div><div class=\"section-desc\">K\u00fclgmiste k\u00e4epidemete disain muudab pneumaatilise \u00f5hupistiku t\u00f5stmise vaevatuks. See on kompaktne ja kaasaskantav, m\u00f5\u00f5tes vaid 5,5 tolli k\u00f5rgust, mist\u00f5ttu on seda lihtne oma garaa\u017eis v\u00f5i remondit\u00f6\u00f6kojas hoida. See \u00f5hupistik sobib suurep\u00e4raselt s\u00f5idukite asendamiseks, parandamiseks ja hooldamiseks.<\/div><\/div><div class=\"section\"><div class=\"section-title\"><\/div><div class=\"section-img\"><img decoding=\"async\" src=\"\/vevor\/product\/QNQJDSTSFX3T6NR3W\/air-jack-a100-2.5.jpg\" \/><\/div><div class=\"section-mobile-img\"><img decoding=\"async\" src=\"\/vevor\/product\/QNQJDSTSFX3T6NR3W\/air-jack-a100-2.5-m.jpg\" \/><\/div><div class=\"section-desc\">\u00dchendage see \u00f5hukompressor, avage ja sulgege ventiil ja tunnistaja maagia. Jooksul k\u00f5igest 5 sekundi jooksul, siis oma s\u00f5iduki t\u00f5stetakse soovitud k\u00f5rguseni. V\u00f5rreldes traditsiooniliste mehaaniliste tungrauad, meie turvapadja jack k\u00f5rvaldab korduvad ja t\u00f6\u00f6mahukas toiminguid, mis s\u00e4\u00e4stab teie aega ja vaeva.<\/div><\/div><div class=\"section\"><div class=\"section-img\"><img decoding=\"async\" src=\"\/vevor\/product\/QNQJDSTSFX3T6NR3W\/air-jack-a100-1.11.jpg\" \/><\/div><div class=\"section-mobile-img\"><img decoding=\"async\" src=\"\/vevor\/product\/QNQJDSTSFX3T6NR3W\/air-jack-a100-1.11-m.jpg\" \/><\/div><\/div><\/div><\/body><\/html><\/div>\n<div class=\"DM_at-title\" id=\"js-DM_at-title\"> <div>Toote spetsifikatsioon<\/div> <i class=\"icon-arrowup_line\"><\/i> <\/div><div class=\"DM_at-goodsDescAttr\" id=\"js-DM_at-goodsDescAttr\"> <div class=\"DM_at-goodsDescAttrInner\"> <dl class=\"goodsDesc_item goodsDesc_item_even\"> <dt>Punkt Mudeli Number<\/dt> <dd> ZG-H<\/dd> <\/dl> <dl class=\"goodsDesc_item\"> <dt>Neto Kaal<\/dt> <dd> Korterelamutes, 34,4 lbs\/15.6 kg<\/dd> <\/dl> <dl class=\"goodsDesc_item goodsDesc_item_even\"> <dt>Toote Suurus<\/dt> <dd> 12.8 x 12.8 x 17.7 tolline\/325 x 325 x 450 mm<\/dd> <\/dl> <dl class=\"goodsDesc_item\"> <dt>T\u00f5ste K\u00f5rgus ilma koormuseta<\/dt> <dd> 5.5-17.7 tolli\/140 mm-450 mm<\/dd> <\/dl> <dl class=\"goodsDesc_item goodsDesc_item_even\"> <dt>T\u00f6\u00f6r\u00f5hk<\/dt> <dd> 0.8-1.0 Mpa<\/dd> <\/dl> <dl class=\"goodsDesc_item\"> <dt>T\u00f6\u00f6temperatuur<\/dt> <dd> -76-122\u2109\/-60\u2103-50\u2103<\/dd> <\/dl> <dl class=\"goodsDesc_item goodsDesc_item_even\"> <dt>Normaalse R\u00f5hu Vahemik<\/dt> <dd> 8 kg\/cm2<\/dd> <\/dl> <\/div> <\/div>","protected":false},"excerpt":{"rendered":"<ul>\n<li> 6600 lbs Kandev\u00f5ime: muljetavaldav 3 Tonni\/6600 naela, suur kandev\u00f5ime, meie turvapadja pistik on loodud, et toetada erinevaid majapidamis-ja \u00e4rimudel. Pere autod ja pickup mikro-autod ja Maasturid, see jack on saanud teie h\u00f5lmatud. <\/li>\n<li> Mitmek\u00fclgne T\u00f5ste-Vahemik: Kogemus vabadust t\u00f6\u00f6tada s\u00f5idukite erinevatel k\u00f5rgustel. Meie air bag, lift, jack uhke t\u00f5ste k\u00f5rgus vahemikus 5,5-17.7 tolli (140 mm-450 mm), tagades selle kohandub ideaalselt sinu hooldust. Nautida kiusame tasuta remondi-ja hooldust\u00f6\u00f6d seda mugav funktsioon. <\/li>\n<li> Sujuv ja Usaldusv\u00e4\u00e4rne Toimimine: h\u00fcvasti masendav, keedised! Meie kolmene kotti jack kasutab kuue terasest torud, mis on strateegiliselt optimeeritud k\u00f5rgus ja struktuuri. See teadus disain suurendamise tagab erakordse stabiilsuse, isegi siis, kui t\u00f5ste-ja raskeveokeid. Kogemus \u00f5mblusteta t\u00f5ste-ilma t\u00fc\u00fctu tagasil\u00f6\u00f6ke. <\/li>\n<li> V\u00e4lk-Kiire T\u00f5stmise: S\u00e4\u00e4sta aega ja vaeva meie kiire t\u00f5stmise s\u00fcsteem. Lihtsalt \u00fchendad \u00f5hukompressor ja tegutsevad ventiil, meie pneumaatilised \u00f5hu jack v\u00f5ib kaotada jooksul k\u00f5igest 5 sekundit. V\u00f5rreldes traditsiooniliste mehaaniliste tungrauad, et see t\u00f5hus protsess eemaldab korduvad ja t\u00f6\u00f6mahukas k\u00e4sitsi t\u00f6\u00f6d. Selle kompaktne disain, v\u00f5tab minimaalselt ruumi, ja ergonoomiliselt kujundatud k\u00e4epide teeb lihtsaks teha. <\/li>\n<li> Ehitatud, et Kesta: Oleme v\u00f5tnud vastupidavus j\u00e4rgmisele tasemele! Meie \u00f5hu jack funktsioone top uuendada paksuv\u00f5itu, mittelibiseva kummist padi, mis tagab suurema kontaktpinna jaoks on \u00fchtlasem j\u00f5u jaotamisega. Lisaks kolme-kihi paksusest turvapadi ja anti-rooste elektrostaatilise pihustamise protsessi aluseks tagab pikaealisuse. Sellel tugev ja vastupidav jack pikaajalise, usaldusv\u00e4\u00e4rseid tulemuslikkuse. <\/li>\n<\/ul>","protected":false},"featured_media":269649,"comment_status":"closed","ping_status":"open","template":"","meta":{"om_disable_all_campaigns":false,"_uf_show_specific_survey":0,"_uf_disable_surveys":false},"location":[1935,1934],"product_brand":[21],"product_cat":[2924,133,2580,2462],"product_tag":[],"class_list":{"0":"post-17370","1":"product","2":"type-product","3":"status-publish","4":"has-post-thumbnail","6":"location-supplier_stock_location","7":"location-local_stock_location","8":"product_brand-vevor","9":"product_cat-air-jacks","10":"product_cat-automotive","11":"product_cat-car-jacks","12":"product_cat-shop-equipment","14":"first","15":"instock","16":"featured","17":"taxable","18":"shipping-taxable","19":"purchasable","20":"product-type-simple"},"aioseo_notices":[],"locations":[{"id":1935,"name":"Pieg\u0101d\u0101t\u0101ja noliktav\u0101 (5-7dd)","slug":"supplier_stock_location","quantity":"998"},{"id":1934,"name":"R\u012bgas veikal\u0101 (0-2d.d.)","slug":"local_stock_location","quantity":"0"}],"_links":{"self":[{"href":"https:\/\/vevorshop.lv\/et\/wp-json\/wp\/v2\/product\/17370","targetHints":{"allow":["GET"]}}],"collection":[{"href":"https:\/\/vevorshop.lv\/et\/wp-json\/wp\/v2\/product"}],"about":[{"href":"https:\/\/vevorshop.lv\/et\/wp-json\/wp\/v2\/types\/product"}],"replies":[{"embeddable":true,"href":"https:\/\/vevorshop.lv\/et\/wp-json\/wp\/v2\/comments?post=17370"}],"wp:featuredmedia":[{"embeddable":true,"href":"https:\/\/vevorshop.lv\/et\/wp-json\/wp\/v2\/media\/269649"}],"wp:attachment":[{"href":"https:\/\/vevorshop.lv\/et\/wp-json\/wp\/v2\/media?parent=17370"}],"wp:term":[{"taxonomy":"location","embeddable":true,"href":"https:\/\/vevorshop.lv\/et\/wp-json\/wp\/v2\/location?post=17370"},{"taxonomy":"product_brand","embeddable":true,"href":"https:\/\/vevorshop.lv\/et\/wp-json\/wp\/v2\/product_brand?post=17370"},{"taxonomy":"product_cat","embeddable":true,"href":"https:\/\/vevorshop.lv\/et\/wp-json\/wp\/v2\/product_cat?post=17370"},{"taxonomy":"product_tag","embeddable":true,"href":"https:\/\/vevorshop.lv\/et\/wp-json\/wp\/v2\/product_tag?post=17370"}],"curies":[{"name":"wp","href":"https:\/\/api.w.org\/{rel}","templated":true}]}}