{"id":178143,"date":"2025-07-08T08:08:38","date_gmt":"2025-07-08T08:08:38","guid":{"rendered":"https:\/\/vevorshop.lv\/en_us\/Prece\/vevor-2-pack-61-cm-cast-iron-f-bar-clamps-for-woodworking-272-kg-load-capacity-adjustable-sliding-jaw\/"},"modified":"2026-05-05T00:30:54","modified_gmt":"2026-05-04T21:30:54","slug":"vevor-2-pack-61-cm-cast-iron-f-bar-clamps-for-woodworking-272-kg-load-capacity-adjustable-sliding-jaw","status":"publish","type":"product","link":"https:\/\/vevorshop.lv\/et\/Prece\/vevor-2-pack-61-cm-cast-iron-f-bar-clamps-for-woodworking-272-kg-load-capacity-adjustable-sliding-jaw\/","title":{"rendered":"VEVOR 2 tk 61 cm puidut\u00f6\u00f6 klambrid, F-klamber 272 kg koormusega, 63,5 mm s\u00fcgavus, malm ja s\u00fcsinikteras"},"content":{"rendered":"<div style=\"color: #fff!important; font-size: 16px; height: 24px; line-height: 24px; margin-top: -24px; \" class=\"product_original_name\">VEVOR Bar Clamps for Woodworking, 2-Pack 61 cm Opening, Lockable F-Clamp with 272 kg Load Limit, 63.5 mm Depth, Cast Iron and Carbon Steel, Easy to Use, Wood Clamps for Woodworking Metal Working<\/div>\n<div style=\"color: #fff!important; font-size: 16px; height: 24px; line-height: 24px; margin-top: -24px; \" class=\"product_sku\">MCU82CYL<\/div>\n<div style=\"color: #fff!important; font-size: 16px; height: 24px; line-height: 24px; margin-top: -24px; \" class=\"product_mpn\">FJ24INCH2GZTLIK3X001V0<\/div><div id=\"js-DM_at-goodDescRich\"><html><head><style>  body {    font-family: Arial;    line-height: 1.5;    color: #1c1c1c;    overflow-x: hidden;    margin: 0;    padding: 0;  }  .MsoNormal b {    font-weight: bolder;  }<\/style><style>  .container.small {    width: 970px;    margin: 0 auto;  }  .logo {    margin: 0 auto 0;  }  .logo img {    display: block;    margin: 0 auto;    max-width: 100%;  }  .logo .pc-banner {    display: block;    width: 1200px;    height: 247.4px;    margin: 0 auto;  }  .logo .pc-banner.small {    width: 970px;  }  .logo .pc-banner.small img {    height: auto!important;  }  .logo .m-banner {    display: none;  }  .ytvideo {    position: relative;    height: 546px;    width: 100%;    margin: 0 auto;  }  .ytvideo img {    width: 100%;    margin: 0 auto;  }  .ytvideo .play-btn {    width: 60px;    height: 42px;    position: absolute;    top: 50%;    left: 50%;    transform: translate(-50%, -50%);    background: url(\"data:image\/png;base64,iVBORw0KGgoAAAANSUhEUgAAAGQAAABGCAMAAAANWMFbAAAC+lBMVEUAAADBGB3kLCfBGB3kLCfcJC7BFx3KKSbiKybkLCbWJCPSIiLSIiLPICHAFx3kLCfgKSXNHiDZJiTIGx\/p4eHcjo7LHSDbJyTkLCbjKyfOHyHPIiL28fHJHB\/GGh7EGR7eKCXDGB3RISHlLSbBGB3AFxzGHB7DGB7BGB3hKybkKybAFx3lLCfAFxzDGR3hKibDGB7cJyTmz8\/elJTlwcHjurrUIyLlLSflLSfAFx3DGR7lLSfCFx3hKibhKibhKybjKybkLCblLSfbJSX49vbx7e3NNzjNMTLMJyjVIyLZf3\/ZQ0LaeHjx0tLgoqLkLCfCGB3HGx\/BGB3BFx3PICHCGB7WJCLOHyC\/Fxy\/Fx3lLCfQISHkLSe\/FxzbJiTBFx3FGx\/AGB7BFx3EGR7AGB3HHSDfKiXAFh3TISHYNzbhKibbJyTTIiL57e325+f039\/v2NjUV1fOHiHiqanfmprch4feKSXVIyPOICHmLibFGh\/mLSe\/Fx7XJCPeKSXXJSPNHyHaJyTGGh7lLCbmLCflLSjSIiLkLCbdKSXLHiC\/GB3KHh++Fh3lKyfoLiXcKCPkx8fYb2\/XaGfVXl3aU1LLHiDksbHgKibPICHbJyTfKSXbJyTCGB3KHSDiKybFGh7TIiL\/\/\/\/VIyPRISHIHB\/GGx\/HHB\/DGR7gKibdKCXLHiDZJiTMHiDNHyHYJSTOICHPICHWJCPcKCXXJSPjLCblLCf+\/f3NGR\/uLijzLynPGR\/IGB7WISHaIyLLGh7UAADxLynNAADRLzDbICLQAADIAAD3MCrUHSHXMTDpKSbLAADp5OTij4\/ejo\/VLy\/1LyngJSTcJCPQHx\/OHB7+\/PzaMS\/OLS\/vLijrLSjSAADaNTPwLyjkKSbNJCbYISHPHB\/KGB7WAAD7+vrn3d3aKynTKCjoLCfsKifRGh\/YAADq5+fhjo7QNDXXKCfmJyXt5+fTLzDLLi\/QKivYHRvMGBrQJCXLISPMExXLDxLaEAvkkI\/bOTfaFQ\/SCgpvLcnHAAAAmnRSTlMA+vv7+gT9Bvf9+8z8\/NSv\/Pr5+P7++vnQIBMP\/v38\/Pn348XDiCYf9OjbzcqxXVcx\/fz8+\/rj1r2poo1+fXFqX0orGP7+\/v7+\/fz8+\/r68uzn4trIxsG\/vri3p6GcmZSNbWVYUUZEPQv+\/f39+\/v7+\/v7+vr64tvV1NTTz87FtbSurqeblJKFg4B3bUY+NjL7+\/v7+\/v67t1cDo8JLQAABkRJREFUWMO0kz9rwkAYh0OIeJkum6YugUAhISCdKoj\/P4C7SMdS+gEKIhSKil10LSg4mzXkILdlEpxCpwTiWOLX6BujvQaEQuGeHLnL+\/64J+SIcKGYTYWnntpdLjrVdqvZmNdn0+EE40GtpuuWVS6Xx6N7YDSGpWXpeq02wHgynM7q80az1a52HpddtVcpsi1zFARBrdaxbhp9iUReTGmwA4KAAr7vx3EYejnCMI6hQYEgy0LQi4jUN0wL19vqFcUC9\/1dAKmEEFkWRYkh5oBejnxQJiSJPJ\/uKBp0Thszx9Mw8hMRIQjKsptCfuES9zr5WJY6vSFCIvE9fCMUmEM1A1kSXcYGxgVYsvI1IPKTZciSTI0us\/SMGG04gDzELDoFBwdcFJrF88dqgYMTiL6DILWYyfOWE8\/kIz38olCNlC03FK95+imxp6y4oUSvAnBjHHhKNtotSDqJzVFiK8c2SBqhZtsrTtgrLXwAyduxZHNE26eHUt5rtuM4WSmds3G+sUdWYo1L+XyxButoh5eKUHk5lByO3G1LqqCWVnfrv\/lyPtf\/4ps1cndNGIri8J1TJ0lx6dR\/oPjq1nbRwdp2dCk4CtIOLW3pVKRL6WZfS5vF2KkIQhpwSsjiYIgNCs1gEMGqiIq24NQX9NwoXFy8Ufrl3twTcg4fv8T9\/JBEySduj6Mjm4bMzYV7EEOxKjjoNDud7yY3Dy71Hq2oLmqfbNR723edH9PgMrNL2utoQ3VmaIDkiw\/4w51P06hlZsTZvkRrbVuSIs\/zwSOsycgzStQouoAkWQqioRT5XI7n2Z1wfVhoZmcAJLsoqjqpjbWCgpOAJXBwHK8PzWbNvoUZJND5wCnSkLAkZ1legx6vqQzjoiTahKlGUGLAiIIoABOHaNVw4sexZBym6\/HWlH5h3IC7yRbxtipcWxdTOkORKiNQAEkFf66x5S2oeRbroOlLgg0sSYkR0hRGEqJZ0jTPiQKatESdBckpWigxaapEH0lImHdWu9pUFF2XqMNM2Z4kped7IwEJw2qabwtrQqnpw6HyKkgcadKWsmpywwesDyIhYRpdzXddqegtGIJlXbAIUMOLkGxJUjRIkokwjUaX9d\/kK62ps\/tYUqZLIMkLTyBhsMZ3C5Z\/kDxOSCb\/DOs\/\/J0qcWSX\/2ipe56EgTCA4\/cB7NAYOsni4mZM1MUPAISoEwkDi4lhVBQ1cWQyIcwalw4EpqZN68JUSK7XC0kTlkLYii5uXSC8jT5ncCAS7mjCv0uHp\/3lueHEEAeQ\/\/VgmdN71\/2uCSA1Xr6DO6uI6sW56zqT2tp2PhgiRUAajV8CY2fkcz6WGNKMgLAt7tJAhD4YHMTeRxlALE6+43WqjSWi8ITxyJl8WrwWSNESQZZOqhDDntO3hJLsd5RtSpbJqdv3YrDJH3F7jL1R2O2aQkn2MyCyKYz0GPGIvSAMgBCrCEiJyKbBaYGwLW4uPRr0A0M4Ux5kUI7IBh+hMdiCEWNqhMZGyYMsOgNE58UQuEQeUnSWCMYwL54hkxK6IoqucQZbQ3pc3XtL0lky1dL0zZJJDpWJovFqpWj6JEHnyam2eQp5QRVAVHjWparTOaVwUOx99YS2MvgxIGV0bb+qIg2HX2qkFFJB+XZcbLiuRkuxD9GRroKyveLxdh4d7Orx+hb7qc3uVRuEogCOnyIxm4ubUoPgF4jianDrC+SDQDKEfJb0GUKmjCGPYHGJvVC6X4hw1\/sAfQAdfYyephIaspXe36RwOP+Ljvfx9B6B3i+Nk0DGq+oCbLn6JpBa9nWAveAIHwFAwtVcIJXPMPL8kRu5OAYPMaL1WScTxjiZDqB9LTJSWphow\/pTYKRTLjCBhvi9iBidvKcDasGSm0QQkycYuLBqj6QCELPctqChDWpTRMWkngNNpQ1Pfp1KkiT\/Y0DGffXAweUNfLAfaJFKDwhb6I+bkYRbkERoEeu3Fyjg2opMz2daZCS9jt6Q7txNfB+OZEVF6Zl5web2xunnLQrtrjXseXKaFYziYINeMFZVxS9VxRhOoesYwxPKXm+gWLG9cuFeq93UNNeJNsf1KlwuDok9n02n3TgIJpOxNfL9naIoQwXtfH9kjceTIIi709ncTg6LZbg+biLH1V6u\/7rxBem06VXKn9raAAAAAElFTkSuQmCC\")      no-repeat center center \/ contain;  }  @media screen and (max-width: 960px) and (orientation: portrait) {    .logo {      width: 100%;    }    .logo .pc-banner {      display: none;    }    .logo .m-banner {      display: block;      width: 100%;    }    .logo .m-banner img {      height: auto!important;    }    .ytvideo {      height: 200px;      width: 100%;    }  }<\/style><style>  .video-section {    width: 100%;    margin: 0 auto;  }  .video-section > img {    width: 100%;  }  .video-section iframe,  .video-section video {    width: 100%;    height: 100%;      }  .video-section-img-m,  .video-section-img-pc > img {    width: 100%;    height: auto;  }  .video-section-img-pc.small > img {    width: 970px;  }  .video-desc {    line-height: 1.5;    font-size: 20px;    font-weight: 400;    margin: 20px 0;    text-align: center;    color: #0f1111;    word-break: break-word;  }  @media screen and (max-width: 960px) and (orientation: portrait) {    .video-section {      width: 100%;    }    .video-section-pc,    .video-section-img-pc {      display: none;    }    .video-section-m,    .video-section-img-m {      display: block;    }    .video-desc {      font-size: 15px;    }  }  @media screen and (min-width: 960px) {    .video-section {      width: 100%;      margin: 0 auto;    }    .video-section-pc,    .video-section-img-pc {      display: block;    }    .video-section-m,    .video-section-img-m {      display: none;    }    .video-desc {      font-size: 20px;    }  }<\/style><style>  .section + .section {    margin-top: 35px;  }  .section-title {    text-align: center;    font-weight: bold;    color: #0d1111;    font-family: \"Arial\";    font-size: 32px;    margin: 15px 0;  }  .section-title:empty {    display: none;  }  .section-desc {    text-align: center;    font-weight: normal;    color: #0d1111;    margin-top: 20px;  }  .section-desc:empty {    display: none;  }  .section-img {    width: 1200px;    height: 492px;    margin: 0 auto;    display: block;  }  .section-img.small {    width: 970px;    height: auto;  }  .section-img.small > img {    height: auto;  }  .section-img > img {    width: 100%;    height: 100%;  }  .section-mobile-img {    display: none;    max-width: 100vw;    max-height: 75vw;    height: 450px;    margin: 0 auto;  }  .section-mobile-img > img {    width: 100%;    height: 100%;  }  @media screen and (max-width: 960px) and (orientation: portrait) {    .container {      width: 100%;    }    .container.small {      width: 100%;    }    .section-mobile-img {      display: block;    }    .section-img {      display: none;    }    .section-title {      font-size: 22px;      margin: 10px 0;    }    .section-desc {      margin-top: 10px;    }    .section + .section {      margin-top: 20px;    }  }<\/style><\/head><body><div class=\"container\"><div class=\"logo\"><div class=\"pc-banner\"><div><img decoding=\"async\" src=\"\/vevor\/vevor\/boutique-banner\/pc\/en-pc@1x.jpg\" style=\"width: 100%;\" \/><\/div><\/div><div class=\"m-banner\"><div><img decoding=\"async\" src=\"\/vevor\/vevor\/boutique-banner\/mobile\/en-m@1x.jpg\" style=\"width: 100%;\" \/><\/div><\/div><\/div><div class=\"section-title\">Baar Klambrid Tooriku jaoks Stabiilne Klamber<\/div><div class=\"video-section\"><div class=\"video-section-img-pc\"><img decoding=\"async\" src=\"\/vevor\/product\/FJ24INCH2GZTLIK3X001\/bar-clamp-a100-1.4.jpg\" \/><\/div><div class=\"video-section-img-m\"><img decoding=\"async\" src=\"\/vevor\/product\/FJ24INCH2GZTLIK3X001\/bar-clamp-a100-1.4-m.jpg\" \/><\/div><div class=\"section-desc\">Puit klambrid tooriku jaoks on valmistatud premium materjalid, tagades pikaajalise vastupidavuse ja usaldusv\u00e4\u00e4rne kvaliteet. Vastupidav struktuur tagab turvalisuse ajal kasutada.<\/div><\/div><div class=\"section\"><div class=\"section-title\"><\/div><div class=\"section-img\"><img decoding=\"async\" src=\"\/vevor\/product\/FJ24INCH2GZTLIK3X001\/bar-clamp-a100-2.2.jpg\" \/><\/div><div class=\"section-mobile-img\"><img decoding=\"async\" src=\"\/vevor\/product\/FJ24INCH2GZTLIK3X001\/bar-clamp-a100-2.2-m.jpg\" \/><\/div><div class=\"section-desc\">24-tolline haaratsi avamine baar klambrid on m\u00f5eldud, et mahutada eri standard suurusega metsa, pakkuda kasutajatele rohkem kohanemise ruumi t\u00f6\u00f6tamise ajal ja tagada t\u00e4pne positsioneerimine t\u00f6\u00f6tlemise ajal.<\/div><\/div><div class=\"section\"><div class=\"section-title\"><\/div><div class=\"section-img\"><img decoding=\"async\" src=\"\/vevor\/product\/FJ24INCH2GZTLIK3X001\/bar-clamp-a100-2.3.jpg\" \/><\/div><div class=\"section-mobile-img\"><img decoding=\"async\" src=\"\/vevor\/product\/FJ24INCH2GZTLIK3X001\/bar-clamp-a100-2.3-m.jpg\" \/><\/div><div class=\"section-desc\">Lahendada k\u00f5ik puidut\u00f6\u00f6tlemine \u00fclesande kergust, t\u00e4nu vastupidav 600 lbs kinnikiilumisj\u00f5u. Meie puit vaheseinad saab vaevata turvaline l\u00f5igata, liituda, ja paigaldada puidust tooteid nagu lauad, toolid, kapid, ja isegi terasest materjale.<\/div><\/div><div class=\"section\"><div class=\"section-title\"><\/div><div class=\"section-img\"><img decoding=\"async\" src=\"\/vevor\/product\/FJ24INCH2GZTLIK3X001\/bar-clamp-a100-2.4.jpg\" \/><\/div><div class=\"section-mobile-img\"><img decoding=\"async\" src=\"\/vevor\/product\/FJ24INCH2GZTLIK3X001\/bar-clamp-a100-2.4-m.jpg\" \/><\/div><div class=\"section-desc\">T\u00f6\u00f6 on lihtne. Lihtsalt keerake see, et see lukustada. Keerake lahti, pigistada pidurdamine hoob ja klapp avada. See disain v\u00f5imaldab kiiret ja turvalist eemaldamine detaili, tagades t\u00f5husa ja aega s\u00e4\u00e4stev t\u00f6\u00f6tlemine.<\/div><\/div><div class=\"section\"><div class=\"section-title\"><\/div><div class=\"section-img\"><img decoding=\"async\" src=\"\/vevor\/product\/FJ24INCH2GZTLIK3X001\/bar-clamp-a100-2.5.jpg\" \/><\/div><div class=\"section-mobile-img\"><img decoding=\"async\" src=\"\/vevor\/product\/FJ24INCH2GZTLIK3X001\/bar-clamp-a100-2.5-m.jpg\" \/><\/div><div class=\"section-desc\">Meie puidut\u00f6\u00f6stuse klambrid funktsioon laiendatud rod t\u00e4ita t\u00f6\u00f6piirkond n\u00f5uetele erineva paksusega. Saate kasutada seda rohkem stsenaariume, sageduse suurendamine kasutada.<\/div><\/div><div class=\"section\"><div class=\"section-img\"><img decoding=\"async\" src=\"\/vevor\/product\/FJ24INCH2GZTLIK3X001\/bar-clamp-a100-1.11.jpg\" \/><\/div><div class=\"section-mobile-img\"><img decoding=\"async\" src=\"\/vevor\/product\/FJ24INCH2GZTLIK3X001\/bar-clamp-a100-1.11-m.jpg\" \/><\/div><\/div><\/div><\/body><\/html><\/div>\n<div class=\"DM_at-title\" id=\"js-DM_at-title\"> <div>Toote spetsifikatsioon<\/div> <i class=\"icon-arrowup_line\"><\/i> <\/div><div class=\"DM_at-goodsDescAttr\" id=\"js-DM_at-goodsDescAttr\"> <div class=\"DM_at-goodsDescAttrInner\"> <dl class=\"goodsDesc_item goodsDesc_item_even\"> <dt>Punkt Mudeli Number<\/dt> <dd>FCA24-2 p<\/dd> <\/dl> <dl class=\"goodsDesc_item\"> <dt>Toote M\u00f5\u00f5tmed<\/dt> <dd>27.95&#034; x 4.33&#034; x 0.98&#034; \/ 71 x 11 x 2,5 cm<\/dd> <\/dl> <dl class=\"goodsDesc_item goodsDesc_item_even\"> <dt>L\u00f5ualuu Avamine<\/dt> <dd>24&#034; \/ 60.96 cm<\/dd> <\/dl> <dl class=\"goodsDesc_item\"> <dt>S\u00fcgavus<\/dt> <dd> 2-1\/2&#034; \/ 63.5 mm<\/dd> <\/dl> <dl class=\"goodsDesc_item goodsDesc_item_even\"> <dt>V\u00f5imsus<\/dt> <dd> 600 lbs \/ 272 kg<\/dd> <\/dl> <dl class=\"goodsDesc_item\"> <dt>Kogus<\/dt> <dd> 2 t\u00fckki<\/dd> <\/dl> <dl class=\"goodsDesc_item goodsDesc_item_even\"> <dt>V\u00e4rv<\/dt> <dd> Oranz + Must<\/dd> <\/dl> <\/div> <\/div>","protected":false},"excerpt":{"rendered":"<ul>\n<li> Kvaliteetseid Materjale: l\u00f5uad meie baar klambrid on valmistatud malmist, vastupidav ja ei ole lihtne moonutada. Slide bar on valmistatud 45# s\u00fcsiniku struktuuri terasest, tagada pikaajaline ja crack-t\u00f5end j\u00f5udlust <\/li>\n<li> 24-tolline Suur L\u00f5ualuu Avamine: Meie baar klambrid jaoks puidut\u00f6\u00f6tlemine on ideaalne erinevaid standard suurusega metsas. 24-tolline pikkus annab kasutajatele rohkem kohanemise ruumi t\u00f6\u00f6tamise ajal, mille tulemuseks on t\u00e4pne positsioneerimine toorikut <\/li>\n<li> 600lbs Koormuse Piirang: Need puidu klambrid tooriku jaoks h\u00f5lpsasti toime tulla erinevate p\u00e4evas t\u00f6\u00f6tlemine ja kokkupanek \u00fclesandeid, kindlalt millega l\u00f5igatud, \u00fchendama, ja paigaldada, puit, puidust tooted (n\u00e4iteks lauad, toolid, kapid) ja terasest materjalidest <\/li>\n<li> Lihtne ja kerge Kasutada: selge ja \u00fcksikasjalik kasutusjuhend, meie F klambrid v\u00f5imaldavad v\u00e4simatu t\u00f6\u00f6 kogu protsess, mist\u00f5ttu t\u00f6\u00f6tlemise t\u00f5husat ja aega s\u00e4\u00e4stev <\/li>\n<li> Laiendatud Rod: pikema varda disain meie puidut\u00f6\u00f6stuse klambrid on v\u00f5imalik kohtuda t\u00f6\u00f6piirkond n\u00f5uetele erineva paksusega. Saate kasutada seda rohkem stsenaariume, sageduse suurendamine kasutada. <\/li>\n<\/ul>","protected":false},"featured_media":399418,"comment_status":"open","ping_status":"open","template":"","meta":{"om_disable_all_campaigns":false,"_uf_show_specific_survey":0,"_uf_disable_surveys":false},"location":[1935,1934],"product_brand":[21],"product_cat":[3172,3416,2400,2374],"product_tag":[],"class_list":{"0":"post-178143","1":"product","2":"type-product","3":"status-publish","4":"has-post-thumbnail","6":"location-supplier_stock_location","7":"location-local_stock_location","8":"product_brand-vevor","9":"product_cat-clamps-hand-tools-tools","10":"product_cat-f-clamps","11":"product_cat-hand-tools-tools","12":"product_cat-tools","14":"first","15":"instock","16":"taxable","17":"shipping-taxable","18":"purchasable","19":"product-type-simple"},"aioseo_notices":[],"locations":[{"id":1935,"name":"Pieg\u0101d\u0101t\u0101ja noliktav\u0101 (5-7dd)","slug":"supplier_stock_location","quantity":"9"},{"id":1934,"name":"R\u012bgas veikal\u0101 (0-2d.d.)","slug":"local_stock_location","quantity":"0"}],"_links":{"self":[{"href":"https:\/\/vevorshop.lv\/et\/wp-json\/wp\/v2\/product\/178143","targetHints":{"allow":["GET"]}}],"collection":[{"href":"https:\/\/vevorshop.lv\/et\/wp-json\/wp\/v2\/product"}],"about":[{"href":"https:\/\/vevorshop.lv\/et\/wp-json\/wp\/v2\/types\/product"}],"replies":[{"embeddable":true,"href":"https:\/\/vevorshop.lv\/et\/wp-json\/wp\/v2\/comments?post=178143"}],"wp:featuredmedia":[{"embeddable":true,"href":"https:\/\/vevorshop.lv\/et\/wp-json\/wp\/v2\/media\/399418"}],"wp:attachment":[{"href":"https:\/\/vevorshop.lv\/et\/wp-json\/wp\/v2\/media?parent=178143"}],"wp:term":[{"taxonomy":"location","embeddable":true,"href":"https:\/\/vevorshop.lv\/et\/wp-json\/wp\/v2\/location?post=178143"},{"taxonomy":"product_brand","embeddable":true,"href":"https:\/\/vevorshop.lv\/et\/wp-json\/wp\/v2\/product_brand?post=178143"},{"taxonomy":"product_cat","embeddable":true,"href":"https:\/\/vevorshop.lv\/et\/wp-json\/wp\/v2\/product_cat?post=178143"},{"taxonomy":"product_tag","embeddable":true,"href":"https:\/\/vevorshop.lv\/et\/wp-json\/wp\/v2\/product_tag?post=178143"}],"curies":[{"name":"wp","href":"https:\/\/api.w.org\/{rel}","templated":true}]}}