{"id":179646,"date":"2025-07-09T07:37:35","date_gmt":"2025-07-09T07:37:35","guid":{"rendered":"https:\/\/vevorshop.lv\/en_us\/Prece\/vevor-manual-ratchet-pipe-threader-kit-with-1-2-3-4-1-inch-npt-dies-cast-iron-heads-for-steel-copper-pvc-pipes\/"},"modified":"2026-04-19T15:26:33","modified_gmt":"2026-04-19T12:26:33","slug":"vevor-manual-ratchet-pipe-threader-kit-with-1-2-3-4-1-inch-npt-dies-cast-iron-heads-for-steel-copper-pvc-pipes","status":"publish","type":"product","link":"https:\/\/vevorshop.lv\/et\/Prece\/vevor-kasitsi-porktoru-keermestuskomplekt-1-2-3-4-1-tollise-npt-stantsidega-malmist-peadega-terasest-vasest-pvc-torude-jaoks\/","title":{"rendered":"VEVOR k\u00e4sitsi v\u00e4ntaga torukeermekomplekt 3 NPT l\u00f5ikepeaga (1\/2, 3\/4, 1 toll), kaasaskantav t\u00f6\u00f6riist metalltorudele + kohver"},"content":{"rendered":"<div style=\"color: #fff!important; font-size: 16px; height: 24px; line-height: 24px; margin-top: -24px; \" class=\"product_original_name\">VEVOR Ratchet Pipe Threader Kit, 1\/2 \"NPT, 3\/4\" NPT, 1 \"NPT k\u00e4sitsi p\u00f5rktoru keermestaja, kaasaskantav torukeermestust\u00f6\u00f6riistade komplekt 3 PCS NPT stantsidega, tsingitud alumiiniumist raudvasktorude hoiukohver<\/div>\n<div style=\"color: #fff!important; font-size: 16px; height: 24px; line-height: 24px; margin-top: -24px; \" class=\"product_sku\">MCVNAPNE<\/div>\n<div style=\"color: #fff!important; font-size: 16px; height: 24px; line-height: 24px; margin-top: -24px; \" class=\"product_mpn\">SDGLWQJ312341FZW2V0<\/div><div id=\"js-DM_at-goodDescRich\"><html><head><style>  body {    font-family: Arial;    line-height: 1.5;    color: #1c1c1c;    overflow-x: hidden;    margin: 0;    padding: 0;  }  .MsoNormal b {    font-weight: bolder;  }<\/style><style>  .container.small {    width: 970px;    margin: 0 auto;  }  .logo {    margin: 0 auto 0;  }  .logo img {    display: block;    margin: 0 auto;    max-width: 100%;  }  .logo .pc-banner {    display: block;    width: 1200px;    height: 247.4px;    margin: 0 auto;  }  .logo .pc-banner.small {    width: 970px;  }  .logo .pc-banner.small img {    height: auto!important;  }  .logo .m-banner {    display: none;  }  .ytvideo {    position: relative;    height: 546px;    width: 100%;    margin: 0 auto;  }  .ytvideo img {    width: 100%;    margin: 0 auto;  }  .ytvideo .play-btn {    width: 60px;    height: 42px;    position: absolute;    top: 50%;    left: 50%;    transform: translate(-50%, -50%);    background: url(\"data:image\/png;base64,iVBORw0KGgoAAAANSUhEUgAAAGQAAABGCAMAAAANWMFbAAAC+lBMVEUAAADBGB3kLCfBGB3kLCfcJC7BFx3KKSbiKybkLCbWJCPSIiLSIiLPICHAFx3kLCfgKSXNHiDZJiTIGx\/p4eHcjo7LHSDbJyTkLCbjKyfOHyHPIiL28fHJHB\/GGh7EGR7eKCXDGB3RISHlLSbBGB3AFxzGHB7DGB7BGB3hKybkKybAFx3lLCfAFxzDGR3hKibDGB7cJyTmz8\/elJTlwcHjurrUIyLlLSflLSfAFx3DGR7lLSfCFx3hKibhKibhKybjKybkLCblLSfbJSX49vbx7e3NNzjNMTLMJyjVIyLZf3\/ZQ0LaeHjx0tLgoqLkLCfCGB3HGx\/BGB3BFx3PICHCGB7WJCLOHyC\/Fxy\/Fx3lLCfQISHkLSe\/FxzbJiTBFx3FGx\/AGB7BFx3EGR7AGB3HHSDfKiXAFh3TISHYNzbhKibbJyTTIiL57e325+f039\/v2NjUV1fOHiHiqanfmprch4feKSXVIyPOICHmLibFGh\/mLSe\/Fx7XJCPeKSXXJSPNHyHaJyTGGh7lLCbmLCflLSjSIiLkLCbdKSXLHiC\/GB3KHh++Fh3lKyfoLiXcKCPkx8fYb2\/XaGfVXl3aU1LLHiDksbHgKibPICHbJyTfKSXbJyTCGB3KHSDiKybFGh7TIiL\/\/\/\/VIyPRISHIHB\/GGx\/HHB\/DGR7gKibdKCXLHiDZJiTMHiDNHyHYJSTOICHPICHWJCPcKCXXJSPjLCblLCf+\/f3NGR\/uLijzLynPGR\/IGB7WISHaIyLLGh7UAADxLynNAADRLzDbICLQAADIAAD3MCrUHSHXMTDpKSbLAADp5OTij4\/ejo\/VLy\/1LyngJSTcJCPQHx\/OHB7+\/PzaMS\/OLS\/vLijrLSjSAADaNTPwLyjkKSbNJCbYISHPHB\/KGB7WAAD7+vrn3d3aKynTKCjoLCfsKifRGh\/YAADq5+fhjo7QNDXXKCfmJyXt5+fTLzDLLi\/QKivYHRvMGBrQJCXLISPMExXLDxLaEAvkkI\/bOTfaFQ\/SCgpvLcnHAAAAmnRSTlMA+vv7+gT9Bvf9+8z8\/NSv\/Pr5+P7++vnQIBMP\/v38\/Pn348XDiCYf9OjbzcqxXVcx\/fz8+\/rj1r2poo1+fXFqX0orGP7+\/v7+\/fz8+\/r68uzn4trIxsG\/vri3p6GcmZSNbWVYUUZEPQv+\/f39+\/v7+\/v7+vr64tvV1NTTz87FtbSurqeblJKFg4B3bUY+NjL7+\/v7+\/v67t1cDo8JLQAABkRJREFUWMO0kz9rwkAYh0OIeJkum6YugUAhISCdKoj\/P4C7SMdS+gEKIhSKil10LSg4mzXkILdlEpxCpwTiWOLX6BujvQaEQuGeHLnL+\/64J+SIcKGYTYWnntpdLjrVdqvZmNdn0+EE40GtpuuWVS6Xx6N7YDSGpWXpeq02wHgynM7q80az1a52HpddtVcpsi1zFARBrdaxbhp9iUReTGmwA4KAAr7vx3EYejnCMI6hQYEgy0LQi4jUN0wL19vqFcUC9\/1dAKmEEFkWRYkh5oBejnxQJiSJPJ\/uKBp0Thszx9Mw8hMRIQjKsptCfuES9zr5WJY6vSFCIvE9fCMUmEM1A1kSXcYGxgVYsvI1IPKTZciSTI0us\/SMGG04gDzELDoFBwdcFJrF88dqgYMTiL6DILWYyfOWE8\/kIz38olCNlC03FK95+imxp6y4oUSvAnBjHHhKNtotSDqJzVFiK8c2SBqhZtsrTtgrLXwAyduxZHNE26eHUt5rtuM4WSmds3G+sUdWYo1L+XyxButoh5eKUHk5lByO3G1LqqCWVnfrv\/lyPtf\/4ps1cndNGIri8J1TJ0lx6dR\/oPjq1nbRwdp2dCk4CtIOLW3pVKRL6WZfS5vF2KkIQhpwSsjiYIgNCs1gEMGqiIq24NQX9NwoXFy8Ufrl3twTcg4fv8T9\/JBEySduj6Mjm4bMzYV7EEOxKjjoNDud7yY3Dy71Hq2oLmqfbNR723edH9PgMrNL2utoQ3VmaIDkiw\/4w51P06hlZsTZvkRrbVuSIs\/zwSOsycgzStQouoAkWQqioRT5XI7n2Z1wfVhoZmcAJLsoqjqpjbWCgpOAJXBwHK8PzWbNvoUZJND5wCnSkLAkZ1legx6vqQzjoiTahKlGUGLAiIIoABOHaNVw4sexZBym6\/HWlH5h3IC7yRbxtipcWxdTOkORKiNQAEkFf66x5S2oeRbroOlLgg0sSYkR0hRGEqJZ0jTPiQKatESdBckpWigxaapEH0lImHdWu9pUFF2XqMNM2Z4kped7IwEJw2qabwtrQqnpw6HyKkgcadKWsmpywwesDyIhYRpdzXddqegtGIJlXbAIUMOLkGxJUjRIkokwjUaX9d\/kK62ps\/tYUqZLIMkLTyBhsMZ3C5Z\/kDxOSCb\/DOs\/\/J0qcWSX\/2ipe56EgTCA4\/cB7NAYOsni4mZM1MUPAISoEwkDi4lhVBQ1cWQyIcwalw4EpqZN68JUSK7XC0kTlkLYii5uXSC8jT5ncCAS7mjCv0uHp\/3lueHEEAeQ\/\/VgmdN71\/2uCSA1Xr6DO6uI6sW56zqT2tp2PhgiRUAajV8CY2fkcz6WGNKMgLAt7tJAhD4YHMTeRxlALE6+43WqjSWi8ITxyJl8WrwWSNESQZZOqhDDntO3hJLsd5RtSpbJqdv3YrDJH3F7jL1R2O2aQkn2MyCyKYz0GPGIvSAMgBCrCEiJyKbBaYGwLW4uPRr0A0M4Ux5kUI7IBh+hMdiCEWNqhMZGyYMsOgNE58UQuEQeUnSWCMYwL54hkxK6IoqucQZbQ3pc3XtL0lky1dL0zZJJDpWJovFqpWj6JEHnyam2eQp5QRVAVHjWparTOaVwUOx99YS2MvgxIGV0bb+qIg2HX2qkFFJB+XZcbLiuRkuxD9GRroKyveLxdh4d7Orx+hb7qc3uVRuEogCOnyIxm4ubUoPgF4jianDrC+SDQDKEfJb0GUKmjCGPYHGJvVC6X4hw1\/sAfQAdfYyephIaspXe36RwOP+Ljvfx9B6B3i+Nk0DGq+oCbLn6JpBa9nWAveAIHwFAwtVcIJXPMPL8kRu5OAYPMaL1WScTxjiZDqB9LTJSWphow\/pTYKRTLjCBhvi9iBidvKcDasGSm0QQkycYuLBqj6QCELPctqChDWpTRMWkngNNpQ1Pfp1KkiT\/Y0DGffXAweUNfLAfaJFKDwhb6I+bkYRbkERoEeu3Fyjg2opMz2daZCS9jt6Q7txNfB+OZEVF6Zl5web2xunnLQrtrjXseXKaFYziYINeMFZVxS9VxRhOoesYwxPKXm+gWLG9cuFeq93UNNeJNsf1KlwuDok9n02n3TgIJpOxNfL9naIoQwXtfH9kjceTIIi709ncTg6LZbg+biLH1V6u\/7rxBem06VXKn9raAAAAAElFTkSuQmCC\")      no-repeat center center \/ contain;  }  @media screen and (max-width: 960px) and (orientation: portrait) {    .logo {      width: 100%;    }    .logo .pc-banner {      display: none;    }    .logo .m-banner {      display: block;      width: 100%;    }    .logo .m-banner img {      height: auto!important;    }    .ytvideo {      height: 200px;      width: 100%;    }  }<\/style><style>  .video-section {    width: 100%;    margin: 0 auto;  }  .video-section > img {    width: 100%;  }  .video-section iframe,  .video-section video {    width: 100%;    height: 100%;      }  .video-section-img-m,  .video-section-img-pc > img {    width: 100%;    height: auto;  }  .video-section-img-pc.small > img {    width: 970px;  }  .video-desc {    line-height: 1.5;    font-size: 20px;    font-weight: 400;    margin: 20px 0;    text-align: center;    color: #0f1111;    word-break: break-word;  }  @media screen and (max-width: 960px) and (orientation: portrait) {    .video-section {      width: 100%;    }    .video-section-pc,    .video-section-img-pc {      display: none;    }    .video-section-m,    .video-section-img-m {      display: block;    }    .video-desc {      font-size: 15px;    }  }  @media screen and (min-width: 960px) {    .video-section {      width: 100%;      margin: 0 auto;    }    .video-section-pc,    .video-section-img-pc {      display: block;    }    .video-section-m,    .video-section-img-m {      display: none;    }    .video-desc {      font-size: 20px;    }  }<\/style><style>  .section + .section {    margin-top: 35px;  }  .section-title {    text-align: center;    font-weight: bold;    color: #0d1111;    font-family: \"Arial\";    font-size: 32px;    margin: 15px 0;  }  .section-title:empty {    display: none;  }  .section-desc {    text-align: center;    font-weight: normal;    color: #0d1111;    margin-top: 20px;  }  .section-desc:empty {    display: none;  }  .section-img {    width: 1200px;    height: 492px;    margin: 0 auto;    display: block;  }  .section-img.small {    width: 970px;    height: auto;  }  .section-img.small > img {    height: auto;  }  .section-img > img {    width: 100%;    height: 100%;  }  .section-mobile-img {    display: none;    max-width: 100vw;    max-height: 75vw;    height: 450px;    margin: 0 auto;  }  .section-mobile-img > img {    width: 100%;    height: 100%;  }  @media screen and (max-width: 960px) and (orientation: portrait) {    .container {      width: 100%;    }    .container.small {      width: 100%;    }    .section-mobile-img {      display: block;    }    .section-img {      display: none;    }    .section-title {      font-size: 22px;      margin: 10px 0;    }    .section-desc {      margin-top: 10px;    }    .section + .section {      margin-top: 20px;    }  }<\/style><\/head><body><div class=\"container\"><div class=\"logo\"><div class=\"pc-banner\"><div><img decoding=\"async\" src=\"\/vevor\/vevor\/boutique-banner\/pc\/en-pc@1x.jpg\" style=\"width: 100%;\" \/><\/div><\/div><div class=\"m-banner\"><div><img decoding=\"async\" src=\"\/vevor\/vevor\/boutique-banner\/mobile\/en-m@1x.jpg\" style=\"width: 100%;\" \/><\/div><\/div><\/div><div class=\"section-title\">Kahjustatud L\u00f5ngad ja Loob Uusi Alates Kohe!<\/div><div class=\"video-section\"><div class=\"video-section-img-pc\"><img decoding=\"async\" src=\"\/vevor\/product\/SDGLWQJ312341FZW2\/pipe-threader-a100-1.4.jpg\" alt=\"VEVOR torukeermekomplekt sisaldab stantse 1\/2 &quot;npt&quot;, 3\/4 &quot;npt\u201c ja 1 \u201enpt torude jaoks, mida on lihtne kasutada.\" \/><\/div><div class=\"video-section-img-m\"><img decoding=\"async\" src=\"\/vevor\/product\/SDGLWQJ312341FZW2\/pipe-threader-a100-1.4-m.jpg\" alt=\"VEVOR torukeermekomplekt sisaldab stantse 1\/2 &quot;npt&quot;, 3\/4 &quot;npt\u201c ja 1 \u201enpt torude jaoks, mida on lihtne kasutada.\" \/><\/div><div class=\"section-desc\">Kogemus erakordse j\u00f5udluse koos VEVOR ratchet toru threader komplekt. Featuring 3-threading hinge plaat juhid (1\/2&#034; NPT, 3\/4&#034; NPT, 1&#034; NPT), et mahutab laia toru suurused. 9SICR die pea hambad v\u00f5ivad talub rasket koormust ilma deformatsioon, tagades t\u00e4pse ja mitte-libisemine-threading.<\/div><\/div><div class=\"section\"><div class=\"section-title\"><\/div><div class=\"section-img\"><img decoding=\"async\" src=\"\/vevor\/product\/SDGLWQJ312341FZW2\/pipe-threader-a100-2.2.jpg\" alt=\"punane ja h\u00f5bedane VEVOR toru threader komplekt on valmistatud t\u00e4iendatud 9sicr materjali vastupidavus ja kulumiskindlus.\" \/><\/div><div class=\"section-mobile-img\"><img decoding=\"async\" src=\"\/vevor\/product\/SDGLWQJ312341FZW2\/pipe-threader-a100-2.2-m.jpg\" alt=\"punane ja h\u00f5bedane VEVOR toru threader komplekt on valmistatud t\u00e4iendatud 9sicr materjali vastupidavus ja kulumiskindlus.\" \/><\/div><div class=\"section-desc\">Tehtud levinud madallegeeritud t\u00f6\u00f6riista teras, 9SICR die pea hambad kiidelda suure sulametallist l\u00e4bilaskvus, k\u00f5vadus, ja karastamine stabiilsust. V\u00f5rreldes tavaliste 9CR2 materjalist, pakub see topelt eluiga, mis pakub sulle kauem kestev kogemus kutse-v\u00f5i kodus projekte.<\/div><\/div><div class=\"section\"><div class=\"section-title\"><\/div><div class=\"section-img\"><img decoding=\"async\" src=\"\/vevor\/product\/SDGLWQJ312341FZW2\/pipe-threader-a100-2.3.jpg\" alt=\"VEVOR toru threader komplekt koos ergonoomiline k\u00e4epide p\u00f6\u00f6rdemomendi ja vastupidav abs t\u00f6\u00f6riista puhul on lihtne ladustada.\" \/><\/div><div class=\"section-mobile-img\"><img decoding=\"async\" src=\"\/vevor\/product\/SDGLWQJ312341FZW2\/pipe-threader-a100-2.3-m.jpg\" alt=\"VEVOR toru threader komplekt koos ergonoomiline k\u00e4epide p\u00f6\u00f6rdemomendi ja vastupidav abs t\u00f6\u00f6riista puhul on lihtne ladustada.\" \/><\/div><div class=\"section-desc\">Meie \u00fchendame t\u00f6\u00f6riista omadusi pikk ergonoomiline k\u00e4epide ja polsterdatud k\u00e4epide, annab parema haarduvuse ja maksimaalne p\u00f6\u00f6rdemoment teha threading lihtsam ja effortlses.<\/div><\/div><div class=\"section\"><div class=\"section-title\"><\/div><div class=\"section-img\"><img decoding=\"async\" src=\"\/vevor\/product\/SDGLWQJ312341FZW2\/pipe-threader-a100-2.4.jpg\" alt=\"4-step guide, kasutades VEVOR toru threader komplekt puhas toru kaheks: valige, rakendada, muuta ja l\u00f5petada.\" \/><\/div><div class=\"section-mobile-img\"><img decoding=\"async\" src=\"\/vevor\/product\/SDGLWQJ312341FZW2\/pipe-threader-a100-2.4-m.jpg\" alt=\"4-step guide, kasutades VEVOR toru threader komplekt puhas toru kaheks: valige, rakendada, muuta ja l\u00f5petada.\" \/><\/div><div class=\"section-desc\">Toru sise-ja v\u00e4liskeermestamiseks t\u00f6\u00f6riist pakub kiire ja lihtne, sise-ja v\u00e4liskeermestamiseks kogemus torud ja kanalid. Spetsiaalsete die pead iga toru suurus ja k\u00e4sitsi ratchet mehhanism , et saavutada puhas niidid on imelihtne vaid 4 lihtsat sammu.<\/div><\/div><div class=\"section\"><div class=\"section-title\"><\/div><div class=\"section-img\"><img decoding=\"async\" src=\"\/vevor\/product\/SDGLWQJ312341FZW2\/pipe-threader-a100-2.5.jpg\" alt=\"VEVOR toru threader komplekt: oluline ehitus ja-torude paigaldus, tagades kvaliteedi ja usaldusv\u00e4\u00e4rsuse.\" \/><\/div><div class=\"section-mobile-img\"><img decoding=\"async\" src=\"\/vevor\/product\/SDGLWQJ312341FZW2\/pipe-threader-a100-2.5-m.jpg\" alt=\"VEVOR toru threader komplekt: oluline ehitus ja-torude paigaldus, tagades kvaliteedi ja usaldusv\u00e4\u00e4rsuse.\" \/><\/div><div class=\"section-desc\">VEVOR k\u00e4sitsi ratchet toru threader on v\u00e4ga sobiv ehitus, kanalisatsioonit\u00f6\u00f6d, ja-seadmete paigaldus industries, mis vastavad erinevatele vajadustele need t\u00f6\u00f6stused. Paistab silma luua uusi teemasid, remont kahjustatud niidid, ja \u00fchendustoru komponendid.<\/div><\/div><div class=\"section\"><div class=\"section-img\"><img decoding=\"async\" src=\"\/vevor\/product\/SDGLWQJ312341FZW2\/pipe-threader-a100-1.11.jpg\" alt=\"VEVOR toru threader komplekt 3-threading sureb, k\u00e4epide plastikust hoiukott, kt1103a, oran\u017e ja must.\" \/><\/div><div class=\"section-mobile-img\"><img decoding=\"async\" src=\"\/vevor\/product\/SDGLWQJ312341FZW2\/pipe-threader-a100-1.11-m.jpg\" alt=\"VEVOR toru threader komplekt 3-threading sureb, k\u00e4epide plastikust hoiukott, kt1103a, oran\u017e ja must.\" \/><\/div><\/div><\/div><\/body><\/html><\/div>\n<div class=\"DM_at-title\" id=\"js-DM_at-title\"> <div>Toote spetsifikatsioon<\/div> <i class=\"icon-arrowup_line\"><\/i> <\/div><div class=\"DM_at-goodsDescAttr\" id=\"js-DM_at-goodsDescAttr\"> <div class=\"DM_at-goodsDescAttrInner\"> <dl class=\"goodsDesc_item goodsDesc_item_even\"> <dt>Punkt Mudeli Number<\/dt> <dd> KT1103A<\/dd> <\/dl> <dl class=\"goodsDesc_item\"> <dt>3-Threading Sureb<\/dt> <dd> 1\/2&#034; NPT, 3\/4&#034; NPT, 1&#034; NPT<\/dd> <\/dl> <dl class=\"goodsDesc_item goodsDesc_item_even\"> <dt>Sise-Ja V\u00e4liskeermestamiseks Hammaste Materjal<\/dt> <dd> 9SICR<\/dd> <\/dl> <dl class=\"goodsDesc_item\"> <dt>Toote Kaal<\/dt> <dd> 9.3 lbs \/ 4.2 Kg<\/dd> <\/dl> <dl class=\"goodsDesc_item goodsDesc_item_even\"> <dt>Toote M\u00f5\u00f5tmed<\/dt> <dd> 21.1&#034;x3.6&#034;x1.5&#034; \/ 537x91x39 mm<\/dd> <\/dl> <dl class=\"goodsDesc_item\"> <dt>V\u00e4rv<\/dt> <dd> Oranz + Must<\/dd> <\/dl> <\/div> <\/div>","protected":false},"excerpt":{"rendered":"<ul>\n<li> K\u00f5ik-\u00dches-Mitmek\u00fclgne Komplekt: VEVOR ratcheting toru threader kit kaasas 3TK NPT-threading sureb: 1\/2&#034; NPT, 3\/4&#034; NPT, 1&#034; NPT , k\u00e4epide ja pikendamine baar, mutriv\u00f5ti sulg ja kandekott. Mitmek\u00fclgne sise-ja v\u00e4liskeermestamiseks vahend, mahutab eri suurusega torud, lihtne l\u00f5ng alumiiniumist, rauast, tsingitud, vask ja muud t\u00fc\u00fcpi torud. <\/li>\n<li> V\u00e4ga vastupidav ja kulumiskindel: meie hingeplaadi pead on valmistatud malmist ja stantsipea hambad on t\u00e4iustatud 9SICR-materjaliks, kulumiskindlaks ja ehitatud kestma. V\u00f5rreldes tavalise 9CR2 materjaliga on kvaliteetsel 9SICR-materjalil k\u00f5rge k\u00f5vadus, kustutav l\u00e4bitungimine ja karastamise stabiilsus, tagades korraliku, libisemisvastase ja t\u00e4pse keermestamise. <\/li>\n<li> Ergonoomilise Kujunduse: pikk k\u00e4epide v\u00e4liskeermestamiseks vahend annab parema haarduvuse ja maksimaalne p\u00f6\u00f6rdemoment kiirendab t\u00f6\u00f6 efektiivsust ja v\u00e4hendab k\u00e4te v\u00e4simust. Lisaks mutriv\u00f5ti sulg on threader funktsioone reverse nupp, mis v\u00f5imaldab lihtsalt ja turvaliselt p\u00f6\u00f6rdumise v\u00e4liskeermestamiseks masin p\u00e4rast niidi l\u00f5ikamine, tekitamata kahju ots. <\/li>\n<li> Kerge ja Kaasaskantav: Kaalub vaid 9.3 naela, selle k\u00e4sitsi ratchet toru threader kit on lihtne teha ja j\u00e4rgneb sulle k\u00f5ikjale. Ka kaasas kantavat kotti, hoiab k\u00f5ik ratchet toru threader t\u00f6\u00f6riistu h\u00e4sti organiseeritud ja v\u00f5imaldab mugav hoiustamine. <\/li>\n<li> Laialdaselt Kohaldatav: Raskeveokite toru sise-ja v\u00e4liskeermestamiseks komplekt on loodud selleks, et luua uusi teemasid, v\u00f5i parandada kahjustatud niidid torud, v\u00e4ga usaldusv\u00e4\u00e4rne nii professionaalne ja kodumasinates. See threading vahend sobib eriti ehitus, kanalisatsioonit\u00f6\u00f6d, ja-seadmete paigaldus kvaliteedi tagamiseks tehniliste projektidega. <\/li>\n<\/ul>","protected":false},"featured_media":400798,"comment_status":"open","ping_status":"open","template":"","meta":{"om_disable_all_campaigns":false,"_uf_show_specific_survey":0,"_uf_disable_surveys":false},"location":[1935,1934],"product_brand":[21],"product_cat":[3059,2896,71,150],"product_tag":[],"class_list":{"0":"post-179646","1":"product","2":"type-product","3":"status-publish","4":"has-post-thumbnail","6":"location-supplier_stock_location","7":"location-local_stock_location","8":"product_brand-vevor","9":"product_cat-pipe-threader","10":"product_cat-pipe-threaders","11":"product_cat-plumbing","12":"product_cat-plumbing-tools","14":"first","15":"outofstock","16":"taxable","17":"shipping-taxable","18":"purchasable","19":"product-type-simple"},"aioseo_notices":[],"locations":[{"id":1935,"name":"Pieg\u0101d\u0101t\u0101ja noliktav\u0101 (5-7dd)","slug":"supplier_stock_location","quantity":"0"},{"id":1934,"name":"R\u012bgas veikal\u0101 (0-2d.d.)","slug":"local_stock_location","quantity":"0"}],"_links":{"self":[{"href":"https:\/\/vevorshop.lv\/et\/wp-json\/wp\/v2\/product\/179646","targetHints":{"allow":["GET"]}}],"collection":[{"href":"https:\/\/vevorshop.lv\/et\/wp-json\/wp\/v2\/product"}],"about":[{"href":"https:\/\/vevorshop.lv\/et\/wp-json\/wp\/v2\/types\/product"}],"replies":[{"embeddable":true,"href":"https:\/\/vevorshop.lv\/et\/wp-json\/wp\/v2\/comments?post=179646"}],"wp:featuredmedia":[{"embeddable":true,"href":"https:\/\/vevorshop.lv\/et\/wp-json\/wp\/v2\/media\/400798"}],"wp:attachment":[{"href":"https:\/\/vevorshop.lv\/et\/wp-json\/wp\/v2\/media?parent=179646"}],"wp:term":[{"taxonomy":"location","embeddable":true,"href":"https:\/\/vevorshop.lv\/et\/wp-json\/wp\/v2\/location?post=179646"},{"taxonomy":"product_brand","embeddable":true,"href":"https:\/\/vevorshop.lv\/et\/wp-json\/wp\/v2\/product_brand?post=179646"},{"taxonomy":"product_cat","embeddable":true,"href":"https:\/\/vevorshop.lv\/et\/wp-json\/wp\/v2\/product_cat?post=179646"},{"taxonomy":"product_tag","embeddable":true,"href":"https:\/\/vevorshop.lv\/et\/wp-json\/wp\/v2\/product_tag?post=179646"}],"curies":[{"name":"wp","href":"https:\/\/api.w.org\/{rel}","templated":true}]}}