{"id":18330,"date":"2024-11-18T04:21:04","date_gmt":"2024-11-18T04:21:04","guid":{"rendered":"http:\/\/vevorshop.edigo.lv\/Prece\/vevor-8ft-sliding-barn-door-hardware-kit-330lbs-heavy-duty-barn-door-track-kit-for-double-doors-fit-3-7-4-3ft-total-wide-and-1-3-1-8-thick-2-door-panel-with-smooth-silent-pulley-i-shape\/"},"modified":"2026-05-08T13:39:55","modified_gmt":"2026-05-08T10:39:55","slug":"vevor-8ft-sliding-barn-door-hardware-kit-330lbs-heavy-duty-barn-door-track-kit-for-double-doors-fit-3-7-4-3ft-total-wide-and-1-3-1-8-thick-2-door-panel-with-smooth-silent-pulley-i-shape","status":"publish","type":"product","link":"https:\/\/vevorshop.lv\/et\/Prece\/vevor-8-jalga-lukand-lauda-ukse-riistvara-komplekt-330-naela-raskeveokite-aida-ukse-raja-komplekt-kahekordsetele-ustele-sobivad-3-7-4-3-jalga-kokku-lai-ja-1-3-1-8-paks-2-uksepaneel-sileda-vaikse-rihma\/","title":{"rendered":"VEVOR 244 cm l\u00fckandustega aitukse riistvarakomplekt, 150 kg raske topeltukse siinis\u00fcsteem, sobib 112\u2013131 cm laiusele, I-kujuline"},"content":{"rendered":"<div style=\"color: #fff!important; font-size: 16px; height: 24px; line-height: 24px; margin-top: -24px; \" class=\"product_original_name\">VEVOR 243,8 cm liuguriga ukseriistvarakomplekt, 149,7 kg raskeveokite aida ukseraja komplekt kaheuksele, sobib 112-131 cm kogulaiusega ja 3,3-4,6 cm paksuste 2 uksepaneelidega, sileda ja vaikse rihmarattaga (I kuju)<\/div>\n<div style=\"color: #fff!important; font-size: 16px; height: 24px; line-height: 24px; margin-top: -24px; \" class=\"product_sku\">M4I4KKF8<\/div>\n<div style=\"color: #fff!important; font-size: 16px; height: 24px; line-height: 24px; margin-top: -24px; \" class=\"product_mpn\">GCYMWJTJHS8FD5SVJV0<\/div><div id=\"js-DM_at-goodDescRich\"><html><head><style>  body {    font-family: Arial;    line-height: 1.5;    color: #1c1c1c;    overflow-x: hidden;    margin: 0;    padding: 0;  }  .MsoNormal b {    font-weight: bolder;  }<\/style><style>  .container.small {    width: 970px;    margin: 0 auto;  }  .logo {    margin: 0 auto 0;  }  .logo img {    display: block;    margin: 0 auto;    max-width: 100%;  }  .logo .pc-banner {    display: block;    width: 1200px;    height: 247.4px;    margin: 0 auto;  }  .logo .pc-banner.small {    width: 970px;  }  .logo .pc-banner.small img {    height: auto!important;  }  .logo .m-banner {    display: none;  }  .ytvideo {    position: relative;    height: 546px;    width: 100%;    margin: 0 auto;  }  .ytvideo img {    width: 100%;    margin: 0 auto;  }  .ytvideo .play-btn {    width: 60px;    height: 42px;    position: absolute;    top: 50%;    left: 50%;    transform: translate(-50%, -50%);    background: url(\"data:image\/png;base64,iVBORw0KGgoAAAANSUhEUgAAAGQAAABGCAMAAAANWMFbAAAC+lBMVEUAAADBGB3kLCfBGB3kLCfcJC7BFx3KKSbiKybkLCbWJCPSIiLSIiLPICHAFx3kLCfgKSXNHiDZJiTIGx\/p4eHcjo7LHSDbJyTkLCbjKyfOHyHPIiL28fHJHB\/GGh7EGR7eKCXDGB3RISHlLSbBGB3AFxzGHB7DGB7BGB3hKybkKybAFx3lLCfAFxzDGR3hKibDGB7cJyTmz8\/elJTlwcHjurrUIyLlLSflLSfAFx3DGR7lLSfCFx3hKibhKibhKybjKybkLCblLSfbJSX49vbx7e3NNzjNMTLMJyjVIyLZf3\/ZQ0LaeHjx0tLgoqLkLCfCGB3HGx\/BGB3BFx3PICHCGB7WJCLOHyC\/Fxy\/Fx3lLCfQISHkLSe\/FxzbJiTBFx3FGx\/AGB7BFx3EGR7AGB3HHSDfKiXAFh3TISHYNzbhKibbJyTTIiL57e325+f039\/v2NjUV1fOHiHiqanfmprch4feKSXVIyPOICHmLibFGh\/mLSe\/Fx7XJCPeKSXXJSPNHyHaJyTGGh7lLCbmLCflLSjSIiLkLCbdKSXLHiC\/GB3KHh++Fh3lKyfoLiXcKCPkx8fYb2\/XaGfVXl3aU1LLHiDksbHgKibPICHbJyTfKSXbJyTCGB3KHSDiKybFGh7TIiL\/\/\/\/VIyPRISHIHB\/GGx\/HHB\/DGR7gKibdKCXLHiDZJiTMHiDNHyHYJSTOICHPICHWJCPcKCXXJSPjLCblLCf+\/f3NGR\/uLijzLynPGR\/IGB7WISHaIyLLGh7UAADxLynNAADRLzDbICLQAADIAAD3MCrUHSHXMTDpKSbLAADp5OTij4\/ejo\/VLy\/1LyngJSTcJCPQHx\/OHB7+\/PzaMS\/OLS\/vLijrLSjSAADaNTPwLyjkKSbNJCbYISHPHB\/KGB7WAAD7+vrn3d3aKynTKCjoLCfsKifRGh\/YAADq5+fhjo7QNDXXKCfmJyXt5+fTLzDLLi\/QKivYHRvMGBrQJCXLISPMExXLDxLaEAvkkI\/bOTfaFQ\/SCgpvLcnHAAAAmnRSTlMA+vv7+gT9Bvf9+8z8\/NSv\/Pr5+P7++vnQIBMP\/v38\/Pn348XDiCYf9OjbzcqxXVcx\/fz8+\/rj1r2poo1+fXFqX0orGP7+\/v7+\/fz8+\/r68uzn4trIxsG\/vri3p6GcmZSNbWVYUUZEPQv+\/f39+\/v7+\/v7+vr64tvV1NTTz87FtbSurqeblJKFg4B3bUY+NjL7+\/v7+\/v67t1cDo8JLQAABkRJREFUWMO0kz9rwkAYh0OIeJkum6YugUAhISCdKoj\/P4C7SMdS+gEKIhSKil10LSg4mzXkILdlEpxCpwTiWOLX6BujvQaEQuGeHLnL+\/64J+SIcKGYTYWnntpdLjrVdqvZmNdn0+EE40GtpuuWVS6Xx6N7YDSGpWXpeq02wHgynM7q80az1a52HpddtVcpsi1zFARBrdaxbhp9iUReTGmwA4KAAr7vx3EYejnCMI6hQYEgy0LQi4jUN0wL19vqFcUC9\/1dAKmEEFkWRYkh5oBejnxQJiSJPJ\/uKBp0Thszx9Mw8hMRIQjKsptCfuES9zr5WJY6vSFCIvE9fCMUmEM1A1kSXcYGxgVYsvI1IPKTZciSTI0us\/SMGG04gDzELDoFBwdcFJrF88dqgYMTiL6DILWYyfOWE8\/kIz38olCNlC03FK95+imxp6y4oUSvAnBjHHhKNtotSDqJzVFiK8c2SBqhZtsrTtgrLXwAyduxZHNE26eHUt5rtuM4WSmds3G+sUdWYo1L+XyxButoh5eKUHk5lByO3G1LqqCWVnfrv\/lyPtf\/4ps1cndNGIri8J1TJ0lx6dR\/oPjq1nbRwdp2dCk4CtIOLW3pVKRL6WZfS5vF2KkIQhpwSsjiYIgNCs1gEMGqiIq24NQX9NwoXFy8Ufrl3twTcg4fv8T9\/JBEySduj6Mjm4bMzYV7EEOxKjjoNDud7yY3Dy71Hq2oLmqfbNR723edH9PgMrNL2utoQ3VmaIDkiw\/4w51P06hlZsTZvkRrbVuSIs\/zwSOsycgzStQouoAkWQqioRT5XI7n2Z1wfVhoZmcAJLsoqjqpjbWCgpOAJXBwHK8PzWbNvoUZJND5wCnSkLAkZ1legx6vqQzjoiTahKlGUGLAiIIoABOHaNVw4sexZBym6\/HWlH5h3IC7yRbxtipcWxdTOkORKiNQAEkFf66x5S2oeRbroOlLgg0sSYkR0hRGEqJZ0jTPiQKatESdBckpWigxaapEH0lImHdWu9pUFF2XqMNM2Z4kped7IwEJw2qabwtrQqnpw6HyKkgcadKWsmpywwesDyIhYRpdzXddqegtGIJlXbAIUMOLkGxJUjRIkokwjUaX9d\/kK62ps\/tYUqZLIMkLTyBhsMZ3C5Z\/kDxOSCb\/DOs\/\/J0qcWSX\/2ipe56EgTCA4\/cB7NAYOsni4mZM1MUPAISoEwkDi4lhVBQ1cWQyIcwalw4EpqZN68JUSK7XC0kTlkLYii5uXSC8jT5ncCAS7mjCv0uHp\/3lueHEEAeQ\/\/VgmdN71\/2uCSA1Xr6DO6uI6sW56zqT2tp2PhgiRUAajV8CY2fkcz6WGNKMgLAt7tJAhD4YHMTeRxlALE6+43WqjSWi8ITxyJl8WrwWSNESQZZOqhDDntO3hJLsd5RtSpbJqdv3YrDJH3F7jL1R2O2aQkn2MyCyKYz0GPGIvSAMgBCrCEiJyKbBaYGwLW4uPRr0A0M4Ux5kUI7IBh+hMdiCEWNqhMZGyYMsOgNE58UQuEQeUnSWCMYwL54hkxK6IoqucQZbQ3pc3XtL0lky1dL0zZJJDpWJovFqpWj6JEHnyam2eQp5QRVAVHjWparTOaVwUOx99YS2MvgxIGV0bb+qIg2HX2qkFFJB+XZcbLiuRkuxD9GRroKyveLxdh4d7Orx+hb7qc3uVRuEogCOnyIxm4ubUoPgF4jianDrC+SDQDKEfJb0GUKmjCGPYHGJvVC6X4hw1\/sAfQAdfYyephIaspXe36RwOP+Ljvfx9B6B3i+Nk0DGq+oCbLn6JpBa9nWAveAIHwFAwtVcIJXPMPL8kRu5OAYPMaL1WScTxjiZDqB9LTJSWphow\/pTYKRTLjCBhvi9iBidvKcDasGSm0QQkycYuLBqj6QCELPctqChDWpTRMWkngNNpQ1Pfp1KkiT\/Y0DGffXAweUNfLAfaJFKDwhb6I+bkYRbkERoEeu3Fyjg2opMz2daZCS9jt6Q7txNfB+OZEVF6Zl5web2xunnLQrtrjXseXKaFYziYINeMFZVxS9VxRhOoesYwxPKXm+gWLG9cuFeq93UNNeJNsf1KlwuDok9n02n3TgIJpOxNfL9naIoQwXtfH9kjceTIIi709ncTg6LZbg+biLH1V6u\/7rxBem06VXKn9raAAAAAElFTkSuQmCC\")      no-repeat center center \/ contain;  }  @media screen and (max-width: 960px) and (orientation: portrait) {    .logo {      width: 100%;    }    .logo .pc-banner {      display: none;    }    .logo .m-banner {      display: block;      width: 100%;    }    .logo .m-banner img {      height: auto!important;    }    .ytvideo {      height: 200px;      width: 100%;    }  }<\/style><style>  .video-section {    width: 100%;    margin: 0 auto;  }  .video-section > img {    width: 100%;  }  .video-section iframe,  .video-section video {    width: 100%;    height: 100%;      }  .video-section-img-m,  .video-section-img-pc > img {    width: 100%;    height: auto;  }  .video-section-img-pc.small > img {    width: 970px;  }  .video-desc {    line-height: 1.5;    font-size: 20px;    font-weight: 400;    margin: 20px 0;    text-align: center;    color: #0f1111;    word-break: break-word;  }  @media screen and (max-width: 960px) and (orientation: portrait) {    .video-section {      width: 100%;    }    .video-section-pc,    .video-section-img-pc {      display: none;    }    .video-section-m,    .video-section-img-m {      display: block;    }    .video-desc {      font-size: 15px;    }  }  @media screen and (min-width: 960px) {    .video-section {      width: 100%;      margin: 0 auto;    }    .video-section-pc,    .video-section-img-pc {      display: block;    }    .video-section-m,    .video-section-img-m {      display: none;    }    .video-desc {      font-size: 20px;    }  }<\/style><style>  .section + .section {    margin-top: 35px;  }  .section-title {    text-align: center;    font-weight: bold;    color: #0d1111;    font-family: \"Arial\";    font-size: 32px;    margin: 15px 0;  }  .section-title:empty {    display: none;  }  .section-desc {    text-align: center;    font-weight: normal;    color: #0d1111;    margin-top: 20px;  }  .section-desc:empty {    display: none;  }  .section-img {    width: 1200px;    height: 492px;    margin: 0 auto;    display: block;  }  .section-img.small {    width: 970px;    height: auto;  }  .section-img.small > img {    height: auto;  }  .section-img > img {    width: 100%;    height: 100%;  }  .section-mobile-img {    display: none;    max-width: 100vw;    max-height: 75vw;    height: 450px;    margin: 0 auto;  }  .section-mobile-img > img {    width: 100%;    height: 100%;  }  @media screen and (max-width: 960px) and (orientation: portrait) {    .container {      width: 100%;    }    .container.small {      width: 100%;    }    .section-mobile-img {      display: block;    }    .section-img {      display: none;    }    .section-title {      font-size: 22px;      margin: 10px 0;    }    .section-desc {      margin-top: 10px;    }    .section + .section {      margin-top: 20px;    }  }<\/style><\/head><body><div class=\"container\"><div class=\"logo\"><div class=\"pc-banner\"><div><img decoding=\"async\" src=\"\/vevor\/vevor\/boutique-banner\/pc\/en-pc@1x.jpg\" style=\"width: 100%;\" \/><\/div><\/div><div class=\"m-banner\"><div><img decoding=\"async\" src=\"\/vevor\/vevor\/boutique-banner\/mobile\/en-m@1x.jpg\" style=\"width: 100%;\" \/><\/div><\/div><\/div><div class=\"section-title\">VEVOR 8FT Barn Door Hardware Kit Topelt Uks -- I Kuju Riidepuu<\/div><div class=\"video-section\"><div class=\"video-section-img-pc\"><img decoding=\"async\" src=\"\/vevor\/product\/GCYMWJTJHS8FD5SVJ\/barn-door-hardware-kit-a100-1.4.jpg\" alt=\"VEVOR libistades barn door hardware kit, 8ft j\u00e4lgida, valge uksed, sobib topelt uksed, lihtne paigaldada.\" \/><\/div><div class=\"video-section-img-m\"><img decoding=\"async\" src=\"\/vevor\/product\/GCYMWJTJHS8FD5SVJ\/barn-door-hardware-kit-a100-1.4-m.jpg\" alt=\"VEVOR libistades barn door hardware kit, 8ft j\u00e4lgida, valge uksed, sobib topelt uksed, lihtne paigaldada.\" \/><\/div><div class=\"section-desc\">T\u00e4iendage oma kodu stiili selle raskeveokite aidaukse riistvarakomplektiga. Kvaliteetsest s\u00fcsinikterasest valmistatud aidaukse rajakomplekt on piisavalt vastupidav ja vastupidav, et toetada uksi kuni 330 naela. See riistvarakomplekt sobib kahekordsete uste jaoks, mitmek\u00fclgne t\u00e4iendus teie kodule, kontorile v\u00f5i isegi teie aidale.<\/div><\/div><div class=\"section\"><div class=\"section-title\"><\/div><div class=\"section-img\"><img decoding=\"async\" src=\"\/vevor\/product\/GCYMWJTJHS8FD5SVJ\/barn-door-hardware-kit-a100-2.2.jpg\" alt=\"k\u00f5rge kvaliteediga terasest raam libistades laut uksed VEVOR libistades barn door hardware kit, 330 lbs kandvate.\" \/><\/div><div class=\"section-mobile-img\"><img decoding=\"async\" src=\"\/vevor\/product\/GCYMWJTJHS8FD5SVJ\/barn-door-hardware-kit-a100-2.2-m.jpg\" alt=\"k\u00f5rge kvaliteediga terasest raam libistades laut uksed VEVOR libistades barn door hardware kit, 330 lbs kandvate.\" \/><\/div><div class=\"section-desc\">Meisterdatud tugev s\u00fcsinik terasest ja viimistletud musta pulberv\u00e4rviga, meie libistades barn door hardware kit pakub erakordne vastupidavus korrosiooni eest, tagades p\u00fcsiva segu allure ja vastupidavuse. Mille kandev\u00f5ime on kuni 330lbs, see pakub aastat t\u00f6\u00f6kindel.<\/div><\/div><div class=\"section\"><div class=\"section-title\"><\/div><div class=\"section-img\"><img decoding=\"async\" src=\"\/vevor\/product\/GCYMWJTJHS8FD5SVJ\/barn-door-hardware-kit-a100-2.3.jpg\" alt=\"probleemivaba paigaldus sammud VEVOR libistades barn door hardware kit koos illustreeriva visuaalid.\" \/><\/div><div class=\"section-mobile-img\"><img decoding=\"async\" src=\"\/vevor\/product\/GCYMWJTJHS8FD5SVJ\/barn-door-hardware-kit-a100-2.3-m.jpg\" alt=\"probleemivaba paigaldus sammud VEVOR libistades barn door hardware kit koos illustreeriva visuaalid.\" \/><\/div><div class=\"section-desc\">Meie double-uksega ait ukse j\u00e4lgida kit sisaldab k\u00f5iki olulisi riistvara ja \u00fcksikasjalikke juhiseid v\u00e4simatu paigaldus. Ait ukse riistvara komplekt on m\u00f5eldud, et mahutada topelt uks kogu laius alates 3.7-4.3 JALGA ja ukse paksus 1.3&#034; 1,8&#034;.<\/div><\/div><div class=\"section\"><div class=\"section-title\"><\/div><div class=\"section-img\"><img decoding=\"async\" src=\"\/vevor\/product\/GCYMWJTJHS8FD5SVJ\/barn-door-hardware-kit-a100-2.4.jpg\" alt=\"hea kvaliteediga vaikne rihmarattad jaoks VEVOR libistades ait ukse riistvara komplekt, mis tagab sujuva, vaikse veerema.\" \/><\/div><div class=\"section-mobile-img\"><img decoding=\"async\" src=\"\/vevor\/product\/GCYMWJTJHS8FD5SVJ\/barn-door-hardware-kit-a100-2.4-m.jpg\" alt=\"hea kvaliteediga vaikne rihmarattad jaoks VEVOR libistades ait ukse riistvara komplekt, mis tagab sujuva, vaikse veerema.\" \/><\/div><div class=\"section-desc\">Suure tihedusega vaiksed rihmarattad, mis on konstrueeritud kahe kandva konstruktsiooniga, tagavad peaaegu helitu ja m\u00e4rkimisv\u00e4\u00e4rselt sujuva libiseva liikumise. Pealegi on need rihmarattad konstrueeritud nii, et need oleksid lauda ukse siinile \u00f5rnad, v\u00e4hendades inetuid kriimustusi ja s\u00e4ilitades r\u00f6\u00f6bastee puutumatu v\u00e4limuse.<\/div><\/div><div class=\"section\"><div class=\"section-title\"><\/div><div class=\"section-img\"><img decoding=\"async\" src=\"\/vevor\/product\/GCYMWJTJHS8FD5SVJ\/barn-door-hardware-kit-a100-2.5.jpg\" alt=\"elegantne ja ruumi-s\u00e4\u00e4stes VEVOR libistades barn door hardware kit k\u00f6\u00f6k, magamistuba, dushiruum ja garderoob.\" \/><\/div><div class=\"section-mobile-img\"><img decoding=\"async\" src=\"\/vevor\/product\/GCYMWJTJHS8FD5SVJ\/barn-door-hardware-kit-a100-2.5-m.jpg\" alt=\"elegantne ja ruumi-s\u00e4\u00e4stes VEVOR libistades barn door hardware kit k\u00f6\u00f6k, magamistuba, dushiruum ja garderoob.\" \/><\/div><div class=\"section-desc\">Meie klassikaline barn door hardware kit suurendab kodu esteetika ja s\u00e4\u00e4stab palju ruumi. See on ideaalne magamistuba, kapid, elutoad, vannituba, ja rohkem. Kui soovite lisada puudutus stiili ja funktsionaalsust oma kodu, siis meie 8ft libistades barn door hardware kit on ideaalne lahendus.<\/div><\/div><div class=\"section\"><div class=\"section-img\"><img decoding=\"async\" src=\"\/vevor\/product\/GCYMWJTJHS8FD5SVJ\/barn-door-hardware-kit-a100-1.11.jpg\" alt=\"VEVOR libistades barn door hardware kit \u00fcksikasjalikud koos m\u00f5\u00f5tmed, materjalid, ja kirjeldused valgel taustal.\" \/><\/div><div class=\"section-mobile-img\"><img decoding=\"async\" src=\"\/vevor\/product\/GCYMWJTJHS8FD5SVJ\/barn-door-hardware-kit-a100-1.11-m.jpg\" alt=\"VEVOR libistades barn door hardware kit \u00fcksikasjalikud koos m\u00f5\u00f5tmed, materjalid, ja kirjeldused valgel taustal.\" \/><\/div><\/div><\/div><\/body><\/html><\/div>\n<div class=\"DM_at-title\" id=\"js-DM_at-title\"> <div>Toote spetsifikatsioon<\/div> <i class=\"icon-arrowup_line\"><\/i> <\/div><div class=\"DM_at-goodsDescAttr\" id=\"js-DM_at-goodsDescAttr\"> <div class=\"DM_at-goodsDescAttrInner\"> <dl class=\"goodsDesc_item goodsDesc_item_even\"> <dt>Punkt Mudeli Number<\/dt> <dd> 010-3.0 m<\/dd> <\/dl> <dl class=\"goodsDesc_item\"> <dt>Max Koormus Laagri<\/dt> <dd> 330 LBS<\/dd> <\/dl> <dl class=\"goodsDesc_item goodsDesc_item_even\"> <dt>Neto Kaal<\/dt> <dd> 17.9 lbs \/ 8.1 kg<\/dd> <\/dl> <dl class=\"goodsDesc_item\"> <dt>Toote M\u00f5\u00f5tmed<\/dt> <dd> 96.1&#034; x 1.5&#034; x 0.2&#034; \/ 2440 x 39.24 x 5.6 mm<\/dd> <\/dl> <dl class=\"goodsDesc_item goodsDesc_item_even\"> <dt>Sobib Ukse Paksus<\/dt> <dd> 1.3 - 1.8 \/ 32 - 45mm<\/dd> <\/dl> <dl class=\"goodsDesc_item\"> <dt>Sobib Ukse Laius <\/dt> <dd> 3.7-4.3 ft \/ 1.12-1.32 m (2 Ust Kokku Laius)<\/dd> <\/dl> <dl class=\"goodsDesc_item goodsDesc_item_even\"> <dt>Peamine Materjal<\/dt> <dd> S\u00fcsinikusisaldusega Teras<\/dd> <\/dl> <\/div> <\/div>","protected":false},"excerpt":{"rendered":"<ul>\n<li> 2. Jagu Lugusid Elektriline S\u00fcsteem: VEVOR 8ft I-kujuline libistades barn door hardware kit kaasas 2-jagu lugusid, mis teeb assamblee erakordselt lihtsamaks ja turvalisemaks. See raskeveokite barn door hardware kit saab kergesti mahutada kuni ait ukse j\u00e4lgida ilma, et v\u00e4risemine, kuigi madal kliirens ait ukse riistvara s\u00fcsteem n\u00f5uab v\u00e4hem ruumi \u00fcle ukseava, nii stabiilne ja ruumis\u00e4\u00e4stlik! <\/li>\n<li> Raskeveokite ja Vastupidav: Meie libistades ait ukse riistvara on valmistatud tugevast s\u00fcsinikterasest, peene musta pulberv\u00e4rviga kaetud pinnale. See annab suurep\u00e4rase anti-korrosiooni tulemuslikkuse aastat atraktiivsust ja vastupidavus. See 8ft ait ukse j\u00e4lgida ja riistvara komplekt sobib topelt uksed kuni 4.3 JALGA lai (2 ust kokku laius) ja kaaluga kuni 330 naela, mis sobib suurep\u00e4raselt k\u00f5ige uksed. Sobib Topelt Uksed Kogu Laius: 3.7-4.3 JALGA; Sobib Ukse Paksus: 1.3 &#034;-1.8&#034;. <\/li>\n<li> Sujuv ja Vaikne Libistades: sujuv libisemine ait ukse riistvara s\u00fcsteem on loodud, et pakkuda uuenduslikku lahendust suletud-off tubades v\u00f5i kitsastes. K\u00f5rge tihedusega vaikne rihmarattad, projekteeritud dual-laagri ehitus, tagavad ultra-vaikne ja erakordselt sujuvat libisemist kogemus, et ka minimeerida v\u00f5imalike kriimud ait ukse raudtee. <\/li>\n<li> Lihtne Paigaldus: laut-ukseline track komplekt topelt uksed on kaasas k\u00f5ik vajalik riistvara ja \u00fcksikasjalikke juhiseid, et muuta paigaldus imelihtne. Ait ukse riistvara komplekt sisaldab: 2 x 4FT Libistades Ait Ukse Lugusid, 4 x I Kuju Riidepuud, 7 x Plastikust Seibid, 4 x Anti-kerged peenkoes d\u017eemprid, 4 x Ukse Sulgurid, Paigaldamise Juhend ja Teiste Assamblee Riistvara. (T\u00e4helepanu: Riistvara ainult, barn door ei kuulu komplekti.) <\/li>\n<li> Ideaalne kasutamiseks Kuskil: Meie elegantne barn door hardware kit toimib nii trendikas home decor ja ruumis\u00e4\u00e4stlik lahendus. See on ideaalne magamistuba, kapid, elutoad, vannituba, ja kaugemale. Kehtestada segu stiili ja funktsionaalsust oma kodu meie 8ft libistades barn door hardware kit -suurep\u00e4rane valik! <\/li>\n<\/ul>","protected":false},"featured_media":271088,"comment_status":"closed","ping_status":"open","template":"","meta":{"om_disable_all_campaigns":false,"_uf_show_specific_survey":0,"_uf_disable_surveys":false},"location":[1935,1934],"product_brand":[21],"product_cat":[3118,2654,65,3120,3119],"product_tag":[],"class_list":{"0":"post-18330","1":"product","2":"type-product","3":"status-publish","4":"has-post-thumbnail","6":"location-supplier_stock_location","7":"location-local_stock_location","8":"product_brand-vevor","9":"product_cat-barn-door-hardware","10":"product_cat-door-hardware","11":"product_cat-hardware","12":"product_cat-simple-sliding-barn-door-hardware-kit","13":"product_cat-sliding-barn-door-hardware-kit-barn-door-hardware","15":"first","16":"instock","17":"taxable","18":"shipping-taxable","19":"purchasable","20":"product-type-simple"},"aioseo_notices":[],"locations":[{"id":1935,"name":"Pieg\u0101d\u0101t\u0101ja noliktav\u0101 (5-7dd)","slug":"supplier_stock_location","quantity":"296"},{"id":1934,"name":"R\u012bgas veikal\u0101 (0-2d.d.)","slug":"local_stock_location","quantity":"0"}],"_links":{"self":[{"href":"https:\/\/vevorshop.lv\/et\/wp-json\/wp\/v2\/product\/18330","targetHints":{"allow":["GET"]}}],"collection":[{"href":"https:\/\/vevorshop.lv\/et\/wp-json\/wp\/v2\/product"}],"about":[{"href":"https:\/\/vevorshop.lv\/et\/wp-json\/wp\/v2\/types\/product"}],"replies":[{"embeddable":true,"href":"https:\/\/vevorshop.lv\/et\/wp-json\/wp\/v2\/comments?post=18330"}],"wp:featuredmedia":[{"embeddable":true,"href":"https:\/\/vevorshop.lv\/et\/wp-json\/wp\/v2\/media\/271088"}],"wp:attachment":[{"href":"https:\/\/vevorshop.lv\/et\/wp-json\/wp\/v2\/media?parent=18330"}],"wp:term":[{"taxonomy":"location","embeddable":true,"href":"https:\/\/vevorshop.lv\/et\/wp-json\/wp\/v2\/location?post=18330"},{"taxonomy":"product_brand","embeddable":true,"href":"https:\/\/vevorshop.lv\/et\/wp-json\/wp\/v2\/product_brand?post=18330"},{"taxonomy":"product_cat","embeddable":true,"href":"https:\/\/vevorshop.lv\/et\/wp-json\/wp\/v2\/product_cat?post=18330"},{"taxonomy":"product_tag","embeddable":true,"href":"https:\/\/vevorshop.lv\/et\/wp-json\/wp\/v2\/product_tag?post=18330"}],"curies":[{"name":"wp","href":"https:\/\/api.w.org\/{rel}","templated":true}]}}