{"id":190365,"date":"2025-09-10T12:50:54","date_gmt":"2025-09-10T12:50:54","guid":{"rendered":"https:\/\/vevorshop.lv\/en_us\/Prece\/vevor-33cc-2-stroke-gas-pole-saw-with-20cm-bar-telescopic-tree-trimmer-up-to-3-54m-8-9kg-lightweight-cordless-pruner\/"},"modified":"2026-05-12T09:56:43","modified_gmt":"2026-05-12T06:56:43","slug":"vevor-33cc-2-stroke-gas-pole-saw-with-20cm-bar-telescopic-tree-trimmer-up-to-3-54m-8-9kg-lightweight-cordless-pruner","status":"publish","type":"product","link":"https:\/\/vevorshop.lv\/et\/Prece\/vevor-33cc-2-stroke-gas-pole-saw-with-20cm-bar-telescopic-tree-trimmer-up-to-3-54m-8-9kg-lightweight-cordless-pruner\/","title":{"rendered":"VEVOR 33CC bensiiniga teleskoopne oksasaag, 2-taktiline, 20.3 cm latt, ulatuvus 2\u20133.5 m, 850 ml k\u00fctusepaak"},"content":{"rendered":"<div style=\"color: #fff!important; font-size: 16px; height: 24px; line-height: 24px; margin-top: -24px; \" class=\"product_original_name\">VEVOR Gas Pole Saw, 33CC 2 Stroke Gas Powered Pole Saws with 20.3 cm Cutting Bar, Cordless Tree Trimmer with 850ml Fuel Tank, 2 to 3.5 m  Extendable, Powerful Chainsaw for Tree Trimming Pruning<\/div>\n<div style=\"color: #fff!important; font-size: 16px; height: 24px; line-height: 24px; margin-top: -24px; \" class=\"product_sku\">MEHIMVJ2<\/div>\n<div style=\"color: #fff!important; font-size: 16px; height: 24px; line-height: 24px; margin-top: -24px; \" class=\"product_mpn\">ECCYJCS8INCHCL6X7002V0<\/div><div id=\"js-DM_at-goodDescRich\"><html><head><style>  body {    font-family: Arial;    line-height: 1.5;    color: #1c1c1c;    overflow-x: hidden;    margin: 0;    padding: 0;  }  .MsoNormal b {    font-weight: bolder;  }<\/style><style>  .container.small {    width: 970px;    margin: 0 auto;  }  .logo {    margin: 0 auto 0;  }  .logo img {    display: block;    margin: 0 auto;    max-width: 100%;  }  .logo .pc-banner {    display: block;    width: 1200px;    height: 247.4px;    margin: 0 auto;  }  .logo .pc-banner.small {    width: 970px;  }  .logo .pc-banner.small img {    height: auto!important;  }  .logo .m-banner {    display: none;  }  .ytvideo {    position: relative;    height: 546px;    width: 100%;    margin: 0 auto;  }  .ytvideo img {    width: 100%;    margin: 0 auto;  }  .ytvideo .play-btn {    width: 60px;    height: 42px;    position: absolute;    top: 50%;    left: 50%;    transform: translate(-50%, -50%);    background: url(\"data:image\/png;base64,iVBORw0KGgoAAAANSUhEUgAAAGQAAABGCAMAAAANWMFbAAAC+lBMVEUAAADBGB3kLCfBGB3kLCfcJC7BFx3KKSbiKybkLCbWJCPSIiLSIiLPICHAFx3kLCfgKSXNHiDZJiTIGx\/p4eHcjo7LHSDbJyTkLCbjKyfOHyHPIiL28fHJHB\/GGh7EGR7eKCXDGB3RISHlLSbBGB3AFxzGHB7DGB7BGB3hKybkKybAFx3lLCfAFxzDGR3hKibDGB7cJyTmz8\/elJTlwcHjurrUIyLlLSflLSfAFx3DGR7lLSfCFx3hKibhKibhKybjKybkLCblLSfbJSX49vbx7e3NNzjNMTLMJyjVIyLZf3\/ZQ0LaeHjx0tLgoqLkLCfCGB3HGx\/BGB3BFx3PICHCGB7WJCLOHyC\/Fxy\/Fx3lLCfQISHkLSe\/FxzbJiTBFx3FGx\/AGB7BFx3EGR7AGB3HHSDfKiXAFh3TISHYNzbhKibbJyTTIiL57e325+f039\/v2NjUV1fOHiHiqanfmprch4feKSXVIyPOICHmLibFGh\/mLSe\/Fx7XJCPeKSXXJSPNHyHaJyTGGh7lLCbmLCflLSjSIiLkLCbdKSXLHiC\/GB3KHh++Fh3lKyfoLiXcKCPkx8fYb2\/XaGfVXl3aU1LLHiDksbHgKibPICHbJyTfKSXbJyTCGB3KHSDiKybFGh7TIiL\/\/\/\/VIyPRISHIHB\/GGx\/HHB\/DGR7gKibdKCXLHiDZJiTMHiDNHyHYJSTOICHPICHWJCPcKCXXJSPjLCblLCf+\/f3NGR\/uLijzLynPGR\/IGB7WISHaIyLLGh7UAADxLynNAADRLzDbICLQAADIAAD3MCrUHSHXMTDpKSbLAADp5OTij4\/ejo\/VLy\/1LyngJSTcJCPQHx\/OHB7+\/PzaMS\/OLS\/vLijrLSjSAADaNTPwLyjkKSbNJCbYISHPHB\/KGB7WAAD7+vrn3d3aKynTKCjoLCfsKifRGh\/YAADq5+fhjo7QNDXXKCfmJyXt5+fTLzDLLi\/QKivYHRvMGBrQJCXLISPMExXLDxLaEAvkkI\/bOTfaFQ\/SCgpvLcnHAAAAmnRSTlMA+vv7+gT9Bvf9+8z8\/NSv\/Pr5+P7++vnQIBMP\/v38\/Pn348XDiCYf9OjbzcqxXVcx\/fz8+\/rj1r2poo1+fXFqX0orGP7+\/v7+\/fz8+\/r68uzn4trIxsG\/vri3p6GcmZSNbWVYUUZEPQv+\/f39+\/v7+\/v7+vr64tvV1NTTz87FtbSurqeblJKFg4B3bUY+NjL7+\/v7+\/v67t1cDo8JLQAABkRJREFUWMO0kz9rwkAYh0OIeJkum6YugUAhISCdKoj\/P4C7SMdS+gEKIhSKil10LSg4mzXkILdlEpxCpwTiWOLX6BujvQaEQuGeHLnL+\/64J+SIcKGYTYWnntpdLjrVdqvZmNdn0+EE40GtpuuWVS6Xx6N7YDSGpWXpeq02wHgynM7q80az1a52HpddtVcpsi1zFARBrdaxbhp9iUReTGmwA4KAAr7vx3EYejnCMI6hQYEgy0LQi4jUN0wL19vqFcUC9\/1dAKmEEFkWRYkh5oBejnxQJiSJPJ\/uKBp0Thszx9Mw8hMRIQjKsptCfuES9zr5WJY6vSFCIvE9fCMUmEM1A1kSXcYGxgVYsvI1IPKTZciSTI0us\/SMGG04gDzELDoFBwdcFJrF88dqgYMTiL6DILWYyfOWE8\/kIz38olCNlC03FK95+imxp6y4oUSvAnBjHHhKNtotSDqJzVFiK8c2SBqhZtsrTtgrLXwAyduxZHNE26eHUt5rtuM4WSmds3G+sUdWYo1L+XyxButoh5eKUHk5lByO3G1LqqCWVnfrv\/lyPtf\/4ps1cndNGIri8J1TJ0lx6dR\/oPjq1nbRwdp2dCk4CtIOLW3pVKRL6WZfS5vF2KkIQhpwSsjiYIgNCs1gEMGqiIq24NQX9NwoXFy8Ufrl3twTcg4fv8T9\/JBEySduj6Mjm4bMzYV7EEOxKjjoNDud7yY3Dy71Hq2oLmqfbNR723edH9PgMrNL2utoQ3VmaIDkiw\/4w51P06hlZsTZvkRrbVuSIs\/zwSOsycgzStQouoAkWQqioRT5XI7n2Z1wfVhoZmcAJLsoqjqpjbWCgpOAJXBwHK8PzWbNvoUZJND5wCnSkLAkZ1legx6vqQzjoiTahKlGUGLAiIIoABOHaNVw4sexZBym6\/HWlH5h3IC7yRbxtipcWxdTOkORKiNQAEkFf66x5S2oeRbroOlLgg0sSYkR0hRGEqJZ0jTPiQKatESdBckpWigxaapEH0lImHdWu9pUFF2XqMNM2Z4kped7IwEJw2qabwtrQqnpw6HyKkgcadKWsmpywwesDyIhYRpdzXddqegtGIJlXbAIUMOLkGxJUjRIkokwjUaX9d\/kK62ps\/tYUqZLIMkLTyBhsMZ3C5Z\/kDxOSCb\/DOs\/\/J0qcWSX\/2ipe56EgTCA4\/cB7NAYOsni4mZM1MUPAISoEwkDi4lhVBQ1cWQyIcwalw4EpqZN68JUSK7XC0kTlkLYii5uXSC8jT5ncCAS7mjCv0uHp\/3lueHEEAeQ\/\/VgmdN71\/2uCSA1Xr6DO6uI6sW56zqT2tp2PhgiRUAajV8CY2fkcz6WGNKMgLAt7tJAhD4YHMTeRxlALE6+43WqjSWi8ITxyJl8WrwWSNESQZZOqhDDntO3hJLsd5RtSpbJqdv3YrDJH3F7jL1R2O2aQkn2MyCyKYz0GPGIvSAMgBCrCEiJyKbBaYGwLW4uPRr0A0M4Ux5kUI7IBh+hMdiCEWNqhMZGyYMsOgNE58UQuEQeUnSWCMYwL54hkxK6IoqucQZbQ3pc3XtL0lky1dL0zZJJDpWJovFqpWj6JEHnyam2eQp5QRVAVHjWparTOaVwUOx99YS2MvgxIGV0bb+qIg2HX2qkFFJB+XZcbLiuRkuxD9GRroKyveLxdh4d7Orx+hb7qc3uVRuEogCOnyIxm4ubUoPgF4jianDrC+SDQDKEfJb0GUKmjCGPYHGJvVC6X4hw1\/sAfQAdfYyephIaspXe36RwOP+Ljvfx9B6B3i+Nk0DGq+oCbLn6JpBa9nWAveAIHwFAwtVcIJXPMPL8kRu5OAYPMaL1WScTxjiZDqB9LTJSWphow\/pTYKRTLjCBhvi9iBidvKcDasGSm0QQkycYuLBqj6QCELPctqChDWpTRMWkngNNpQ1Pfp1KkiT\/Y0DGffXAweUNfLAfaJFKDwhb6I+bkYRbkERoEeu3Fyjg2opMz2daZCS9jt6Q7txNfB+OZEVF6Zl5web2xunnLQrtrjXseXKaFYziYINeMFZVxS9VxRhOoesYwxPKXm+gWLG9cuFeq93UNNeJNsf1KlwuDok9n02n3TgIJpOxNfL9naIoQwXtfH9kjceTIIi709ncTg6LZbg+biLH1V6u\/7rxBem06VXKn9raAAAAAElFTkSuQmCC\")      no-repeat center center \/ contain;  }  @media screen and (max-width: 960px) and (orientation: portrait) {    .logo {      width: 100%;    }    .logo .pc-banner {      display: none;    }    .logo .m-banner {      display: block;      width: 100%;    }    .logo .m-banner img {      height: auto!important;    }    .ytvideo {      height: 200px;      width: 100%;    }  }<\/style><style>  .video-section {    width: 100%;    margin: 0 auto;  }  .video-section > img {    width: 100%;  }  .video-section iframe,  .video-section video {    width: 100%;    height: 100%;      }  .video-section-img-m,  .video-section-img-pc > img {    width: 100%;    height: auto;  }  .video-section-img-pc.small > img {    width: 970px;  }  .video-desc {    line-height: 1.5;    font-size: 20px;    font-weight: 400;    margin: 20px 0;    text-align: center;    color: #0f1111;    word-break: break-word;  }  @media screen and (max-width: 960px) and (orientation: portrait) {    .video-section {      width: 100%;    }    .video-section-pc,    .video-section-img-pc {      display: none;    }    .video-section-m,    .video-section-img-m {      display: block;    }    .video-desc {      font-size: 15px;    }  }  @media screen and (min-width: 960px) {    .video-section {      width: 100%;      margin: 0 auto;    }    .video-section-pc,    .video-section-img-pc {      display: block;    }    .video-section-m,    .video-section-img-m {      display: none;    }    .video-desc {      font-size: 20px;    }  }<\/style><style>  .section + .section {    margin-top: 35px;  }  .section-title {    text-align: center;    font-weight: bold;    color: #0d1111;    font-family: \"Arial\";    font-size: 32px;    margin: 15px 0;  }  .section-title:empty {    display: none;  }  .section-desc {    text-align: center;    font-weight: normal;    color: #0d1111;    margin-top: 20px;  }  .section-desc:empty {    display: none;  }  .section-img {    width: 1200px;    height: 492px;    margin: 0 auto;    display: block;  }  .section-img.small {    width: 970px;    height: auto;  }  .section-img.small > img {    height: auto;  }  .section-img > img {    width: 100%;    height: 100%;  }  .section-mobile-img {    display: none;    max-width: 100vw;    max-height: 75vw;    height: 450px;    margin: 0 auto;  }  .section-mobile-img > img {    width: 100%;    height: 100%;  }  @media screen and (max-width: 960px) and (orientation: portrait) {    .container {      width: 100%;    }    .container.small {      width: 100%;    }    .section-mobile-img {      display: block;    }    .section-img {      display: none;    }    .section-title {      font-size: 22px;      margin: 10px 0;    }    .section-desc {      margin-top: 10px;    }    .section + .section {      margin-top: 20px;    }  }<\/style><\/head><body><div class=\"container\"><div class=\"logo\"><div class=\"pc-banner\"><div><img decoding=\"async\" src=\"\/vevor\/vevor\/boutique-banner\/pc\/en-pc@1x.jpg\" style=\"width: 100%;\" \/><\/div><\/div><div class=\"m-banner\"><div><img decoding=\"async\" src=\"\/vevor\/vevor\/boutique-banner\/mobile\/en-m@1x.jpg\" style=\"width: 100%;\" \/><\/div><\/div><\/div><div class=\"section-title\">2-Taktiline Juhtmeta Gaasi-Powered Pole N\u00e4gin<\/div><div class=\"video-section\"><div class=\"video-section-img-pc\"><img decoding=\"async\" src=\"\/vevor\/product\/ECCYJCS8INCHCL6X7002\/pole-saw-a100-1.4.jpg\" \/><\/div><div class=\"video-section-img-m\"><img decoding=\"async\" src=\"\/vevor\/product\/ECCYJCS8INCHCL6X7002\/pole-saw-a100-1.4-m.jpg\" \/><\/div><div class=\"section-desc\">See gaasitoitel mastisaag on m\u00f5eldud v\u00e4listingimustes p\u00fcgamiseks ja haljastuseks, millel on suure j\u00f5udlusega 2-taktiline bensiinimootor, mis tagab v\u00f5imsa j\u00f5udluse lihtsa k\u00e4ivitamise korral. 8 tolline\/20,3 cm mootorsaag tagab sujuva l\u00f5ikamise ja juhtmeta disain v\u00f5imaldab teil h\u00f5lpsalt j\u00f5uda k\u00f5rgete oksteni.<\/div><\/div><div class=\"section\"><div class=\"section-title\"><\/div><div class=\"section-img\"><img decoding=\"async\" src=\"\/vevor\/product\/ECCYJCS8INCHCL6X7002\/pole-saw-a100-2.2.jpg\" \/><\/div><div class=\"section-mobile-img\"><img decoding=\"async\" src=\"\/vevor\/product\/ECCYJCS8INCHCL6X7002\/pole-saw-a100-2.2-m.jpg\" \/><\/div><div class=\"section-desc\">Equipped with a 33cc 2-stroke gasoline engine, gas powered pole saw delivers 0.75 kW of power and reaching up to 12,000 RPM, paired with an 8\" (20.3 cm) guide bar for fast and efficient cutting. No need to worry about cord lengths or battery life, for higher cutting efficiency and stable operation.<\/div><\/div><div class=\"section\"><div class=\"section-title\"><\/div><div class=\"section-img\"><img decoding=\"async\" src=\"\/vevor\/product\/ECCYJCS8INCHCL6X7002\/pole-saw-a100-2.3.jpg\" \/><\/div><div class=\"section-mobile-img\"><img decoding=\"async\" src=\"\/vevor\/product\/ECCYJCS8INCHCL6X7002\/pole-saw-a100-2.3-m.jpg\" \/><\/div><div class=\"section-desc\">Gaasi j\u00f5ul pole n\u00e4gin on m\u00f5eldud mugavust ergonoomiline k\u00e4epide ja polsterdatud \u00f5larihm, et v\u00e4hendada v\u00e4simust ajal pikemat kasutamist. Selle pikendatav masti on lihtne ladustada ja vedada. Suure mahutavusega k\u00fctusepaak ja automaatne m\u00e4\u00e4rimine funktsioon on tagada t\u00f5rgeteta.<\/div><\/div><div class=\"section\"><div class=\"section-title\"><\/div><div class=\"section-img\"><img decoding=\"async\" src=\"\/vevor\/product\/ECCYJCS8INCHCL6X7002\/pole-saw-a100-2.4.jpg\" \/><\/div><div class=\"section-mobile-img\"><img decoding=\"async\" src=\"\/vevor\/product\/ECCYJCS8INCHCL6X7002\/pole-saw-a100-2.4-m.jpg\" \/><\/div><div class=\"section-desc\">Poolakas on tehtud rooste-vastupidavad alumiiniumist taluma erinevaid ilmastikutingimusi. Terasest juhend baar ja kett on ehitatud vastupidavust, v\u00e4hendada asendamine sageduse ja aja ja raha kokkuhoid.<\/div><\/div><div class=\"section\"><div class=\"section-title\"><\/div><div class=\"section-img\"><img decoding=\"async\" src=\"\/vevor\/product\/ECCYJCS8INCHCL6X7002\/pole-saw-a100-2.5.jpg\" \/><\/div><div class=\"section-mobile-img\"><img decoding=\"async\" src=\"\/vevor\/product\/ECCYJCS8INCHCL6X7002\/pole-saw-a100-2.5-m.jpg\" \/><\/div><div class=\"section-desc\">Meie juhtmeta pole n\u00e4gin on ideaalne kodu aiad, viljapuuaiad, v\u00f5i professionaalse haljastus, see pole n\u00e4gin saavad hakkama paljude \u00fclesannetega. Tema v\u00f5imas mootor ja t\u00f5hus l\u00f5ikamine v\u00f5imsust muuta see ideaalne vahend v\u00e4ljas p\u00fcgamine.<\/div><\/div><div class=\"section\"><div class=\"section-img\"><img decoding=\"async\" src=\"\/vevor\/product\/ECCYJCS8INCHCL6X7002\/pole-saw-a100-1.11.jpg\" \/><\/div><div class=\"section-mobile-img\"><img decoding=\"async\" src=\"\/vevor\/product\/ECCYJCS8INCHCL6X7002\/pole-saw-a100-1.11-m.jpg\" \/><\/div><\/div><\/div><\/body><\/html><\/div>\n<div class=\"DM_at-title\" id=\"js-DM_at-title\"> <div>Toote spetsifikatsioon<\/div> <i class=\"icon-arrowup_line\"><\/i> <\/div><div class=\"DM_at-goodsDescAttr\" id=\"js-DM_at-goodsDescAttr\"> <div class=\"DM_at-goodsDescAttrInner\"> <dl class=\"goodsDesc_item goodsDesc_item_even\"> <dt>Punkt Mudeli Number<\/dt> <dd> 3300<\/dd> <\/dl> <dl class=\"goodsDesc_item\"> <dt>Mootori Insult<\/dt> <dd> 2-Taktiline<\/dd> <\/dl> <dl class=\"goodsDesc_item goodsDesc_item_even\"> <dt>T\u00f6\u00f6maht<\/dt> <dd> 33 cc<\/dd> <\/dl> <dl class=\"goodsDesc_item\"> <dt>V\u00f5imsus<\/dt> <dd> 1,2 HP<\/dd> <\/dl> <dl class=\"goodsDesc_item goodsDesc_item_even\"> <dt>Mootori Kiirus<\/dt> <dd>0.75kw\/8500rpm; Max.12000rpm<\/dd> <\/dl> <dl class=\"goodsDesc_item\"> <dt>K\u00fctuse Paagi Maht<\/dt> <dd> 30 (fl).oz. \/ 850 ml<\/dd> <\/dl> <dl class=\"goodsDesc_item goodsDesc_item_even\"> <dt>Keti \u00d5li Paagi Maht<\/dt> <dd> 5.28 (fl).oz. \/ 150 ml<\/dd> <\/dl> <dl class=\"goodsDesc_item\"> <dt>Juhend Riba Pikkus<\/dt> <dd> 8 tolli \/20,3 cm<\/dd> <\/dl> <dl class=\"goodsDesc_item goodsDesc_item_even\"> <dt>Juhend Baar P\u00f6\u00f6ramine<\/dt> <dd> Mitte-P\u00f6\u00f6ratav<\/dd> <\/dl> <dl class=\"goodsDesc_item\"> <dt>Kett<\/dt> <dd> 3\/8LP, 33 lingid<\/dd> <\/dl> <dl class=\"goodsDesc_item goodsDesc_item_even\"> <dt>Max L\u00f5ikamine L\u00e4bim\u00f5\u00f5duga<\/dt> <dd> 6 tolli \/150 mm<\/dd> <\/dl> <dl class=\"goodsDesc_item\"> <dt>Laiendamine Postid<\/dt> <dd> 1<\/dd> <\/dl> <dl class=\"goodsDesc_item goodsDesc_item_even\"> <dt>Toote Pikkus (Laiendiga Pole)<\/dt> <dd> 11.6 ft \/ 3.54 m<\/dd> <\/dl> <dl class=\"goodsDesc_item\"> <dt>Toote Pikkus (ilma Laiendamine Pole)<\/dt> <dd> 6.7 ft \/ 2.04 m<\/dd> <\/dl> <dl class=\"goodsDesc_item goodsDesc_item_even\"> <dt>Pole L\u00f5igud<\/dt> <dd> 4<\/dd> <\/dl> <dl class=\"goodsDesc_item\"> <dt>Neto Kaal<\/dt> <dd> 19.6 lbs \/ 8.9 kg<\/dd> <\/dl> <dl class=\"goodsDesc_item goodsDesc_item_even\"> <dt>Toote M\u00f5\u00f5tmed (L x W x H)<\/dt> <dd> 10.8 \u00d7 8.9 \u00d7 8.9 in \/ 275 \u00d7 225 \u00d7 225 mm<\/dd> <\/dl> <dl class=\"goodsDesc_item\"> <dt>Laiendamine Masti Materjal<\/dt> <dd> AL6063<\/dd> <\/dl> <dl class=\"goodsDesc_item goodsDesc_item_even\"> <dt>Laiendamine Masti Paksus<\/dt> <dd> 0.08 in \/ 2 mm<\/dd> <\/dl> <dl class=\"goodsDesc_item\"> <dt>Laiendamine Masti M\u00f5\u00f5tmed (L x W x H)<\/dt> <dd> 33.7 x 6.1 x 2.8 \/ 855 \u00d7 155 \u00d7 70 mm<\/dd> <\/dl> <dl class=\"goodsDesc_item goodsDesc_item_even\"> <dt>\u00d5li Varda Materjali<\/dt> <dd> AL6063<\/dd> <\/dl> <dl class=\"goodsDesc_item\"> <dt>\u00d5li Varda Paksus<\/dt> <dd> 0.08 in \/ 2 mm<\/dd> <\/dl> <dl class=\"goodsDesc_item goodsDesc_item_even\"> <dt>\u00d5li Varras M\u00f5\u00f5tmed (L x W x H)<\/dt> <dd> 33.7 x 4.7 \u00d7 2.8 \/ 855 \u00d7 120 \u00d7 70 mm<\/dd> <\/dl> <dl class=\"goodsDesc_item\"> <dt>Juhend Bar Materjal<\/dt> <dd> 45# Teras<\/dd> <\/dl> <dl class=\"goodsDesc_item goodsDesc_item_even\"> <dt>Juhend Riba Pikkus<\/dt> <dd> 8 tolli \/20,3 cm<\/dd> <\/dl> <dl class=\"goodsDesc_item\"> <dt>Keti Materjal<\/dt> <dd> Sulam, Teras<\/dd> <\/dl> <dl class=\"goodsDesc_item goodsDesc_item_even\"> <dt>Kett Spetsifikatsioon<\/dt> <dd> 3\/8LP, 33 lingid<\/dd> <\/dl> <\/div> <\/div>","protected":false},"excerpt":{"rendered":"<ul>\n<li> Powerful Performance: Powered by a 33 cc two-stroke gasoline engine, delivering 1.2 hp and reaching up to 12,000 RPM for fast branch cutting. The 2 stroke pole saw features one 33.7 in (85.5 cm) extension pole, extending from 6.7 ft (2.04 m) to 11.6 ft (3.54 m) to handle branches at various heights. <\/li>\n<li> User-Friendly Operation: The gas pole saw comes with a 30 fl. oz. (850 ml) fuel tank for extended operation and 5.28 fl. oz. (150 ml) chain oil reservoir for smooth lubrication. The detachable extension pole reduces transport strain, while the lightweight design (19.6 lbs \/ 8.9 kg) with shoulder strap and anti-slip handle minimizes fatigue during long use. <\/li>\n<li> Reinforced Design: Thickened alloy vertical rods resist pressure and bending, and the enlarged pull cord switch is durable. Rust-resistant aluminum alloy is ideal for outdoor use and prevents corrosion. The 3\/8 LP alloy steel chain with 8 in (20.3 cm) guide bar easily cuts branches up to 6 in (15 cm) thick. <\/li>\n<li> T\u00e4ielikud tarvikud: puutrimmeri kettsaag vardal sisaldab mootorit, pikendusposte, \u00f5lipudelit, juhtlatti, ketti, mootorsae katet, segamispudelit, kaitsekomponente, \u00f5larihma, paigaldust\u00f6\u00f6riistu ja \u00fcksikasjalikku juhendit h\u00f5lpsaks kokkupanekuks. <\/li>\n<li> Mitmek\u00fclgne kasutamine: see gaasitoitega vardasaag sobib ideaalselt viljapuude k\u00e4rpimiseks, taluokste puhastamiseks, haljastuseks ja erakorraliseks tulekustutuseks. Pole vaja elektrit ega akusid, mist\u00f5ttu sobib see suurep\u00e4raselt v\u00e4listingimustes kasutamiseks ilma juhtme pikkuse piiranguteta. <\/li>\n<\/ul>","protected":false},"featured_media":410015,"comment_status":"open","ping_status":"open","template":"","meta":{"om_disable_all_campaigns":false,"_uf_show_specific_survey":0,"_uf_disable_surveys":false},"location":[1935,1934],"product_brand":[21],"product_cat":[2951,5360,2483,2365,5359],"product_tag":[],"class_list":{"0":"post-190365","1":"product","2":"type-product","3":"status-publish","4":"has-post-thumbnail","6":"location-supplier_stock_location","7":"location-local_stock_location","8":"product_brand-vevor","9":"product_cat-chainsaws","10":"product_cat-gas-pole-saws","11":"product_cat-outdoor-power-equipment-outdoors","12":"product_cat-outdoors","13":"product_cat-pole-saws","15":"first","16":"instock","17":"taxable","18":"shipping-taxable","19":"purchasable","20":"product-type-simple"},"aioseo_notices":[],"locations":[{"id":1935,"name":"Pieg\u0101d\u0101t\u0101ja noliktav\u0101 (5-7dd)","slug":"supplier_stock_location","quantity":"197"},{"id":1934,"name":"R\u012bgas veikal\u0101 (0-2d.d.)","slug":"local_stock_location","quantity":"0"}],"_links":{"self":[{"href":"https:\/\/vevorshop.lv\/et\/wp-json\/wp\/v2\/product\/190365","targetHints":{"allow":["GET"]}}],"collection":[{"href":"https:\/\/vevorshop.lv\/et\/wp-json\/wp\/v2\/product"}],"about":[{"href":"https:\/\/vevorshop.lv\/et\/wp-json\/wp\/v2\/types\/product"}],"replies":[{"embeddable":true,"href":"https:\/\/vevorshop.lv\/et\/wp-json\/wp\/v2\/comments?post=190365"}],"wp:featuredmedia":[{"embeddable":true,"href":"https:\/\/vevorshop.lv\/et\/wp-json\/wp\/v2\/media\/410015"}],"wp:attachment":[{"href":"https:\/\/vevorshop.lv\/et\/wp-json\/wp\/v2\/media?parent=190365"}],"wp:term":[{"taxonomy":"location","embeddable":true,"href":"https:\/\/vevorshop.lv\/et\/wp-json\/wp\/v2\/location?post=190365"},{"taxonomy":"product_brand","embeddable":true,"href":"https:\/\/vevorshop.lv\/et\/wp-json\/wp\/v2\/product_brand?post=190365"},{"taxonomy":"product_cat","embeddable":true,"href":"https:\/\/vevorshop.lv\/et\/wp-json\/wp\/v2\/product_cat?post=190365"},{"taxonomy":"product_tag","embeddable":true,"href":"https:\/\/vevorshop.lv\/et\/wp-json\/wp\/v2\/product_tag?post=190365"}],"curies":[{"name":"wp","href":"https:\/\/api.w.org\/{rel}","templated":true}]}}