{"id":190456,"date":"2025-09-10T12:59:09","date_gmt":"2025-09-10T12:59:09","guid":{"rendered":"https:\/\/vevorshop.lv\/en_us\/Prece\/vevor-9x6x4m-portable-inflatable-nightclub-tent-with-blower-54%e3%8e%a1-party-tent-for-events-weddings-birthdays\/"},"modified":"2026-04-27T13:22:35","modified_gmt":"2026-04-27T10:22:35","slug":"vevor-9x6x4m-portable-inflatable-nightclub-tent-with-blower-54%e3%8e%a1-party-tent-for-events-weddings-birthdays","status":"publish","type":"product","link":"https:\/\/vevorshop.lv\/et\/Prece\/vevor-9x6x4-m-kaasaskantav-taispuhutav-ooklubi-telk-puhuriga-54-peotelk-uritusteks-pulmad-sunnipaevad\/","title":{"rendered":"VEVOR 9x6x4m t\u00e4ispuhutav \u00f6\u00f6klubi 1100W puhuriga, 54\u33a1 telk akendega pidudele ja pulmadele"},"content":{"rendered":"<div style=\"color: #fff!important; font-size: 16px; height: 24px; line-height: 24px; margin-top: -24px; \" class=\"product_original_name\">VEVOR T\u00e4ispuhutav \u00f6\u00f6klubi, 9 x 6 x 4 m t\u00e4ispuhutav peotelk 1100 W puhuri ja liivakotiga, ventileeritav \u00f5hkulaskmise \u00f6\u00f6klubi 2 aknaga, Air Cube House \u00fcrituse s\u00fcnnip\u00e4eva pulmapeoks<\/div>\n<div style=\"color: #fff!important; font-size: 16px; height: 24px; line-height: 24px; margin-top: -24px; \" class=\"product_sku\">MEHINWLB<\/div>\n<div style=\"color: #fff!important; font-size: 16px; height: 24px; line-height: 24px; margin-top: -24px; \" class=\"product_mpn\">CQJLB964MHSGL0GAR001V2<\/div><div id=\"js-DM_at-goodDescRich\"><html><head><style>  body {    font-family: Arial;    line-height: 1.5;    color: #1c1c1c;    overflow-x: hidden;    margin: 0;    padding: 0;  }  .MsoNormal b {    font-weight: bolder;  }<\/style><style>  .container.small {    width: 970px;    margin: 0 auto;  }  .logo {    margin: 0 auto 0;  }  .logo img {    display: block;    margin: 0 auto;    max-width: 100%;  }  .logo .pc-banner {    display: block;    width: 1200px;    height: 247.4px;    margin: 0 auto;  }  .logo .pc-banner.small {    width: 970px;  }  .logo .pc-banner.small img {    height: auto!important;  }  .logo .m-banner {    display: none;  }  .ytvideo {    position: relative;    height: 546px;    width: 100%;    margin: 0 auto;  }  .ytvideo img {    width: 100%;    margin: 0 auto;  }  .ytvideo .play-btn {    width: 60px;    height: 42px;    position: absolute;    top: 50%;    left: 50%;    transform: translate(-50%, -50%);    background: url(\"data:image\/png;base64,iVBORw0KGgoAAAANSUhEUgAAAGQAAABGCAMAAAANWMFbAAAC+lBMVEUAAADBGB3kLCfBGB3kLCfcJC7BFx3KKSbiKybkLCbWJCPSIiLSIiLPICHAFx3kLCfgKSXNHiDZJiTIGx\/p4eHcjo7LHSDbJyTkLCbjKyfOHyHPIiL28fHJHB\/GGh7EGR7eKCXDGB3RISHlLSbBGB3AFxzGHB7DGB7BGB3hKybkKybAFx3lLCfAFxzDGR3hKibDGB7cJyTmz8\/elJTlwcHjurrUIyLlLSflLSfAFx3DGR7lLSfCFx3hKibhKibhKybjKybkLCblLSfbJSX49vbx7e3NNzjNMTLMJyjVIyLZf3\/ZQ0LaeHjx0tLgoqLkLCfCGB3HGx\/BGB3BFx3PICHCGB7WJCLOHyC\/Fxy\/Fx3lLCfQISHkLSe\/FxzbJiTBFx3FGx\/AGB7BFx3EGR7AGB3HHSDfKiXAFh3TISHYNzbhKibbJyTTIiL57e325+f039\/v2NjUV1fOHiHiqanfmprch4feKSXVIyPOICHmLibFGh\/mLSe\/Fx7XJCPeKSXXJSPNHyHaJyTGGh7lLCbmLCflLSjSIiLkLCbdKSXLHiC\/GB3KHh++Fh3lKyfoLiXcKCPkx8fYb2\/XaGfVXl3aU1LLHiDksbHgKibPICHbJyTfKSXbJyTCGB3KHSDiKybFGh7TIiL\/\/\/\/VIyPRISHIHB\/GGx\/HHB\/DGR7gKibdKCXLHiDZJiTMHiDNHyHYJSTOICHPICHWJCPcKCXXJSPjLCblLCf+\/f3NGR\/uLijzLynPGR\/IGB7WISHaIyLLGh7UAADxLynNAADRLzDbICLQAADIAAD3MCrUHSHXMTDpKSbLAADp5OTij4\/ejo\/VLy\/1LyngJSTcJCPQHx\/OHB7+\/PzaMS\/OLS\/vLijrLSjSAADaNTPwLyjkKSbNJCbYISHPHB\/KGB7WAAD7+vrn3d3aKynTKCjoLCfsKifRGh\/YAADq5+fhjo7QNDXXKCfmJyXt5+fTLzDLLi\/QKivYHRvMGBrQJCXLISPMExXLDxLaEAvkkI\/bOTfaFQ\/SCgpvLcnHAAAAmnRSTlMA+vv7+gT9Bvf9+8z8\/NSv\/Pr5+P7++vnQIBMP\/v38\/Pn348XDiCYf9OjbzcqxXVcx\/fz8+\/rj1r2poo1+fXFqX0orGP7+\/v7+\/fz8+\/r68uzn4trIxsG\/vri3p6GcmZSNbWVYUUZEPQv+\/f39+\/v7+\/v7+vr64tvV1NTTz87FtbSurqeblJKFg4B3bUY+NjL7+\/v7+\/v67t1cDo8JLQAABkRJREFUWMO0kz9rwkAYh0OIeJkum6YugUAhISCdKoj\/P4C7SMdS+gEKIhSKil10LSg4mzXkILdlEpxCpwTiWOLX6BujvQaEQuGeHLnL+\/64J+SIcKGYTYWnntpdLjrVdqvZmNdn0+EE40GtpuuWVS6Xx6N7YDSGpWXpeq02wHgynM7q80az1a52HpddtVcpsi1zFARBrdaxbhp9iUReTGmwA4KAAr7vx3EYejnCMI6hQYEgy0LQi4jUN0wL19vqFcUC9\/1dAKmEEFkWRYkh5oBejnxQJiSJPJ\/uKBp0Thszx9Mw8hMRIQjKsptCfuES9zr5WJY6vSFCIvE9fCMUmEM1A1kSXcYGxgVYsvI1IPKTZciSTI0us\/SMGG04gDzELDoFBwdcFJrF88dqgYMTiL6DILWYyfOWE8\/kIz38olCNlC03FK95+imxp6y4oUSvAnBjHHhKNtotSDqJzVFiK8c2SBqhZtsrTtgrLXwAyduxZHNE26eHUt5rtuM4WSmds3G+sUdWYo1L+XyxButoh5eKUHk5lByO3G1LqqCWVnfrv\/lyPtf\/4ps1cndNGIri8J1TJ0lx6dR\/oPjq1nbRwdp2dCk4CtIOLW3pVKRL6WZfS5vF2KkIQhpwSsjiYIgNCs1gEMGqiIq24NQX9NwoXFy8Ufrl3twTcg4fv8T9\/JBEySduj6Mjm4bMzYV7EEOxKjjoNDud7yY3Dy71Hq2oLmqfbNR723edH9PgMrNL2utoQ3VmaIDkiw\/4w51P06hlZsTZvkRrbVuSIs\/zwSOsycgzStQouoAkWQqioRT5XI7n2Z1wfVhoZmcAJLsoqjqpjbWCgpOAJXBwHK8PzWbNvoUZJND5wCnSkLAkZ1legx6vqQzjoiTahKlGUGLAiIIoABOHaNVw4sexZBym6\/HWlH5h3IC7yRbxtipcWxdTOkORKiNQAEkFf66x5S2oeRbroOlLgg0sSYkR0hRGEqJZ0jTPiQKatESdBckpWigxaapEH0lImHdWu9pUFF2XqMNM2Z4kped7IwEJw2qabwtrQqnpw6HyKkgcadKWsmpywwesDyIhYRpdzXddqegtGIJlXbAIUMOLkGxJUjRIkokwjUaX9d\/kK62ps\/tYUqZLIMkLTyBhsMZ3C5Z\/kDxOSCb\/DOs\/\/J0qcWSX\/2ipe56EgTCA4\/cB7NAYOsni4mZM1MUPAISoEwkDi4lhVBQ1cWQyIcwalw4EpqZN68JUSK7XC0kTlkLYii5uXSC8jT5ncCAS7mjCv0uHp\/3lueHEEAeQ\/\/VgmdN71\/2uCSA1Xr6DO6uI6sW56zqT2tp2PhgiRUAajV8CY2fkcz6WGNKMgLAt7tJAhD4YHMTeRxlALE6+43WqjSWi8ITxyJl8WrwWSNESQZZOqhDDntO3hJLsd5RtSpbJqdv3YrDJH3F7jL1R2O2aQkn2MyCyKYz0GPGIvSAMgBCrCEiJyKbBaYGwLW4uPRr0A0M4Ux5kUI7IBh+hMdiCEWNqhMZGyYMsOgNE58UQuEQeUnSWCMYwL54hkxK6IoqucQZbQ3pc3XtL0lky1dL0zZJJDpWJovFqpWj6JEHnyam2eQp5QRVAVHjWparTOaVwUOx99YS2MvgxIGV0bb+qIg2HX2qkFFJB+XZcbLiuRkuxD9GRroKyveLxdh4d7Orx+hb7qc3uVRuEogCOnyIxm4ubUoPgF4jianDrC+SDQDKEfJb0GUKmjCGPYHGJvVC6X4hw1\/sAfQAdfYyephIaspXe36RwOP+Ljvfx9B6B3i+Nk0DGq+oCbLn6JpBa9nWAveAIHwFAwtVcIJXPMPL8kRu5OAYPMaL1WScTxjiZDqB9LTJSWphow\/pTYKRTLjCBhvi9iBidvKcDasGSm0QQkycYuLBqj6QCELPctqChDWpTRMWkngNNpQ1Pfp1KkiT\/Y0DGffXAweUNfLAfaJFKDwhb6I+bkYRbkERoEeu3Fyjg2opMz2daZCS9jt6Q7txNfB+OZEVF6Zl5web2xunnLQrtrjXseXKaFYziYINeMFZVxS9VxRhOoesYwxPKXm+gWLG9cuFeq93UNNeJNsf1KlwuDok9n02n3TgIJpOxNfL9naIoQwXtfH9kjceTIIi709ncTg6LZbg+biLH1V6u\/7rxBem06VXKn9raAAAAAElFTkSuQmCC\")      no-repeat center center \/ contain;  }  @media screen and (max-width: 960px) and (orientation: portrait) {    .logo {      width: 100%;    }    .logo .pc-banner {      display: none;    }    .logo .m-banner {      display: block;      width: 100%;    }    .logo .m-banner img {      height: auto!important;    }    .ytvideo {      height: 200px;      width: 100%;    }  }<\/style><style>  .video-section {    width: 100%;    margin: 0 auto;  }  .video-section > img {    width: 100%;  }  .video-section iframe,  .video-section video {    width: 100%;    height: 100%;      }  .video-section-img-m,  .video-section-img-pc > img {    width: 100%;    height: auto;  }  .video-section-img-pc.small > img {    width: 970px;  }  .video-desc {    line-height: 1.5;    font-size: 20px;    font-weight: 400;    margin: 20px 0;    text-align: center;    color: #0f1111;    word-break: break-word;  }  @media screen and (max-width: 960px) and (orientation: portrait) {    .video-section {      width: 100%;    }    .video-section-pc,    .video-section-img-pc {      display: none;    }    .video-section-m,    .video-section-img-m {      display: block;    }    .video-desc {      font-size: 15px;    }  }  @media screen and (min-width: 960px) {    .video-section {      width: 100%;      margin: 0 auto;    }    .video-section-pc,    .video-section-img-pc {      display: block;    }    .video-section-m,    .video-section-img-m {      display: none;    }    .video-desc {      font-size: 20px;    }  }<\/style><style>  .section + .section {    margin-top: 35px;  }  .section-title {    text-align: center;    font-weight: bold;    color: #0d1111;    font-family: \"Arial\";    font-size: 32px;    margin: 15px 0;  }  .section-title:empty {    display: none;  }  .section-desc {    text-align: center;    font-weight: normal;    color: #0d1111;    margin-top: 20px;  }  .section-desc:empty {    display: none;  }  .section-img {    width: 1200px;    height: 492px;    margin: 0 auto;    display: block;  }  .section-img.small {    width: 970px;    height: auto;  }  .section-img.small > img {    height: auto;  }  .section-img > img {    width: 100%;    height: 100%;  }  .section-mobile-img {    display: none;    max-width: 100vw;    max-height: 75vw;    height: 450px;    margin: 0 auto;  }  .section-mobile-img > img {    width: 100%;    height: 100%;  }  @media screen and (max-width: 960px) and (orientation: portrait) {    .container {      width: 100%;    }    .container.small {      width: 100%;    }    .section-mobile-img {      display: block;    }    .section-img {      display: none;    }    .section-title {      font-size: 22px;      margin: 10px 0;    }    .section-desc {      margin-top: 10px;    }    .section + .section {      margin-top: 20px;    }  }<\/style><\/head><body><div class=\"container\"><div class=\"logo\"><div class=\"pc-banner\"><div><img decoding=\"async\" src=\"\/vevor\/vevor\/boutique-banner\/pc\/en-pc@1x.jpg\" style=\"width: 100%;\" \/><\/div><\/div><div class=\"m-banner\"><div><img decoding=\"async\" src=\"\/vevor\/vevor\/boutique-banner\/mobile\/en-m@1x.jpg\" style=\"width: 100%;\" \/><\/div><\/div><\/div><div class=\"section-title\">581 ruutmeetrit Suur ruum T\u00e4ispuhutav \u00f6\u00f6klubi telk<\/div><div class=\"video-section\"><div class=\"video-section-img-pc\"><img decoding=\"async\" src=\"\/vevor\/product\/CQJLB964MHSGL0GAR001\/inflatable-nightclub-a100-1.4.jpg\" \/><\/div><div class=\"video-section-img-m\"><img decoding=\"async\" src=\"\/vevor\/product\/CQJLB964MHSGL0GAR001\/inflatable-nightclub-a100-1.4-m.jpg\" \/><\/div><div class=\"section-desc\">See 581 ruutmeetri suurune t\u00e4ispuhutav \u00f6\u00f6klubi telk pakub suurt ruumi pulmadeks, s\u00fcnnip\u00e4evadeks, Halloweeniks ja eepilisteks pidudeks. See seadistab ja pakib kiiresti, sellel on diskovalgustuse \u00fchilduvus, vastupidav Oxfordi kangas ja tugevdatud stabiilsus, mis teeb sellest teie usaldusv\u00e4\u00e4rse partneri igaks pidustuseks.<\/div><\/div><div class=\"section\"><div class=\"section-title\"><\/div><div class=\"section-img\"><img decoding=\"async\" src=\"\/vevor\/product\/CQJLB964MHSGL0GAR001\/inflatable-nightclub-a100-2.2.jpg\" \/><\/div><div class=\"section-mobile-img\"><img decoding=\"async\" src=\"\/vevor\/product\/CQJLB964MHSGL0GAR001\/inflatable-nightclub-a100-2.2-m.jpg\" \/><\/div><div class=\"section-desc\">Kiiresti t\u00fchjendatav ja kokkupandav t\u00e4ispuhutav peotelk sobib oma kandekotti lihtsaks transportimiseks ning sobib suurep\u00e4raselt seadistamiseks ja mahav\u00f5tmiseks liikvel olles.<\/div><\/div><div class=\"section\"><div class=\"section-title\"><\/div><div class=\"section-img\"><img decoding=\"async\" src=\"\/vevor\/product\/CQJLB964MHSGL0GAR001\/inflatable-nightclub-a100-2.3.jpg\" \/><\/div><div class=\"section-mobile-img\"><img decoding=\"async\" src=\"\/vevor\/product\/CQJLB964MHSGL0GAR001\/inflatable-nightclub-a100-2.3-m.jpg\" \/><\/div><div class=\"section-desc\">See t\u00e4ispuhutav \u00f6\u00f6klubi, mis on loodud tugevdatud \u00f5mbluste, 8 rauast ja 8 plastikust maandusvaia ning liivakottidega, p\u00fcsib v\u00e4litingimustes stabiilsena.<\/div><\/div><div class=\"section\"><div class=\"section-title\"><\/div><div class=\"section-img\"><img decoding=\"async\" src=\"\/vevor\/product\/CQJLB964MHSGL0GAR001\/inflatable-nightclub-a100-2.4.jpg\" \/><\/div><div class=\"section-mobile-img\"><img decoding=\"async\" src=\"\/vevor\/product\/CQJLB964MHSGL0GAR001\/inflatable-nightclub-a100-2.4-m.jpg\" \/><\/div><div class=\"section-desc\">See 210 D Oxfordi kangast valmistatud \u00f5hkut\u00f5usmispeotelk peab vastu p\u00e4ikesele, vihmale ja kulumisele ning pakub usaldusv\u00e4\u00e4rset kaitset igaks v\u00e4lipidustuseks.<\/div><\/div><div class=\"section\"><div class=\"section-title\"><\/div><div class=\"section-img\"><img decoding=\"async\" src=\"\/vevor\/product\/CQJLB964MHSGL0GAR001\/inflatable-nightclub-a100-2.5.jpg\" \/><\/div><div class=\"section-mobile-img\"><img decoding=\"async\" src=\"\/vevor\/product\/CQJLB964MHSGL0GAR001\/inflatable-nightclub-a100-2.5-m.jpg\" \/><\/div><div class=\"section-desc\">8 ukseava kangast aasaga saate kaunistada oma \u00f5hkut\u00f5usva \u00f6\u00f6klubi, et sobitada s\u00fcnnip\u00e4evade, pulmade, Halloweeni pidude v\u00f5i n\u00e4dalavahetuse s\u00fcndmustega.<\/div><\/div><div class=\"section\"><div class=\"section-img\"><img decoding=\"async\" src=\"\/vevor\/product\/CQJLB964MHSGL0GAR001\/inflatable-nightclub-a100-1.11.jpg\" \/><\/div><div class=\"section-mobile-img\"><img decoding=\"async\" src=\"\/vevor\/product\/CQJLB964MHSGL0GAR001\/inflatable-nightclub-a100-1.11-m.jpg\" \/><\/div><\/div><\/div><\/body><\/html><\/div>\n<div class=\"DM_at-title\" id=\"js-DM_at-title\"> <div>Toote spetsifikatsioon<\/div> <i class=\"icon-arrowup_line\"><\/i> <\/div><div class=\"DM_at-goodsDescAttr\" id=\"js-DM_at-goodsDescAttr\"> <div class=\"DM_at-goodsDescAttrInner\"> <dl class=\"goodsDesc_item goodsDesc_item_even\"> <dt>Punkt Mudeli Number<\/dt> <dd> S-CQJLB-9x6-B<\/dd> <\/dl> <dl class=\"goodsDesc_item\"> <dt>V\u00e4rv<\/dt> <dd> Must<\/dd> <\/dl> <dl class=\"goodsDesc_item goodsDesc_item_even\"> <dt>Peamine Materjal<\/dt> <dd> 210D Oxford Kangast<\/dd> <\/dl> <dl class=\"goodsDesc_item\"> <dt>Ventilaatori V\u00f5imsus<\/dt> <dd> 1100W<\/dd> <\/dl> <dl class=\"goodsDesc_item goodsDesc_item_even\"> <dt>Puhuri kiirus<\/dt> <dd> 2850 p \/ MIN<\/dd> <\/dl> <dl class=\"goodsDesc_item\"> <dt>Puhuja \u00f5hu maht<\/dt> <dd> 1200 m\u00b3\/h<\/dd> <\/dl> <dl class=\"goodsDesc_item goodsDesc_item_even\"> <dt>Neto Kaal<\/dt> <dd> 118,16 naela \/53,6 kg<\/dd> <\/dl> <dl class=\"goodsDesc_item\"> <dt>Toote M\u00f5\u00f5tmed<\/dt> <dd> 9 \u00d7 6 \u00d7 4 m \/29,53 \u00d7 19,69 \u00d7 13,12 jalga<\/dd> <\/dl> <dl class=\"goodsDesc_item goodsDesc_item_even\"> <dt>K\u00fclgk\u00f5rgus<\/dt> <dd> 2,3 m \/7,55 jalga<\/dd> <\/dl> <dl class=\"goodsDesc_item\"> <dt>Soovitatav ala katvus<\/dt> <dd> 581 ruutmeetrit jalga<\/dd> <\/dl> <\/div> <\/div>","protected":false},"excerpt":{"rendered":"<ul>\n<li> Avar interj\u00f6\u00f6r: nautige 581 sq ft\/54m2 avatud ruumi. See t\u00e4ispuhutav \u00f6\u00f6klubi sobib ideaalselt s\u00fcnnip\u00e4evapidudeks, pulmadeks, perekondlikeks koosviibimisteks ja paljuks muuks. <\/li>\n<li> Kiire inflatsioon: meie t\u00e4ispuhutava peotelgiga on kaasas 1100 W puhur, mis tagab t\u00e4ieliku inflatsiooni vaid 10 minutiga, s\u00e4\u00e4stab aega ja mugavat t\u00f6\u00f6d. See sobib suurep\u00e4raselt muruplatsidele, randadele v\u00f5i tagahoovidele. <\/li>\n<li> Kasutajas\u00f5bralikud omadused: sellel \u00f5hkut\u00f5usmispeotelgil on kaks akent ja esiava, mis parandavad \u00f5huvoolu mugavamaks peoks. Sisaldab k\u00e4igult kasutamiseks m\u00f5eldud kandekotti. <\/li>\n<li> Vastupidavad materjalid: valmistatud 210 D Oxfordi kangast, mis on vee - ja tuulekindel, see t\u00e4ispuhutav \u00f6\u00f6klubi pidutsemiseks seisab kerge vihma ja tuule eest sujuvate \u00fcrituste pidamiseks. <\/li>\n<li> Stabiilne seadistus: tugevdatud \u00f5mbluste, mitme vaiapunkti ja kaalutud liivakottidega \u00f5hkut\u00f5usmispeotelk hoiab telgi kindlalt mis tahes v\u00e4lispinnal. <\/li>\n<\/ul>","protected":false},"featured_media":410099,"comment_status":"open","ping_status":"open","template":"","meta":{"om_disable_all_campaigns":false,"_uf_show_specific_survey":0,"_uf_disable_surveys":false},"location":[1935,1934],"product_brand":[21],"product_cat":[2382,2384,5402,2378,2383],"product_tag":[],"class_list":{"0":"post-190456","1":"product","2":"type-product","3":"status-publish","4":"has-post-thumbnail","6":"location-supplier_stock_location","7":"location-local_stock_location","8":"product_brand-vevor","9":"product_cat-camping-gear","10":"product_cat-camping-tents","11":"product_cat-inflatable-night-club-tent","12":"product_cat-sports-outdoors","13":"product_cat-tents-camping-gear","15":"first","16":"instock","17":"taxable","18":"shipping-taxable","19":"purchasable","20":"product-type-simple"},"aioseo_notices":[],"locations":[{"id":1935,"name":"Pieg\u0101d\u0101t\u0101ja noliktav\u0101 (5-7dd)","slug":"supplier_stock_location","quantity":"37"},{"id":1934,"name":"R\u012bgas veikal\u0101 (0-2d.d.)","slug":"local_stock_location","quantity":"0"}],"_links":{"self":[{"href":"https:\/\/vevorshop.lv\/et\/wp-json\/wp\/v2\/product\/190456","targetHints":{"allow":["GET"]}}],"collection":[{"href":"https:\/\/vevorshop.lv\/et\/wp-json\/wp\/v2\/product"}],"about":[{"href":"https:\/\/vevorshop.lv\/et\/wp-json\/wp\/v2\/types\/product"}],"replies":[{"embeddable":true,"href":"https:\/\/vevorshop.lv\/et\/wp-json\/wp\/v2\/comments?post=190456"}],"wp:featuredmedia":[{"embeddable":true,"href":"https:\/\/vevorshop.lv\/et\/wp-json\/wp\/v2\/media\/410099"}],"wp:attachment":[{"href":"https:\/\/vevorshop.lv\/et\/wp-json\/wp\/v2\/media?parent=190456"}],"wp:term":[{"taxonomy":"location","embeddable":true,"href":"https:\/\/vevorshop.lv\/et\/wp-json\/wp\/v2\/location?post=190456"},{"taxonomy":"product_brand","embeddable":true,"href":"https:\/\/vevorshop.lv\/et\/wp-json\/wp\/v2\/product_brand?post=190456"},{"taxonomy":"product_cat","embeddable":true,"href":"https:\/\/vevorshop.lv\/et\/wp-json\/wp\/v2\/product_cat?post=190456"},{"taxonomy":"product_tag","embeddable":true,"href":"https:\/\/vevorshop.lv\/et\/wp-json\/wp\/v2\/product_tag?post=190456"}],"curies":[{"name":"wp","href":"https:\/\/api.w.org\/{rel}","templated":true}]}}