{"id":19214,"date":"2025-01-27T06:46:47","date_gmt":"2025-01-27T06:46:47","guid":{"rendered":"http:\/\/vevorshop.edigo.lv\/Prece\/vevor-wood-burning-kit-200700c-adjustable-pyrography-pen-burner-23-wire-nibs\/"},"modified":"2026-03-11T21:14:48","modified_gmt":"2026-03-11T19:14:48","slug":"vevor-wood-burning-kit-200700c-adjustable-pyrography-pen-burner-23-wire-nibs","status":"publish","type":"product","link":"https:\/\/vevorshop.lv\/et\/Prece\/vevor-puidupoletuskomplekt-200700-c-reguleeritav-purograafiapliiatsi-poleti-23-traadist-nibu\/","title":{"rendered":"VEVOR puidu p\u00f5letamise komplekt ekraaniga, reguleeritav temperatuur 200\u2013700\u00b0C, 23 otsikut, 1 pliiats, tarvikud"},"content":{"rendered":"<div style=\"color: #fff!important; font-size: 16px; height: 24px; line-height: 24px; margin-top: -24px; \" class=\"product_original_name\">VEVOR puidup\u00f5letuskomplekt, 200-700 \u00b0C reguleeritav temperatuur ekraaniga, puidup\u00f5leti 1 p\u00fcrograafilise pliiatsiga, 23 traatnippi, 1 pliiatsihoidja, 4 puidulaastu, 1 kruvikeeraja, 1 pintsett, 1 k\u00e4sit\u00f6\u00f6nuga, 1 k\u00e4sn<\/div>\n<div style=\"color: #fff!important; font-size: 16px; height: 24px; line-height: 24px; margin-top: -24px; \" class=\"product_sku\">M4I4KLKY<\/div>\n<div style=\"color: #fff!important; font-size: 16px; height: 24px; line-height: 24px; margin-top: -24px; \" class=\"product_mpn\">GYLHJDDKSXXJA9HXLV2<\/div><div id=\"js-DM_at-goodDescRich\"><html><head><style>  body {    font-family: Arial;    line-height: 1.5;    color: #1c1c1c;    overflow-x: hidden;    margin: 0;    padding: 0;  }  .MsoNormal b {    font-weight: bolder;  }<\/style><style>  .container.small {    width: 970px;    margin: 0 auto;  }  .logo {    margin: 0 auto 0;  }  .logo img {    display: block;    margin: 0 auto;    max-width: 100%;  }  .logo .pc-banner {    display: block;    width: 1200px;    height: 247.4px;    margin: 0 auto;  }  .logo .pc-banner.small {    width: 970px;  }  .logo .pc-banner.small img {    height: auto!important;  }  .logo .m-banner {    display: none;  }  .ytvideo {    position: relative;    height: 546px;    width: 100%;    margin: 0 auto;  }  .ytvideo img {    width: 100%;    margin: 0 auto;  }  .ytvideo .play-btn {    width: 60px;    height: 42px;    position: absolute;    top: 50%;    left: 50%;    transform: translate(-50%, -50%);    background: url(\"data:image\/png;base64,iVBORw0KGgoAAAANSUhEUgAAAGQAAABGCAMAAAANWMFbAAAC+lBMVEUAAADBGB3kLCfBGB3kLCfcJC7BFx3KKSbiKybkLCbWJCPSIiLSIiLPICHAFx3kLCfgKSXNHiDZJiTIGx\/p4eHcjo7LHSDbJyTkLCbjKyfOHyHPIiL28fHJHB\/GGh7EGR7eKCXDGB3RISHlLSbBGB3AFxzGHB7DGB7BGB3hKybkKybAFx3lLCfAFxzDGR3hKibDGB7cJyTmz8\/elJTlwcHjurrUIyLlLSflLSfAFx3DGR7lLSfCFx3hKibhKibhKybjKybkLCblLSfbJSX49vbx7e3NNzjNMTLMJyjVIyLZf3\/ZQ0LaeHjx0tLgoqLkLCfCGB3HGx\/BGB3BFx3PICHCGB7WJCLOHyC\/Fxy\/Fx3lLCfQISHkLSe\/FxzbJiTBFx3FGx\/AGB7BFx3EGR7AGB3HHSDfKiXAFh3TISHYNzbhKibbJyTTIiL57e325+f039\/v2NjUV1fOHiHiqanfmprch4feKSXVIyPOICHmLibFGh\/mLSe\/Fx7XJCPeKSXXJSPNHyHaJyTGGh7lLCbmLCflLSjSIiLkLCbdKSXLHiC\/GB3KHh++Fh3lKyfoLiXcKCPkx8fYb2\/XaGfVXl3aU1LLHiDksbHgKibPICHbJyTfKSXbJyTCGB3KHSDiKybFGh7TIiL\/\/\/\/VIyPRISHIHB\/GGx\/HHB\/DGR7gKibdKCXLHiDZJiTMHiDNHyHYJSTOICHPICHWJCPcKCXXJSPjLCblLCf+\/f3NGR\/uLijzLynPGR\/IGB7WISHaIyLLGh7UAADxLynNAADRLzDbICLQAADIAAD3MCrUHSHXMTDpKSbLAADp5OTij4\/ejo\/VLy\/1LyngJSTcJCPQHx\/OHB7+\/PzaMS\/OLS\/vLijrLSjSAADaNTPwLyjkKSbNJCbYISHPHB\/KGB7WAAD7+vrn3d3aKynTKCjoLCfsKifRGh\/YAADq5+fhjo7QNDXXKCfmJyXt5+fTLzDLLi\/QKivYHRvMGBrQJCXLISPMExXLDxLaEAvkkI\/bOTfaFQ\/SCgpvLcnHAAAAmnRSTlMA+vv7+gT9Bvf9+8z8\/NSv\/Pr5+P7++vnQIBMP\/v38\/Pn348XDiCYf9OjbzcqxXVcx\/fz8+\/rj1r2poo1+fXFqX0orGP7+\/v7+\/fz8+\/r68uzn4trIxsG\/vri3p6GcmZSNbWVYUUZEPQv+\/f39+\/v7+\/v7+vr64tvV1NTTz87FtbSurqeblJKFg4B3bUY+NjL7+\/v7+\/v67t1cDo8JLQAABkRJREFUWMO0kz9rwkAYh0OIeJkum6YugUAhISCdKoj\/P4C7SMdS+gEKIhSKil10LSg4mzXkILdlEpxCpwTiWOLX6BujvQaEQuGeHLnL+\/64J+SIcKGYTYWnntpdLjrVdqvZmNdn0+EE40GtpuuWVS6Xx6N7YDSGpWXpeq02wHgynM7q80az1a52HpddtVcpsi1zFARBrdaxbhp9iUReTGmwA4KAAr7vx3EYejnCMI6hQYEgy0LQi4jUN0wL19vqFcUC9\/1dAKmEEFkWRYkh5oBejnxQJiSJPJ\/uKBp0Thszx9Mw8hMRIQjKsptCfuES9zr5WJY6vSFCIvE9fCMUmEM1A1kSXcYGxgVYsvI1IPKTZciSTI0us\/SMGG04gDzELDoFBwdcFJrF88dqgYMTiL6DILWYyfOWE8\/kIz38olCNlC03FK95+imxp6y4oUSvAnBjHHhKNtotSDqJzVFiK8c2SBqhZtsrTtgrLXwAyduxZHNE26eHUt5rtuM4WSmds3G+sUdWYo1L+XyxButoh5eKUHk5lByO3G1LqqCWVnfrv\/lyPtf\/4ps1cndNGIri8J1TJ0lx6dR\/oPjq1nbRwdp2dCk4CtIOLW3pVKRL6WZfS5vF2KkIQhpwSsjiYIgNCs1gEMGqiIq24NQX9NwoXFy8Ufrl3twTcg4fv8T9\/JBEySduj6Mjm4bMzYV7EEOxKjjoNDud7yY3Dy71Hq2oLmqfbNR723edH9PgMrNL2utoQ3VmaIDkiw\/4w51P06hlZsTZvkRrbVuSIs\/zwSOsycgzStQouoAkWQqioRT5XI7n2Z1wfVhoZmcAJLsoqjqpjbWCgpOAJXBwHK8PzWbNvoUZJND5wCnSkLAkZ1legx6vqQzjoiTahKlGUGLAiIIoABOHaNVw4sexZBym6\/HWlH5h3IC7yRbxtipcWxdTOkORKiNQAEkFf66x5S2oeRbroOlLgg0sSYkR0hRGEqJZ0jTPiQKatESdBckpWigxaapEH0lImHdWu9pUFF2XqMNM2Z4kped7IwEJw2qabwtrQqnpw6HyKkgcadKWsmpywwesDyIhYRpdzXddqegtGIJlXbAIUMOLkGxJUjRIkokwjUaX9d\/kK62ps\/tYUqZLIMkLTyBhsMZ3C5Z\/kDxOSCb\/DOs\/\/J0qcWSX\/2ipe56EgTCA4\/cB7NAYOsni4mZM1MUPAISoEwkDi4lhVBQ1cWQyIcwalw4EpqZN68JUSK7XC0kTlkLYii5uXSC8jT5ncCAS7mjCv0uHp\/3lueHEEAeQ\/\/VgmdN71\/2uCSA1Xr6DO6uI6sW56zqT2tp2PhgiRUAajV8CY2fkcz6WGNKMgLAt7tJAhD4YHMTeRxlALE6+43WqjSWi8ITxyJl8WrwWSNESQZZOqhDDntO3hJLsd5RtSpbJqdv3YrDJH3F7jL1R2O2aQkn2MyCyKYz0GPGIvSAMgBCrCEiJyKbBaYGwLW4uPRr0A0M4Ux5kUI7IBh+hMdiCEWNqhMZGyYMsOgNE58UQuEQeUnSWCMYwL54hkxK6IoqucQZbQ3pc3XtL0lky1dL0zZJJDpWJovFqpWj6JEHnyam2eQp5QRVAVHjWparTOaVwUOx99YS2MvgxIGV0bb+qIg2HX2qkFFJB+XZcbLiuRkuxD9GRroKyveLxdh4d7Orx+hb7qc3uVRuEogCOnyIxm4ubUoPgF4jianDrC+SDQDKEfJb0GUKmjCGPYHGJvVC6X4hw1\/sAfQAdfYyephIaspXe36RwOP+Ljvfx9B6B3i+Nk0DGq+oCbLn6JpBa9nWAveAIHwFAwtVcIJXPMPL8kRu5OAYPMaL1WScTxjiZDqB9LTJSWphow\/pTYKRTLjCBhvi9iBidvKcDasGSm0QQkycYuLBqj6QCELPctqChDWpTRMWkngNNpQ1Pfp1KkiT\/Y0DGffXAweUNfLAfaJFKDwhb6I+bkYRbkERoEeu3Fyjg2opMz2daZCS9jt6Q7txNfB+OZEVF6Zl5web2xunnLQrtrjXseXKaFYziYINeMFZVxS9VxRhOoesYwxPKXm+gWLG9cuFeq93UNNeJNsf1KlwuDok9n02n3TgIJpOxNfL9naIoQwXtfH9kjceTIIi709ncTg6LZbg+biLH1V6u\/7rxBem06VXKn9raAAAAAElFTkSuQmCC\")      no-repeat center center \/ contain;  }  @media screen and (max-width: 960px) and (orientation: portrait) {    .logo {      width: 100%;    }    .logo .pc-banner {      display: none;    }    .logo .m-banner {      display: block;      width: 100%;    }    .logo .m-banner img {      height: auto!important;    }    .ytvideo {      height: 200px;      width: 100%;    }  }<\/style><style>  .video-section {    width: 100%;    margin: 0 auto;  }  .video-section > img {    width: 100%;  }  .video-section iframe,  .video-section video {    width: 100%;    height: 100%;      }  .video-section-img-m,  .video-section-img-pc > img {    width: 100%;    height: auto;  }  .video-section-img-pc.small > img {    width: 970px;  }  .video-desc {    line-height: 1.5;    font-size: 20px;    font-weight: 400;    margin: 20px 0;    text-align: center;    color: #0f1111;    word-break: break-word;  }  @media screen and (max-width: 960px) and (orientation: portrait) {    .video-section {      width: 100%;    }    .video-section-pc,    .video-section-img-pc {      display: none;    }    .video-section-m,    .video-section-img-m {      display: block;    }    .video-desc {      font-size: 15px;    }  }  @media screen and (min-width: 960px) {    .video-section {      width: 100%;      margin: 0 auto;    }    .video-section-pc,    .video-section-img-pc {      display: block;    }    .video-section-m,    .video-section-img-m {      display: none;    }    .video-desc {      font-size: 20px;    }  }<\/style><style>  .section + .section {    margin-top: 35px;  }  .section-title {    text-align: center;    font-weight: bold;    color: #0d1111;    font-family: \"Arial\";    font-size: 32px;    margin: 15px 0;  }  .section-title:empty {    display: none;  }  .section-desc {    text-align: center;    font-weight: normal;    color: #0d1111;    margin-top: 20px;  }  .section-desc:empty {    display: none;  }  .section-img {    width: 1200px;    height: 492px;    margin: 0 auto;    display: block;  }  .section-img.small {    width: 970px;    height: auto;  }  .section-img.small > img {    height: auto;  }  .section-img > img {    width: 100%;    height: 100%;  }  .section-mobile-img {    display: none;    max-width: 100vw;    max-height: 75vw;    height: 450px;    margin: 0 auto;  }  .section-mobile-img > img {    width: 100%;    height: 100%;  }  @media screen and (max-width: 960px) and (orientation: portrait) {    .container {      width: 100%;    }    .container.small {      width: 100%;    }    .section-mobile-img {      display: block;    }    .section-img {      display: none;    }    .section-title {      font-size: 22px;      margin: 10px 0;    }    .section-desc {      margin-top: 10px;    }    .section + .section {      margin-top: 20px;    }  }<\/style><\/head><body><div class=\"container\"><div class=\"logo\"><div class=\"pc-banner\"><div><img decoding=\"async\" src=\"\/vevor\/vevor\/boutique-banner\/pc\/en-pc@1x.jpg\" style=\"width: 100%;\" \/><\/div><\/div><div class=\"m-banner\"><div><img decoding=\"async\" src=\"\/vevor\/vevor\/boutique-banner\/mobile\/en-m@1x.jpg\" style=\"width: 100%;\" \/><\/div><\/div><\/div><div class=\"section-title\">VEVOR Puidu P\u00f5letamine Komplekt<\/div><div class=\"video-section\"><div class=\"video-section-img-pc\"><img decoding=\"async\" src=\"\/vevor\/product\/GYLHJDDKSXXJA9HXL\/pyrography-machine-a100-1.4.jpg\" \/><\/div><div class=\"video-section-img-m\"><img decoding=\"async\" src=\"\/vevor\/product\/GYLHJDDKSXXJA9HXL\/pyrography-machine-a100-1.4-m.jpg\" \/><\/div><div class=\"section-desc\">Pakume teile 23 terasest traat n\u00e4pun\u00e4iteid keerulisi tekstuurid ja julgeid jooni. Kas sa eelistad \u00fcksikasjalikud tekstuure v\u00f5i kirglik l\u00f6\u00f6ki, need pen vihjeid rahuldada teie iga vajadusele. Alates trahvi \u00fcksikasjalikult, et p\u00fchkimine k\u00f5verad, k\u00f5ik piires teie haarata vaid \u00fche pyrography masin.<\/div><\/div><div class=\"section\"><div class=\"section-title\"><\/div><div class=\"section-img\"><img decoding=\"async\" src=\"\/vevor\/product\/GYLHJDDKSXXJA9HXL\/pyrography-machine-a100-2.2.jpg\" \/><\/div><div class=\"section-mobile-img\"><img decoding=\"async\" src=\"\/vevor\/product\/GYLHJDDKSXXJA9HXL\/pyrography-machine-a100-2.2-m.jpg\" \/><\/div><div class=\"section-desc\">Unusta m\u00f5istatama seoses temperatuuride! Meie pyrography puidu p\u00f5letamine kit funktsioonid digitaalne ekraan, mis n\u00e4itab selgelt, et praegune temperatuur, mis pakub sulle instant teavet. Reguleeritav temperatuur vahemikus 200-700\u00b0C tagab t\u00e4pse temperatuuri reguleerimiseks.<\/div><\/div><div class=\"section\"><div class=\"section-title\"><\/div><div class=\"section-img\"><img decoding=\"async\" src=\"\/vevor\/product\/GYLHJDDKSXXJA9HXL\/pyrography-machine-a100-2.3.jpg\" \/><\/div><div class=\"section-mobile-img\"><img decoding=\"async\" src=\"\/vevor\/product\/GYLHJDDKSXXJA9HXL\/pyrography-machine-a100-2.3-m.jpg\" \/><\/div><div class=\"section-desc\">Puidup\u00f5letil on ergonoomiline k\u00e4epide, mis on valmistatud k\u00f5rge temperatuurikindla plastikust, tagades mugava haarde. S\u00f5ltumata sellest, kas olete vasaku- v\u00f5i paremak\u00e4eline, pakub see \u00f5rna tuge iga loomingulise ettev\u00f5tmise ajal.<\/div><\/div><div class=\"section\"><div class=\"section-title\"><\/div><div class=\"section-img\"><img decoding=\"async\" src=\"\/vevor\/product\/GYLHJDDKSXXJA9HXL\/pyrography-machine-a100-2.4.jpg\" \/><\/div><div class=\"section-mobile-img\"><img decoding=\"async\" src=\"\/vevor\/product\/GYLHJDDKSXXJA9HXL\/pyrography-machine-a100-2.4-m.jpg\" \/><\/div><div class=\"section-desc\">See puidu p\u00f5letamine pyrography komplekt sisaldab stabiilne pliiatsi omanik, mis v\u00f5imaldab teil paigutada pyrography pliiatsi ja k\u00e4sn, mis takistab segadusega. Teie pyrography pliiatsid ja tarvikud j\u00e4\u00e4b organiseeritud ja distsiplineeritud, mis v\u00f5imaldab teil luua usaldust.<\/div><\/div><div class=\"section\"><div class=\"section-title\"><\/div><div class=\"section-img\"><img decoding=\"async\" src=\"\/vevor\/product\/GYLHJDDKSXXJA9HXL\/pyrography-machine-a100-2.5.jpg\" \/><\/div><div class=\"section-mobile-img\"><img decoding=\"async\" src=\"\/vevor\/product\/GYLHJDDKSXXJA9HXL\/pyrography-machine-a100-2.5-m.jpg\" \/><\/div><div class=\"section-desc\">Ideaalne kingitus nii algajatele kui ka t\u00e4iskasvanutele, et see kutse pyrography komplekt v\u00f5imaldab teil kapten leegid loovuse kergust. Ideaalne pyrography kohta, puit, nahk, kork, k\u00f5rvits, k\u00f5rvits ja rohkem materjale, see annab rikkaliku array ootamatu ja imeline kunsti m\u00f5ju.<\/div><\/div><div class=\"section\"><div class=\"section-img\"><img decoding=\"async\" src=\"\/vevor\/product\/GYLHJDDKSXXJA9HXL\/pyrography-machine-a100-1.11.jpg\" \/><\/div><div class=\"section-mobile-img\"><img decoding=\"async\" src=\"\/vevor\/product\/GYLHJDDKSXXJA9HXL\/pyrography-machine-a100-1.11-m.jpg\" \/><\/div><\/div><\/div><\/body><\/html><\/div>\n<div class=\"DM_at-title\" id=\"js-DM_at-title\"> <div>Toote spetsifikatsioon<\/div> <i class=\"icon-arrowup_line\"><\/i> <\/div><div class=\"DM_at-goodsDescAttr\" id=\"js-DM_at-goodsDescAttr\"> <div class=\"DM_at-goodsDescAttrInner\"> <dl class=\"goodsDesc_item goodsDesc_item_even\"> <dt>Punkt Mudeli Number<\/dt> <dd> LH40<\/dd> <\/dl> <dl class=\"goodsDesc_item\"> <dt>Reguleeritav Temperatuurivahemik Paneel<\/dt> <dd> 200-700\u2103<\/dd> <\/dl> <dl class=\"goodsDesc_item goodsDesc_item_even\"> <dt>N\u00e4idik<\/dt> <dd> Digitaalne Ekraan<\/dd> <\/dl> <dl class=\"goodsDesc_item\"> <dt>Arv V\u00e4ljund Pordid<\/dt> <dd> \u00dcksik<\/dd> <\/dl> <dl class=\"goodsDesc_item goodsDesc_item_even\"> <dt>Neto Kaal (koos tarvikutega)<\/dt> <dd> 2.42 lbs \/ 1,1 kg<\/dd> <\/dl> <dl class=\"goodsDesc_item\"> <dt>Toote M\u00f5\u00f5tmed (L\u00d7W\u00d7H)<\/dt> <dd> 5.91 x 4.65 x 3.74 in \/ 150 \u00d7 118 \u00d7 95 mm<\/dd> <\/dl> <\/div> <\/div>","protected":false},"excerpt":{"rendered":"<ul>\n<li> 23Pcs Erinevad Traat Sulgi: Meie puidu p\u00f5letamine kit kaasas 23 terasest traat, mis sulgi arenenud thermal imaging koo nagu fine vormivad, feathering, rist-koorumist, tumenevad ja rohkem. See sobib muutes puidu -, naha -, k\u00f5rvits, k\u00f5rvits, kork -, ja muud k\u00e4sit\u00f6\u00f6d. <\/li>\n<li> T\u00e4psus Temperatuuri juhtimine: digitaalne ekraan tagab intuitiivse temperatuuri n\u00e4it, tagades t\u00e4pse temperatuuri korrigeerimine vahel 200-700\u00b0C. Kas sa oled tegelenud keerulise \u00fcksikasjalikult v\u00f5i julge loovuse, temperatuur kontrolli pyrography puidu p\u00f5letamine komplekt annab teile saavutada veatut tulemust. <\/li>\n<li> Professionaalne T\u00f6\u00f6riist Komplekt: Me oleme valmis p\u00f5hjalik puidu p\u00f5letamine pyrography kit teile, sealhulgas 1 x pyrography pliiats, 23 x traat n\u00f5uanded, 1 x pliiats hoidik 1 x kruvikeeraja, 4 x puidust t\u00fckki, 1 x pintsetid, 1 x k\u00e4sit\u00f6\u00f6 nuga, 1 x k\u00e4sn, 1 x kasutusjuhend. <\/li>\n<li> Turvaline hoidja ja kuumakindel k\u00e4epide: meie puidup\u00f5letil on pliiatsihoidja teie t\u00f6\u00f6riistade stabiilseks ja turvaliseks hoidmiseks. Hoiustamissooned aitavad korraldada puhastusk\u00e4snasid, s\u00e4ilitades korraliku t\u00f6\u00f6ruumi. Esmaklassilistest isolatsioonimaterjalidest valmistatud kuumakindel k\u00e4epide tagab minimaalse soojus\u00fclekande pikema kasutusperioodi jooksul. <\/li>\n<li> Suurep\u00e4rane Kingitus: Kas t\u00e4iskasvanute v\u00f5i algajatele, meie pyrography komplekt on suurep\u00e4rane kingitus. Selle unikaalne disain ja funktsionaalsus annavad enneolematult loomingulise r\u00f5\u00f5mu kunsti nautimiseks, mist\u00f5ttu on l\u00e4bim\u00f5eldud ja s\u00fcdantsoojendavat kingitust. <\/li>\n<\/ul>","protected":false},"featured_media":272426,"comment_status":"closed","ping_status":"open","template":"","meta":{"om_disable_all_campaigns":false,"_monsterinsights_skip_tracking":false,"_monsterinsights_sitenote_active":false,"_monsterinsights_sitenote_note":"","_monsterinsights_sitenote_category":0,"_uf_show_specific_survey":0,"_uf_disable_surveys":false},"location":[1935,1934],"product_brand":[21],"product_cat":[2445,2697,2446,3474],"product_tag":[],"class_list":{"0":"post-19214","1":"product","2":"type-product","3":"status-publish","4":"has-post-thumbnail","6":"location-supplier_stock_location","7":"location-local_stock_location","8":"product_brand-vevor","9":"product_cat-appliances","10":"product_cat-crafting-machines","11":"product_cat-crafts-sewing","12":"product_cat-pyrography-machine","14":"first","15":"outofstock","16":"taxable","17":"shipping-taxable","18":"purchasable","19":"product-type-simple"},"aioseo_notices":[],"jetpack_sharing_enabled":true,"locations":[{"id":1935,"name":"Pieg\u0101d\u0101t\u0101ja noliktav\u0101 (5-7d.d.)","slug":"supplier_stock_location","quantity":"0"},{"id":1934,"name":"R\u012bgas veikal\u0101 (0-2d.d.)","slug":"local_stock_location","quantity":"0"}],"_links":{"self":[{"href":"https:\/\/vevorshop.lv\/et\/wp-json\/wp\/v2\/product\/19214","targetHints":{"allow":["GET"]}}],"collection":[{"href":"https:\/\/vevorshop.lv\/et\/wp-json\/wp\/v2\/product"}],"about":[{"href":"https:\/\/vevorshop.lv\/et\/wp-json\/wp\/v2\/types\/product"}],"replies":[{"embeddable":true,"href":"https:\/\/vevorshop.lv\/et\/wp-json\/wp\/v2\/comments?post=19214"}],"wp:featuredmedia":[{"embeddable":true,"href":"https:\/\/vevorshop.lv\/et\/wp-json\/wp\/v2\/media\/272426"}],"wp:attachment":[{"href":"https:\/\/vevorshop.lv\/et\/wp-json\/wp\/v2\/media?parent=19214"}],"wp:term":[{"taxonomy":"location","embeddable":true,"href":"https:\/\/vevorshop.lv\/et\/wp-json\/wp\/v2\/location?post=19214"},{"taxonomy":"product_brand","embeddable":true,"href":"https:\/\/vevorshop.lv\/et\/wp-json\/wp\/v2\/product_brand?post=19214"},{"taxonomy":"product_cat","embeddable":true,"href":"https:\/\/vevorshop.lv\/et\/wp-json\/wp\/v2\/product_cat?post=19214"},{"taxonomy":"product_tag","embeddable":true,"href":"https:\/\/vevorshop.lv\/et\/wp-json\/wp\/v2\/product_tag?post=19214"}],"curies":[{"name":"wp","href":"https:\/\/api.w.org\/{rel}","templated":true}]}}