{"id":194030,"date":"2025-09-11T06:07:15","date_gmt":"2025-09-11T06:07:15","guid":{"rendered":"https:\/\/vevorshop.lv\/en_us\/Prece\/vevor-3-section-tall-laundry-sorter-with-wheels-hooks-2-tiers-171l-capacity-metal-frame-waterproof-oxford-bags\/"},"modified":"2026-05-05T11:20:25","modified_gmt":"2026-05-05T08:20:25","slug":"vevor-3-section-tall-laundry-sorter-with-wheels-hooks-2-tiers-171l-capacity-metal-frame-waterproof-oxford-bags","status":"publish","type":"product","link":"https:\/\/vevorshop.lv\/et\/Prece\/vevor-3-sektsiooni-pikk-pesu-sorteerija-ratastega-konksud-2-taset-171-l-mahutavusega-metallraam-veekindel-oxford-kotid\/","title":{"rendered":"VEVOR 3-osaline pesukorvisorteerija metallraami, puidust pealispinna ja ratastega \u2013 2-kihiline rulluv korv 45L kottide ja riiulitega, 30kg kandev\u00f5ime"},"content":{"rendered":"<div style=\"color: #fff!important; font-size: 16px; height: 24px; line-height: 24px; margin-top: -24px; \" class=\"product_original_name\">VEVOR 2-astmeline pesupesemissorter, k\u00f5rge metallraami ja puidust lauaplaadiga pesupesemisvasar, 3 sektsiooniga valtsimiskorvi korraldaja hoiukoht redelite riiulitega ja 600 D Oxfordi riidest kotid m\u00e4\u00e4rdunud riiete jaoks<\/div>\n<div style=\"color: #fff!important; font-size: 16px; height: 24px; line-height: 24px; margin-top: -24px; \" class=\"product_sku\">MF2W6CPV<\/div>\n<div style=\"color: #fff!important; font-size: 16px; height: 24px; line-height: 24px; margin-top: -24px; \" class=\"product_mpn\">XYLEKJSMGBS2MC1WJ001V0<\/div><div id=\"js-DM_at-goodDescRich\"><html><head><style>  body {    font-family: Arial;    line-height: 1.5;    color: #1c1c1c;    overflow-x: hidden;    margin: 0;    padding: 0;  }  .MsoNormal b {    font-weight: bolder;  }<\/style><style>  .container.small {    width: 970px;    margin: 0 auto;  }  .logo {    margin: 0 auto 0;  }  .logo img {    display: block;    margin: 0 auto;    max-width: 100%;  }  .logo .pc-banner {    display: block;    width: 1200px;    height: 247.4px;    margin: 0 auto;  }  .logo .pc-banner.small {    width: 970px;  }  .logo .pc-banner.small img {    height: auto!important;  }  .logo .m-banner {    display: none;  }  .ytvideo {    position: relative;    height: 546px;    width: 100%;    margin: 0 auto;  }  .ytvideo img {    width: 100%;    margin: 0 auto;  }  .ytvideo .play-btn {    width: 60px;    height: 42px;    position: absolute;    top: 50%;    left: 50%;    transform: translate(-50%, -50%);    background: url(\"data:image\/png;base64,iVBORw0KGgoAAAANSUhEUgAAAGQAAABGCAMAAAANWMFbAAAC+lBMVEUAAADBGB3kLCfBGB3kLCfcJC7BFx3KKSbiKybkLCbWJCPSIiLSIiLPICHAFx3kLCfgKSXNHiDZJiTIGx\/p4eHcjo7LHSDbJyTkLCbjKyfOHyHPIiL28fHJHB\/GGh7EGR7eKCXDGB3RISHlLSbBGB3AFxzGHB7DGB7BGB3hKybkKybAFx3lLCfAFxzDGR3hKibDGB7cJyTmz8\/elJTlwcHjurrUIyLlLSflLSfAFx3DGR7lLSfCFx3hKibhKibhKybjKybkLCblLSfbJSX49vbx7e3NNzjNMTLMJyjVIyLZf3\/ZQ0LaeHjx0tLgoqLkLCfCGB3HGx\/BGB3BFx3PICHCGB7WJCLOHyC\/Fxy\/Fx3lLCfQISHkLSe\/FxzbJiTBFx3FGx\/AGB7BFx3EGR7AGB3HHSDfKiXAFh3TISHYNzbhKibbJyTTIiL57e325+f039\/v2NjUV1fOHiHiqanfmprch4feKSXVIyPOICHmLibFGh\/mLSe\/Fx7XJCPeKSXXJSPNHyHaJyTGGh7lLCbmLCflLSjSIiLkLCbdKSXLHiC\/GB3KHh++Fh3lKyfoLiXcKCPkx8fYb2\/XaGfVXl3aU1LLHiDksbHgKibPICHbJyTfKSXbJyTCGB3KHSDiKybFGh7TIiL\/\/\/\/VIyPRISHIHB\/GGx\/HHB\/DGR7gKibdKCXLHiDZJiTMHiDNHyHYJSTOICHPICHWJCPcKCXXJSPjLCblLCf+\/f3NGR\/uLijzLynPGR\/IGB7WISHaIyLLGh7UAADxLynNAADRLzDbICLQAADIAAD3MCrUHSHXMTDpKSbLAADp5OTij4\/ejo\/VLy\/1LyngJSTcJCPQHx\/OHB7+\/PzaMS\/OLS\/vLijrLSjSAADaNTPwLyjkKSbNJCbYISHPHB\/KGB7WAAD7+vrn3d3aKynTKCjoLCfsKifRGh\/YAADq5+fhjo7QNDXXKCfmJyXt5+fTLzDLLi\/QKivYHRvMGBrQJCXLISPMExXLDxLaEAvkkI\/bOTfaFQ\/SCgpvLcnHAAAAmnRSTlMA+vv7+gT9Bvf9+8z8\/NSv\/Pr5+P7++vnQIBMP\/v38\/Pn348XDiCYf9OjbzcqxXVcx\/fz8+\/rj1r2poo1+fXFqX0orGP7+\/v7+\/fz8+\/r68uzn4trIxsG\/vri3p6GcmZSNbWVYUUZEPQv+\/f39+\/v7+\/v7+vr64tvV1NTTz87FtbSurqeblJKFg4B3bUY+NjL7+\/v7+\/v67t1cDo8JLQAABkRJREFUWMO0kz9rwkAYh0OIeJkum6YugUAhISCdKoj\/P4C7SMdS+gEKIhSKil10LSg4mzXkILdlEpxCpwTiWOLX6BujvQaEQuGeHLnL+\/64J+SIcKGYTYWnntpdLjrVdqvZmNdn0+EE40GtpuuWVS6Xx6N7YDSGpWXpeq02wHgynM7q80az1a52HpddtVcpsi1zFARBrdaxbhp9iUReTGmwA4KAAr7vx3EYejnCMI6hQYEgy0LQi4jUN0wL19vqFcUC9\/1dAKmEEFkWRYkh5oBejnxQJiSJPJ\/uKBp0Thszx9Mw8hMRIQjKsptCfuES9zr5WJY6vSFCIvE9fCMUmEM1A1kSXcYGxgVYsvI1IPKTZciSTI0us\/SMGG04gDzELDoFBwdcFJrF88dqgYMTiL6DILWYyfOWE8\/kIz38olCNlC03FK95+imxp6y4oUSvAnBjHHhKNtotSDqJzVFiK8c2SBqhZtsrTtgrLXwAyduxZHNE26eHUt5rtuM4WSmds3G+sUdWYo1L+XyxButoh5eKUHk5lByO3G1LqqCWVnfrv\/lyPtf\/4ps1cndNGIri8J1TJ0lx6dR\/oPjq1nbRwdp2dCk4CtIOLW3pVKRL6WZfS5vF2KkIQhpwSsjiYIgNCs1gEMGqiIq24NQX9NwoXFy8Ufrl3twTcg4fv8T9\/JBEySduj6Mjm4bMzYV7EEOxKjjoNDud7yY3Dy71Hq2oLmqfbNR723edH9PgMrNL2utoQ3VmaIDkiw\/4w51P06hlZsTZvkRrbVuSIs\/zwSOsycgzStQouoAkWQqioRT5XI7n2Z1wfVhoZmcAJLsoqjqpjbWCgpOAJXBwHK8PzWbNvoUZJND5wCnSkLAkZ1legx6vqQzjoiTahKlGUGLAiIIoABOHaNVw4sexZBym6\/HWlH5h3IC7yRbxtipcWxdTOkORKiNQAEkFf66x5S2oeRbroOlLgg0sSYkR0hRGEqJZ0jTPiQKatESdBckpWigxaapEH0lImHdWu9pUFF2XqMNM2Z4kped7IwEJw2qabwtrQqnpw6HyKkgcadKWsmpywwesDyIhYRpdzXddqegtGIJlXbAIUMOLkGxJUjRIkokwjUaX9d\/kK62ps\/tYUqZLIMkLTyBhsMZ3C5Z\/kDxOSCb\/DOs\/\/J0qcWSX\/2ipe56EgTCA4\/cB7NAYOsni4mZM1MUPAISoEwkDi4lhVBQ1cWQyIcwalw4EpqZN68JUSK7XC0kTlkLYii5uXSC8jT5ncCAS7mjCv0uHp\/3lueHEEAeQ\/\/VgmdN71\/2uCSA1Xr6DO6uI6sW56zqT2tp2PhgiRUAajV8CY2fkcz6WGNKMgLAt7tJAhD4YHMTeRxlALE6+43WqjSWi8ITxyJl8WrwWSNESQZZOqhDDntO3hJLsd5RtSpbJqdv3YrDJH3F7jL1R2O2aQkn2MyCyKYz0GPGIvSAMgBCrCEiJyKbBaYGwLW4uPRr0A0M4Ux5kUI7IBh+hMdiCEWNqhMZGyYMsOgNE58UQuEQeUnSWCMYwL54hkxK6IoqucQZbQ3pc3XtL0lky1dL0zZJJDpWJovFqpWj6JEHnyam2eQp5QRVAVHjWparTOaVwUOx99YS2MvgxIGV0bb+qIg2HX2qkFFJB+XZcbLiuRkuxD9GRroKyveLxdh4d7Orx+hb7qc3uVRuEogCOnyIxm4ubUoPgF4jianDrC+SDQDKEfJb0GUKmjCGPYHGJvVC6X4hw1\/sAfQAdfYyephIaspXe36RwOP+Ljvfx9B6B3i+Nk0DGq+oCbLn6JpBa9nWAveAIHwFAwtVcIJXPMPL8kRu5OAYPMaL1WScTxjiZDqB9LTJSWphow\/pTYKRTLjCBhvi9iBidvKcDasGSm0QQkycYuLBqj6QCELPctqChDWpTRMWkngNNpQ1Pfp1KkiT\/Y0DGffXAweUNfLAfaJFKDwhb6I+bkYRbkERoEeu3Fyjg2opMz2daZCS9jt6Q7txNfB+OZEVF6Zl5web2xunnLQrtrjXseXKaFYziYINeMFZVxS9VxRhOoesYwxPKXm+gWLG9cuFeq93UNNeJNsf1KlwuDok9n02n3TgIJpOxNfL9naIoQwXtfH9kjceTIIi709ncTg6LZbg+biLH1V6u\/7rxBem06VXKn9raAAAAAElFTkSuQmCC\")      no-repeat center center \/ contain;  }  @media screen and (max-width: 960px) and (orientation: portrait) {    .logo {      width: 100%;    }    .logo .pc-banner {      display: none;    }    .logo .m-banner {      display: block;      width: 100%;    }    .logo .m-banner img {      height: auto!important;    }    .ytvideo {      height: 200px;      width: 100%;    }  }<\/style><style>  .video-section {    width: 100%;    margin: 0 auto;  }  .video-section > img {    width: 100%;  }  .video-section iframe,  .video-section video {    width: 100%;    height: 100%;      }  .video-section-img-m,  .video-section-img-pc > img {    width: 100%;    height: auto;  }  .video-section-img-pc.small > img {    width: 970px;  }  .video-desc {    line-height: 1.5;    font-size: 20px;    font-weight: 400;    margin: 20px 0;    text-align: center;    color: #0f1111;    word-break: break-word;  }  @media screen and (max-width: 960px) and (orientation: portrait) {    .video-section {      width: 100%;    }    .video-section-pc,    .video-section-img-pc {      display: none;    }    .video-section-m,    .video-section-img-m {      display: block;    }    .video-desc {      font-size: 15px;    }  }  @media screen and (min-width: 960px) {    .video-section {      width: 100%;      margin: 0 auto;    }    .video-section-pc,    .video-section-img-pc {      display: block;    }    .video-section-m,    .video-section-img-m {      display: none;    }    .video-desc {      font-size: 20px;    }  }<\/style><style>  .section + .section {    margin-top: 35px;  }  .section-title {    text-align: center;    font-weight: bold;    color: #0d1111;    font-family: \"Arial\";    font-size: 32px;    margin: 15px 0;  }  .section-title:empty {    display: none;  }  .section-desc {    text-align: center;    font-weight: normal;    color: #0d1111;    margin-top: 20px;  }  .section-desc:empty {    display: none;  }  .section-img {    width: 1200px;    height: 492px;    margin: 0 auto;    display: block;  }  .section-img.small {    width: 970px;    height: auto;  }  .section-img.small > img {    height: auto;  }  .section-img > img {    width: 100%;    height: 100%;  }  .section-mobile-img {    display: none;    max-width: 100vw;    max-height: 75vw;    height: 450px;    margin: 0 auto;  }  .section-mobile-img > img {    width: 100%;    height: 100%;  }  @media screen and (max-width: 960px) and (orientation: portrait) {    .container {      width: 100%;    }    .container.small {      width: 100%;    }    .section-mobile-img {      display: block;    }    .section-img {      display: none;    }    .section-title {      font-size: 22px;      margin: 10px 0;    }    .section-desc {      margin-top: 10px;    }    .section + .section {      margin-top: 20px;    }  }<\/style><\/head><body><div class=\"container\"><div class=\"logo\"><div class=\"pc-banner\"><div><img decoding=\"async\" src=\"\/vevor\/vevor\/boutique-banner\/pc\/en-pc@1x.jpg\" style=\"width: 100%;\" \/><\/div><\/div><div class=\"m-banner\"><div><img decoding=\"async\" src=\"\/vevor\/vevor\/boutique-banner\/mobile\/en-m@1x.jpg\" style=\"width: 100%;\" \/><\/div><\/div><\/div><div class=\"section-title\">Multifunktsionaalne pesu sorteerimiskorv<\/div><div class=\"video-section\"><div class=\"video-section-img-pc\"><img decoding=\"async\" src=\"\/vevor\/product\/XYLEKJSMGBS2MC1WJ001\/laundry-sorter-a100-1.4.jpg\" \/><\/div><div class=\"video-section-img-m\"><img decoding=\"async\" src=\"\/vevor\/product\/XYLEKJSMGBS2MC1WJ001\/laundry-sorter-a100-1.4-m.jpg\" \/><\/div><div class=\"section-desc\">Kahekordsed 45,2 galloni mahutavusega sektsioonid, mis on valmistatud vastupidavast, veekindlast ja l\u00f5tvumiskindlast kangast, mis on ideaalsed tulede\/pimedate, m\u00e4rgade\/kuivade v\u00f5i t\u00e4iskasvanute\/laste riiete sorteerimiseks, et hoida teie kodu puhtana ja korras.<\/div><\/div><div class=\"section\"><div class=\"section-title\"><\/div><div class=\"section-img\"><img decoding=\"async\" src=\"\/vevor\/product\/XYLEKJSMGBS2MC1WJ001\/laundry-sorter-a100-2.2.jpg\" \/><\/div><div class=\"section-mobile-img\"><img decoding=\"async\" src=\"\/vevor\/product\/XYLEKJSMGBS2MC1WJ001\/laundry-sorter-a100-2.2-m.jpg\" \/><\/div><div class=\"section-desc\">Sileda v\u00e4ljat\u00f5mmatava disaini ja k\u00e4epidemetega eemaldatavad kotid muudavad pesu sorteerija \u00fche reisiga pesumasinasse kandmiseks lihtsaks, s\u00e4\u00e4stes aega ja vaeva.<\/div><\/div><div class=\"section\"><div class=\"section-title\"><\/div><div class=\"section-img\"><img decoding=\"async\" src=\"\/vevor\/product\/XYLEKJSMGBS2MC1WJ001\/laundry-sorter-a100-2.3.jpg\" \/><\/div><div class=\"section-mobile-img\"><img decoding=\"async\" src=\"\/vevor\/product\/XYLEKJSMGBS2MC1WJ001\/laundry-sorter-a100-2.3-m.jpg\" \/><\/div><div class=\"section-desc\">Paks puitlaastplaadist \u00fclaosa ei paindu kaalu all, mis on ideaalne voltimiseks, triikimiseks v\u00f5i ladustamiseks.<\/div><\/div><div class=\"section\"><div class=\"section-title\"><\/div><div class=\"section-img\"><img decoding=\"async\" src=\"\/vevor\/product\/XYLEKJSMGBS2MC1WJ001\/laundry-sorter-a100-2.4.jpg\" \/><\/div><div class=\"section-mobile-img\"><img decoding=\"async\" src=\"\/vevor\/product\/XYLEKJSMGBS2MC1WJ001\/laundry-sorter-a100-2.4-m.jpg\" \/><\/div><div class=\"section-desc\">Meie pesu sorteerijal on tugevdatud metallraam, mis tagab stabiilse toe. Reguleeritavad jalad sobivad erinevatele p\u00f5randat\u00fc\u00fcpidele, samas kui topeltlukustusega rattad hoiavad korvi kindlalt paigal. Kaasas eemaldatav konks ja k\u00fcljetasku, v\u00f5tmete, m\u00fctside ja sokkide h\u00f5lpsaks hoiustamiseks.<\/div><\/div><div class=\"section\"><div class=\"section-title\"><\/div><div class=\"section-img\"><img decoding=\"async\" src=\"\/vevor\/product\/XYLEKJSMGBS2MC1WJ001\/laundry-sorter-a100-2.5.jpg\" \/><\/div><div class=\"section-mobile-img\"><img decoding=\"async\" src=\"\/vevor\/product\/XYLEKJSMGBS2MC1WJ001\/laundry-sorter-a100-2.5-m.jpg\" \/><\/div><div class=\"section-desc\">Sobib pesuruumidesse, vannitubadesse v\u00f5i magamistubadesse. Klanitud must disain sobib iga sisekujundusega, aidates teil luua puhtama ja mugavama elamispinna.<\/div><\/div><div class=\"section\"><div class=\"section-img\"><img decoding=\"async\" src=\"\/vevor\/product\/XYLEKJSMGBS2MC1WJ001\/laundry-sorter-a100-1.11.jpg\" \/><\/div><div class=\"section-mobile-img\"><img decoding=\"async\" src=\"\/vevor\/product\/XYLEKJSMGBS2MC1WJ001\/laundry-sorter-a100-1.11-m.jpg\" \/><\/div><\/div><\/div><\/body><\/html><\/div>\n<div class=\"DM_at-title\" id=\"js-DM_at-title\"> <div>Toote spetsifikatsioon<\/div> <i class=\"icon-arrowup_line\"><\/i> <\/div><div class=\"DM_at-goodsDescAttr\" id=\"js-DM_at-goodsDescAttr\"> <div class=\"DM_at-goodsDescAttrInner\"> <dl class=\"goodsDesc_item goodsDesc_item_even\"> <dt>Punkt Mudeli Number<\/dt> <dd> KS\u00dc\u00dcL06<\/dd> <\/dl> <dl class=\"goodsDesc_item\"> <dt>Laua Kaal V\u00f5imsus<\/dt> <dd> 66.14 lbs \/ 30 kg<\/dd> <\/dl> <dl class=\"goodsDesc_item goodsDesc_item_even\"> <dt>Riiuli Kandev\u00f5ime<\/dt> <dd> 44.09 lbs \/ 20 kg<\/dd> <\/dl> <dl class=\"goodsDesc_item\"> <dt>Kaalutavus koti kohta<\/dt> <dd> 11.02 lbs \/ 5 kg<\/dd> <\/dl> <dl class=\"goodsDesc_item goodsDesc_item_even\"> <dt>Kambrite arv<\/dt> <dd> 3<\/dd> <\/dl> <dl class=\"goodsDesc_item\"> <dt>Puidust riiulite arv<\/dt> <dd> 2<\/dd> <\/dl> <dl class=\"goodsDesc_item goodsDesc_item_even\"> <dt>\u00dchekordne sisemine v\u00f5imsus<\/dt> <dd> 13,6 gallonit<\/dd> <\/dl> <dl class=\"goodsDesc_item\"> <dt>\u00dchekordne v\u00e4limine v\u00f5imsus<\/dt> <dd> 15 067 gallonit<\/dd> <\/dl> <dl class=\"goodsDesc_item goodsDesc_item_even\"> <dt>Materjal<\/dt> <dd> 600D Oxford Kangast<\/dd> <\/dl> <dl class=\"goodsDesc_item\"> <dt>V\u00e4limised M\u00f5\u00f5tmed<\/dt> <dd> 12,80 x 11,81 x 23,03 tolli\/325 x 300 x 585 mm<\/dd> <\/dl> <dl class=\"goodsDesc_item goodsDesc_item_even\"> <dt>Sisemised M\u00f5\u00f5tmed<\/dt> <dd> 11,02 x 12,40 x 23,03 tolli\/280 x 315 x 585 mm<\/dd> <\/dl> <dl class=\"goodsDesc_item\"> <dt>Konksud<\/dt> <dd> 3 (Eemaldatav)<\/dd> <\/dl> <dl class=\"goodsDesc_item goodsDesc_item_even\"> <dt>Neto Kaal<\/dt> <dd> 19.25 lbs \/ 8.73 kg<\/dd> <\/dl> <dl class=\"goodsDesc_item\"> <dt>Toote M\u00f5\u00f5tmed<\/dt> <dd> 40,94 x 12,99 x 41,14 tolli\/1040 x 330 x 1045 mm<\/dd> <\/dl> <\/div> <\/div>","protected":false},"excerpt":{"rendered":"<ul>\n<li> Tugev struktuur: valmistatud mustast metallist s\u00fcsinikterasest, see pesu takistav sorteerija pakub tugevat tuge ja on deformatsioonikindel. Sellega on kaasas lukustatavad, liigutatavad rattad, mida saab liikumise v\u00e4ltimiseks oma kohale kinnitada, tagades turvalise kasutamise <\/li>\n<li> Pingutusteta sorteerimine ja ladustamine: kolm kangast kotti ja v\u00e4listasku annavad kogumahutavuseks 45,2 gallonit. Eraldage kerge vaevaga valgus tumedatest riietest, t\u00e4iskasvanu laste esemetest v\u00f5i sokid r\u00e4tikutest <\/li>\n<li> J\u00f5upingutusteta juurdep\u00e4\u00e4s: nii v\u00e4ljat\u00f5mmatavate kui ka k\u00e4epideme funktsioonidega disainitud riideid on lihtne v\u00e4lja v\u00f5tta v\u00f5i transportimiseks kogu kott eemaldada. Enam ei tohi \u00fcksikuid esemeid haarata, vaid visake kogu kott pesumasinasse, et pesu kiiremini t\u00f6\u00f6delda <\/li>\n<li> Kulumiskindlad kangakotid: valmistatud 600D Oxfordi riidest, need kotid on sitked, veekindlad ja kergesti puhastatavad. PP alusplaat hoiab kotid p\u00fcsti, v\u00e4ltides pesuga t\u00e4itmisel l\u00f5tvumist. Iga kott toetab paksude riiete h\u00f5lpsaks hoidmiseks kuni 11,02 naela <\/li>\n<li> Mitmeotstarbeline disain: Pesu sorteerija \u00fclaosas on 0,47 tolli\/12 mm puitlaastplaadist lauaplaat, mis toetab kuni 66,14 naela \/30 kg. Seda saab kasutada riiete triikimiseks, esemete kaitsmiseks tolmu eest v\u00f5i pesutarvete, esmatarbekaupade v\u00f5i v\u00f5tmete hoidmiseks <\/li>\n<\/ul>","protected":false},"featured_media":413408,"comment_status":"open","ping_status":"open","template":"","meta":{"om_disable_all_campaigns":false,"_uf_show_specific_survey":0,"_uf_disable_surveys":false},"location":[1935,1934],"product_brand":[],"product_cat":[158,744,28],"product_tag":[],"class_list":{"0":"post-194030","1":"product","2":"type-product","3":"status-publish","4":"has-post-thumbnail","6":"location-supplier_stock_location","7":"location-local_stock_location","8":"product_cat-carts-trucks","9":"product_cat-laundry-cart","10":"product_cat-material-handling","12":"first","13":"instock","14":"taxable","15":"shipping-taxable","16":"purchasable","17":"product-type-simple"},"aioseo_notices":[],"locations":[{"id":1935,"name":"Pieg\u0101d\u0101t\u0101ja noliktav\u0101 (5-7dd)","slug":"supplier_stock_location","quantity":"52"},{"id":1934,"name":"R\u012bgas veikal\u0101 (0-2d.d.)","slug":"local_stock_location","quantity":"0"}],"_links":{"self":[{"href":"https:\/\/vevorshop.lv\/et\/wp-json\/wp\/v2\/product\/194030","targetHints":{"allow":["GET"]}}],"collection":[{"href":"https:\/\/vevorshop.lv\/et\/wp-json\/wp\/v2\/product"}],"about":[{"href":"https:\/\/vevorshop.lv\/et\/wp-json\/wp\/v2\/types\/product"}],"replies":[{"embeddable":true,"href":"https:\/\/vevorshop.lv\/et\/wp-json\/wp\/v2\/comments?post=194030"}],"wp:featuredmedia":[{"embeddable":true,"href":"https:\/\/vevorshop.lv\/et\/wp-json\/wp\/v2\/media\/413408"}],"wp:attachment":[{"href":"https:\/\/vevorshop.lv\/et\/wp-json\/wp\/v2\/media?parent=194030"}],"wp:term":[{"taxonomy":"location","embeddable":true,"href":"https:\/\/vevorshop.lv\/et\/wp-json\/wp\/v2\/location?post=194030"},{"taxonomy":"product_brand","embeddable":true,"href":"https:\/\/vevorshop.lv\/et\/wp-json\/wp\/v2\/product_brand?post=194030"},{"taxonomy":"product_cat","embeddable":true,"href":"https:\/\/vevorshop.lv\/et\/wp-json\/wp\/v2\/product_cat?post=194030"},{"taxonomy":"product_tag","embeddable":true,"href":"https:\/\/vevorshop.lv\/et\/wp-json\/wp\/v2\/product_tag?post=194030"}],"curies":[{"name":"wp","href":"https:\/\/api.w.org\/{rel}","templated":true}]}}