{"id":196980,"date":"2025-09-11T09:24:31","date_gmt":"2025-09-11T09:24:31","guid":{"rendered":"https:\/\/vevorshop.lv\/en_us\/Prece\/vevor-650w-artificial-snow-machine-with-adjustable-output-1l-tank-handheld-hanging-design-for-indoor-outdoor-parties\/"},"modified":"2026-05-08T12:04:17","modified_gmt":"2026-05-08T09:04:17","slug":"vevor-650w-artificial-snow-machine-with-adjustable-output-1l-tank-handheld-hanging-design-for-indoor-outdoor-parties","status":"publish","type":"product","link":"https:\/\/vevorshop.lv\/et\/Prece\/vevor-650-w-kunstlumemasin-reguleeritava-valjundiga-1-l-paagi-kaeshoitav-rippdisain-siseruumides-toimuvatele-valipidudele\/","title":{"rendered":"VEVOR 650W kunstlumi masin 1L mahutiga, k\u00e4eshoitav v\u00f5i rippuv, 2\u20133m pihustus, siseruumides\/v\u00e4ljas \u00fcritusteks ja p\u00fchadeks"},"content":{"rendered":"<div style=\"color: #fff!important; font-size: 16px; height: 24px; line-height: 24px; margin-top: -24px; \" class=\"product_original_name\">VEVOR lumemasin, v\u00f5imas 650 W k\u00e4eshoitav\/rippuv v\u00f5ltslumevalmistaja, kaasaskantava k\u00e4epidemega lumehelbete valmistamise masin, \u00f5ues ja siseruumides kunstlik lumehelbevalmistaja p\u00fchadeks DJ-pidude j\u00f5ulukaunistuseks<\/div>\n<div style=\"color: #fff!important; font-size: 16px; height: 24px; line-height: 24px; margin-top: -24px; \" class=\"product_sku\">MFDO13N2<\/div>\n<div style=\"color: #fff!important; font-size: 16px; height: 24px; line-height: 24px; margin-top: -24px; \" class=\"product_mpn\">XHJXP650WSCXYWJWO001V2<\/div><div id=\"js-DM_at-goodDescRich\"><html><head><style>  body {    font-family: Arial;    line-height: 1.5;    color: #1c1c1c;    overflow-x: hidden;    margin: 0;    padding: 0;  }  .MsoNormal b {    font-weight: bolder;  }<\/style><style>  .container.small {    width: 970px;    margin: 0 auto;  }  .logo {    margin: 0 auto 0;  }  .logo img {    display: block;    margin: 0 auto;    max-width: 100%;  }  .logo .pc-banner {    display: block;    width: 1200px;    height: 247.4px;    margin: 0 auto;  }  .logo .pc-banner.small {    width: 970px;  }  .logo .pc-banner.small img {    height: auto!important;  }  .logo .m-banner {    display: none;  }  .ytvideo {    position: relative;    height: 546px;    width: 100%;    margin: 0 auto;  }  .ytvideo img {    width: 100%;    margin: 0 auto;  }  .ytvideo .play-btn {    width: 60px;    height: 42px;    position: absolute;    top: 50%;    left: 50%;    transform: translate(-50%, -50%);    background: url(\"data:image\/png;base64,iVBORw0KGgoAAAANSUhEUgAAAGQAAABGCAMAAAANWMFbAAAC+lBMVEUAAADBGB3kLCfBGB3kLCfcJC7BFx3KKSbiKybkLCbWJCPSIiLSIiLPICHAFx3kLCfgKSXNHiDZJiTIGx\/p4eHcjo7LHSDbJyTkLCbjKyfOHyHPIiL28fHJHB\/GGh7EGR7eKCXDGB3RISHlLSbBGB3AFxzGHB7DGB7BGB3hKybkKybAFx3lLCfAFxzDGR3hKibDGB7cJyTmz8\/elJTlwcHjurrUIyLlLSflLSfAFx3DGR7lLSfCFx3hKibhKibhKybjKybkLCblLSfbJSX49vbx7e3NNzjNMTLMJyjVIyLZf3\/ZQ0LaeHjx0tLgoqLkLCfCGB3HGx\/BGB3BFx3PICHCGB7WJCLOHyC\/Fxy\/Fx3lLCfQISHkLSe\/FxzbJiTBFx3FGx\/AGB7BFx3EGR7AGB3HHSDfKiXAFh3TISHYNzbhKibbJyTTIiL57e325+f039\/v2NjUV1fOHiHiqanfmprch4feKSXVIyPOICHmLibFGh\/mLSe\/Fx7XJCPeKSXXJSPNHyHaJyTGGh7lLCbmLCflLSjSIiLkLCbdKSXLHiC\/GB3KHh++Fh3lKyfoLiXcKCPkx8fYb2\/XaGfVXl3aU1LLHiDksbHgKibPICHbJyTfKSXbJyTCGB3KHSDiKybFGh7TIiL\/\/\/\/VIyPRISHIHB\/GGx\/HHB\/DGR7gKibdKCXLHiDZJiTMHiDNHyHYJSTOICHPICHWJCPcKCXXJSPjLCblLCf+\/f3NGR\/uLijzLynPGR\/IGB7WISHaIyLLGh7UAADxLynNAADRLzDbICLQAADIAAD3MCrUHSHXMTDpKSbLAADp5OTij4\/ejo\/VLy\/1LyngJSTcJCPQHx\/OHB7+\/PzaMS\/OLS\/vLijrLSjSAADaNTPwLyjkKSbNJCbYISHPHB\/KGB7WAAD7+vrn3d3aKynTKCjoLCfsKifRGh\/YAADq5+fhjo7QNDXXKCfmJyXt5+fTLzDLLi\/QKivYHRvMGBrQJCXLISPMExXLDxLaEAvkkI\/bOTfaFQ\/SCgpvLcnHAAAAmnRSTlMA+vv7+gT9Bvf9+8z8\/NSv\/Pr5+P7++vnQIBMP\/v38\/Pn348XDiCYf9OjbzcqxXVcx\/fz8+\/rj1r2poo1+fXFqX0orGP7+\/v7+\/fz8+\/r68uzn4trIxsG\/vri3p6GcmZSNbWVYUUZEPQv+\/f39+\/v7+\/v7+vr64tvV1NTTz87FtbSurqeblJKFg4B3bUY+NjL7+\/v7+\/v67t1cDo8JLQAABkRJREFUWMO0kz9rwkAYh0OIeJkum6YugUAhISCdKoj\/P4C7SMdS+gEKIhSKil10LSg4mzXkILdlEpxCpwTiWOLX6BujvQaEQuGeHLnL+\/64J+SIcKGYTYWnntpdLjrVdqvZmNdn0+EE40GtpuuWVS6Xx6N7YDSGpWXpeq02wHgynM7q80az1a52HpddtVcpsi1zFARBrdaxbhp9iUReTGmwA4KAAr7vx3EYejnCMI6hQYEgy0LQi4jUN0wL19vqFcUC9\/1dAKmEEFkWRYkh5oBejnxQJiSJPJ\/uKBp0Thszx9Mw8hMRIQjKsptCfuES9zr5WJY6vSFCIvE9fCMUmEM1A1kSXcYGxgVYsvI1IPKTZciSTI0us\/SMGG04gDzELDoFBwdcFJrF88dqgYMTiL6DILWYyfOWE8\/kIz38olCNlC03FK95+imxp6y4oUSvAnBjHHhKNtotSDqJzVFiK8c2SBqhZtsrTtgrLXwAyduxZHNE26eHUt5rtuM4WSmds3G+sUdWYo1L+XyxButoh5eKUHk5lByO3G1LqqCWVnfrv\/lyPtf\/4ps1cndNGIri8J1TJ0lx6dR\/oPjq1nbRwdp2dCk4CtIOLW3pVKRL6WZfS5vF2KkIQhpwSsjiYIgNCs1gEMGqiIq24NQX9NwoXFy8Ufrl3twTcg4fv8T9\/JBEySduj6Mjm4bMzYV7EEOxKjjoNDud7yY3Dy71Hq2oLmqfbNR723edH9PgMrNL2utoQ3VmaIDkiw\/4w51P06hlZsTZvkRrbVuSIs\/zwSOsycgzStQouoAkWQqioRT5XI7n2Z1wfVhoZmcAJLsoqjqpjbWCgpOAJXBwHK8PzWbNvoUZJND5wCnSkLAkZ1legx6vqQzjoiTahKlGUGLAiIIoABOHaNVw4sexZBym6\/HWlH5h3IC7yRbxtipcWxdTOkORKiNQAEkFf66x5S2oeRbroOlLgg0sSYkR0hRGEqJZ0jTPiQKatESdBckpWigxaapEH0lImHdWu9pUFF2XqMNM2Z4kped7IwEJw2qabwtrQqnpw6HyKkgcadKWsmpywwesDyIhYRpdzXddqegtGIJlXbAIUMOLkGxJUjRIkokwjUaX9d\/kK62ps\/tYUqZLIMkLTyBhsMZ3C5Z\/kDxOSCb\/DOs\/\/J0qcWSX\/2ipe56EgTCA4\/cB7NAYOsni4mZM1MUPAISoEwkDi4lhVBQ1cWQyIcwalw4EpqZN68JUSK7XC0kTlkLYii5uXSC8jT5ncCAS7mjCv0uHp\/3lueHEEAeQ\/\/VgmdN71\/2uCSA1Xr6DO6uI6sW56zqT2tp2PhgiRUAajV8CY2fkcz6WGNKMgLAt7tJAhD4YHMTeRxlALE6+43WqjSWi8ITxyJl8WrwWSNESQZZOqhDDntO3hJLsd5RtSpbJqdv3YrDJH3F7jL1R2O2aQkn2MyCyKYz0GPGIvSAMgBCrCEiJyKbBaYGwLW4uPRr0A0M4Ux5kUI7IBh+hMdiCEWNqhMZGyYMsOgNE58UQuEQeUnSWCMYwL54hkxK6IoqucQZbQ3pc3XtL0lky1dL0zZJJDpWJovFqpWj6JEHnyam2eQp5QRVAVHjWparTOaVwUOx99YS2MvgxIGV0bb+qIg2HX2qkFFJB+XZcbLiuRkuxD9GRroKyveLxdh4d7Orx+hb7qc3uVRuEogCOnyIxm4ubUoPgF4jianDrC+SDQDKEfJb0GUKmjCGPYHGJvVC6X4hw1\/sAfQAdfYyephIaspXe36RwOP+Ljvfx9B6B3i+Nk0DGq+oCbLn6JpBa9nWAveAIHwFAwtVcIJXPMPL8kRu5OAYPMaL1WScTxjiZDqB9LTJSWphow\/pTYKRTLjCBhvi9iBidvKcDasGSm0QQkycYuLBqj6QCELPctqChDWpTRMWkngNNpQ1Pfp1KkiT\/Y0DGffXAweUNfLAfaJFKDwhb6I+bkYRbkERoEeu3Fyjg2opMz2daZCS9jt6Q7txNfB+OZEVF6Zl5web2xunnLQrtrjXseXKaFYziYINeMFZVxS9VxRhOoesYwxPKXm+gWLG9cuFeq93UNNeJNsf1KlwuDok9n02n3TgIJpOxNfL9naIoQwXtfH9kjceTIIi709ncTg6LZbg+biLH1V6u\/7rxBem06VXKn9raAAAAAElFTkSuQmCC\")      no-repeat center center \/ contain;  }  @media screen and (max-width: 960px) and (orientation: portrait) {    .logo {      width: 100%;    }    .logo .pc-banner {      display: none;    }    .logo .m-banner {      display: block;      width: 100%;    }    .logo .m-banner img {      height: auto!important;    }    .ytvideo {      height: 200px;      width: 100%;    }  }<\/style><style>  .video-section {    width: 100%;    margin: 0 auto;  }  .video-section > img {    width: 100%;  }  .video-section iframe,  .video-section video {    width: 100%;    height: 100%;      }  .video-section-img-m,  .video-section-img-pc > img {    width: 100%;    height: auto;  }  .video-section-img-pc.small > img {    width: 970px;  }  .video-desc {    line-height: 1.5;    font-size: 20px;    font-weight: 400;    margin: 20px 0;    text-align: center;    color: #0f1111;    word-break: break-word;  }  @media screen and (max-width: 960px) and (orientation: portrait) {    .video-section {      width: 100%;    }    .video-section-pc,    .video-section-img-pc {      display: none;    }    .video-section-m,    .video-section-img-m {      display: block;    }    .video-desc {      font-size: 15px;    }  }  @media screen and (min-width: 960px) {    .video-section {      width: 100%;      margin: 0 auto;    }    .video-section-pc,    .video-section-img-pc {      display: block;    }    .video-section-m,    .video-section-img-m {      display: none;    }    .video-desc {      font-size: 20px;    }  }<\/style><style>  .section + .section {    margin-top: 35px;  }  .section-title {    text-align: center;    font-weight: bold;    color: #0d1111;    font-family: \"Arial\";    font-size: 32px;    margin: 15px 0;  }  .section-title:empty {    display: none;  }  .section-desc {    text-align: center;    font-weight: normal;    color: #0d1111;    margin-top: 20px;  }  .section-desc:empty {    display: none;  }  .section-img {    width: 1200px;    height: 492px;    margin: 0 auto;    display: block;  }  .section-img.small {    width: 970px;    height: auto;  }  .section-img.small > img {    height: auto;  }  .section-img > img {    width: 100%;    height: 100%;  }  .section-mobile-img {    display: none;    max-width: 100vw;    max-height: 75vw;    height: 450px;    margin: 0 auto;  }  .section-mobile-img > img {    width: 100%;    height: 100%;  }  @media screen and (max-width: 960px) and (orientation: portrait) {    .container {      width: 100%;    }    .container.small {      width: 100%;    }    .section-mobile-img {      display: block;    }    .section-img {      display: none;    }    .section-title {      font-size: 22px;      margin: 10px 0;    }    .section-desc {      margin-top: 10px;    }    .section + .section {      margin-top: 20px;    }  }<\/style><\/head><body><div class=\"container\"><div class=\"logo\"><div class=\"pc-banner\"><div><img decoding=\"async\" src=\"\/vevor\/vevor\/boutique-banner\/pc\/en-pc@1x.jpg\" style=\"width: 100%;\" \/><\/div><\/div><div class=\"m-banner\"><div><img decoding=\"async\" src=\"\/vevor\/vevor\/boutique-banner\/mobile\/en-m@1x.jpg\" style=\"width: 100%;\" \/><\/div><\/div><\/div><div class=\"section-title\">650 W V\u00f5imas Lumemasin<\/div><div class=\"video-section\"><div class=\"video-section-img-pc\"><img decoding=\"async\" src=\"\/vevor\/product\/XHJXP650WSCXYWJWO001\/snow-machine-a100-1.4.jpg\" \/><\/div><div class=\"video-section-img-m\"><img decoding=\"async\" src=\"\/vevor\/product\/XHJXP650WSCXYWJWO001\/snow-machine-a100-1.4-m.jpg\" \/><\/div><div class=\"section-desc\">See 650 W lumemasin annab pihustusvahemiku 6,56 ex9,84 jalga\/2 sw3 m ja katab kuni 10m2 realistliku lumesarnase vahuga. See toetab pidevat lumev\u00e4ljundit reguleeritava mahu ja kiirusega sisseehitatud kontrolleri kaudu.Ideal j\u00f5ulude sisekujunduse, pulmade, lavaetenduste jaoks, et luua unistav talvine stseen.<\/div><\/div><div class=\"section\"><div class=\"section-title\"><\/div><div class=\"section-img\"><img decoding=\"async\" src=\"\/vevor\/product\/XHJXP650WSCXYWJWO001\/snow-machine-a100-2.2.jpg\" \/><\/div><div class=\"section-mobile-img\"><img decoding=\"async\" src=\"\/vevor\/product\/XHJXP650WSCXYWJWO001\/snow-machine-a100-2.2-m.jpg\" \/><\/div><div class=\"section-desc\">Ehitatud 1L vedelikupaagiga, toetab see pikemat lumev\u00e4ljundit ilma pideva t\u00e4itmiseta. Meie lumevalmistaja sobib ideaalselt pidudele, v\u00e4ikestele lavaseadele ja \u00fcritusteruumidele, mis vajavad katkestusteta maagilise atmosf\u00e4\u00e4ri s\u00e4ilitamiseks pidevat lumevoolu.<\/div><\/div><div class=\"section\"><div class=\"section-title\"><\/div><div class=\"section-img\"><img decoding=\"async\" src=\"\/vevor\/product\/XHJXP650WSCXYWJWO001\/snow-machine-a100-2.3.jpg\" \/><\/div><div class=\"section-mobile-img\"><img decoding=\"async\" src=\"\/vevor\/product\/XHJXP650WSCXYWJWO001\/snow-machine-a100-2.3-m.jpg\" \/><\/div><div class=\"section-desc\">Varustatud kolmnurga stiilis toitepistikuga stabiilseks t\u00f6\u00f6ks, lisaks soojust hajutavad tuulutusavad, mis aitavad pikendada v\u00f5ltslumemasina eluiga. N\u00e4htav vedeliku taseme m\u00f5\u00f5tur v\u00f5imaldab teil j\u00e4lgida j\u00e4relej\u00e4\u00e4nud lumevedelikku l\u00fchidalt, v\u00e4hendades kuiva t\u00f6\u00f6 v\u00f5i \u00e4kiliste v\u00e4ljal\u00fclituste ohtu.<\/div><\/div><div class=\"section\"><div class=\"section-title\"><\/div><div class=\"section-img\"><img decoding=\"async\" src=\"\/vevor\/product\/XHJXP650WSCXYWJWO001\/snow-machine-a100-2.4.jpg\" \/><\/div><div class=\"section-mobile-img\"><img decoding=\"async\" src=\"\/vevor\/product\/XHJXP650WSCXYWJWO001\/snow-machine-a100-2.4-m.jpg\" \/><\/div><div class=\"section-desc\">Selgelt m\u00e4rgistatud juhtnuppude ja lihtsa nupuga lume v\u00e4ljundi reguleerimiseks on t\u00f6\u00f6 lihtne ka esmakasutajatele. Sisseehitatud \u00fclemine k\u00e4epide muudab seadme liigutamise lihtsaks ja neli stabiilset kummist jalga hoiavad selle igal pinnal kindlalt nii sise- kui ka v\u00e4listingimustes seadistamiseks valmis.<\/div><\/div><div class=\"section\"><div class=\"section-title\"><\/div><div class=\"section-img\"><img decoding=\"async\" src=\"\/vevor\/product\/XHJXP650WSCXYWJWO001\/snow-machine-a100-2.5.jpg\" \/><\/div><div class=\"section-mobile-img\"><img decoding=\"async\" src=\"\/vevor\/product\/XHJXP650WSCXYWJWO001\/snow-machine-a100-2.5-m.jpg\" \/><\/div><div class=\"section-desc\">Olgu selleks pulmad, p\u00fchade fotosessioon, j\u00f5ulupidu v\u00f5i kaubanduskeskuse v\u00e4ljapanek - see lumemasin loob kiiresti unistava lumesaju efekti, mis t\u00f5stab kogu atmosf\u00e4\u00e4ri. T\u00e4iuslik puudutus unustamatuteks hetkedeks ja talveteemalisteks kaunistusteks.<\/div><\/div><div class=\"section\"><div class=\"section-img\"><img decoding=\"async\" src=\"\/vevor\/product\/XHJXP650WSCXYWJWO001\/snow-machine-a100-1.11.jpg\" \/><\/div><div class=\"section-mobile-img\"><img decoding=\"async\" src=\"\/vevor\/product\/XHJXP650WSCXYWJWO001\/snow-machine-a100-1.11-m.jpg\" \/><\/div><\/div><\/div><\/body><\/html><\/div>\n<div class=\"DM_at-title\" id=\"js-DM_at-title\"> <div>Toote spetsifikatsioon<\/div> <i class=\"icon-arrowup_line\"><\/i> <\/div><div class=\"DM_at-goodsDescAttr\" id=\"js-DM_at-goodsDescAttr\"> <div class=\"DM_at-goodsDescAttrInner\"> <dl class=\"goodsDesc_item goodsDesc_item_even\"> <dt>Punkt Mudeli Number<\/dt> <dd> LM-O-600<\/dd> <\/dl> <dl class=\"goodsDesc_item\"> <dt>V\u00e4rv<\/dt> <dd> Must<\/dd> <\/dl> <dl class=\"goodsDesc_item goodsDesc_item_even\"> <dt>Sisend Pinge<\/dt> <dd> AC 220-240 V\/50-60Hz<\/dd> <\/dl> <dl class=\"goodsDesc_item\"> <dt>Nimiv\u00f5imsus<\/dt> <dd> 650W <\/dd> <\/dl> <dl class=\"goodsDesc_item goodsDesc_item_even\"> <dt>Spray Kaugus<\/dt> <dd> 6,56 9,84 jalga \/2 \u201e3 m\u201c<\/dd> <\/dl> <dl class=\"goodsDesc_item\"> <dt>Leviala<\/dt> <dd> 10 m\u00b2<\/dd> <\/dl> <dl class=\"goodsDesc_item goodsDesc_item_even\"> <dt>Kaugjuhtimispult<\/dt> <dd> Ei Sisalda<\/dd> <\/dl> <dl class=\"goodsDesc_item\"> <dt>Juhtmega Kontrolli<\/dt> <dd> Ei Sisalda<\/dd> <\/dl> <dl class=\"goodsDesc_item goodsDesc_item_even\"> <dt>Reguleerimise seaded<\/dt> <dd> Taganupp v\u00e4ljundi juhtimiseks<\/dd> <\/dl> <dl class=\"goodsDesc_item\"> <dt>Paigaldus Meetod<\/dt> <dd> Rippuv v\u00f5i tasane paigutus<\/dd> <\/dl> <dl class=\"goodsDesc_item goodsDesc_item_even\"> <dt>Vedelikupaagi maht<\/dt> <dd> 1L<\/dd> <\/dl> <dl class=\"goodsDesc_item\"> <dt>\u00dcmbritseva valgustuse<\/dt> <dd> Ei Sisalda<\/dd> <\/dl> <dl class=\"goodsDesc_item goodsDesc_item_even\"> <dt>V\u00f5nkumise funktsioon<\/dt> <dd> Ei Sisalda<\/dd> <\/dl> <dl class=\"goodsDesc_item\"> <dt>Peamised Materjalid<\/dt> <dd> K\u00fclmvaltsitud teras (SPCC) + plast (PP)<\/dd> <\/dl> <dl class=\"goodsDesc_item goodsDesc_item_even\"> <dt>Neto Kaal<\/dt> <dd> 7.49 lbs \/ 3.4 kg<\/dd> <\/dl> <dl class=\"goodsDesc_item\"> <dt>Toote M\u00f5\u00f5tmed<\/dt> <dd> 13,39 \u00d7 9,65 \u00d7 11,02 tolli\/340 \u00d7 245 \u00d7 280 mm<\/dd> <\/dl> <\/div> <\/div>","protected":false},"excerpt":{"rendered":"<ul>\n<li> V\u00f5imas lumeefekt: varustatud 650 W v\u00f5imsa mootoriga, mille p\u00f6\u00f6rete arv on 32 000 p\/min, annab see lumemasin pihustuskauguse 6,56 doo9,84 jalga (2 drossel m) ja loob realistliku lumesarnase vahu, mis katab kuni 10m2. Suur 1L paak tagab pikendatud t\u00f6\u00f6 ja ideaalse mis tahes stseeni t\u00e4itmiseks talvise atmosf\u00e4\u00e4riga. <\/li>\n<li> Reguleeritav v\u00e4ljund: v\u00f5ltslumevalmistajal on lume suuruse kontrollimiseks taha paigaldatud l\u00fcliti. Reguleerige v\u00f5ltslume v\u00e4ljundit ja vooluvalimisi vastavalt oma vajadustele. Kohandage lumeefekte, et need sobiksid erinevate s\u00fcndmuste atmosf\u00e4\u00e4ride ja d\u00fcnaamiliste lavaseadega, et suurendada mugavust ja t\u00f5husust. <\/li>\n<li> Turvaline ja vastupidav: valmistatud korrosioonikindlast SPCC k\u00fclmvaltsitud terasest ja kaetud t\u00e4iendava vastupidavuse tagamiseks. Lume valmistamise masin koos sisseehitatud kuumusavade ja n\u00e4htava vedelikum\u00f5\u00f5turiga hoiab \u00e4ra \u00fclekuumenemise ja kuivp\u00f5lemise, tagades usaldusv\u00e4\u00e4rse j\u00f5udluse ja pikema kasutusea. <\/li>\n<li> Kasutajas\u00f5bralik disain: meie lumehelbeste valmistajaga on kaasas \u00fclemine k\u00e4epide, mis muudab kandmise lihtsaks ning see sisaldab k\u00f5iki vajalikke tarvikuid ja kasutusjuhendit. Sisse- ja sissel\u00fclitamiseks pole vaja eelsoojendust. Lihtne seadistamine ja \u00fche inimese kasutamine s\u00e4\u00e4stavad aega ja vaeva. <\/li>\n<li> Mitmek\u00fclgne rakendus: v\u00f5lts lumemasin sobib ideaalselt festivalideks, pulmadeks, pidudeks v\u00f5i jaem\u00fc\u00fcgiv\u00e4ljapanekuteks. See kunstlik lumehelbemasin lisab koheselt maagilisi lumesajuefekte, et parandada \u00f5hkkonda, tekitada r\u00f5\u00f5mu ja j\u00e4tta p\u00fcsivaid muljeid. <\/li>\n<\/ul>","protected":false},"featured_media":416131,"comment_status":"open","ping_status":"open","template":"","meta":{"om_disable_all_campaigns":false,"_uf_show_specific_survey":0,"_uf_disable_surveys":false},"location":[1935,1934],"product_brand":[],"product_cat":[34,1587,1180],"product_tag":[],"class_list":{"0":"post-196980","1":"product","2":"type-product","3":"status-publish","4":"has-post-thumbnail","6":"location-supplier_stock_location","7":"location-local_stock_location","8":"product_cat-electrical","9":"product_cat-snowflake-machine","10":"product_cat-stage-lighting-effects","12":"first","13":"instock","14":"taxable","15":"shipping-taxable","16":"purchasable","17":"product-type-simple"},"aioseo_notices":[],"locations":[{"id":1935,"name":"Pieg\u0101d\u0101t\u0101ja noliktav\u0101 (5-7dd)","slug":"supplier_stock_location","quantity":"63"},{"id":1934,"name":"R\u012bgas veikal\u0101 (0-2d.d.)","slug":"local_stock_location","quantity":"0"}],"_links":{"self":[{"href":"https:\/\/vevorshop.lv\/et\/wp-json\/wp\/v2\/product\/196980","targetHints":{"allow":["GET"]}}],"collection":[{"href":"https:\/\/vevorshop.lv\/et\/wp-json\/wp\/v2\/product"}],"about":[{"href":"https:\/\/vevorshop.lv\/et\/wp-json\/wp\/v2\/types\/product"}],"replies":[{"embeddable":true,"href":"https:\/\/vevorshop.lv\/et\/wp-json\/wp\/v2\/comments?post=196980"}],"wp:featuredmedia":[{"embeddable":true,"href":"https:\/\/vevorshop.lv\/et\/wp-json\/wp\/v2\/media\/416131"}],"wp:attachment":[{"href":"https:\/\/vevorshop.lv\/et\/wp-json\/wp\/v2\/media?parent=196980"}],"wp:term":[{"taxonomy":"location","embeddable":true,"href":"https:\/\/vevorshop.lv\/et\/wp-json\/wp\/v2\/location?post=196980"},{"taxonomy":"product_brand","embeddable":true,"href":"https:\/\/vevorshop.lv\/et\/wp-json\/wp\/v2\/product_brand?post=196980"},{"taxonomy":"product_cat","embeddable":true,"href":"https:\/\/vevorshop.lv\/et\/wp-json\/wp\/v2\/product_cat?post=196980"},{"taxonomy":"product_tag","embeddable":true,"href":"https:\/\/vevorshop.lv\/et\/wp-json\/wp\/v2\/product_tag?post=196980"}],"curies":[{"name":"wp","href":"https:\/\/api.w.org\/{rel}","templated":true}]}}