{"id":199223,"date":"2025-09-22T16:37:02","date_gmt":"2025-09-22T13:37:02","guid":{"rendered":"https:\/\/vevorshop.lv\/en_us\/Prece\/vevor-108-cm-tow-behind-lawn-sweeper-710-l-capacity-leaf-grass-collector-adjustable-height-foldable-for-yard-garden\/"},"modified":"2026-04-20T02:13:21","modified_gmt":"2026-04-19T23:13:21","slug":"vevor-108-cm-tow-behind-lawn-sweeper-710-l-capacity-leaf-grass-collector-adjustable-height-foldable-for-yard-garden","status":"publish","type":"product","link":"https:\/\/vevorshop.lv\/et\/Prece\/vevor-108-cm-pukseerimine-murupuhkija-taga-710-l-mahutavusega-lehtmurukollektor-reguleeritav-korgus-kokkupandav-oueaiale-2\/","title":{"rendered":"VEVOR 111,7 cm j\u00e4relveetav murupuhastaja, 25cu.ft lehe ja muru koguja, reguleeritava k\u00f5rgusega, vastupidav aiat\u00f6\u00f6riist"},"content":{"rendered":"<div style=\"color: #fff!important; font-size: 16px; height: 24px; line-height: 24px; margin-top: -24px; \" class=\"product_original_name\">VEVOR Pukseerige murup\u00fchkija taga, 111,7 cm T\u00f5mmake murup\u00fchkija taha, 25 cu. ft Suure mahutavusega lehtede ja rohu koguja, Reguleeritava p\u00fchkimisk\u00f5rgusega raskeveokite aiap\u00fchkija \u00f5uele, murule, talule<\/div>\n<div style=\"color: #fff!important; font-size: 16px; height: 24px; line-height: 24px; margin-top: -24px; \" class=\"product_sku\">MFV66MH7<\/div>\n<div style=\"color: #fff!important; font-size: 16px; height: 24px; line-height: 24px; margin-top: -24px; \" class=\"product_mpn\">TCSCPQSQHS25IAGZQ002V0<\/div><div id=\"js-DM_at-goodDescRich\"><html><head><style>  body {    font-family: Arial;    line-height: 1.5;    color: #1c1c1c;    overflow-x: hidden;    margin: 0;    padding: 0;  }  .MsoNormal b {    font-weight: bolder;  }<\/style><style>  .container.small {    width: 970px;    margin: 0 auto;  }  .logo {    margin: 0 auto 0;  }  .logo img {    display: block;    margin: 0 auto;    max-width: 100%;  }  .logo .pc-banner {    display: block;    width: 1200px;    height: 247.4px;    margin: 0 auto;  }  .logo .pc-banner.small {    width: 970px;  }  .logo .pc-banner.small img {    height: auto!important;  }  .logo .m-banner {    display: none;  }  .ytvideo {    position: relative;    height: 546px;    width: 100%;    margin: 0 auto;  }  .ytvideo img {    width: 100%;    margin: 0 auto;  }  .ytvideo .play-btn {    width: 60px;    height: 42px;    position: absolute;    top: 50%;    left: 50%;    transform: translate(-50%, -50%);    background: url(\"data:image\/png;base64,iVBORw0KGgoAAAANSUhEUgAAAGQAAABGCAMAAAANWMFbAAAC+lBMVEUAAADBGB3kLCfBGB3kLCfcJC7BFx3KKSbiKybkLCbWJCPSIiLSIiLPICHAFx3kLCfgKSXNHiDZJiTIGx\/p4eHcjo7LHSDbJyTkLCbjKyfOHyHPIiL28fHJHB\/GGh7EGR7eKCXDGB3RISHlLSbBGB3AFxzGHB7DGB7BGB3hKybkKybAFx3lLCfAFxzDGR3hKibDGB7cJyTmz8\/elJTlwcHjurrUIyLlLSflLSfAFx3DGR7lLSfCFx3hKibhKibhKybjKybkLCblLSfbJSX49vbx7e3NNzjNMTLMJyjVIyLZf3\/ZQ0LaeHjx0tLgoqLkLCfCGB3HGx\/BGB3BFx3PICHCGB7WJCLOHyC\/Fxy\/Fx3lLCfQISHkLSe\/FxzbJiTBFx3FGx\/AGB7BFx3EGR7AGB3HHSDfKiXAFh3TISHYNzbhKibbJyTTIiL57e325+f039\/v2NjUV1fOHiHiqanfmprch4feKSXVIyPOICHmLibFGh\/mLSe\/Fx7XJCPeKSXXJSPNHyHaJyTGGh7lLCbmLCflLSjSIiLkLCbdKSXLHiC\/GB3KHh++Fh3lKyfoLiXcKCPkx8fYb2\/XaGfVXl3aU1LLHiDksbHgKibPICHbJyTfKSXbJyTCGB3KHSDiKybFGh7TIiL\/\/\/\/VIyPRISHIHB\/GGx\/HHB\/DGR7gKibdKCXLHiDZJiTMHiDNHyHYJSTOICHPICHWJCPcKCXXJSPjLCblLCf+\/f3NGR\/uLijzLynPGR\/IGB7WISHaIyLLGh7UAADxLynNAADRLzDbICLQAADIAAD3MCrUHSHXMTDpKSbLAADp5OTij4\/ejo\/VLy\/1LyngJSTcJCPQHx\/OHB7+\/PzaMS\/OLS\/vLijrLSjSAADaNTPwLyjkKSbNJCbYISHPHB\/KGB7WAAD7+vrn3d3aKynTKCjoLCfsKifRGh\/YAADq5+fhjo7QNDXXKCfmJyXt5+fTLzDLLi\/QKivYHRvMGBrQJCXLISPMExXLDxLaEAvkkI\/bOTfaFQ\/SCgpvLcnHAAAAmnRSTlMA+vv7+gT9Bvf9+8z8\/NSv\/Pr5+P7++vnQIBMP\/v38\/Pn348XDiCYf9OjbzcqxXVcx\/fz8+\/rj1r2poo1+fXFqX0orGP7+\/v7+\/fz8+\/r68uzn4trIxsG\/vri3p6GcmZSNbWVYUUZEPQv+\/f39+\/v7+\/v7+vr64tvV1NTTz87FtbSurqeblJKFg4B3bUY+NjL7+\/v7+\/v67t1cDo8JLQAABkRJREFUWMO0kz9rwkAYh0OIeJkum6YugUAhISCdKoj\/P4C7SMdS+gEKIhSKil10LSg4mzXkILdlEpxCpwTiWOLX6BujvQaEQuGeHLnL+\/64J+SIcKGYTYWnntpdLjrVdqvZmNdn0+EE40GtpuuWVS6Xx6N7YDSGpWXpeq02wHgynM7q80az1a52HpddtVcpsi1zFARBrdaxbhp9iUReTGmwA4KAAr7vx3EYejnCMI6hQYEgy0LQi4jUN0wL19vqFcUC9\/1dAKmEEFkWRYkh5oBejnxQJiSJPJ\/uKBp0Thszx9Mw8hMRIQjKsptCfuES9zr5WJY6vSFCIvE9fCMUmEM1A1kSXcYGxgVYsvI1IPKTZciSTI0us\/SMGG04gDzELDoFBwdcFJrF88dqgYMTiL6DILWYyfOWE8\/kIz38olCNlC03FK95+imxp6y4oUSvAnBjHHhKNtotSDqJzVFiK8c2SBqhZtsrTtgrLXwAyduxZHNE26eHUt5rtuM4WSmds3G+sUdWYo1L+XyxButoh5eKUHk5lByO3G1LqqCWVnfrv\/lyPtf\/4ps1cndNGIri8J1TJ0lx6dR\/oPjq1nbRwdp2dCk4CtIOLW3pVKRL6WZfS5vF2KkIQhpwSsjiYIgNCs1gEMGqiIq24NQX9NwoXFy8Ufrl3twTcg4fv8T9\/JBEySduj6Mjm4bMzYV7EEOxKjjoNDud7yY3Dy71Hq2oLmqfbNR723edH9PgMrNL2utoQ3VmaIDkiw\/4w51P06hlZsTZvkRrbVuSIs\/zwSOsycgzStQouoAkWQqioRT5XI7n2Z1wfVhoZmcAJLsoqjqpjbWCgpOAJXBwHK8PzWbNvoUZJND5wCnSkLAkZ1legx6vqQzjoiTahKlGUGLAiIIoABOHaNVw4sexZBym6\/HWlH5h3IC7yRbxtipcWxdTOkORKiNQAEkFf66x5S2oeRbroOlLgg0sSYkR0hRGEqJZ0jTPiQKatESdBckpWigxaapEH0lImHdWu9pUFF2XqMNM2Z4kped7IwEJw2qabwtrQqnpw6HyKkgcadKWsmpywwesDyIhYRpdzXddqegtGIJlXbAIUMOLkGxJUjRIkokwjUaX9d\/kK62ps\/tYUqZLIMkLTyBhsMZ3C5Z\/kDxOSCb\/DOs\/\/J0qcWSX\/2ipe56EgTCA4\/cB7NAYOsni4mZM1MUPAISoEwkDi4lhVBQ1cWQyIcwalw4EpqZN68JUSK7XC0kTlkLYii5uXSC8jT5ncCAS7mjCv0uHp\/3lueHEEAeQ\/\/VgmdN71\/2uCSA1Xr6DO6uI6sW56zqT2tp2PhgiRUAajV8CY2fkcz6WGNKMgLAt7tJAhD4YHMTeRxlALE6+43WqjSWi8ITxyJl8WrwWSNESQZZOqhDDntO3hJLsd5RtSpbJqdv3YrDJH3F7jL1R2O2aQkn2MyCyKYz0GPGIvSAMgBCrCEiJyKbBaYGwLW4uPRr0A0M4Ux5kUI7IBh+hMdiCEWNqhMZGyYMsOgNE58UQuEQeUnSWCMYwL54hkxK6IoqucQZbQ3pc3XtL0lky1dL0zZJJDpWJovFqpWj6JEHnyam2eQp5QRVAVHjWparTOaVwUOx99YS2MvgxIGV0bb+qIg2HX2qkFFJB+XZcbLiuRkuxD9GRroKyveLxdh4d7Orx+hb7qc3uVRuEogCOnyIxm4ubUoPgF4jianDrC+SDQDKEfJb0GUKmjCGPYHGJvVC6X4hw1\/sAfQAdfYyephIaspXe36RwOP+Ljvfx9B6B3i+Nk0DGq+oCbLn6JpBa9nWAveAIHwFAwtVcIJXPMPL8kRu5OAYPMaL1WScTxjiZDqB9LTJSWphow\/pTYKRTLjCBhvi9iBidvKcDasGSm0QQkycYuLBqj6QCELPctqChDWpTRMWkngNNpQ1Pfp1KkiT\/Y0DGffXAweUNfLAfaJFKDwhb6I+bkYRbkERoEeu3Fyjg2opMz2daZCS9jt6Q7txNfB+OZEVF6Zl5web2xunnLQrtrjXseXKaFYziYINeMFZVxS9VxRhOoesYwxPKXm+gWLG9cuFeq93UNNeJNsf1KlwuDok9n02n3TgIJpOxNfL9naIoQwXtfH9kjceTIIi709ncTg6LZbg+biLH1V6u\/7rxBem06VXKn9raAAAAAElFTkSuQmCC\")      no-repeat center center \/ contain;  }  @media screen and (max-width: 960px) and (orientation: portrait) {    .logo {      width: 100%;    }    .logo .pc-banner {      display: none;    }    .logo .m-banner {      display: block;      width: 100%;    }    .logo .m-banner img {      height: auto!important;    }    .ytvideo {      height: 200px;      width: 100%;    }  }<\/style><style>  .video-section {    width: 100%;    margin: 0 auto;  }  .video-section > img {    width: 100%;  }  .video-section iframe,  .video-section video {    width: 100%;    height: 100%;      }  .video-section-img-m,  .video-section-img-pc > img {    width: 100%;    height: auto;  }  .video-section-img-pc.small > img {    width: 970px;  }  .video-desc {    line-height: 1.5;    font-size: 20px;    font-weight: 400;    margin: 20px 0;    text-align: center;    color: #0f1111;    word-break: break-word;  }  @media screen and (max-width: 960px) and (orientation: portrait) {    .video-section {      width: 100%;    }    .video-section-pc,    .video-section-img-pc {      display: none;    }    .video-section-m,    .video-section-img-m {      display: block;    }    .video-desc {      font-size: 15px;    }  }  @media screen and (min-width: 960px) {    .video-section {      width: 100%;      margin: 0 auto;    }    .video-section-pc,    .video-section-img-pc {      display: block;    }    .video-section-m,    .video-section-img-m {      display: none;    }    .video-desc {      font-size: 20px;    }  }<\/style><style>  .section + .section {    margin-top: 35px;  }  .section-title {    text-align: center;    font-weight: bold;    color: #0d1111;    font-family: \"Arial\";    font-size: 32px;    margin: 15px 0;  }  .section-title:empty {    display: none;  }  .section-desc {    text-align: center;    font-weight: normal;    color: #0d1111;    margin-top: 20px;  }  .section-desc:empty {    display: none;  }  .section-img {    width: 1200px;    height: 492px;    margin: 0 auto;    display: block;  }  .section-img.small {    width: 970px;    height: auto;  }  .section-img.small > img {    height: auto;  }  .section-img > img {    width: 100%;    height: 100%;  }  .section-mobile-img {    display: none;    max-width: 100vw;    max-height: 75vw;    height: 450px;    margin: 0 auto;  }  .section-mobile-img > img {    width: 100%;    height: 100%;  }  @media screen and (max-width: 960px) and (orientation: portrait) {    .container {      width: 100%;    }    .container.small {      width: 100%;    }    .section-mobile-img {      display: block;    }    .section-img {      display: none;    }    .section-title {      font-size: 22px;      margin: 10px 0;    }    .section-desc {      margin-top: 10px;    }    .section + .section {      margin-top: 20px;    }  }<\/style><\/head><body><div class=\"container\"><div class=\"logo\"><div class=\"pc-banner\"><div><img decoding=\"async\" src=\"\/vevor\/vevor\/boutique-banner\/pc\/en-pc@1x.jpg\" style=\"width: 100%;\" \/><\/div><\/div><div class=\"m-banner\"><div><img decoding=\"async\" src=\"\/vevor\/vevor\/boutique-banner\/mobile\/en-m@1x.jpg\" style=\"width: 100%;\" \/><\/div><\/div><\/div><div class=\"section-title\">T\u00f5hus murup\u00fchkija hoidke oma muru h\u00f5lpsalt puhtana<\/div><div class=\"video-section\"><div class=\"video-section-img-pc\"><img decoding=\"async\" src=\"\/vevor\/product\/TCSCPQSQHS25IAGZQ002\/lawn-sweeper-a100-1.4.jpg\" \/><\/div><div class=\"video-section-img-m\"><img decoding=\"async\" src=\"\/vevor\/product\/TCSCPQSQHS25IAGZQ002\/lawn-sweeper-a100-1.4-m.jpg\" \/><\/div><div class=\"section-desc\">Meie murup\u00fchkija on loodud teie muru, aia v\u00f5i sisses\u00f5idutee t\u00f5husaks puhastamiseks. Ees reguleeritava hoova abil saate h\u00f5lpsalt reguleerida k\u00f5rgust, et sihtida lehti, umbrohtu, m\u00e4nniokkaid ja palju muud. J\u00e4tke h\u00fcvasti seljamurdvate ja v\u00e4sitavate p\u00fchkimist\u00f6\u00f6dega ning tere puhtale ja rohelisele murule!<\/div><\/div><div class=\"section\"><div class=\"section-title\"><\/div><div class=\"section-img\"><img decoding=\"async\" src=\"\/vevor\/product\/TCSCPQSQHS25IAGZQ002\/lawn-sweeper-a100-2.2.jpg\" \/><\/div><div class=\"section-mobile-img\"><img decoding=\"async\" src=\"\/vevor\/product\/TCSCPQSQHS25IAGZQ002\/lawn-sweeper-a100-2.2-m.jpg\" \/><\/div><div class=\"section-desc\">Meie puksiiri taga oleva murup\u00fchkija p\u00f5hjas oleva metalli ja harja vahelist liidest laiendatakse p\u00fchkimisj\u00f5u suurendamiseks, lihtsustades igasuguste kuivade lehtede ja murul\u00f5ikude puhastamist.<\/div><\/div><div class=\"section\"><div class=\"section-title\"><\/div><div class=\"section-img\"><img decoding=\"async\" src=\"\/vevor\/product\/TCSCPQSQHS25IAGZQ002\/lawn-sweeper-a100-2.3.jpg\" \/><\/div><div class=\"section-mobile-img\"><img decoding=\"async\" src=\"\/vevor\/product\/TCSCPQSQHS25IAGZQ002\/lawn-sweeper-a100-2.3-m.jpg\" \/><\/div><div class=\"section-desc\">Sellel murup\u00fchkijal on suur mittekootud punkrikott, saate korraga koguda rohkem muru, lehti ja prahti ilma sagedase kaadamiseta. Kotti saab kaadamisk\u00f6iega traktorist kergesti t\u00fchjendada.<\/div><\/div><div class=\"section\"><div class=\"section-title\"><\/div><div class=\"section-img\"><img decoding=\"async\" src=\"\/vevor\/product\/TCSCPQSQHS25IAGZQ002\/lawn-sweeper-a100-2.4.jpg\" \/><\/div><div class=\"section-mobile-img\"><img decoding=\"async\" src=\"\/vevor\/product\/TCSCPQSQHS25IAGZQ002\/lawn-sweeper-a100-2.4-m.jpg\" \/><\/div><div class=\"section-desc\">Meie puksiiri murup\u00fchkijal on kokkupandav disain, mis v\u00f5imaldab h\u00f5lpsat ladustamist. P\u00e4rast v\u00e4lipuhastust\u00f6\u00f6de l\u00f5petamist saate seda h\u00f5lpsalt kuuris hoida v\u00f5i garaa\u017eiseinale riputada.<\/div><\/div><div class=\"section\"><div class=\"section-title\"><\/div><div class=\"section-img\"><img decoding=\"async\" src=\"\/vevor\/product\/TCSCPQSQHS25IAGZQ002\/lawn-sweeper-a100-2.5.jpg\" \/><\/div><div class=\"section-mobile-img\"><img decoding=\"async\" src=\"\/vevor\/product\/TCSCPQSQHS25IAGZQ002\/lawn-sweeper-a100-2.5-m.jpg\" \/><\/div><div class=\"section-desc\">See \u00f5uep\u00fchkija suudab korjata lehti, v\u00e4ikseid oksi, umbrohtu ja muud prahti. \u00dchendage see lihtsalt murutraktori tagak\u00fcljega, et kogu segadus oleks lihtne puhastada, muutes teie \u00f5ue t\u00f6\u00f6 kiiremaks ja lihtsamaks.<\/div><\/div><div class=\"section\"><div class=\"section-img\"><img decoding=\"async\" src=\"\/vevor\/product\/TCSCPQSQHS25IAGZQ002\/lawn-sweeper-a100-1.11.jpg\" \/><\/div><div class=\"section-mobile-img\"><img decoding=\"async\" src=\"\/vevor\/product\/TCSCPQSQHS25IAGZQ002\/lawn-sweeper-a100-1.11-m.jpg\" \/><\/div><\/div><\/div><\/body><\/html><\/div>\n<div class=\"DM_at-title\" id=\"js-DM_at-title\"> <div>Toote spetsifikatsioon<\/div> <i class=\"icon-arrowup_line\"><\/i> <\/div><div class=\"DM_at-goodsDescAttr\" id=\"js-DM_at-goodsDescAttr\"> <div class=\"DM_at-goodsDescAttrInner\"> <dl class=\"goodsDesc_item goodsDesc_item_even\"> <dt>Punkt Mudeli Number<\/dt> <dd> TC5001E<\/dd> <\/dl> <dl class=\"goodsDesc_item\"> <dt>Peamised Materjalid<\/dt> <dd> Raud, PP, PVC, Pol\u00fcester<\/dd> <\/dl> <dl class=\"goodsDesc_item goodsDesc_item_even\"> <dt>L\u00f5peta<\/dt> <dd> Maalimine<\/dd> <\/dl> <dl class=\"goodsDesc_item\"> <dt>Punker Kott Materjal<\/dt> <dd> Nailon<\/dd> <\/dl> <dl class=\"goodsDesc_item goodsDesc_item_even\"> <dt>P\u00fchkimine Laius<\/dt> <dd> 44\"<\/dd> <\/dl> <dl class=\"goodsDesc_item\"> <dt>Punkri Mahutavus<\/dt> <dd> 25 cu. jalga.<\/dd> <\/dl> <dl class=\"goodsDesc_item goodsDesc_item_even\"> <dt>Harja -, Ratta Suhe<\/dt> <dd> 5<\/dd> <\/dl> <dl class=\"goodsDesc_item\"> <dt>Ratta Suurus<\/dt> <dd> 10,5 tolli \/26,7 cm<\/dd> <\/dl> <dl class=\"goodsDesc_item goodsDesc_item_even\"> <dt>V\u00e4rv<\/dt> <dd> Must<\/dd> <\/dl> <dl class=\"goodsDesc_item\"> <dt>Toote Kaal<\/dt> <dd> 65.25 lbs\/29.6 kg<\/dd> <\/dl> <dl class=\"goodsDesc_item goodsDesc_item_even\"> <dt>Toote M\u00f5\u00f5dud (L x W x H)<\/dt> <dd> 66,93 x 51,97 x 27,95 tolli\/1700 x 1320 x 710 mm<\/dd> <\/dl> <\/div> <\/div>","protected":false},"excerpt":{"rendered":"<ul>\n<li> Kogu maastiku kohanemisv\u00f5ime: see murup\u00fchkija, mis on loodud reguleeritava k\u00f5rgusega p\u00f6\u00f6rleva harjas\u00fcsteemiga, v\u00f5imaldab teil h\u00f5lpsasti muuta harja k\u00f5rgust k\u00e4sitsi, ilma et oleks vaja t\u00f6\u00f6riistu. Kasutage lihtsalt hooba harjade t\u00f5stmiseks v\u00f5i langetamiseks, muutes selle ideaalseks k\u00f5nniteedele, sisses\u00f5iduteedele, hoovidele ja aedadele. <\/li>\n<li> Prahi eemaldamine: erinevalt tavalistest mudelitest on meie j\u00e4relpukseeritaval p\u00fchkimisseadmel laiendatud metall-harja liides, mis tagab suurema p\u00fchkimisj\u00f5u ja vastupidavuse (vastupidav deformatsioonile). 44\u2033\/108 cm p\u00fchkimislaiusega korjab see \u00fche p\u00e4\u00e4suga 80% prahti, j\u00e4ttes muru laiguta. <\/li>\n<li> Suure v\u00f5imsusega kollektsioon: see lehtede ja rohu koguja p\u00fchkimismasin, mis on varustatud kvaliteetse 25 jalga\u00b3 mittekootud punkrikotiga, mahutab rohkem muru, lehti ja prahti, minimeerides kaadamise peatusi. T\u00fchjendamine on vaevatu: kasutage oma traktori kinnitatud kaadamisk\u00f6it, et kott sekunditega puhastada. <\/li>\n<li> Ruumi s\u00e4\u00e4stev ladustamine: t\u00e4nu kokkupandavale disainile salvestab pukseeritav murup\u00fchkija korralikult kuuridesse v\u00f5i ripub garaa\u017ei seintel. Piiratud ruumi p\u00e4rast pole enam muret, vaid voldi see p\u00e4rast probleemivaba ladustamise kasutamist lihtsalt alla. <\/li>\n<li> Pingutusteta t\u00f6\u00f6: \u00fchendage hoovip\u00fchkija oma murutraktoriga ja laske v\u00f5imsatel p\u00f6\u00f6rlevatel harjadel t\u00f6\u00f6d teha! Nad koguvad kiiresti lehti, v\u00e4ikseid oksi, murul\u00f5ikusi ja kuiva prahti, puhastades kogu muru kiiresti. <\/li>\n<\/ul>","protected":false},"featured_media":418076,"comment_status":"open","ping_status":"open","template":"","meta":{"om_disable_all_campaigns":false,"_uf_show_specific_survey":0,"_uf_disable_surveys":false},"location":[1935,1934],"product_brand":[],"product_cat":[62,855,406],"product_tag":[],"class_list":{"0":"post-199223","1":"product","2":"type-product","3":"status-publish","4":"has-post-thumbnail","6":"location-supplier_stock_location","7":"location-local_stock_location","8":"product_cat-lawn-garden","9":"product_cat-lawn-sweeper","10":"product_cat-outdoor-power-equipment","12":"first","13":"outofstock","14":"taxable","15":"shipping-taxable","16":"purchasable","17":"product-type-simple"},"aioseo_notices":[],"locations":[{"id":1935,"name":"Pieg\u0101d\u0101t\u0101ja noliktav\u0101 (5-7dd)","slug":"supplier_stock_location","quantity":"0"},{"id":1934,"name":"R\u012bgas veikal\u0101 (0-2d.d.)","slug":"local_stock_location","quantity":"0"}],"_links":{"self":[{"href":"https:\/\/vevorshop.lv\/et\/wp-json\/wp\/v2\/product\/199223","targetHints":{"allow":["GET"]}}],"collection":[{"href":"https:\/\/vevorshop.lv\/et\/wp-json\/wp\/v2\/product"}],"about":[{"href":"https:\/\/vevorshop.lv\/et\/wp-json\/wp\/v2\/types\/product"}],"replies":[{"embeddable":true,"href":"https:\/\/vevorshop.lv\/et\/wp-json\/wp\/v2\/comments?post=199223"}],"wp:featuredmedia":[{"embeddable":true,"href":"https:\/\/vevorshop.lv\/et\/wp-json\/wp\/v2\/media\/418076"}],"wp:attachment":[{"href":"https:\/\/vevorshop.lv\/et\/wp-json\/wp\/v2\/media?parent=199223"}],"wp:term":[{"taxonomy":"location","embeddable":true,"href":"https:\/\/vevorshop.lv\/et\/wp-json\/wp\/v2\/location?post=199223"},{"taxonomy":"product_brand","embeddable":true,"href":"https:\/\/vevorshop.lv\/et\/wp-json\/wp\/v2\/product_brand?post=199223"},{"taxonomy":"product_cat","embeddable":true,"href":"https:\/\/vevorshop.lv\/et\/wp-json\/wp\/v2\/product_cat?post=199223"},{"taxonomy":"product_tag","embeddable":true,"href":"https:\/\/vevorshop.lv\/et\/wp-json\/wp\/v2\/product_tag?post=199223"}],"curies":[{"name":"wp","href":"https:\/\/api.w.org\/{rel}","templated":true}]}}