{"id":20008,"date":"2024-11-18T05:39:33","date_gmt":"2024-11-18T05:39:33","guid":{"rendered":"http:\/\/vevorshop.edigo.lv\/Prece\/vevor-cat-carrier-with-wheels-rolling-pet-carrier-with-telescopic-handle-and-shoulder-strap-dog-carrier-with-wheels-for-pets-under-18-lbs-with-1-folding-bowl-grey\/"},"modified":"2026-05-04T23:36:20","modified_gmt":"2026-05-04T20:36:20","slug":"vevor-cat-carrier-with-wheels-rolling-pet-carrier-with-telescopic-handle-and-shoulder-strap-dog-carrier-with-wheels-for-pets-under-18-lbs-with-1-folding-bowl-grey","status":"publish","type":"product","link":"https:\/\/vevorshop.lv\/et\/Prece\/vevor-cat-carrier-with-wheels-rolling-pet-carrier-with-telescopic-handle-and-shoulder-strap-dog-carrier-with-wheels-for-pets-under-18-lbs-with-1-folding-bowl-grey\/","title":{"rendered":"VEVOR lemmiklooma kandekott ratastel, teleskoopk\u00e4epideme ja \u00f5larihmaga, kuni 8 kg lemmikutele, kokkupandav kauss, hall"},"content":{"rendered":"<div style=\"color: #fff!important; font-size: 16px; height: 24px; line-height: 24px; margin-top: -24px; \" class=\"product_original_name\">VEVOR Cat Carrier with Wheels, Rolling Pet Carrier with Telescopic Handle and Shoulder Strap, Dog Carrier with Wheels for Pets under 18 lbs, with 1 Folding Bowl, Grey<\/div>\n<div style=\"color: #fff!important; font-size: 16px; height: 24px; line-height: 24px; margin-top: -24px; \" class=\"product_sku\">M4I4KMMX<\/div>\n<div style=\"color: #fff!important; font-size: 16px; height: 24px; line-height: 24px; margin-top: -24px; \" class=\"product_mpn\">CWLGXHS18LBSRAD6RV0<\/div><div id=\"js-DM_at-goodDescRich\"><html><head><style>  body {    font-family: Arial;    line-height: 1.5;    color: #1c1c1c;    overflow-x: hidden;    margin: 0;    padding: 0;  }  .MsoNormal b {    font-weight: bolder;  }<\/style><style>  .container.small {    width: 970px;    margin: 0 auto;  }  .logo {    margin: 0 auto 0;  }  .logo img {    display: block;    margin: 0 auto;    max-width: 100%;  }  .logo .pc-banner {    display: block;    width: 1200px;    height: 247.4px;    margin: 0 auto;  }  .logo .pc-banner.small {    width: 970px;  }  .logo .pc-banner.small img {    height: auto!important;  }  .logo .m-banner {    display: none;  }  .ytvideo {    position: relative;    height: 546px;    width: 100%;    margin: 0 auto;  }  .ytvideo img {    width: 100%;    margin: 0 auto;  }  .ytvideo .play-btn {    width: 60px;    height: 42px;    position: absolute;    top: 50%;    left: 50%;    transform: translate(-50%, -50%);    background: url(\"data:image\/png;base64,iVBORw0KGgoAAAANSUhEUgAAAGQAAABGCAMAAAANWMFbAAAC+lBMVEUAAADBGB3kLCfBGB3kLCfcJC7BFx3KKSbiKybkLCbWJCPSIiLSIiLPICHAFx3kLCfgKSXNHiDZJiTIGx\/p4eHcjo7LHSDbJyTkLCbjKyfOHyHPIiL28fHJHB\/GGh7EGR7eKCXDGB3RISHlLSbBGB3AFxzGHB7DGB7BGB3hKybkKybAFx3lLCfAFxzDGR3hKibDGB7cJyTmz8\/elJTlwcHjurrUIyLlLSflLSfAFx3DGR7lLSfCFx3hKibhKibhKybjKybkLCblLSfbJSX49vbx7e3NNzjNMTLMJyjVIyLZf3\/ZQ0LaeHjx0tLgoqLkLCfCGB3HGx\/BGB3BFx3PICHCGB7WJCLOHyC\/Fxy\/Fx3lLCfQISHkLSe\/FxzbJiTBFx3FGx\/AGB7BFx3EGR7AGB3HHSDfKiXAFh3TISHYNzbhKibbJyTTIiL57e325+f039\/v2NjUV1fOHiHiqanfmprch4feKSXVIyPOICHmLibFGh\/mLSe\/Fx7XJCPeKSXXJSPNHyHaJyTGGh7lLCbmLCflLSjSIiLkLCbdKSXLHiC\/GB3KHh++Fh3lKyfoLiXcKCPkx8fYb2\/XaGfVXl3aU1LLHiDksbHgKibPICHbJyTfKSXbJyTCGB3KHSDiKybFGh7TIiL\/\/\/\/VIyPRISHIHB\/GGx\/HHB\/DGR7gKibdKCXLHiDZJiTMHiDNHyHYJSTOICHPICHWJCPcKCXXJSPjLCblLCf+\/f3NGR\/uLijzLynPGR\/IGB7WISHaIyLLGh7UAADxLynNAADRLzDbICLQAADIAAD3MCrUHSHXMTDpKSbLAADp5OTij4\/ejo\/VLy\/1LyngJSTcJCPQHx\/OHB7+\/PzaMS\/OLS\/vLijrLSjSAADaNTPwLyjkKSbNJCbYISHPHB\/KGB7WAAD7+vrn3d3aKynTKCjoLCfsKifRGh\/YAADq5+fhjo7QNDXXKCfmJyXt5+fTLzDLLi\/QKivYHRvMGBrQJCXLISPMExXLDxLaEAvkkI\/bOTfaFQ\/SCgpvLcnHAAAAmnRSTlMA+vv7+gT9Bvf9+8z8\/NSv\/Pr5+P7++vnQIBMP\/v38\/Pn348XDiCYf9OjbzcqxXVcx\/fz8+\/rj1r2poo1+fXFqX0orGP7+\/v7+\/fz8+\/r68uzn4trIxsG\/vri3p6GcmZSNbWVYUUZEPQv+\/f39+\/v7+\/v7+vr64tvV1NTTz87FtbSurqeblJKFg4B3bUY+NjL7+\/v7+\/v67t1cDo8JLQAABkRJREFUWMO0kz9rwkAYh0OIeJkum6YugUAhISCdKoj\/P4C7SMdS+gEKIhSKil10LSg4mzXkILdlEpxCpwTiWOLX6BujvQaEQuGeHLnL+\/64J+SIcKGYTYWnntpdLjrVdqvZmNdn0+EE40GtpuuWVS6Xx6N7YDSGpWXpeq02wHgynM7q80az1a52HpddtVcpsi1zFARBrdaxbhp9iUReTGmwA4KAAr7vx3EYejnCMI6hQYEgy0LQi4jUN0wL19vqFcUC9\/1dAKmEEFkWRYkh5oBejnxQJiSJPJ\/uKBp0Thszx9Mw8hMRIQjKsptCfuES9zr5WJY6vSFCIvE9fCMUmEM1A1kSXcYGxgVYsvI1IPKTZciSTI0us\/SMGG04gDzELDoFBwdcFJrF88dqgYMTiL6DILWYyfOWE8\/kIz38olCNlC03FK95+imxp6y4oUSvAnBjHHhKNtotSDqJzVFiK8c2SBqhZtsrTtgrLXwAyduxZHNE26eHUt5rtuM4WSmds3G+sUdWYo1L+XyxButoh5eKUHk5lByO3G1LqqCWVnfrv\/lyPtf\/4ps1cndNGIri8J1TJ0lx6dR\/oPjq1nbRwdp2dCk4CtIOLW3pVKRL6WZfS5vF2KkIQhpwSsjiYIgNCs1gEMGqiIq24NQX9NwoXFy8Ufrl3twTcg4fv8T9\/JBEySduj6Mjm4bMzYV7EEOxKjjoNDud7yY3Dy71Hq2oLmqfbNR723edH9PgMrNL2utoQ3VmaIDkiw\/4w51P06hlZsTZvkRrbVuSIs\/zwSOsycgzStQouoAkWQqioRT5XI7n2Z1wfVhoZmcAJLsoqjqpjbWCgpOAJXBwHK8PzWbNvoUZJND5wCnSkLAkZ1legx6vqQzjoiTahKlGUGLAiIIoABOHaNVw4sexZBym6\/HWlH5h3IC7yRbxtipcWxdTOkORKiNQAEkFf66x5S2oeRbroOlLgg0sSYkR0hRGEqJZ0jTPiQKatESdBckpWigxaapEH0lImHdWu9pUFF2XqMNM2Z4kped7IwEJw2qabwtrQqnpw6HyKkgcadKWsmpywwesDyIhYRpdzXddqegtGIJlXbAIUMOLkGxJUjRIkokwjUaX9d\/kK62ps\/tYUqZLIMkLTyBhsMZ3C5Z\/kDxOSCb\/DOs\/\/J0qcWSX\/2ipe56EgTCA4\/cB7NAYOsni4mZM1MUPAISoEwkDi4lhVBQ1cWQyIcwalw4EpqZN68JUSK7XC0kTlkLYii5uXSC8jT5ncCAS7mjCv0uHp\/3lueHEEAeQ\/\/VgmdN71\/2uCSA1Xr6DO6uI6sW56zqT2tp2PhgiRUAajV8CY2fkcz6WGNKMgLAt7tJAhD4YHMTeRxlALE6+43WqjSWi8ITxyJl8WrwWSNESQZZOqhDDntO3hJLsd5RtSpbJqdv3YrDJH3F7jL1R2O2aQkn2MyCyKYz0GPGIvSAMgBCrCEiJyKbBaYGwLW4uPRr0A0M4Ux5kUI7IBh+hMdiCEWNqhMZGyYMsOgNE58UQuEQeUnSWCMYwL54hkxK6IoqucQZbQ3pc3XtL0lky1dL0zZJJDpWJovFqpWj6JEHnyam2eQp5QRVAVHjWparTOaVwUOx99YS2MvgxIGV0bb+qIg2HX2qkFFJB+XZcbLiuRkuxD9GRroKyveLxdh4d7Orx+hb7qc3uVRuEogCOnyIxm4ubUoPgF4jianDrC+SDQDKEfJb0GUKmjCGPYHGJvVC6X4hw1\/sAfQAdfYyephIaspXe36RwOP+Ljvfx9B6B3i+Nk0DGq+oCbLn6JpBa9nWAveAIHwFAwtVcIJXPMPL8kRu5OAYPMaL1WScTxjiZDqB9LTJSWphow\/pTYKRTLjCBhvi9iBidvKcDasGSm0QQkycYuLBqj6QCELPctqChDWpTRMWkngNNpQ1Pfp1KkiT\/Y0DGffXAweUNfLAfaJFKDwhb6I+bkYRbkERoEeu3Fyjg2opMz2daZCS9jt6Q7txNfB+OZEVF6Zl5web2xunnLQrtrjXseXKaFYziYINeMFZVxS9VxRhOoesYwxPKXm+gWLG9cuFeq93UNNeJNsf1KlwuDok9n02n3TgIJpOxNfL9naIoQwXtfH9kjceTIIi709ncTg6LZbg+biLH1V6u\/7rxBem06VXKn9raAAAAAElFTkSuQmCC\")      no-repeat center center \/ contain;  }  @media screen and (max-width: 960px) and (orientation: portrait) {    .logo {      width: 100%;    }    .logo .pc-banner {      display: none;    }    .logo .m-banner {      display: block;      width: 100%;    }    .logo .m-banner img {      height: auto!important;    }    .ytvideo {      height: 200px;      width: 100%;    }  }<\/style><style>  .video-section {    width: 100%;    margin: 0 auto;  }  .video-section > img {    width: 100%;  }  .video-section iframe,  .video-section video {    width: 100%;    height: 100%;      }  .video-section-img-m,  .video-section-img-pc > img {    width: 100%;    height: auto;  }  .video-section-img-pc.small > img {    width: 970px;  }  .video-desc {    line-height: 1.5;    font-size: 20px;    font-weight: 400;    margin: 20px 0;    text-align: center;    color: #0f1111;    word-break: break-word;  }  @media screen and (max-width: 960px) and (orientation: portrait) {    .video-section {      width: 100%;    }    .video-section-pc,    .video-section-img-pc {      display: none;    }    .video-section-m,    .video-section-img-m {      display: block;    }    .video-desc {      font-size: 15px;    }  }  @media screen and (min-width: 960px) {    .video-section {      width: 100%;      margin: 0 auto;    }    .video-section-pc,    .video-section-img-pc {      display: block;    }    .video-section-m,    .video-section-img-m {      display: none;    }    .video-desc {      font-size: 20px;    }  }<\/style><style>  .section + .section {    margin-top: 35px;  }  .section-title {    text-align: center;    font-weight: bold;    color: #0d1111;    font-family: \"Arial\";    font-size: 32px;    margin: 15px 0;  }  .section-title:empty {    display: none;  }  .section-desc {    text-align: center;    font-weight: normal;    color: #0d1111;    margin-top: 20px;  }  .section-desc:empty {    display: none;  }  .section-img {    width: 1200px;    height: 492px;    margin: 0 auto;    display: block;  }  .section-img.small {    width: 970px;    height: auto;  }  .section-img.small > img {    height: auto;  }  .section-img > img {    width: 100%;    height: 100%;  }  .section-mobile-img {    display: none;    max-width: 100vw;    max-height: 75vw;    height: 450px;    margin: 0 auto;  }  .section-mobile-img > img {    width: 100%;    height: 100%;  }  @media screen and (max-width: 960px) and (orientation: portrait) {    .container {      width: 100%;    }    .container.small {      width: 100%;    }    .section-mobile-img {      display: block;    }    .section-img {      display: none;    }    .section-title {      font-size: 22px;      margin: 10px 0;    }    .section-desc {      margin-top: 10px;    }    .section + .section {      margin-top: 20px;    }  }<\/style><\/head><body><div class=\"container\"><div class=\"logo\"><div class=\"pc-banner\"><div><img decoding=\"async\" src=\"\/vevor\/vevor\/boutique-banner\/pc\/en-pc@1x.jpg\" style=\"width: 100%;\" \/><\/div><\/div><div class=\"m-banner\"><div><img decoding=\"async\" src=\"\/vevor\/vevor\/boutique-banner\/mobile\/en-m@1x.jpg\" style=\"width: 100%;\" \/><\/div><\/div><\/div><div class=\"section-title\">Reisida mugavust oma karvane s\u00f5ber, kasutades meie pet vedaja!<\/div><div class=\"video-section\"><div class=\"video-section-img-pc\"><img decoding=\"async\" src=\"\/vevor\/product\/CWLGXHS18LBSRAD6R\/pet-carrier-a100-1.4.jpg\" alt=\"VEVOR rolling pet carrier backpack with cat, featuring mesh windows, storage pockets, dual-layer wheels.\" \/><\/div><div class=\"video-section-img-m\"><img decoding=\"async\" src=\"\/vevor\/product\/CWLGXHS18LBSRAD6R\/pet-carrier-a100-1.4-m.jpg\" alt=\"VEVOR rolling pet carrier backpack with cat, featuring mesh windows, storage pockets, dual-layer wheels.\" \/><\/div><div class=\"section-desc\">This pet carrier of 600D Oxford cloth provides a safe and comfortable space for your pet! The double-layer durable wheels allow for easy pushing and pulling. The 3-side ventilation window dog carrier with 5 storage pockets features 3 carrying ways, making it portable and convenient to store.<\/div><\/div><div class=\"section\"><div class=\"section-title\"><\/div><div class=\"section-img\"><img decoding=\"async\" src=\"\/vevor\/product\/CWLGXHS18LBSRAD6R\/pet-carrier-a100-2.2.jpg\" alt=\"woman walking with VEVOR rolling pet carrier backpack, featuring double layers reinforced wheels and a 3-level telescopic handle.\" \/><\/div><div class=\"section-mobile-img\"><img decoding=\"async\" src=\"\/vevor\/product\/CWLGXHS18LBSRAD6R\/pet-carrier-a100-2.2-m.jpg\" alt=\"woman walking with VEVOR rolling pet carrier backpack, featuring double layers reinforced wheels and a 3-level telescopic handle.\" \/><\/div><div class=\"section-desc\">Paksenenud 360 kraadi rattad on vastupidav ja kulumiskindel, andes l\u00f6\u00f6ke ja vaikne t\u00f6\u00f6 erinevate teekatete ilma jolting.<\/div><\/div><div class=\"section\"><div class=\"section-title\"><\/div><div class=\"section-img\"><img decoding=\"async\" src=\"\/vevor\/product\/CWLGXHS18LBSRAD6R\/pet-carrier-a100-2.3.jpg\" alt=\"VEVOR rolling pet carrier backpack: versatile for outdoor picnic, travel, park, and car ride.\" \/><\/div><div class=\"section-mobile-img\"><img decoding=\"async\" src=\"\/vevor\/product\/CWLGXHS18LBSRAD6R\/pet-carrier-a100-2.3-m.jpg\" alt=\"VEVOR rolling pet carrier backpack: versatile for outdoor picnic, travel, park, and car ride.\" \/><\/div><div class=\"section-desc\">Koos kokkuklapitavad disain ja mitmek\u00fclgne veavad v\u00f5imalusi, kassi vedaja on vaevatu teisaldada ja transportida oma armastatud lemmikloomadega. Nautige reisi ajal ja igal pool!<\/div><\/div><div class=\"section\"><div class=\"section-title\"><\/div><div class=\"section-img\"><img decoding=\"async\" src=\"\/vevor\/product\/CWLGXHS18LBSRAD6R\/pet-carrier-a100-2.4.jpg\" alt=\"VEVOR rolling pet carrier backpack with easy snap-on buckle installation and detailed 2-step guide.\" \/><\/div><div class=\"section-mobile-img\"><img decoding=\"async\" src=\"\/vevor\/product\/CWLGXHS18LBSRAD6R\/pet-carrier-a100-2.4-m.jpg\" alt=\"VEVOR rolling pet carrier backpack with easy snap-on buckle installation and detailed 2-step guide.\" \/><\/div><div class=\"section-desc\">Simply attach the cat carrier to the base's slots with 3 buckles and secure it in place. Done in 2 steps!<\/div><\/div><div class=\"section\"><div class=\"section-title\"><\/div><div class=\"section-img\"><img decoding=\"async\" src=\"\/vevor\/product\/CWLGXHS18LBSRAD6R\/pet-carrier-a100-2.5.jpg\" alt=\"VEVOR rolling pet carrier backpack with folding bowl, breathable windows, storage pockets, and self-locking zipper.\" \/><\/div><div class=\"section-mobile-img\"><img decoding=\"async\" src=\"\/vevor\/product\/CWLGXHS18LBSRAD6R\/pet-carrier-a100-2.5-m.jpg\" alt=\"VEVOR rolling pet carrier backpack with folding bowl, breathable windows, storage pockets, and self-locking zipper.\" \/><\/div><div class=\"section-desc\">Meie veerev lemmikloomakandja on disainitud teie lemmiklooma mugavust ja ohutust silmas pidades, tagades stiilse ja turvalise reisielamuse.<\/div><\/div><div class=\"section\"><div class=\"section-img\"><img decoding=\"async\" src=\"\/vevor\/product\/CWLGXHS18LBSRAD6R\/pet-carrier-a100-1.11.jpg\" alt=\"VEVOR rolling pet carrier backpack, gray with 5 storage pockets, mesh windows, and folding bowl.\" \/><\/div><div class=\"section-mobile-img\"><img decoding=\"async\" src=\"\/vevor\/product\/CWLGXHS18LBSRAD6R\/pet-carrier-a100-1.11-m.jpg\" alt=\"VEVOR rolling pet carrier backpack, gray with 5 storage pockets, mesh windows, and folding bowl.\" \/><\/div><\/div><\/div><\/body><\/html><\/div>\n<div class=\"DM_at-title\" id=\"js-DM_at-title\"> <div>Toote spetsifikatsioon<\/div> <i class=\"icon-arrowup_line\"><\/i> <\/div><div class=\"DM_at-goodsDescAttr\" id=\"js-DM_at-goodsDescAttr\"> <div class=\"DM_at-goodsDescAttrInner\"> <dl class=\"goodsDesc_item goodsDesc_item_even\"> <dt>Mudel<\/dt> <dd> JW-XB21212519 (T802)<\/dd> <\/dl> <dl class=\"goodsDesc_item\"> <dt>V\u00e4rv<\/dt> <dd> Hall<\/dd> <\/dl> <dl class=\"goodsDesc_item goodsDesc_item_even\"> <dt>Maksimaalne Kandev\u00f5ime<\/dt> <dd> 18 lb\/8.1 kg<\/dd> <\/dl> <dl class=\"goodsDesc_item\"> <dt>Production Weight<\/dt> <dd> 5.5 Ib\/2.5 kg<\/dd> <\/dl> <dl class=\"goodsDesc_item goodsDesc_item_even\"> <dt>Production Dimensions<\/dt> <dd> 13.4x11x16.5in<\/dd> <\/dl> <dl class=\"goodsDesc_item\"> <dt>Koti Suurus<\/dt> <dd> 425x355x280mm\/16.7x13.9x11 in<\/dd> <\/dl> <dl class=\"goodsDesc_item goodsDesc_item_even\"> <dt>Peamine Materjal<\/dt> <dd> 600D Oxford Riie<\/dd> <\/dl> <dl class=\"goodsDesc_item\"> <dt>T\u00f5mba Varras Materjal<\/dt> <dd> Alumiinium<\/dd> <\/dl> <dl class=\"goodsDesc_item goodsDesc_item_even\"> <dt>T\u00f5mblukk<\/dt> <dd> Iselukustuv Lukk<\/dd> <\/dl> <dl class=\"goodsDesc_item\"> <dt>Taskud<\/dt> <dd> 5<\/dd> <\/dl> <dl class=\"goodsDesc_item goodsDesc_item_even\"> <dt>V\u00f5re Windows<\/dt> <dd> 3 sides<\/dd> <\/dl> <dl class=\"goodsDesc_item\"> <dt>Rataste arv<\/dt> <dd> 4<\/dd> <\/dl> <dl class=\"goodsDesc_item goodsDesc_item_even\"> <dt>Ratta L\u00e4bim\u00f5\u00f5t<\/dt> <dd> 2.1 in\/5.5 cm<\/dd> <\/dl> <\/div> <\/div>","protected":false},"excerpt":{"rendered":"<ul>\n<li> Sturdy and Durable: Made of 600D Oxford cloth thickened fabric, the cat carrier with wheels can carry small pets up to 18 lbs. It features long-lasting use. Perfect for car travel, or trips to the vet. Easily store snacks and other items with 5 storage pockets, meeting carry a large amount of pet supplies. <\/li>\n<li> Double-layer Rattad: jooksev kass vedaja funktsioone 360\u00b0 sujuv ja vaikne topeltkl\u00f5psake-kihiline, kulumise-vastupidavad rattad, mille 2.1-tollise l\u00e4bim\u00f5\u00f5duga. See tagab bump-tasuta reisi erinevate teekatete oma lemmiklooma. <\/li>\n<li> Comfortable and Breathable: Designed with 3-sided breathable mesh windows, our pet carrier provides excellent ventilation and a wide view. The back and shoulder straps have thick padding for added comfort during long trips. The small side pocket can be used to store pet supplies and a pet bowl, so you can keep your pet&#8217;s food on the go. <\/li>\n<li> Snap-on Installation: With a 3-buckle design, simply attach the cat carrier to the base&#8217;s slots and secure it in place to complete the installation. Get a quick and easy assembly. <\/li>\n<li> Kasutaja-s\u00f5bralik Andmed: Nautida mitmek\u00fclgne kasutamine koos mitme veavad v\u00f5imalusi: k\u00e4eshoitavad kanda selg v\u00f5i \u00f5lg v\u00f5i t\u00f5mba koos 3-tasandil reguleeritav alumiiniumist t\u00f5mba varras. Self-locking t\u00f5mblukk takistab oma lemmiklooma p\u00f5genemist, kui Takjakinnitusega eemaldatav pakub lihtsat kandmise ja hoiustamise. <\/li>\n<\/ul>","protected":false},"featured_media":273638,"comment_status":"closed","ping_status":"open","template":"","meta":{"om_disable_all_campaigns":false,"_uf_show_specific_survey":0,"_uf_disable_surveys":false},"location":[1935,1934],"product_brand":[21],"product_cat":[3453,2457,2365,3506,2366],"product_tag":[],"class_list":{"0":"post-20008","1":"product","2":"type-product","3":"status-publish","4":"has-post-thumbnail","6":"location-supplier_stock_location","7":"location-local_stock_location","8":"product_brand-vevor","9":"product_cat-dog-carriers-houses-kennels","10":"product_cat-dog-supplies-pet-supplies-wildlife","11":"product_cat-outdoors","12":"product_cat-pet-carrier-with-wheels","13":"product_cat-pet-supplies-wildlife","15":"first","16":"instock","17":"taxable","18":"shipping-taxable","19":"purchasable","20":"product-type-simple"},"aioseo_notices":[],"locations":[{"id":1935,"name":"Pieg\u0101d\u0101t\u0101ja noliktav\u0101 (5-7dd)","slug":"supplier_stock_location","quantity":"15"},{"id":1934,"name":"R\u012bgas veikal\u0101 (0-2d.d.)","slug":"local_stock_location","quantity":"0"}],"_links":{"self":[{"href":"https:\/\/vevorshop.lv\/et\/wp-json\/wp\/v2\/product\/20008","targetHints":{"allow":["GET"]}}],"collection":[{"href":"https:\/\/vevorshop.lv\/et\/wp-json\/wp\/v2\/product"}],"about":[{"href":"https:\/\/vevorshop.lv\/et\/wp-json\/wp\/v2\/types\/product"}],"replies":[{"embeddable":true,"href":"https:\/\/vevorshop.lv\/et\/wp-json\/wp\/v2\/comments?post=20008"}],"wp:featuredmedia":[{"embeddable":true,"href":"https:\/\/vevorshop.lv\/et\/wp-json\/wp\/v2\/media\/273638"}],"wp:attachment":[{"href":"https:\/\/vevorshop.lv\/et\/wp-json\/wp\/v2\/media?parent=20008"}],"wp:term":[{"taxonomy":"location","embeddable":true,"href":"https:\/\/vevorshop.lv\/et\/wp-json\/wp\/v2\/location?post=20008"},{"taxonomy":"product_brand","embeddable":true,"href":"https:\/\/vevorshop.lv\/et\/wp-json\/wp\/v2\/product_brand?post=20008"},{"taxonomy":"product_cat","embeddable":true,"href":"https:\/\/vevorshop.lv\/et\/wp-json\/wp\/v2\/product_cat?post=20008"},{"taxonomy":"product_tag","embeddable":true,"href":"https:\/\/vevorshop.lv\/et\/wp-json\/wp\/v2\/product_tag?post=20008"}],"curies":[{"name":"wp","href":"https:\/\/api.w.org\/{rel}","templated":true}]}}