{"id":205028,"date":"2025-10-06T22:53:46","date_gmt":"2025-10-06T19:53:46","guid":{"rendered":"https:\/\/vevorshop.lv\/en_us\/Prece\/vevor-120cm-olympic-barbell-bar-226kg-capacity-28mm-knurled-grip-fits-50mm-plates-for-weightlifting-power-training\/"},"modified":"2026-05-12T03:15:28","modified_gmt":"2026-05-12T00:15:28","slug":"vevor-120cm-olympic-barbell-bar-226kg-capacity-28mm-knurled-grip-fits-50mm-plates-for-weightlifting-power-training","status":"publish","type":"product","link":"https:\/\/vevorshop.lv\/et\/Prece\/vevor-120-cm-olumpiakangi-kang-226-kg-mahutavusega-28-mm-rihveldatud-kaepide-sobib-50-mm-plaatidega-tostejou-treenimiseks\/","title":{"rendered":"VEVOR 120cm kang 50mm ketastele, 226kg kandev\u00f5ime, karestatud haare, laagrid, j\u00f5u- ja raskust\u00f5stetrennideks"},"content":{"rendered":"<div style=\"color: #fff!important; font-size: 16px; height: 24px; line-height: 24px; margin-top: -24px; \" class=\"product_original_name\">VEVOR 120 cm kangivarras, sobivad 2-tollised kaaluplaadid, rihveldatud k\u00e4epidemega kangivarras j\u00f5utreeninguks, t\u00f5stmine, k\u00fckk, t\u00f5stuk, pingipress, lokk, \u00f5hupress, 550 naela\/226 kg mahutavus<\/div>\n<div style=\"color: #fff!important; font-size: 16px; height: 24px; line-height: 24px; margin-top: -24px; \" class=\"product_sku\">MGFJQMUJ<\/div>\n<div style=\"color: #fff!important; font-size: 16px; height: 24px; line-height: 24px; margin-top: -24px; \" class=\"product_mpn\">GLGGLG12MTCTQ2ESB001V0<\/div><div id=\"js-DM_at-goodDescRich\"><html><head><style>  body {    font-family: Arial;    line-height: 1.5;    color: #1c1c1c;    overflow-x: hidden;    margin: 0;    padding: 0;  }  .MsoNormal b {    font-weight: bolder;  }<\/style><style>  .container.small {    width: 970px;    margin: 0 auto;  }  .logo {    margin: 0 auto 0;  }  .logo img {    display: block;    margin: 0 auto;    max-width: 100%;  }  .logo .pc-banner {    display: block;    width: 1200px;    height: 247.4px;    margin: 0 auto;  }  .logo .pc-banner.small {    width: 970px;  }  .logo .pc-banner.small img {    height: auto!important;  }  .logo .m-banner {    display: none;  }  .ytvideo {    position: relative;    height: 546px;    width: 100%;    margin: 0 auto;  }  .ytvideo img {    width: 100%;    margin: 0 auto;  }  .ytvideo .play-btn {    width: 60px;    height: 42px;    position: absolute;    top: 50%;    left: 50%;    transform: translate(-50%, -50%);    background: url(\"data:image\/png;base64,iVBORw0KGgoAAAANSUhEUgAAAGQAAABGCAMAAAANWMFbAAAC+lBMVEUAAADBGB3kLCfBGB3kLCfcJC7BFx3KKSbiKybkLCbWJCPSIiLSIiLPICHAFx3kLCfgKSXNHiDZJiTIGx\/p4eHcjo7LHSDbJyTkLCbjKyfOHyHPIiL28fHJHB\/GGh7EGR7eKCXDGB3RISHlLSbBGB3AFxzGHB7DGB7BGB3hKybkKybAFx3lLCfAFxzDGR3hKibDGB7cJyTmz8\/elJTlwcHjurrUIyLlLSflLSfAFx3DGR7lLSfCFx3hKibhKibhKybjKybkLCblLSfbJSX49vbx7e3NNzjNMTLMJyjVIyLZf3\/ZQ0LaeHjx0tLgoqLkLCfCGB3HGx\/BGB3BFx3PICHCGB7WJCLOHyC\/Fxy\/Fx3lLCfQISHkLSe\/FxzbJiTBFx3FGx\/AGB7BFx3EGR7AGB3HHSDfKiXAFh3TISHYNzbhKibbJyTTIiL57e325+f039\/v2NjUV1fOHiHiqanfmprch4feKSXVIyPOICHmLibFGh\/mLSe\/Fx7XJCPeKSXXJSPNHyHaJyTGGh7lLCbmLCflLSjSIiLkLCbdKSXLHiC\/GB3KHh++Fh3lKyfoLiXcKCPkx8fYb2\/XaGfVXl3aU1LLHiDksbHgKibPICHbJyTfKSXbJyTCGB3KHSDiKybFGh7TIiL\/\/\/\/VIyPRISHIHB\/GGx\/HHB\/DGR7gKibdKCXLHiDZJiTMHiDNHyHYJSTOICHPICHWJCPcKCXXJSPjLCblLCf+\/f3NGR\/uLijzLynPGR\/IGB7WISHaIyLLGh7UAADxLynNAADRLzDbICLQAADIAAD3MCrUHSHXMTDpKSbLAADp5OTij4\/ejo\/VLy\/1LyngJSTcJCPQHx\/OHB7+\/PzaMS\/OLS\/vLijrLSjSAADaNTPwLyjkKSbNJCbYISHPHB\/KGB7WAAD7+vrn3d3aKynTKCjoLCfsKifRGh\/YAADq5+fhjo7QNDXXKCfmJyXt5+fTLzDLLi\/QKivYHRvMGBrQJCXLISPMExXLDxLaEAvkkI\/bOTfaFQ\/SCgpvLcnHAAAAmnRSTlMA+vv7+gT9Bvf9+8z8\/NSv\/Pr5+P7++vnQIBMP\/v38\/Pn348XDiCYf9OjbzcqxXVcx\/fz8+\/rj1r2poo1+fXFqX0orGP7+\/v7+\/fz8+\/r68uzn4trIxsG\/vri3p6GcmZSNbWVYUUZEPQv+\/f39+\/v7+\/v7+vr64tvV1NTTz87FtbSurqeblJKFg4B3bUY+NjL7+\/v7+\/v67t1cDo8JLQAABkRJREFUWMO0kz9rwkAYh0OIeJkum6YugUAhISCdKoj\/P4C7SMdS+gEKIhSKil10LSg4mzXkILdlEpxCpwTiWOLX6BujvQaEQuGeHLnL+\/64J+SIcKGYTYWnntpdLjrVdqvZmNdn0+EE40GtpuuWVS6Xx6N7YDSGpWXpeq02wHgynM7q80az1a52HpddtVcpsi1zFARBrdaxbhp9iUReTGmwA4KAAr7vx3EYejnCMI6hQYEgy0LQi4jUN0wL19vqFcUC9\/1dAKmEEFkWRYkh5oBejnxQJiSJPJ\/uKBp0Thszx9Mw8hMRIQjKsptCfuES9zr5WJY6vSFCIvE9fCMUmEM1A1kSXcYGxgVYsvI1IPKTZciSTI0us\/SMGG04gDzELDoFBwdcFJrF88dqgYMTiL6DILWYyfOWE8\/kIz38olCNlC03FK95+imxp6y4oUSvAnBjHHhKNtotSDqJzVFiK8c2SBqhZtsrTtgrLXwAyduxZHNE26eHUt5rtuM4WSmds3G+sUdWYo1L+XyxButoh5eKUHk5lByO3G1LqqCWVnfrv\/lyPtf\/4ps1cndNGIri8J1TJ0lx6dR\/oPjq1nbRwdp2dCk4CtIOLW3pVKRL6WZfS5vF2KkIQhpwSsjiYIgNCs1gEMGqiIq24NQX9NwoXFy8Ufrl3twTcg4fv8T9\/JBEySduj6Mjm4bMzYV7EEOxKjjoNDud7yY3Dy71Hq2oLmqfbNR723edH9PgMrNL2utoQ3VmaIDkiw\/4w51P06hlZsTZvkRrbVuSIs\/zwSOsycgzStQouoAkWQqioRT5XI7n2Z1wfVhoZmcAJLsoqjqpjbWCgpOAJXBwHK8PzWbNvoUZJND5wCnSkLAkZ1legx6vqQzjoiTahKlGUGLAiIIoABOHaNVw4sexZBym6\/HWlH5h3IC7yRbxtipcWxdTOkORKiNQAEkFf66x5S2oeRbroOlLgg0sSYkR0hRGEqJZ0jTPiQKatESdBckpWigxaapEH0lImHdWu9pUFF2XqMNM2Z4kped7IwEJw2qabwtrQqnpw6HyKkgcadKWsmpywwesDyIhYRpdzXddqegtGIJlXbAIUMOLkGxJUjRIkokwjUaX9d\/kK62ps\/tYUqZLIMkLTyBhsMZ3C5Z\/kDxOSCb\/DOs\/\/J0qcWSX\/2ipe56EgTCA4\/cB7NAYOsni4mZM1MUPAISoEwkDi4lhVBQ1cWQyIcwalw4EpqZN68JUSK7XC0kTlkLYii5uXSC8jT5ncCAS7mjCv0uHp\/3lueHEEAeQ\/\/VgmdN71\/2uCSA1Xr6DO6uI6sW56zqT2tp2PhgiRUAajV8CY2fkcz6WGNKMgLAt7tJAhD4YHMTeRxlALE6+43WqjSWi8ITxyJl8WrwWSNESQZZOqhDDntO3hJLsd5RtSpbJqdv3YrDJH3F7jL1R2O2aQkn2MyCyKYz0GPGIvSAMgBCrCEiJyKbBaYGwLW4uPRr0A0M4Ux5kUI7IBh+hMdiCEWNqhMZGyYMsOgNE58UQuEQeUnSWCMYwL54hkxK6IoqucQZbQ3pc3XtL0lky1dL0zZJJDpWJovFqpWj6JEHnyam2eQp5QRVAVHjWparTOaVwUOx99YS2MvgxIGV0bb+qIg2HX2qkFFJB+XZcbLiuRkuxD9GRroKyveLxdh4d7Orx+hb7qc3uVRuEogCOnyIxm4ubUoPgF4jianDrC+SDQDKEfJb0GUKmjCGPYHGJvVC6X4hw1\/sAfQAdfYyephIaspXe36RwOP+Ljvfx9B6B3i+Nk0DGq+oCbLn6JpBa9nWAveAIHwFAwtVcIJXPMPL8kRu5OAYPMaL1WScTxjiZDqB9LTJSWphow\/pTYKRTLjCBhvi9iBidvKcDasGSm0QQkycYuLBqj6QCELPctqChDWpTRMWkngNNpQ1Pfp1KkiT\/Y0DGffXAweUNfLAfaJFKDwhb6I+bkYRbkERoEeu3Fyjg2opMz2daZCS9jt6Q7txNfB+OZEVF6Zl5web2xunnLQrtrjXseXKaFYziYINeMFZVxS9VxRhOoesYwxPKXm+gWLG9cuFeq93UNNeJNsf1KlwuDok9n02n3TgIJpOxNfL9naIoQwXtfH9kjceTIIi709ncTg6LZbg+biLH1V6u\/7rxBem06VXKn9raAAAAAElFTkSuQmCC\")      no-repeat center center \/ contain;  }  @media screen and (max-width: 960px) and (orientation: portrait) {    .logo {      width: 100%;    }    .logo .pc-banner {      display: none;    }    .logo .m-banner {      display: block;      width: 100%;    }    .logo .m-banner img {      height: auto!important;    }    .ytvideo {      height: 200px;      width: 100%;    }  }<\/style><style>  .video-section {    width: 100%;    margin: 0 auto;  }  .video-section > img {    width: 100%;  }  .video-section iframe,  .video-section video {    width: 100%;    height: 100%;      }  .video-section-img-m,  .video-section-img-pc > img {    width: 100%;    height: auto;  }  .video-section-img-pc.small > img {    width: 970px;  }  .video-desc {    line-height: 1.5;    font-size: 20px;    font-weight: 400;    margin: 20px 0;    text-align: center;    color: #0f1111;    word-break: break-word;  }  @media screen and (max-width: 960px) and (orientation: portrait) {    .video-section {      width: 100%;    }    .video-section-pc,    .video-section-img-pc {      display: none;    }    .video-section-m,    .video-section-img-m {      display: block;    }    .video-desc {      font-size: 15px;    }  }  @media screen and (min-width: 960px) {    .video-section {      width: 100%;      margin: 0 auto;    }    .video-section-pc,    .video-section-img-pc {      display: block;    }    .video-section-m,    .video-section-img-m {      display: none;    }    .video-desc {      font-size: 20px;    }  }<\/style><style>  .section + .section {    margin-top: 35px;  }  .section-title {    text-align: center;    font-weight: bold;    color: #0d1111;    font-family: \"Arial\";    font-size: 32px;    margin: 15px 0;  }  .section-title:empty {    display: none;  }  .section-desc {    text-align: center;    font-weight: normal;    color: #0d1111;    margin-top: 20px;  }  .section-desc:empty {    display: none;  }  .section-img {    width: 1200px;    height: 492px;    margin: 0 auto;    display: block;  }  .section-img.small {    width: 970px;    height: auto;  }  .section-img.small > img {    height: auto;  }  .section-img > img {    width: 100%;    height: 100%;  }  .section-mobile-img {    display: none;    max-width: 100vw;    max-height: 75vw;    height: 450px;    margin: 0 auto;  }  .section-mobile-img > img {    width: 100%;    height: 100%;  }  @media screen and (max-width: 960px) and (orientation: portrait) {    .container {      width: 100%;    }    .container.small {      width: 100%;    }    .section-mobile-img {      display: block;    }    .section-img {      display: none;    }    .section-title {      font-size: 22px;      margin: 10px 0;    }    .section-desc {      margin-top: 10px;    }    .section + .section {      margin-top: 20px;    }  }<\/style><\/head><body><div class=\"container\"><div class=\"logo\"><div class=\"pc-banner\"><div><img decoding=\"async\" src=\"\/vevor\/vevor\/boutique-banner\/pc\/en-pc@1x.jpg\" style=\"width: 100%;\" \/><\/div><\/div><div class=\"m-banner\"><div><img decoding=\"async\" src=\"\/vevor\/vevor\/boutique-banner\/mobile\/en-m@1x.jpg\" style=\"width: 100%;\" \/><\/div><\/div><\/div><div class=\"section-title\">4 FT standardne treeningbarbelibaar<\/div><div class=\"video-section\"><div class=\"video-section-img-pc\"><img decoding=\"async\" src=\"\/vevor\/product\/GLGGLG12MTCTQ2ESB001\/barbell-bar-a100-1.4.jpg\" \/><\/div><div class=\"video-section-img-m\"><img decoding=\"async\" src=\"\/vevor\/product\/GLGGLG12MTCTQ2ESB001\/barbell-bar-a100-1.4-m.jpg\" \/><\/div><div class=\"section-desc\">See lamades surutav varras toetab kuni 500 naela \/226,8 kg t\u00f5mbetugevusega 94 000 PSI. Messingist pukside, n\u00f5ellaagrite ja teemantrihmade abil tagab see stabiilsuse, kindla haarde ja mugava k\u00e4sitsemise t\u00f5husaks j\u00f5utreeninguks.<\/div><\/div><div class=\"section\"><div class=\"section-title\"><\/div><div class=\"section-img\"><img decoding=\"async\" src=\"\/vevor\/product\/GLGGLG12MTCTQ2ESB001\/barbell-bar-a100-2.2.jpg\" \/><\/div><div class=\"section-mobile-img\"><img decoding=\"async\" src=\"\/vevor\/product\/GLGGLG12MTCTQ2ESB001\/barbell-bar-a100-2.2-m.jpg\" \/><\/div><div class=\"section-desc\">J\u00f5utreeningu baar on varustatud 2 messingist puksi ja 2 n\u00f5ellaagriga sujuvaks ja vaikseks p\u00f6\u00f6rlemiseks. See v\u00e4hendab randme ja k\u00fc\u00fcnarvarre pinget, kaitseb liigeseid ja tagab \u00fchtlase j\u00f5udluse lamades surumisel, ridadel, k\u00fckkidel ja muudel rasketel liftidel.<\/div><\/div><div class=\"section\"><div class=\"section-title\"><\/div><div class=\"section-img\"><img decoding=\"async\" src=\"\/vevor\/product\/GLGGLG12MTCTQ2ESB001\/barbell-bar-a100-2.3.jpg\" \/><\/div><div class=\"section-mobile-img\"><img decoding=\"async\" src=\"\/vevor\/product\/GLGGLG12MTCTQ2ESB001\/barbell-bar-a100-2.3-m.jpg\" \/><\/div><div class=\"section-desc\">Kangivardal on t\u00e4ppisrihvel ja 28 mm k\u00e4epideme l\u00e4bim\u00f5\u00f5t, mis tagab turvalise ergonoomilise hoidmise. Kl\u00f5psr\u00f5nga otsad hoiavad plaadid kindlalt paigal, tagades stabiilsuse ja ohutuse iga treeningu ajal.<\/div><\/div><div class=\"section\"><div class=\"section-title\"><\/div><div class=\"section-img\"><img decoding=\"async\" src=\"\/vevor\/product\/GLGGLG12MTCTQ2ESB001\/barbell-bar-a100-2.4.jpg\" \/><\/div><div class=\"section-mobile-img\"><img decoding=\"async\" src=\"\/vevor\/product\/GLGGLG12MTCTQ2ESB001\/barbell-bar-a100-2.4-m.jpg\" \/><\/div><div class=\"section-desc\">Mustad galvaniseeritud varrukad v\u00f5imaldavad lihtsat ja vaikset plaadi laadimist, samas kui punane keraamilise kattega k\u00e4epide tagab mugava, higikindla ja libisemiskindla k\u00e4epideme. Selle rooste- ja kulumiskindel viimistlus suurendab vastupidavust ja pikendab kasutusiga.<\/div><\/div><div class=\"section\"><div class=\"section-title\"><\/div><div class=\"section-img\"><img decoding=\"async\" src=\"\/vevor\/product\/GLGGLG12MTCTQ2ESB001\/barbell-bar-a100-2.5.jpg\" \/><\/div><div class=\"section-mobile-img\"><img decoding=\"async\" src=\"\/vevor\/product\/GLGGLG12MTCTQ2ESB001\/barbell-bar-a100-2.5-m.jpg\" \/><\/div><div class=\"section-desc\">See kangilatt sobib mitmesuguste harjutuste jaoks, sealhulgas maamiinide ridade, kangiridade, lamades surumise ja vastupanu k\u00fckkide jaoks. Kas lihaste ehitamiseks, kujundamiseks v\u00f5i j\u00f5u suurendamiseks, sobib see ideaalselt koduste spordisaalide ja erialaste treeningute jaoks.<\/div><\/div><div class=\"section\"><div class=\"section-img\"><img decoding=\"async\" src=\"\/vevor\/product\/GLGGLG12MTCTQ2ESB001\/barbell-bar-a100-1.11.jpg\" \/><\/div><div class=\"section-mobile-img\"><img decoding=\"async\" src=\"\/vevor\/product\/GLGGLG12MTCTQ2ESB001\/barbell-bar-a100-1.11-m.jpg\" \/><\/div><\/div><\/div><\/body><\/html><\/div>\n<div class=\"DM_at-title\" id=\"js-DM_at-title\"> <div>Toote spetsifikatsioon<\/div> <i class=\"icon-arrowup_line\"><\/i> <\/div><div class=\"DM_at-goodsDescAttr\" id=\"js-DM_at-goodsDescAttr\"> <div class=\"DM_at-goodsDescAttrInner\"> <dl class=\"goodsDesc_item goodsDesc_item_even\"> <dt>Punkt Mudeli Number<\/dt> <dd> RS1200<\/dd> <\/dl> <dl class=\"goodsDesc_item\"> <dt>Baari pikkus<\/dt> <dd> 4 jalga \/1200 mm<\/dd> <\/dl> <dl class=\"goodsDesc_item goodsDesc_item_even\"> <dt>Varruka Pikkus<\/dt> <dd> 6,69 tolli \/170 mm<\/dd> <\/dl> <dl class=\"goodsDesc_item\"> <dt>Knurling laius<\/dt> <dd> 7,48 tolli \/190 mm<\/dd> <\/dl> <dl class=\"goodsDesc_item goodsDesc_item_even\"> <dt>Haarde laius<\/dt> <dd> 11,42 tolli \/290 mm<\/dd> <\/dl> <dl class=\"goodsDesc_item\"> <dt>PSI<\/dt> <dd> 94,000<\/dd> <\/dl> <dl class=\"goodsDesc_item goodsDesc_item_even\"> <dt>Kandev\u00f5ime<\/dt> <dd> 500 \u00a3 \/ 227 kg<\/dd> <\/dl> <dl class=\"goodsDesc_item\"> <dt>Neto Kaal<\/dt> <dd> 22.05 lbs \/ 10 kg<\/dd> <\/dl> <dl class=\"goodsDesc_item goodsDesc_item_even\"> <dt>Toote M\u00f5\u00f5tmed (Pxlxk)<\/dt> <dd> 47,24 x 2,95 x 2,95 tolli \/1200 x 75 x 75 mm<\/dd> <\/dl> <\/div> <\/div>","protected":false},"excerpt":{"rendered":"<ul>\n<li> 500 naela kandev\u00f5ime: see kang on ehitatud \u00fclitugevast tahkest terasest, mis on loodud taluma \u00e4\u00e4rmuslikke raskusi maksimaalse v\u00f5imsusega 500 naela \/226,8 kg. See pakub suurep\u00e4rast kandev\u00f5imet ja suurt t\u00f5mbetugevust. Keraamiline kate ja elektroforeetiline viimistlus kaitsevad kulumise, h\u00f5\u00f5rdumise ja oks\u00fcdatsiooni eest, tagades igap\u00e4evase treeningu jaoks pikaajalise vastupidavuse <\/li>\n<li> Stabiilne p\u00f6\u00f6rlemiss\u00fcsteem: sellel kangil on p\u00f6\u00f6rlemisstruktuur, mis \u00fchendab 2 n\u00f5ellaagrit ja 2 messingist puksi. See v\u00e4hendab t\u00f5husalt h\u00f5\u00f5rdumist, suurendab siledust ja tagab vedeliku, t\u00f5rgeteta liikumise kiirete t\u00f5stete ajal, nagu rebimised ja puhtad ja t\u00f5mblused. See parandab nii treeningu t\u00f5husust kui ka treeningu ohutust <\/li>\n<li> Rihveldatud libisemisvastane k\u00e4epide: k\u00e4epidemel on 1,1 tolli \/28 mm ergonoomiline l\u00e4bim\u00f5\u00f5t koos 1,2 mm s\u00fcgavuse teemantrihmutusega, mis tagab parema h\u00f5\u00f5rdumise ja kindla haarde. See hoiab \u00e4ra libisemise treeningu ajal, jaotades samal ajal randme- ja k\u00fc\u00fcnarvarre survet, v\u00e4hendades v\u00e4simust ja parandades stabiilsust. See tagab ohutuma ja mugavama j\u00f5udluse suure intensiivsusega treeningutel <\/li>\n<li> \u00dchildub standardsete 2-tolliste plaatidega: see kaalulatt on konstrueeritud universaalse 2-tollise\/50 mm varruka l\u00e4bim\u00f5\u00f5duga, mist\u00f5ttu see \u00fchildub t\u00e4ielikult tavaliste kaaluplaatidega. Sellega on kaasas \u00fclitugev kraeluku s\u00fcsteem, mida on lihtne paigaldada ja mis kinnitab plaadid tihedalt, v\u00e4ltides treeningute ajal libisemist v\u00f5i eraldumist. See parandab oluliselt ohutust ja stabiilsust <\/li>\n<li> Mitmek\u00fclgne j\u00f5utreeningu jaoks: see kaalulatt on m\u00f5eldud mitmeotstarbeliseks kasutamiseks, pakkudes suurt paindlikkust. Olenemata sellest, kas plahvatusohtlikud t\u00f5stukid nagu rebimised ja puhtad ja t\u00f5mblused v\u00f5i stabiilsusele keskendunud j\u00f5ut\u00f5stmisliigutused nagu k\u00fckid, t\u00f5stukid ja lamamistoolid, toimib see h\u00f5lpsalt. See sobib ka risttreeninguks, vastates erinevatel vormitasemetel kasutajate vajadustele <\/li>\n<\/ul>","protected":false},"featured_media":423081,"comment_status":"open","ping_status":"open","template":"","meta":{"om_disable_all_campaigns":false,"_uf_show_specific_survey":0,"_uf_disable_surveys":false},"location":[1935,1934],"product_brand":[],"product_cat":[2213,461,460],"product_tag":[],"class_list":{"0":"post-205028","1":"product","2":"type-product","3":"status-publish","4":"has-post-thumbnail","6":"location-supplier_stock_location","7":"location-local_stock_location","8":"product_cat-barbell","9":"product_cat-exercise-fitness","10":"product_cat-sports-recreation","12":"first","13":"instock","14":"taxable","15":"shipping-taxable","16":"purchasable","17":"product-type-simple"},"aioseo_notices":[],"locations":[{"id":1935,"name":"Pieg\u0101d\u0101t\u0101ja noliktav\u0101 (5-7dd)","slug":"supplier_stock_location","quantity":"4"},{"id":1934,"name":"R\u012bgas veikal\u0101 (0-2d.d.)","slug":"local_stock_location","quantity":"0"}],"_links":{"self":[{"href":"https:\/\/vevorshop.lv\/et\/wp-json\/wp\/v2\/product\/205028","targetHints":{"allow":["GET"]}}],"collection":[{"href":"https:\/\/vevorshop.lv\/et\/wp-json\/wp\/v2\/product"}],"about":[{"href":"https:\/\/vevorshop.lv\/et\/wp-json\/wp\/v2\/types\/product"}],"replies":[{"embeddable":true,"href":"https:\/\/vevorshop.lv\/et\/wp-json\/wp\/v2\/comments?post=205028"}],"wp:featuredmedia":[{"embeddable":true,"href":"https:\/\/vevorshop.lv\/et\/wp-json\/wp\/v2\/media\/423081"}],"wp:attachment":[{"href":"https:\/\/vevorshop.lv\/et\/wp-json\/wp\/v2\/media?parent=205028"}],"wp:term":[{"taxonomy":"location","embeddable":true,"href":"https:\/\/vevorshop.lv\/et\/wp-json\/wp\/v2\/location?post=205028"},{"taxonomy":"product_brand","embeddable":true,"href":"https:\/\/vevorshop.lv\/et\/wp-json\/wp\/v2\/product_brand?post=205028"},{"taxonomy":"product_cat","embeddable":true,"href":"https:\/\/vevorshop.lv\/et\/wp-json\/wp\/v2\/product_cat?post=205028"},{"taxonomy":"product_tag","embeddable":true,"href":"https:\/\/vevorshop.lv\/et\/wp-json\/wp\/v2\/product_tag?post=205028"}],"curies":[{"name":"wp","href":"https:\/\/api.w.org\/{rel}","templated":true}]}}