{"id":20649,"date":"2024-11-18T06:09:11","date_gmt":"2024-11-18T06:09:11","guid":{"rendered":"http:\/\/vevorshop.edigo.lv\/Prece\/vevor-vfd-2-2kw-10a-3hp-variable-frequency-drive-for-3-phase-motor-speed-control\/"},"modified":"2026-04-22T13:22:51","modified_gmt":"2026-04-22T10:22:51","slug":"vevor-vfd-2-2kw-10a-3hp-variable-frequency-drive-for-3-phase-motor-speed-control","status":"publish","type":"product","link":"https:\/\/vevorshop.lv\/et\/Prece\/vevor-vfd-2-2-kw-10-a-3-hj-muutuva-sagedusega-ajam-3-faasi-mootori-kiiruse-reguleerimiseks\/","title":{"rendered":"VEVOR 2.2kW 10A VFD mootori kiiruskontroller, 3HP, 1-faasiline sisend 3-faasiliseks v\u00e4ljundiks, 0\u2013400Hz, sagedusmuundur"},"content":{"rendered":"<div style=\"color: #fff!important; font-size: 16px; height: 24px; line-height: 24px; margin-top: -24px; \" class=\"product_original_name\">VEVOR VFD 2,2 KW 10 A 3 HP muutuva sagedusega ajam 3-faasilise mootori kiiruse juhtimiseks<\/div>\n<div style=\"color: #fff!important; font-size: 16px; height: 24px; line-height: 24px; margin-top: -24px; \" class=\"product_sku\">M4I4KNIS<\/div>\n<div style=\"color: #fff!important; font-size: 16px; height: 24px; line-height: 24px; margin-top: -24px; \" class=\"product_mpn\">BPDSQ3HP0000FEVFCV7<\/div><div id=\"js-DM_at-goodDescRich\"><html><head><style>  body {    font-family: Arial;    line-height: 1.5;    color: #1c1c1c;    overflow-x: hidden;    margin: 0;    padding: 0;  }  .MsoNormal b {    font-weight: bolder;  }<\/style><style>  .container.small {    width: 970px;    margin: 0 auto;  }  .logo {    margin: 0 auto 0;  }  .logo img {    display: block;    margin: 0 auto;    max-width: 100%;  }  .logo .pc-banner {    display: block;    width: 1200px;    height: 247.4px;    margin: 0 auto;  }  .logo .pc-banner.small {    width: 970px;  }  .logo .pc-banner.small img {    height: auto!important;  }  .logo .m-banner {    display: none;  }  .ytvideo {    position: relative;    height: 546px;    width: 100%;    margin: 0 auto;  }  .ytvideo img {    width: 100%;    margin: 0 auto;  }  .ytvideo .play-btn {    width: 60px;    height: 42px;    position: absolute;    top: 50%;    left: 50%;    transform: translate(-50%, -50%);    background: url(\"data:image\/png;base64,iVBORw0KGgoAAAANSUhEUgAAAGQAAABGCAMAAAANWMFbAAAC+lBMVEUAAADBGB3kLCfBGB3kLCfcJC7BFx3KKSbiKybkLCbWJCPSIiLSIiLPICHAFx3kLCfgKSXNHiDZJiTIGx\/p4eHcjo7LHSDbJyTkLCbjKyfOHyHPIiL28fHJHB\/GGh7EGR7eKCXDGB3RISHlLSbBGB3AFxzGHB7DGB7BGB3hKybkKybAFx3lLCfAFxzDGR3hKibDGB7cJyTmz8\/elJTlwcHjurrUIyLlLSflLSfAFx3DGR7lLSfCFx3hKibhKibhKybjKybkLCblLSfbJSX49vbx7e3NNzjNMTLMJyjVIyLZf3\/ZQ0LaeHjx0tLgoqLkLCfCGB3HGx\/BGB3BFx3PICHCGB7WJCLOHyC\/Fxy\/Fx3lLCfQISHkLSe\/FxzbJiTBFx3FGx\/AGB7BFx3EGR7AGB3HHSDfKiXAFh3TISHYNzbhKibbJyTTIiL57e325+f039\/v2NjUV1fOHiHiqanfmprch4feKSXVIyPOICHmLibFGh\/mLSe\/Fx7XJCPeKSXXJSPNHyHaJyTGGh7lLCbmLCflLSjSIiLkLCbdKSXLHiC\/GB3KHh++Fh3lKyfoLiXcKCPkx8fYb2\/XaGfVXl3aU1LLHiDksbHgKibPICHbJyTfKSXbJyTCGB3KHSDiKybFGh7TIiL\/\/\/\/VIyPRISHIHB\/GGx\/HHB\/DGR7gKibdKCXLHiDZJiTMHiDNHyHYJSTOICHPICHWJCPcKCXXJSPjLCblLCf+\/f3NGR\/uLijzLynPGR\/IGB7WISHaIyLLGh7UAADxLynNAADRLzDbICLQAADIAAD3MCrUHSHXMTDpKSbLAADp5OTij4\/ejo\/VLy\/1LyngJSTcJCPQHx\/OHB7+\/PzaMS\/OLS\/vLijrLSjSAADaNTPwLyjkKSbNJCbYISHPHB\/KGB7WAAD7+vrn3d3aKynTKCjoLCfsKifRGh\/YAADq5+fhjo7QNDXXKCfmJyXt5+fTLzDLLi\/QKivYHRvMGBrQJCXLISPMExXLDxLaEAvkkI\/bOTfaFQ\/SCgpvLcnHAAAAmnRSTlMA+vv7+gT9Bvf9+8z8\/NSv\/Pr5+P7++vnQIBMP\/v38\/Pn348XDiCYf9OjbzcqxXVcx\/fz8+\/rj1r2poo1+fXFqX0orGP7+\/v7+\/fz8+\/r68uzn4trIxsG\/vri3p6GcmZSNbWVYUUZEPQv+\/f39+\/v7+\/v7+vr64tvV1NTTz87FtbSurqeblJKFg4B3bUY+NjL7+\/v7+\/v67t1cDo8JLQAABkRJREFUWMO0kz9rwkAYh0OIeJkum6YugUAhISCdKoj\/P4C7SMdS+gEKIhSKil10LSg4mzXkILdlEpxCpwTiWOLX6BujvQaEQuGeHLnL+\/64J+SIcKGYTYWnntpdLjrVdqvZmNdn0+EE40GtpuuWVS6Xx6N7YDSGpWXpeq02wHgynM7q80az1a52HpddtVcpsi1zFARBrdaxbhp9iUReTGmwA4KAAr7vx3EYejnCMI6hQYEgy0LQi4jUN0wL19vqFcUC9\/1dAKmEEFkWRYkh5oBejnxQJiSJPJ\/uKBp0Thszx9Mw8hMRIQjKsptCfuES9zr5WJY6vSFCIvE9fCMUmEM1A1kSXcYGxgVYsvI1IPKTZciSTI0us\/SMGG04gDzELDoFBwdcFJrF88dqgYMTiL6DILWYyfOWE8\/kIz38olCNlC03FK95+imxp6y4oUSvAnBjHHhKNtotSDqJzVFiK8c2SBqhZtsrTtgrLXwAyduxZHNE26eHUt5rtuM4WSmds3G+sUdWYo1L+XyxButoh5eKUHk5lByO3G1LqqCWVnfrv\/lyPtf\/4ps1cndNGIri8J1TJ0lx6dR\/oPjq1nbRwdp2dCk4CtIOLW3pVKRL6WZfS5vF2KkIQhpwSsjiYIgNCs1gEMGqiIq24NQX9NwoXFy8Ufrl3twTcg4fv8T9\/JBEySduj6Mjm4bMzYV7EEOxKjjoNDud7yY3Dy71Hq2oLmqfbNR723edH9PgMrNL2utoQ3VmaIDkiw\/4w51P06hlZsTZvkRrbVuSIs\/zwSOsycgzStQouoAkWQqioRT5XI7n2Z1wfVhoZmcAJLsoqjqpjbWCgpOAJXBwHK8PzWbNvoUZJND5wCnSkLAkZ1legx6vqQzjoiTahKlGUGLAiIIoABOHaNVw4sexZBym6\/HWlH5h3IC7yRbxtipcWxdTOkORKiNQAEkFf66x5S2oeRbroOlLgg0sSYkR0hRGEqJZ0jTPiQKatESdBckpWigxaapEH0lImHdWu9pUFF2XqMNM2Z4kped7IwEJw2qabwtrQqnpw6HyKkgcadKWsmpywwesDyIhYRpdzXddqegtGIJlXbAIUMOLkGxJUjRIkokwjUaX9d\/kK62ps\/tYUqZLIMkLTyBhsMZ3C5Z\/kDxOSCb\/DOs\/\/J0qcWSX\/2ipe56EgTCA4\/cB7NAYOsni4mZM1MUPAISoEwkDi4lhVBQ1cWQyIcwalw4EpqZN68JUSK7XC0kTlkLYii5uXSC8jT5ncCAS7mjCv0uHp\/3lueHEEAeQ\/\/VgmdN71\/2uCSA1Xr6DO6uI6sW56zqT2tp2PhgiRUAajV8CY2fkcz6WGNKMgLAt7tJAhD4YHMTeRxlALE6+43WqjSWi8ITxyJl8WrwWSNESQZZOqhDDntO3hJLsd5RtSpbJqdv3YrDJH3F7jL1R2O2aQkn2MyCyKYz0GPGIvSAMgBCrCEiJyKbBaYGwLW4uPRr0A0M4Ux5kUI7IBh+hMdiCEWNqhMZGyYMsOgNE58UQuEQeUnSWCMYwL54hkxK6IoqucQZbQ3pc3XtL0lky1dL0zZJJDpWJovFqpWj6JEHnyam2eQp5QRVAVHjWparTOaVwUOx99YS2MvgxIGV0bb+qIg2HX2qkFFJB+XZcbLiuRkuxD9GRroKyveLxdh4d7Orx+hb7qc3uVRuEogCOnyIxm4ubUoPgF4jianDrC+SDQDKEfJb0GUKmjCGPYHGJvVC6X4hw1\/sAfQAdfYyephIaspXe36RwOP+Ljvfx9B6B3i+Nk0DGq+oCbLn6JpBa9nWAveAIHwFAwtVcIJXPMPL8kRu5OAYPMaL1WScTxjiZDqB9LTJSWphow\/pTYKRTLjCBhvi9iBidvKcDasGSm0QQkycYuLBqj6QCELPctqChDWpTRMWkngNNpQ1Pfp1KkiT\/Y0DGffXAweUNfLAfaJFKDwhb6I+bkYRbkERoEeu3Fyjg2opMz2daZCS9jt6Q7txNfB+OZEVF6Zl5web2xunnLQrtrjXseXKaFYziYINeMFZVxS9VxRhOoesYwxPKXm+gWLG9cuFeq93UNNeJNsf1KlwuDok9n02n3TgIJpOxNfL9naIoQwXtfH9kjceTIIi709ncTg6LZbg+biLH1V6u\/7rxBem06VXKn9raAAAAAElFTkSuQmCC\")      no-repeat center center \/ contain;  }  @media screen and (max-width: 960px) and (orientation: portrait) {    .logo {      width: 100%;    }    .logo .pc-banner {      display: none;    }    .logo .m-banner {      display: block;      width: 100%;    }    .logo .m-banner img {      height: auto!important;    }    .ytvideo {      height: 200px;      width: 100%;    }  }<\/style><style>  .video-section {    width: 100%;    margin: 0 auto;  }  .video-section > img {    width: 100%;  }  .video-section iframe,  .video-section video {    width: 100%;    height: 100%;      }  .video-section-img-m,  .video-section-img-pc > img {    width: 100%;    height: auto;  }  .video-section-img-pc.small > img {    width: 970px;  }  .video-desc {    line-height: 1.5;    font-size: 20px;    font-weight: 400;    margin: 20px 0;    text-align: center;    color: #0f1111;    word-break: break-word;  }  @media screen and (max-width: 960px) and (orientation: portrait) {    .video-section {      width: 100%;    }    .video-section-pc,    .video-section-img-pc {      display: none;    }    .video-section-m,    .video-section-img-m {      display: block;    }    .video-desc {      font-size: 15px;    }  }  @media screen and (min-width: 960px) {    .video-section {      width: 100%;      margin: 0 auto;    }    .video-section-pc,    .video-section-img-pc {      display: block;    }    .video-section-m,    .video-section-img-m {      display: none;    }    .video-desc {      font-size: 20px;    }  }<\/style><style>  .section + .section {    margin-top: 35px;  }  .section-title {    text-align: center;    font-weight: bold;    color: #0d1111;    font-family: \"Arial\";    font-size: 32px;    margin: 15px 0;  }  .section-title:empty {    display: none;  }  .section-desc {    text-align: center;    font-weight: normal;    color: #0d1111;    margin-top: 20px;  }  .section-desc:empty {    display: none;  }  .section-img {    width: 1200px;    height: 492px;    margin: 0 auto;    display: block;  }  .section-img.small {    width: 970px;    height: auto;  }  .section-img.small > img {    height: auto;  }  .section-img > img {    width: 100%;    height: 100%;  }  .section-mobile-img {    display: none;    max-width: 100vw;    max-height: 75vw;    height: 450px;    margin: 0 auto;  }  .section-mobile-img > img {    width: 100%;    height: 100%;  }  @media screen and (max-width: 960px) and (orientation: portrait) {    .container {      width: 100%;    }    .container.small {      width: 100%;    }    .section-mobile-img {      display: block;    }    .section-img {      display: none;    }    .section-title {      font-size: 22px;      margin: 10px 0;    }    .section-desc {      margin-top: 10px;    }    .section + .section {      margin-top: 20px;    }  }<\/style><\/head><body><div class=\"container\"><div class=\"logo\"><div class=\"pc-banner\"><div><img decoding=\"async\" src=\"\/vevor\/vevor\/boutique-banner\/pc\/en-pc@1x.jpg\" style=\"width: 100%;\" \/><\/div><\/div><div class=\"m-banner\"><div><img decoding=\"async\" src=\"\/vevor\/vevor\/boutique-banner\/mobile\/en-m@1x.jpg\" style=\"width: 100%;\" \/><\/div><\/div><\/div><div class=\"section-title\">Lai Valik Muutuva Sagedusega Kiiruse Kontroll - Stabiilne Mootor K\u00e4ivitada ja Seisata<\/div><div class=\"video-section\"><div class=\"video-section-img-pc\"><img decoding=\"async\" src=\"\/vevor\/product\/BPDSQ3HP0000FEVFC\/variable-frequency-drive-a100-1.4.jpg\" alt=\"VEVOR vfd 2,2 kw, 3hp high performance single-phase vfd paremat mootori kasutegurit ja kaitse.\" \/><\/div><div class=\"video-section-img-m\"><img decoding=\"async\" src=\"\/vevor\/product\/BPDSQ3HP0000FEVFC\/variable-frequency-drive-a100-1.4-m.jpg\" alt=\"VEVOR vfd 2,2 kw, 3hp high performance single-phase vfd paremat mootori kasutegurit ja kaitse.\" \/><\/div><div class=\"section-desc\">VEVOR 2,2 KW, 10A, 3HP VFD annab t\u00e4psed mootori p\u00f6\u00f6rete kontrolli kaudu t\u00e4pne sagedus ja amplituud mootor juhtida voolu. Lihtne juhtmestik, kasutajas\u00f5bralik paneel, ning soft start\/stop, see lihtsustab operatsioone, suurendab energiat\u00f5husust ja v\u00e4hendab masina rikkeid.<\/div><\/div><div class=\"section\"><div class=\"section-title\"><\/div><div class=\"section-img\"><img decoding=\"async\" src=\"\/vevor\/product\/BPDSQ3HP0000FEVFC\/variable-frequency-drive-a100-2.2.jpg\" alt=\"VEVOR vfd 2,2 kw, ekraan, millel \u00fcks nupp kontrolli, 0-400hz sageduse muundamise, ja eemaldatavad remote paneel.\" \/><\/div><div class=\"section-mobile-img\"><img decoding=\"async\" src=\"\/vevor\/product\/BPDSQ3HP0000FEVFC\/variable-frequency-drive-a100-2.2-m.jpg\" alt=\"VEVOR vfd 2,2 kw, ekraan, millel \u00fcks nupp kontrolli, 0-400hz sageduse muundamise, ja eemaldatavad remote paneel.\" \/><\/div><div class=\"section-desc\">Kasutusjuhend: \u2460Press programmeerimisklahvi. \u2461Use \u00fcles\/alla ja shift klahvi, et leida parameeter. \u2462Press funktsioon\/salvesta sisestusklahvi (enter). \u2463Modify kasutades \u00fcles\/alla ja shift klahvi. \u2464Press funktsioon\/salvesta, et salvestada. \u2465Exit programmeerimine, vajutades vastavale klahvile.<\/div><\/div><div class=\"section\"><div class=\"section-title\"><\/div><div class=\"section-img\"><img decoding=\"async\" src=\"\/vevor\/product\/BPDSQ3HP0000FEVFC\/variable-frequency-drive-a100-2.3.jpg\" alt=\"VEVOR vfd 2,2 kw p\u00f5hjalikku ohutuse kaitse, sealhulgas \u00fclem -, \u00fclepinge-ja \u00fclekuumenemise.\" \/><\/div><div class=\"section-mobile-img\"><img decoding=\"async\" src=\"\/vevor\/product\/BPDSQ3HP0000FEVFC\/variable-frequency-drive-a100-2.3-m.jpg\" alt=\"VEVOR vfd 2,2 kw p\u00f5hjalikku ohutuse kaitse, sealhulgas \u00fclem -, \u00fclepinge-ja \u00fclekuumenemise.\" \/><\/div><div class=\"section-desc\">Meie VFD kaasas 10-kiht intelligent protection system, tagatise andmine vastu \u00fclem -, \u00fclekoormuse, \u00fclepinge, ja faasi kadumise. V\u00e4line korpus on valmistatud vastupidavast plastikust, tagades k\u00f5rge tulemuslikkuse ja kvaliteedi seest v\u00e4lja, andes teile meelerahu kasutamise ajal.<\/div><\/div><div class=\"section\"><div class=\"section-title\"><\/div><div class=\"section-img\"><img decoding=\"async\" src=\"\/vevor\/product\/BPDSQ3HP0000FEVFC\/variable-frequency-drive-a100-2.4.jpg\" alt=\"VEVOR vfd 2,2 kw, suur jahutusventilaator ja multi-aukude projekteerimine t\u00f5husa soojuse hajumist.\" \/><\/div><div class=\"section-mobile-img\"><img decoding=\"async\" src=\"\/vevor\/product\/BPDSQ3HP0000FEVFC\/variable-frequency-drive-a100-2.4-m.jpg\" alt=\"VEVOR vfd 2,2 kw, suur jahutusventilaator ja multi-aukude projekteerimine t\u00f5husa soojuse hajumist.\" \/><\/div><div class=\"section-desc\">Stabiilne ja t\u00f5hus toimimine tugineb suur jahutus ventilaatorid ja multi-auk soojushajutamise disain, mis takistab \u00fclekuumenemise ja \u00fclekoormuse pikema toimingu kestel. N\u00f5uanded: Vertikaalne paigaldus on soovitatav, et tagada t\u00f5hus soojuse hajumist.<\/div><\/div><div class=\"section\"><div class=\"section-title\"><\/div><div class=\"section-img\"><img decoding=\"async\" src=\"\/vevor\/product\/BPDSQ3HP0000FEVFC\/variable-frequency-drive-a100-2.5.jpg\" alt=\"VEVOR vfd 2,2 kw elektriskeemi \u00fche-faasiline sisend-ja kolme-faasiline v\u00e4ljund koos mootori ja taotluse n\u00e4pun\u00e4iteid.\" \/><\/div><div class=\"section-mobile-img\"><img decoding=\"async\" src=\"\/vevor\/product\/BPDSQ3HP0000FEVFC\/variable-frequency-drive-a100-2.5-m.jpg\" alt=\"VEVOR vfd 2,2 kw elektriskeemi \u00fche-faasiline sisend-ja kolme-faasiline v\u00e4ljund koos mootori ja taotluse n\u00e4pun\u00e4iteid.\" \/><\/div><div class=\"section-desc\">Paigaldamise n\u00e4pun\u00e4ited: 1 Juhtmete \u00fchendamisel l\u00fclitage toide v\u00e4lja; \u00e4rge kunagi \u00fchendage vahelduvvoolu mootori v\u00e4ljundiga. 2 VFD-kaitseks vajutage punast nuppu 'Stopp' ja l\u00fclitage v\u00e4lja, kui seda ei kasutata. 3 V\u00e4list pidurdustakistit ei toetata. 4 V\u00e4ltige paigaldamist niisketes v\u00f5i k\u00f5rge temperatuuriga keskkondades<\/div><\/div><div class=\"section\"><div class=\"section-img\"><img decoding=\"async\" src=\"\/vevor\/product\/BPDSQ3HP0000FEVFC\/variable-frequency-drive-a100-1.11.jpg\" alt=\"VEVOR vfd 2,2 kw, at1-2200x, 3hp, ac 220-240v, 10a, 50\/60hz, 0-400hz, m\u00f5\u00f5tmed 7.3x5x4.9.\" \/><\/div><div class=\"section-mobile-img\"><img decoding=\"async\" src=\"\/vevor\/product\/BPDSQ3HP0000FEVFC\/variable-frequency-drive-a100-1.11-m.jpg\" alt=\"VEVOR vfd 2,2 kw, at1-2200x, 3hp, ac 220-240v, 10a, 50\/60hz, 0-400hz, m\u00f5\u00f5tmed 7.3x5x4.9.\" \/><\/div><\/div><\/div><\/body><\/html><\/div>\n<div class=\"DM_at-title\" id=\"js-DM_at-title\"> <div>Toote spetsifikatsioon<\/div> <i class=\"icon-arrowup_line\"><\/i> <\/div><div class=\"DM_at-goodsDescAttr\" id=\"js-DM_at-goodsDescAttr\"> <div class=\"DM_at-goodsDescAttrInner\"> <dl class=\"goodsDesc_item goodsDesc_item_even\"> <dt>Punkt Mudeli Number<\/dt> <dd> AT1-2200X<\/dd> <\/dl> <dl class=\"goodsDesc_item\"> <dt>Hobuj\u00f5ulise<\/dt> <dd> 3HP<\/dd> <\/dl> <dl class=\"goodsDesc_item goodsDesc_item_even\"> <dt>V\u00f5imsus<\/dt> <dd> 2.2 KW<\/dd> <\/dl> <dl class=\"goodsDesc_item\"> <dt>Praegune<\/dt> <dd> 10A<\/dd> <\/dl> <dl class=\"goodsDesc_item goodsDesc_item_even\"> <dt>Sisend Pinge<\/dt> <dd> AC 220-240V \u00fchefaasiline<\/dd> <\/dl> <dl class=\"goodsDesc_item\"> <dt>V\u00e4ljund Pinge<\/dt> <dd> AC 220-240V Kolm Faasi<\/dd> <\/dl> <dl class=\"goodsDesc_item goodsDesc_item_even\"> <dt>Input Sagedus<\/dt> <dd> 50\/60Hz<\/dd> <\/dl> <dl class=\"goodsDesc_item\"> <dt>V\u00e4ljund Sagedus<\/dt> <dd> 0-400Hz<\/dd> <\/dl> <dl class=\"goodsDesc_item goodsDesc_item_even\"> <dt>T\u00f6\u00f6temperatuur<\/dt> <dd> 50\u00b0F-104\u00b0F \/ 10\u00b0C-40\u00b0C<\/dd> <\/dl> <dl class=\"goodsDesc_item\"> <dt>Neto Kaal<\/dt> <dd> 2.6 lbs \/ 1.2 kg \u00b1 3%<\/dd> <\/dl> <\/div> <\/div>","protected":false},"excerpt":{"rendered":"<ul>\n<li> V\u00f5rratu Kvaliteet: VEVOR 2,2 KW, 10A, 3HP VFD pakub tasakaalustamata kvaliteet ja v\u00f5imsus. Pakkudes faas AC 220-240V, sisend-ja kolmefaasilise AC 220V-240V v\u00e4ljund, see tagab pehme start ja peatub, stabiilne mootor kontrolli ja energiat\u00f5husust. Input Frequency: 50\/60Hz ; Output Frequency: 0-400Hz. <\/li>\n<li> Pingutusteta seadistamine ja kasutamine: \u00fcksikasjaliku juhendi abil on parameetrite reguleerimine lihtne. Intuitiivne juhtpaneel, selge ekraan ja sagedusnupu toimingud sujuvamaks. 7,9-tollise kaabliga eemaldatav paneel v\u00f5imaldab mugavat kaugkasutust. <\/li>\n<li> Ohutus ja vastupidavus uuesti m\u00e4\u00e4ratletud: meie VFD paistab silma 10-kihilise kaitses\u00fcsteemiga, mis kaitseb liigvoolu, \u00fclekoormuse, \u00fclepinge, faasikao ja muu eest. Koos kolmekordse v\u00e4rvi tr\u00fckkplaadiga seame esikohale teie ohutuse ja toote pikaealisuse. <\/li>\n<li> T\u00f5hus Tugevus Vaikus On: variable frequency drive on v\u00f5imas ventilaator tagab kiire jahutamine ajal pikemat kasutamist. Oma multi-sided ja multi-avaga disain edendada optimaalset ventilatsioon, samas hoiab madala m\u00fcratasemega t\u00f6\u00f6tamise. <\/li>\n<li> Master of Mitmek\u00fclgsus: Meie VFD on ideaalne s\u00f5it 3-phase motors mitmekesine masinad, sealhulgas kompressorid, treipingid, f\u00e4nnid, freespingid, jne. Lahkelt M\u00c4RKUS: see ei toeta v\u00e4lised pidurdamine takistid. Raskematele mootori koormused, siis palun valida suurema v\u00f5imsusega VFD parima tulemuse. <\/li>\n<\/ul>","protected":false},"featured_media":274605,"comment_status":"closed","ping_status":"closed","template":"","meta":{"om_disable_all_campaigns":false,"_uf_show_specific_survey":0,"_uf_disable_surveys":false},"location":[1935,1934],"product_brand":[21],"product_cat":[34,2671,2673,2672],"product_tag":[],"class_list":{"0":"post-20649","1":"product","2":"type-product","3":"status-publish","4":"has-post-thumbnail","6":"location-supplier_stock_location","7":"location-local_stock_location","8":"product_brand-vevor","9":"product_cat-electrical","10":"product_cat-power-distribution","11":"product_cat-variable-frequency-drive","12":"product_cat-voltage-transformers","14":"first","15":"instock","16":"featured","17":"taxable","18":"shipping-taxable","19":"purchasable","20":"product-type-simple"},"aioseo_notices":[],"locations":[{"id":1935,"name":"Pieg\u0101d\u0101t\u0101ja noliktav\u0101 (5-7dd)","slug":"supplier_stock_location","quantity":"303"},{"id":1934,"name":"R\u012bgas veikal\u0101 (0-2d.d.)","slug":"local_stock_location","quantity":"0"}],"_links":{"self":[{"href":"https:\/\/vevorshop.lv\/et\/wp-json\/wp\/v2\/product\/20649","targetHints":{"allow":["GET"]}}],"collection":[{"href":"https:\/\/vevorshop.lv\/et\/wp-json\/wp\/v2\/product"}],"about":[{"href":"https:\/\/vevorshop.lv\/et\/wp-json\/wp\/v2\/types\/product"}],"replies":[{"embeddable":true,"href":"https:\/\/vevorshop.lv\/et\/wp-json\/wp\/v2\/comments?post=20649"}],"wp:featuredmedia":[{"embeddable":true,"href":"https:\/\/vevorshop.lv\/et\/wp-json\/wp\/v2\/media\/274605"}],"wp:attachment":[{"href":"https:\/\/vevorshop.lv\/et\/wp-json\/wp\/v2\/media?parent=20649"}],"wp:term":[{"taxonomy":"location","embeddable":true,"href":"https:\/\/vevorshop.lv\/et\/wp-json\/wp\/v2\/location?post=20649"},{"taxonomy":"product_brand","embeddable":true,"href":"https:\/\/vevorshop.lv\/et\/wp-json\/wp\/v2\/product_brand?post=20649"},{"taxonomy":"product_cat","embeddable":true,"href":"https:\/\/vevorshop.lv\/et\/wp-json\/wp\/v2\/product_cat?post=20649"},{"taxonomy":"product_tag","embeddable":true,"href":"https:\/\/vevorshop.lv\/et\/wp-json\/wp\/v2\/product_tag?post=20649"}],"curies":[{"name":"wp","href":"https:\/\/api.w.org\/{rel}","templated":true}]}}