{"id":20673,"date":"2024-11-18T06:09:11","date_gmt":"2024-11-18T06:09:11","guid":{"rendered":"http:\/\/vevorshop.edigo.lv\/Prece\/vevor-laser-level-100ft-green-cross-line-self-leveling-high-accuracy-measuring-2\/"},"modified":"2026-04-22T13:24:29","modified_gmt":"2026-04-22T10:24:29","slug":"vevor-laser-level-100ft-green-cross-line-self-leveling-high-accuracy-measuring-2","status":"publish","type":"product","link":"https:\/\/vevorshop.lv\/et\/Prece\/vevor-laser-tase-100-ft-roheline-ristjoon-isetasanduv-korge-tapsusega-mootmine-2\/","title":{"rendered":"VEVOR 3\u00d7360\u00b0 Green Laser Level, Self-Leveling, 30 m Range, High Accuracy, Rechargeable, IP54, with Magnetic Mount"},"content":{"rendered":"<div style=\"color: #fff!important; font-size: 16px; height: 24px; line-height: 24px; margin-top: -24px; \" class=\"product_original_name\">VEVOR Laser Level 3048 cm Roheline ristjoon Isetasanduv Suure t\u00e4psusega m\u00f5\u00f5tmine<\/div>\n<div style=\"color: #fff!important; font-size: 16px; height: 24px; line-height: 24px; margin-top: -24px; \" class=\"product_sku\">M4I4KNJO<\/div>\n<div style=\"color: #fff!important; font-size: 16px; height: 24px; line-height: 24px; margin-top: -24px; \" class=\"product_mpn\">XJGSPY100FT123N5IV9<\/div><div id=\"js-DM_at-goodDescRich\"><html><head><style>  body {    font-family: Arial;    line-height: 1.5;    color: #1c1c1c;    overflow-x: hidden;    margin: 0;    padding: 0;  }  .MsoNormal b {    font-weight: bolder;  }<\/style><style>  .container.small {    width: 970px;    margin: 0 auto;  }  .logo {    margin: 0 auto 0;  }  .logo img {    display: block;    margin: 0 auto;    max-width: 100%;  }  .logo .pc-banner {    display: block;    width: 1200px;    height: 247.4px;    margin: 0 auto;  }  .logo .pc-banner.small {    width: 970px;  }  .logo .pc-banner.small img {    height: auto!important;  }  .logo .m-banner {    display: none;  }  .ytvideo {    position: relative;    height: 546px;    width: 100%;    margin: 0 auto;  }  .ytvideo img {    width: 100%;    margin: 0 auto;  }  .ytvideo .play-btn {    width: 60px;    height: 42px;    position: absolute;    top: 50%;    left: 50%;    transform: translate(-50%, -50%);    background: url(\"data:image\/png;base64,iVBORw0KGgoAAAANSUhEUgAAAGQAAABGCAMAAAANWMFbAAAC+lBMVEUAAADBGB3kLCfBGB3kLCfcJC7BFx3KKSbiKybkLCbWJCPSIiLSIiLPICHAFx3kLCfgKSXNHiDZJiTIGx\/p4eHcjo7LHSDbJyTkLCbjKyfOHyHPIiL28fHJHB\/GGh7EGR7eKCXDGB3RISHlLSbBGB3AFxzGHB7DGB7BGB3hKybkKybAFx3lLCfAFxzDGR3hKibDGB7cJyTmz8\/elJTlwcHjurrUIyLlLSflLSfAFx3DGR7lLSfCFx3hKibhKibhKybjKybkLCblLSfbJSX49vbx7e3NNzjNMTLMJyjVIyLZf3\/ZQ0LaeHjx0tLgoqLkLCfCGB3HGx\/BGB3BFx3PICHCGB7WJCLOHyC\/Fxy\/Fx3lLCfQISHkLSe\/FxzbJiTBFx3FGx\/AGB7BFx3EGR7AGB3HHSDfKiXAFh3TISHYNzbhKibbJyTTIiL57e325+f039\/v2NjUV1fOHiHiqanfmprch4feKSXVIyPOICHmLibFGh\/mLSe\/Fx7XJCPeKSXXJSPNHyHaJyTGGh7lLCbmLCflLSjSIiLkLCbdKSXLHiC\/GB3KHh++Fh3lKyfoLiXcKCPkx8fYb2\/XaGfVXl3aU1LLHiDksbHgKibPICHbJyTfKSXbJyTCGB3KHSDiKybFGh7TIiL\/\/\/\/VIyPRISHIHB\/GGx\/HHB\/DGR7gKibdKCXLHiDZJiTMHiDNHyHYJSTOICHPICHWJCPcKCXXJSPjLCblLCf+\/f3NGR\/uLijzLynPGR\/IGB7WISHaIyLLGh7UAADxLynNAADRLzDbICLQAADIAAD3MCrUHSHXMTDpKSbLAADp5OTij4\/ejo\/VLy\/1LyngJSTcJCPQHx\/OHB7+\/PzaMS\/OLS\/vLijrLSjSAADaNTPwLyjkKSbNJCbYISHPHB\/KGB7WAAD7+vrn3d3aKynTKCjoLCfsKifRGh\/YAADq5+fhjo7QNDXXKCfmJyXt5+fTLzDLLi\/QKivYHRvMGBrQJCXLISPMExXLDxLaEAvkkI\/bOTfaFQ\/SCgpvLcnHAAAAmnRSTlMA+vv7+gT9Bvf9+8z8\/NSv\/Pr5+P7++vnQIBMP\/v38\/Pn348XDiCYf9OjbzcqxXVcx\/fz8+\/rj1r2poo1+fXFqX0orGP7+\/v7+\/fz8+\/r68uzn4trIxsG\/vri3p6GcmZSNbWVYUUZEPQv+\/f39+\/v7+\/v7+vr64tvV1NTTz87FtbSurqeblJKFg4B3bUY+NjL7+\/v7+\/v67t1cDo8JLQAABkRJREFUWMO0kz9rwkAYh0OIeJkum6YugUAhISCdKoj\/P4C7SMdS+gEKIhSKil10LSg4mzXkILdlEpxCpwTiWOLX6BujvQaEQuGeHLnL+\/64J+SIcKGYTYWnntpdLjrVdqvZmNdn0+EE40GtpuuWVS6Xx6N7YDSGpWXpeq02wHgynM7q80az1a52HpddtVcpsi1zFARBrdaxbhp9iUReTGmwA4KAAr7vx3EYejnCMI6hQYEgy0LQi4jUN0wL19vqFcUC9\/1dAKmEEFkWRYkh5oBejnxQJiSJPJ\/uKBp0Thszx9Mw8hMRIQjKsptCfuES9zr5WJY6vSFCIvE9fCMUmEM1A1kSXcYGxgVYsvI1IPKTZciSTI0us\/SMGG04gDzELDoFBwdcFJrF88dqgYMTiL6DILWYyfOWE8\/kIz38olCNlC03FK95+imxp6y4oUSvAnBjHHhKNtotSDqJzVFiK8c2SBqhZtsrTtgrLXwAyduxZHNE26eHUt5rtuM4WSmds3G+sUdWYo1L+XyxButoh5eKUHk5lByO3G1LqqCWVnfrv\/lyPtf\/4ps1cndNGIri8J1TJ0lx6dR\/oPjq1nbRwdp2dCk4CtIOLW3pVKRL6WZfS5vF2KkIQhpwSsjiYIgNCs1gEMGqiIq24NQX9NwoXFy8Ufrl3twTcg4fv8T9\/JBEySduj6Mjm4bMzYV7EEOxKjjoNDud7yY3Dy71Hq2oLmqfbNR723edH9PgMrNL2utoQ3VmaIDkiw\/4w51P06hlZsTZvkRrbVuSIs\/zwSOsycgzStQouoAkWQqioRT5XI7n2Z1wfVhoZmcAJLsoqjqpjbWCgpOAJXBwHK8PzWbNvoUZJND5wCnSkLAkZ1legx6vqQzjoiTahKlGUGLAiIIoABOHaNVw4sexZBym6\/HWlH5h3IC7yRbxtipcWxdTOkORKiNQAEkFf66x5S2oeRbroOlLgg0sSYkR0hRGEqJZ0jTPiQKatESdBckpWigxaapEH0lImHdWu9pUFF2XqMNM2Z4kped7IwEJw2qabwtrQqnpw6HyKkgcadKWsmpywwesDyIhYRpdzXddqegtGIJlXbAIUMOLkGxJUjRIkokwjUaX9d\/kK62ps\/tYUqZLIMkLTyBhsMZ3C5Z\/kDxOSCb\/DOs\/\/J0qcWSX\/2ipe56EgTCA4\/cB7NAYOsni4mZM1MUPAISoEwkDi4lhVBQ1cWQyIcwalw4EpqZN68JUSK7XC0kTlkLYii5uXSC8jT5ncCAS7mjCv0uHp\/3lueHEEAeQ\/\/VgmdN71\/2uCSA1Xr6DO6uI6sW56zqT2tp2PhgiRUAajV8CY2fkcz6WGNKMgLAt7tJAhD4YHMTeRxlALE6+43WqjSWi8ITxyJl8WrwWSNESQZZOqhDDntO3hJLsd5RtSpbJqdv3YrDJH3F7jL1R2O2aQkn2MyCyKYz0GPGIvSAMgBCrCEiJyKbBaYGwLW4uPRr0A0M4Ux5kUI7IBh+hMdiCEWNqhMZGyYMsOgNE58UQuEQeUnSWCMYwL54hkxK6IoqucQZbQ3pc3XtL0lky1dL0zZJJDpWJovFqpWj6JEHnyam2eQp5QRVAVHjWparTOaVwUOx99YS2MvgxIGV0bb+qIg2HX2qkFFJB+XZcbLiuRkuxD9GRroKyveLxdh4d7Orx+hb7qc3uVRuEogCOnyIxm4ubUoPgF4jianDrC+SDQDKEfJb0GUKmjCGPYHGJvVC6X4hw1\/sAfQAdfYyephIaspXe36RwOP+Ljvfx9B6B3i+Nk0DGq+oCbLn6JpBa9nWAveAIHwFAwtVcIJXPMPL8kRu5OAYPMaL1WScTxjiZDqB9LTJSWphow\/pTYKRTLjCBhvi9iBidvKcDasGSm0QQkycYuLBqj6QCELPctqChDWpTRMWkngNNpQ1Pfp1KkiT\/Y0DGffXAweUNfLAfaJFKDwhb6I+bkYRbkERoEeu3Fyjg2opMz2daZCS9jt6Q7txNfB+OZEVF6Zl5web2xunnLQrtrjXseXKaFYziYINeMFZVxS9VxRhOoesYwxPKXm+gWLG9cuFeq93UNNeJNsf1KlwuDok9n02n3TgIJpOxNfL9naIoQwXtfH9kjceTIIi709ncTg6LZbg+biLH1V6u\/7rxBem06VXKn9raAAAAAElFTkSuQmCC\")      no-repeat center center \/ contain;  }  @media screen and (max-width: 960px) and (orientation: portrait) {    .logo {      width: 100%;    }    .logo .pc-banner {      display: none;    }    .logo .m-banner {      display: block;      width: 100%;    }    .logo .m-banner img {      height: auto!important;    }    .ytvideo {      height: 200px;      width: 100%;    }  }<\/style><style>  .video-section {    width: 100%;    margin: 0 auto;  }  .video-section > img {    width: 100%;  }  .video-section iframe,  .video-section video {    width: 100%;    height: 100%;      }  .video-section-img-m,  .video-section-img-pc > img {    width: 100%;    height: auto;  }  .video-section-img-pc.small > img {    width: 970px;  }  .video-desc {    line-height: 1.5;    font-size: 20px;    font-weight: 400;    margin: 20px 0;    text-align: center;    color: #0f1111;    word-break: break-word;  }  @media screen and (max-width: 960px) and (orientation: portrait) {    .video-section {      width: 100%;    }    .video-section-pc,    .video-section-img-pc {      display: none;    }    .video-section-m,    .video-section-img-m {      display: block;    }    .video-desc {      font-size: 15px;    }  }  @media screen and (min-width: 960px) {    .video-section {      width: 100%;      margin: 0 auto;    }    .video-section-pc,    .video-section-img-pc {      display: block;    }    .video-section-m,    .video-section-img-m {      display: none;    }    .video-desc {      font-size: 20px;    }  }<\/style><style>  .section + .section {    margin-top: 35px;  }  .section-title {    text-align: center;    font-weight: bold;    color: #0d1111;    font-family: \"Arial\";    font-size: 32px;    margin: 15px 0;  }  .section-title:empty {    display: none;  }  .section-desc {    text-align: center;    font-weight: normal;    color: #0d1111;    margin-top: 20px;  }  .section-desc:empty {    display: none;  }  .section-img {    width: 1200px;    height: 492px;    margin: 0 auto;    display: block;  }  .section-img.small {    width: 970px;    height: auto;  }  .section-img.small > img {    height: auto;  }  .section-img > img {    width: 100%;    height: 100%;  }  .section-mobile-img {    display: none;    max-width: 100vw;    max-height: 75vw;    height: 450px;    margin: 0 auto;  }  .section-mobile-img > img {    width: 100%;    height: 100%;  }  @media screen and (max-width: 960px) and (orientation: portrait) {    .container {      width: 100%;    }    .container.small {      width: 100%;    }    .section-mobile-img {      display: block;    }    .section-img {      display: none;    }    .section-title {      font-size: 22px;      margin: 10px 0;    }    .section-desc {      margin-top: 10px;    }    .section + .section {      margin-top: 20px;    }  }<\/style><\/head><body><div class=\"container\"><div class=\"logo\"><div class=\"pc-banner\"><div><img decoding=\"async\" src=\"\/vevor\/vevor\/boutique-banner\/pc\/en-pc@1x.jpg\" style=\"width: 100%;\" \/><\/div><\/div><div class=\"m-banner\"><div><img decoding=\"async\" src=\"\/vevor\/vevor\/boutique-banner\/mobile\/en-m@1x.jpg\" style=\"width: 100%;\" \/><\/div><\/div><\/div><div class=\"section-title\">T\u00e4iuslik Joondust Tehtud Pingutusteta Meie Laser Tasandil<\/div><div class=\"video-section\"><div class=\"video-section-img-pc\"><img decoding=\"async\" src=\"\/vevor\/product\/XJGSPY100FT123N5I\/laser-level-a100-1.4.jpg\" alt=\"VEVOR laser tasandil 3x360\u00b0 katvus, 100 jala t\u00f6\u00f6piirkond, \u00b11\/9&#034; t\u00e4psus, h\/v laser kontrolli.\" \/><\/div><div class=\"video-section-img-m\"><img decoding=\"async\" src=\"\/vevor\/product\/XJGSPY100FT123N5I\/laser-level-a100-1.4-m.jpg\" alt=\"VEVOR laser tasandil 3x360\u00b0 katvus, 100 jala t\u00f6\u00f6piirkond, \u00b11\/9&#034; t\u00e4psus, h\/v laser kontrolli.\" \/><\/div><div class=\"section-desc\">Oled sa v\u00e4sinud tulemas l\u00fchike? Enam piiranguid, mis takistavad oma tee! Meie laser tasandil pakub muljetavaldavaid kuni 100 jalga, mis v\u00f5imaldab teil pingutuseta lahendada ekspansiivne projekte. Koos t\u00e4psus kuni \u00b11\/9-tolline v\u00e4hemalt 30 jalga, laser precision on \u00f5igus sinu k\u00e4eulatuses.<\/div><\/div><div class=\"section\"><div class=\"section-title\"><\/div><div class=\"section-img\"><img decoding=\"async\" src=\"\/vevor\/product\/XJGSPY100FT123N5I\/laser-level-a100-2.2.jpg\" alt=\"VEVOR laser tasandil k\u00e4sitsi ja ise tasandamine re\u017eiimid, \u00fcksikasjalikud nuppe lukustada ja lukust avada.\" \/><\/div><div class=\"section-mobile-img\"><img decoding=\"async\" src=\"\/vevor\/product\/XJGSPY100FT123N5I\/laser-level-a100-2.2-m.jpg\" alt=\"VEVOR laser tasandil k\u00e4sitsi ja ise tasandamine re\u017eiimid, \u00fcksikasjalikud nuppe lukustada ja lukust avada.\" \/><\/div><div class=\"section-desc\">Et v\u00f5imaldada f\u00fc\u00fcsilisest tasandamine re\u017eiimis avada pendel. Kui t\u00f6\u00f6riist on v\u00e4ljaspool f\u00fc\u00fcsilisest tasandamine vahemikus (\u00b13\u00b0 c) laserkiirt vilgub pidevalt. K\u00e4sitsi re\u017eiim, lukk pendli asendit ja laser vahend erineva nurga all, et projekti mitte-tasandil sirge laserkiired.<\/div><\/div><div class=\"section\"><div class=\"section-title\"><\/div><div class=\"section-img\"><img decoding=\"async\" src=\"\/vevor\/product\/XJGSPY100FT123N5I\/laser-level-a100-2.3.jpg\" alt=\"3.7 v laetav aku t\u00fc\u00fcp-c laadimine sadamas, mis n\u00e4itab 8h kestus VEVOR laser tasandil.\" \/><\/div><div class=\"section-mobile-img\"><img decoding=\"async\" src=\"\/vevor\/product\/XJGSPY100FT123N5I\/laser-level-a100-2.3-m.jpg\" alt=\"3.7 v laetav aku t\u00fc\u00fcp-c laadimine sadamas, mis n\u00e4itab 8h kestus VEVOR laser tasandil.\" \/><\/div><div class=\"section-desc\">V\u00f5imas magnetkinnitus 1\/4'' kolmekordsete keermetega kinnitab laseri kindlalt mis tahes teraspinnale. Lisaks saab seda h\u00f5lpsasti statiivile paigaldada, v\u00f5imaldades pingevaba k\u00f5rguse reguleerimist ning s\u00e4\u00e4stes v\u00e4\u00e4rtuslikku aega ja vaeva.<\/div><\/div><div class=\"section\"><div class=\"section-title\"><\/div><div class=\"section-img\"><img decoding=\"async\" src=\"\/vevor\/product\/XJGSPY100FT123N5I\/laser-level-a100-2.4.jpg\" alt=\"VEVOR laser tasandil magnet sulg ja 1\/4&#034; keermega mount mitme millega valikud.\" \/><\/div><div class=\"section-mobile-img\"><img decoding=\"async\" src=\"\/vevor\/product\/XJGSPY100FT123N5I\/laser-level-a100-2.4-m.jpg\" alt=\"VEVOR laser tasandil magnet sulg ja 1\/4&#034; keermega mount mitme millega valikud.\" \/><\/div><div class=\"section-desc\">Kas olete mures rasketes tingimustes t\u00f6\u00f6tamise p\u00e4rast? \u00c4rge kartke enam! Meie p\u00f6\u00f6rleval lasertasemel on IP54 kaitse, mis muudab selle tolmukindlaks ja veekindlaks. See on konstrueeritud nii, et see talub k\u00f5ige karmimaid keskkondi, tagades vastupidavuse ja t\u00f6\u00f6kindluse, olenemata sellest, kuhu teie projektid teid viivad.<\/div><\/div><div class=\"section\"><div class=\"section-title\"><\/div><div class=\"section-img\"><img decoding=\"async\" src=\"\/vevor\/product\/XJGSPY100FT123N5I\/laser-level-a100-2.5.jpg\" alt=\"VEVOR laser tasandil suurendab diy koos \u00fclima t\u00e4psusega ripuvad pildid, plaatimis -, ja elektrit\u00f6\u00f6d.\" \/><\/div><div class=\"section-mobile-img\"><img decoding=\"async\" src=\"\/vevor\/product\/XJGSPY100FT123N5I\/laser-level-a100-2.5-m.jpg\" alt=\"VEVOR laser tasandil suurendab diy koos \u00fclima t\u00e4psusega ripuvad pildid, plaatimis -, ja elektrit\u00f6\u00f6d.\" \/><\/div><div class=\"section-desc\">Meie Laser Tasandil on mitmek\u00fclgne t\u00f6\u00f6riist, mida saab kasutada erinevaid rakendusi. Installimise riiulid, kapid, v\u00f5i plaatide t\u00f6\u00f6d, et viia raamid, akende, v\u00f5i elektri-inventar, see tase on go-to lahendus mitmesuguseid projekte.<\/div><\/div><div class=\"section\"><div class=\"section-img\"><img decoding=\"async\" src=\"\/vevor\/product\/XJGSPY100FT123N5I\/laser-level-a100-1.11.jpg\" alt=\"VEVOR laser level 100 jala valikut, 520nm lainepikkus, ip54, reiting, ja abs\/tpe materjalist.\" \/><\/div><div class=\"section-mobile-img\"><img decoding=\"async\" src=\"\/vevor\/product\/XJGSPY100FT123N5I\/laser-level-a100-1.11.jpg\" alt=\"VEVOR laser level 100 jala valikut, 520nm lainepikkus, ip54, reiting, ja abs\/tpe materjalist.\" \/><\/div><\/div><\/div><\/body><\/html><\/div>\n<div class=\"DM_at-title\" id=\"js-DM_at-title\"> <div>Toote spetsifikatsioon<\/div> <i class=\"icon-arrowup_line\"><\/i> <\/div><div class=\"DM_at-goodsDescAttr\" id=\"js-DM_at-goodsDescAttr\"> <div class=\"DM_at-goodsDescAttrInner\"> <dl class=\"goodsDesc_item goodsDesc_item_even\"> <dt>Punkt Mudeli Number<\/dt> <dd> CM03<\/dd> <\/dl> <dl class=\"goodsDesc_item\"> <dt>M\u00f5\u00f5tepiirkond<\/dt> <dd> 100 jalga \/ 30 m<\/dd> <\/dl> <dl class=\"goodsDesc_item goodsDesc_item_even\"> <dt>Tasandamine Valik<\/dt> <dd> \u00b13\u00b0<\/dd> <\/dl> <dl class=\"goodsDesc_item\"> <dt>T\u00e4psus<\/dt> <dd> 1\/9&#034;\/33 jalga (10 m)<\/dd> <\/dl> <dl class=\"goodsDesc_item goodsDesc_item_even\"> <dt>Laser Lainepikkus<\/dt> <dd> 520 nm \u00b1 10 nm<\/dd> <\/dl> <dl class=\"goodsDesc_item\"> <dt>Toide<\/dt> <dd> 3.7 V Laetavat Patareid, T\u00fc\u00fcp-c Sadam<\/dd> <\/dl> <dl class=\"goodsDesc_item goodsDesc_item_even\"> <dt>V\u00e4ljundv\u00f5imsus<\/dt> <dd> &lt;1mW<\/dd> <\/dl> <dl class=\"goodsDesc_item\"> <dt>Veekindel Reiting<\/dt> <dd> IP54<\/dd> <\/dl> <dl class=\"goodsDesc_item goodsDesc_item_even\"> <dt>Materjal<\/dt> <dd> ABS, TPE<\/dd> <\/dl> <dl class=\"goodsDesc_item\"> <dt>Pidev T\u00f6\u00f6aeg<\/dt> <dd> Umbes. 8 h<\/dd> <\/dl> <dl class=\"goodsDesc_item goodsDesc_item_even\"> <dt>Toote Kaal<\/dt> <dd> 2.97 lbs \/ 1.35 kg<\/dd> <\/dl> <\/div> <\/div>","protected":false},"excerpt":{"rendered":"<ul>\n<li> 3 x 360\u00b0 Laserid Katvus: Meie p\u00f6\u00f6rlev laser tasandil on selge ja ere laserkiirega \u00b1 1\/9 tolline 33 jalga k\u00f5rge t\u00e4psus, 100 jala t\u00f6\u00f6kaugust. 360\u00b0 laser lennukid saab kergesti valida, kasutades eraldi H ja V nupud, s\u00f5ltuvalt konkreetse rakenduse t\u00f6\u00f6d kohapeal. <\/li>\n<li> Kiire Laadimine: Meie laser tasandil funktsioonid on laetav 3.7 V aku, mis pakub hinnanguliselt 8 tundi operatsiooni. Laser t\u00f6\u00f6riist on varustatud ka Type-C laadimine sadamas jaoks j\u00e4tkuv kasutamine ehitusplatsil, kui aku sureb. Kiireks tasuta, seda saab vaevata \u00fchendatud s\u00fclearvuti, mobiiltelefoni toide, v\u00f5i seina adapter. <\/li>\n<li> Vaevatu Kasutada: laser vahend sisaldab magnetic mount, mist\u00f5ttu on lihtne lisada vahend k\u00f5ikjal, kus seda vajate. Lihtsalt turvaline tasandil, et metalli pind, ja sa oled k\u00f5ik seatud k\u00e4ed-vaba toiming, mille t\u00e4ielik stabiilsus. Meie laser tasandil on l\u00e4bim\u00f5eldult projekteeritud 1\/4&#034; keere, tagab pingutusteta montaa\u017e statiiv (statiiv ei kuulu komplekti) v\u00f5i muid \u00fchilduvaid lisaseadmeid. <\/li>\n<li> Lisatasu Materjal: Meie kasutaja-s\u00f5bralik tasandil laser t\u00f6\u00f6riist annab teile meelerahu oma IP54 hinnang. Hotellis on karm, suure m\u00f5juga komposiit korpus, mis kaitseb sise-mehhanism vee ja tolmu, tagada pikaajaline t\u00f6\u00f6kindlus isegi rasketes tingimustes. <\/li>\n<li> K\u00e4ep\u00e4rane ja mitmek\u00fclgne: meie kasutajas\u00f5braliku taseme lasert\u00f6\u00f6riist annab teile IP54 reitinguga meelerahu. Sellel on vastupidav, suure m\u00f5juga komposiitkorpus, mis kaitseb sisemist mehhanismi vee ja tolmu eest, tagades pikaajalise t\u00f6\u00f6kindluse ka rasketes tingimustes. Sobib suurep\u00e4raselt igasuguste t\u00f6\u00f6de jaoks, sealhulgas lae paigaldamine, valgustite paigutus, pildiraami joondamine, seina- ja p\u00f5randaplaadid. <\/li>\n<\/ul>","protected":false},"featured_media":274641,"comment_status":"closed","ping_status":"open","template":"","meta":{"om_disable_all_campaigns":false,"_monsterinsights_skip_tracking":false,"_monsterinsights_sitenote_active":false,"_monsterinsights_sitenote_note":"","_monsterinsights_sitenote_category":0,"_uf_show_specific_survey":0,"_uf_disable_surveys":false},"location":[1935,1934],"product_brand":[21],"product_cat":[2400,2944,3540,2401,2374],"product_tag":[],"class_list":{"0":"post-20673","1":"product","2":"type-product","3":"status-publish","4":"has-post-thumbnail","6":"location-supplier_stock_location","7":"location-local_stock_location","8":"product_brand-vevor","9":"product_cat-hand-tools-tools","10":"product_cat-laser-level","11":"product_cat-line-laser","12":"product_cat-measuring-tools-hand-tools-tools","13":"product_cat-tools","15":"first","16":"instock","17":"taxable","18":"shipping-taxable","19":"purchasable","20":"product-type-simple"},"aioseo_notices":[],"jetpack_sharing_enabled":true,"locations":[{"id":1935,"name":"Pieg\u0101d\u0101t\u0101ja noliktav\u0101 (5-7dd)","slug":"supplier_stock_location","quantity":"55"},{"id":1934,"name":"R\u012bgas veikal\u0101 (0-2d.d.)","slug":"local_stock_location","quantity":"0"}],"_links":{"self":[{"href":"https:\/\/vevorshop.lv\/et\/wp-json\/wp\/v2\/product\/20673","targetHints":{"allow":["GET"]}}],"collection":[{"href":"https:\/\/vevorshop.lv\/et\/wp-json\/wp\/v2\/product"}],"about":[{"href":"https:\/\/vevorshop.lv\/et\/wp-json\/wp\/v2\/types\/product"}],"replies":[{"embeddable":true,"href":"https:\/\/vevorshop.lv\/et\/wp-json\/wp\/v2\/comments?post=20673"}],"wp:featuredmedia":[{"embeddable":true,"href":"https:\/\/vevorshop.lv\/et\/wp-json\/wp\/v2\/media\/274641"}],"wp:attachment":[{"href":"https:\/\/vevorshop.lv\/et\/wp-json\/wp\/v2\/media?parent=20673"}],"wp:term":[{"taxonomy":"location","embeddable":true,"href":"https:\/\/vevorshop.lv\/et\/wp-json\/wp\/v2\/location?post=20673"},{"taxonomy":"product_brand","embeddable":true,"href":"https:\/\/vevorshop.lv\/et\/wp-json\/wp\/v2\/product_brand?post=20673"},{"taxonomy":"product_cat","embeddable":true,"href":"https:\/\/vevorshop.lv\/et\/wp-json\/wp\/v2\/product_cat?post=20673"},{"taxonomy":"product_tag","embeddable":true,"href":"https:\/\/vevorshop.lv\/et\/wp-json\/wp\/v2\/product_tag?post=20673"}],"curies":[{"name":"wp","href":"https:\/\/api.w.org\/{rel}","templated":true}]}}