{"id":206958,"date":"2025-10-09T23:22:14","date_gmt":"2025-10-09T20:22:14","guid":{"rendered":"https:\/\/vevorshop.lv\/en_us\/Prece\/vevor-foldable-baby-playpen-120x120cm-indoor-outdoor-safe-play-yard-with-mesh-zipper-door-for-6-24-months-toddlers\/"},"modified":"2026-05-12T21:44:53","modified_gmt":"2026-05-12T18:44:53","slug":"vevor-foldable-baby-playpen-120x120cm-indoor-outdoor-safe-play-yard-with-mesh-zipper-door-for-6-24-months-toddlers","status":"publish","type":"product","link":"https:\/\/vevorshop.lv\/et\/Prece\/vevor-kokkupandav-beebi-manguaed-120x120-cm-siseruumides-valistingimustes-turvaline-manguaed-vorguga-tomblukuga-uksele-6-24-kuu-vaikelastele\/","title":{"rendered":"VEVOR 120\u00d7120 cm Kokkupandav Beebi M\u00e4nguaed v\u00f5rgusilma k\u00fclgedega, T\u00f5mblukuga Uks (Zipper Door) 6-le 24-le kuule turvaline Sise-\/V\u00e4lim\u00e4nguaed"},"content":{"rendered":"<div style=\"color: #fff!important; font-size: 16px; height: 24px; line-height: 24px; margin-top: -24px; \" class=\"product_original_name\">VEVOR Baby Playpen, 1200 x 1200 mm kokkupandav v\u00e4ikelaste m\u00e4nguaed, lukuga ukse ja pehme hingava v\u00f5rguga sise-\/v\u00e4lisaia m\u00e4nguaed, t\u00fchikuteta v\u00e4ikelaste tegevuskeskus 6-24 kuu vanustele imikutele<\/div>\n<div style=\"color: #fff!important; font-size: 16px; height: 24px; line-height: 24px; margin-top: -24px; \" class=\"product_sku\">MGJV4T31<\/div>\n<div style=\"color: #fff!important; font-size: 16px; height: 24px; line-height: 24px; margin-top: -24px; \" class=\"product_mpn\">YYEWSHLBYYEWU1BNW001V0<\/div><div id=\"js-DM_at-goodDescRich\"><html><head><style>  body {    font-family: Arial;    line-height: 1.5;    color: #1c1c1c;    overflow-x: hidden;    margin: 0;    padding: 0;  }  .MsoNormal b {    font-weight: bolder;  }<\/style><style>  .container.small {    width: 970px;    margin: 0 auto;  }  .logo {    margin: 0 auto 0;  }  .logo img {    display: block;    margin: 0 auto;    max-width: 100%;  }  .logo .pc-banner {    display: block;    width: 1200px;    height: 247.4px;    margin: 0 auto;  }  .logo .pc-banner.small {    width: 970px;  }  .logo .pc-banner.small img {    height: auto!important;  }  .logo .m-banner {    display: none;  }  .ytvideo {    position: relative;    height: 546px;    width: 100%;    margin: 0 auto;  }  .ytvideo img {    width: 100%;    margin: 0 auto;  }  .ytvideo .play-btn {    width: 60px;    height: 42px;    position: absolute;    top: 50%;    left: 50%;    transform: translate(-50%, -50%);    background: url(\"data:image\/png;base64,iVBORw0KGgoAAAANSUhEUgAAAGQAAABGCAMAAAANWMFbAAAC+lBMVEUAAADBGB3kLCfBGB3kLCfcJC7BFx3KKSbiKybkLCbWJCPSIiLSIiLPICHAFx3kLCfgKSXNHiDZJiTIGx\/p4eHcjo7LHSDbJyTkLCbjKyfOHyHPIiL28fHJHB\/GGh7EGR7eKCXDGB3RISHlLSbBGB3AFxzGHB7DGB7BGB3hKybkKybAFx3lLCfAFxzDGR3hKibDGB7cJyTmz8\/elJTlwcHjurrUIyLlLSflLSfAFx3DGR7lLSfCFx3hKibhKibhKybjKybkLCblLSfbJSX49vbx7e3NNzjNMTLMJyjVIyLZf3\/ZQ0LaeHjx0tLgoqLkLCfCGB3HGx\/BGB3BFx3PICHCGB7WJCLOHyC\/Fxy\/Fx3lLCfQISHkLSe\/FxzbJiTBFx3FGx\/AGB7BFx3EGR7AGB3HHSDfKiXAFh3TISHYNzbhKibbJyTTIiL57e325+f039\/v2NjUV1fOHiHiqanfmprch4feKSXVIyPOICHmLibFGh\/mLSe\/Fx7XJCPeKSXXJSPNHyHaJyTGGh7lLCbmLCflLSjSIiLkLCbdKSXLHiC\/GB3KHh++Fh3lKyfoLiXcKCPkx8fYb2\/XaGfVXl3aU1LLHiDksbHgKibPICHbJyTfKSXbJyTCGB3KHSDiKybFGh7TIiL\/\/\/\/VIyPRISHIHB\/GGx\/HHB\/DGR7gKibdKCXLHiDZJiTMHiDNHyHYJSTOICHPICHWJCPcKCXXJSPjLCblLCf+\/f3NGR\/uLijzLynPGR\/IGB7WISHaIyLLGh7UAADxLynNAADRLzDbICLQAADIAAD3MCrUHSHXMTDpKSbLAADp5OTij4\/ejo\/VLy\/1LyngJSTcJCPQHx\/OHB7+\/PzaMS\/OLS\/vLijrLSjSAADaNTPwLyjkKSbNJCbYISHPHB\/KGB7WAAD7+vrn3d3aKynTKCjoLCfsKifRGh\/YAADq5+fhjo7QNDXXKCfmJyXt5+fTLzDLLi\/QKivYHRvMGBrQJCXLISPMExXLDxLaEAvkkI\/bOTfaFQ\/SCgpvLcnHAAAAmnRSTlMA+vv7+gT9Bvf9+8z8\/NSv\/Pr5+P7++vnQIBMP\/v38\/Pn348XDiCYf9OjbzcqxXVcx\/fz8+\/rj1r2poo1+fXFqX0orGP7+\/v7+\/fz8+\/r68uzn4trIxsG\/vri3p6GcmZSNbWVYUUZEPQv+\/f39+\/v7+\/v7+vr64tvV1NTTz87FtbSurqeblJKFg4B3bUY+NjL7+\/v7+\/v67t1cDo8JLQAABkRJREFUWMO0kz9rwkAYh0OIeJkum6YugUAhISCdKoj\/P4C7SMdS+gEKIhSKil10LSg4mzXkILdlEpxCpwTiWOLX6BujvQaEQuGeHLnL+\/64J+SIcKGYTYWnntpdLjrVdqvZmNdn0+EE40GtpuuWVS6Xx6N7YDSGpWXpeq02wHgynM7q80az1a52HpddtVcpsi1zFARBrdaxbhp9iUReTGmwA4KAAr7vx3EYejnCMI6hQYEgy0LQi4jUN0wL19vqFcUC9\/1dAKmEEFkWRYkh5oBejnxQJiSJPJ\/uKBp0Thszx9Mw8hMRIQjKsptCfuES9zr5WJY6vSFCIvE9fCMUmEM1A1kSXcYGxgVYsvI1IPKTZciSTI0us\/SMGG04gDzELDoFBwdcFJrF88dqgYMTiL6DILWYyfOWE8\/kIz38olCNlC03FK95+imxp6y4oUSvAnBjHHhKNtotSDqJzVFiK8c2SBqhZtsrTtgrLXwAyduxZHNE26eHUt5rtuM4WSmds3G+sUdWYo1L+XyxButoh5eKUHk5lByO3G1LqqCWVnfrv\/lyPtf\/4ps1cndNGIri8J1TJ0lx6dR\/oPjq1nbRwdp2dCk4CtIOLW3pVKRL6WZfS5vF2KkIQhpwSsjiYIgNCs1gEMGqiIq24NQX9NwoXFy8Ufrl3twTcg4fv8T9\/JBEySduj6Mjm4bMzYV7EEOxKjjoNDud7yY3Dy71Hq2oLmqfbNR723edH9PgMrNL2utoQ3VmaIDkiw\/4w51P06hlZsTZvkRrbVuSIs\/zwSOsycgzStQouoAkWQqioRT5XI7n2Z1wfVhoZmcAJLsoqjqpjbWCgpOAJXBwHK8PzWbNvoUZJND5wCnSkLAkZ1legx6vqQzjoiTahKlGUGLAiIIoABOHaNVw4sexZBym6\/HWlH5h3IC7yRbxtipcWxdTOkORKiNQAEkFf66x5S2oeRbroOlLgg0sSYkR0hRGEqJZ0jTPiQKatESdBckpWigxaapEH0lImHdWu9pUFF2XqMNM2Z4kped7IwEJw2qabwtrQqnpw6HyKkgcadKWsmpywwesDyIhYRpdzXddqegtGIJlXbAIUMOLkGxJUjRIkokwjUaX9d\/kK62ps\/tYUqZLIMkLTyBhsMZ3C5Z\/kDxOSCb\/DOs\/\/J0qcWSX\/2ipe56EgTCA4\/cB7NAYOsni4mZM1MUPAISoEwkDi4lhVBQ1cWQyIcwalw4EpqZN68JUSK7XC0kTlkLYii5uXSC8jT5ncCAS7mjCv0uHp\/3lueHEEAeQ\/\/VgmdN71\/2uCSA1Xr6DO6uI6sW56zqT2tp2PhgiRUAajV8CY2fkcz6WGNKMgLAt7tJAhD4YHMTeRxlALE6+43WqjSWi8ITxyJl8WrwWSNESQZZOqhDDntO3hJLsd5RtSpbJqdv3YrDJH3F7jL1R2O2aQkn2MyCyKYz0GPGIvSAMgBCrCEiJyKbBaYGwLW4uPRr0A0M4Ux5kUI7IBh+hMdiCEWNqhMZGyYMsOgNE58UQuEQeUnSWCMYwL54hkxK6IoqucQZbQ3pc3XtL0lky1dL0zZJJDpWJovFqpWj6JEHnyam2eQp5QRVAVHjWparTOaVwUOx99YS2MvgxIGV0bb+qIg2HX2qkFFJB+XZcbLiuRkuxD9GRroKyveLxdh4d7Orx+hb7qc3uVRuEogCOnyIxm4ubUoPgF4jianDrC+SDQDKEfJb0GUKmjCGPYHGJvVC6X4hw1\/sAfQAdfYyephIaspXe36RwOP+Ljvfx9B6B3i+Nk0DGq+oCbLn6JpBa9nWAveAIHwFAwtVcIJXPMPL8kRu5OAYPMaL1WScTxjiZDqB9LTJSWphow\/pTYKRTLjCBhvi9iBidvKcDasGSm0QQkycYuLBqj6QCELPctqChDWpTRMWkngNNpQ1Pfp1KkiT\/Y0DGffXAweUNfLAfaJFKDwhb6I+bkYRbkERoEeu3Fyjg2opMz2daZCS9jt6Q7txNfB+OZEVF6Zl5web2xunnLQrtrjXseXKaFYziYINeMFZVxS9VxRhOoesYwxPKXm+gWLG9cuFeq93UNNeJNsf1KlwuDok9n02n3TgIJpOxNfL9naIoQwXtfH9kjceTIIi709ncTg6LZbg+biLH1V6u\/7rxBem06VXKn9raAAAAAElFTkSuQmCC\")      no-repeat center center \/ contain;  }  @media screen and (max-width: 960px) and (orientation: portrait) {    .logo {      width: 100%;    }    .logo .pc-banner {      display: none;    }    .logo .m-banner {      display: block;      width: 100%;    }    .logo .m-banner img {      height: auto!important;    }    .ytvideo {      height: 200px;      width: 100%;    }  }<\/style><style>  .video-section {    width: 100%;    margin: 0 auto;  }  .video-section > img {    width: 100%;  }  .video-section iframe,  .video-section video {    width: 100%;    height: 100%;      }  .video-section-img-m,  .video-section-img-pc > img {    width: 100%;    height: auto;  }  .video-section-img-pc.small > img {    width: 970px;  }  .video-desc {    line-height: 1.5;    font-size: 20px;    font-weight: 400;    margin: 20px 0;    text-align: center;    color: #0f1111;    word-break: break-word;  }  @media screen and (max-width: 960px) and (orientation: portrait) {    .video-section {      width: 100%;    }    .video-section-pc,    .video-section-img-pc {      display: none;    }    .video-section-m,    .video-section-img-m {      display: block;    }    .video-desc {      font-size: 15px;    }  }  @media screen and (min-width: 960px) {    .video-section {      width: 100%;      margin: 0 auto;    }    .video-section-pc,    .video-section-img-pc {      display: block;    }    .video-section-m,    .video-section-img-m {      display: none;    }    .video-desc {      font-size: 20px;    }  }<\/style><style>  .section + .section {    margin-top: 35px;  }  .section-title {    text-align: center;    font-weight: bold;    color: #0d1111;    font-family: \"Arial\";    font-size: 32px;    margin: 15px 0;  }  .section-title:empty {    display: none;  }  .section-desc {    text-align: center;    font-weight: normal;    color: #0d1111;    margin-top: 20px;  }  .section-desc:empty {    display: none;  }  .section-img {    width: 1200px;    height: 492px;    margin: 0 auto;    display: block;  }  .section-img.small {    width: 970px;    height: auto;  }  .section-img.small > img {    height: auto;  }  .section-img > img {    width: 100%;    height: 100%;  }  .section-mobile-img {    display: none;    max-width: 100vw;    max-height: 75vw;    height: 450px;    margin: 0 auto;  }  .section-mobile-img > img {    width: 100%;    height: 100%;  }  @media screen and (max-width: 960px) and (orientation: portrait) {    .container {      width: 100%;    }    .container.small {      width: 100%;    }    .section-mobile-img {      display: block;    }    .section-img {      display: none;    }    .section-title {      font-size: 22px;      margin: 10px 0;    }    .section-desc {      margin-top: 10px;    }    .section + .section {      margin-top: 20px;    }  }<\/style><\/head><body><div class=\"container\"><div class=\"logo\"><div class=\"pc-banner\"><div><img decoding=\"async\" src=\"\/vevor\/vevor\/boutique-banner\/pc\/en-pc@1x.jpg\" style=\"width: 100%;\" \/><\/div><\/div><div class=\"m-banner\"><div><img decoding=\"async\" src=\"\/vevor\/vevor\/boutique-banner\/mobile\/en-m@1x.jpg\" style=\"width: 100%;\" \/><\/div><\/div><\/div><div class=\"section-title\">Laske beebil turvaliselt m\u00e4ngida ja tervislikult kasvada<\/div><div class=\"video-section\"><div class=\"video-section-img-pc\"><img decoding=\"async\" src=\"\/vevor\/product\/YYEWSHLBYYEWU1BNW001\/baby-playpen-a100-1.4.jpg\" \/><\/div><div class=\"video-section-img-m\"><img decoding=\"async\" src=\"\/vevor\/product\/YYEWSHLBYYEWU1BNW001\/baby-playpen-a100-1.4-m.jpg\" \/><\/div><div class=\"section-desc\">VEVOR 47,2 x 47,2 tolli (1200 x 1200 mm) beebi m\u00e4ngupliiats \u00fchendab ohutuse ja l\u00f5bu, luues teie v\u00e4ikesele ruumika ja turvalise ala. Kiire seadistamise ja kokkupandava disainiga sobib see ideaalselt sise- ja v\u00e4listingimustes kasutamiseks st beebiruumi m\u00e4ngimiseks, avastamiseks ja kasvamiseks, samal ajal kui naudite vaba aega.<\/div><\/div><div class=\"section\"><div class=\"section-title\"><\/div><div class=\"section-img\"><img decoding=\"async\" src=\"\/vevor\/product\/YYEWSHLBYYEWU1BNW001\/baby-playpen-a100-2.2.jpg\" \/><\/div><div class=\"section-mobile-img\"><img decoding=\"async\" src=\"\/vevor\/product\/YYEWSHLBYYEWU1BNW001\/baby-playpen-a100-2.2-m.jpg\" \/><\/div><div class=\"section-desc\">Laske oma v\u00e4ikesel s\u00fcdamerahu nautimise ajal ohutult m\u00e4ngida. Sellel beebi m\u00e4nguaedikul on teaduslikult kujundatud k\u00f5rgus, mis takistab beebi v\u00e4lja ronimist, t\u00fchikuteta struktuur, mis v\u00e4ldib s\u00f5rmede pigistamist, ja hingav v\u00f5rk optimaalse \u00f5huvoolu ja n\u00e4htavuse tagamiseks. Pange t\u00e4hele: M\u00e4ngumatt ei kuulu komplekti, palun valmistage see eraldi ette.<\/div><\/div><div class=\"section\"><div class=\"section-title\"><\/div><div class=\"section-img\"><img decoding=\"async\" src=\"\/vevor\/product\/YYEWSHLBYYEWU1BNW001\/baby-playpen-a100-2.3.jpg\" \/><\/div><div class=\"section-mobile-img\"><img decoding=\"async\" src=\"\/vevor\/product\/YYEWSHLBYYEWU1BNW001\/baby-playpen-a100-2.3-m.jpg\" \/><\/div><div class=\"section-desc\">Kokkupandav disain muudab ladustamise imelihtsaks ja lihtsalt variseb selle kokku, kui seda ei kasutata. See v\u00e4ikelaste m\u00e4nguaed, mis sobib teie auto pagasiruumi, sobib suurep\u00e4raselt v\u00e4lireisiks, rannas, pargis v\u00f5i perek\u00fclastusteks.<\/div><\/div><div class=\"section\"><div class=\"section-title\"><\/div><div class=\"section-img\"><img decoding=\"async\" src=\"\/vevor\/product\/YYEWSHLBYYEWU1BNW001\/baby-playpen-a100-2.4.jpg\" \/><\/div><div class=\"section-mobile-img\"><img decoding=\"async\" src=\"\/vevor\/product\/YYEWSHLBYYEWU1BNW001\/baby-playpen-a100-2.4-m.jpg\" \/><\/div><div class=\"section-desc\">Meie v\u00e4ikelaste m\u00e4nguaiale on lisatud eemaldatav, masinas pestav 210D Oxfordi kangast kate, mis muudab puhastamise lihtsaks ja probleemideta. Hoidke oma beebi m\u00e4nguala kogu aeg v\u00e4rske ja puhas.<\/div><\/div><div class=\"section\"><div class=\"section-title\"><\/div><div class=\"section-img\"><img decoding=\"async\" src=\"\/vevor\/product\/YYEWSHLBYYEWU1BNW001\/baby-playpen-a100-2.5.jpg\" \/><\/div><div class=\"section-mobile-img\"><img decoding=\"async\" src=\"\/vevor\/product\/YYEWSHLBYYEWU1BNW001\/baby-playpen-a100-2.5-m.jpg\" \/><\/div><div class=\"section-desc\">Pehme elastse puuvilla, v\u00e4limise t\u00f5mblukuga turvaukse ja tugevate iminappadega sise- ja v\u00e4listingimustes v\u00e4ikelaste m\u00e4nguaed pakub teie lapsele avastamiseks turvalist ja l\u00f5busat ruumi.<\/div><\/div><div class=\"section\"><div class=\"section-img\"><img decoding=\"async\" src=\"\/vevor\/product\/YYEWSHLBYYEWU1BNW001\/baby-playpen-a100-1.11.jpg\" \/><\/div><div class=\"section-mobile-img\"><img decoding=\"async\" src=\"\/vevor\/product\/YYEWSHLBYYEWU1BNW001\/baby-playpen-a100-1.11-m.jpg\" \/><\/div><\/div><\/div><\/body><\/html><\/div>\n<div class=\"DM_at-title\" id=\"js-DM_at-title\"> <div>Toote spetsifikatsioon<\/div> <i class=\"icon-arrowup_line\"><\/i> <\/div><div class=\"DM_at-goodsDescAttr\" id=\"js-DM_at-goodsDescAttr\"> <div class=\"DM_at-goodsDescAttrInner\"> <dl class=\"goodsDesc_item goodsDesc_item_even\"> <dt>Punkt Mudeli Number<\/dt> <dd> P2001-1<\/dd> <\/dl> <dl class=\"goodsDesc_item\"> <dt>Fabric Materjal<\/dt> <dd> 210 D Oxfordi kangas, nailonist t\u00f5mblukk<\/dd> <\/dl> <dl class=\"goodsDesc_item goodsDesc_item_even\"> <dt>Tugivarda materjal<\/dt> <dd> Raud Torud<\/dd> <\/dl> <dl class=\"goodsDesc_item\"> <dt>Kuju<\/dt> <dd> Amorfne<\/dd> <\/dl> <dl class=\"goodsDesc_item goodsDesc_item_even\"> <dt>Neto Kaal<\/dt> <dd> 19.62 lbs \/ 8.9 kg<\/dd> <\/dl> <dl class=\"goodsDesc_item\"> <dt>Sisemised M\u00f5\u00f5tmed<\/dt> <dd> 47,2 x 47,2 tolli\/1200 x 1200 mm<\/dd> <\/dl> <dl class=\"goodsDesc_item goodsDesc_item_even\"> <dt>V\u00e4lised M\u00f5\u00f5tmed<\/dt> <dd> 50 x 50 x 27,36 tolli \/1270 x 1270 x 695 mm<\/dd> <\/dl> <\/div> <\/div>","protected":false},"excerpt":{"rendered":"<ul>\n<li> Ohutu m\u00e4nguruum: VEVOR 47,2 x 47,2 tolli (1200 x 1200 mm sisem\u00f5\u00f5tmed) kompaktse suurusega beebi m\u00e4nguaedik pakub turvalist m\u00e4nguala 6-24 kuu vanustele beebidele. See pakub beebile palju ruumi roomamiseks, seismiseks, k\u00f5ndimise harjutamiseks ja m\u00e4ngimiseks, vabastades samal ajal k\u00e4ed. V\u00e4lised m\u00f5\u00f5tmed: 50 x 50 x 27,36 tolli (1270 x 1270 x 695 mm) <\/li>\n<li> Tugev ja stabiilne: see v\u00e4ikelaste m\u00e4nguhoov, mis on varustatud tugevate iminappade, paksendatud rauast torude ja vastupidavate pistikutega, p\u00fcsib kindlalt paigal ilma nihutamise v\u00f5i kallutamiseta, hoides teie v\u00e4ikest turvalisena, kui nad m\u00e4ngivad ja uurivad. Pange t\u00e4hele: M\u00e4ngumatt ei kuulu komplekti, palun valmistage see eraldi ette <\/li>\n<li> Kvaliteetne materjal: BPA-vabast 210D Oxfordi kangast valmistatud kokkupandav ja kaasaskantav beebipiire on vastupidav, rebenemiskindel ja katsudes ohutu. Hingav l\u00e4bin\u00e4gelik v\u00f5rk tagab suurep\u00e4rase \u00f5huvoolu, v\u00f5imaldades samal ajal oma v\u00e4ikesel maadeavastajal silma peal hoida <\/li>\n<li> Kaasaskantav ja lihtne kokku panna: vaid 3 lihtsa sammuga volditakse see v\u00e4ikelaste tegevuskeskus h\u00f5lpsasti kompaktseks, muutes selle h\u00f5lpsaks auto pagasiruumi hoidmiseks ja v\u00e4lireisidele kaasa v\u00f5tmiseks, olenemata sellest, kas suundute parki, rand v\u00f5i pere k\u00fclastamine <\/li>\n<li> Eelistatud kuju kohandamine: sellel beebi m\u00e4nguaedikul on modulaarne disain, mis v\u00f5imaldab teil selle ringi, ruudu v\u00f5i L-kujuliseks korraldada. \u00dcksk\u00f5ik, kas asetate selle magamistoa keskele v\u00f5i nurka, sobib see ideaalselt, luues teie lapsele turvalise ja isikup\u00e4rastatud m\u00e4nguala <\/li>\n<\/ul>","protected":false},"featured_media":424785,"comment_status":"open","ping_status":"open","template":"","meta":{"om_disable_all_campaigns":false,"_uf_show_specific_survey":0,"_uf_disable_surveys":false},"location":[1935,1934],"product_brand":[],"product_cat":[1194,1195,916],"product_tag":[],"class_list":{"0":"post-206958","1":"product","2":"type-product","3":"status-publish","4":"has-post-thumbnail","6":"location-supplier_stock_location","7":"location-local_stock_location","8":"product_cat-baby-activities-gear","9":"product_cat-baby-playpens","10":"product_cat-health-wellness","12":"first","13":"instock","14":"taxable","15":"shipping-taxable","16":"purchasable","17":"product-type-simple"},"aioseo_notices":[],"locations":[{"id":1935,"name":"Pieg\u0101d\u0101t\u0101ja noliktav\u0101 (5-7dd)","slug":"supplier_stock_location","quantity":"131"},{"id":1934,"name":"R\u012bgas veikal\u0101 (0-2d.d.)","slug":"local_stock_location","quantity":"0"}],"_links":{"self":[{"href":"https:\/\/vevorshop.lv\/et\/wp-json\/wp\/v2\/product\/206958","targetHints":{"allow":["GET"]}}],"collection":[{"href":"https:\/\/vevorshop.lv\/et\/wp-json\/wp\/v2\/product"}],"about":[{"href":"https:\/\/vevorshop.lv\/et\/wp-json\/wp\/v2\/types\/product"}],"replies":[{"embeddable":true,"href":"https:\/\/vevorshop.lv\/et\/wp-json\/wp\/v2\/comments?post=206958"}],"wp:featuredmedia":[{"embeddable":true,"href":"https:\/\/vevorshop.lv\/et\/wp-json\/wp\/v2\/media\/424785"}],"wp:attachment":[{"href":"https:\/\/vevorshop.lv\/et\/wp-json\/wp\/v2\/media?parent=206958"}],"wp:term":[{"taxonomy":"location","embeddable":true,"href":"https:\/\/vevorshop.lv\/et\/wp-json\/wp\/v2\/location?post=206958"},{"taxonomy":"product_brand","embeddable":true,"href":"https:\/\/vevorshop.lv\/et\/wp-json\/wp\/v2\/product_brand?post=206958"},{"taxonomy":"product_cat","embeddable":true,"href":"https:\/\/vevorshop.lv\/et\/wp-json\/wp\/v2\/product_cat?post=206958"},{"taxonomy":"product_tag","embeddable":true,"href":"https:\/\/vevorshop.lv\/et\/wp-json\/wp\/v2\/product_tag?post=206958"}],"curies":[{"name":"wp","href":"https:\/\/api.w.org\/{rel}","templated":true}]}}