{"id":20864,"date":"2024-11-18T06:16:36","date_gmt":"2024-11-18T06:16:36","guid":{"rendered":"http:\/\/vevorshop.edigo.lv\/Prece\/vevor-fluid-extractor-1-74-gallons-6-5-liters-manual-hand-operated-oil-changer-vacuum-fluid-extractor-with-dipstick-and-hose-oil-extractor-change-pump-for-automotive-fluids-vacuum-evacuation\/"},"modified":"2026-04-30T11:51:25","modified_gmt":"2026-04-30T08:51:25","slug":"vevor-fluid-extractor-1-74-gallons-6-5-liters-manual-hand-operated-oil-changer-vacuum-fluid-extractor-with-dipstick-and-hose-oil-extractor-change-pump-for-automotive-fluids-vacuum-evacuation","status":"publish","type":"product","link":"https:\/\/vevorshop.lv\/et\/Prece\/vevor-vedeliku-valjatombaja-1-74-gallonit-6-5-liitrit-kasitsi-juhitav-olivahetaja-vaakumvedeliku-valjatombaja-koos-mootevarda-ja-voolikuoli-valjatombepumbaga-autovedelike-vaakumevakueerimiseks\/","title":{"rendered":"VEVOR 6,5L manuaalne \u00f5li- ja vedelike v\u00e4ljat\u00f5mbepump m\u00f5\u00f5tevarraste ja voolikuga autodele, mootorratastele ja paatidele"},"content":{"rendered":"<div style=\"color: #fff!important; font-size: 16px; height: 24px; line-height: 24px; margin-top: -24px; \" class=\"product_original_name\">VEVORi vedeliku v\u00e4ljat\u00f5mbeseade, 1,74 gallonit (6,5 liitrit), k\u00e4sitsi juhitav \u00f5livaheti vaakumvedeliku v\u00e4ljat\u00f5mbeseade koos kastmispulga ja voolikuga, \u00f5li v\u00e4ljat\u00f5mbeseadme vahetuspump autovedelike vaakumavakueerimiseks<\/div>\n<div style=\"color: #fff!important; font-size: 16px; height: 24px; line-height: 24px; margin-top: -24px; \" class=\"product_sku\">M4I4KNT1<\/div>\n<div style=\"color: #fff!important; font-size: 16px; height: 24px; line-height: 24px; margin-top: -24px; \" class=\"product_mpn\">SDCYQ7LSD6128GIHSV0<\/div><div id=\"js-DM_at-goodDescRich\"><html><head><style>  body {    font-family: Arial;    line-height: 1.5;    color: #1c1c1c;    overflow-x: hidden;    margin: 0;    padding: 0;  }  .MsoNormal b {    font-weight: bolder;  }<\/style><style>  .container.small {    width: 970px;    margin: 0 auto;  }  .logo {    margin: 0 auto 0;  }  .logo img {    display: block;    margin: 0 auto;    max-width: 100%;  }  .logo .pc-banner {    display: block;    width: 1200px;    height: 247.4px;    margin: 0 auto;  }  .logo .pc-banner.small {    width: 970px;  }  .logo .pc-banner.small img {    height: auto!important;  }  .logo .m-banner {    display: none;  }  .ytvideo {    position: relative;    height: 546px;    width: 100%;    margin: 0 auto;  }  .ytvideo img {    width: 100%;    margin: 0 auto;  }  .ytvideo .play-btn {    width: 60px;    height: 42px;    position: absolute;    top: 50%;    left: 50%;    transform: translate(-50%, -50%);    background: url(\"data:image\/png;base64,iVBORw0KGgoAAAANSUhEUgAAAGQAAABGCAMAAAANWMFbAAAC+lBMVEUAAADBGB3kLCfBGB3kLCfcJC7BFx3KKSbiKybkLCbWJCPSIiLSIiLPICHAFx3kLCfgKSXNHiDZJiTIGx\/p4eHcjo7LHSDbJyTkLCbjKyfOHyHPIiL28fHJHB\/GGh7EGR7eKCXDGB3RISHlLSbBGB3AFxzGHB7DGB7BGB3hKybkKybAFx3lLCfAFxzDGR3hKibDGB7cJyTmz8\/elJTlwcHjurrUIyLlLSflLSfAFx3DGR7lLSfCFx3hKibhKibhKybjKybkLCblLSfbJSX49vbx7e3NNzjNMTLMJyjVIyLZf3\/ZQ0LaeHjx0tLgoqLkLCfCGB3HGx\/BGB3BFx3PICHCGB7WJCLOHyC\/Fxy\/Fx3lLCfQISHkLSe\/FxzbJiTBFx3FGx\/AGB7BFx3EGR7AGB3HHSDfKiXAFh3TISHYNzbhKibbJyTTIiL57e325+f039\/v2NjUV1fOHiHiqanfmprch4feKSXVIyPOICHmLibFGh\/mLSe\/Fx7XJCPeKSXXJSPNHyHaJyTGGh7lLCbmLCflLSjSIiLkLCbdKSXLHiC\/GB3KHh++Fh3lKyfoLiXcKCPkx8fYb2\/XaGfVXl3aU1LLHiDksbHgKibPICHbJyTfKSXbJyTCGB3KHSDiKybFGh7TIiL\/\/\/\/VIyPRISHIHB\/GGx\/HHB\/DGR7gKibdKCXLHiDZJiTMHiDNHyHYJSTOICHPICHWJCPcKCXXJSPjLCblLCf+\/f3NGR\/uLijzLynPGR\/IGB7WISHaIyLLGh7UAADxLynNAADRLzDbICLQAADIAAD3MCrUHSHXMTDpKSbLAADp5OTij4\/ejo\/VLy\/1LyngJSTcJCPQHx\/OHB7+\/PzaMS\/OLS\/vLijrLSjSAADaNTPwLyjkKSbNJCbYISHPHB\/KGB7WAAD7+vrn3d3aKynTKCjoLCfsKifRGh\/YAADq5+fhjo7QNDXXKCfmJyXt5+fTLzDLLi\/QKivYHRvMGBrQJCXLISPMExXLDxLaEAvkkI\/bOTfaFQ\/SCgpvLcnHAAAAmnRSTlMA+vv7+gT9Bvf9+8z8\/NSv\/Pr5+P7++vnQIBMP\/v38\/Pn348XDiCYf9OjbzcqxXVcx\/fz8+\/rj1r2poo1+fXFqX0orGP7+\/v7+\/fz8+\/r68uzn4trIxsG\/vri3p6GcmZSNbWVYUUZEPQv+\/f39+\/v7+\/v7+vr64tvV1NTTz87FtbSurqeblJKFg4B3bUY+NjL7+\/v7+\/v67t1cDo8JLQAABkRJREFUWMO0kz9rwkAYh0OIeJkum6YugUAhISCdKoj\/P4C7SMdS+gEKIhSKil10LSg4mzXkILdlEpxCpwTiWOLX6BujvQaEQuGeHLnL+\/64J+SIcKGYTYWnntpdLjrVdqvZmNdn0+EE40GtpuuWVS6Xx6N7YDSGpWXpeq02wHgynM7q80az1a52HpddtVcpsi1zFARBrdaxbhp9iUReTGmwA4KAAr7vx3EYejnCMI6hQYEgy0LQi4jUN0wL19vqFcUC9\/1dAKmEEFkWRYkh5oBejnxQJiSJPJ\/uKBp0Thszx9Mw8hMRIQjKsptCfuES9zr5WJY6vSFCIvE9fCMUmEM1A1kSXcYGxgVYsvI1IPKTZciSTI0us\/SMGG04gDzELDoFBwdcFJrF88dqgYMTiL6DILWYyfOWE8\/kIz38olCNlC03FK95+imxp6y4oUSvAnBjHHhKNtotSDqJzVFiK8c2SBqhZtsrTtgrLXwAyduxZHNE26eHUt5rtuM4WSmds3G+sUdWYo1L+XyxButoh5eKUHk5lByO3G1LqqCWVnfrv\/lyPtf\/4ps1cndNGIri8J1TJ0lx6dR\/oPjq1nbRwdp2dCk4CtIOLW3pVKRL6WZfS5vF2KkIQhpwSsjiYIgNCs1gEMGqiIq24NQX9NwoXFy8Ufrl3twTcg4fv8T9\/JBEySduj6Mjm4bMzYV7EEOxKjjoNDud7yY3Dy71Hq2oLmqfbNR723edH9PgMrNL2utoQ3VmaIDkiw\/4w51P06hlZsTZvkRrbVuSIs\/zwSOsycgzStQouoAkWQqioRT5XI7n2Z1wfVhoZmcAJLsoqjqpjbWCgpOAJXBwHK8PzWbNvoUZJND5wCnSkLAkZ1legx6vqQzjoiTahKlGUGLAiIIoABOHaNVw4sexZBym6\/HWlH5h3IC7yRbxtipcWxdTOkORKiNQAEkFf66x5S2oeRbroOlLgg0sSYkR0hRGEqJZ0jTPiQKatESdBckpWigxaapEH0lImHdWu9pUFF2XqMNM2Z4kped7IwEJw2qabwtrQqnpw6HyKkgcadKWsmpywwesDyIhYRpdzXddqegtGIJlXbAIUMOLkGxJUjRIkokwjUaX9d\/kK62ps\/tYUqZLIMkLTyBhsMZ3C5Z\/kDxOSCb\/DOs\/\/J0qcWSX\/2ipe56EgTCA4\/cB7NAYOsni4mZM1MUPAISoEwkDi4lhVBQ1cWQyIcwalw4EpqZN68JUSK7XC0kTlkLYii5uXSC8jT5ncCAS7mjCv0uHp\/3lueHEEAeQ\/\/VgmdN71\/2uCSA1Xr6DO6uI6sW56zqT2tp2PhgiRUAajV8CY2fkcz6WGNKMgLAt7tJAhD4YHMTeRxlALE6+43WqjSWi8ITxyJl8WrwWSNESQZZOqhDDntO3hJLsd5RtSpbJqdv3YrDJH3F7jL1R2O2aQkn2MyCyKYz0GPGIvSAMgBCrCEiJyKbBaYGwLW4uPRr0A0M4Ux5kUI7IBh+hMdiCEWNqhMZGyYMsOgNE58UQuEQeUnSWCMYwL54hkxK6IoqucQZbQ3pc3XtL0lky1dL0zZJJDpWJovFqpWj6JEHnyam2eQp5QRVAVHjWparTOaVwUOx99YS2MvgxIGV0bb+qIg2HX2qkFFJB+XZcbLiuRkuxD9GRroKyveLxdh4d7Orx+hb7qc3uVRuEogCOnyIxm4ubUoPgF4jianDrC+SDQDKEfJb0GUKmjCGPYHGJvVC6X4hw1\/sAfQAdfYyephIaspXe36RwOP+Ljvfx9B6B3i+Nk0DGq+oCbLn6JpBa9nWAveAIHwFAwtVcIJXPMPL8kRu5OAYPMaL1WScTxjiZDqB9LTJSWphow\/pTYKRTLjCBhvi9iBidvKcDasGSm0QQkycYuLBqj6QCELPctqChDWpTRMWkngNNpQ1Pfp1KkiT\/Y0DGffXAweUNfLAfaJFKDwhb6I+bkYRbkERoEeu3Fyjg2opMz2daZCS9jt6Q7txNfB+OZEVF6Zl5web2xunnLQrtrjXseXKaFYziYINeMFZVxS9VxRhOoesYwxPKXm+gWLG9cuFeq93UNNeJNsf1KlwuDok9n02n3TgIJpOxNfL9naIoQwXtfH9kjceTIIi709ncTg6LZbg+biLH1V6u\/7rxBem06VXKn9raAAAAAElFTkSuQmCC\")      no-repeat center center \/ contain;  }  @media screen and (max-width: 960px) and (orientation: portrait) {    .logo {      width: 100%;    }    .logo .pc-banner {      display: none;    }    .logo .m-banner {      display: block;      width: 100%;    }    .logo .m-banner img {      height: auto!important;    }    .ytvideo {      height: 200px;      width: 100%;    }  }<\/style><style>  .video-section {    width: 100%;    margin: 0 auto;  }  .video-section > img {    width: 100%;  }  .video-section iframe,  .video-section video {    width: 100%;    height: 100%;      }  .video-section-img-m,  .video-section-img-pc > img {    width: 100%;    height: auto;  }  .video-section-img-pc.small > img {    width: 970px;  }  .video-desc {    line-height: 1.5;    font-size: 20px;    font-weight: 400;    margin: 20px 0;    text-align: center;    color: #0f1111;    word-break: break-word;  }  @media screen and (max-width: 960px) and (orientation: portrait) {    .video-section {      width: 100%;    }    .video-section-pc,    .video-section-img-pc {      display: none;    }    .video-section-m,    .video-section-img-m {      display: block;    }    .video-desc {      font-size: 15px;    }  }  @media screen and (min-width: 960px) {    .video-section {      width: 100%;      margin: 0 auto;    }    .video-section-pc,    .video-section-img-pc {      display: block;    }    .video-section-m,    .video-section-img-m {      display: none;    }    .video-desc {      font-size: 20px;    }  }<\/style><style>  .section + .section {    margin-top: 35px;  }  .section-title {    text-align: center;    font-weight: bold;    color: #0d1111;    font-family: \"Arial\";    font-size: 32px;    margin: 15px 0;  }  .section-title:empty {    display: none;  }  .section-desc {    text-align: center;    font-weight: normal;    color: #0d1111;    margin-top: 20px;  }  .section-desc:empty {    display: none;  }  .section-img {    width: 1200px;    height: 492px;    margin: 0 auto;    display: block;  }  .section-img.small {    width: 970px;    height: auto;  }  .section-img.small > img {    height: auto;  }  .section-img > img {    width: 100%;    height: 100%;  }  .section-mobile-img {    display: none;    max-width: 100vw;    max-height: 75vw;    height: 450px;    margin: 0 auto;  }  .section-mobile-img > img {    width: 100%;    height: 100%;  }  @media screen and (max-width: 960px) and (orientation: portrait) {    .container {      width: 100%;    }    .container.small {      width: 100%;    }    .section-mobile-img {      display: block;    }    .section-img {      display: none;    }    .section-title {      font-size: 22px;      margin: 10px 0;    }    .section-desc {      margin-top: 10px;    }    .section + .section {      margin-top: 20px;    }  }<\/style><\/head><body><div class=\"container\"><div class=\"logo\"><div class=\"pc-banner\"><div><img decoding=\"async\" src=\"\/vevor\/vevor\/boutique-banner\/pc\/en-pc@1x.jpg\" style=\"width: 100%;\" \/><\/div><\/div><div class=\"m-banner\"><div><img decoding=\"async\" src=\"\/vevor\/vevor\/boutique-banner\/mobile\/en-m@1x.jpg\" style=\"width: 100%;\" \/><\/div><\/div><\/div><div class=\"section-title\">1.74 Gal\/6.5 L Vedelikku Extractor V\u00e4simatu Vedeliku Ammutamine<\/div><div class=\"video-section\"><div class=\"video-section-img-pc\"><img decoding=\"async\" src=\"\/vevor\/product\/SDCYQ7LSD6128GIHS\/oil-extractor-a100-1.4.jpg\" alt=\"VEVOR vedeliku extractor 1.74 gallon v\u00f5imsus, hand pump, lihtne kasutada, mugav ja kiire kasutamine.\" \/><\/div><div class=\"video-section-img-m\"><img decoding=\"async\" src=\"\/vevor\/product\/SDCYQ7LSD6128GIHS\/oil-extractor-a100-1.4-m.jpg\" alt=\"VEVOR vedeliku extractor 1.74 gallon v\u00f5imsus, hand pump, lihtne kasutada, mugav ja kiire kasutamine.\" \/><\/div><div class=\"section-desc\">See vedelik extractor tegutseb k\u00e4sitsi re\u017eiim, mis n\u00f5uavad t\u00e4iendavaid seadmeid, ideaalne kasutamiseks koos mobiili v\u00f5i olukordades, kus liikumine ja korrigeerimine on vajalik.<\/div><\/div><div class=\"section\"><div class=\"section-title\"><\/div><div class=\"section-img\"><img decoding=\"async\" src=\"\/vevor\/product\/SDCYQ7LSD6128GIHS\/oil-extractor-a100-2.2.jpg\" alt=\"VEVOR vedeliku extractor komponendid h\u00f5lmavad peamisi toru, vaakum voolik, \u00f5lim\u00f5\u00f5tevarras, ning r\u00f5ngastihendite. suure tihedusega materjalist.\" \/><\/div><div class=\"section-mobile-img\"><img decoding=\"async\" src=\"\/vevor\/product\/SDCYQ7LSD6128GIHS\/oil-extractor-a100-2.2-m.jpg\" alt=\"VEVOR vedeliku extractor komponendid h\u00f5lmavad peamisi toru, vaakum voolik, \u00f5lim\u00f5\u00f5tevarras, ning r\u00f5ngastihendite. suure tihedusega materjalist.\" \/><\/div><div class=\"section-desc\">Meie \u00fcldist \u00f5li extractor komplekt sisaldab peamiste toru, \u00f5lim\u00f5\u00f5tevarras, kaks laiendamine torud, vedelik vaakum voolik, ja kaks r\u00f5ngastihendite \u2013 iga t\u00e4ppis komponent on tagada sujuv vedeliku k\u00f5rvaldamise meetmeid.<\/div><\/div><div class=\"section\"><div class=\"section-title\"><\/div><div class=\"section-img\"><img decoding=\"async\" src=\"\/vevor\/product\/SDCYQ7LSD6128GIHS\/oil-extractor-a100-2.3.jpg\" alt=\"VEVOR vedeliku extractor auto t\u00f6\u00f6koda erinevate laiendamine raud-ja mehaanika kallal s\u00f5iduki.\" \/><\/div><div class=\"section-mobile-img\"><img decoding=\"async\" src=\"\/vevor\/product\/SDCYQ7LSD6128GIHS\/oil-extractor-a100-2.3-m.jpg\" alt=\"VEVOR vedeliku extractor auto t\u00f6\u00f6koda erinevate laiendamine raud-ja mehaanika kallal s\u00f5iduki.\" \/><\/div><div class=\"section-desc\">Varustatud nelja laiendamine torud eri kirjeldused, meie \u00f5li extractor pumba saab heitvee otse m\u00e4\u00e4ratud kohad. Ta kohaneb paindlikult muutustele k\u00f5rvaldamiseks vajab.<\/div><\/div><div class=\"section\"><div class=\"section-title\"><\/div><div class=\"section-img\"><img decoding=\"async\" src=\"\/vevor\/product\/SDCYQ7LSD6128GIHS\/oil-extractor-a100-2.4.jpg\" alt=\"lihtne paigaldus ja kasutamine VEVOR vedeliku extractor, tutvustada samme \u00fchendamisel ringlussev\u00f5tu vedelikku.\" \/><\/div><div class=\"section-mobile-img\"><img decoding=\"async\" src=\"\/vevor\/product\/SDCYQ7LSD6128GIHS\/oil-extractor-a100-2.4-m.jpg\" alt=\"lihtne paigaldus ja kasutamine VEVOR vedeliku extractor, tutvustada samme \u00fchendamisel ringlussev\u00f5tu vedelikku.\" \/><\/div><div class=\"section-desc\">See \u00f5livahetuspump on imelihtne seadistada lihtsalt konks avama, toru sisestama ja olete valmis mootori\u00f5li vahetama ilma s\u00f5iduki all oleva segaduseta.<\/div><\/div><div class=\"section\"><div class=\"section-title\"><\/div><div class=\"section-img\"><img decoding=\"async\" src=\"\/vevor\/product\/SDCYQ7LSD6128GIHS\/oil-extractor-a100-2.5.jpg\" alt=\"VEVOR vedeliku extractor mitme s\u00f5iduki t\u00fc\u00fcpide, sealhulgas autod, mootorrattad, muruniidukid ja aiatraktorid.\" \/><\/div><div class=\"section-mobile-img\"><img decoding=\"async\" src=\"\/vevor\/product\/SDCYQ7LSD6128GIHS\/oil-extractor-a100-2.5-m.jpg\" alt=\"VEVOR vedeliku extractor mitme s\u00f5iduki t\u00fc\u00fcpide, sealhulgas autod, mootorrattad, muruniidukid ja aiatraktorid.\" \/><\/div><div class=\"section-desc\">Meie \u00f5li pump extractor on v\u00f5imalik eraldada k\u00f5ige t\u00fc\u00fcpi vedelike, sealhulgas mootori \u00f5li, k\u00e4igukasti \u00f5li, rooliv\u00f5imendi vedeliku, ja pidurivedelik. See on ideaalne, autod, mootorrattad, muruniidukid, traktorid ja muud.<\/div><\/div><div class=\"section\"><div class=\"section-img\"><img decoding=\"async\" src=\"\/vevor\/product\/SDCYQ7LSD6128GIHS\/oil-extractor-a100-1.11.jpg\" alt=\"VEVOR vedeliku extractor ys-088 valge ja must disain, mis n\u00e4itab osad ja m\u00f5\u00f5tmed.\" \/><\/div><div class=\"section-mobile-img\"><img decoding=\"async\" src=\"\/vevor\/product\/SDCYQ7LSD6128GIHS\/oil-extractor-a100-1.11-m.jpg\" alt=\"VEVOR vedeliku extractor ys-088 valge ja must disain, mis n\u00e4itab osad ja m\u00f5\u00f5tmed.\" \/><\/div><\/div><\/div><\/body><\/html><\/div>\n<div class=\"DM_at-title\" id=\"js-DM_at-title\"> <div>Toote spetsifikatsioon<\/div> <i class=\"icon-arrowup_line\"><\/i> <\/div><div class=\"DM_at-goodsDescAttr\" id=\"js-DM_at-goodsDescAttr\"> <div class=\"DM_at-goodsDescAttrInner\"> <dl class=\"goodsDesc_item goodsDesc_item_even\"> <dt>Punkt Mudeli Number<\/dt> <dd> YS-087<\/dd> <\/dl> <dl class=\"goodsDesc_item\"> <dt>Pedaali Konksu Suurus<\/dt> <dd> \u00d80.16&#034; x 3.35&#034; \/ 4 x 85 mm<\/dd> <\/dl> <dl class=\"goodsDesc_item goodsDesc_item_even\"> <dt>Joonista Varda Suurus<\/dt> <dd> 6.30&#034; x 0.93&#034; \/ 160 x 23.5 mm<\/dd> <\/dl> <dl class=\"goodsDesc_item\"> <dt>Piston Rod L\u00e4bim\u00f5\u00f5t<\/dt> <dd> \u00d80.55&#034; \/ 14 mm<\/dd> <\/dl> <dl class=\"goodsDesc_item goodsDesc_item_even\"> <dt>Surveava L\u00e4bim\u00f5\u00f5t<\/dt> <dd> \u00d81.26&#034; \/ 32 mm<\/dd> <\/dl> <dl class=\"goodsDesc_item\"> <dt>V\u00e4rv<\/dt> <dd> Valge + Must<\/dd> <\/dl> <dl class=\"goodsDesc_item goodsDesc_item_even\"> <dt>Materjal<\/dt> <dd> PP<\/dd> <\/dl> <dl class=\"goodsDesc_item\"> <dt>Toote Kaal<\/dt> <dd> 15.07 lbs \/ 2.3 kg<\/dd> <\/dl> <dl class=\"goodsDesc_item goodsDesc_item_even\"> <dt>Toote Suurus<\/dt> <dd> \u00d87.87&#034; x 19.69&#034; \/ 200 x 550 mm<\/dd> <\/dl> <\/div> <\/div>","protected":false},"excerpt":{"rendered":"<ul>\n<li> K\u00e4sitsi: See vedelik extractor funktsioone k\u00e4sitsi re\u017eiim, mis saab t\u00f6\u00f6d teha ilma t\u00e4iendavate seadmete, mist\u00f5ttu on lihtne ja mugav. V\u00f5rreldes pneumaatilised re\u017eiim, k\u00e4sitsi re\u017eiim on lihtsam hooldada ja k\u00e4itada, tagades t\u00f5husa toimimise. <\/li>\n<li> K\u00f5ik-\u00dches Komplekt: Pop pakett ja leida varakamber tools \u2013 a 1.74 Gal\/6.5 L paak, peamine toru, \u00f5lim\u00f5\u00f5tevarras, kaks laiendamine torud, vedelik vaakum voolik, kaks r\u00f5ngastihendite ja kasutusjuhend, mis v\u00f5imaldab teil l\u00e4heb. See \u00f5li extractor pump k\u00e4epidemed igasuguseid vedelikuga ekstraheerimist. <\/li>\n<li> P\u00f5hjalik Vedeliku Ekstraheerimise: neli suurused imeda-see-k\u00f5ik-up \u00f5li extractor torud, sa oled j\u00f5uda s\u00fcgavaima, j\u00e4ttes tankid kuiv. Peamine Tube: 9.8&#034; x 39.37&#034; \/ 249 x 1000 mm; Extension Tube 1: 0.28&#034; x 47.24&#034; \/ 7 x 1200 mm; vaher\u00f5ngast 2: 0.24&#034; x 47.24&#034; \/ 6 x 1200 mm; Vaakum Voolik: 0.31&#034; x 58.27&#034; \/ 8 x 1480 mm. <\/li>\n<li> Mugav Kasutamine: Arvan, et v\u00e4hem, ei rohkem meie nelja-samm vedelikku vahetada. Haara toru, kraavi \u00f5lim\u00f5\u00f5tevarras, pump seda v\u00e4lja, ja vala see maha. Meie \u00f5livahetus pump on puhas, roheline, mootori muutuvas unistus, mis hoiab sinu k\u00e4ed on puhtad ja teie mootori huvitatud. <\/li>\n<li> Vedeliku Vabadus: Mootori \u00f5li, k\u00e4igukasti \u00f5li, rooliv\u00f5imendi \u00f5li v\u00f5i pidurivedelik \u2013 meie \u00f5lipump extractor on ideaalne kaevandavad erinevaid vedelike. \u00dcksk\u00f5ik, kus sa oled, \u00fcksk\u00f5ik mida sa s\u00f5ita, auto, mootorratas v\u00f5i jaht muruniiduk v\u00f5i traktor, me go-vidin kiire vedeliku klapp. <\/li>\n<\/ul>","protected":false},"featured_media":274929,"comment_status":"closed","ping_status":"open","template":"","meta":{"om_disable_all_campaigns":false,"_uf_show_specific_survey":0,"_uf_disable_surveys":false},"location":[1935,1934],"product_brand":[21],"product_cat":[133,2555,2556,2462],"product_tag":[],"class_list":{"0":"post-20864","1":"product","2":"type-product","3":"status-publish","4":"has-post-thumbnail","6":"location-supplier_stock_location","7":"location-local_stock_location","8":"product_brand-vevor","9":"product_cat-automotive","10":"product_cat-fluid-transfer-equipment","11":"product_cat-oil-extractor","12":"product_cat-shop-equipment","14":"first","15":"instock","16":"taxable","17":"shipping-taxable","18":"purchasable","19":"product-type-simple"},"aioseo_notices":[],"locations":[{"id":1935,"name":"Pieg\u0101d\u0101t\u0101ja noliktav\u0101 (5-7dd)","slug":"supplier_stock_location","quantity":"15"},{"id":1934,"name":"R\u012bgas veikal\u0101 (0-2d.d.)","slug":"local_stock_location","quantity":"0"}],"_links":{"self":[{"href":"https:\/\/vevorshop.lv\/et\/wp-json\/wp\/v2\/product\/20864","targetHints":{"allow":["GET"]}}],"collection":[{"href":"https:\/\/vevorshop.lv\/et\/wp-json\/wp\/v2\/product"}],"about":[{"href":"https:\/\/vevorshop.lv\/et\/wp-json\/wp\/v2\/types\/product"}],"replies":[{"embeddable":true,"href":"https:\/\/vevorshop.lv\/et\/wp-json\/wp\/v2\/comments?post=20864"}],"wp:featuredmedia":[{"embeddable":true,"href":"https:\/\/vevorshop.lv\/et\/wp-json\/wp\/v2\/media\/274929"}],"wp:attachment":[{"href":"https:\/\/vevorshop.lv\/et\/wp-json\/wp\/v2\/media?parent=20864"}],"wp:term":[{"taxonomy":"location","embeddable":true,"href":"https:\/\/vevorshop.lv\/et\/wp-json\/wp\/v2\/location?post=20864"},{"taxonomy":"product_brand","embeddable":true,"href":"https:\/\/vevorshop.lv\/et\/wp-json\/wp\/v2\/product_brand?post=20864"},{"taxonomy":"product_cat","embeddable":true,"href":"https:\/\/vevorshop.lv\/et\/wp-json\/wp\/v2\/product_cat?post=20864"},{"taxonomy":"product_tag","embeddable":true,"href":"https:\/\/vevorshop.lv\/et\/wp-json\/wp\/v2\/product_tag?post=20864"}],"curies":[{"name":"wp","href":"https:\/\/api.w.org\/{rel}","templated":true}]}}