{"id":21342,"date":"2024-11-18T06:39:11","date_gmt":"2024-11-18T06:39:11","guid":{"rendered":"http:\/\/vevorshop.edigo.lv\/Prece\/vevor-stainless-steel-insulated-beverage-dispenser-1-5-gallon-6-liter-thermal-hot-and-cold-drink-server-dispenser-with-spigot-handle-food-grade-for-hot-tea-coffee-water-restaurant-drink-shop\/"},"modified":"2026-05-08T19:44:54","modified_gmt":"2026-05-08T16:44:54","slug":"vevor-stainless-steel-insulated-beverage-dispenser-1-5-gallon-6-liter-thermal-hot-and-cold-drink-server-dispenser-with-spigot-handle-food-grade-for-hot-tea-coffee-water-restaurant-drink-shop","status":"publish","type":"product","link":"https:\/\/vevorshop.lv\/et\/Prece\/vevor-roostevabast-terasest-isoleeritud-joogidosaator-1-5-gallonit-6-liitrine-termiline-kuuma-ja-kulma-joogi-serveri-dosaator-koos-spigot-kaepidemega-toidukvaliteediga-kuuma-tee-kohvivee-restorani-joo\/","title":{"rendered":"VEVOR 6L Roostevabast Terasest Termokraaniga Joogidosaator \u2013 Kuumade ja K\u00fclmade Jookide Serveering Tee, Kohv, Mahl, Vesi"},"content":{"rendered":"<div style=\"color: #fff!important; font-size: 16px; height: 24px; line-height: 24px; margin-top: -24px; \" class=\"product_original_name\">VEVOR roostevabast terasest isoleeritud jookide jaotur, 1,5 galloni 6-liitrine, termilise kuuma ja k\u00fclma joogi serveri dosaator koos spigoti k\u00e4epidemega, toidukvaliteediga kuuma tee kohvivee restorani joogipood<\/div>\n<div style=\"color: #fff!important; font-size: 16px; height: 24px; line-height: 24px; margin-top: -24px; \" class=\"product_sku\">M4I4KOF7<\/div>\n<div style=\"color: #fff!important; font-size: 16px; height: 24px; line-height: 24px; margin-top: -24px; \" class=\"product_mpn\">YLHLQQYX8L00TYE16V0<\/div><div id=\"js-DM_at-goodDescRich\"><html><head><style>  body {    font-family: Arial;    line-height: 1.5;    color: #1c1c1c;    overflow-x: hidden;    margin: 0;    padding: 0;  }  .MsoNormal b {    font-weight: bolder;  }<\/style><style>  .container.small {    width: 970px;    margin: 0 auto;  }  .logo {    margin: 0 auto 0;  }  .logo img {    display: block;    margin: 0 auto;    max-width: 100%;  }  .logo .pc-banner {    display: block;    width: 1200px;    height: 247.4px;    margin: 0 auto;  }  .logo .pc-banner.small {    width: 970px;  }  .logo .pc-banner.small img {    height: auto!important;  }  .logo .m-banner {    display: none;  }  .ytvideo {    position: relative;    height: 546px;    width: 100%;    margin: 0 auto;  }  .ytvideo img {    width: 100%;    margin: 0 auto;  }  .ytvideo .play-btn {    width: 60px;    height: 42px;    position: absolute;    top: 50%;    left: 50%;    transform: translate(-50%, -50%);    background: url(\"data:image\/png;base64,iVBORw0KGgoAAAANSUhEUgAAAGQAAABGCAMAAAANWMFbAAAC+lBMVEUAAADBGB3kLCfBGB3kLCfcJC7BFx3KKSbiKybkLCbWJCPSIiLSIiLPICHAFx3kLCfgKSXNHiDZJiTIGx\/p4eHcjo7LHSDbJyTkLCbjKyfOHyHPIiL28fHJHB\/GGh7EGR7eKCXDGB3RISHlLSbBGB3AFxzGHB7DGB7BGB3hKybkKybAFx3lLCfAFxzDGR3hKibDGB7cJyTmz8\/elJTlwcHjurrUIyLlLSflLSfAFx3DGR7lLSfCFx3hKibhKibhKybjKybkLCblLSfbJSX49vbx7e3NNzjNMTLMJyjVIyLZf3\/ZQ0LaeHjx0tLgoqLkLCfCGB3HGx\/BGB3BFx3PICHCGB7WJCLOHyC\/Fxy\/Fx3lLCfQISHkLSe\/FxzbJiTBFx3FGx\/AGB7BFx3EGR7AGB3HHSDfKiXAFh3TISHYNzbhKibbJyTTIiL57e325+f039\/v2NjUV1fOHiHiqanfmprch4feKSXVIyPOICHmLibFGh\/mLSe\/Fx7XJCPeKSXXJSPNHyHaJyTGGh7lLCbmLCflLSjSIiLkLCbdKSXLHiC\/GB3KHh++Fh3lKyfoLiXcKCPkx8fYb2\/XaGfVXl3aU1LLHiDksbHgKibPICHbJyTfKSXbJyTCGB3KHSDiKybFGh7TIiL\/\/\/\/VIyPRISHIHB\/GGx\/HHB\/DGR7gKibdKCXLHiDZJiTMHiDNHyHYJSTOICHPICHWJCPcKCXXJSPjLCblLCf+\/f3NGR\/uLijzLynPGR\/IGB7WISHaIyLLGh7UAADxLynNAADRLzDbICLQAADIAAD3MCrUHSHXMTDpKSbLAADp5OTij4\/ejo\/VLy\/1LyngJSTcJCPQHx\/OHB7+\/PzaMS\/OLS\/vLijrLSjSAADaNTPwLyjkKSbNJCbYISHPHB\/KGB7WAAD7+vrn3d3aKynTKCjoLCfsKifRGh\/YAADq5+fhjo7QNDXXKCfmJyXt5+fTLzDLLi\/QKivYHRvMGBrQJCXLISPMExXLDxLaEAvkkI\/bOTfaFQ\/SCgpvLcnHAAAAmnRSTlMA+vv7+gT9Bvf9+8z8\/NSv\/Pr5+P7++vnQIBMP\/v38\/Pn348XDiCYf9OjbzcqxXVcx\/fz8+\/rj1r2poo1+fXFqX0orGP7+\/v7+\/fz8+\/r68uzn4trIxsG\/vri3p6GcmZSNbWVYUUZEPQv+\/f39+\/v7+\/v7+vr64tvV1NTTz87FtbSurqeblJKFg4B3bUY+NjL7+\/v7+\/v67t1cDo8JLQAABkRJREFUWMO0kz9rwkAYh0OIeJkum6YugUAhISCdKoj\/P4C7SMdS+gEKIhSKil10LSg4mzXkILdlEpxCpwTiWOLX6BujvQaEQuGeHLnL+\/64J+SIcKGYTYWnntpdLjrVdqvZmNdn0+EE40GtpuuWVS6Xx6N7YDSGpWXpeq02wHgynM7q80az1a52HpddtVcpsi1zFARBrdaxbhp9iUReTGmwA4KAAr7vx3EYejnCMI6hQYEgy0LQi4jUN0wL19vqFcUC9\/1dAKmEEFkWRYkh5oBejnxQJiSJPJ\/uKBp0Thszx9Mw8hMRIQjKsptCfuES9zr5WJY6vSFCIvE9fCMUmEM1A1kSXcYGxgVYsvI1IPKTZciSTI0us\/SMGG04gDzELDoFBwdcFJrF88dqgYMTiL6DILWYyfOWE8\/kIz38olCNlC03FK95+imxp6y4oUSvAnBjHHhKNtotSDqJzVFiK8c2SBqhZtsrTtgrLXwAyduxZHNE26eHUt5rtuM4WSmds3G+sUdWYo1L+XyxButoh5eKUHk5lByO3G1LqqCWVnfrv\/lyPtf\/4ps1cndNGIri8J1TJ0lx6dR\/oPjq1nbRwdp2dCk4CtIOLW3pVKRL6WZfS5vF2KkIQhpwSsjiYIgNCs1gEMGqiIq24NQX9NwoXFy8Ufrl3twTcg4fv8T9\/JBEySduj6Mjm4bMzYV7EEOxKjjoNDud7yY3Dy71Hq2oLmqfbNR723edH9PgMrNL2utoQ3VmaIDkiw\/4w51P06hlZsTZvkRrbVuSIs\/zwSOsycgzStQouoAkWQqioRT5XI7n2Z1wfVhoZmcAJLsoqjqpjbWCgpOAJXBwHK8PzWbNvoUZJND5wCnSkLAkZ1legx6vqQzjoiTahKlGUGLAiIIoABOHaNVw4sexZBym6\/HWlH5h3IC7yRbxtipcWxdTOkORKiNQAEkFf66x5S2oeRbroOlLgg0sSYkR0hRGEqJZ0jTPiQKatESdBckpWigxaapEH0lImHdWu9pUFF2XqMNM2Z4kped7IwEJw2qabwtrQqnpw6HyKkgcadKWsmpywwesDyIhYRpdzXddqegtGIJlXbAIUMOLkGxJUjRIkokwjUaX9d\/kK62ps\/tYUqZLIMkLTyBhsMZ3C5Z\/kDxOSCb\/DOs\/\/J0qcWSX\/2ipe56EgTCA4\/cB7NAYOsni4mZM1MUPAISoEwkDi4lhVBQ1cWQyIcwalw4EpqZN68JUSK7XC0kTlkLYii5uXSC8jT5ncCAS7mjCv0uHp\/3lueHEEAeQ\/\/VgmdN71\/2uCSA1Xr6DO6uI6sW56zqT2tp2PhgiRUAajV8CY2fkcz6WGNKMgLAt7tJAhD4YHMTeRxlALE6+43WqjSWi8ITxyJl8WrwWSNESQZZOqhDDntO3hJLsd5RtSpbJqdv3YrDJH3F7jL1R2O2aQkn2MyCyKYz0GPGIvSAMgBCrCEiJyKbBaYGwLW4uPRr0A0M4Ux5kUI7IBh+hMdiCEWNqhMZGyYMsOgNE58UQuEQeUnSWCMYwL54hkxK6IoqucQZbQ3pc3XtL0lky1dL0zZJJDpWJovFqpWj6JEHnyam2eQp5QRVAVHjWparTOaVwUOx99YS2MvgxIGV0bb+qIg2HX2qkFFJB+XZcbLiuRkuxD9GRroKyveLxdh4d7Orx+hb7qc3uVRuEogCOnyIxm4ubUoPgF4jianDrC+SDQDKEfJb0GUKmjCGPYHGJvVC6X4hw1\/sAfQAdfYyephIaspXe36RwOP+Ljvfx9B6B3i+Nk0DGq+oCbLn6JpBa9nWAveAIHwFAwtVcIJXPMPL8kRu5OAYPMaL1WScTxjiZDqB9LTJSWphow\/pTYKRTLjCBhvi9iBidvKcDasGSm0QQkycYuLBqj6QCELPctqChDWpTRMWkngNNpQ1Pfp1KkiT\/Y0DGffXAweUNfLAfaJFKDwhb6I+bkYRbkERoEeu3Fyjg2opMz2daZCS9jt6Q7txNfB+OZEVF6Zl5web2xunnLQrtrjXseXKaFYziYINeMFZVxS9VxRhOoesYwxPKXm+gWLG9cuFeq93UNNeJNsf1KlwuDok9n02n3TgIJpOxNfL9naIoQwXtfH9kjceTIIi709ncTg6LZbg+biLH1V6u\/7rxBem06VXKn9raAAAAAElFTkSuQmCC\")      no-repeat center center \/ contain;  }  @media screen and (max-width: 960px) and (orientation: portrait) {    .logo {      width: 100%;    }    .logo .pc-banner {      display: none;    }    .logo .m-banner {      display: block;      width: 100%;    }    .logo .m-banner img {      height: auto!important;    }    .ytvideo {      height: 200px;      width: 100%;    }  }<\/style><style>  .video-section {    width: 100%;    margin: 0 auto;  }  .video-section > img {    width: 100%;  }  .video-section iframe,  .video-section video {    width: 100%;    height: 100%;      }  .video-section-img-m,  .video-section-img-pc > img {    width: 100%;    height: auto;  }  .video-section-img-pc.small > img {    width: 970px;  }  .video-desc {    line-height: 1.5;    font-size: 20px;    font-weight: 400;    margin: 20px 0;    text-align: center;    color: #0f1111;    word-break: break-word;  }  @media screen and (max-width: 960px) and (orientation: portrait) {    .video-section {      width: 100%;    }    .video-section-pc,    .video-section-img-pc {      display: none;    }    .video-section-m,    .video-section-img-m {      display: block;    }    .video-desc {      font-size: 15px;    }  }  @media screen and (min-width: 960px) {    .video-section {      width: 100%;      margin: 0 auto;    }    .video-section-pc,    .video-section-img-pc {      display: block;    }    .video-section-m,    .video-section-img-m {      display: none;    }    .video-desc {      font-size: 20px;    }  }<\/style><style>  .section + .section {    margin-top: 35px;  }  .section-title {    text-align: center;    font-weight: bold;    color: #0d1111;    font-family: \"Arial\";    font-size: 32px;    margin: 15px 0;  }  .section-title:empty {    display: none;  }  .section-desc {    text-align: center;    font-weight: normal;    color: #0d1111;    margin-top: 20px;  }  .section-desc:empty {    display: none;  }  .section-img {    width: 1200px;    height: 492px;    margin: 0 auto;    display: block;  }  .section-img.small {    width: 970px;    height: auto;  }  .section-img.small > img {    height: auto;  }  .section-img > img {    width: 100%;    height: 100%;  }  .section-mobile-img {    display: none;    max-width: 100vw;    max-height: 75vw;    height: 450px;    margin: 0 auto;  }  .section-mobile-img > img {    width: 100%;    height: 100%;  }  @media screen and (max-width: 960px) and (orientation: portrait) {    .container {      width: 100%;    }    .container.small {      width: 100%;    }    .section-mobile-img {      display: block;    }    .section-img {      display: none;    }    .section-title {      font-size: 22px;      margin: 10px 0;    }    .section-desc {      margin-top: 10px;    }    .section + .section {      margin-top: 20px;    }  }<\/style><\/head><body><div class=\"container\"><div class=\"logo\"><div class=\"pc-banner\"><div><img decoding=\"async\" src=\"\/vevor\/vevor\/boutique-banner\/pc\/en-pc@1x.jpg\" style=\"width: 100%;\" \/><\/div><\/div><div class=\"m-banner\"><div><img decoding=\"async\" src=\"\/vevor\/vevor\/boutique-banner\/mobile\/en-m@1x.jpg\" style=\"width: 100%;\" \/><\/div><\/div><\/div><div class=\"section-title\">1,5 Galloni isoleeritud joogijaotur<\/div><div class=\"video-section\"><div class=\"video-section-img-pc\"><img decoding=\"async\" src=\"\/vevor\/product\/YLHLQQYX8L00TYE16\/insulated-beverage-dispenser-a100-1.4.jpg\" alt=\"VEVOR roostevabast terasest joogidosaator kaasaegses k\u00f6\u00f6gis, kus on tassid kohvi, puuvilju ja k\u00fcpsetisi.\" \/><\/div><div class=\"video-section-img-m\"><img decoding=\"async\" src=\"\/vevor\/product\/YLHLQQYX8L00TYE16\/insulated-beverage-dispenser-a100-1.4-m.jpg\" alt=\"VEVOR roostevabast terasest joogidosaator kaasaegses k\u00f6\u00f6gis, kus on tassid kohvi, puuvilju ja k\u00fcpsetisi.\" \/><\/div><div class=\"section-desc\">Olgu selleks mahlad, kohv, piim v\u00f5i tee, meie 1,5-gallonine (6-liitrine) joogidosaator saab sellega hakkama k\u00f5ik-kuum v\u00f5i k\u00fclm. Sellel on roostevabast terasest sise- ja v\u00e4liskere ning 0,87 tolli (22 mm) PU vahukiht, mis hoiab teie joogid isoleerituna 4-6 tundi. Kuum v\u00f5i k\u00fclm, see on teid kaetud!<\/div><\/div><div class=\"section\"><div class=\"section-title\"><\/div><div class=\"section-img\"><img decoding=\"async\" src=\"\/vevor\/product\/YLHLQQYX8L00TYE16\/insulated-beverage-dispenser-a100-2.2.jpg\" alt=\"VEVOR roostevabast terasest joogidosaator k\u00fclmade ja kuumade jookide jaoks, sealhulgas \u00f5lu, mahl, kohv ja sooda.\" \/><\/div><div class=\"section-mobile-img\"><img decoding=\"async\" src=\"\/vevor\/product\/YLHLQQYX8L00TYE16\/insulated-beverage-dispenser-a100-2.2-m.jpg\" alt=\"VEVOR roostevabast terasest joogidosaator k\u00fclmade ja kuumade jookide jaoks, sealhulgas \u00f5lu, mahl, kohv ja sooda.\" \/><\/div><div class=\"section-desc\">Koosneb double-layer roostevabast terasest ja 0.87 aastal (22 mm) PU vahu kiht, meie kuum ja k\u00fclm jook kamber pakub erandlik isolatsioon, hoides oma joogid suurep\u00e4rane temperatuur \u00fcle 4-6 tundi, ilma elektri v\u00f5i v\u00e4lise toiteallikaga.<\/div><\/div><div class=\"section\"><div class=\"section-title\"><\/div><div class=\"section-img\"><img decoding=\"async\" src=\"\/vevor\/product\/YLHLQQYX8L00TYE16\/insulated-beverage-dispenser-a100-2.3.jpg\" alt=\"vevor roostevabast terasest joogidosaatori k\u00e4sitsi t\u00f5stetav kaas, mis esitleb 304 roostevabast terasest sisemust.\" \/><\/div><div class=\"section-mobile-img\"><img decoding=\"async\" src=\"\/vevor\/product\/YLHLQQYX8L00TYE16\/insulated-beverage-dispenser-a100-2.3-m.jpg\" alt=\"vevor roostevabast terasest joogidosaatori k\u00e4sitsi t\u00f5stetav kaas, mis esitleb 304 roostevabast terasest sisemust.\" \/><\/div><div class=\"section-desc\">Meie joogi kamber pakub 304 roostevabast terasest sise-ja \u00fclemine kaas, kapslis 201 roostevabast terasest v\u00e4lisilme. Iga osa, mis puutub teie joogid on meisterdatud toidu-klassi materjale, andes teile meelerahu, nautides oma jooke.<\/div><\/div><div class=\"section\"><div class=\"section-title\"><\/div><div class=\"section-img\"><img decoding=\"async\" src=\"\/vevor\/product\/YLHLQQYX8L00TYE16\/insulated-beverage-dispenser-a100-2.4.jpg\" alt=\"VEVOR roostevabast terasest joogi dispenser koos paksenenud k\u00e4epide, kaks-etapil prunt, ja kokkupandavaid jalgu.\" \/><\/div><div class=\"section-mobile-img\"><img decoding=\"async\" src=\"\/vevor\/product\/YLHLQQYX8L00TYE16\/insulated-beverage-dispenser-a100-2.4-m.jpg\" alt=\"VEVOR roostevabast terasest joogi dispenser koos paksenenud k\u00e4epide, kaks-etapil prunt, ja kokkupandavaid jalgu.\" \/><\/div><div class=\"section-desc\">Meie kaks-etapil prunt design pakub t\u00e4pset kontrolli selle \u00fcle, jook voolu vajutage-to-stay-avatud funktsiooni. Meie soojustatud juua kamber on varustatud sisemise vedrud ja pesumasin, et v\u00e4ltida lekkeid.<\/div><\/div><div class=\"section\"><div class=\"section-title\"><\/div><div class=\"section-img\"><img decoding=\"async\" src=\"\/vevor\/product\/YLHLQQYX8L00TYE16\/insulated-beverage-dispenser-a100-2.5.jpg\" alt=\"VEVOR roostevabast terasest joogidosaator: ideaalne restoranidele, pidudele, baaridele ja rvs. laialdaselt kohaldatav.\" \/><\/div><div class=\"section-mobile-img\"><img decoding=\"async\" src=\"\/vevor\/product\/YLHLQQYX8L00TYE16\/insulated-beverage-dispenser-a100-2.5-m.jpg\" alt=\"VEVOR roostevabast terasest joogidosaator: ideaalne restoranidele, pidudele, baaridele ja rvs. laialdaselt kohaldatav.\" \/><\/div><div class=\"section-desc\">Meie termojookide jaotur on valmistatud kergest roostevabast terasest, kaaludes vaid 3,97 naela (1,8 kg). 0,3 tolli (8 mm) paksendatud t\u00f5mber\u00f5nga k\u00e4epide on ergonoomiliselt loodud, et tagada teile lihtne kaasaskantavus.<\/div><\/div><div class=\"section\"><div class=\"section-img\"><img decoding=\"async\" src=\"\/vevor\/product\/YLHLQQYX8L00TYE16\/insulated-beverage-dispenser-a100-1.11.jpg\" alt=\"VEVOR roostevabast terasest joogidosaator kohvi - ja \u00f5llekruusidega, mahutavus 1,5 gal, 6l, k\u00f5rgus 14,6.\" \/><\/div><div class=\"section-mobile-img\"><img decoding=\"async\" src=\"\/vevor\/product\/YLHLQQYX8L00TYE16\/insulated-beverage-dispenser-a100-1.11-m.jpg\" alt=\"VEVOR roostevabast terasest joogidosaator kohvi - ja \u00f5llekruusidega, mahutavus 1,5 gal, 6l, k\u00f5rgus 14,6.\" \/><\/div><\/div><\/div><\/body><\/html><\/div>\n<div class=\"DM_at-title\" id=\"js-DM_at-title\"> <div>Toote spetsifikatsioon<\/div> <i class=\"icon-arrowup_line\"><\/i> <\/div><div class=\"DM_at-goodsDescAttr\" id=\"js-DM_at-goodsDescAttr\"> <div class=\"DM_at-goodsDescAttrInner\"> <dl class=\"goodsDesc_item goodsDesc_item_even\"> <dt>Punkt Mudeli Number<\/dt> <dd> WNS-1<\/dd> <\/dl> <dl class=\"goodsDesc_item\"> <dt>Sisemuse Materjal<\/dt> <dd> 304 Roostevabast Terasest<\/dd> <\/dl> <dl class=\"goodsDesc_item goodsDesc_item_even\"> <dt>Exterior Materjal<\/dt> <dd> 201 Roostevabast Terasest<\/dd> <\/dl> <dl class=\"goodsDesc_item\"> <dt>Soojustust<\/dt> <dd> 22 mm \/ 0.87 Paks PU Materjalist<\/dd> <\/dl> <dl class=\"goodsDesc_item goodsDesc_item_even\"> <dt>V\u00f5imsus<\/dt> <dd> 1,5 Gal \/6 L<\/dd> <\/dl> <dl class=\"goodsDesc_item\"> <dt>Neto Kaal<\/dt> <dd> 1,8 kg\/3,97 naela<\/dd> <\/dl> <dl class=\"goodsDesc_item goodsDesc_item_even\"> <dt>Toote M\u00f5\u00f5tmed(\u03c6 x H)<\/dt> <dd> \u03c6240 x H370 mm \/\u03c69,4 x H14,6 tolli<\/dd> <\/dl> <\/div> <\/div>","protected":false},"excerpt":{"rendered":"<ul>\n<li> 1.5 Gal suur mahutavus: tutvustame meie 1,5-gallonilist (6 L) suure mahutavusega isoleeritud joogidosaatorit, mis on loodud teie kuumade v\u00f5i k\u00fclmade jookide, n\u00e4iteks mahla, kohvi, piima ja tee hoidmiseks ideaalsel temperatuuril. Lisaks on sellel \u00f5mblusteta \u00fches t\u00fckis disain lekkekindlaks ja vastupidavaks j\u00f5udluseks, nautige lihtsalt meelerahu, teades, et teie joogid on kindlates k\u00e4tes! <\/li>\n<li> Mitte-Elektriline Isolatsioon: Meisterdatud dual-layer roostevabast terasest konstruktsioon ja 0.87 aastal (22 mm) PU vahu kiht, meie kuum ja k\u00fclm jook jaotur on oma go-to erandlik isolatsioon. Ta hoiab oma joogid kuuma v\u00f5i k\u00fclma kohta muljetavaldav 4-6 tundi ilma mis tahes elektri-v\u00f5i toiteallikaga. Lukk sisetemperatuuri meie p\u00f6\u00f6rleva suletud \u00fclemine kate! <\/li>\n<li> Toidu-Grade Kvaliteediga: Oma tervise ja rahulolu on meie prioriteediks. See on p\u00f5hjus, miks nii seest kui ka \u00fclemine kate meie soojustatud juua kamber on valmistatud k\u00f5rge-kvaliteet 304 roostevabast terasest, ja iga osa, mis puutub teie joogid on meisterdatud toidu-klassi materjale. Selle 201 roostevabast terasest v\u00e4lisilme funktsioonide s\u00f5rmej\u00e4lg vastupidav viimistlus, s\u00e4ilitades oma klanitud v\u00e4limus. <\/li>\n<li> Kerge transport: meie termojookide jaotur on valmistatud kergest roostevabast terasest ja kaalub vaid 3,97 naela (1,8 kg). 0,3 tolli (8 mm) tugevdatud ergonoomilise disainiga k\u00e4epide joondub ideaalselt teie s\u00f5rmedega, muutes selle imelihtsaks, et saaksite t\u00f5sta ja kanda k\u00f5ikjal, kus soovite. <\/li>\n<li> Mitmek\u00fclgne Kasutatavus: Meie kuum ja k\u00fclm jook server on sinu ideaalne kaaslane, sobib kohvikud, baarid, meelelahutusasutused, restoranid ja palju muud. Kas see on kohv, mahl, tee, v\u00f5i rohkem, siis t\u00f5sta oma joogi serveerimine. Kogemus t\u00e4iuslik kombinatsioon v\u00f5imsusest, isolatsioon ja mugavuse. T\u00f5sta oma joogi m\u00e4ngu t\u00e4na! <\/li>\n<\/ul>","protected":false},"featured_media":275643,"comment_status":"closed","ping_status":"open","template":"","meta":{"om_disable_all_campaigns":false,"_uf_show_specific_survey":0,"_uf_disable_surveys":false},"location":[1935,1934],"product_brand":[21],"product_cat":[3552,3356,2378,2651],"product_tag":[],"class_list":{"0":"post-21342","1":"product","2":"type-product","3":"status-publish","4":"has-post-thumbnail","6":"location-supplier_stock_location","7":"location-local_stock_location","8":"product_brand-vevor","9":"product_cat-beverage-jug-coolers","10":"product_cat-coolers","11":"product_cat-sports-outdoors","12":"product_cat-tailgating-gear","14":"first","15":"instock","16":"taxable","17":"shipping-taxable","18":"purchasable","19":"product-type-simple"},"aioseo_notices":[],"locations":[{"id":1935,"name":"Pieg\u0101d\u0101t\u0101ja noliktav\u0101 (5-7dd)","slug":"supplier_stock_location","quantity":"90"},{"id":1934,"name":"R\u012bgas veikal\u0101 (0-2d.d.)","slug":"local_stock_location","quantity":"0"}],"_links":{"self":[{"href":"https:\/\/vevorshop.lv\/et\/wp-json\/wp\/v2\/product\/21342","targetHints":{"allow":["GET"]}}],"collection":[{"href":"https:\/\/vevorshop.lv\/et\/wp-json\/wp\/v2\/product"}],"about":[{"href":"https:\/\/vevorshop.lv\/et\/wp-json\/wp\/v2\/types\/product"}],"replies":[{"embeddable":true,"href":"https:\/\/vevorshop.lv\/et\/wp-json\/wp\/v2\/comments?post=21342"}],"wp:featuredmedia":[{"embeddable":true,"href":"https:\/\/vevorshop.lv\/et\/wp-json\/wp\/v2\/media\/275643"}],"wp:attachment":[{"href":"https:\/\/vevorshop.lv\/et\/wp-json\/wp\/v2\/media?parent=21342"}],"wp:term":[{"taxonomy":"location","embeddable":true,"href":"https:\/\/vevorshop.lv\/et\/wp-json\/wp\/v2\/location?post=21342"},{"taxonomy":"product_brand","embeddable":true,"href":"https:\/\/vevorshop.lv\/et\/wp-json\/wp\/v2\/product_brand?post=21342"},{"taxonomy":"product_cat","embeddable":true,"href":"https:\/\/vevorshop.lv\/et\/wp-json\/wp\/v2\/product_cat?post=21342"},{"taxonomy":"product_tag","embeddable":true,"href":"https:\/\/vevorshop.lv\/et\/wp-json\/wp\/v2\/product_tag?post=21342"}],"curies":[{"name":"wp","href":"https:\/\/api.w.org\/{rel}","templated":true}]}}