{"id":215558,"date":"2025-12-04T15:07:59","date_gmt":"2025-12-04T13:07:59","guid":{"rendered":"https:\/\/vevorshop.lv\/en_us\/Prece\/vevor-rock-tumbler-kit-with-4-speeds-9-day-timer-2kg-capacity-rough-stones-grits-stone-polisher-for-adults-kids\/"},"modified":"2026-04-27T13:09:50","modified_gmt":"2026-04-27T10:09:50","slug":"vevor-rock-tumbler-kit-with-4-speeds-9-day-timer-2kg-capacity-rough-stones-grits-stone-polisher-for-adults-kids","status":"publish","type":"product","link":"https:\/\/vevorshop.lv\/et\/Prece\/vevor-kivipudrukomplekt-4-kiirusega-9-paeva-taimeriga-2-kg-mahutavusega-tootlemata-kivid-kivipoleerija-taiskasvanutele-lastele\/","title":{"rendered":"VEVOR kivipoleerimiskomplekt taimeri ja 4 kiirusega, 0.9 kg trummel, sisaldab toorkive ja poleerimisvahendeid, vaikne poleerija k\u00f5igile"},"content":{"rendered":"<div style=\"color: #fff!important; font-size: 16px; height: 24px; line-height: 24px; margin-top: -24px; \" class=\"product_original_name\">VEVOR kivi poleerimiskomplekt, kivi poleerimiskomplekt, 4 kiirusseadet 9-p\u00e4evane poleerimistaimeri kivi poleerimiskomplekt, j\u00e4medate v\u00e4\u00e4riskivide ja poleerimisliistudega kivipoleerija, t\u00e4iskasvanute laste kivipoleerija<\/div>\n<div style=\"color: #fff!important; font-size: 16px; height: 24px; line-height: 24px; margin-top: -24px; \" class=\"product_sku\">MHRPYFAH<\/div>\n<div style=\"color: #fff!important; font-size: 16px; height: 24px; line-height: 24px; margin-top: -24px; \" class=\"product_mpn\">YSDMJHS4DDSST0A1P001V2<\/div><div id=\"js-DM_at-goodDescRich\"><html><head><style>  body {    font-family: Arial;    line-height: 1.5;    color: #1c1c1c;    overflow-x: hidden;    margin: 0;    padding: 0;  }  .MsoNormal b {    font-weight: bolder;  }<\/style><style>  .container.small {    width: 970px;    margin: 0 auto;  }  .logo {    margin: 0 auto 0;  }  .logo img {    display: block;    margin: 0 auto;    max-width: 100%;  }  .logo .pc-banner {    display: block;    width: 1200px;    height: 247.4px;    margin: 0 auto;  }  .logo .pc-banner.small {    width: 970px;  }  .logo .pc-banner.small img {    height: auto!important;  }  .logo .m-banner {    display: none;  }  .ytvideo {    position: relative;    height: 546px;    width: 100%;    margin: 0 auto;  }  .ytvideo img {    width: 100%;    margin: 0 auto;  }  .ytvideo .play-btn {    width: 60px;    height: 42px;    position: absolute;    top: 50%;    left: 50%;    transform: translate(-50%, -50%);    background: url(\"data:image\/png;base64,iVBORw0KGgoAAAANSUhEUgAAAGQAAABGCAMAAAANWMFbAAAC+lBMVEUAAADBGB3kLCfBGB3kLCfcJC7BFx3KKSbiKybkLCbWJCPSIiLSIiLPICHAFx3kLCfgKSXNHiDZJiTIGx\/p4eHcjo7LHSDbJyTkLCbjKyfOHyHPIiL28fHJHB\/GGh7EGR7eKCXDGB3RISHlLSbBGB3AFxzGHB7DGB7BGB3hKybkKybAFx3lLCfAFxzDGR3hKibDGB7cJyTmz8\/elJTlwcHjurrUIyLlLSflLSfAFx3DGR7lLSfCFx3hKibhKibhKybjKybkLCblLSfbJSX49vbx7e3NNzjNMTLMJyjVIyLZf3\/ZQ0LaeHjx0tLgoqLkLCfCGB3HGx\/BGB3BFx3PICHCGB7WJCLOHyC\/Fxy\/Fx3lLCfQISHkLSe\/FxzbJiTBFx3FGx\/AGB7BFx3EGR7AGB3HHSDfKiXAFh3TISHYNzbhKibbJyTTIiL57e325+f039\/v2NjUV1fOHiHiqanfmprch4feKSXVIyPOICHmLibFGh\/mLSe\/Fx7XJCPeKSXXJSPNHyHaJyTGGh7lLCbmLCflLSjSIiLkLCbdKSXLHiC\/GB3KHh++Fh3lKyfoLiXcKCPkx8fYb2\/XaGfVXl3aU1LLHiDksbHgKibPICHbJyTfKSXbJyTCGB3KHSDiKybFGh7TIiL\/\/\/\/VIyPRISHIHB\/GGx\/HHB\/DGR7gKibdKCXLHiDZJiTMHiDNHyHYJSTOICHPICHWJCPcKCXXJSPjLCblLCf+\/f3NGR\/uLijzLynPGR\/IGB7WISHaIyLLGh7UAADxLynNAADRLzDbICLQAADIAAD3MCrUHSHXMTDpKSbLAADp5OTij4\/ejo\/VLy\/1LyngJSTcJCPQHx\/OHB7+\/PzaMS\/OLS\/vLijrLSjSAADaNTPwLyjkKSbNJCbYISHPHB\/KGB7WAAD7+vrn3d3aKynTKCjoLCfsKifRGh\/YAADq5+fhjo7QNDXXKCfmJyXt5+fTLzDLLi\/QKivYHRvMGBrQJCXLISPMExXLDxLaEAvkkI\/bOTfaFQ\/SCgpvLcnHAAAAmnRSTlMA+vv7+gT9Bvf9+8z8\/NSv\/Pr5+P7++vnQIBMP\/v38\/Pn348XDiCYf9OjbzcqxXVcx\/fz8+\/rj1r2poo1+fXFqX0orGP7+\/v7+\/fz8+\/r68uzn4trIxsG\/vri3p6GcmZSNbWVYUUZEPQv+\/f39+\/v7+\/v7+vr64tvV1NTTz87FtbSurqeblJKFg4B3bUY+NjL7+\/v7+\/v67t1cDo8JLQAABkRJREFUWMO0kz9rwkAYh0OIeJkum6YugUAhISCdKoj\/P4C7SMdS+gEKIhSKil10LSg4mzXkILdlEpxCpwTiWOLX6BujvQaEQuGeHLnL+\/64J+SIcKGYTYWnntpdLjrVdqvZmNdn0+EE40GtpuuWVS6Xx6N7YDSGpWXpeq02wHgynM7q80az1a52HpddtVcpsi1zFARBrdaxbhp9iUReTGmwA4KAAr7vx3EYejnCMI6hQYEgy0LQi4jUN0wL19vqFcUC9\/1dAKmEEFkWRYkh5oBejnxQJiSJPJ\/uKBp0Thszx9Mw8hMRIQjKsptCfuES9zr5WJY6vSFCIvE9fCMUmEM1A1kSXcYGxgVYsvI1IPKTZciSTI0us\/SMGG04gDzELDoFBwdcFJrF88dqgYMTiL6DILWYyfOWE8\/kIz38olCNlC03FK95+imxp6y4oUSvAnBjHHhKNtotSDqJzVFiK8c2SBqhZtsrTtgrLXwAyduxZHNE26eHUt5rtuM4WSmds3G+sUdWYo1L+XyxButoh5eKUHk5lByO3G1LqqCWVnfrv\/lyPtf\/4ps1cndNGIri8J1TJ0lx6dR\/oPjq1nbRwdp2dCk4CtIOLW3pVKRL6WZfS5vF2KkIQhpwSsjiYIgNCs1gEMGqiIq24NQX9NwoXFy8Ufrl3twTcg4fv8T9\/JBEySduj6Mjm4bMzYV7EEOxKjjoNDud7yY3Dy71Hq2oLmqfbNR723edH9PgMrNL2utoQ3VmaIDkiw\/4w51P06hlZsTZvkRrbVuSIs\/zwSOsycgzStQouoAkWQqioRT5XI7n2Z1wfVhoZmcAJLsoqjqpjbWCgpOAJXBwHK8PzWbNvoUZJND5wCnSkLAkZ1legx6vqQzjoiTahKlGUGLAiIIoABOHaNVw4sexZBym6\/HWlH5h3IC7yRbxtipcWxdTOkORKiNQAEkFf66x5S2oeRbroOlLgg0sSYkR0hRGEqJZ0jTPiQKatESdBckpWigxaapEH0lImHdWu9pUFF2XqMNM2Z4kped7IwEJw2qabwtrQqnpw6HyKkgcadKWsmpywwesDyIhYRpdzXddqegtGIJlXbAIUMOLkGxJUjRIkokwjUaX9d\/kK62ps\/tYUqZLIMkLTyBhsMZ3C5Z\/kDxOSCb\/DOs\/\/J0qcWSX\/2ipe56EgTCA4\/cB7NAYOsni4mZM1MUPAISoEwkDi4lhVBQ1cWQyIcwalw4EpqZN68JUSK7XC0kTlkLYii5uXSC8jT5ncCAS7mjCv0uHp\/3lueHEEAeQ\/\/VgmdN71\/2uCSA1Xr6DO6uI6sW56zqT2tp2PhgiRUAajV8CY2fkcz6WGNKMgLAt7tJAhD4YHMTeRxlALE6+43WqjSWi8ITxyJl8WrwWSNESQZZOqhDDntO3hJLsd5RtSpbJqdv3YrDJH3F7jL1R2O2aQkn2MyCyKYz0GPGIvSAMgBCrCEiJyKbBaYGwLW4uPRr0A0M4Ux5kUI7IBh+hMdiCEWNqhMZGyYMsOgNE58UQuEQeUnSWCMYwL54hkxK6IoqucQZbQ3pc3XtL0lky1dL0zZJJDpWJovFqpWj6JEHnyam2eQp5QRVAVHjWparTOaVwUOx99YS2MvgxIGV0bb+qIg2HX2qkFFJB+XZcbLiuRkuxD9GRroKyveLxdh4d7Orx+hb7qc3uVRuEogCOnyIxm4ubUoPgF4jianDrC+SDQDKEfJb0GUKmjCGPYHGJvVC6X4hw1\/sAfQAdfYyephIaspXe36RwOP+Ljvfx9B6B3i+Nk0DGq+oCbLn6JpBa9nWAveAIHwFAwtVcIJXPMPL8kRu5OAYPMaL1WScTxjiZDqB9LTJSWphow\/pTYKRTLjCBhvi9iBidvKcDasGSm0QQkycYuLBqj6QCELPctqChDWpTRMWkngNNpQ1Pfp1KkiT\/Y0DGffXAweUNfLAfaJFKDwhb6I+bkYRbkERoEeu3Fyjg2opMz2daZCS9jt6Q7txNfB+OZEVF6Zl5web2xunnLQrtrjXseXKaFYziYINeMFZVxS9VxRhOoesYwxPKXm+gWLG9cuFeq93UNNeJNsf1KlwuDok9n02n3TgIJpOxNfL9naIoQwXtfH9kjceTIIi709ncTg6LZbg+biLH1V6u\/7rxBem06VXKn9raAAAAAElFTkSuQmCC\")      no-repeat center center \/ contain;  }  @media screen and (max-width: 960px) and (orientation: portrait) {    .logo {      width: 100%;    }    .logo .pc-banner {      display: none;    }    .logo .m-banner {      display: block;      width: 100%;    }    .logo .m-banner img {      height: auto!important;    }    .ytvideo {      height: 200px;      width: 100%;    }  }<\/style><style>  .video-section {    width: 100%;    margin: 0 auto;  }  .video-section > img {    width: 100%;  }  .video-section iframe,  .video-section video {    width: 100%;    height: 100%;      }  .video-section-img-m,  .video-section-img-pc > img {    width: 100%;    height: auto;  }  .video-section-img-pc.small > img {    width: 970px;  }  .video-desc {    line-height: 1.5;    font-size: 20px;    font-weight: 400;    margin: 20px 0;    text-align: center;    color: #0f1111;    word-break: break-word;  }  @media screen and (max-width: 960px) and (orientation: portrait) {    .video-section {      width: 100%;    }    .video-section-pc,    .video-section-img-pc {      display: none;    }    .video-section-m,    .video-section-img-m {      display: block;    }    .video-desc {      font-size: 15px;    }  }  @media screen and (min-width: 960px) {    .video-section {      width: 100%;      margin: 0 auto;    }    .video-section-pc,    .video-section-img-pc {      display: block;    }    .video-section-m,    .video-section-img-m {      display: none;    }    .video-desc {      font-size: 20px;    }  }<\/style><style>  .section + .section {    margin-top: 35px;  }  .section-title {    text-align: center;    font-weight: bold;    color: #0d1111;    font-family: \"Arial\";    font-size: 32px;    margin: 15px 0;  }  .section-title:empty {    display: none;  }  .section-desc {    text-align: center;    font-weight: normal;    color: #0d1111;    margin-top: 20px;  }  .section-desc:empty {    display: none;  }  .section-img {    width: 1200px;    height: 492px;    margin: 0 auto;    display: block;  }  .section-img.small {    width: 970px;    height: auto;  }  .section-img.small > img {    height: auto;  }  .section-img > img {    width: 100%;    height: 100%;  }  .section-mobile-img {    display: none;    max-width: 100vw;    max-height: 75vw;    height: 450px;    margin: 0 auto;  }  .section-mobile-img > img {    width: 100%;    height: 100%;  }  @media screen and (max-width: 960px) and (orientation: portrait) {    .container {      width: 100%;    }    .container.small {      width: 100%;    }    .section-mobile-img {      display: block;    }    .section-img {      display: none;    }    .section-title {      font-size: 22px;      margin: 10px 0;    }    .section-desc {      margin-top: 10px;    }    .section + .section {      margin-top: 20px;    }  }<\/style><\/head><body><div class=\"container\"><div class=\"logo\"><div class=\"pc-banner\"><div><img decoding=\"async\" src=\"\/vevor\/vevor\/boutique-banner\/pc\/en-pc@1x.jpg\" style=\"width: 100%;\" \/><\/div><\/div><div class=\"m-banner\"><div><img decoding=\"async\" src=\"\/vevor\/vevor\/boutique-banner\/mobile\/en-m@1x.jpg\" style=\"width: 100%;\" \/><\/div><\/div><\/div><div class=\"section-title\">Rock Tumbleri komplekt<\/div><div class=\"video-section\"><div class=\"video-section-img-pc\"><img decoding=\"async\" src=\"\/vevor\/product\/YSDMJHS4DDSST0A1P001\/rock-tumbler-a100-1.4.jpg\" \/><\/div><div class=\"video-section-img-m\"><img decoding=\"async\" src=\"\/vevor\/product\/YSDMJHS4DDSST0A1P001\/rock-tumbler-a100-1.4-m.jpg\" \/><\/div><div class=\"section-desc\">Sellel kivitrumli komplektil on otseajamiga mootor sujuvaks ja vaikseks t\u00f6\u00f6ks ning vastupidavad materjalid pikaajaliseks kasutamiseks. See pakub 1 sp4 kiiruse seadistusi, mis vastavad erinevatele lihvimisvajadustele. Suure v\u00f5imsusega t\u00fcnn mahutab t\u00f5hususe suurendamiseks rohkem kive, mis sobib ideaalselt harrastajatele ja professionaalsetele kasutajatele!<\/div><\/div><div class=\"section\"><div class=\"section-title\"><\/div><div class=\"section-img\"><img decoding=\"async\" src=\"\/vevor\/product\/YSDMJHS4DDSST0A1P001\/rock-tumbler-a100-2.2.jpg\" \/><\/div><div class=\"section-mobile-img\"><img decoding=\"async\" src=\"\/vevor\/product\/YSDMJHS4DDSST0A1P001\/rock-tumbler-a100-2.2-m.jpg\" \/><\/div><div class=\"section-desc\">See kivi poleerimiskomplekt t\u00f6\u00f6tab nii madalal kui 35 dB, sarnaselt vaiksele raamatukogule, muutes poleerimise vaiksemaks ja mugavamaks. See tagab pika kasutuse ilma m\u00fcra h\u00e4irimiseta ja pakub rahulikku kogemust nii koduseks isetegemiseks kui ka professionaalseks kasutamiseks.<\/div><\/div><div class=\"section\"><div class=\"section-title\"><\/div><div class=\"section-img\"><img decoding=\"async\" src=\"\/vevor\/product\/YSDMJHS4DDSST0A1P001\/rock-tumbler-a100-2.3.jpg\" \/><\/div><div class=\"section-mobile-img\"><img decoding=\"async\" src=\"\/vevor\/product\/YSDMJHS4DDSST0A1P001\/rock-tumbler-a100-2.3-m.jpg\" \/><\/div><div class=\"section-desc\">Meie kivist trummel on intuitiivne juhtpaneel lihtsaks kasutamiseks. Saate m\u00e4\u00e4rata t\u00f6\u00f6aja ja reguleerida kiiruse tasemeid oma soovi j\u00e4rgi, et poleerimisprotsessi t\u00e4pselt juhtida, tagades iga kord optimaalsed tulemused.<\/div><\/div><div class=\"section\"><div class=\"section-title\"><\/div><div class=\"section-img\"><img decoding=\"async\" src=\"\/vevor\/product\/YSDMJHS4DDSST0A1P001\/rock-tumbler-a100-2.4.jpg\" \/><\/div><div class=\"section-mobile-img\"><img decoding=\"async\" src=\"\/vevor\/product\/YSDMJHS4DDSST0A1P001\/rock-tumbler-a100-2.4-m.jpg\" \/><\/div><div class=\"section-desc\">Sellel kivipoleerijal on enesekindlaks kasutamiseks mitu ohutusfunktsiooni. Suure v\u00f5imsusega t\u00fcnn hoiab suurema efektiivsuse saavutamiseks rohkem kive, suletud disain hoiab \u00e4ra lekke, \u00fclekoormuskaitse hoiab \u00e4ra kahjustuste, v\u00e4ljal\u00fclitusm\u00e4lu taastub p\u00e4rast katkestusi ja madalpinge disain eemaldab l\u00f6\u00f6giriski.<\/div><\/div><div class=\"section\"><div class=\"section-title\"><\/div><div class=\"section-img\"><img decoding=\"async\" src=\"\/vevor\/product\/YSDMJHS4DDSST0A1P001\/rock-tumbler-a100-2.5.jpg\" \/><\/div><div class=\"section-mobile-img\"><img decoding=\"async\" src=\"\/vevor\/product\/YSDMJHS4DDSST0A1P001\/rock-tumbler-a100-2.5-m.jpg\" \/><\/div><div class=\"section-desc\">See kivi poleerimiskomplekt kasutab mitmeastmelist protsessi, et muuta t\u00f6\u00f6tlemata kivid siledateks, \u00f5rnadeks t\u00fckkideks. Toiming on lihtne ja t\u00f5hus, rafineeritud tulemuste saavutamiseks pole vaja keerulisi samme.<\/div><\/div><div class=\"section\"><div class=\"section-img\"><img decoding=\"async\" src=\"\/vevor\/product\/YSDMJHS4DDSST0A1P001\/rock-tumbler-a100-1.11.jpg\" \/><\/div><div class=\"section-mobile-img\"><img decoding=\"async\" src=\"\/vevor\/product\/YSDMJHS4DDSST0A1P001\/rock-tumbler-a100-1.11-m.jpg\" \/><\/div><\/div><\/div><\/body><\/html><\/div>\n<div class=\"DM_at-title\" id=\"js-DM_at-title\"> <div>Toote spetsifikatsioon<\/div> <i class=\"icon-arrowup_line\"><\/i> <\/div><div class=\"DM_at-goodsDescAttr\" id=\"js-DM_at-goodsDescAttr\"> <div class=\"DM_at-goodsDescAttrInner\"> <dl class=\"goodsDesc_item goodsDesc_item_even\"> <dt>Punkt Mudeli Number<\/dt> <dd> KD-C1012<\/dd> <\/dl> <dl class=\"goodsDesc_item\"> <dt>Neto Kaal<\/dt> <dd> 4,56 naela \/2,07 kg<\/dd> <\/dl> <dl class=\"goodsDesc_item goodsDesc_item_even\"> <dt>Toote M\u00f5\u00f5tmed<\/dt> <dd> 6,22 x 7,68 x 6,02 tolli \/158 x 195 x 153 mm<\/dd> <\/dl> <dl class=\"goodsDesc_item\"> <dt>Toote m\u00f5\u00f5tmed (ilma t\u00fcnnita)<\/dt> <dd> 6,22 x 7,68 x 2,52 tolli \/158 x 195 x 64 mm<\/dd> <\/dl> <\/div> <\/div>","protected":false},"excerpt":{"rendered":"<ul>\n<li> V\u00f6\u00f6vaba otseajamiga mootor: see kivipummelseade kasutab madala pingega otseajamiga mootorit sujuvamaks ja t\u00f5husamaks poleerimiseks ilma rihma\u00fclekandeta, v\u00e4listades rihma kulumise ja asendamise, v\u00e4hendades samal ajal hoolduskulusid. See t\u00f6\u00f6tab \u226435 dB juures, v\u00f5imaldades teil nautida vaikset ja mugavat loomingulist kogemust <\/li>\n<li> Isegi poleerimistulemused: selle kivi poleerimiskomplektiga on kaasas 8 t\u00fc\u00fcpi t\u00f6\u00f6tlemata kive, millest iga\u00fchel on ainulaadsed tekstuurid ja v\u00e4rvid. Olenemata sellest, kas olete algaja v\u00f5i kogenud entusiast, aitab see teil muuta t\u00f6\u00f6tlemata kivid kauniteks kalliskivideks, tuues esile nende loomuliku s\u00e4ra ja ilu <\/li>\n<li> Paindlik reguleerimine: meie kivist trummel on 1-9-p\u00e4evane taimer ja 4 kiirustaset vahemikus 75 p\/min kuni 120 p\/min, mis vastavad erinevate materjalide ja etappide poleerimisvajadustele. \u00dclekoormuskaitse ja v\u00e4ljal\u00fclitusm\u00e4luga j\u00e4tkab see p\u00e4rast katkestusi automaatselt j\u00e4relej\u00e4\u00e4nud ts\u00fcklit. P\u00fcsikiiruse disain tagab \u00fchtlasemad ja \u00fchtlasemad tulemused <\/li>\n<li> Suur kandev\u00f5ime: sellel kivipoleerijal on 2 naela suurune raske koormusega t\u00fcnn, mis mahutab korraga rohkem kive, parandades oluliselt poleerimise efektiivsust. Suur v\u00f5imsus s\u00e4\u00e4stab aega, tagab \u00fchtlase poleerimise ja v\u00e4hendab sagedasi t\u00e4itmist, et seda oleks lihtsam kasutada <\/li>\n<li> T\u00e4ielik komplekt: kivipudrukomplekt sisaldab k\u00e4sitsi, erinevaid t\u00f6\u00f6tlemata kive, \u00fcmmargusi abrasiive, mikrokristallilist r\u00e4nikarbiidi, poleerimispulbrit, filters\u00f5ela, \u00f5\u00f5nsaid loksutuskuule, \u00fcksikuid r\u00f5ngaid, rippn\u00f6\u00f6re, lamedaid r\u00f5ngaaluseid ja adapterit. K\u00f5igi kaasasolevate tarvikutega sobib see suurep\u00e4raselt koduseks meisterdamiseks v\u00f5i vanema ja lapse tegevusteks, v\u00f5imaldades teil t\u00e4ielikult nautida muutumist t\u00f6\u00f6tlemata kividest s\u00e4delevateks kalliskivideks <\/li>\n<\/ul>","protected":false},"featured_media":431768,"comment_status":"open","ping_status":"open","template":"","meta":{"om_disable_all_campaigns":false,"_uf_show_specific_survey":0,"_uf_disable_surveys":false},"location":[1935,1934],"product_brand":[],"product_cat":[68,74,1667],"product_tag":[],"class_list":{"0":"post-215558","1":"product","2":"type-product","3":"status-publish","4":"has-post-thumbnail","6":"location-supplier_stock_location","7":"location-local_stock_location","8":"product_cat-arts-crafts-sewing","9":"product_cat-jewelry-making-repair","10":"product_cat-rock-tumbler","12":"first","13":"instock","14":"taxable","15":"shipping-taxable","16":"purchasable","17":"product-type-simple"},"aioseo_notices":[],"locations":[{"id":1935,"name":"Pieg\u0101d\u0101t\u0101ja noliktav\u0101 (5-7dd)","slug":"supplier_stock_location","quantity":"487"},{"id":1934,"name":"R\u012bgas veikal\u0101 (0-2d.d.)","slug":"local_stock_location","quantity":"0"}],"_links":{"self":[{"href":"https:\/\/vevorshop.lv\/et\/wp-json\/wp\/v2\/product\/215558","targetHints":{"allow":["GET"]}}],"collection":[{"href":"https:\/\/vevorshop.lv\/et\/wp-json\/wp\/v2\/product"}],"about":[{"href":"https:\/\/vevorshop.lv\/et\/wp-json\/wp\/v2\/types\/product"}],"replies":[{"embeddable":true,"href":"https:\/\/vevorshop.lv\/et\/wp-json\/wp\/v2\/comments?post=215558"}],"wp:featuredmedia":[{"embeddable":true,"href":"https:\/\/vevorshop.lv\/et\/wp-json\/wp\/v2\/media\/431768"}],"wp:attachment":[{"href":"https:\/\/vevorshop.lv\/et\/wp-json\/wp\/v2\/media?parent=215558"}],"wp:term":[{"taxonomy":"location","embeddable":true,"href":"https:\/\/vevorshop.lv\/et\/wp-json\/wp\/v2\/location?post=215558"},{"taxonomy":"product_brand","embeddable":true,"href":"https:\/\/vevorshop.lv\/et\/wp-json\/wp\/v2\/product_brand?post=215558"},{"taxonomy":"product_cat","embeddable":true,"href":"https:\/\/vevorshop.lv\/et\/wp-json\/wp\/v2\/product_cat?post=215558"},{"taxonomy":"product_tag","embeddable":true,"href":"https:\/\/vevorshop.lv\/et\/wp-json\/wp\/v2\/product_tag?post=215558"}],"curies":[{"name":"wp","href":"https:\/\/api.w.org\/{rel}","templated":true}]}}